{"id":729,"date":"2022-01-12T13:22:20","date_gmt":"2022-01-12T13:22:20","guid":{"rendered":"https:\/\/37.148.206.186\/?page_id=729"},"modified":"2025-09-11T13:54:37","modified_gmt":"2025-09-11T11:54:37","slug":"effektivitet","status":"publish","type":"page","link":"https:\/\/powertowers.com\/sv\/efficiency\/","title":{"rendered":"Effektivitet"},"content":{"rendered":"<div data-elementor-type=\"wp-page\" data-elementor-id=\"729\" class=\"elementor elementor-729\" data-elementor-post-type=\"page\">\n\t\t\t\t\t\t<main class=\"elementor-section elementor-top-section elementor-element elementor-element-0c850ef elementor-section-boxed elementor-section-height-default elementor-section-height-default elementor-invisible\" data-id=\"0c850ef\" data-element_type=\"section\" data-e-type=\"section\" data-settings=\"{&quot;animation&quot;:&quot;slideInLeft&quot;}\">\n\t\t\t\t\t\t<div class=\"elementor-container elementor-column-gap-default\">\n\t\t\t\t\t<div class=\"elementor-column elementor-col-100 elementor-top-column elementor-element elementor-element-15e69f3\" data-id=\"15e69f3\" data-element_type=\"column\" data-e-type=\"column\">\n\t\t\t<div class=\"elementor-widget-wrap elementor-element-populated\">\n\t\t\t\t\t\t<div class=\"elementor-element elementor-element-d38ffb9 elementor-widget elementor-widget-heading\" data-id=\"d38ffb9\" data-element_type=\"widget\" data-e-type=\"widget\" data-widget_type=\"heading.default\">\n\t\t\t\t<div class=\"elementor-widget-container\">\n\t\t\t\t\t<h1 class=\"elementor-heading-title elementor-size-default\">F\u00f6rdelar - effektivitet<\/h1>\t\t\t\t<\/div>\n\t\t\t\t<\/div>\n\t\t\t\t\t<\/div>\n\t\t<\/div>\n\t\t\t\t\t<\/div>\n\t\t<\/main>\n\t\t\t\t<main class=\"elementor-section elementor-top-section elementor-element elementor-element-e3d2242 elementor-section-boxed elementor-section-height-default elementor-section-height-default elementor-invisible\" data-id=\"e3d2242\" data-element_type=\"section\" data-e-type=\"section\" data-settings=\"{&quot;background_background&quot;:&quot;classic&quot;,&quot;animation&quot;:&quot;slideInRight&quot;}\">\n\t\t\t\t\t\t\t<div class=\"elementor-background-overlay\"><\/div>\n\t\t\t\t\t\t\t<div class=\"elementor-container elementor-column-gap-default\">\n\t\t\t\t\t<div class=\"elementor-column elementor-col-50 elementor-top-column elementor-element elementor-element-fe70315\" data-id=\"fe70315\" data-element_type=\"column\" data-e-type=\"column\" data-settings=\"{&quot;background_background&quot;:&quot;gradient&quot;}\">\n\t\t\t<div class=\"elementor-widget-wrap elementor-element-populated\">\n\t\t\t\t\t\t<div class=\"elementor-element elementor-element-5b51588 elementor-widget elementor-widget-image\" data-id=\"5b51588\" data-element_type=\"widget\" data-e-type=\"widget\" data-widget_type=\"image.default\">\n\t\t\t\t<div class=\"elementor-widget-container\">\n\t\t\t\t\t\t\t\t\t\t\t\t\t\t\t<img fetchpriority=\"high\" decoding=\"async\" width=\"1200\" height=\"1078\" src=\"https:\/\/powertowers.com\/wp-content\/uploads\/2022\/01\/NANOSP_PLUS_ECOLIFT_APPLICATION_02.jpg\" class=\"attachment-full size-full wp-image-976\" alt=\"Utrustning f\u00f6r Nano SP Plus och Ecolift\" srcset=\"https:\/\/powertowers.com\/wp-content\/uploads\/2022\/01\/NANOSP_PLUS_ECOLIFT_APPLICATION_02.jpg 1200w, https:\/\/powertowers.com\/wp-content\/uploads\/2022\/01\/NANOSP_PLUS_ECOLIFT_APPLICATION_02-300x270.jpg 300w, https:\/\/powertowers.com\/wp-content\/uploads\/2022\/01\/NANOSP_PLUS_ECOLIFT_APPLICATION_02-1024x920.jpg 1024w, https:\/\/powertowers.com\/wp-content\/uploads\/2022\/01\/NANOSP_PLUS_ECOLIFT_APPLICATION_02-768x690.jpg 768w, https:\/\/powertowers.com\/wp-content\/uploads\/2022\/01\/NANOSP_PLUS_ECOLIFT_APPLICATION_02-13x12.jpg 13w\" sizes=\"(max-width: 34.9rem) calc(100vw - 2rem), (max-width: 53rem) calc(8 * (100vw \/ 12)), (min-width: 53rem) calc(6 * (100vw \/ 12)), 100vw\" \/>\t\t\t\t\t\t\t\t\t\t\t\t\t\t\t<\/div>\n\t\t\t\t<\/div>\n\t\t\t\t<div class=\"elementor-element elementor-element-514477e elementor-widget elementor-widget-image\" data-id=\"514477e\" data-element_type=\"widget\" data-e-type=\"widget\" data-widget_type=\"image.default\">\n\t\t\t\t<div class=\"elementor-widget-container\">\n\t\t\t\t\t\t\t\t\t\t\t\t\t\t\t<img decoding=\"async\" width=\"495\" height=\"1080\" src=\"https:\/\/powertowers.com\/wp-content\/uploads\/2022\/01\/POWERTOWER_APPLICATION_04-1.jpg\" class=\"attachment-full size-full wp-image-979\" alt=\"Inredningsarbete f\u00f6r Power Towers\" srcset=\"https:\/\/powertowers.com\/wp-content\/uploads\/2022\/01\/POWERTOWER_APPLICATION_04-1.jpg 495w, https:\/\/powertowers.com\/wp-content\/uploads\/2022\/01\/POWERTOWER_APPLICATION_04-1-138x300.jpg 138w, https:\/\/powertowers.com\/wp-content\/uploads\/2022\/01\/POWERTOWER_APPLICATION_04-1-470x1024.jpg 470w, https:\/\/powertowers.com\/wp-content\/uploads\/2022\/01\/POWERTOWER_APPLICATION_04-1-6x12.jpg 6w\" sizes=\"(max-width: 34.9rem) calc(100vw - 2rem), (max-width: 53rem) calc(8 * (100vw \/ 12)), (min-width: 53rem) calc(6 * (100vw \/ 12)), 100vw\" \/>\t\t\t\t\t\t\t\t\t\t\t\t\t\t\t<\/div>\n\t\t\t\t<\/div>\n\t\t\t\t\t<\/div>\n\t\t<\/div>\n\t\t\t\t<div class=\"elementor-column elementor-col-50 elementor-top-column elementor-element elementor-element-e79035d\" data-id=\"e79035d\" data-element_type=\"column\" data-e-type=\"column\" data-settings=\"{&quot;background_background&quot;:&quot;classic&quot;}\">\n\t\t\t<div class=\"elementor-widget-wrap elementor-element-populated\">\n\t\t\t\t\t\t<div class=\"elementor-element elementor-element-d638d4c elementor-nav-menu__align-end elementor-nav-menu--stretch elementor-nav-menu__text-align-center elementor-widget__width-initial elementor-widget-tablet__width-initial elementor-nav-menu--dropdown-tablet elementor-nav-menu--toggle elementor-nav-menu--burger elementor-widget elementor-widget-nav-menu\" data-id=\"d638d4c\" data-element_type=\"widget\" data-e-type=\"widget\" data-settings=\"{&quot;full_width&quot;:&quot;stretch&quot;,&quot;layout&quot;:&quot;horizontal&quot;,&quot;submenu_icon&quot;:{&quot;value&quot;:&quot;&lt;svg aria-hidden=\\&quot;true\\&quot; class=\\&quot;e-font-icon-svg e-fas-caret-down\\&quot; viewBox=\\&quot;0 0 320 512\\&quot; xmlns=\\&quot;http:\\\/\\\/www.w3.org\\\/2000\\\/svg\\&quot;&gt;&lt;path d=\\&quot;M31.3 192h257.3c17.8 0 26.7 21.5 14.1 34.1L174.1 354.8c-7.8 7.8-20.5 7.8-28.3 0L17.2 226.1C4.6 213.5 13.5 192 31.3 192z\\&quot;&gt;&lt;\\\/path&gt;&lt;\\\/svg&gt;&quot;,&quot;library&quot;:&quot;fa-solid&quot;},&quot;toggle&quot;:&quot;burger&quot;}\" data-widget_type=\"nav-menu.default\">\n\t\t\t\t<div class=\"elementor-widget-container\">\n\t\t\t\t\t\t\t\t<nav aria-label=\"Meny\" class=\"elementor-nav-menu--main elementor-nav-menu__container elementor-nav-menu--layout-horizontal e--pointer-none\">\n\t\t\t\t<ul id=\"menu-1-d638d4c\" class=\"elementor-nav-menu\"><li class=\"menu-item menu-item-type-custom menu-item-object-custom menu-item-692\"><a href=\"https:\/\/37.148.206.186\/benefits\/\" class=\"elementor-item\">S\u00e4kerhet<\/a><\/li>\n<li class=\"menu-item menu-item-type-custom menu-item-object-custom menu-item-693\"><a href=\"https:\/\/37.148.206.186\/ergonomics\/\" class=\"elementor-item\">Ergonomi<\/a><\/li>\n<li class=\"menu-item menu-item-type-custom menu-item-object-custom menu-item-694\"><a href=\"https:\/\/37.148.206.186\/efficiency\/\" class=\"elementor-item\">Effektivitet<\/a><\/li>\n<li class=\"menu-item menu-item-type-custom menu-item-object-custom menu-item-695\"><a href=\"https:\/\/37.148.206.186\/clean-and-sustainable\/\" class=\"elementor-item\">Ren och h\u00e5llbar<\/a><\/li>\n<\/ul>\t\t\t<\/nav>\n\t\t\t\t\t<div class=\"elementor-menu-toggle\" role=\"button\" tabindex=\"0\" aria-label=\"Sl\u00e5 p\u00e5\/av meny\" aria-expanded=\"false\">\n\t\t\t<svg aria-hidden=\"true\" role=\"presentation\" class=\"elementor-menu-toggle__icon--open e-font-icon-svg e-eicon-menu-bar\" viewbox=\"0 0 1000 1000\" xmlns=\"http:\/\/www.w3.org\/2000\/svg\"><path d=\"M104 333H896C929 333 958 304 958 271S929 208 896 208H104C71 208 42 237 42 271S71 333 104 333ZM104 583H896C929 583 958 554 958 521S929 458 896 458H104C71 458 42 487 42 521S71 583 104 583ZM104 833H896C929 833 958 804 958 771S929 708 896 708H104C71 708 42 737 42 771S71 833 104 833Z\"><\/path><\/svg><svg aria-hidden=\"true\" role=\"presentation\" class=\"elementor-menu-toggle__icon--close e-font-icon-svg e-eicon-close\" viewbox=\"0 0 1000 1000\" xmlns=\"http:\/\/www.w3.org\/2000\/svg\"><path d=\"M742 167L500 408 258 167C246 154 233 150 217 150 196 150 179 158 167 167 154 179 150 196 150 212 150 229 154 242 171 254L408 500 167 742C138 771 138 800 167 829 196 858 225 858 254 829L496 587 738 829C750 842 767 846 783 846 800 846 817 842 829 829 842 817 846 804 846 783 846 767 842 750 829 737L588 500 833 258C863 229 863 200 833 171 804 137 775 137 742 167Z\"><\/path><\/svg>\t\t<\/div>\n\t\t\t\t\t<nav class=\"elementor-nav-menu--dropdown elementor-nav-menu__container\" aria-hidden=\"true\">\n\t\t\t\t<ul id=\"menu-2-d638d4c\" class=\"elementor-nav-menu\"><li class=\"menu-item menu-item-type-custom menu-item-object-custom menu-item-692\"><a href=\"https:\/\/37.148.206.186\/benefits\/\" class=\"elementor-item\" tabindex=\"-1\">S\u00e4kerhet<\/a><\/li>\n<li class=\"menu-item menu-item-type-custom menu-item-object-custom menu-item-693\"><a href=\"https:\/\/37.148.206.186\/ergonomics\/\" class=\"elementor-item\" tabindex=\"-1\">Ergonomi<\/a><\/li>\n<li class=\"menu-item menu-item-type-custom menu-item-object-custom menu-item-694\"><a href=\"https:\/\/37.148.206.186\/efficiency\/\" class=\"elementor-item\" tabindex=\"-1\">Effektivitet<\/a><\/li>\n<li class=\"menu-item menu-item-type-custom menu-item-object-custom menu-item-695\"><a href=\"https:\/\/37.148.206.186\/clean-and-sustainable\/\" class=\"elementor-item\" tabindex=\"-1\">Ren och h\u00e5llbar<\/a><\/li>\n<\/ul>\t\t\t<\/nav>\n\t\t\t\t\t\t<\/div>\n\t\t\t\t<\/div>\n\t\t\t\t<div class=\"elementor-element elementor-element-e4818fa elementor-widget elementor-widget-heading\" data-id=\"e4818fa\" data-element_type=\"widget\" data-e-type=\"widget\" data-widget_type=\"heading.default\">\n\t\t\t\t<div class=\"elementor-widget-container\">\n\t\t\t\t\t<h2 class=\"elementor-heading-title elementor-size-default\">Arbeta effektivt<\/h2>\t\t\t\t<\/div>\n\t\t\t\t<\/div>\n\t\t\t\t<div class=\"elementor-element elementor-element-f61a0b8 elementor-widget elementor-widget-text-editor\" data-id=\"f61a0b8\" data-element_type=\"widget\" data-e-type=\"widget\" data-widget_type=\"text-editor.default\">\n\t\t\t\t<div class=\"elementor-widget-container\">\n\t\t\t\t\t\t\t\t\t<p><strong>Arbeta effektivt och samtidigt f\u00f6rb\u00e4ttra s\u00e4kerheten<\/strong><\/p><p>Det finns ett starkt samband mellan produktivitet och s\u00e4kerhet. F\u00f6rdelarna med att arbeta s\u00e4kert och bekv\u00e4mt p\u00e5 h\u00f6g h\u00f6jd \u00e4r bland annat f\u00f6rb\u00e4ttrad arbetseffektivitet, \u00f6kad arbetstillfredsst\u00e4llelse och arbetsmoral, minskad sjukl\u00f6n och f\u00e4rre ers\u00e4ttningsanspr\u00e5k, samt minskad fr\u00e5nvaro och personaloms\u00e4ttning.\u00a0<\/p><p>De helt skyddade plattformarna i v\u00e5rt produktsortiment g\u00f6r att operat\u00f6ren bara kan kliva in fr\u00e5n marken och h\u00f6ja den till \u00f6nskad h\u00f6jd. S\u00e5 snart f\u00f6raren b\u00f6rjar lyfta l\u00e5ses brytarna automatiskt och f\u00f6rhindrar att maskinen r\u00f6r sig horisontellt och stannar kvar i samma position. Detta g\u00f6r att f\u00f6raren kan st\u00e5 stabilt och arbeta s\u00e4kert p\u00e5 h\u00f6g h\u00f6jd. F\u00f6raren kan r\u00f6ra sig fritt i en 360-gradersradie medan b\u00e5da f\u00f6tterna \u00e4r p\u00e5 samma niv\u00e5 och b\u00e5da h\u00e4nderna fria. N\u00e4r operat\u00f6ren v\u00e4l \u00e4r p\u00e5 plats kan plattformens arbetsh\u00f6jd enkelt justeras upp och ner, vilket minskar behovet av att b\u00f6ja, str\u00e4cka och str\u00e4cka sig. Resultatet \u00e4r en h\u00e5llbar, bekv\u00e4m och s\u00e4ker arbetsmilj\u00f6 d\u00e4r operat\u00f6ren kan beh\u00e5lla koncentrationen under en l\u00e4ngre tid, vilket f\u00f6rb\u00e4ttrar effektiviteten, produktiviteten och kvaliteten i arbetet.<\/p><p>Power Towers produkter \u00e4r enkla, s\u00e4kra, smidiga och effektiva att anv\u00e4nda. De kan dramatiskt minska arbetstiden j\u00e4mf\u00f6rt med mekaniska manuella alternativ och ger utm\u00e4rkt valuta f\u00f6r pengarna.<\/p><p>V\u00e5ra l\u00f6sningar kommer att modernisera ditt s\u00e4tt att arbeta och f\u00f6rb\u00e4ttra effektiviteten samtidigt som de minskar risken f\u00f6r olyckor och hj\u00e4lper ditt f\u00f6retag att skapa en h\u00e5llbar arbetsmilj\u00f6 som kr\u00e4vs i 21<sup>st <\/sup>\u00e5rhundrade.<\/p><p>Alla v\u00e5ra produkter uppfyller g\u00e4llande europeisk lagstiftning, inklusive maskindirektivet, och \u00e4r CE-m\u00e4rkta enligt konstruktionsstandarden EN280. Alla v\u00e5ra produkter \u00e4r tredjepartsgodk\u00e4nda av SGS International.<\/p><p>L\u00e4s mer om <a href=\"https:\/\/powertowers.com\/sv\/mobila-lyftplattformar\/\">v\u00e5rt produktsortiment h\u00e4r<\/a>.<\/p>\t\t\t\t\t\t\t\t<\/div>\n\t\t\t\t<\/div>\n\t\t\t\t\t<\/div>\n\t\t<\/div>\n\t\t\t\t\t<\/div>\n\t\t<\/main>\n\t\t\t\t<section class=\"elementor-section elementor-top-section elementor-element elementor-element-bcf4cff elementor-section-boxed elementor-section-height-default elementor-section-height-default elementor-invisible\" data-id=\"bcf4cff\" data-element_type=\"section\" data-e-type=\"section\" data-settings=\"{&quot;animation&quot;:&quot;zoomIn&quot;}\">\n\t\t\t\t\t\t<div class=\"elementor-container elementor-column-gap-default\">\n\t\t\t\t\t<div class=\"elementor-column elementor-col-100 elementor-top-column elementor-element elementor-element-49ffcfe\" data-id=\"49ffcfe\" data-element_type=\"column\" data-e-type=\"column\">\n\t\t\t<div class=\"elementor-widget-wrap elementor-element-populated\">\n\t\t\t\t\t\t<section class=\"elementor-section elementor-inner-section elementor-element elementor-element-fed4b61 elementor-section-content-bottom elementor-section-boxed elementor-section-height-default elementor-section-height-default\" data-id=\"fed4b61\" data-element_type=\"section\" data-e-type=\"section\">\n\t\t\t\t\t\t<div class=\"elementor-container elementor-column-gap-default\">\n\t\t\t\t\t<div class=\"elementor-column elementor-col-50 elementor-inner-column elementor-element elementor-element-24ca312\" data-id=\"24ca312\" data-element_type=\"column\" data-e-type=\"column\">\n\t\t\t<div class=\"elementor-widget-wrap elementor-element-populated\">\n\t\t\t\t\t\t<div class=\"elementor-element elementor-element-e5c0fe7 elementor-align-right elementor-mobile-align-center elementor-widget elementor-widget-button\" data-id=\"e5c0fe7\" data-element_type=\"widget\" data-e-type=\"widget\" data-widget_type=\"button.default\">\n\t\t\t\t<div class=\"elementor-widget-container\">\n\t\t\t\t\t\t\t\t\t<div class=\"elementor-button-wrapper\">\n\t\t\t\t\t<a class=\"elementor-button elementor-button-link elementor-size-md\" href=\"https:\/\/powertowers.com\/sv\/demo\/\">\n\t\t\t\t\t\t<span class=\"elementor-button-content-wrapper\">\n\t\t\t\t\t\t\t\t\t<span class=\"elementor-button-text\">Jag vill ha en demonstration<\/span>\n\t\t\t\t\t<\/span>\n\t\t\t\t\t<\/a>\n\t\t\t\t<\/div>\n\t\t\t\t\t\t\t\t<\/div>\n\t\t\t\t<\/div>\n\t\t\t\t\t<\/div>\n\t\t<\/div>\n\t\t\t\t<div class=\"elementor-column elementor-col-50 elementor-inner-column elementor-element elementor-element-c4114e0\" data-id=\"c4114e0\" data-element_type=\"column\" data-e-type=\"column\">\n\t\t\t<div class=\"elementor-widget-wrap elementor-element-populated\">\n\t\t\t\t\t\t<div class=\"elementor-element elementor-element-cf54d7d elementor-align-left elementor-mobile-align-center elementor-widget elementor-widget-button\" data-id=\"cf54d7d\" data-element_type=\"widget\" data-e-type=\"widget\" data-widget_type=\"button.default\">\n\t\t\t\t<div class=\"elementor-widget-container\">\n\t\t\t\t\t\t\t\t\t<div class=\"elementor-button-wrapper\">\n\t\t\t\t\t<a class=\"elementor-button elementor-button-link elementor-size-md\" href=\"https:\/\/powertowers.com\/sv\/quote\/\">\n\t\t\t\t\t\t<span class=\"elementor-button-content-wrapper\">\n\t\t\t\t\t\t\t\t\t<span class=\"elementor-button-text\">Jag vill ha en offert<\/span>\n\t\t\t\t\t<\/span>\n\t\t\t\t\t<\/a>\n\t\t\t\t<\/div>\n\t\t\t\t\t\t\t\t<\/div>\n\t\t\t\t<\/div>\n\t\t\t\t\t<\/div>\n\t\t<\/div>\n\t\t\t\t\t<\/div>\n\t\t<\/section>\n\t\t\t\t\t<\/div>\n\t\t<\/div>\n\t\t\t\t\t<\/div>\n\t\t<\/section>\n\t\t\t\t<\/div>","protected":false},"excerpt":{"rendered":"<p>F\u00f6rdelar - effektivitet Arbeta effektivt Arbeta effektivt samtidigt som s\u00e4kerheten f\u00f6rb\u00e4ttras Det finns ett starkt samband mellan produktivitet och s\u00e4kerhet. F\u00f6rdelarna med att arbeta p\u00e5 h\u00f6g h\u00f6jd p\u00e5 ett s\u00e4kert och bekv\u00e4mt s\u00e4tt \u00e4r bland annat f\u00f6rb\u00e4ttrad arbetseffektivitet, \u00f6kad arbetstillfredsst\u00e4llelse och arbetsmoral, minskad sjukfr\u00e5nvaro och f\u00e4rre arbetsskador samt minskad sjukfr\u00e5nvaro och personaloms\u00e4ttning.  De helt bevakade plattformarna p\u00e5 v\u00e5ra ... <\/p>\n<p class=\"link-more\"><a href=\"https:\/\/powertowers.com\/sv\/efficiency\/\" class=\"more-link\">Forts\u00e4tt l\u00e4sa<span class=\"screen-reader-text\"> \"Effektivitet\"<\/span><\/a><\/p>","protected":false},"author":1,"featured_media":0,"parent":0,"menu_order":0,"comment_status":"closed","ping_status":"closed","template":"elementor_header_footer","meta":{"content-type":"","footnotes":""},"class_list":["post-729","page","type-page","status-publish","hentry","entry"],"yoast_head":"<!-- This site is optimized with the Yoast SEO plugin v27.4 - https:\/\/yoast.com\/product\/yoast-seo-wordpress\/ -->\n<title>Work efficiently at Low-Level heights - Power Towers<\/title>\n<meta name=\"description\" content=\"With a comfortable platform, the operator can maintain concentration for longer periods of time improving quality, productivity, and efficiency. Contact us!\" \/>\n<meta name=\"robots\" content=\"index, follow, max-snippet:-1, max-image-preview:large, max-video-preview:-1\" \/>\n<link rel=\"canonical\" href=\"https:\/\/powertowers.com\/sv\/effektivitet\/\" \/>\n<meta property=\"og:locale\" content=\"sv_SE\" \/>\n<meta property=\"og:type\" content=\"article\" \/>\n<meta property=\"og:title\" content=\"Work efficiently at Low-Level heights - Power Towers\" \/>\n<meta property=\"og:description\" content=\"With a comfortable platform, the operator can maintain concentration for longer periods of time improving quality, productivity, and efficiency. Contact us!\" \/>\n<meta property=\"og:url\" content=\"https:\/\/powertowers.com\/sv\/effektivitet\/\" \/>\n<meta property=\"og:site_name\" content=\"Power Towers\" \/>\n<meta property=\"article:modified_time\" content=\"2025-09-11T11:54:37+00:00\" \/>\n<meta property=\"og:image\" content=\"https:\/\/37.148.206.186\/wp-content\/uploads\/2022\/01\/NANOSP_PLUS_ECOLIFT_APPLICATION_02.jpg\" \/>\n<meta name=\"twitter:card\" content=\"summary_large_image\" \/>\n<meta name=\"twitter:label1\" content=\"Ber\u00e4knad l\u00e4stid\" \/>\n\t<meta name=\"twitter:data1\" content=\"2 minuter\" \/>\n<script type=\"application\/ld+json\" class=\"yoast-schema-graph\">{\"@context\":\"https:\\\/\\\/schema.org\",\"@graph\":[{\"@type\":\"WebPage\",\"@id\":\"https:\\\/\\\/powertowers.com\\\/efficiency\\\/\",\"url\":\"https:\\\/\\\/powertowers.com\\\/efficiency\\\/\",\"name\":\"Work efficiently at Low-Level heights - Power Towers\",\"isPartOf\":{\"@id\":\"https:\\\/\\\/powertowers.com\\\/nl\\\/#website\"},\"primaryImageOfPage\":{\"@id\":\"https:\\\/\\\/powertowers.com\\\/efficiency\\\/#primaryimage\"},\"image\":{\"@id\":\"https:\\\/\\\/powertowers.com\\\/efficiency\\\/#primaryimage\"},\"thumbnailUrl\":\"https:\\\/\\\/37.148.206.186\\\/wp-content\\\/uploads\\\/2022\\\/01\\\/NANOSP_PLUS_ECOLIFT_APPLICATION_02.jpg\",\"datePublished\":\"2022-01-12T13:22:20+00:00\",\"dateModified\":\"2025-09-11T11:54:37+00:00\",\"description\":\"With a comfortable platform, the operator can maintain concentration for longer periods of time improving quality, productivity, and efficiency. Contact us!\",\"breadcrumb\":{\"@id\":\"https:\\\/\\\/powertowers.com\\\/efficiency\\\/#breadcrumb\"},\"inLanguage\":\"sv-SE\",\"potentialAction\":[{\"@type\":\"ReadAction\",\"target\":[\"https:\\\/\\\/powertowers.com\\\/efficiency\\\/\"]}]},{\"@type\":\"ImageObject\",\"inLanguage\":\"sv-SE\",\"@id\":\"https:\\\/\\\/powertowers.com\\\/efficiency\\\/#primaryimage\",\"url\":\"https:\\\/\\\/37.148.206.186\\\/wp-content\\\/uploads\\\/2022\\\/01\\\/NANOSP_PLUS_ECOLIFT_APPLICATION_02.jpg\",\"contentUrl\":\"https:\\\/\\\/37.148.206.186\\\/wp-content\\\/uploads\\\/2022\\\/01\\\/NANOSP_PLUS_ECOLIFT_APPLICATION_02.jpg\"},{\"@type\":\"BreadcrumbList\",\"@id\":\"https:\\\/\\\/powertowers.com\\\/efficiency\\\/#breadcrumb\",\"itemListElement\":[{\"@type\":\"ListItem\",\"position\":1,\"name\":\"Home\",\"item\":\"https:\\\/\\\/powertowers.com\\\/nl\\\/\"},{\"@type\":\"ListItem\",\"position\":2,\"name\":\"Efficiency\"}]},{\"@type\":\"WebSite\",\"@id\":\"https:\\\/\\\/powertowers.com\\\/nl\\\/#website\",\"url\":\"https:\\\/\\\/powertowers.com\\\/nl\\\/\",\"name\":\"Power Towers\",\"description\":\"The alternative to ladders, podiums and scaffolding.\",\"publisher\":{\"@id\":\"https:\\\/\\\/powertowers.com\\\/nl\\\/#organization\"},\"potentialAction\":[{\"@type\":\"SearchAction\",\"target\":{\"@type\":\"EntryPoint\",\"urlTemplate\":\"https:\\\/\\\/powertowers.com\\\/nl\\\/?s={search_term_string}\"},\"query-input\":{\"@type\":\"PropertyValueSpecification\",\"valueRequired\":true,\"valueName\":\"search_term_string\"}}],\"inLanguage\":\"sv-SE\"},{\"@type\":\"Organization\",\"@id\":\"https:\\\/\\\/powertowers.com\\\/nl\\\/#organization\",\"name\":\"Power Towers Ltd.\",\"url\":\"https:\\\/\\\/powertowers.com\\\/nl\\\/\",\"logo\":{\"@type\":\"ImageObject\",\"inLanguage\":\"sv-SE\",\"@id\":\"https:\\\/\\\/powertowers.com\\\/nl\\\/#\\\/schema\\\/logo\\\/image\\\/\",\"url\":\"https:\\\/\\\/37.148.206.186\\\/wp-content\\\/uploads\\\/2021\\\/12\\\/power-towers-new-logo-outline-1024px.png\",\"contentUrl\":\"https:\\\/\\\/37.148.206.186\\\/wp-content\\\/uploads\\\/2021\\\/12\\\/power-towers-new-logo-outline-1024px.png\",\"width\":1024,\"height\":209,\"caption\":\"Power Towers Ltd.\"},\"image\":{\"@id\":\"https:\\\/\\\/powertowers.com\\\/nl\\\/#\\\/schema\\\/logo\\\/image\\\/\"}}]}<\/script>\n<!-- \/ Yoast SEO plugin. -->","yoast_head_json":{"title":"Arbeta effektivt p\u00e5 l\u00e5ga h\u00f6jder | Power Towers","description":"Med en bekv\u00e4m plattform kan operat\u00f6ren beh\u00e5lla koncentrationen under l\u00e4ngre tidsperioder, vilket f\u00f6rb\u00e4ttrar kvalitet, produktivitet och effektivitet. Kontakta oss!","robots":{"index":"index","follow":"follow","max-snippet":"max-snippet:-1","max-image-preview":"max-image-preview:large","max-video-preview":"max-video-preview:-1"},"canonical":"https:\/\/powertowers.com\/sv\/effektivitet\/","og_locale":"sv_SE","og_type":"article","og_title":"Work efficiently at Low-Level heights - Power Towers","og_description":"With a comfortable platform, the operator can maintain concentration for longer periods of time improving quality, productivity, and efficiency. Contact us!","og_url":"https:\/\/powertowers.com\/sv\/effektivitet\/","og_site_name":"Power Towers","article_modified_time":"2025-09-11T11:54:37+00:00","og_image":[{"url":"https:\/\/37.148.206.186\/wp-content\/uploads\/2022\/01\/NANOSP_PLUS_ECOLIFT_APPLICATION_02.jpg","type":"","width":"","height":""}],"twitter_card":"summary_large_image","twitter_misc":{"Ber\u00e4knad l\u00e4stid":"2 minuter"},"schema":{"@context":"https:\/\/schema.org","@graph":[{"@type":"WebPage","@id":"https:\/\/powertowers.com\/efficiency\/","url":"https:\/\/powertowers.com\/efficiency\/","name":"Arbeta effektivt p\u00e5 l\u00e5ga h\u00f6jder | Power Towers","isPartOf":{"@id":"https:\/\/powertowers.com\/nl\/#website"},"primaryImageOfPage":{"@id":"https:\/\/powertowers.com\/efficiency\/#primaryimage"},"image":{"@id":"https:\/\/powertowers.com\/efficiency\/#primaryimage"},"thumbnailUrl":"https:\/\/37.148.206.186\/wp-content\/uploads\/2022\/01\/NANOSP_PLUS_ECOLIFT_APPLICATION_02.jpg","datePublished":"2022-01-12T13:22:20+00:00","dateModified":"2025-09-11T11:54:37+00:00","description":"Med en bekv\u00e4m plattform kan operat\u00f6ren beh\u00e5lla koncentrationen under l\u00e4ngre tidsperioder, vilket f\u00f6rb\u00e4ttrar kvalitet, produktivitet och effektivitet. Kontakta oss!","breadcrumb":{"@id":"https:\/\/powertowers.com\/efficiency\/#breadcrumb"},"inLanguage":"sv-SE","potentialAction":[{"@type":"ReadAction","target":["https:\/\/powertowers.com\/efficiency\/"]}]},{"@type":"ImageObject","inLanguage":"sv-SE","@id":"https:\/\/powertowers.com\/efficiency\/#primaryimage","url":"https:\/\/37.148.206.186\/wp-content\/uploads\/2022\/01\/NANOSP_PLUS_ECOLIFT_APPLICATION_02.jpg","contentUrl":"https:\/\/37.148.206.186\/wp-content\/uploads\/2022\/01\/NANOSP_PLUS_ECOLIFT_APPLICATION_02.jpg"},{"@type":"BreadcrumbList","@id":"https:\/\/powertowers.com\/efficiency\/#breadcrumb","itemListElement":[{"@type":"ListItem","position":1,"name":"Home","item":"https:\/\/powertowers.com\/nl\/"},{"@type":"ListItem","position":2,"name":"Efficiency"}]},{"@type":"WebSite","@id":"https:\/\/powertowers.com\/nl\/#website","url":"https:\/\/powertowers.com\/nl\/","name":"Kraftverkstorn","description":"Alternativet till stegar, podier och byggnadsst\u00e4llningar.","publisher":{"@id":"https:\/\/powertowers.com\/nl\/#organization"},"potentialAction":[{"@type":"SearchAction","target":{"@type":"EntryPoint","urlTemplate":"https:\/\/powertowers.com\/nl\/?s={search_term_string}"},"query-input":{"@type":"PropertyValueSpecification","valueRequired":true,"valueName":"search_term_string"}}],"inLanguage":"sv-SE"},{"@type":"Organization","@id":"https:\/\/powertowers.com\/nl\/#organization","name":"Power Towers Ltd.","url":"https:\/\/powertowers.com\/nl\/","logo":{"@type":"ImageObject","inLanguage":"sv-SE","@id":"https:\/\/powertowers.com\/nl\/#\/schema\/logo\/image\/","url":"https:\/\/37.148.206.186\/wp-content\/uploads\/2021\/12\/power-towers-new-logo-outline-1024px.png","contentUrl":"https:\/\/37.148.206.186\/wp-content\/uploads\/2021\/12\/power-towers-new-logo-outline-1024px.png","width":1024,"height":209,"caption":"Power Towers Ltd."},"image":{"@id":"https:\/\/powertowers.com\/nl\/#\/schema\/logo\/image\/"}}]}},"_links":{"self":[{"href":"https:\/\/powertowers.com\/sv\/wp-json\/wp\/v2\/pages\/729","targetHints":{"allow":["GET"]}}],"collection":[{"href":"https:\/\/powertowers.com\/sv\/wp-json\/wp\/v2\/pages"}],"about":[{"href":"https:\/\/powertowers.com\/sv\/wp-json\/wp\/v2\/types\/page"}],"author":[{"embeddable":true,"href":"https:\/\/powertowers.com\/sv\/wp-json\/wp\/v2\/users\/1"}],"replies":[{"embeddable":true,"href":"https:\/\/powertowers.com\/sv\/wp-json\/wp\/v2\/comments?post=729"}],"version-history":[{"count":27,"href":"https:\/\/powertowers.com\/sv\/wp-json\/wp\/v2\/pages\/729\/revisions"}],"predecessor-version":[{"id":5739,"href":"https:\/\/powertowers.com\/sv\/wp-json\/wp\/v2\/pages\/729\/revisions\/5739"}],"wp:attachment":[{"href":"https:\/\/powertowers.com\/sv\/wp-json\/wp\/v2\/media?parent=729"}],"curies":[{"name":"wp","href":"https:\/\/api.w.org\/{rel}","templated":true}]}}