{"id":638,"date":"2022-01-10T12:48:03","date_gmt":"2022-01-10T12:48:03","guid":{"rendered":"https:\/\/37.148.206.186\/?page_id=638"},"modified":"2025-09-11T13:51:32","modified_gmt":"2025-09-11T11:51:32","slug":"den-sjalvgaende-familjen","status":"publish","type":"page","link":"https:\/\/powertowers.com\/sv\/the-self-propelled-family\/","title":{"rendered":"Sj\u00e4lvg\u00e5ende familj"},"content":{"rendered":"<div data-elementor-type=\"wp-page\" data-elementor-id=\"638\" class=\"elementor elementor-638\" data-elementor-post-type=\"page\">\n\t\t\t\t\t\t<main class=\"elementor-section elementor-top-section elementor-element elementor-element-005134f elementor-section-boxed elementor-section-height-default elementor-section-height-default elementor-invisible\" data-id=\"005134f\" data-element_type=\"section\" data-e-type=\"section\" data-settings=\"{&quot;animation&quot;:&quot;slideInDown&quot;}\">\n\t\t\t\t\t\t<div class=\"elementor-container elementor-column-gap-default\">\n\t\t\t\t\t<div class=\"elementor-column elementor-col-100 elementor-top-column elementor-element elementor-element-b6ba170\" data-id=\"b6ba170\" data-element_type=\"column\" data-e-type=\"column\">\n\t\t\t<div class=\"elementor-widget-wrap elementor-element-populated\">\n\t\t\t\t\t\t<div class=\"elementor-element elementor-element-8290da6 elementor-widget elementor-widget-heading\" data-id=\"8290da6\" data-element_type=\"widget\" data-e-type=\"widget\" data-widget_type=\"heading.default\">\n\t\t\t\t<div class=\"elementor-widget-container\">\n\t\t\t\t\t<h1 class=\"elementor-heading-title elementor-size-default\">DEN SJ\u00c4LVG\u00c5ENDE FAMILJEN<\/h1>\t\t\t\t<\/div>\n\t\t\t\t<\/div>\n\t\t\t\t<div class=\"elementor-element elementor-element-4019f0e elementor-widget elementor-widget-heading\" data-id=\"4019f0e\" data-element_type=\"widget\" data-e-type=\"widget\" data-widget_type=\"heading.default\">\n\t\t\t\t<div class=\"elementor-widget-container\">\n\t\t\t\t\t<h2 class=\"elementor-heading-title elementor-size-default\">L\u00e5g niv\u00e5, l\u00e4tt vikt, sj\u00e4lvg\u00e5ende maskiner<\/h2>\t\t\t\t<\/div>\n\t\t\t\t<\/div>\n\t\t\t\t\t<\/div>\n\t\t<\/div>\n\t\t\t\t\t<\/div>\n\t\t<\/main>\n\t\t\t\t<main class=\"elementor-section elementor-top-section elementor-element elementor-element-20dd2a6 elementor-section-boxed elementor-section-height-default elementor-section-height-default elementor-invisible\" data-id=\"20dd2a6\" data-element_type=\"section\" data-e-type=\"section\" data-settings=\"{&quot;animation&quot;:&quot;slideInUp&quot;}\">\n\t\t\t\t\t\t<div class=\"elementor-container elementor-column-gap-default\">\n\t\t\t\t\t<div class=\"elementor-column elementor-col-50 elementor-top-column elementor-element elementor-element-7f50de8\" data-id=\"7f50de8\" data-element_type=\"column\" data-e-type=\"column\" data-settings=\"{&quot;background_background&quot;:&quot;classic&quot;}\">\n\t\t\t<div class=\"elementor-widget-wrap elementor-element-populated\">\n\t\t\t\t\t\t<div class=\"elementor-element elementor-element-ed42a36 elementor-widget elementor-widget-image\" data-id=\"ed42a36\" data-element_type=\"widget\" data-e-type=\"widget\" data-widget_type=\"image.default\">\n\t\t\t\t<div class=\"elementor-widget-container\">\n\t\t\t\t\t\t\t\t\t\t\t\t\t\t\t\t<a href=\"https:\/\/powertowers.com\/sv\/nano-sp\/\">\n\t\t\t\t\t\t\t<img fetchpriority=\"high\" decoding=\"async\" width=\"500\" height=\"500\" src=\"https:\/\/powertowers.com\/wp-content\/uploads\/2023\/04\/Nano-SP.jpg\" class=\"elementor-animation-shrink attachment-full size-full wp-image-3349\" alt=\"Nano SP\" srcset=\"https:\/\/powertowers.com\/wp-content\/uploads\/2023\/04\/Nano-SP.jpg 500w, https:\/\/powertowers.com\/wp-content\/uploads\/2023\/04\/Nano-SP-300x300.jpg 300w, https:\/\/powertowers.com\/wp-content\/uploads\/2023\/04\/Nano-SP-150x150.jpg 150w, https:\/\/powertowers.com\/wp-content\/uploads\/2023\/04\/Nano-SP-12x12.jpg 12w\" sizes=\"(max-width: 34.9rem) calc(100vw - 2rem), (max-width: 53rem) calc(8 * (100vw \/ 12)), (min-width: 53rem) calc(6 * (100vw \/ 12)), 100vw\" \/>\t\t\t\t\t\t\t\t<\/a>\n\t\t\t\t\t\t\t\t\t\t\t\t\t\t\t<\/div>\n\t\t\t\t<\/div>\n\t\t\t\t<div class=\"elementor-element elementor-element-031c932 elementor-widget elementor-widget-heading\" data-id=\"031c932\" data-element_type=\"widget\" data-e-type=\"widget\" data-widget_type=\"heading.default\">\n\t\t\t\t<div class=\"elementor-widget-container\">\n\t\t\t\t\t<h4 class=\"elementor-heading-title elementor-size-default\"><a href=\"https:\/\/powertowers.com\/sv\/nano-sp\/\">Nano SP<\/a><\/h4>\t\t\t\t<\/div>\n\t\t\t\t<\/div>\n\t\t\t\t<div class=\"elementor-element elementor-element-b38350b elementor-widget elementor-widget-heading\" data-id=\"b38350b\" data-element_type=\"widget\" data-e-type=\"widget\" data-widget_type=\"heading.default\">\n\t\t\t\t<div class=\"elementor-widget-container\">\n\t\t\t\t\t<h4 class=\"elementor-heading-title elementor-size-default\">Sj\u00e4lvg\u00e5ende l\u00f6sning med utdragbart d\u00e4ck och maximal arbetsh\u00f6jd p\u00e5 4,5 m<\/h4>\t\t\t\t<\/div>\n\t\t\t\t<\/div>\n\t\t\t\t<div class=\"elementor-element elementor-element-05447f6 elementor-align-center elementor-widget elementor-widget-button\" data-id=\"05447f6\" data-element_type=\"widget\" data-e-type=\"widget\" data-widget_type=\"button.default\">\n\t\t\t\t<div class=\"elementor-widget-container\">\n\t\t\t\t\t\t\t\t\t<div class=\"elementor-button-wrapper\">\n\t\t\t\t\t<a class=\"elementor-button elementor-button-link elementor-size-sm\" href=\"https:\/\/powertowers.com\/sv\/nano-sp\/\">\n\t\t\t\t\t\t<span class=\"elementor-button-content-wrapper\">\n\t\t\t\t\t\t\t\t\t<span class=\"elementor-button-text\">KONTROLLERA ALLA SPECIFIKATIONER<\/span>\n\t\t\t\t\t<\/span>\n\t\t\t\t\t<\/a>\n\t\t\t\t<\/div>\n\t\t\t\t\t\t\t\t<\/div>\n\t\t\t\t<\/div>\n\t\t\t\t\t<\/div>\n\t\t<\/div>\n\t\t\t\t<div class=\"elementor-column elementor-col-50 elementor-top-column elementor-element elementor-element-e4ab24a\" data-id=\"e4ab24a\" data-element_type=\"column\" data-e-type=\"column\" data-settings=\"{&quot;background_background&quot;:&quot;classic&quot;}\">\n\t\t\t<div class=\"elementor-widget-wrap elementor-element-populated\">\n\t\t\t\t\t\t<div class=\"elementor-element elementor-element-52cf7b6 elementor-widget elementor-widget-image\" data-id=\"52cf7b6\" data-element_type=\"widget\" data-e-type=\"widget\" data-widget_type=\"image.default\">\n\t\t\t\t<div class=\"elementor-widget-container\">\n\t\t\t\t\t\t\t\t\t\t\t\t\t\t\t\t<a href=\"https:\/\/powertowers.com\/sv\/nano-sp-plus\/\">\n\t\t\t\t\t\t\t<img decoding=\"async\" width=\"500\" height=\"500\" src=\"https:\/\/powertowers.com\/wp-content\/uploads\/2023\/04\/Nano-SP-1.jpg\" class=\"elementor-animation-shrink attachment-full size-full wp-image-3350\" alt=\"Nano SP Plus\" srcset=\"https:\/\/powertowers.com\/wp-content\/uploads\/2023\/04\/Nano-SP-1.jpg 500w, https:\/\/powertowers.com\/wp-content\/uploads\/2023\/04\/Nano-SP-1-300x300.jpg 300w, https:\/\/powertowers.com\/wp-content\/uploads\/2023\/04\/Nano-SP-1-150x150.jpg 150w, https:\/\/powertowers.com\/wp-content\/uploads\/2023\/04\/Nano-SP-1-12x12.jpg 12w\" sizes=\"(max-width: 34.9rem) calc(100vw - 2rem), (max-width: 53rem) calc(8 * (100vw \/ 12)), (min-width: 53rem) calc(6 * (100vw \/ 12)), 100vw\" \/>\t\t\t\t\t\t\t\t<\/a>\n\t\t\t\t\t\t\t\t\t\t\t\t\t\t\t<\/div>\n\t\t\t\t<\/div>\n\t\t\t\t<div class=\"elementor-element elementor-element-cff612f elementor-widget elementor-widget-heading\" data-id=\"cff612f\" data-element_type=\"widget\" data-e-type=\"widget\" data-widget_type=\"heading.default\">\n\t\t\t\t<div class=\"elementor-widget-container\">\n\t\t\t\t\t<h4 class=\"elementor-heading-title elementor-size-default\"><a href=\"https:\/\/powertowers.com\/sv\/nano-sp-plus\/\">NANO SP PLUS<\/a><\/h4>\t\t\t\t<\/div>\n\t\t\t\t<\/div>\n\t\t\t\t<div class=\"elementor-element elementor-element-56122d9 elementor-widget elementor-widget-heading\" data-id=\"56122d9\" data-element_type=\"widget\" data-e-type=\"widget\" data-widget_type=\"heading.default\">\n\t\t\t\t<div class=\"elementor-widget-container\">\n\t\t\t\t\t<h4 class=\"elementor-heading-title elementor-size-default\">Sj\u00e4lvg\u00e5ende l\u00f6sning med ett dubbelt utdragbart d\u00e4ck och en maximal arbetsh\u00f6jd p\u00e5 4,5 m<\/h4>\t\t\t\t<\/div>\n\t\t\t\t<\/div>\n\t\t\t\t<div class=\"elementor-element elementor-element-f74219b elementor-align-center elementor-widget elementor-widget-button\" data-id=\"f74219b\" data-element_type=\"widget\" data-e-type=\"widget\" data-widget_type=\"button.default\">\n\t\t\t\t<div class=\"elementor-widget-container\">\n\t\t\t\t\t\t\t\t\t<div class=\"elementor-button-wrapper\">\n\t\t\t\t\t<a class=\"elementor-button elementor-button-link elementor-size-sm\" href=\"https:\/\/powertowers.com\/sv\/nano-sp-plus\/\">\n\t\t\t\t\t\t<span class=\"elementor-button-content-wrapper\">\n\t\t\t\t\t\t\t\t\t<span class=\"elementor-button-text\">KONTROLLERA ALLA SPECIFIKATIONER<\/span>\n\t\t\t\t\t<\/span>\n\t\t\t\t\t<\/a>\n\t\t\t\t<\/div>\n\t\t\t\t\t\t\t\t<\/div>\n\t\t\t\t<\/div>\n\t\t\t\t\t<\/div>\n\t\t<\/div>\n\t\t\t\t\t<\/div>\n\t\t<\/main>\n\t\t\t\t<nav class=\"elementor-section elementor-top-section elementor-element elementor-element-4785a1c elementor-section-boxed elementor-section-height-default elementor-section-height-default elementor-invisible\" data-id=\"4785a1c\" data-element_type=\"section\" data-e-type=\"section\" data-settings=\"{&quot;animation&quot;:&quot;zoomIn&quot;}\">\n\t\t\t\t\t\t<div class=\"elementor-container elementor-column-gap-default\">\n\t\t\t\t\t<div class=\"elementor-column elementor-col-100 elementor-top-column elementor-element elementor-element-1d9abd9\" data-id=\"1d9abd9\" data-element_type=\"column\" data-e-type=\"column\">\n\t\t\t<div class=\"elementor-widget-wrap elementor-element-populated\">\n\t\t\t\t\t\t<section class=\"elementor-section elementor-inner-section elementor-element elementor-element-57e2c61 elementor-section-content-bottom elementor-section-boxed elementor-section-height-default elementor-section-height-default\" data-id=\"57e2c61\" data-element_type=\"section\" data-e-type=\"section\">\n\t\t\t\t\t\t<div class=\"elementor-container elementor-column-gap-default\">\n\t\t\t\t\t<div class=\"elementor-column elementor-col-50 elementor-inner-column elementor-element elementor-element-7f6d226\" data-id=\"7f6d226\" data-element_type=\"column\" data-e-type=\"column\">\n\t\t\t<div class=\"elementor-widget-wrap elementor-element-populated\">\n\t\t\t\t\t\t<div class=\"elementor-element elementor-element-e1a5159 elementor-align-right elementor-mobile-align-center elementor-widget elementor-widget-button\" data-id=\"e1a5159\" data-element_type=\"widget\" data-e-type=\"widget\" data-widget_type=\"button.default\">\n\t\t\t\t<div class=\"elementor-widget-container\">\n\t\t\t\t\t\t\t\t\t<div class=\"elementor-button-wrapper\">\n\t\t\t\t\t<a class=\"elementor-button elementor-button-link elementor-size-md\" href=\"https:\/\/powertowers.com\/sv\/demo\/\">\n\t\t\t\t\t\t<span class=\"elementor-button-content-wrapper\">\n\t\t\t\t\t\t\t\t\t<span class=\"elementor-button-text\">Jag vill ha en demonstration<\/span>\n\t\t\t\t\t<\/span>\n\t\t\t\t\t<\/a>\n\t\t\t\t<\/div>\n\t\t\t\t\t\t\t\t<\/div>\n\t\t\t\t<\/div>\n\t\t\t\t\t<\/div>\n\t\t<\/div>\n\t\t\t\t<div class=\"elementor-column elementor-col-50 elementor-inner-column elementor-element elementor-element-aa622a6\" data-id=\"aa622a6\" data-element_type=\"column\" data-e-type=\"column\">\n\t\t\t<div class=\"elementor-widget-wrap elementor-element-populated\">\n\t\t\t\t\t\t<div class=\"elementor-element elementor-element-0dab248 elementor-align-left elementor-mobile-align-center elementor-widget elementor-widget-button\" data-id=\"0dab248\" data-element_type=\"widget\" data-e-type=\"widget\" data-widget_type=\"button.default\">\n\t\t\t\t<div class=\"elementor-widget-container\">\n\t\t\t\t\t\t\t\t\t<div class=\"elementor-button-wrapper\">\n\t\t\t\t\t<a class=\"elementor-button elementor-button-link elementor-size-md\" href=\"https:\/\/powertowers.com\/sv\/quote\/\">\n\t\t\t\t\t\t<span class=\"elementor-button-content-wrapper\">\n\t\t\t\t\t\t\t\t\t<span class=\"elementor-button-text\">Jag vill ha en offert<\/span>\n\t\t\t\t\t<\/span>\n\t\t\t\t\t<\/a>\n\t\t\t\t<\/div>\n\t\t\t\t\t\t\t\t<\/div>\n\t\t\t\t<\/div>\n\t\t\t\t\t<\/div>\n\t\t<\/div>\n\t\t\t\t\t<\/div>\n\t\t<\/section>\n\t\t\t\t\t<\/div>\n\t\t<\/div>\n\t\t\t\t\t<\/div>\n\t\t<\/nav>\n\t\t\t\t<article class=\"elementor-section elementor-top-section elementor-element elementor-element-6a1bff9 elementor-section-boxed elementor-section-height-default elementor-section-height-default\" data-id=\"6a1bff9\" data-element_type=\"section\" data-e-type=\"section\">\n\t\t\t\t\t\t<div class=\"elementor-container elementor-column-gap-default\">\n\t\t\t\t\t<div class=\"elementor-column elementor-col-50 elementor-top-column elementor-element elementor-element-3d5fc2f\" data-id=\"3d5fc2f\" data-element_type=\"column\" data-e-type=\"column\">\n\t\t\t<div class=\"elementor-widget-wrap elementor-element-populated\">\n\t\t\t\t\t\t<div class=\"elementor-element elementor-element-74d4f3d elementor-widget elementor-widget-text-editor\" data-id=\"74d4f3d\" data-element_type=\"widget\" data-e-type=\"widget\" data-widget_type=\"text-editor.default\">\n\t\t\t\t<div class=\"elementor-widget-container\">\n\t\t\t\t\t\t\t\t\t<p>Om du letar efter en sj\u00e4lvg\u00e5ende produkt f\u00f6r \u00e5tkomst p\u00e5 l\u00e5g niv\u00e5 \u00e4r v\u00e5rt sortiment av produkter l\u00e4tta och erbjuder upp till 4,5 m arbetsh\u00f6jd (beroende p\u00e5 modell). Dessa plattformar \u00e4r idealiska n\u00e4r applikationen kr\u00e4ver att operat\u00f6ren snabbt kan f\u00f6rflytta sig mellan olika arbetsmoment eller beh\u00f6ver flytta plattformen p\u00e5 arbetsh\u00f6jd. Detta eliminerar behovet av att stiga upp och ned f\u00f6r att kunna flytta maskinen till en annan position. Produktiviteten f\u00f6rb\u00e4ttras n\u00e4r dessa maskiner anv\u00e4nds: upp till 12 g\u00e5nger snabbare j\u00e4mf\u00f6rt med traditionella tilltr\u00e4desformer som byggnadsst\u00e4llningar, podier eller trappstegar.<\/p><p>Nano SP och Nano SP Plus har ett mycket litet fotavtryck f\u00f6r man\u00f6vrering i mycket tr\u00e5nga arbetsutrymmen och ett stort arbetsomr\u00e5de n\u00e4r man anv\u00e4nder alternativet med utskjutande d\u00e4ck, vilket g\u00f6r det idealiskt att kunna arbeta \u00f6ver hinder. Nano SP \u00e4r f\u00f6rstahandsvalet n\u00e4r till\u00e4mpningen kr\u00e4ver ett mindre fotavtryck, l\u00e4gre vikt och en st\u00f6rre plattformsyta.<\/p><p>Dessa maskiner \u00e4r s\u00e4krare, bekv\u00e4mare, effektivare och ett kostnadseffektivt alternativ till podiumsteg eller byggnadsst\u00e4llningar.  Kliv in i den helt skyddade plattformen, k\u00f6r till arbetsapplikationen och h\u00f6j till \u00f6nskad h\u00f6jd. F\u00f6raren har tillr\u00e4ckligt med utrymme f\u00f6r att r\u00f6ra sig och arbeta i en bekv\u00e4m st\u00e4llning under l\u00e4ngre tidsperioder. Stanna p\u00e5 h\u00f6jden och k\u00f6r enkelt till ett annat arbetsomr\u00e5de f\u00f6r att maximera effektiviteten.<\/p><p><a href=\"https:\/\/powertowers.com\/sv\/formaner\/\">L\u00e4s mer om Power Towers sortiment av produktf\u00f6rm\u00e5ner h\u00e4r!<\/a><\/p>\t\t\t\t\t\t\t\t<\/div>\n\t\t\t\t<\/div>\n\t\t\t\t\t<\/div>\n\t\t<\/div>\n\t\t\t\t<div class=\"elementor-column elementor-col-50 elementor-top-column elementor-element elementor-element-4439ce2\" data-id=\"4439ce2\" data-element_type=\"column\" data-e-type=\"column\">\n\t\t\t<div class=\"elementor-widget-wrap elementor-element-populated\">\n\t\t\t\t\t\t<div class=\"elementor-element elementor-element-362d326 elementor-widget elementor-widget-text-editor\" data-id=\"362d326\" data-element_type=\"widget\" data-e-type=\"widget\" data-widget_type=\"text-editor.default\">\n\t\t\t\t<div class=\"elementor-widget-container\">\n\t\t\t\t\t\t\t\t\t<p><strong>Egenskaper och f\u00f6rdelar:<\/strong><\/p>\n<ul>\n<li>G\u00e5 in i plattformen fr\u00e5n markniv\u00e5 och kliv in i ett helt bevakat arbetsutrymme<\/li>\n<li>Enkel att anv\u00e4nda, tryck bara p\u00e5 en knapp f\u00f6r att h\u00f6ja plattformen<\/li>\n<li>Justerbar plattform f\u00f6r arbete p\u00e5 \u00f6nskad h\u00f6jd<\/li>\n<li>N\u00f6dlandning fr\u00e5n markniv\u00e5<\/li>\n<li>H\u00f6rbart larm f\u00f6r uppstigning, nedstigning och k\u00f6rning<\/li>\n<li>Fels\u00e4ker hydraulkrets komplett med backventil p\u00e5 lyftcylindern<\/li>\n<li>Passar genom vanliga enkeld\u00f6rrar och in i hissar<\/li>\n<li>Kompakt - perfekt f\u00f6r enkel f\u00f6rvaring<\/li>\n<li>L\u00e5g vikt, vilket \u00e4r perfekt f\u00f6r \u00f6mt\u00e5liga golv<\/li>\n<li>Nano SP och SP Plus n\u00e5r 4,5 m arbetsh\u00f6jd<\/li>\n<\/ul>\t\t\t\t\t\t\t\t<\/div>\n\t\t\t\t<\/div>\n\t\t\t\t\t<\/div>\n\t\t<\/div>\n\t\t\t\t\t<\/div>\n\t\t<\/article>\n\t\t\t\t<\/div>","protected":false},"excerpt":{"rendered":"<p>DEN SJ\u00c4LVFARANDE FAMILJEN L\u00e5ga niv\u00e5er, l\u00e5g vikt, sj\u00e4lvg\u00e5ende maskiner Nano SP Sj\u00e4lvg\u00e5ende l\u00f6sning med ett utdragbart d\u00e4ck och en maximal arbetsh\u00f6jd p\u00e5 4,5 m KOLLA ALLA SPECIFIKATIONER NANO SP PLUS Sj\u00e4lvg\u00e5ende l\u00f6sning med ett dubbelt utdragbart d\u00e4ck och en maximal arbetsh\u00f6jd p\u00e5 4,5 m KOLLA ALLA SPECIFIKATIONER Jag vill ha en demo Jag vill ha en offert ... <\/p>\n<p class=\"link-more\"><a href=\"https:\/\/powertowers.com\/sv\/the-self-propelled-family\/\" class=\"more-link\">Forts\u00e4tt l\u00e4sa<span class=\"screen-reader-text\"> \"Den sj\u00e4lvg\u00e5ende familjen\"<\/span><\/a><\/p>","protected":false},"author":1,"featured_media":0,"parent":0,"menu_order":0,"comment_status":"closed","ping_status":"closed","template":"elementor_header_footer","meta":{"content-type":"","footnotes":""},"class_list":["post-638","page","type-page","status-publish","hentry","entry"],"yoast_head":"<!-- This site is optimized with the Yoast SEO plugin v27.4 - https:\/\/yoast.com\/product\/yoast-seo-wordpress\/ -->\n<title>Self-Propelled Extendable Work Platforms | Power Towers<\/title>\n<meta name=\"description\" content=\"Discover Power Towers self-propelled working platforms, up to 4.5m height. Safer and intuitive. An alternative to scaffolding and ladders. Learn more!\" \/>\n<meta name=\"robots\" content=\"index, follow, max-snippet:-1, max-image-preview:large, max-video-preview:-1\" \/>\n<link rel=\"canonical\" href=\"https:\/\/powertowers.com\/sv\/den-sjalvgaende-familjen\/\" \/>\n<meta property=\"og:locale\" content=\"sv_SE\" \/>\n<meta property=\"og:type\" content=\"article\" \/>\n<meta property=\"og:title\" content=\"Self-Propelled Extendable Work Platforms | Power Towers\" \/>\n<meta property=\"og:description\" content=\"Discover Power Towers self-propelled working platforms, up to 4.5m height. Safer and intuitive. An alternative to scaffolding and ladders. Learn more!\" \/>\n<meta property=\"og:url\" content=\"https:\/\/powertowers.com\/sv\/den-sjalvgaende-familjen\/\" \/>\n<meta property=\"og:site_name\" content=\"Power Towers\" \/>\n<meta property=\"article:modified_time\" content=\"2025-09-11T11:51:32+00:00\" \/>\n<meta property=\"og:image\" content=\"https:\/\/37.148.206.186\/wp-content\/uploads\/2023\/04\/Nano-SP.jpg\" \/>\n<meta name=\"twitter:card\" content=\"summary_large_image\" \/>\n<meta name=\"twitter:label1\" content=\"Ber\u00e4knad l\u00e4stid\" \/>\n\t<meta name=\"twitter:data1\" content=\"2 minuter\" \/>\n<script type=\"application\/ld+json\" class=\"yoast-schema-graph\">{\"@context\":\"https:\\\/\\\/schema.org\",\"@graph\":[{\"@type\":\"WebPage\",\"@id\":\"https:\\\/\\\/powertowers.com\\\/es\\\/la-familia-autopropulsada\\\/\",\"url\":\"https:\\\/\\\/powertowers.com\\\/es\\\/la-familia-autopropulsada\\\/\",\"name\":\"Self-Propelled Extendable Work Platforms | Power Towers\",\"isPartOf\":{\"@id\":\"https:\\\/\\\/powertowers.com\\\/nl\\\/#website\"},\"primaryImageOfPage\":{\"@id\":\"https:\\\/\\\/powertowers.com\\\/es\\\/la-familia-autopropulsada\\\/#primaryimage\"},\"image\":{\"@id\":\"https:\\\/\\\/powertowers.com\\\/es\\\/la-familia-autopropulsada\\\/#primaryimage\"},\"thumbnailUrl\":\"https:\\\/\\\/37.148.206.186\\\/wp-content\\\/uploads\\\/2023\\\/04\\\/Nano-SP.jpg\",\"datePublished\":\"2022-01-10T12:48:03+00:00\",\"dateModified\":\"2025-09-11T11:51:32+00:00\",\"description\":\"Discover Power Towers self-propelled working platforms, up to 4.5m height. Safer and intuitive. An alternative to scaffolding and ladders. Learn more!\",\"breadcrumb\":{\"@id\":\"https:\\\/\\\/powertowers.com\\\/es\\\/la-familia-autopropulsada\\\/#breadcrumb\"},\"inLanguage\":\"sv-SE\",\"potentialAction\":[{\"@type\":\"ReadAction\",\"target\":[\"https:\\\/\\\/powertowers.com\\\/es\\\/la-familia-autopropulsada\\\/\"]}]},{\"@type\":\"ImageObject\",\"inLanguage\":\"sv-SE\",\"@id\":\"https:\\\/\\\/powertowers.com\\\/es\\\/la-familia-autopropulsada\\\/#primaryimage\",\"url\":\"https:\\\/\\\/37.148.206.186\\\/wp-content\\\/uploads\\\/2023\\\/04\\\/Nano-SP.jpg\",\"contentUrl\":\"https:\\\/\\\/37.148.206.186\\\/wp-content\\\/uploads\\\/2023\\\/04\\\/Nano-SP.jpg\"},{\"@type\":\"BreadcrumbList\",\"@id\":\"https:\\\/\\\/powertowers.com\\\/es\\\/la-familia-autopropulsada\\\/#breadcrumb\",\"itemListElement\":[{\"@type\":\"ListItem\",\"position\":1,\"name\":\"Home\",\"item\":\"https:\\\/\\\/powertowers.com\\\/nl\\\/\"},{\"@type\":\"ListItem\",\"position\":2,\"name\":\"The self-propelled family\"}]},{\"@type\":\"WebSite\",\"@id\":\"https:\\\/\\\/powertowers.com\\\/nl\\\/#website\",\"url\":\"https:\\\/\\\/powertowers.com\\\/nl\\\/\",\"name\":\"Power Towers\",\"description\":\"The alternative to ladders, podiums and scaffolding.\",\"publisher\":{\"@id\":\"https:\\\/\\\/powertowers.com\\\/nl\\\/#organization\"},\"potentialAction\":[{\"@type\":\"SearchAction\",\"target\":{\"@type\":\"EntryPoint\",\"urlTemplate\":\"https:\\\/\\\/powertowers.com\\\/nl\\\/?s={search_term_string}\"},\"query-input\":{\"@type\":\"PropertyValueSpecification\",\"valueRequired\":true,\"valueName\":\"search_term_string\"}}],\"inLanguage\":\"sv-SE\"},{\"@type\":\"Organization\",\"@id\":\"https:\\\/\\\/powertowers.com\\\/nl\\\/#organization\",\"name\":\"Power Towers Ltd.\",\"url\":\"https:\\\/\\\/powertowers.com\\\/nl\\\/\",\"logo\":{\"@type\":\"ImageObject\",\"inLanguage\":\"sv-SE\",\"@id\":\"https:\\\/\\\/powertowers.com\\\/nl\\\/#\\\/schema\\\/logo\\\/image\\\/\",\"url\":\"https:\\\/\\\/37.148.206.186\\\/wp-content\\\/uploads\\\/2021\\\/12\\\/power-towers-new-logo-outline-1024px.png\",\"contentUrl\":\"https:\\\/\\\/37.148.206.186\\\/wp-content\\\/uploads\\\/2021\\\/12\\\/power-towers-new-logo-outline-1024px.png\",\"width\":1024,\"height\":209,\"caption\":\"Power Towers Ltd.\"},\"image\":{\"@id\":\"https:\\\/\\\/powertowers.com\\\/nl\\\/#\\\/schema\\\/logo\\\/image\\\/\"}}]}<\/script>\n<!-- \/ Yoast SEO plugin. -->","yoast_head_json":{"title":"Sj\u00e4lvg\u00e5ende utskjutbara arbetsplattformar | Power Towers","description":"Uppt\u00e4ck Power Towers sj\u00e4lvg\u00e5ende arbetsplattformar, upp till 4,5 m h\u00f6jd. S\u00e4krare och mer intuitiva. Ett alternativ till byggnadsst\u00e4llningar och stegar. L\u00e4r dig mer om Power Towers!","robots":{"index":"index","follow":"follow","max-snippet":"max-snippet:-1","max-image-preview":"max-image-preview:large","max-video-preview":"max-video-preview:-1"},"canonical":"https:\/\/powertowers.com\/sv\/den-sjalvgaende-familjen\/","og_locale":"sv_SE","og_type":"article","og_title":"Self-Propelled Extendable Work Platforms | Power Towers","og_description":"Discover Power Towers self-propelled working platforms, up to 4.5m height. Safer and intuitive. An alternative to scaffolding and ladders. Learn more!","og_url":"https:\/\/powertowers.com\/sv\/den-sjalvgaende-familjen\/","og_site_name":"Power Towers","article_modified_time":"2025-09-11T11:51:32+00:00","og_image":[{"url":"https:\/\/37.148.206.186\/wp-content\/uploads\/2023\/04\/Nano-SP.jpg","type":"","width":"","height":""}],"twitter_card":"summary_large_image","twitter_misc":{"Ber\u00e4knad l\u00e4stid":"2 minuter"},"schema":{"@context":"https:\/\/schema.org","@graph":[{"@type":"WebPage","@id":"https:\/\/powertowers.com\/es\/la-familia-autopropulsada\/","url":"https:\/\/powertowers.com\/es\/la-familia-autopropulsada\/","name":"Sj\u00e4lvg\u00e5ende utskjutbara arbetsplattformar | Power Towers","isPartOf":{"@id":"https:\/\/powertowers.com\/nl\/#website"},"primaryImageOfPage":{"@id":"https:\/\/powertowers.com\/es\/la-familia-autopropulsada\/#primaryimage"},"image":{"@id":"https:\/\/powertowers.com\/es\/la-familia-autopropulsada\/#primaryimage"},"thumbnailUrl":"https:\/\/37.148.206.186\/wp-content\/uploads\/2023\/04\/Nano-SP.jpg","datePublished":"2022-01-10T12:48:03+00:00","dateModified":"2025-09-11T11:51:32+00:00","description":"Uppt\u00e4ck Power Towers sj\u00e4lvg\u00e5ende arbetsplattformar, upp till 4,5 m h\u00f6jd. S\u00e4krare och mer intuitiva. Ett alternativ till byggnadsst\u00e4llningar och stegar. L\u00e4r dig mer om Power Towers!","breadcrumb":{"@id":"https:\/\/powertowers.com\/es\/la-familia-autopropulsada\/#breadcrumb"},"inLanguage":"sv-SE","potentialAction":[{"@type":"ReadAction","target":["https:\/\/powertowers.com\/es\/la-familia-autopropulsada\/"]}]},{"@type":"ImageObject","inLanguage":"sv-SE","@id":"https:\/\/powertowers.com\/es\/la-familia-autopropulsada\/#primaryimage","url":"https:\/\/37.148.206.186\/wp-content\/uploads\/2023\/04\/Nano-SP.jpg","contentUrl":"https:\/\/37.148.206.186\/wp-content\/uploads\/2023\/04\/Nano-SP.jpg"},{"@type":"BreadcrumbList","@id":"https:\/\/powertowers.com\/es\/la-familia-autopropulsada\/#breadcrumb","itemListElement":[{"@type":"ListItem","position":1,"name":"Home","item":"https:\/\/powertowers.com\/nl\/"},{"@type":"ListItem","position":2,"name":"The self-propelled family"}]},{"@type":"WebSite","@id":"https:\/\/powertowers.com\/nl\/#website","url":"https:\/\/powertowers.com\/nl\/","name":"Kraftverkstorn","description":"Alternativet till stegar, podier och byggnadsst\u00e4llningar.","publisher":{"@id":"https:\/\/powertowers.com\/nl\/#organization"},"potentialAction":[{"@type":"SearchAction","target":{"@type":"EntryPoint","urlTemplate":"https:\/\/powertowers.com\/nl\/?s={search_term_string}"},"query-input":{"@type":"PropertyValueSpecification","valueRequired":true,"valueName":"search_term_string"}}],"inLanguage":"sv-SE"},{"@type":"Organization","@id":"https:\/\/powertowers.com\/nl\/#organization","name":"Power Towers Ltd.","url":"https:\/\/powertowers.com\/nl\/","logo":{"@type":"ImageObject","inLanguage":"sv-SE","@id":"https:\/\/powertowers.com\/nl\/#\/schema\/logo\/image\/","url":"https:\/\/37.148.206.186\/wp-content\/uploads\/2021\/12\/power-towers-new-logo-outline-1024px.png","contentUrl":"https:\/\/37.148.206.186\/wp-content\/uploads\/2021\/12\/power-towers-new-logo-outline-1024px.png","width":1024,"height":209,"caption":"Power Towers Ltd."},"image":{"@id":"https:\/\/powertowers.com\/nl\/#\/schema\/logo\/image\/"}}]}},"_links":{"self":[{"href":"https:\/\/powertowers.com\/sv\/wp-json\/wp\/v2\/pages\/638","targetHints":{"allow":["GET"]}}],"collection":[{"href":"https:\/\/powertowers.com\/sv\/wp-json\/wp\/v2\/pages"}],"about":[{"href":"https:\/\/powertowers.com\/sv\/wp-json\/wp\/v2\/types\/page"}],"author":[{"embeddable":true,"href":"https:\/\/powertowers.com\/sv\/wp-json\/wp\/v2\/users\/1"}],"replies":[{"embeddable":true,"href":"https:\/\/powertowers.com\/sv\/wp-json\/wp\/v2\/comments?post=638"}],"version-history":[{"count":25,"href":"https:\/\/powertowers.com\/sv\/wp-json\/wp\/v2\/pages\/638\/revisions"}],"predecessor-version":[{"id":5733,"href":"https:\/\/powertowers.com\/sv\/wp-json\/wp\/v2\/pages\/638\/revisions\/5733"}],"wp:attachment":[{"href":"https:\/\/powertowers.com\/sv\/wp-json\/wp\/v2\/media?parent=638"}],"curies":[{"name":"wp","href":"https:\/\/api.w.org\/{rel}","templated":true}]}}