{"id":5364,"date":"2025-08-27T10:35:55","date_gmt":"2025-08-27T08:35:55","guid":{"rendered":"https:\/\/37.148.206.186\/?page_id=5364"},"modified":"2025-09-10T18:35:57","modified_gmt":"2025-09-10T16:35:57","slug":"trangt-utrymme","status":"publish","type":"page","link":"https:\/\/powertowers.com\/sv\/confined-space\/","title":{"rendered":"Begr\u00e4nsat utrymme"},"content":{"rendered":"<div data-elementor-type=\"wp-page\" data-elementor-id=\"5364\" class=\"elementor elementor-5364\" data-elementor-post-type=\"page\">\n\t\t\t\t\t\t<section class=\"elementor-section elementor-top-section elementor-element elementor-element-729ee493 elementor-section-boxed elementor-section-height-default elementor-section-height-default elementor-invisible\" data-id=\"729ee493\" data-element_type=\"section\" data-e-type=\"section\" data-settings=\"{&quot;animation&quot;:&quot;slideInDown&quot;}\">\n\t\t\t\t\t\t<div class=\"elementor-container elementor-column-gap-default\">\n\t\t\t\t\t<div class=\"elementor-column elementor-col-100 elementor-top-column elementor-element elementor-element-af4b656\" data-id=\"af4b656\" data-element_type=\"column\" data-e-type=\"column\">\n\t\t\t<div class=\"elementor-widget-wrap elementor-element-populated\">\n\t\t\t\t\t\t<div class=\"elementor-element elementor-element-1ddf6ae0 elementor-widget elementor-widget-heading\" data-id=\"1ddf6ae0\" data-element_type=\"widget\" data-e-type=\"widget\" data-widget_type=\"heading.default\">\n\t\t\t\t<div class=\"elementor-widget-container\">\n\t\t\t\t\t<h1 class=\"elementor-heading-title elementor-size-default\">FAMILJ I TR\u00c5NGA UTRYMMEN<\/h1>\t\t\t\t<\/div>\n\t\t\t\t<\/div>\n\t\t\t\t<div class=\"elementor-element elementor-element-2d08a661 elementor-widget elementor-widget-heading\" data-id=\"2d08a661\" data-element_type=\"widget\" data-e-type=\"widget\" data-widget_type=\"heading.default\">\n\t\t\t\t<div class=\"elementor-widget-container\">\n\t\t\t\t\t<h2 class=\"elementor-heading-title elementor-size-default\">Kompakt \u00e5tkomst, maximal s\u00e4kerhet<\/h2>\t\t\t\t<\/div>\n\t\t\t\t<\/div>\n\t\t\t\t\t<\/div>\n\t\t<\/div>\n\t\t\t\t\t<\/div>\n\t\t<\/section>\n\t\t\t\t<section class=\"elementor-section elementor-top-section elementor-element elementor-element-39291ae2 elementor-section-boxed elementor-section-height-default elementor-section-height-default elementor-invisible\" data-id=\"39291ae2\" data-element_type=\"section\" data-e-type=\"section\" data-settings=\"{&quot;animation&quot;:&quot;slideInUp&quot;}\">\n\t\t\t\t\t\t<div class=\"elementor-container elementor-column-gap-default\">\n\t\t\t\t\t<div class=\"elementor-column elementor-col-50 elementor-top-column elementor-element elementor-element-6ce8b1aa\" data-id=\"6ce8b1aa\" data-element_type=\"column\" data-e-type=\"column\" data-settings=\"{&quot;background_background&quot;:&quot;classic&quot;}\">\n\t\t\t<div class=\"elementor-widget-wrap elementor-element-populated\">\n\t\t\t\t\t\t<div class=\"elementor-element elementor-element-317da22f elementor-widget elementor-widget-image\" data-id=\"317da22f\" data-element_type=\"widget\" data-e-type=\"widget\" data-widget_type=\"image.default\">\n\t\t\t\t<div class=\"elementor-widget-container\">\n\t\t\t\t\t\t\t\t\t\t\t\t\t\t\t\t<a href=\"https:\/\/powertowers.com\/sv\/nano-30cs\/\">\n\t\t\t\t\t\t\t<img fetchpriority=\"high\" decoding=\"async\" width=\"500\" height=\"500\" src=\"https:\/\/powertowers.com\/wp-content\/uploads\/2025\/08\/JLG-Nano-30CS_500x500px.jpg\" class=\"elementor-animation-shrink attachment-full size-full wp-image-5368\" alt=\"\" srcset=\"https:\/\/powertowers.com\/wp-content\/uploads\/2025\/08\/JLG-Nano-30CS_500x500px.jpg 500w, https:\/\/powertowers.com\/wp-content\/uploads\/2025\/08\/JLG-Nano-30CS_500x500px-300x300.jpg 300w, https:\/\/powertowers.com\/wp-content\/uploads\/2025\/08\/JLG-Nano-30CS_500x500px-150x150.jpg 150w, https:\/\/powertowers.com\/wp-content\/uploads\/2025\/08\/JLG-Nano-30CS_500x500px-12x12.jpg 12w\" sizes=\"(max-width: 34.9rem) calc(100vw - 2rem), (max-width: 53rem) calc(8 * (100vw \/ 12)), (min-width: 53rem) calc(6 * (100vw \/ 12)), 100vw\" \/>\t\t\t\t\t\t\t\t<\/a>\n\t\t\t\t\t\t\t\t\t\t\t\t\t\t\t<\/div>\n\t\t\t\t<\/div>\n\t\t\t\t<div class=\"elementor-element elementor-element-1af74370 elementor-widget elementor-widget-heading\" data-id=\"1af74370\" data-element_type=\"widget\" data-e-type=\"widget\" data-widget_type=\"heading.default\">\n\t\t\t\t<div class=\"elementor-widget-container\">\n\t\t\t\t\t<h4 class=\"elementor-heading-title elementor-size-default\"><a href=\"https:\/\/powertowers.com\/sv\/nano-30cs\/\">Nano 30CS<\/a><\/h4>\t\t\t\t<\/div>\n\t\t\t\t<\/div>\n\t\t\t\t<div class=\"elementor-element elementor-element-3994ddbd elementor-widget elementor-widget-heading\" data-id=\"3994ddbd\" data-element_type=\"widget\" data-e-type=\"widget\" data-widget_type=\"heading.default\">\n\t\t\t\t<div class=\"elementor-widget-container\">\n\t\t\t\t\t<h4 class=\"elementor-heading-title elementor-size-default\">Push around-l\u00f6sning med ett extra litet d\u00e4ck f\u00f6r tr\u00e5nga utrymmen och en maximal arbetsh\u00f6jd p\u00e5 4,95 m<\/h4>\t\t\t\t<\/div>\n\t\t\t\t<\/div>\n\t\t\t\t<div class=\"elementor-element elementor-element-5d582447 elementor-align-center elementor-widget elementor-widget-button\" data-id=\"5d582447\" data-element_type=\"widget\" data-e-type=\"widget\" data-widget_type=\"button.default\">\n\t\t\t\t<div class=\"elementor-widget-container\">\n\t\t\t\t\t\t\t\t\t<div class=\"elementor-button-wrapper\">\n\t\t\t\t\t<a class=\"elementor-button elementor-button-link elementor-size-sm\" href=\"https:\/\/powertowers.com\/sv\/nano-30cs\/\">\n\t\t\t\t\t\t<span class=\"elementor-button-content-wrapper\">\n\t\t\t\t\t\t\t\t\t<span class=\"elementor-button-text\">KONTROLLERA ALLA SPECIFIKATIONER<\/span>\n\t\t\t\t\t<\/span>\n\t\t\t\t\t<\/a>\n\t\t\t\t<\/div>\n\t\t\t\t\t\t\t\t<\/div>\n\t\t\t\t<\/div>\n\t\t\t\t\t<\/div>\n\t\t<\/div>\n\t\t\t\t<div class=\"elementor-column elementor-col-50 elementor-top-column elementor-element elementor-element-60c72bdc\" data-id=\"60c72bdc\" data-element_type=\"column\" data-e-type=\"column\" data-settings=\"{&quot;background_background&quot;:&quot;classic&quot;}\">\n\t\t\t<div class=\"elementor-widget-wrap elementor-element-populated\">\n\t\t\t\t\t\t<div class=\"elementor-element elementor-element-7c03bc24 elementor-widget elementor-widget-image\" data-id=\"7c03bc24\" data-element_type=\"widget\" data-e-type=\"widget\" data-widget_type=\"image.default\">\n\t\t\t\t<div class=\"elementor-widget-container\">\n\t\t\t\t\t\t\t\t\t\t\t\t\t\t\t\t<a href=\"https:\/\/powertowers.com\/sv\/power-tower-cs\/\">\n\t\t\t\t\t\t\t<img decoding=\"async\" width=\"500\" height=\"500\" src=\"https:\/\/powertowers.com\/wp-content\/uploads\/2025\/08\/Power-Tower-CS_500x500px.jpg\" class=\"elementor-animation-shrink attachment-full size-full wp-image-5367\" alt=\"\" srcset=\"https:\/\/powertowers.com\/wp-content\/uploads\/2025\/08\/Power-Tower-CS_500x500px.jpg 500w, https:\/\/powertowers.com\/wp-content\/uploads\/2025\/08\/Power-Tower-CS_500x500px-300x300.jpg 300w, https:\/\/powertowers.com\/wp-content\/uploads\/2025\/08\/Power-Tower-CS_500x500px-150x150.jpg 150w, https:\/\/powertowers.com\/wp-content\/uploads\/2025\/08\/Power-Tower-CS_500x500px-12x12.jpg 12w\" sizes=\"(max-width: 34.9rem) calc(100vw - 2rem), (max-width: 53rem) calc(8 * (100vw \/ 12)), (min-width: 53rem) calc(6 * (100vw \/ 12)), 100vw\" \/>\t\t\t\t\t\t\t\t<\/a>\n\t\t\t\t\t\t\t\t\t\t\t\t\t\t\t<\/div>\n\t\t\t\t<\/div>\n\t\t\t\t<div class=\"elementor-element elementor-element-51200e52 elementor-widget elementor-widget-heading\" data-id=\"51200e52\" data-element_type=\"widget\" data-e-type=\"widget\" data-widget_type=\"heading.default\">\n\t\t\t\t<div class=\"elementor-widget-container\">\n\t\t\t\t\t<h4 class=\"elementor-heading-title elementor-size-default\"><a href=\"https:\/\/powertowers.com\/sv\/power-tower-cs\/\">POWER TOWER CS<\/a><\/h4>\t\t\t\t<\/div>\n\t\t\t\t<\/div>\n\t\t\t\t<div class=\"elementor-element elementor-element-75f0aa17 elementor-widget elementor-widget-heading\" data-id=\"75f0aa17\" data-element_type=\"widget\" data-e-type=\"widget\" data-widget_type=\"heading.default\">\n\t\t\t\t<div class=\"elementor-widget-container\">\n\t\t\t\t\t<h4 class=\"elementor-heading-title elementor-size-default\">Push around-l\u00f6sning med ett extra litet d\u00e4ck<span style=\"letter-spacing: -0.02em\"> f\u00f6r tr\u00e5nga utrymmen<\/span><span style=\"letter-spacing: -0.02em\"> och en maximal arbetsh\u00f6jd p\u00e5 5 m<\/span><span style=\"letter-spacing: -0.02em\"><\/span><br><\/h4>\t\t\t\t<\/div>\n\t\t\t\t<\/div>\n\t\t\t\t<div class=\"elementor-element elementor-element-21928e69 elementor-align-center elementor-widget elementor-widget-button\" data-id=\"21928e69\" data-element_type=\"widget\" data-e-type=\"widget\" data-widget_type=\"button.default\">\n\t\t\t\t<div class=\"elementor-widget-container\">\n\t\t\t\t\t\t\t\t\t<div class=\"elementor-button-wrapper\">\n\t\t\t\t\t<a class=\"elementor-button elementor-button-link elementor-size-sm\" href=\"https:\/\/powertowers.com\/sv\/power-tower-cs\/\">\n\t\t\t\t\t\t<span class=\"elementor-button-content-wrapper\">\n\t\t\t\t\t\t\t\t\t<span class=\"elementor-button-text\">KONTROLLERA ALLA SPECIFIKATIONER<\/span>\n\t\t\t\t\t<\/span>\n\t\t\t\t\t<\/a>\n\t\t\t\t<\/div>\n\t\t\t\t\t\t\t\t<\/div>\n\t\t\t\t<\/div>\n\t\t\t\t\t<\/div>\n\t\t<\/div>\n\t\t\t\t\t<\/div>\n\t\t<\/section>\n\t\t\t\t<section class=\"elementor-section elementor-top-section elementor-element elementor-element-3f18d589 elementor-section-boxed elementor-section-height-default elementor-section-height-default elementor-invisible\" data-id=\"3f18d589\" data-element_type=\"section\" data-e-type=\"section\" data-settings=\"{&quot;animation&quot;:&quot;zoomIn&quot;}\">\n\t\t\t\t\t\t<div class=\"elementor-container elementor-column-gap-default\">\n\t\t\t\t\t<div class=\"elementor-column elementor-col-100 elementor-top-column elementor-element elementor-element-60fddb7c\" data-id=\"60fddb7c\" data-element_type=\"column\" data-e-type=\"column\">\n\t\t\t<div class=\"elementor-widget-wrap elementor-element-populated\">\n\t\t\t\t\t\t<section class=\"elementor-section elementor-inner-section elementor-element elementor-element-77c8d661 elementor-section-content-bottom elementor-section-boxed elementor-section-height-default elementor-section-height-default\" data-id=\"77c8d661\" data-element_type=\"section\" data-e-type=\"section\">\n\t\t\t\t\t\t<div class=\"elementor-container elementor-column-gap-default\">\n\t\t\t\t\t<div class=\"elementor-column elementor-col-50 elementor-inner-column elementor-element elementor-element-ae51e3f\" data-id=\"ae51e3f\" data-element_type=\"column\" data-e-type=\"column\">\n\t\t\t<div class=\"elementor-widget-wrap elementor-element-populated\">\n\t\t\t\t\t\t<div class=\"elementor-element elementor-element-7582f29a elementor-align-right elementor-mobile-align-center elementor-widget elementor-widget-button\" data-id=\"7582f29a\" data-element_type=\"widget\" data-e-type=\"widget\" data-widget_type=\"button.default\">\n\t\t\t\t<div class=\"elementor-widget-container\">\n\t\t\t\t\t\t\t\t\t<div class=\"elementor-button-wrapper\">\n\t\t\t\t\t<a class=\"elementor-button elementor-button-link elementor-size-md\" href=\"https:\/\/powertowers.com\/sv\/demo\/\">\n\t\t\t\t\t\t<span class=\"elementor-button-content-wrapper\">\n\t\t\t\t\t\t\t\t\t<span class=\"elementor-button-text\">Jag vill ha en demonstration<\/span>\n\t\t\t\t\t<\/span>\n\t\t\t\t\t<\/a>\n\t\t\t\t<\/div>\n\t\t\t\t\t\t\t\t<\/div>\n\t\t\t\t<\/div>\n\t\t\t\t\t<\/div>\n\t\t<\/div>\n\t\t\t\t<div class=\"elementor-column elementor-col-50 elementor-inner-column elementor-element elementor-element-51ed762e\" data-id=\"51ed762e\" data-element_type=\"column\" data-e-type=\"column\">\n\t\t\t<div class=\"elementor-widget-wrap elementor-element-populated\">\n\t\t\t\t\t\t<div class=\"elementor-element elementor-element-526be1e5 elementor-align-left elementor-mobile-align-center elementor-widget elementor-widget-button\" data-id=\"526be1e5\" data-element_type=\"widget\" data-e-type=\"widget\" data-widget_type=\"button.default\">\n\t\t\t\t<div class=\"elementor-widget-container\">\n\t\t\t\t\t\t\t\t\t<div class=\"elementor-button-wrapper\">\n\t\t\t\t\t<a class=\"elementor-button elementor-button-link elementor-size-md\" href=\"https:\/\/powertowers.com\/sv\/quote\/\">\n\t\t\t\t\t\t<span class=\"elementor-button-content-wrapper\">\n\t\t\t\t\t\t\t\t\t<span class=\"elementor-button-text\">Jag vill ha en offert<\/span>\n\t\t\t\t\t<\/span>\n\t\t\t\t\t<\/a>\n\t\t\t\t<\/div>\n\t\t\t\t\t\t\t\t<\/div>\n\t\t\t\t<\/div>\n\t\t\t\t\t<\/div>\n\t\t<\/div>\n\t\t\t\t\t<\/div>\n\t\t<\/section>\n\t\t\t\t\t<\/div>\n\t\t<\/div>\n\t\t\t\t\t<\/div>\n\t\t<\/section>\n\t\t\t\t<section class=\"elementor-section elementor-top-section elementor-element elementor-element-5b1514d elementor-section-boxed elementor-section-height-default elementor-section-height-default elementor-invisible\" data-id=\"5b1514d\" data-element_type=\"section\" data-e-type=\"section\" data-settings=\"{&quot;animation&quot;:&quot;slideInUp&quot;}\">\n\t\t\t\t\t\t<div class=\"elementor-container elementor-column-gap-default\">\n\t\t\t\t\t<div class=\"elementor-column elementor-col-50 elementor-top-column elementor-element elementor-element-ef5345\" data-id=\"ef5345\" data-element_type=\"column\" data-e-type=\"column\">\n\t\t\t<div class=\"elementor-widget-wrap elementor-element-populated\">\n\t\t\t\t\t\t<div class=\"elementor-element elementor-element-280f3a76 elementor-widget elementor-widget-text-editor\" data-id=\"280f3a76\" data-element_type=\"widget\" data-e-type=\"widget\" data-widget_type=\"text-editor.default\">\n\t\t\t\t<div class=\"elementor-widget-container\">\n\t\t\t\t\t\t\t\t\t<p style=\"font-weight: 400;\">Letar du efter en l\u00e4tt och kompakt l\u00f6sning f\u00f6r tilltr\u00e4de p\u00e5 l\u00e5g niv\u00e5 som \u00e4r utformad f\u00f6r tr\u00e5nga och begr\u00e4nsade utrymmen? V\u00e5ra plattformar Nano 30CS och Power Tower CS \u00e4r specialbyggda f\u00f6r att ge s\u00e4ker, tillf\u00f6rlitlig och effektiv \u00e5tkomst utan att kompromissa med prestandan.<\/p><p style=\"font-weight: 400;\">Skjut helt enkelt in den i position, kliv upp p\u00e5 plattformen och tryck p\u00e5 knappen f\u00f6r att n\u00e5 din arbetsh\u00f6jd - upp till 4,95 m med Nano 30CS eller 5,00 m med Power Tower CS. Ingen kl\u00e4ttring, uppst\u00e4llning eller nedmontering kr\u00e4vs.<\/p><p style=\"font-weight: 400;\">Med en helt skyddad plattform, 360\u00b0 sv\u00e4ngradie och ett smalt fotavtryck som passar genom enkla d\u00f6rr\u00f6ppningar g\u00f6r dessa maskiner det enkelt att komma \u00e5t tr\u00e5nga utrymmen - till och med mellan vanliga takplattor - samtidigt som operat\u00f6rerna \u00e4r s\u00e4kra, stabila och har h\u00e4nderna fria.<\/p><p style=\"font-weight: 400;\">Oavsett om det g\u00e4ller underh\u00e5lls-, inspektions- eller installationsarbeten \u00e4r dessa plattformar det b\u00e4sta valet f\u00f6r att maximera produktiviteten i tr\u00e5nga utrymmen.<\/p><p><a href=\"https:\/\/powertowers.com\/sv\/formaner\/\">L\u00e4s mer om Power Towers sortiment av produktf\u00f6rm\u00e5ner h\u00e4r!<\/a><\/p>\t\t\t\t\t\t\t\t<\/div>\n\t\t\t\t<\/div>\n\t\t\t\t\t<\/div>\n\t\t<\/div>\n\t\t\t\t<div class=\"elementor-column elementor-col-50 elementor-top-column elementor-element elementor-element-242e4a58\" data-id=\"242e4a58\" data-element_type=\"column\" data-e-type=\"column\">\n\t\t\t<div class=\"elementor-widget-wrap elementor-element-populated\">\n\t\t\t\t\t\t<div class=\"elementor-element elementor-element-7691dc42 elementor-widget elementor-widget-text-editor\" data-id=\"7691dc42\" data-element_type=\"widget\" data-e-type=\"widget\" data-widget_type=\"text-editor.default\">\n\t\t\t\t<div class=\"elementor-widget-container\">\n\t\t\t\t\t\t\t\t\t<p><strong>Egenskaper och f\u00f6rdelar:<\/strong><\/p><ul><li><p style=\"font-weight: 400;\">Kompakt design f\u00f6r tr\u00e5nga eller smala utrymmen<\/p><\/li><li>Liten plattform ger tilltr\u00e4de genom 60 x 60 cm takplattor<\/li><li><p style=\"font-weight: 400;\">Plattformens m\u00e5tt 55 x 55 x 74 cm<\/p><\/li><li><p style=\"font-weight: 400;\">L\u00e4tt och man\u00f6vrerbar<\/p><\/li><li><p style=\"font-weight: 400;\">Enkel, tryckknappsbaserad drift f\u00f6r anv\u00e4ndarv\u00e4nlighet<\/p><\/li><li><p style=\"font-weight: 400;\">Utformad med s\u00e4kerhet i \u00e5tanke<\/p><\/li><li><p style=\"font-weight: 400;\">Optimal storlek f\u00f6r att passa genom enkla d\u00f6rr\u00f6ppningar<\/p><\/li><li><p style=\"font-weight: 400;\">N\u00f6dl\u00e4ge l\u00e4gre fr\u00e5n markniv\u00e5<\/p><\/li><\/ul>\t\t\t\t\t\t\t\t<\/div>\n\t\t\t\t<\/div>\n\t\t\t\t\t<\/div>\n\t\t<\/div>\n\t\t\t\t\t<\/div>\n\t\t<\/section>\n\t\t\t\t<\/div>","protected":false},"excerpt":{"rendered":"<p>CONFINED SPACE FAMILY Kompakt \u00e5tkomst, maximal s\u00e4kerhet Nano 30CS Push around-l\u00f6sning med ett extra litet d\u00e4ck f\u00f6r tr\u00e5nga utrymmen och en maximal arbetsh\u00f6jd p\u00e5 4,95 m KONTROLLERA ALLA SPECIFIKATIONER POWER TOWER CS Push around-l\u00f6sning med ett extra litet d\u00e4ck f\u00f6r tr\u00e5nga utrymmen och en maximal arbetsh\u00f6jd p\u00e5 5 m KONTROLLERA ALLA SPECIFIKATIONER ... <\/p>\n<p class=\"link-more\"><a href=\"https:\/\/powertowers.com\/sv\/confined-space\/\" class=\"more-link\">Forts\u00e4tt l\u00e4sa<span class=\"screen-reader-text\"> \"Begr\u00e4nsat utrymme\"<\/span><\/a><\/p>","protected":false},"author":1,"featured_media":0,"parent":0,"menu_order":0,"comment_status":"closed","ping_status":"closed","template":"elementor_header_footer","meta":{"content-type":"","footnotes":""},"class_list":["post-5364","page","type-page","status-publish","hentry","entry"],"yoast_head":"<!-- This site is optimized with the Yoast SEO plugin v27.3 - https:\/\/yoast.com\/product\/yoast-seo-wordpress\/ -->\n<title>Confined space - Power Towers<\/title>\n<meta name=\"robots\" content=\"index, follow, max-snippet:-1, max-image-preview:large, max-video-preview:-1\" \/>\n<link rel=\"canonical\" href=\"https:\/\/powertowers.com\/sv\/trangt-utrymme\/\" \/>\n<meta property=\"og:locale\" content=\"sv_SE\" \/>\n<meta property=\"og:type\" content=\"article\" \/>\n<meta property=\"og:title\" content=\"Confined space - Power Towers\" \/>\n<meta property=\"og:description\" content=\"CONFINED SPACE FAMILY Compact Access, Maximum Safety Nano 30CS Push around solution with an extra small deck for confined spaces and maximum working height of 4,95 m CHECK ALL SPECIFICATIONS POWER TOWER CS Push around solution with an extra small deck for confined spaces and a maximum working height of 5 m CHECK ALL SPECIFICATIONS &hellip; Forts\u00e4tt l\u00e4sa \u201dConfined space\u201d\" \/>\n<meta property=\"og:url\" content=\"https:\/\/powertowers.com\/sv\/trangt-utrymme\/\" \/>\n<meta property=\"og:site_name\" content=\"Power Towers\" \/>\n<meta property=\"article:modified_time\" content=\"2025-09-10T16:35:57+00:00\" \/>\n<meta property=\"og:image\" content=\"https:\/\/37.148.206.186\/wp-content\/uploads\/2025\/08\/JLG-Nano-30CS_500x500px.jpg\" \/>\n<meta name=\"twitter:card\" content=\"summary_large_image\" \/>\n<meta name=\"twitter:label1\" content=\"Ber\u00e4knad l\u00e4stid\" \/>\n\t<meta name=\"twitter:data1\" content=\"2 minuter\" \/>\n<script type=\"application\/ld+json\" class=\"yoast-schema-graph\">{\"@context\":\"https:\\\/\\\/schema.org\",\"@graph\":[{\"@type\":\"WebPage\",\"@id\":\"https:\\\/\\\/powertowers.com\\\/confined-space\\\/\",\"url\":\"https:\\\/\\\/powertowers.com\\\/confined-space\\\/\",\"name\":\"Confined space - Power Towers\",\"isPartOf\":{\"@id\":\"https:\\\/\\\/powertowers.com\\\/nl\\\/#website\"},\"primaryImageOfPage\":{\"@id\":\"https:\\\/\\\/powertowers.com\\\/confined-space\\\/#primaryimage\"},\"image\":{\"@id\":\"https:\\\/\\\/powertowers.com\\\/confined-space\\\/#primaryimage\"},\"thumbnailUrl\":\"https:\\\/\\\/37.148.206.186\\\/wp-content\\\/uploads\\\/2025\\\/08\\\/JLG-Nano-30CS_500x500px.jpg\",\"datePublished\":\"2025-08-27T08:35:55+00:00\",\"dateModified\":\"2025-09-10T16:35:57+00:00\",\"breadcrumb\":{\"@id\":\"https:\\\/\\\/powertowers.com\\\/confined-space\\\/#breadcrumb\"},\"inLanguage\":\"sv-SE\",\"potentialAction\":[{\"@type\":\"ReadAction\",\"target\":[\"https:\\\/\\\/powertowers.com\\\/confined-space\\\/\"]}]},{\"@type\":\"ImageObject\",\"inLanguage\":\"sv-SE\",\"@id\":\"https:\\\/\\\/powertowers.com\\\/confined-space\\\/#primaryimage\",\"url\":\"https:\\\/\\\/37.148.206.186\\\/wp-content\\\/uploads\\\/2025\\\/08\\\/JLG-Nano-30CS_500x500px.jpg\",\"contentUrl\":\"https:\\\/\\\/37.148.206.186\\\/wp-content\\\/uploads\\\/2025\\\/08\\\/JLG-Nano-30CS_500x500px.jpg\"},{\"@type\":\"BreadcrumbList\",\"@id\":\"https:\\\/\\\/powertowers.com\\\/confined-space\\\/#breadcrumb\",\"itemListElement\":[{\"@type\":\"ListItem\",\"position\":1,\"name\":\"Home\",\"item\":\"https:\\\/\\\/powertowers.com\\\/nl\\\/\"},{\"@type\":\"ListItem\",\"position\":2,\"name\":\"Confined space\"}]},{\"@type\":\"WebSite\",\"@id\":\"https:\\\/\\\/powertowers.com\\\/nl\\\/#website\",\"url\":\"https:\\\/\\\/powertowers.com\\\/nl\\\/\",\"name\":\"Power Towers\",\"description\":\"The alternative to ladders, podiums and scaffolding.\",\"publisher\":{\"@id\":\"https:\\\/\\\/powertowers.com\\\/nl\\\/#organization\"},\"potentialAction\":[{\"@type\":\"SearchAction\",\"target\":{\"@type\":\"EntryPoint\",\"urlTemplate\":\"https:\\\/\\\/powertowers.com\\\/nl\\\/?s={search_term_string}\"},\"query-input\":{\"@type\":\"PropertyValueSpecification\",\"valueRequired\":true,\"valueName\":\"search_term_string\"}}],\"inLanguage\":\"sv-SE\"},{\"@type\":\"Organization\",\"@id\":\"https:\\\/\\\/powertowers.com\\\/nl\\\/#organization\",\"name\":\"Power Towers Ltd.\",\"url\":\"https:\\\/\\\/powertowers.com\\\/nl\\\/\",\"logo\":{\"@type\":\"ImageObject\",\"inLanguage\":\"sv-SE\",\"@id\":\"https:\\\/\\\/powertowers.com\\\/nl\\\/#\\\/schema\\\/logo\\\/image\\\/\",\"url\":\"https:\\\/\\\/37.148.206.186\\\/wp-content\\\/uploads\\\/2021\\\/12\\\/power-towers-new-logo-outline-1024px.png\",\"contentUrl\":\"https:\\\/\\\/37.148.206.186\\\/wp-content\\\/uploads\\\/2021\\\/12\\\/power-towers-new-logo-outline-1024px.png\",\"width\":1024,\"height\":209,\"caption\":\"Power Towers Ltd.\"},\"image\":{\"@id\":\"https:\\\/\\\/powertowers.com\\\/nl\\\/#\\\/schema\\\/logo\\\/image\\\/\"}}]}<\/script>\n<!-- \/ Yoast SEO plugin. -->","yoast_head_json":{"title":"Begr\u00e4nsat utrymme - Power Towers","robots":{"index":"index","follow":"follow","max-snippet":"max-snippet:-1","max-image-preview":"max-image-preview:large","max-video-preview":"max-video-preview:-1"},"canonical":"https:\/\/powertowers.com\/sv\/trangt-utrymme\/","og_locale":"sv_SE","og_type":"article","og_title":"Confined space - Power Towers","og_description":"CONFINED SPACE FAMILY Compact Access, Maximum Safety Nano 30CS Push around solution with an extra small deck for confined spaces and maximum working height of 4,95 m CHECK ALL SPECIFICATIONS POWER TOWER CS Push around solution with an extra small deck for confined spaces and a maximum working height of 5 m CHECK ALL SPECIFICATIONS &hellip; Forts\u00e4tt l\u00e4sa \u201dConfined space\u201d","og_url":"https:\/\/powertowers.com\/sv\/trangt-utrymme\/","og_site_name":"Power Towers","article_modified_time":"2025-09-10T16:35:57+00:00","og_image":[{"url":"https:\/\/37.148.206.186\/wp-content\/uploads\/2025\/08\/JLG-Nano-30CS_500x500px.jpg","type":"","width":"","height":""}],"twitter_card":"summary_large_image","twitter_misc":{"Ber\u00e4knad l\u00e4stid":"2 minuter"},"schema":{"@context":"https:\/\/schema.org","@graph":[{"@type":"WebPage","@id":"https:\/\/powertowers.com\/confined-space\/","url":"https:\/\/powertowers.com\/confined-space\/","name":"Begr\u00e4nsat utrymme - Power Towers","isPartOf":{"@id":"https:\/\/powertowers.com\/nl\/#website"},"primaryImageOfPage":{"@id":"https:\/\/powertowers.com\/confined-space\/#primaryimage"},"image":{"@id":"https:\/\/powertowers.com\/confined-space\/#primaryimage"},"thumbnailUrl":"https:\/\/37.148.206.186\/wp-content\/uploads\/2025\/08\/JLG-Nano-30CS_500x500px.jpg","datePublished":"2025-08-27T08:35:55+00:00","dateModified":"2025-09-10T16:35:57+00:00","breadcrumb":{"@id":"https:\/\/powertowers.com\/confined-space\/#breadcrumb"},"inLanguage":"sv-SE","potentialAction":[{"@type":"ReadAction","target":["https:\/\/powertowers.com\/confined-space\/"]}]},{"@type":"ImageObject","inLanguage":"sv-SE","@id":"https:\/\/powertowers.com\/confined-space\/#primaryimage","url":"https:\/\/37.148.206.186\/wp-content\/uploads\/2025\/08\/JLG-Nano-30CS_500x500px.jpg","contentUrl":"https:\/\/37.148.206.186\/wp-content\/uploads\/2025\/08\/JLG-Nano-30CS_500x500px.jpg"},{"@type":"BreadcrumbList","@id":"https:\/\/powertowers.com\/confined-space\/#breadcrumb","itemListElement":[{"@type":"ListItem","position":1,"name":"Home","item":"https:\/\/powertowers.com\/nl\/"},{"@type":"ListItem","position":2,"name":"Confined space"}]},{"@type":"WebSite","@id":"https:\/\/powertowers.com\/nl\/#website","url":"https:\/\/powertowers.com\/nl\/","name":"Kraftverkstorn","description":"Alternativet till stegar, podier och byggnadsst\u00e4llningar.","publisher":{"@id":"https:\/\/powertowers.com\/nl\/#organization"},"potentialAction":[{"@type":"SearchAction","target":{"@type":"EntryPoint","urlTemplate":"https:\/\/powertowers.com\/nl\/?s={search_term_string}"},"query-input":{"@type":"PropertyValueSpecification","valueRequired":true,"valueName":"search_term_string"}}],"inLanguage":"sv-SE"},{"@type":"Organization","@id":"https:\/\/powertowers.com\/nl\/#organization","name":"Power Towers Ltd.","url":"https:\/\/powertowers.com\/nl\/","logo":{"@type":"ImageObject","inLanguage":"sv-SE","@id":"https:\/\/powertowers.com\/nl\/#\/schema\/logo\/image\/","url":"https:\/\/37.148.206.186\/wp-content\/uploads\/2021\/12\/power-towers-new-logo-outline-1024px.png","contentUrl":"https:\/\/37.148.206.186\/wp-content\/uploads\/2021\/12\/power-towers-new-logo-outline-1024px.png","width":1024,"height":209,"caption":"Power Towers Ltd."},"image":{"@id":"https:\/\/powertowers.com\/nl\/#\/schema\/logo\/image\/"}}]}},"_links":{"self":[{"href":"https:\/\/powertowers.com\/sv\/wp-json\/wp\/v2\/pages\/5364","targetHints":{"allow":["GET"]}}],"collection":[{"href":"https:\/\/powertowers.com\/sv\/wp-json\/wp\/v2\/pages"}],"about":[{"href":"https:\/\/powertowers.com\/sv\/wp-json\/wp\/v2\/types\/page"}],"author":[{"embeddable":true,"href":"https:\/\/powertowers.com\/sv\/wp-json\/wp\/v2\/users\/1"}],"replies":[{"embeddable":true,"href":"https:\/\/powertowers.com\/sv\/wp-json\/wp\/v2\/comments?post=5364"}],"version-history":[{"count":49,"href":"https:\/\/powertowers.com\/sv\/wp-json\/wp\/v2\/pages\/5364\/revisions"}],"predecessor-version":[{"id":5695,"href":"https:\/\/powertowers.com\/sv\/wp-json\/wp\/v2\/pages\/5364\/revisions\/5695"}],"wp:attachment":[{"href":"https:\/\/powertowers.com\/sv\/wp-json\/wp\/v2\/media?parent=5364"}],"curies":[{"name":"wp","href":"https:\/\/api.w.org\/{rel}","templated":true}]}}