{"id":123,"date":"2021-12-14T16:09:51","date_gmt":"2021-12-14T16:09:51","guid":{"rendered":"https:\/\/37.148.206.186\/?page_id=123"},"modified":"2025-09-11T13:50:47","modified_gmt":"2025-09-11T11:50:47","slug":"formaner","status":"publish","type":"page","link":"https:\/\/powertowers.com\/sv\/benefits\/","title":{"rendered":"F\u00f6rdelar"},"content":{"rendered":"<div data-elementor-type=\"wp-page\" data-elementor-id=\"123\" class=\"elementor elementor-123\" data-elementor-post-type=\"page\">\n\t\t\t\t\t\t<main class=\"elementor-section elementor-top-section elementor-element elementor-element-a06f523 elementor-section-boxed elementor-section-height-default elementor-section-height-default elementor-invisible\" data-id=\"a06f523\" data-element_type=\"section\" data-e-type=\"section\" data-settings=\"{&quot;animation&quot;:&quot;slideInLeft&quot;}\">\n\t\t\t\t\t\t<div class=\"elementor-container elementor-column-gap-default\">\n\t\t\t\t\t<div class=\"elementor-column elementor-col-100 elementor-top-column elementor-element elementor-element-a3b0538\" data-id=\"a3b0538\" data-element_type=\"column\" data-e-type=\"column\">\n\t\t\t<div class=\"elementor-widget-wrap elementor-element-populated\">\n\t\t\t\t\t\t<div class=\"elementor-element elementor-element-cd4cd79 elementor-widget elementor-widget-heading\" data-id=\"cd4cd79\" data-element_type=\"widget\" data-e-type=\"widget\" data-widget_type=\"heading.default\">\n\t\t\t\t<div class=\"elementor-widget-container\">\n\t\t\t\t\t<h1 class=\"elementor-heading-title elementor-size-default\">F\u00f6rdelar - s\u00e4kerhet<\/h1>\t\t\t\t<\/div>\n\t\t\t\t<\/div>\n\t\t\t\t\t<\/div>\n\t\t<\/div>\n\t\t\t\t\t<\/div>\n\t\t<\/main>\n\t\t\t\t<main class=\"elementor-section elementor-top-section elementor-element elementor-element-69b51f4 elementor-section-boxed elementor-section-height-default elementor-section-height-default elementor-invisible\" data-id=\"69b51f4\" data-element_type=\"section\" data-e-type=\"section\" data-settings=\"{&quot;background_background&quot;:&quot;classic&quot;,&quot;animation&quot;:&quot;slideInRight&quot;}\">\n\t\t\t\t\t\t\t<div class=\"elementor-background-overlay\"><\/div>\n\t\t\t\t\t\t\t<div class=\"elementor-container elementor-column-gap-default\">\n\t\t\t\t\t<div class=\"elementor-column elementor-col-50 elementor-top-column elementor-element elementor-element-c6aab54\" data-id=\"c6aab54\" data-element_type=\"column\" data-e-type=\"column\" data-settings=\"{&quot;background_background&quot;:&quot;gradient&quot;}\">\n\t\t\t<div class=\"elementor-widget-wrap elementor-element-populated\">\n\t\t\t\t\t\t<div class=\"elementor-element elementor-element-7d51259 elementor-widget elementor-widget-image\" data-id=\"7d51259\" data-element_type=\"widget\" data-e-type=\"widget\" data-widget_type=\"image.default\">\n\t\t\t\t<div class=\"elementor-widget-container\">\n\t\t\t\t\t\t\t\t\t\t\t\t\t\t\t<img fetchpriority=\"high\" decoding=\"async\" width=\"884\" height=\"750\" src=\"https:\/\/powertowers.com\/wp-content\/uploads\/2022\/01\/ECOLIFT_PECOLIFT_APPLICATION_02.jpg\" class=\"attachment-full size-full wp-image-929\" alt=\"Utrustning f\u00f6r Power Towers, Ecolift och Pecolift\" srcset=\"https:\/\/powertowers.com\/wp-content\/uploads\/2022\/01\/ECOLIFT_PECOLIFT_APPLICATION_02.jpg 884w, https:\/\/powertowers.com\/wp-content\/uploads\/2022\/01\/ECOLIFT_PECOLIFT_APPLICATION_02-300x255.jpg 300w, https:\/\/powertowers.com\/wp-content\/uploads\/2022\/01\/ECOLIFT_PECOLIFT_APPLICATION_02-768x652.jpg 768w, https:\/\/powertowers.com\/wp-content\/uploads\/2022\/01\/ECOLIFT_PECOLIFT_APPLICATION_02-14x12.jpg 14w\" sizes=\"(max-width: 34.9rem) calc(100vw - 2rem), (max-width: 53rem) calc(8 * (100vw \/ 12)), (min-width: 53rem) calc(6 * (100vw \/ 12)), 100vw\" \/>\t\t\t\t\t\t\t\t\t\t\t\t\t\t\t<\/div>\n\t\t\t\t<\/div>\n\t\t\t\t<div class=\"elementor-element elementor-element-8d5adc9 elementor-widget elementor-widget-image\" data-id=\"8d5adc9\" data-element_type=\"widget\" data-e-type=\"widget\" data-widget_type=\"image.default\">\n\t\t\t\t<div class=\"elementor-widget-container\">\n\t\t\t\t\t\t\t\t\t\t\t\t\t\t\t<img decoding=\"async\" width=\"591\" height=\"1200\" src=\"https:\/\/powertowers.com\/wp-content\/uploads\/2022\/01\/ECOLIFT_WR_APPLICATION_01.jpg\" class=\"attachment-full size-full wp-image-967\" alt=\"Utrustning av Ecolift WR\" srcset=\"https:\/\/powertowers.com\/wp-content\/uploads\/2022\/01\/ECOLIFT_WR_APPLICATION_01.jpg 591w, https:\/\/powertowers.com\/wp-content\/uploads\/2022\/01\/ECOLIFT_WR_APPLICATION_01-148x300.jpg 148w, https:\/\/powertowers.com\/wp-content\/uploads\/2022\/01\/ECOLIFT_WR_APPLICATION_01-504x1024.jpg 504w, https:\/\/powertowers.com\/wp-content\/uploads\/2022\/01\/ECOLIFT_WR_APPLICATION_01-6x12.jpg 6w\" sizes=\"(max-width: 34.9rem) calc(100vw - 2rem), (max-width: 53rem) calc(8 * (100vw \/ 12)), (min-width: 53rem) calc(6 * (100vw \/ 12)), 100vw\" \/>\t\t\t\t\t\t\t\t\t\t\t\t\t\t\t<\/div>\n\t\t\t\t<\/div>\n\t\t\t\t\t<\/div>\n\t\t<\/div>\n\t\t\t\t<div class=\"elementor-column elementor-col-50 elementor-top-column elementor-element elementor-element-aff3f80\" data-id=\"aff3f80\" data-element_type=\"column\" data-e-type=\"column\" data-settings=\"{&quot;background_background&quot;:&quot;classic&quot;}\">\n\t\t\t<div class=\"elementor-widget-wrap elementor-element-populated\">\n\t\t\t\t\t\t<div class=\"elementor-element elementor-element-ff74129 elementor-nav-menu__align-end elementor-nav-menu--stretch elementor-nav-menu__text-align-center elementor-widget__width-initial elementor-widget-tablet__width-initial elementor-nav-menu--dropdown-tablet elementor-nav-menu--toggle elementor-nav-menu--burger elementor-widget elementor-widget-nav-menu\" data-id=\"ff74129\" data-element_type=\"widget\" data-e-type=\"widget\" data-settings=\"{&quot;full_width&quot;:&quot;stretch&quot;,&quot;layout&quot;:&quot;horizontal&quot;,&quot;submenu_icon&quot;:{&quot;value&quot;:&quot;&lt;svg aria-hidden=\\&quot;true\\&quot; class=\\&quot;e-font-icon-svg e-fas-caret-down\\&quot; viewBox=\\&quot;0 0 320 512\\&quot; xmlns=\\&quot;http:\\\/\\\/www.w3.org\\\/2000\\\/svg\\&quot;&gt;&lt;path d=\\&quot;M31.3 192h257.3c17.8 0 26.7 21.5 14.1 34.1L174.1 354.8c-7.8 7.8-20.5 7.8-28.3 0L17.2 226.1C4.6 213.5 13.5 192 31.3 192z\\&quot;&gt;&lt;\\\/path&gt;&lt;\\\/svg&gt;&quot;,&quot;library&quot;:&quot;fa-solid&quot;},&quot;toggle&quot;:&quot;burger&quot;}\" data-widget_type=\"nav-menu.default\">\n\t\t\t\t<div class=\"elementor-widget-container\">\n\t\t\t\t\t\t\t\t<nav aria-label=\"Meny\" class=\"elementor-nav-menu--main elementor-nav-menu__container elementor-nav-menu--layout-horizontal e--pointer-none\">\n\t\t\t\t<ul id=\"menu-1-ff74129\" class=\"elementor-nav-menu\"><li class=\"menu-item menu-item-type-custom menu-item-object-custom menu-item-692\"><a href=\"https:\/\/37.148.206.186\/benefits\/\" class=\"elementor-item\">S\u00e4kerhet<\/a><\/li>\n<li class=\"menu-item menu-item-type-custom menu-item-object-custom menu-item-693\"><a href=\"https:\/\/37.148.206.186\/ergonomics\/\" class=\"elementor-item\">Ergonomi<\/a><\/li>\n<li class=\"menu-item menu-item-type-custom menu-item-object-custom menu-item-694\"><a href=\"https:\/\/37.148.206.186\/efficiency\/\" class=\"elementor-item\">Effektivitet<\/a><\/li>\n<li class=\"menu-item menu-item-type-custom menu-item-object-custom menu-item-695\"><a href=\"https:\/\/37.148.206.186\/clean-and-sustainable\/\" class=\"elementor-item\">Ren och h\u00e5llbar<\/a><\/li>\n<\/ul>\t\t\t<\/nav>\n\t\t\t\t\t<div class=\"elementor-menu-toggle\" role=\"button\" tabindex=\"0\" aria-label=\"Sl\u00e5 p\u00e5\/av meny\" aria-expanded=\"false\">\n\t\t\t<svg aria-hidden=\"true\" role=\"presentation\" class=\"elementor-menu-toggle__icon--open e-font-icon-svg e-eicon-menu-bar\" viewbox=\"0 0 1000 1000\" xmlns=\"http:\/\/www.w3.org\/2000\/svg\"><path d=\"M104 333H896C929 333 958 304 958 271S929 208 896 208H104C71 208 42 237 42 271S71 333 104 333ZM104 583H896C929 583 958 554 958 521S929 458 896 458H104C71 458 42 487 42 521S71 583 104 583ZM104 833H896C929 833 958 804 958 771S929 708 896 708H104C71 708 42 737 42 771S71 833 104 833Z\"><\/path><\/svg><svg aria-hidden=\"true\" role=\"presentation\" class=\"elementor-menu-toggle__icon--close e-font-icon-svg e-eicon-close\" viewbox=\"0 0 1000 1000\" xmlns=\"http:\/\/www.w3.org\/2000\/svg\"><path d=\"M742 167L500 408 258 167C246 154 233 150 217 150 196 150 179 158 167 167 154 179 150 196 150 212 150 229 154 242 171 254L408 500 167 742C138 771 138 800 167 829 196 858 225 858 254 829L496 587 738 829C750 842 767 846 783 846 800 846 817 842 829 829 842 817 846 804 846 783 846 767 842 750 829 737L588 500 833 258C863 229 863 200 833 171 804 137 775 137 742 167Z\"><\/path><\/svg>\t\t<\/div>\n\t\t\t\t\t<nav class=\"elementor-nav-menu--dropdown elementor-nav-menu__container\" aria-hidden=\"true\">\n\t\t\t\t<ul id=\"menu-2-ff74129\" class=\"elementor-nav-menu\"><li class=\"menu-item menu-item-type-custom menu-item-object-custom menu-item-692\"><a href=\"https:\/\/37.148.206.186\/benefits\/\" class=\"elementor-item\" tabindex=\"-1\">S\u00e4kerhet<\/a><\/li>\n<li class=\"menu-item menu-item-type-custom menu-item-object-custom menu-item-693\"><a href=\"https:\/\/37.148.206.186\/ergonomics\/\" class=\"elementor-item\" tabindex=\"-1\">Ergonomi<\/a><\/li>\n<li class=\"menu-item menu-item-type-custom menu-item-object-custom menu-item-694\"><a href=\"https:\/\/37.148.206.186\/efficiency\/\" class=\"elementor-item\" tabindex=\"-1\">Effektivitet<\/a><\/li>\n<li class=\"menu-item menu-item-type-custom menu-item-object-custom menu-item-695\"><a href=\"https:\/\/37.148.206.186\/clean-and-sustainable\/\" class=\"elementor-item\" tabindex=\"-1\">Ren och h\u00e5llbar<\/a><\/li>\n<\/ul>\t\t\t<\/nav>\n\t\t\t\t\t\t<\/div>\n\t\t\t\t<\/div>\n\t\t\t\t<div class=\"elementor-element elementor-element-839a727 elementor-widget elementor-widget-heading\" data-id=\"839a727\" data-element_type=\"widget\" data-e-type=\"widget\" data-widget_type=\"heading.default\">\n\t\t\t\t<div class=\"elementor-widget-container\">\n\t\t\t\t\t<h2 class=\"elementor-heading-title elementor-size-default\">Arbeta s\u00e4krare<\/h2>\t\t\t\t<\/div>\n\t\t\t\t<\/div>\n\t\t\t\t<div class=\"elementor-element elementor-element-5ca962c elementor-widget elementor-widget-text-editor\" data-id=\"5ca962c\" data-element_type=\"widget\" data-e-type=\"widget\" data-widget_type=\"text-editor.default\">\n\t\t\t\t<div class=\"elementor-widget-container\">\n\t\t\t\t\t\t\t\t\t<p><strong>Ett nytt s\u00e4tt att arbeta s\u00e4kert p\u00e5 h\u00f6g h\u00f6jd<\/strong><\/p><p>S\u00e4kert arbete p\u00e5 h\u00f6g h\u00f6jd \u00e4r en allt viktigare fr\u00e5ga f\u00f6r f\u00f6retag som v\u00e4rnar om sina anst\u00e4lldas v\u00e4lbefinnande. Enligt branschorganisationen <a href=\"https:\/\/www.hse.gov.uk\/toolbox\/height.htm\">H\u00e4lso- och s\u00e4kerhetsmyndigheten<\/a> (HSE, nov. 2021) \u00e4r en av de vanligaste orsakerna till d\u00f6dsfall och allvarliga skador vid arbete p\u00e5 h\u00f6g h\u00f6jd fall fr\u00e5n stegar och genom \u00f6mt\u00e5liga ytor. Inom livsmedels- och dryckesindustrin \u00e4r till exempel \"<em>fall fr\u00e5n h\u00f6jd \u00e4r den tredje st\u00f6rsta orsaken till d\u00f6dsolyckor och utg\u00f6r 20% av d\u00f6dsolyckorna\"<\/em> och, fall fr\u00e5n stegar representerar 40% av dem (<a href=\"https:\/\/www.hse.gov.uk\/food\/falls.htm\">HSE<\/a>, nov. 2021).<\/p><p>D\u00e4rf\u00f6r f\u00f6r\u00e4ndrar Power Towers hur v\u00e4rlden arbetar p\u00e5 h\u00f6jder upp till 5,5 meter genom att erbjuda ett modernt alternativ till stegar, byggnadsst\u00e4llningar eller podiumsteg.<\/p><p>Alla Power Towers s\u00e4kerhetsplattformar \u00e4r helt skyddade med ledst\u00e5ngsskydd f\u00f6r att h\u00e5lla operat\u00f6ren helt omsluten under arbetet. S\u00e5 snart operat\u00f6ren lyfter upp s\u00e4kerhetsplattformen l\u00e5ses hjulen automatiskt och maskinen h\u00e5lls i ett horisontellt fast l\u00e4ge. F\u00f6raren har b\u00e5da f\u00f6tterna p\u00e5 samma niv\u00e5 och b\u00e5da h\u00e4nderna fria f\u00f6r s\u00e4kert arbete p\u00e5 h\u00f6g h\u00f6jd.<\/p><p>S\u00e4kerhetsplattformarna g\u00f6r att operat\u00f6ren kan arbeta i en 360-gradersradie utan att beh\u00f6va str\u00e4cka p\u00e5 sig eller balansera, vilket f\u00f6rhindrar tillbud och fallolyckor. Detta bidrar till en s\u00e4krare arbetsplats och mer motiverade f\u00f6rare som hj\u00e4lper ditt f\u00f6retag att kontinuerligt f\u00f6rb\u00e4ttra sitt m\u00e5l om mer h\u00e5llbara arbetsf\u00f6rh\u00e5llanden.<\/p><h4>En s\u00e4ker och h\u00e5llbar arbetsplats skyddar inte bara arbetstagarna fr\u00e5n skador och sjukdomar, utan minskar ocks\u00e5 kostnaderna i samband med fr\u00e5nvaro och personaloms\u00e4ttning. Ytterligare f\u00f6rdelar med s\u00e4kert arbete p\u00e5 h\u00f6g h\u00f6jd \u00e4r f\u00f6rb\u00e4ttrad produktivitet, kvalitet och arbetsmoral. Vi p\u00e5 Power Towers kan visa dig hur s\u00e4kerhet \u00e4r bra f\u00f6r aff\u00e4rerna.<\/h4><p>Power Towers-produkterna \u00e4r enklare, snabbare, effektivare och ett s\u00e4krare alternativ till byggnadsst\u00e4llningar, manuella stegar, trappsteg eller podier.<\/p><p>L\u00e4s mer om <a href=\"https:\/\/powertowers.com\/sv\/mobila-lyftplattformar\/\">v\u00e5rt produktsortiment h\u00e4r<\/a><\/p>\t\t\t\t\t\t\t\t<\/div>\n\t\t\t\t<\/div>\n\t\t\t\t\t<\/div>\n\t\t<\/div>\n\t\t\t\t\t<\/div>\n\t\t<\/main>\n\t\t\t\t<section class=\"elementor-section elementor-top-section elementor-element elementor-element-17db703 elementor-section-boxed elementor-section-height-default elementor-section-height-default elementor-invisible\" data-id=\"17db703\" data-element_type=\"section\" data-e-type=\"section\" data-settings=\"{&quot;animation&quot;:&quot;zoomIn&quot;}\">\n\t\t\t\t\t\t<div class=\"elementor-container elementor-column-gap-default\">\n\t\t\t\t\t<div class=\"elementor-column elementor-col-100 elementor-top-column elementor-element elementor-element-396a529\" data-id=\"396a529\" data-element_type=\"column\" data-e-type=\"column\">\n\t\t\t<div class=\"elementor-widget-wrap elementor-element-populated\">\n\t\t\t\t\t\t<section class=\"elementor-section elementor-inner-section elementor-element elementor-element-3564cc3 elementor-section-content-bottom elementor-section-boxed elementor-section-height-default elementor-section-height-default\" data-id=\"3564cc3\" data-element_type=\"section\" data-e-type=\"section\">\n\t\t\t\t\t\t<div class=\"elementor-container elementor-column-gap-default\">\n\t\t\t\t\t<div class=\"elementor-column elementor-col-50 elementor-inner-column elementor-element elementor-element-489b788\" data-id=\"489b788\" data-element_type=\"column\" data-e-type=\"column\">\n\t\t\t<div class=\"elementor-widget-wrap elementor-element-populated\">\n\t\t\t\t\t\t<div class=\"elementor-element elementor-element-449aa87 elementor-align-right elementor-mobile-align-center elementor-widget elementor-widget-button\" data-id=\"449aa87\" data-element_type=\"widget\" data-e-type=\"widget\" data-widget_type=\"button.default\">\n\t\t\t\t<div class=\"elementor-widget-container\">\n\t\t\t\t\t\t\t\t\t<div class=\"elementor-button-wrapper\">\n\t\t\t\t\t<a class=\"elementor-button elementor-button-link elementor-size-md\" href=\"https:\/\/powertowers.com\/sv\/demo\/\">\n\t\t\t\t\t\t<span class=\"elementor-button-content-wrapper\">\n\t\t\t\t\t\t\t\t\t<span class=\"elementor-button-text\">Jag vill ha en demonstration<\/span>\n\t\t\t\t\t<\/span>\n\t\t\t\t\t<\/a>\n\t\t\t\t<\/div>\n\t\t\t\t\t\t\t\t<\/div>\n\t\t\t\t<\/div>\n\t\t\t\t\t<\/div>\n\t\t<\/div>\n\t\t\t\t<div class=\"elementor-column elementor-col-50 elementor-inner-column elementor-element elementor-element-bc8e3b6\" data-id=\"bc8e3b6\" data-element_type=\"column\" data-e-type=\"column\">\n\t\t\t<div class=\"elementor-widget-wrap elementor-element-populated\">\n\t\t\t\t\t\t<div class=\"elementor-element elementor-element-d039aa5 elementor-align-left elementor-mobile-align-center elementor-widget elementor-widget-button\" data-id=\"d039aa5\" data-element_type=\"widget\" data-e-type=\"widget\" data-widget_type=\"button.default\">\n\t\t\t\t<div class=\"elementor-widget-container\">\n\t\t\t\t\t\t\t\t\t<div class=\"elementor-button-wrapper\">\n\t\t\t\t\t<a class=\"elementor-button elementor-button-link elementor-size-md\" href=\"https:\/\/powertowers.com\/sv\/quote\/\">\n\t\t\t\t\t\t<span class=\"elementor-button-content-wrapper\">\n\t\t\t\t\t\t\t\t\t<span class=\"elementor-button-text\">Jag vill ha en offert<\/span>\n\t\t\t\t\t<\/span>\n\t\t\t\t\t<\/a>\n\t\t\t\t<\/div>\n\t\t\t\t\t\t\t\t<\/div>\n\t\t\t\t<\/div>\n\t\t\t\t\t<\/div>\n\t\t<\/div>\n\t\t\t\t\t<\/div>\n\t\t<\/section>\n\t\t\t\t\t<\/div>\n\t\t<\/div>\n\t\t\t\t\t<\/div>\n\t\t<\/section>\n\t\t\t\t<\/div>","protected":false},"excerpt":{"rendered":"<p>F\u00f6rdelar - s\u00e4kerhet Arbeta s\u00e4krare Ett nytt s\u00e4tt att arbeta p\u00e5 h\u00f6jden p\u00e5 ett s\u00e4kert s\u00e4tt Att arbeta p\u00e5 h\u00f6jden p\u00e5 ett s\u00e4kert s\u00e4tt \u00e4r ett allt st\u00f6rre problem f\u00f6r f\u00f6retag som bryr sig om sina anst\u00e4lldas v\u00e4lbefinnande. Enligt Health and Safety Executive (HSE, nov. 2021) \u00e4r en av de vanligaste orsakerna till d\u00f6dsfall och allvarliga skador vid arbete p\u00e5 h\u00f6g h\u00f6jd ... <\/p>\n<p class=\"link-more\"><a href=\"https:\/\/powertowers.com\/sv\/benefits\/\" class=\"more-link\">Forts\u00e4tt l\u00e4sa<span class=\"screen-reader-text\"> \"F\u00f6rm\u00e5ner\"<\/span><\/a><\/p>","protected":false},"author":1,"featured_media":0,"parent":0,"menu_order":0,"comment_status":"closed","ping_status":"closed","template":"elementor_header_footer","meta":{"content-type":"","footnotes":""},"class_list":["post-123","page","type-page","status-publish","hentry","entry"],"yoast_head":"<!-- This site is optimized with the Yoast SEO plugin v27.4 - https:\/\/yoast.com\/product\/yoast-seo-wordpress\/ -->\n<title>Work at height safely | Power Towers<\/title>\n<meta name=\"description\" content=\"Safety Managers are concerned about falls from height. At Power Towers our products are fully guarded using handrail protection to keep the operator safe\" \/>\n<meta name=\"robots\" content=\"index, follow, max-snippet:-1, max-image-preview:large, max-video-preview:-1\" \/>\n<link rel=\"canonical\" href=\"https:\/\/powertowers.com\/sv\/formaner\/\" \/>\n<meta property=\"og:locale\" content=\"sv_SE\" \/>\n<meta property=\"og:type\" content=\"article\" \/>\n<meta property=\"og:title\" content=\"Work at height safely | Power Towers\" \/>\n<meta property=\"og:description\" content=\"Safety Managers are concerned about falls from height. At Power Towers our products are fully guarded using handrail protection to keep the operator safe\" \/>\n<meta property=\"og:url\" content=\"https:\/\/powertowers.com\/sv\/formaner\/\" \/>\n<meta property=\"og:site_name\" content=\"Power Towers\" \/>\n<meta property=\"article:modified_time\" content=\"2025-09-11T11:50:47+00:00\" \/>\n<meta property=\"og:image\" content=\"https:\/\/37.148.206.186\/wp-content\/uploads\/2022\/01\/ECOLIFT_PECOLIFT_APPLICATION_02.jpg\" \/>\n<meta name=\"twitter:card\" content=\"summary_large_image\" \/>\n<meta name=\"twitter:label1\" content=\"Ber\u00e4knad l\u00e4stid\" \/>\n\t<meta name=\"twitter:data1\" content=\"2 minuter\" \/>\n<script type=\"application\/ld+json\" class=\"yoast-schema-graph\">{\"@context\":\"https:\\\/\\\/schema.org\",\"@graph\":[{\"@type\":\"WebPage\",\"@id\":\"https:\\\/\\\/powertowers.com\\\/es\\\/beneficios\\\/\",\"url\":\"https:\\\/\\\/powertowers.com\\\/es\\\/beneficios\\\/\",\"name\":\"Work at height safely | Power Towers\",\"isPartOf\":{\"@id\":\"https:\\\/\\\/powertowers.com\\\/nl\\\/#website\"},\"primaryImageOfPage\":{\"@id\":\"https:\\\/\\\/powertowers.com\\\/es\\\/beneficios\\\/#primaryimage\"},\"image\":{\"@id\":\"https:\\\/\\\/powertowers.com\\\/es\\\/beneficios\\\/#primaryimage\"},\"thumbnailUrl\":\"https:\\\/\\\/37.148.206.186\\\/wp-content\\\/uploads\\\/2022\\\/01\\\/ECOLIFT_PECOLIFT_APPLICATION_02.jpg\",\"datePublished\":\"2021-12-14T16:09:51+00:00\",\"dateModified\":\"2025-09-11T11:50:47+00:00\",\"description\":\"Safety Managers are concerned about falls from height. At Power Towers our products are fully guarded using handrail protection to keep the operator safe\",\"breadcrumb\":{\"@id\":\"https:\\\/\\\/powertowers.com\\\/es\\\/beneficios\\\/#breadcrumb\"},\"inLanguage\":\"sv-SE\",\"potentialAction\":[{\"@type\":\"ReadAction\",\"target\":[\"https:\\\/\\\/powertowers.com\\\/es\\\/beneficios\\\/\"]}]},{\"@type\":\"ImageObject\",\"inLanguage\":\"sv-SE\",\"@id\":\"https:\\\/\\\/powertowers.com\\\/es\\\/beneficios\\\/#primaryimage\",\"url\":\"https:\\\/\\\/37.148.206.186\\\/wp-content\\\/uploads\\\/2022\\\/01\\\/ECOLIFT_PECOLIFT_APPLICATION_02.jpg\",\"contentUrl\":\"https:\\\/\\\/37.148.206.186\\\/wp-content\\\/uploads\\\/2022\\\/01\\\/ECOLIFT_PECOLIFT_APPLICATION_02.jpg\"},{\"@type\":\"BreadcrumbList\",\"@id\":\"https:\\\/\\\/powertowers.com\\\/es\\\/beneficios\\\/#breadcrumb\",\"itemListElement\":[{\"@type\":\"ListItem\",\"position\":1,\"name\":\"Home\",\"item\":\"https:\\\/\\\/powertowers.com\\\/nl\\\/\"},{\"@type\":\"ListItem\",\"position\":2,\"name\":\"Benefits\"}]},{\"@type\":\"WebSite\",\"@id\":\"https:\\\/\\\/powertowers.com\\\/nl\\\/#website\",\"url\":\"https:\\\/\\\/powertowers.com\\\/nl\\\/\",\"name\":\"Power Towers\",\"description\":\"The alternative to ladders, podiums and scaffolding.\",\"publisher\":{\"@id\":\"https:\\\/\\\/powertowers.com\\\/nl\\\/#organization\"},\"potentialAction\":[{\"@type\":\"SearchAction\",\"target\":{\"@type\":\"EntryPoint\",\"urlTemplate\":\"https:\\\/\\\/powertowers.com\\\/nl\\\/?s={search_term_string}\"},\"query-input\":{\"@type\":\"PropertyValueSpecification\",\"valueRequired\":true,\"valueName\":\"search_term_string\"}}],\"inLanguage\":\"sv-SE\"},{\"@type\":\"Organization\",\"@id\":\"https:\\\/\\\/powertowers.com\\\/nl\\\/#organization\",\"name\":\"Power Towers Ltd.\",\"url\":\"https:\\\/\\\/powertowers.com\\\/nl\\\/\",\"logo\":{\"@type\":\"ImageObject\",\"inLanguage\":\"sv-SE\",\"@id\":\"https:\\\/\\\/powertowers.com\\\/nl\\\/#\\\/schema\\\/logo\\\/image\\\/\",\"url\":\"https:\\\/\\\/37.148.206.186\\\/wp-content\\\/uploads\\\/2021\\\/12\\\/power-towers-new-logo-outline-1024px.png\",\"contentUrl\":\"https:\\\/\\\/37.148.206.186\\\/wp-content\\\/uploads\\\/2021\\\/12\\\/power-towers-new-logo-outline-1024px.png\",\"width\":1024,\"height\":209,\"caption\":\"Power Towers Ltd.\"},\"image\":{\"@id\":\"https:\\\/\\\/powertowers.com\\\/nl\\\/#\\\/schema\\\/logo\\\/image\\\/\"}}]}<\/script>\n<!-- \/ Yoast SEO plugin. -->","yoast_head_json":{"title":"Arbeta s\u00e4kert p\u00e5 h\u00f6g h\u00f6jd | Power Towers","description":"S\u00e4kerhetschefer oroar sig f\u00f6r fall fr\u00e5n h\u00f6jd. P\u00e5 Power Towers \u00e4r v\u00e5ra produkter helt skyddade med ledst\u00e5ngsskydd f\u00f6r att h\u00e5lla operat\u00f6ren s\u00e4ker","robots":{"index":"index","follow":"follow","max-snippet":"max-snippet:-1","max-image-preview":"max-image-preview:large","max-video-preview":"max-video-preview:-1"},"canonical":"https:\/\/powertowers.com\/sv\/formaner\/","og_locale":"sv_SE","og_type":"article","og_title":"Work at height safely | Power Towers","og_description":"Safety Managers are concerned about falls from height. At Power Towers our products are fully guarded using handrail protection to keep the operator safe","og_url":"https:\/\/powertowers.com\/sv\/formaner\/","og_site_name":"Power Towers","article_modified_time":"2025-09-11T11:50:47+00:00","og_image":[{"url":"https:\/\/37.148.206.186\/wp-content\/uploads\/2022\/01\/ECOLIFT_PECOLIFT_APPLICATION_02.jpg","type":"","width":"","height":""}],"twitter_card":"summary_large_image","twitter_misc":{"Ber\u00e4knad l\u00e4stid":"2 minuter"},"schema":{"@context":"https:\/\/schema.org","@graph":[{"@type":"WebPage","@id":"https:\/\/powertowers.com\/es\/beneficios\/","url":"https:\/\/powertowers.com\/es\/beneficios\/","name":"Arbeta s\u00e4kert p\u00e5 h\u00f6g h\u00f6jd | Power Towers","isPartOf":{"@id":"https:\/\/powertowers.com\/nl\/#website"},"primaryImageOfPage":{"@id":"https:\/\/powertowers.com\/es\/beneficios\/#primaryimage"},"image":{"@id":"https:\/\/powertowers.com\/es\/beneficios\/#primaryimage"},"thumbnailUrl":"https:\/\/37.148.206.186\/wp-content\/uploads\/2022\/01\/ECOLIFT_PECOLIFT_APPLICATION_02.jpg","datePublished":"2021-12-14T16:09:51+00:00","dateModified":"2025-09-11T11:50:47+00:00","description":"S\u00e4kerhetschefer oroar sig f\u00f6r fall fr\u00e5n h\u00f6jd. P\u00e5 Power Towers \u00e4r v\u00e5ra produkter helt skyddade med ledst\u00e5ngsskydd f\u00f6r att h\u00e5lla operat\u00f6ren s\u00e4ker","breadcrumb":{"@id":"https:\/\/powertowers.com\/es\/beneficios\/#breadcrumb"},"inLanguage":"sv-SE","potentialAction":[{"@type":"ReadAction","target":["https:\/\/powertowers.com\/es\/beneficios\/"]}]},{"@type":"ImageObject","inLanguage":"sv-SE","@id":"https:\/\/powertowers.com\/es\/beneficios\/#primaryimage","url":"https:\/\/37.148.206.186\/wp-content\/uploads\/2022\/01\/ECOLIFT_PECOLIFT_APPLICATION_02.jpg","contentUrl":"https:\/\/37.148.206.186\/wp-content\/uploads\/2022\/01\/ECOLIFT_PECOLIFT_APPLICATION_02.jpg"},{"@type":"BreadcrumbList","@id":"https:\/\/powertowers.com\/es\/beneficios\/#breadcrumb","itemListElement":[{"@type":"ListItem","position":1,"name":"Home","item":"https:\/\/powertowers.com\/nl\/"},{"@type":"ListItem","position":2,"name":"Benefits"}]},{"@type":"WebSite","@id":"https:\/\/powertowers.com\/nl\/#website","url":"https:\/\/powertowers.com\/nl\/","name":"Kraftverkstorn","description":"Alternativet till stegar, podier och byggnadsst\u00e4llningar.","publisher":{"@id":"https:\/\/powertowers.com\/nl\/#organization"},"potentialAction":[{"@type":"SearchAction","target":{"@type":"EntryPoint","urlTemplate":"https:\/\/powertowers.com\/nl\/?s={search_term_string}"},"query-input":{"@type":"PropertyValueSpecification","valueRequired":true,"valueName":"search_term_string"}}],"inLanguage":"sv-SE"},{"@type":"Organization","@id":"https:\/\/powertowers.com\/nl\/#organization","name":"Power Towers Ltd.","url":"https:\/\/powertowers.com\/nl\/","logo":{"@type":"ImageObject","inLanguage":"sv-SE","@id":"https:\/\/powertowers.com\/nl\/#\/schema\/logo\/image\/","url":"https:\/\/37.148.206.186\/wp-content\/uploads\/2021\/12\/power-towers-new-logo-outline-1024px.png","contentUrl":"https:\/\/37.148.206.186\/wp-content\/uploads\/2021\/12\/power-towers-new-logo-outline-1024px.png","width":1024,"height":209,"caption":"Power Towers Ltd."},"image":{"@id":"https:\/\/powertowers.com\/nl\/#\/schema\/logo\/image\/"}}]}},"_links":{"self":[{"href":"https:\/\/powertowers.com\/sv\/wp-json\/wp\/v2\/pages\/123","targetHints":{"allow":["GET"]}}],"collection":[{"href":"https:\/\/powertowers.com\/sv\/wp-json\/wp\/v2\/pages"}],"about":[{"href":"https:\/\/powertowers.com\/sv\/wp-json\/wp\/v2\/types\/page"}],"author":[{"embeddable":true,"href":"https:\/\/powertowers.com\/sv\/wp-json\/wp\/v2\/users\/1"}],"replies":[{"embeddable":true,"href":"https:\/\/powertowers.com\/sv\/wp-json\/wp\/v2\/comments?post=123"}],"version-history":[{"count":24,"href":"https:\/\/powertowers.com\/sv\/wp-json\/wp\/v2\/pages\/123\/revisions"}],"predecessor-version":[{"id":5730,"href":"https:\/\/powertowers.com\/sv\/wp-json\/wp\/v2\/pages\/123\/revisions\/5730"}],"wp:attachment":[{"href":"https:\/\/powertowers.com\/sv\/wp-json\/wp\/v2\/media?parent=123"}],"curies":[{"name":"wp","href":"https:\/\/api.w.org\/{rel}","templated":true}]}}