{"id":734,"date":"2022-01-12T13:29:06","date_gmt":"2022-01-12T13:29:06","guid":{"rendered":"https:\/\/37.148.206.186\/?page_id=734"},"modified":"2025-09-11T13:56:31","modified_gmt":"2025-09-11T11:56:31","slug":"curat-si-durabil","status":"publish","type":"page","link":"https:\/\/powertowers.com\/ro\/clean-and-sustainable\/","title":{"rendered":"ECOLOGIC \u0218I SUSTENABIL"},"content":{"rendered":"<div data-elementor-type=\"wp-page\" data-elementor-id=\"734\" class=\"elementor elementor-734\" data-elementor-post-type=\"page\">\n\t\t\t\t\t\t<main class=\"elementor-section elementor-top-section elementor-element elementor-element-fca9c84 elementor-section-boxed elementor-section-height-default elementor-section-height-default elementor-invisible\" data-id=\"fca9c84\" data-element_type=\"section\" data-e-type=\"section\" data-settings=\"{&quot;animation&quot;:&quot;slideInLeft&quot;}\">\n\t\t\t\t\t\t<div class=\"elementor-container elementor-column-gap-default\">\n\t\t\t\t\t<div class=\"elementor-column elementor-col-100 elementor-top-column elementor-element elementor-element-f46de5c\" data-id=\"f46de5c\" data-element_type=\"column\" data-e-type=\"column\">\n\t\t\t<div class=\"elementor-widget-wrap elementor-element-populated\">\n\t\t\t\t\t\t<div class=\"elementor-element elementor-element-2e814e4 elementor-widget elementor-widget-heading\" data-id=\"2e814e4\" data-element_type=\"widget\" data-e-type=\"widget\" data-widget_type=\"heading.default\">\n\t\t\t\t<div class=\"elementor-widget-container\">\n\t\t\t\t\t<h1 class=\"elementor-heading-title elementor-size-default\">Beneficii - curat \u0219i durabil<\/h1>\t\t\t\t<\/div>\n\t\t\t\t<\/div>\n\t\t\t\t\t<\/div>\n\t\t<\/div>\n\t\t\t\t\t<\/div>\n\t\t<\/main>\n\t\t\t\t<main class=\"elementor-section elementor-top-section elementor-element elementor-element-72e18a2 elementor-section-boxed elementor-section-height-default elementor-section-height-default elementor-invisible\" data-id=\"72e18a2\" data-element_type=\"section\" data-e-type=\"section\" data-settings=\"{&quot;background_background&quot;:&quot;classic&quot;,&quot;animation&quot;:&quot;slideInRight&quot;}\">\n\t\t\t\t\t\t\t<div class=\"elementor-background-overlay\"><\/div>\n\t\t\t\t\t\t\t<div class=\"elementor-container elementor-column-gap-default\">\n\t\t\t\t\t<div class=\"elementor-column elementor-col-50 elementor-top-column elementor-element elementor-element-3a20120\" data-id=\"3a20120\" data-element_type=\"column\" data-e-type=\"column\" data-settings=\"{&quot;background_background&quot;:&quot;gradient&quot;}\">\n\t\t\t<div class=\"elementor-widget-wrap elementor-element-populated\">\n\t\t\t\t\t\t<div class=\"elementor-element elementor-element-975c5db elementor-widget elementor-widget-image\" data-id=\"975c5db\" data-element_type=\"widget\" data-e-type=\"widget\" data-widget_type=\"image.default\">\n\t\t\t\t<div class=\"elementor-widget-container\">\n\t\t\t\t\t\t\t\t\t\t\t\t\t\t\t<img fetchpriority=\"high\" decoding=\"async\" width=\"1115\" height=\"1000\" src=\"https:\/\/powertowers.com\/wp-content\/uploads\/2022\/01\/PECOLIFT_APPLICATION_04.jpg\" class=\"attachment-full size-full wp-image-984\" alt=\"\u00centre\u021binerea Pecolift\" srcset=\"https:\/\/powertowers.com\/wp-content\/uploads\/2022\/01\/PECOLIFT_APPLICATION_04.jpg 1115w, https:\/\/powertowers.com\/wp-content\/uploads\/2022\/01\/PECOLIFT_APPLICATION_04-300x269.jpg 300w, https:\/\/powertowers.com\/wp-content\/uploads\/2022\/01\/PECOLIFT_APPLICATION_04-1024x918.jpg 1024w, https:\/\/powertowers.com\/wp-content\/uploads\/2022\/01\/PECOLIFT_APPLICATION_04-768x689.jpg 768w, https:\/\/powertowers.com\/wp-content\/uploads\/2022\/01\/PECOLIFT_APPLICATION_04-13x12.jpg 13w\" sizes=\"(max-width: 34.9rem) calc(100vw - 2rem), (max-width: 53rem) calc(8 * (100vw \/ 12)), (min-width: 53rem) calc(6 * (100vw \/ 12)), 100vw\" \/>\t\t\t\t\t\t\t\t\t\t\t\t\t\t\t<\/div>\n\t\t\t\t<\/div>\n\t\t\t\t<div class=\"elementor-element elementor-element-84348c5 elementor-widget elementor-widget-image\" data-id=\"84348c5\" data-element_type=\"widget\" data-e-type=\"widget\" data-widget_type=\"image.default\">\n\t\t\t\t<div class=\"elementor-widget-container\">\n\t\t\t\t\t\t\t\t\t\t\t\t\t\t\t<img decoding=\"async\" width=\"649\" height=\"1080\" src=\"https:\/\/powertowers.com\/wp-content\/uploads\/2022\/01\/NANOSP_PLUS_APPLICATION_02.jpg\" class=\"attachment-full size-full wp-image-983\" alt=\"\u00centre\u021binerea Nano SP Plus\" srcset=\"https:\/\/powertowers.com\/wp-content\/uploads\/2022\/01\/NANOSP_PLUS_APPLICATION_02.jpg 649w, https:\/\/powertowers.com\/wp-content\/uploads\/2022\/01\/NANOSP_PLUS_APPLICATION_02-180x300.jpg 180w, https:\/\/powertowers.com\/wp-content\/uploads\/2022\/01\/NANOSP_PLUS_APPLICATION_02-615x1024.jpg 615w, https:\/\/powertowers.com\/wp-content\/uploads\/2022\/01\/NANOSP_PLUS_APPLICATION_02-768x1279.jpg 768w, https:\/\/powertowers.com\/wp-content\/uploads\/2022\/01\/NANOSP_PLUS_APPLICATION_02-7x12.jpg 7w\" sizes=\"(max-width: 34.9rem) calc(100vw - 2rem), (max-width: 53rem) calc(8 * (100vw \/ 12)), (min-width: 53rem) calc(6 * (100vw \/ 12)), 100vw\" \/>\t\t\t\t\t\t\t\t\t\t\t\t\t\t\t<\/div>\n\t\t\t\t<\/div>\n\t\t\t\t\t<\/div>\n\t\t<\/div>\n\t\t\t\t<div class=\"elementor-column elementor-col-50 elementor-top-column elementor-element elementor-element-b3c1e34\" data-id=\"b3c1e34\" data-element_type=\"column\" data-e-type=\"column\" data-settings=\"{&quot;background_background&quot;:&quot;classic&quot;}\">\n\t\t\t<div class=\"elementor-widget-wrap elementor-element-populated\">\n\t\t\t\t\t\t<div class=\"elementor-element elementor-element-f04c578 elementor-nav-menu__align-end elementor-nav-menu--stretch elementor-nav-menu__text-align-center elementor-widget__width-initial elementor-widget-tablet__width-initial elementor-nav-menu--dropdown-tablet elementor-nav-menu--toggle elementor-nav-menu--burger elementor-widget elementor-widget-nav-menu\" data-id=\"f04c578\" data-element_type=\"widget\" data-e-type=\"widget\" data-settings=\"{&quot;full_width&quot;:&quot;stretch&quot;,&quot;layout&quot;:&quot;horizontal&quot;,&quot;submenu_icon&quot;:{&quot;value&quot;:&quot;&lt;svg aria-hidden=\\&quot;true\\&quot; class=\\&quot;e-font-icon-svg e-fas-caret-down\\&quot; viewBox=\\&quot;0 0 320 512\\&quot; xmlns=\\&quot;http:\\\/\\\/www.w3.org\\\/2000\\\/svg\\&quot;&gt;&lt;path d=\\&quot;M31.3 192h257.3c17.8 0 26.7 21.5 14.1 34.1L174.1 354.8c-7.8 7.8-20.5 7.8-28.3 0L17.2 226.1C4.6 213.5 13.5 192 31.3 192z\\&quot;&gt;&lt;\\\/path&gt;&lt;\\\/svg&gt;&quot;,&quot;library&quot;:&quot;fa-solid&quot;},&quot;toggle&quot;:&quot;burger&quot;}\" data-widget_type=\"nav-menu.default\">\n\t\t\t\t<div class=\"elementor-widget-container\">\n\t\t\t\t\t\t\t\t<nav aria-label=\"Meniu\" class=\"elementor-nav-menu--main elementor-nav-menu__container elementor-nav-menu--layout-horizontal e--pointer-none\">\n\t\t\t\t<ul id=\"menu-1-f04c578\" class=\"elementor-nav-menu\"><li class=\"menu-item menu-item-type-custom menu-item-object-custom menu-item-692\"><a href=\"https:\/\/37.148.206.186\/benefits\/\" class=\"elementor-item\">SIGURAN\u021a\u0102<\/a><\/li>\n<li class=\"menu-item menu-item-type-custom menu-item-object-custom menu-item-693\"><a href=\"https:\/\/37.148.206.186\/ergonomics\/\" class=\"elementor-item\">Ergonomie<\/a><\/li>\n<li class=\"menu-item menu-item-type-custom menu-item-object-custom menu-item-694\"><a href=\"https:\/\/37.148.206.186\/efficiency\/\" class=\"elementor-item\">Eficien\u021b\u0103<\/a><\/li>\n<li class=\"menu-item menu-item-type-custom menu-item-object-custom menu-item-695\"><a href=\"https:\/\/37.148.206.186\/clean-and-sustainable\/\" class=\"elementor-item\">ECOLOGIC \u0218I SUSTENABIL<\/a><\/li>\n<\/ul>\t\t\t<\/nav>\n\t\t\t\t\t<div class=\"elementor-menu-toggle\" role=\"button\" tabindex=\"0\" aria-label=\"Meniu Toggle\" aria-expanded=\"false\">\n\t\t\t<svg aria-hidden=\"true\" role=\"presentation\" class=\"elementor-menu-toggle__icon--open e-font-icon-svg e-eicon-menu-bar\" viewbox=\"0 0 1000 1000\" xmlns=\"http:\/\/www.w3.org\/2000\/svg\"><path d=\"M104 333H896C929 333 958 304 958 271S929 208 896 208H104C71 208 42 237 42 271S71 333 104 333ZM104 583H896C929 583 958 554 958 521S929 458 896 458H104C71 458 42 487 42 521S71 583 104 583ZM104 833H896C929 833 958 804 958 771S929 708 896 708H104C71 708 42 737 42 771S71 833 104 833Z\"><\/path><\/svg><svg aria-hidden=\"true\" role=\"presentation\" class=\"elementor-menu-toggle__icon--close e-font-icon-svg e-eicon-close\" viewbox=\"0 0 1000 1000\" xmlns=\"http:\/\/www.w3.org\/2000\/svg\"><path d=\"M742 167L500 408 258 167C246 154 233 150 217 150 196 150 179 158 167 167 154 179 150 196 150 212 150 229 154 242 171 254L408 500 167 742C138 771 138 800 167 829 196 858 225 858 254 829L496 587 738 829C750 842 767 846 783 846 800 846 817 842 829 829 842 817 846 804 846 783 846 767 842 750 829 737L588 500 833 258C863 229 863 200 833 171 804 137 775 137 742 167Z\"><\/path><\/svg>\t\t<\/div>\n\t\t\t\t\t<nav class=\"elementor-nav-menu--dropdown elementor-nav-menu__container\" aria-hidden=\"true\">\n\t\t\t\t<ul id=\"menu-2-f04c578\" class=\"elementor-nav-menu\"><li class=\"menu-item menu-item-type-custom menu-item-object-custom menu-item-692\"><a href=\"https:\/\/37.148.206.186\/benefits\/\" class=\"elementor-item\" tabindex=\"-1\">SIGURAN\u021a\u0102<\/a><\/li>\n<li class=\"menu-item menu-item-type-custom menu-item-object-custom menu-item-693\"><a href=\"https:\/\/37.148.206.186\/ergonomics\/\" class=\"elementor-item\" tabindex=\"-1\">Ergonomie<\/a><\/li>\n<li class=\"menu-item menu-item-type-custom menu-item-object-custom menu-item-694\"><a href=\"https:\/\/37.148.206.186\/efficiency\/\" class=\"elementor-item\" tabindex=\"-1\">Eficien\u021b\u0103<\/a><\/li>\n<li class=\"menu-item menu-item-type-custom menu-item-object-custom menu-item-695\"><a href=\"https:\/\/37.148.206.186\/clean-and-sustainable\/\" class=\"elementor-item\" tabindex=\"-1\">ECOLOGIC \u0218I SUSTENABIL<\/a><\/li>\n<\/ul>\t\t\t<\/nav>\n\t\t\t\t\t\t<\/div>\n\t\t\t\t<\/div>\n\t\t\t\t<div class=\"elementor-element elementor-element-0780ca8 elementor-widget elementor-widget-heading\" data-id=\"0780ca8\" data-element_type=\"widget\" data-e-type=\"widget\" data-widget_type=\"heading.default\">\n\t\t\t\t<div class=\"elementor-widget-container\">\n\t\t\t\t\t<h2 class=\"elementor-heading-title elementor-size-default\">ECOLOGIC \u0218I SUSTENABIL <\/h2>\t\t\t\t<\/div>\n\t\t\t\t<\/div>\n\t\t\t\t<div class=\"elementor-element elementor-element-4b4bfb7 elementor-widget elementor-widget-text-editor\" data-id=\"4b4bfb7\" data-element_type=\"widget\" data-e-type=\"widget\" data-widget_type=\"text-editor.default\">\n\t\t\t\t<div class=\"elementor-widget-container\">\n\t\t\t\t\t\t\t\t\t<p><strong>Face\u021bi cuno\u0219tin\u021b\u0103 cu nacelele noastre de acces, prietenoase cu mediul<\/strong><\/p>\n<p>Nacelele de acces tradi\u021bionale au folosit \u00eentotdeauna sisteme hidraulice, acumulatori sau motoare pentru a alimenta mi\u0219carea pe orizontal\u0103 \u0219i ridicarea. Cu toate acestea, Power Towers ofer\u0103 \u00een gama sa dou\u0103 produse prietenoas\u0103 cu mediul, Pecolift \u0219i Ecolift.<\/p>\n<p>Schimb\u0103rile climatice au devenit o realitate \u0219i \u00een fiecare zi exist\u0103 mai multe companii care lucreaz\u0103 pentru a-\u0219i \u00eembun\u0103t\u0103\u021bi obiectivele de dezvoltare durabil\u0103 (ODD) din punct de vedere al mediului \u00eenconjur\u0103tor. Power Towers lucreaz\u0103 ne\u00eentrerupt pentru a-\u0219i reduce amprenta de carbon \u0219i a deveni o companie mai sustenabil\u0103 \u00een fiecare zi.<\/p>\n<p>Dou\u0103 dintre utilajele noastre, Pecolift \u0219i Ecolift, sunt produse prietenoas\u0103 cu mediul. Aceste dou\u0103 nacele de acces au un impact foarte sc\u0103zut asupra mediului, deoarece func\u021bionarea lor nu necesit\u0103 acumulatori sau un sistem hidraulic. Pecolift \u0219i Ecolift au un mecanism brevetat care permite utilizatorului s\u0103 ridice nacela la \u00een\u0103l\u021bimea dorit\u0103 doar prin rotirea unui m\u00e2ner. Acest mecanism converte\u0219te 10% din energia uman\u0103 \u00een 100% din puterea necesar\u0103 pentru a se ridica la \u00een\u0103l\u021bimea maxim\u0103 de lucru, \u00een doar 11 secunde. Operatorul nu va trebui s\u0103 le pun\u0103 la \u00eenc\u0103rcat pentru a efectua activit\u0103\u021bi zilnice la joas\u0103 \u00een\u0103l\u021bime. \u00centruc\u00e2t nu au nevoie de energie electric\u0103, sunt disponibile pentru a fi utilizate ne\u00eentrerupt. Pecolift \u0219i Ecolift nu implic\u0103 desf\u0103\u0219urarea, montarea, escaladare sau demontarea ca metode tradi\u021bionale de acces, cum ar fi schelele sau podiumurile. \u00cen plus, acestea practic nu necesit\u0103 \u00eentre\u021binere.<\/p>\n<p>&nbsp;Pecolift \u0219i Ecolift sunt, de asemenea, ideale pentru respectarea standardelor de mediu pentru camere sterile:<\/p>\n<ul>\n<li>F\u0103r\u0103 posibilitate de scurgere.<\/li>\n<li>Componente protejate.<\/li>\n<li>U\u0219or de cur\u0103\u021bat.<\/li>\n<li>U\u0219or de depozitat.<\/li>\n<\/ul>\n<p>Afla\u021bi mai multe despre <a href=\"https:\/\/powertowers.com\/ro\/platforme-mobile-inaltatoare\/\">gama noastr\u0103 de produse aici.<\/a><\/p>\t\t\t\t\t\t\t\t<\/div>\n\t\t\t\t<\/div>\n\t\t\t\t\t<\/div>\n\t\t<\/div>\n\t\t\t\t\t<\/div>\n\t\t<\/main>\n\t\t\t\t<nav class=\"elementor-section elementor-top-section elementor-element elementor-element-6480d25 elementor-section-boxed elementor-section-height-default elementor-section-height-default elementor-invisible\" data-id=\"6480d25\" data-element_type=\"section\" data-e-type=\"section\" data-settings=\"{&quot;animation&quot;:&quot;zoomIn&quot;}\">\n\t\t\t\t\t\t<div class=\"elementor-container elementor-column-gap-default\">\n\t\t\t\t\t<div class=\"elementor-column elementor-col-100 elementor-top-column elementor-element elementor-element-46ce880\" data-id=\"46ce880\" data-element_type=\"column\" data-e-type=\"column\">\n\t\t\t<div class=\"elementor-widget-wrap elementor-element-populated\">\n\t\t\t\t\t\t<section class=\"elementor-section elementor-inner-section elementor-element elementor-element-77a524a elementor-section-content-bottom elementor-section-boxed elementor-section-height-default elementor-section-height-default\" data-id=\"77a524a\" data-element_type=\"section\" data-e-type=\"section\">\n\t\t\t\t\t\t<div class=\"elementor-container elementor-column-gap-default\">\n\t\t\t\t\t<div class=\"elementor-column elementor-col-50 elementor-inner-column elementor-element elementor-element-197e045\" data-id=\"197e045\" data-element_type=\"column\" data-e-type=\"column\">\n\t\t\t<div class=\"elementor-widget-wrap elementor-element-populated\">\n\t\t\t\t\t\t<div class=\"elementor-element elementor-element-2a102c8 elementor-align-right elementor-mobile-align-center elementor-widget elementor-widget-button\" data-id=\"2a102c8\" data-element_type=\"widget\" data-e-type=\"widget\" data-widget_type=\"button.default\">\n\t\t\t\t<div class=\"elementor-widget-container\">\n\t\t\t\t\t\t\t\t\t<div class=\"elementor-button-wrapper\">\n\t\t\t\t\t<a class=\"elementor-button elementor-button-link elementor-size-md\" href=\"https:\/\/powertowers.com\/ro\/demo\/\">\n\t\t\t\t\t\t<span class=\"elementor-button-content-wrapper\">\n\t\t\t\t\t\t\t\t\t<span class=\"elementor-button-text\">Doresc o demonstra\u021bie<\/span>\n\t\t\t\t\t<\/span>\n\t\t\t\t\t<\/a>\n\t\t\t\t<\/div>\n\t\t\t\t\t\t\t\t<\/div>\n\t\t\t\t<\/div>\n\t\t\t\t\t<\/div>\n\t\t<\/div>\n\t\t\t\t<div class=\"elementor-column elementor-col-50 elementor-inner-column elementor-element elementor-element-6df2a6b\" data-id=\"6df2a6b\" data-element_type=\"column\" data-e-type=\"column\">\n\t\t\t<div class=\"elementor-widget-wrap elementor-element-populated\">\n\t\t\t\t\t\t<div class=\"elementor-element elementor-element-73c2e66 elementor-align-left elementor-mobile-align-center elementor-widget elementor-widget-button\" data-id=\"73c2e66\" data-element_type=\"widget\" data-e-type=\"widget\" data-widget_type=\"button.default\">\n\t\t\t\t<div class=\"elementor-widget-container\">\n\t\t\t\t\t\t\t\t\t<div class=\"elementor-button-wrapper\">\n\t\t\t\t\t<a class=\"elementor-button elementor-button-link elementor-size-md\" href=\"https:\/\/powertowers.com\/ro\/quote\/\">\n\t\t\t\t\t\t<span class=\"elementor-button-content-wrapper\">\n\t\t\t\t\t\t\t\t\t<span class=\"elementor-button-text\">Doresc o ofert\u0103<\/span>\n\t\t\t\t\t<\/span>\n\t\t\t\t\t<\/a>\n\t\t\t\t<\/div>\n\t\t\t\t\t\t\t\t<\/div>\n\t\t\t\t<\/div>\n\t\t\t\t\t<\/div>\n\t\t<\/div>\n\t\t\t\t\t<\/div>\n\t\t<\/section>\n\t\t\t\t\t<\/div>\n\t\t<\/div>\n\t\t\t\t\t<\/div>\n\t\t<\/nav>\n\t\t\t\t<\/div>","protected":false},"excerpt":{"rendered":"<p>Beneficii - curat \u0219i durabil Curat \u0219i durabil Face\u021bi cuno\u0219tin\u021b\u0103 cu platformele noastre de acces ecologice Platformele de acces tradi\u021bionale au utilizat \u00eentotdeauna sisteme hidraulice, baterii sau motoare pentru a ac\u021biona mi\u0219carea orizontal\u0103 \u0219i \u00een\u0103l\u021barea. Cu toate acestea, Power Towers ofer\u0103 \u00een gama sa dou\u0103 produse ecologice, Pecolift \u0219i Ecolift. Schimb\u0103rile climatice au devenit o realitate \u0219i \u00een fiecare zi ... <\/p>\n<p class=\"link-more\"><a href=\"https:\/\/powertowers.com\/ro\/clean-and-sustainable\/\" class=\"more-link\">Continu\u0103 lectura<span class=\"screen-reader-text\"> \"Curat \u0219i durabil\"<\/span><\/a><\/p>","protected":false},"author":1,"featured_media":0,"parent":0,"menu_order":0,"comment_status":"closed","ping_status":"closed","template":"elementor_header_footer","meta":{"content-type":"","footnotes":""},"class_list":["post-734","page","type-page","status-publish","hentry","entry"],"yoast_head":"<!-- This site is optimized with the Yoast SEO plugin v27.4 - https:\/\/yoast.com\/product\/yoast-seo-wordpress\/ -->\n<title>Pecolift and Ecolift Environmentally Friendly | Power Towers<\/title>\n<meta name=\"description\" content=\"Pecolift and Ecolift are two environmentally friendly solutions from Power Towers. They don&#039;t use hydraulic oil, batteries or engines. Click to learn more\" \/>\n<meta name=\"robots\" content=\"index, follow, max-snippet:-1, max-image-preview:large, max-video-preview:-1\" \/>\n<link rel=\"canonical\" href=\"https:\/\/powertowers.com\/ro\/curat-si-durabil\/\" \/>\n<meta property=\"og:locale\" content=\"ro_RO\" \/>\n<meta property=\"og:type\" content=\"article\" \/>\n<meta property=\"og:title\" content=\"Pecolift and Ecolift Environmentally Friendly | Power Towers\" \/>\n<meta property=\"og:description\" content=\"Pecolift and Ecolift are two environmentally friendly solutions from Power Towers. They don&#039;t use hydraulic oil, batteries or engines. Click to learn more\" \/>\n<meta property=\"og:url\" content=\"https:\/\/powertowers.com\/ro\/curat-si-durabil\/\" \/>\n<meta property=\"og:site_name\" content=\"Power Towers\" \/>\n<meta property=\"article:modified_time\" content=\"2025-09-11T11:56:31+00:00\" \/>\n<meta property=\"og:image\" content=\"https:\/\/37.148.206.186\/wp-content\/uploads\/2022\/01\/PECOLIFT_APPLICATION_04.jpg\" \/>\n<meta name=\"twitter:card\" content=\"summary_large_image\" \/>\n<meta name=\"twitter:label1\" content=\"Timp estimat pentru citire\" \/>\n\t<meta name=\"twitter:data1\" content=\"2 minute\" \/>\n<script type=\"application\/ld+json\" class=\"yoast-schema-graph\">{\"@context\":\"https:\\\/\\\/schema.org\",\"@graph\":[{\"@type\":\"WebPage\",\"@id\":\"https:\\\/\\\/powertowers.com\\\/de\\\/sauber-und-nachhaltig\\\/\",\"url\":\"https:\\\/\\\/powertowers.com\\\/de\\\/sauber-und-nachhaltig\\\/\",\"name\":\"Pecolift and Ecolift Environmentally Friendly | Power Towers\",\"isPartOf\":{\"@id\":\"https:\\\/\\\/powertowers.com\\\/nl\\\/#website\"},\"primaryImageOfPage\":{\"@id\":\"https:\\\/\\\/powertowers.com\\\/de\\\/sauber-und-nachhaltig\\\/#primaryimage\"},\"image\":{\"@id\":\"https:\\\/\\\/powertowers.com\\\/de\\\/sauber-und-nachhaltig\\\/#primaryimage\"},\"thumbnailUrl\":\"https:\\\/\\\/37.148.206.186\\\/wp-content\\\/uploads\\\/2022\\\/01\\\/PECOLIFT_APPLICATION_04.jpg\",\"datePublished\":\"2022-01-12T13:29:06+00:00\",\"dateModified\":\"2025-09-11T11:56:31+00:00\",\"description\":\"Pecolift and Ecolift are two environmentally friendly solutions from Power Towers. They don't use hydraulic oil, batteries or engines. Click to learn more\",\"breadcrumb\":{\"@id\":\"https:\\\/\\\/powertowers.com\\\/de\\\/sauber-und-nachhaltig\\\/#breadcrumb\"},\"inLanguage\":\"ro-RO\",\"potentialAction\":[{\"@type\":\"ReadAction\",\"target\":[\"https:\\\/\\\/powertowers.com\\\/de\\\/sauber-und-nachhaltig\\\/\"]}]},{\"@type\":\"ImageObject\",\"inLanguage\":\"ro-RO\",\"@id\":\"https:\\\/\\\/powertowers.com\\\/de\\\/sauber-und-nachhaltig\\\/#primaryimage\",\"url\":\"https:\\\/\\\/37.148.206.186\\\/wp-content\\\/uploads\\\/2022\\\/01\\\/PECOLIFT_APPLICATION_04.jpg\",\"contentUrl\":\"https:\\\/\\\/37.148.206.186\\\/wp-content\\\/uploads\\\/2022\\\/01\\\/PECOLIFT_APPLICATION_04.jpg\"},{\"@type\":\"BreadcrumbList\",\"@id\":\"https:\\\/\\\/powertowers.com\\\/de\\\/sauber-und-nachhaltig\\\/#breadcrumb\",\"itemListElement\":[{\"@type\":\"ListItem\",\"position\":1,\"name\":\"Home\",\"item\":\"https:\\\/\\\/powertowers.com\\\/nl\\\/\"},{\"@type\":\"ListItem\",\"position\":2,\"name\":\"Clean and sustainable\"}]},{\"@type\":\"WebSite\",\"@id\":\"https:\\\/\\\/powertowers.com\\\/nl\\\/#website\",\"url\":\"https:\\\/\\\/powertowers.com\\\/nl\\\/\",\"name\":\"Power Towers\",\"description\":\"The alternative to ladders, podiums and scaffolding.\",\"publisher\":{\"@id\":\"https:\\\/\\\/powertowers.com\\\/nl\\\/#organization\"},\"potentialAction\":[{\"@type\":\"SearchAction\",\"target\":{\"@type\":\"EntryPoint\",\"urlTemplate\":\"https:\\\/\\\/powertowers.com\\\/nl\\\/?s={search_term_string}\"},\"query-input\":{\"@type\":\"PropertyValueSpecification\",\"valueRequired\":true,\"valueName\":\"search_term_string\"}}],\"inLanguage\":\"ro-RO\"},{\"@type\":\"Organization\",\"@id\":\"https:\\\/\\\/powertowers.com\\\/nl\\\/#organization\",\"name\":\"Power Towers Ltd.\",\"url\":\"https:\\\/\\\/powertowers.com\\\/nl\\\/\",\"logo\":{\"@type\":\"ImageObject\",\"inLanguage\":\"ro-RO\",\"@id\":\"https:\\\/\\\/powertowers.com\\\/nl\\\/#\\\/schema\\\/logo\\\/image\\\/\",\"url\":\"https:\\\/\\\/37.148.206.186\\\/wp-content\\\/uploads\\\/2021\\\/12\\\/power-towers-new-logo-outline-1024px.png\",\"contentUrl\":\"https:\\\/\\\/37.148.206.186\\\/wp-content\\\/uploads\\\/2021\\\/12\\\/power-towers-new-logo-outline-1024px.png\",\"width\":1024,\"height\":209,\"caption\":\"Power Towers Ltd.\"},\"image\":{\"@id\":\"https:\\\/\\\/powertowers.com\\\/nl\\\/#\\\/schema\\\/logo\\\/image\\\/\"}}]}<\/script>\n<!-- \/ Yoast SEO plugin. -->","yoast_head_json":{"title":"Pecolift \u0219i Ecolift, prietenoase cu mediul  Power Towers","description":"Pecolift \u0219i Ecolift sunt dou\u0103 solu\u021bii ecologice de la Power Towers. Acestea nu utilizeaz\u0103 ulei hidraulic, baterii sau motoare. Face\u021bi clic pentru a afla mai multe","robots":{"index":"index","follow":"follow","max-snippet":"max-snippet:-1","max-image-preview":"max-image-preview:large","max-video-preview":"max-video-preview:-1"},"canonical":"https:\/\/powertowers.com\/ro\/curat-si-durabil\/","og_locale":"ro_RO","og_type":"article","og_title":"Pecolift and Ecolift Environmentally Friendly | Power Towers","og_description":"Pecolift and Ecolift are two environmentally friendly solutions from Power Towers. They don't use hydraulic oil, batteries or engines. Click to learn more","og_url":"https:\/\/powertowers.com\/ro\/curat-si-durabil\/","og_site_name":"Power Towers","article_modified_time":"2025-09-11T11:56:31+00:00","og_image":[{"url":"https:\/\/37.148.206.186\/wp-content\/uploads\/2022\/01\/PECOLIFT_APPLICATION_04.jpg","type":"","width":"","height":""}],"twitter_card":"summary_large_image","twitter_misc":{"Timp estimat pentru citire":"2 minute"},"schema":{"@context":"https:\/\/schema.org","@graph":[{"@type":"WebPage","@id":"https:\/\/powertowers.com\/de\/sauber-und-nachhaltig\/","url":"https:\/\/powertowers.com\/de\/sauber-und-nachhaltig\/","name":"Pecolift \u0219i Ecolift, prietenoase cu mediul  Power Towers","isPartOf":{"@id":"https:\/\/powertowers.com\/nl\/#website"},"primaryImageOfPage":{"@id":"https:\/\/powertowers.com\/de\/sauber-und-nachhaltig\/#primaryimage"},"image":{"@id":"https:\/\/powertowers.com\/de\/sauber-und-nachhaltig\/#primaryimage"},"thumbnailUrl":"https:\/\/37.148.206.186\/wp-content\/uploads\/2022\/01\/PECOLIFT_APPLICATION_04.jpg","datePublished":"2022-01-12T13:29:06+00:00","dateModified":"2025-09-11T11:56:31+00:00","description":"Pecolift \u0219i Ecolift sunt dou\u0103 solu\u021bii ecologice de la Power Towers. Acestea nu utilizeaz\u0103 ulei hidraulic, baterii sau motoare. Face\u021bi clic pentru a afla mai multe","breadcrumb":{"@id":"https:\/\/powertowers.com\/de\/sauber-und-nachhaltig\/#breadcrumb"},"inLanguage":"ro-RO","potentialAction":[{"@type":"ReadAction","target":["https:\/\/powertowers.com\/de\/sauber-und-nachhaltig\/"]}]},{"@type":"ImageObject","inLanguage":"ro-RO","@id":"https:\/\/powertowers.com\/de\/sauber-und-nachhaltig\/#primaryimage","url":"https:\/\/37.148.206.186\/wp-content\/uploads\/2022\/01\/PECOLIFT_APPLICATION_04.jpg","contentUrl":"https:\/\/37.148.206.186\/wp-content\/uploads\/2022\/01\/PECOLIFT_APPLICATION_04.jpg"},{"@type":"BreadcrumbList","@id":"https:\/\/powertowers.com\/de\/sauber-und-nachhaltig\/#breadcrumb","itemListElement":[{"@type":"ListItem","position":1,"name":"Home","item":"https:\/\/powertowers.com\/nl\/"},{"@type":"ListItem","position":2,"name":"Clean and sustainable"}]},{"@type":"WebSite","@id":"https:\/\/powertowers.com\/nl\/#website","url":"https:\/\/powertowers.com\/nl\/","name":"Power Towers","description":"Alternativa la sc\u0103ri, podiumuri \u0219i schele.","publisher":{"@id":"https:\/\/powertowers.com\/nl\/#organization"},"potentialAction":[{"@type":"SearchAction","target":{"@type":"EntryPoint","urlTemplate":"https:\/\/powertowers.com\/nl\/?s={search_term_string}"},"query-input":{"@type":"PropertyValueSpecification","valueRequired":true,"valueName":"search_term_string"}}],"inLanguage":"ro-RO"},{"@type":"Organization","@id":"https:\/\/powertowers.com\/nl\/#organization","name":"Power Towers Ltd.","url":"https:\/\/powertowers.com\/nl\/","logo":{"@type":"ImageObject","inLanguage":"ro-RO","@id":"https:\/\/powertowers.com\/nl\/#\/schema\/logo\/image\/","url":"https:\/\/37.148.206.186\/wp-content\/uploads\/2021\/12\/power-towers-new-logo-outline-1024px.png","contentUrl":"https:\/\/37.148.206.186\/wp-content\/uploads\/2021\/12\/power-towers-new-logo-outline-1024px.png","width":1024,"height":209,"caption":"Power Towers Ltd."},"image":{"@id":"https:\/\/powertowers.com\/nl\/#\/schema\/logo\/image\/"}}]}},"_links":{"self":[{"href":"https:\/\/powertowers.com\/ro\/wp-json\/wp\/v2\/pages\/734","targetHints":{"allow":["GET"]}}],"collection":[{"href":"https:\/\/powertowers.com\/ro\/wp-json\/wp\/v2\/pages"}],"about":[{"href":"https:\/\/powertowers.com\/ro\/wp-json\/wp\/v2\/types\/page"}],"author":[{"embeddable":true,"href":"https:\/\/powertowers.com\/ro\/wp-json\/wp\/v2\/users\/1"}],"replies":[{"embeddable":true,"href":"https:\/\/powertowers.com\/ro\/wp-json\/wp\/v2\/comments?post=734"}],"version-history":[{"count":45,"href":"https:\/\/powertowers.com\/ro\/wp-json\/wp\/v2\/pages\/734\/revisions"}],"predecessor-version":[{"id":5745,"href":"https:\/\/powertowers.com\/ro\/wp-json\/wp\/v2\/pages\/734\/revisions\/5745"}],"wp:attachment":[{"href":"https:\/\/powertowers.com\/ro\/wp-json\/wp\/v2\/media?parent=734"}],"curies":[{"name":"wp","href":"https:\/\/api.w.org\/{rel}","templated":true}]}}