{"id":638,"date":"2022-01-10T12:48:03","date_gmt":"2022-01-10T12:48:03","guid":{"rendered":"https:\/\/37.148.206.186\/?page_id=638"},"modified":"2025-09-11T13:51:32","modified_gmt":"2025-09-11T11:51:32","slug":"a-familia-autonoma","status":"publish","type":"page","link":"https:\/\/powertowers.com\/pt\/the-self-propelled-family\/","title":{"rendered":"PLATAFORMAS 100% EL\u00c9TRICAS"},"content":{"rendered":"<div data-elementor-type=\"wp-page\" data-elementor-id=\"638\" class=\"elementor elementor-638\" data-elementor-post-type=\"page\">\n\t\t\t\t\t\t<main class=\"elementor-section elementor-top-section elementor-element elementor-element-005134f elementor-section-boxed elementor-section-height-default elementor-section-height-default elementor-invisible\" data-id=\"005134f\" data-element_type=\"section\" data-e-type=\"section\" data-settings=\"{&quot;animation&quot;:&quot;slideInDown&quot;}\">\n\t\t\t\t\t\t<div class=\"elementor-container elementor-column-gap-default\">\n\t\t\t\t\t<div class=\"elementor-column elementor-col-100 elementor-top-column elementor-element elementor-element-b6ba170\" data-id=\"b6ba170\" data-element_type=\"column\" data-e-type=\"column\">\n\t\t\t<div class=\"elementor-widget-wrap elementor-element-populated\">\n\t\t\t\t\t\t<div class=\"elementor-element elementor-element-8290da6 elementor-widget elementor-widget-heading\" data-id=\"8290da6\" data-element_type=\"widget\" data-e-type=\"widget\" data-widget_type=\"heading.default\">\n\t\t\t\t<div class=\"elementor-widget-container\">\n\t\t\t\t\t<h1 class=\"elementor-heading-title elementor-size-default\">PLATAFORMAS 100% EL\u00c9CTRICAS<\/h1>\t\t\t\t<\/div>\n\t\t\t\t<\/div>\n\t\t\t\t<div class=\"elementor-element elementor-element-4019f0e elementor-widget elementor-widget-heading\" data-id=\"4019f0e\" data-element_type=\"widget\" data-e-type=\"widget\" data-widget_type=\"heading.default\">\n\t\t\t\t<div class=\"elementor-widget-container\">\n\t\t\t\t\t<h2 class=\"elementor-heading-title elementor-size-default\">M\u00e1quinas de baixo n\u00edvel, leves e autopropulsionadas<\/h2>\t\t\t\t<\/div>\n\t\t\t\t<\/div>\n\t\t\t\t\t<\/div>\n\t\t<\/div>\n\t\t\t\t\t<\/div>\n\t\t<\/main>\n\t\t\t\t<main class=\"elementor-section elementor-top-section elementor-element elementor-element-20dd2a6 elementor-section-boxed elementor-section-height-default elementor-section-height-default elementor-invisible\" data-id=\"20dd2a6\" data-element_type=\"section\" data-e-type=\"section\" data-settings=\"{&quot;animation&quot;:&quot;slideInUp&quot;}\">\n\t\t\t\t\t\t<div class=\"elementor-container elementor-column-gap-default\">\n\t\t\t\t\t<div class=\"elementor-column elementor-col-50 elementor-top-column elementor-element elementor-element-7f50de8\" data-id=\"7f50de8\" data-element_type=\"column\" data-e-type=\"column\" data-settings=\"{&quot;background_background&quot;:&quot;classic&quot;}\">\n\t\t\t<div class=\"elementor-widget-wrap elementor-element-populated\">\n\t\t\t\t\t\t<div class=\"elementor-element elementor-element-ed42a36 elementor-widget elementor-widget-image\" data-id=\"ed42a36\" data-element_type=\"widget\" data-e-type=\"widget\" data-widget_type=\"image.default\">\n\t\t\t\t<div class=\"elementor-widget-container\">\n\t\t\t\t\t\t\t\t\t\t\t\t\t\t\t\t<a href=\"https:\/\/powertowers.com\/pt\/nano-sp\/\">\n\t\t\t\t\t\t\t<img fetchpriority=\"high\" decoding=\"async\" width=\"500\" height=\"500\" src=\"https:\/\/powertowers.com\/wp-content\/uploads\/2023\/04\/Nano-SP.jpg\" class=\"elementor-animation-shrink attachment-full size-full wp-image-3349\" alt=\"Nano SP\" srcset=\"https:\/\/powertowers.com\/wp-content\/uploads\/2023\/04\/Nano-SP.jpg 500w, https:\/\/powertowers.com\/wp-content\/uploads\/2023\/04\/Nano-SP-300x300.jpg 300w, https:\/\/powertowers.com\/wp-content\/uploads\/2023\/04\/Nano-SP-150x150.jpg 150w, https:\/\/powertowers.com\/wp-content\/uploads\/2023\/04\/Nano-SP-12x12.jpg 12w\" sizes=\"(max-width: 34.9rem) calc(100vw - 2rem), (max-width: 53rem) calc(8 * (100vw \/ 12)), (min-width: 53rem) calc(6 * (100vw \/ 12)), 100vw\" \/>\t\t\t\t\t\t\t\t<\/a>\n\t\t\t\t\t\t\t\t\t\t\t\t\t\t\t<\/div>\n\t\t\t\t<\/div>\n\t\t\t\t<div class=\"elementor-element elementor-element-031c932 elementor-widget elementor-widget-heading\" data-id=\"031c932\" data-element_type=\"widget\" data-e-type=\"widget\" data-widget_type=\"heading.default\">\n\t\t\t\t<div class=\"elementor-widget-container\">\n\t\t\t\t\t<h4 class=\"elementor-heading-title elementor-size-default\"><a href=\"https:\/\/powertowers.com\/pt\/nano-sp\/\">Nano SP<\/a><\/h4>\t\t\t\t<\/div>\n\t\t\t\t<\/div>\n\t\t\t\t<div class=\"elementor-element elementor-element-b38350b elementor-widget elementor-widget-heading\" data-id=\"b38350b\" data-element_type=\"widget\" data-e-type=\"widget\" data-widget_type=\"heading.default\">\n\t\t\t\t<div class=\"elementor-widget-container\">\n\t\t\t\t\t<h4 class=\"elementor-heading-title elementor-size-default\">Solu\u00e7\u00e3o com autopropuls\u00e3o com tabuleiro extens\u00edvel e altura m\u00e1xima de trabalho de 4,5m<\/h4>\t\t\t\t<\/div>\n\t\t\t\t<\/div>\n\t\t\t\t<div class=\"elementor-element elementor-element-05447f6 elementor-align-center elementor-widget elementor-widget-button\" data-id=\"05447f6\" data-element_type=\"widget\" data-e-type=\"widget\" data-widget_type=\"button.default\">\n\t\t\t\t<div class=\"elementor-widget-container\">\n\t\t\t\t\t\t\t\t\t<div class=\"elementor-button-wrapper\">\n\t\t\t\t\t<a class=\"elementor-button elementor-button-link elementor-size-sm\" href=\"https:\/\/powertowers.com\/pt\/nano-sp\/\">\n\t\t\t\t\t\t<span class=\"elementor-button-content-wrapper\">\n\t\t\t\t\t\t\t\t\t<span class=\"elementor-button-text\">TODAS AS ESPECIFICA\u00c7\u00d5ES<\/span>\n\t\t\t\t\t<\/span>\n\t\t\t\t\t<\/a>\n\t\t\t\t<\/div>\n\t\t\t\t\t\t\t\t<\/div>\n\t\t\t\t<\/div>\n\t\t\t\t\t<\/div>\n\t\t<\/div>\n\t\t\t\t<div class=\"elementor-column elementor-col-50 elementor-top-column elementor-element elementor-element-e4ab24a\" data-id=\"e4ab24a\" data-element_type=\"column\" data-e-type=\"column\" data-settings=\"{&quot;background_background&quot;:&quot;classic&quot;}\">\n\t\t\t<div class=\"elementor-widget-wrap elementor-element-populated\">\n\t\t\t\t\t\t<div class=\"elementor-element elementor-element-52cf7b6 elementor-widget elementor-widget-image\" data-id=\"52cf7b6\" data-element_type=\"widget\" data-e-type=\"widget\" data-widget_type=\"image.default\">\n\t\t\t\t<div class=\"elementor-widget-container\">\n\t\t\t\t\t\t\t\t\t\t\t\t\t\t\t\t<a href=\"https:\/\/powertowers.com\/pt\/nano-sp-plus\/\">\n\t\t\t\t\t\t\t<img decoding=\"async\" width=\"500\" height=\"500\" src=\"https:\/\/powertowers.com\/wp-content\/uploads\/2023\/04\/Nano-SP-1.jpg\" class=\"elementor-animation-shrink attachment-full size-full wp-image-3350\" alt=\"Nano SP Plus\" srcset=\"https:\/\/powertowers.com\/wp-content\/uploads\/2023\/04\/Nano-SP-1.jpg 500w, https:\/\/powertowers.com\/wp-content\/uploads\/2023\/04\/Nano-SP-1-300x300.jpg 300w, https:\/\/powertowers.com\/wp-content\/uploads\/2023\/04\/Nano-SP-1-150x150.jpg 150w, https:\/\/powertowers.com\/wp-content\/uploads\/2023\/04\/Nano-SP-1-12x12.jpg 12w\" sizes=\"(max-width: 34.9rem) calc(100vw - 2rem), (max-width: 53rem) calc(8 * (100vw \/ 12)), (min-width: 53rem) calc(6 * (100vw \/ 12)), 100vw\" \/>\t\t\t\t\t\t\t\t<\/a>\n\t\t\t\t\t\t\t\t\t\t\t\t\t\t\t<\/div>\n\t\t\t\t<\/div>\n\t\t\t\t<div class=\"elementor-element elementor-element-cff612f elementor-widget elementor-widget-heading\" data-id=\"cff612f\" data-element_type=\"widget\" data-e-type=\"widget\" data-widget_type=\"heading.default\">\n\t\t\t\t<div class=\"elementor-widget-container\">\n\t\t\t\t\t<h4 class=\"elementor-heading-title elementor-size-default\"><a href=\"https:\/\/powertowers.com\/pt\/nano-sp-plus\/\">NANO SP PLUS<\/a><\/h4>\t\t\t\t<\/div>\n\t\t\t\t<\/div>\n\t\t\t\t<div class=\"elementor-element elementor-element-56122d9 elementor-widget elementor-widget-heading\" data-id=\"56122d9\" data-element_type=\"widget\" data-e-type=\"widget\" data-widget_type=\"heading.default\">\n\t\t\t\t<div class=\"elementor-widget-container\">\n\t\t\t\t\t<h4 class=\"elementor-heading-title elementor-size-default\">Solu\u00e7\u00e3o com autopropuls\u00e3o com tabuleiro duplo extens\u00edvel e altura m\u00e1xima de trabalho de 4,5m<\/h4>\t\t\t\t<\/div>\n\t\t\t\t<\/div>\n\t\t\t\t<div class=\"elementor-element elementor-element-f74219b elementor-align-center elementor-widget elementor-widget-button\" data-id=\"f74219b\" data-element_type=\"widget\" data-e-type=\"widget\" data-widget_type=\"button.default\">\n\t\t\t\t<div class=\"elementor-widget-container\">\n\t\t\t\t\t\t\t\t\t<div class=\"elementor-button-wrapper\">\n\t\t\t\t\t<a class=\"elementor-button elementor-button-link elementor-size-sm\" href=\"https:\/\/powertowers.com\/pt\/nano-sp-plus\/\">\n\t\t\t\t\t\t<span class=\"elementor-button-content-wrapper\">\n\t\t\t\t\t\t\t\t\t<span class=\"elementor-button-text\">TODAS AS ESPECIFICA\u00c7\u00d5ES<\/span>\n\t\t\t\t\t<\/span>\n\t\t\t\t\t<\/a>\n\t\t\t\t<\/div>\n\t\t\t\t\t\t\t\t<\/div>\n\t\t\t\t<\/div>\n\t\t\t\t\t<\/div>\n\t\t<\/div>\n\t\t\t\t\t<\/div>\n\t\t<\/main>\n\t\t\t\t<nav class=\"elementor-section elementor-top-section elementor-element elementor-element-4785a1c elementor-section-boxed elementor-section-height-default elementor-section-height-default elementor-invisible\" data-id=\"4785a1c\" data-element_type=\"section\" data-e-type=\"section\" data-settings=\"{&quot;animation&quot;:&quot;zoomIn&quot;}\">\n\t\t\t\t\t\t<div class=\"elementor-container elementor-column-gap-default\">\n\t\t\t\t\t<div class=\"elementor-column elementor-col-100 elementor-top-column elementor-element elementor-element-1d9abd9\" data-id=\"1d9abd9\" data-element_type=\"column\" data-e-type=\"column\">\n\t\t\t<div class=\"elementor-widget-wrap elementor-element-populated\">\n\t\t\t\t\t\t<section class=\"elementor-section elementor-inner-section elementor-element elementor-element-57e2c61 elementor-section-content-bottom elementor-section-boxed elementor-section-height-default elementor-section-height-default\" data-id=\"57e2c61\" data-element_type=\"section\" data-e-type=\"section\">\n\t\t\t\t\t\t<div class=\"elementor-container elementor-column-gap-default\">\n\t\t\t\t\t<div class=\"elementor-column elementor-col-50 elementor-inner-column elementor-element elementor-element-7f6d226\" data-id=\"7f6d226\" data-element_type=\"column\" data-e-type=\"column\">\n\t\t\t<div class=\"elementor-widget-wrap elementor-element-populated\">\n\t\t\t\t\t\t<div class=\"elementor-element elementor-element-e1a5159 elementor-align-right elementor-mobile-align-center elementor-widget elementor-widget-button\" data-id=\"e1a5159\" data-element_type=\"widget\" data-e-type=\"widget\" data-widget_type=\"button.default\">\n\t\t\t\t<div class=\"elementor-widget-container\">\n\t\t\t\t\t\t\t\t\t<div class=\"elementor-button-wrapper\">\n\t\t\t\t\t<a class=\"elementor-button elementor-button-link elementor-size-md\" href=\"https:\/\/powertowers.com\/pt\/demo\/\">\n\t\t\t\t\t\t<span class=\"elementor-button-content-wrapper\">\n\t\t\t\t\t\t\t\t\t<span class=\"elementor-button-text\">quero uma demonstra\u00e7\u00e3o<\/span>\n\t\t\t\t\t<\/span>\n\t\t\t\t\t<\/a>\n\t\t\t\t<\/div>\n\t\t\t\t\t\t\t\t<\/div>\n\t\t\t\t<\/div>\n\t\t\t\t\t<\/div>\n\t\t<\/div>\n\t\t\t\t<div class=\"elementor-column elementor-col-50 elementor-inner-column elementor-element elementor-element-aa622a6\" data-id=\"aa622a6\" data-element_type=\"column\" data-e-type=\"column\">\n\t\t\t<div class=\"elementor-widget-wrap elementor-element-populated\">\n\t\t\t\t\t\t<div class=\"elementor-element elementor-element-0dab248 elementor-align-left elementor-mobile-align-center elementor-widget elementor-widget-button\" data-id=\"0dab248\" data-element_type=\"widget\" data-e-type=\"widget\" data-widget_type=\"button.default\">\n\t\t\t\t<div class=\"elementor-widget-container\">\n\t\t\t\t\t\t\t\t\t<div class=\"elementor-button-wrapper\">\n\t\t\t\t\t<a class=\"elementor-button elementor-button-link elementor-size-md\" href=\"https:\/\/powertowers.com\/pt\/quote\/\">\n\t\t\t\t\t\t<span class=\"elementor-button-content-wrapper\">\n\t\t\t\t\t\t\t\t\t<span class=\"elementor-button-text\">quero uma cota\u00e7\u00e3o<\/span>\n\t\t\t\t\t<\/span>\n\t\t\t\t\t<\/a>\n\t\t\t\t<\/div>\n\t\t\t\t\t\t\t\t<\/div>\n\t\t\t\t<\/div>\n\t\t\t\t\t<\/div>\n\t\t<\/div>\n\t\t\t\t\t<\/div>\n\t\t<\/section>\n\t\t\t\t\t<\/div>\n\t\t<\/div>\n\t\t\t\t\t<\/div>\n\t\t<\/nav>\n\t\t\t\t<article class=\"elementor-section elementor-top-section elementor-element elementor-element-6a1bff9 elementor-section-boxed elementor-section-height-default elementor-section-height-default\" data-id=\"6a1bff9\" data-element_type=\"section\" data-e-type=\"section\">\n\t\t\t\t\t\t<div class=\"elementor-container elementor-column-gap-default\">\n\t\t\t\t\t<div class=\"elementor-column elementor-col-50 elementor-top-column elementor-element elementor-element-3d5fc2f\" data-id=\"3d5fc2f\" data-element_type=\"column\" data-e-type=\"column\">\n\t\t\t<div class=\"elementor-widget-wrap elementor-element-populated\">\n\t\t\t\t\t\t<div class=\"elementor-element elementor-element-74d4f3d elementor-widget elementor-widget-text-editor\" data-id=\"74d4f3d\" data-element_type=\"widget\" data-e-type=\"widget\" data-widget_type=\"text-editor.default\">\n\t\t\t\t<div class=\"elementor-widget-container\">\n\t\t\t\t\t\t\t\t\t<p>Se procura uma solu\u00e7\u00e3o com autopropuls\u00e3o para acesso de baixa altura, a nossa gama de produtos \u00e9 leve e permite at\u00e9 4,5 m de altura de trabalho (dependendo do modelo). Estas plataformas s\u00e3o ideais quando a aplica\u00e7\u00e3o requer que o operador se desloque rapidamente entre opera\u00e7\u00f5es ou necessita de deslocar a plataforma enquanto trabalha em altura. Isto elimina a necessidade de subir e descer para poder mover a m\u00e1quina para outra posi\u00e7\u00e3o. A produtividade \u00e9 melhorada quando se utilizam estas m\u00e1quinas: at\u00e9 12 vezes mais r\u00e1pido em compara\u00e7\u00e3o com as formas tradicionais de acesso como andaimes, p\u00f3dios ou escadas.<\/p><p>As Nano SP e Nano SP Plus t\u00eam uma pegada muito pequena para manobrar em espa\u00e7os de trabalho muito congestionados e uma grande \u00e1rea de trabalho quando se utiliza a op\u00e7\u00e3o de plataforma teslesc\u00f3pica, tornando-a ideal para ser capaz de trabalhar sobre obst\u00e1culos. A Nano SP \u00e9 a escolha preferida quando a aplica\u00e7\u00e3o requer uma \u00e1rea de trabalho menor, peso mais leve e uma \u00e1rea de plataforma maior.<\/p><p>Estas m\u00e1quinas s\u00e3o mais seguras, mais confort\u00e1veis, mais eficientes e uma alternativa econ\u00f3mica aos degraus do p\u00f3dio ou andaimes.  Entre na plataforma totalmente protegida, dirija-se \u00e0 aplica\u00e7\u00e3o de trabalho e levante-se at\u00e9 a altura desejada. O operador tem espa\u00e7o suficiente para se mover e trabalhar numa posi\u00e7\u00e3o confort\u00e1vel por per\u00edodos de tempo mais longos. Mantenha-se em altura e conduza facilmente para outra \u00e1rea de trabalho para maximizar a efici\u00eancia.<\/p><p><a href=\"https:\/\/powertowers.com\/pt\/beneficios\/\">Saiba mais sobre os benef\u00edcios da gama de produtos Power Towers aqui!<\/a><\/p>\t\t\t\t\t\t\t\t<\/div>\n\t\t\t\t<\/div>\n\t\t\t\t\t<\/div>\n\t\t<\/div>\n\t\t\t\t<div class=\"elementor-column elementor-col-50 elementor-top-column elementor-element elementor-element-4439ce2\" data-id=\"4439ce2\" data-element_type=\"column\" data-e-type=\"column\">\n\t\t\t<div class=\"elementor-widget-wrap elementor-element-populated\">\n\t\t\t\t\t\t<div class=\"elementor-element elementor-element-362d326 elementor-widget elementor-widget-text-editor\" data-id=\"362d326\" data-element_type=\"widget\" data-e-type=\"widget\" data-widget_type=\"text-editor.default\">\n\t\t\t\t<div class=\"elementor-widget-container\">\n\t\t\t\t\t\t\t\t\t<p><strong>Caracter\u00edsticas e Benef\u00edcios:<\/strong><\/p>\n<ul>\n<li>Entre na plataforma ao n\u00edvel do solo e poder\u00e1 trabalhar em altura com seguran\u00e7a<\/li>\n<li>F\u00e1cil de operar, basta apertar um bot\u00e3o para elevar a plataforma<\/li>\n<li>Plataforma regul\u00e1vel para trabalhar na altura desejada<\/li>\n<li>Descida de emerg\u00eancia a partir do n\u00edvel do solo<\/li>\n<li>Alarme sonoro de subida, descida e condu\u00e7\u00e3o<\/li>\n<li>Circuito hidr\u00e1ulico \u00e0 prova de falhas completo com v\u00e1lvula de reten\u00e7\u00e3o no cilindro elevat\u00f3rio<\/li>\n<li>Passa em portas padr\u00e3o e elevadores<\/li>\n<li>Compacto - ideal para um f\u00e1cil armazenamento<\/li>\n<li>Peso leve, ideal para pisos delicados<\/li>\n<li>A Nano SP e SP Plus atingem 4,5 m de altura de trabalho<\/li>\n<\/ul>\t\t\t\t\t\t\t\t<\/div>\n\t\t\t\t<\/div>\n\t\t\t\t\t<\/div>\n\t\t<\/div>\n\t\t\t\t\t<\/div>\n\t\t<\/article>\n\t\t\t\t<\/div>","protected":false},"excerpt":{"rendered":"<p>A FAM\u00cdLIA AUTO-PROPELIDA Solu\u00e7\u00e3o automotora de baixo n\u00edvel, leve e autopropulsionada Nano SP Solu\u00e7\u00e3o automotora com plataforma extens\u00edvel e altura m\u00e1xima de trabalho de 4,5 m VERIFIQUE TODAS AS ESPECIFICA\u00c7\u00d5ES NANO SP PLUS Solu\u00e7\u00e3o automotora com plataforma dupla extens\u00edvel e altura m\u00e1xima de trabalho de 4,5 m VERIFIQUE TODAS AS ESPECIFICA\u00c7\u00d5ES Quero uma demonstra\u00e7\u00e3o Quero uma cita\u00e7\u00e3o ... <\/p>\n<p class=\"link-more\"><a href=\"https:\/\/powertowers.com\/pt\/the-self-propelled-family\/\" class=\"more-link\">Continuar a ler <span class=\"screen-reader-text\">\"A fam\u00edlia autopropulsionada\"<\/span><\/a><\/p>","protected":false},"author":1,"featured_media":0,"parent":0,"menu_order":0,"comment_status":"closed","ping_status":"closed","template":"elementor_header_footer","meta":{"content-type":"","footnotes":""},"class_list":["post-638","page","type-page","status-publish","hentry","entry"],"yoast_head":"<!-- This site is optimized with the Yoast SEO plugin v27.4 - https:\/\/yoast.com\/product\/yoast-seo-wordpress\/ -->\n<title>Self-Propelled Extendable Work Platforms | Power Towers<\/title>\n<meta name=\"description\" content=\"Discover Power Towers self-propelled working platforms, up to 4.5m height. Safer and intuitive. An alternative to scaffolding and ladders. Learn more!\" \/>\n<meta name=\"robots\" content=\"index, follow, max-snippet:-1, max-image-preview:large, max-video-preview:-1\" \/>\n<link rel=\"canonical\" href=\"https:\/\/powertowers.com\/pt\/a-familia-autonoma\/\" \/>\n<meta property=\"og:locale\" content=\"pt_PT\" \/>\n<meta property=\"og:type\" content=\"article\" \/>\n<meta property=\"og:title\" content=\"Self-Propelled Extendable Work Platforms | Power Towers\" \/>\n<meta property=\"og:description\" content=\"Discover Power Towers self-propelled working platforms, up to 4.5m height. Safer and intuitive. An alternative to scaffolding and ladders. Learn more!\" \/>\n<meta property=\"og:url\" content=\"https:\/\/powertowers.com\/pt\/a-familia-autonoma\/\" \/>\n<meta property=\"og:site_name\" content=\"Power Towers\" \/>\n<meta property=\"article:modified_time\" content=\"2025-09-11T11:51:32+00:00\" \/>\n<meta property=\"og:image\" content=\"https:\/\/37.148.206.186\/wp-content\/uploads\/2023\/04\/Nano-SP.jpg\" \/>\n<meta name=\"twitter:card\" content=\"summary_large_image\" \/>\n<meta name=\"twitter:label1\" content=\"Tempo estimado de leitura\" \/>\n\t<meta name=\"twitter:data1\" content=\"2 minutos\" \/>\n<script type=\"application\/ld+json\" class=\"yoast-schema-graph\">{\"@context\":\"https:\\\/\\\/schema.org\",\"@graph\":[{\"@type\":\"WebPage\",\"@id\":\"https:\\\/\\\/powertowers.com\\\/es\\\/la-familia-autopropulsada\\\/\",\"url\":\"https:\\\/\\\/powertowers.com\\\/es\\\/la-familia-autopropulsada\\\/\",\"name\":\"Self-Propelled Extendable Work Platforms | Power Towers\",\"isPartOf\":{\"@id\":\"https:\\\/\\\/powertowers.com\\\/nl\\\/#website\"},\"primaryImageOfPage\":{\"@id\":\"https:\\\/\\\/powertowers.com\\\/es\\\/la-familia-autopropulsada\\\/#primaryimage\"},\"image\":{\"@id\":\"https:\\\/\\\/powertowers.com\\\/es\\\/la-familia-autopropulsada\\\/#primaryimage\"},\"thumbnailUrl\":\"https:\\\/\\\/37.148.206.186\\\/wp-content\\\/uploads\\\/2023\\\/04\\\/Nano-SP.jpg\",\"datePublished\":\"2022-01-10T12:48:03+00:00\",\"dateModified\":\"2025-09-11T11:51:32+00:00\",\"description\":\"Discover Power Towers self-propelled working platforms, up to 4.5m height. Safer and intuitive. An alternative to scaffolding and ladders. Learn more!\",\"breadcrumb\":{\"@id\":\"https:\\\/\\\/powertowers.com\\\/es\\\/la-familia-autopropulsada\\\/#breadcrumb\"},\"inLanguage\":\"pt-PT\",\"potentialAction\":[{\"@type\":\"ReadAction\",\"target\":[\"https:\\\/\\\/powertowers.com\\\/es\\\/la-familia-autopropulsada\\\/\"]}]},{\"@type\":\"ImageObject\",\"inLanguage\":\"pt-PT\",\"@id\":\"https:\\\/\\\/powertowers.com\\\/es\\\/la-familia-autopropulsada\\\/#primaryimage\",\"url\":\"https:\\\/\\\/37.148.206.186\\\/wp-content\\\/uploads\\\/2023\\\/04\\\/Nano-SP.jpg\",\"contentUrl\":\"https:\\\/\\\/37.148.206.186\\\/wp-content\\\/uploads\\\/2023\\\/04\\\/Nano-SP.jpg\"},{\"@type\":\"BreadcrumbList\",\"@id\":\"https:\\\/\\\/powertowers.com\\\/es\\\/la-familia-autopropulsada\\\/#breadcrumb\",\"itemListElement\":[{\"@type\":\"ListItem\",\"position\":1,\"name\":\"Home\",\"item\":\"https:\\\/\\\/powertowers.com\\\/nl\\\/\"},{\"@type\":\"ListItem\",\"position\":2,\"name\":\"The self-propelled family\"}]},{\"@type\":\"WebSite\",\"@id\":\"https:\\\/\\\/powertowers.com\\\/nl\\\/#website\",\"url\":\"https:\\\/\\\/powertowers.com\\\/nl\\\/\",\"name\":\"Power Towers\",\"description\":\"The alternative to ladders, podiums and scaffolding.\",\"publisher\":{\"@id\":\"https:\\\/\\\/powertowers.com\\\/nl\\\/#organization\"},\"potentialAction\":[{\"@type\":\"SearchAction\",\"target\":{\"@type\":\"EntryPoint\",\"urlTemplate\":\"https:\\\/\\\/powertowers.com\\\/nl\\\/?s={search_term_string}\"},\"query-input\":{\"@type\":\"PropertyValueSpecification\",\"valueRequired\":true,\"valueName\":\"search_term_string\"}}],\"inLanguage\":\"pt-PT\"},{\"@type\":\"Organization\",\"@id\":\"https:\\\/\\\/powertowers.com\\\/nl\\\/#organization\",\"name\":\"Power Towers Ltd.\",\"url\":\"https:\\\/\\\/powertowers.com\\\/nl\\\/\",\"logo\":{\"@type\":\"ImageObject\",\"inLanguage\":\"pt-PT\",\"@id\":\"https:\\\/\\\/powertowers.com\\\/nl\\\/#\\\/schema\\\/logo\\\/image\\\/\",\"url\":\"https:\\\/\\\/37.148.206.186\\\/wp-content\\\/uploads\\\/2021\\\/12\\\/power-towers-new-logo-outline-1024px.png\",\"contentUrl\":\"https:\\\/\\\/37.148.206.186\\\/wp-content\\\/uploads\\\/2021\\\/12\\\/power-towers-new-logo-outline-1024px.png\",\"width\":1024,\"height\":209,\"caption\":\"Power Towers Ltd.\"},\"image\":{\"@id\":\"https:\\\/\\\/powertowers.com\\\/nl\\\/#\\\/schema\\\/logo\\\/image\\\/\"}}]}<\/script>\n<!-- \/ Yoast SEO plugin. -->","yoast_head_json":{"title":"Plataformas de trabalho extens\u00edveis autopropulsadas | Power Towers","description":"Descubra as plataformas de trabalho autopropulsionadas Power Towers, at\u00e9 4,5 m de altura. Mais seguras e intuitivas. Uma alternativa aos andaimes e \u00e0s escadas. Saiba mais!","robots":{"index":"index","follow":"follow","max-snippet":"max-snippet:-1","max-image-preview":"max-image-preview:large","max-video-preview":"max-video-preview:-1"},"canonical":"https:\/\/powertowers.com\/pt\/a-familia-autonoma\/","og_locale":"pt_PT","og_type":"article","og_title":"Self-Propelled Extendable Work Platforms | Power Towers","og_description":"Discover Power Towers self-propelled working platforms, up to 4.5m height. Safer and intuitive. An alternative to scaffolding and ladders. Learn more!","og_url":"https:\/\/powertowers.com\/pt\/a-familia-autonoma\/","og_site_name":"Power Towers","article_modified_time":"2025-09-11T11:51:32+00:00","og_image":[{"url":"https:\/\/37.148.206.186\/wp-content\/uploads\/2023\/04\/Nano-SP.jpg","type":"","width":"","height":""}],"twitter_card":"summary_large_image","twitter_misc":{"Tempo estimado de leitura":"2 minutos"},"schema":{"@context":"https:\/\/schema.org","@graph":[{"@type":"WebPage","@id":"https:\/\/powertowers.com\/es\/la-familia-autopropulsada\/","url":"https:\/\/powertowers.com\/es\/la-familia-autopropulsada\/","name":"Plataformas de trabalho extens\u00edveis autopropulsadas | Power Towers","isPartOf":{"@id":"https:\/\/powertowers.com\/nl\/#website"},"primaryImageOfPage":{"@id":"https:\/\/powertowers.com\/es\/la-familia-autopropulsada\/#primaryimage"},"image":{"@id":"https:\/\/powertowers.com\/es\/la-familia-autopropulsada\/#primaryimage"},"thumbnailUrl":"https:\/\/37.148.206.186\/wp-content\/uploads\/2023\/04\/Nano-SP.jpg","datePublished":"2022-01-10T12:48:03+00:00","dateModified":"2025-09-11T11:51:32+00:00","description":"Descubra as plataformas de trabalho autopropulsionadas Power Towers, at\u00e9 4,5 m de altura. Mais seguras e intuitivas. Uma alternativa aos andaimes e \u00e0s escadas. Saiba mais!","breadcrumb":{"@id":"https:\/\/powertowers.com\/es\/la-familia-autopropulsada\/#breadcrumb"},"inLanguage":"pt-PT","potentialAction":[{"@type":"ReadAction","target":["https:\/\/powertowers.com\/es\/la-familia-autopropulsada\/"]}]},{"@type":"ImageObject","inLanguage":"pt-PT","@id":"https:\/\/powertowers.com\/es\/la-familia-autopropulsada\/#primaryimage","url":"https:\/\/37.148.206.186\/wp-content\/uploads\/2023\/04\/Nano-SP.jpg","contentUrl":"https:\/\/37.148.206.186\/wp-content\/uploads\/2023\/04\/Nano-SP.jpg"},{"@type":"BreadcrumbList","@id":"https:\/\/powertowers.com\/es\/la-familia-autopropulsada\/#breadcrumb","itemListElement":[{"@type":"ListItem","position":1,"name":"Home","item":"https:\/\/powertowers.com\/nl\/"},{"@type":"ListItem","position":2,"name":"The self-propelled family"}]},{"@type":"WebSite","@id":"https:\/\/powertowers.com\/nl\/#website","url":"https:\/\/powertowers.com\/nl\/","name":"Power Towers","description":"A alternativa \u00e0s escadas, p\u00f3dios e andaimes.","publisher":{"@id":"https:\/\/powertowers.com\/nl\/#organization"},"potentialAction":[{"@type":"SearchAction","target":{"@type":"EntryPoint","urlTemplate":"https:\/\/powertowers.com\/nl\/?s={search_term_string}"},"query-input":{"@type":"PropertyValueSpecification","valueRequired":true,"valueName":"search_term_string"}}],"inLanguage":"pt-PT"},{"@type":"Organization","@id":"https:\/\/powertowers.com\/nl\/#organization","name":"Power Towers Ltd.","url":"https:\/\/powertowers.com\/nl\/","logo":{"@type":"ImageObject","inLanguage":"pt-PT","@id":"https:\/\/powertowers.com\/nl\/#\/schema\/logo\/image\/","url":"https:\/\/37.148.206.186\/wp-content\/uploads\/2021\/12\/power-towers-new-logo-outline-1024px.png","contentUrl":"https:\/\/37.148.206.186\/wp-content\/uploads\/2021\/12\/power-towers-new-logo-outline-1024px.png","width":1024,"height":209,"caption":"Power Towers Ltd."},"image":{"@id":"https:\/\/powertowers.com\/nl\/#\/schema\/logo\/image\/"}}]}},"_links":{"self":[{"href":"https:\/\/powertowers.com\/pt\/wp-json\/wp\/v2\/pages\/638","targetHints":{"allow":["GET"]}}],"collection":[{"href":"https:\/\/powertowers.com\/pt\/wp-json\/wp\/v2\/pages"}],"about":[{"href":"https:\/\/powertowers.com\/pt\/wp-json\/wp\/v2\/types\/page"}],"author":[{"embeddable":true,"href":"https:\/\/powertowers.com\/pt\/wp-json\/wp\/v2\/users\/1"}],"replies":[{"embeddable":true,"href":"https:\/\/powertowers.com\/pt\/wp-json\/wp\/v2\/comments?post=638"}],"version-history":[{"count":25,"href":"https:\/\/powertowers.com\/pt\/wp-json\/wp\/v2\/pages\/638\/revisions"}],"predecessor-version":[{"id":5733,"href":"https:\/\/powertowers.com\/pt\/wp-json\/wp\/v2\/pages\/638\/revisions\/5733"}],"wp:attachment":[{"href":"https:\/\/powertowers.com\/pt\/wp-json\/wp\/v2\/media?parent=638"}],"curies":[{"name":"wp","href":"https:\/\/api.w.org\/{rel}","templated":true}]}}