{"id":4825,"date":"2024-05-11T12:56:10","date_gmt":"2024-05-11T10:56:10","guid":{"rendered":"https:\/\/37.148.206.186\/?page_id=4825"},"modified":"2025-09-11T14:16:34","modified_gmt":"2025-09-11T12:16:34","slug":"caminho-para-a-competencia","status":"publish","type":"page","link":"https:\/\/powertowers.com\/pt\/path-to-competency\/","title":{"rendered":"Caminho para a compet\u00eancia"},"content":{"rendered":"<div data-elementor-type=\"wp-page\" data-elementor-id=\"4825\" class=\"elementor elementor-4825\" data-elementor-post-type=\"page\">\n\t\t\t\t\t\t<main class=\"elementor-section elementor-top-section elementor-element elementor-element-8e1d4cc elementor-section-boxed elementor-section-height-default elementor-section-height-default elementor-invisible\" data-id=\"8e1d4cc\" data-element_type=\"section\" data-e-type=\"section\" data-settings=\"{&quot;animation&quot;:&quot;slideInLeft&quot;}\">\n\t\t\t\t\t\t<div class=\"elementor-container elementor-column-gap-default\">\n\t\t\t\t\t<div class=\"elementor-column elementor-col-100 elementor-top-column elementor-element elementor-element-effe1ac\" data-id=\"effe1ac\" data-element_type=\"column\" data-e-type=\"column\">\n\t\t\t<div class=\"elementor-widget-wrap elementor-element-populated\">\n\t\t\t\t\t\t<div class=\"elementor-element elementor-element-3116649 elementor-widget elementor-widget-heading\" data-id=\"3116649\" data-element_type=\"widget\" data-e-type=\"widget\" data-widget_type=\"heading.default\">\n\t\t\t\t<div class=\"elementor-widget-container\">\n\t\t\t\t\t<h1 class=\"elementor-heading-title elementor-size-default\">Caminho para a compet\u00eancia<\/h1>\t\t\t\t<\/div>\n\t\t\t\t<\/div>\n\t\t\t\t\t<\/div>\n\t\t<\/div>\n\t\t\t\t\t<\/div>\n\t\t<\/main>\n\t\t<main class=\"elementor-element elementor-element-0ba1b56 e-flex e-con-boxed e-con e-parent\" data-id=\"0ba1b56\" data-element_type=\"container\" data-e-type=\"container\">\n\t\t\t\t\t<div class=\"e-con-inner\">\n\t\t\t\t<div class=\"elementor-element elementor-element-d1791ca elementor-invisible elementor-widget elementor-widget-image\" data-id=\"d1791ca\" data-element_type=\"widget\" data-e-type=\"widget\" data-settings=\"{&quot;_animation&quot;:&quot;slideInRight&quot;,&quot;_animation_delay&quot;:100}\" data-widget_type=\"image.default\">\n\t\t\t\t<div class=\"elementor-widget-container\">\n\t\t\t\t\t\t\t\t\t\t\t\t\t\t\t<img fetchpriority=\"high\" decoding=\"async\" width=\"1140\" height=\"643\" src=\"https:\/\/powertowers.com\/wp-content\/uploads\/2024\/06\/Path-to-Competency-1140.png\" class=\"attachment-full size-full wp-image-4936\" alt=\"gr\u00e1fico de forma\u00e7\u00e3o jlg\" srcset=\"https:\/\/powertowers.com\/wp-content\/uploads\/2024\/06\/Path-to-Competency-1140.png 1140w, https:\/\/powertowers.com\/wp-content\/uploads\/2024\/06\/Path-to-Competency-1140-300x169.png 300w, https:\/\/powertowers.com\/wp-content\/uploads\/2024\/06\/Path-to-Competency-1140-1024x578.png 1024w, https:\/\/powertowers.com\/wp-content\/uploads\/2024\/06\/Path-to-Competency-1140-768x433.png 768w, https:\/\/powertowers.com\/wp-content\/uploads\/2024\/06\/Path-to-Competency-1140-18x10.png 18w\" sizes=\"(max-width: 34.9rem) calc(100vw - 2rem), (max-width: 53rem) calc(8 * (100vw \/ 12)), (min-width: 53rem) calc(6 * (100vw \/ 12)), 100vw\" \/>\t\t\t\t\t\t\t\t\t\t\t\t\t\t\t<\/div>\n\t\t\t\t<\/div>\n\t\t\t\t<div class=\"elementor-element elementor-element-8593d18 elementor-invisible elementor-widget elementor-widget-text-editor\" data-id=\"8593d18\" data-element_type=\"widget\" data-e-type=\"widget\" data-settings=\"{&quot;_animation&quot;:&quot;slideInRight&quot;}\" data-widget_type=\"text-editor.default\">\n\t\t\t\t<div class=\"elementor-widget-container\">\n\t\t\t\t\t\t\t\t\t<p>Para que um operador possa utilizar uma PEMT\/PTA, os regulamentos exigem que ele ou ela seja reconhecido como competente pelo seu empregador.<\/p>\n<p>A Power Towers oferece uma solu\u00e7\u00e3o denominada \"Path to Competency\" para m\u00e1quinas de empurrar espec\u00edficas. Esta solu\u00e7\u00e3o fornece ao empregador e ao operador os recursos necess\u00e1rios para familiarizar corretamente os operadores com v\u00e1rias m\u00e1quinas de empurrar. As m\u00e1quinas inclu\u00eddas no \"Path to Competency\" s\u00e3o: Pecolift\/Ecolift, Ecolift Wind Rated, Nano 25\/35, Power Towers e Power Towers Duo.  O \"Caminho para a Compet\u00eancia\" foi desenvolvido para fornecer uma solu\u00e7\u00e3o completa, econ\u00f3mica e eficiente em termos de tempo para alcan\u00e7ar a compet\u00eancia.<\/p>\t\t\t\t\t\t\t\t<\/div>\n\t\t\t\t<\/div>\n\t\t\t\t<div class=\"elementor-element elementor-element-4662cf6 elementor-invisible elementor-widget elementor-widget-heading\" data-id=\"4662cf6\" data-element_type=\"widget\" data-e-type=\"widget\" data-settings=\"{&quot;_animation&quot;:&quot;slideInRight&quot;}\" data-widget_type=\"heading.default\">\n\t\t\t\t<div class=\"elementor-widget-container\">\n\t\t\t\t\t<h2 class=\"elementor-heading-title elementor-size-default\">Para o operador:<\/h2>\t\t\t\t<\/div>\n\t\t\t\t<\/div>\n\t\t\t\t<div class=\"elementor-element elementor-element-224dd89 elementor-invisible elementor-widget elementor-widget-text-editor\" data-id=\"224dd89\" data-element_type=\"widget\" data-e-type=\"widget\" data-settings=\"{&quot;_animation&quot;:&quot;slideInRight&quot;}\" data-widget_type=\"text-editor.default\">\n\t\t\t\t<div class=\"elementor-widget-container\">\n\t\t\t\t\t\t\t\t\t<p><strong>Caminho A - O operador n\u00e3o possui qualquer certifica\u00e7\u00e3o v\u00e1lida para utilizar as PEMT\/PTA<\/strong>.\u00a0<\/p><p>O operador acede a uma familiariza\u00e7\u00e3o online de 15 minutos para um produto Power Towers espec\u00edfico (de entre os acima mencionados).  Quando o operador concluir com \u00eaxito a familiariza\u00e7\u00e3o online, respondendo a 30 perguntas, receber\u00e1 um crach\u00e1 que reconhece a conclus\u00e3o bem-sucedida.\u00a0\u00a0 \u00a0\u00a0<\/p><p>O operador ter\u00e1 ent\u00e3o de efetuar uma sess\u00e3o pr\u00e1tica com o mesmo produto enquanto um avaliador reconhecido (ver op\u00e7\u00f5es para o avaliador abaixo) observa se o operador compreende a utiliza\u00e7\u00e3o correcta da m\u00e1quina.<\/p><p>A JLG fornece este material para ajudar um avaliador a efetuar a sua avalia\u00e7\u00e3o. Apenas o empregador pode determinar se um operador \u00e9 considerado competente.<\/p><p><strong>Caminho B - O operador j\u00e1 possui uma certifica\u00e7\u00e3o v\u00e1lida para a utiliza\u00e7\u00e3o de PEMT\/PTA.<\/strong><\/p><p>Para os operadores com uma certifica\u00e7\u00e3o v\u00e1lida para a utiliza\u00e7\u00e3o de PEMT\/PTA, \u00e9 apenas necess\u00e1rio que se familiarizem antes de utilizarem um novo produto. Esta familiariza\u00e7\u00e3o pode ser efectuada atrav\u00e9s de uma familiariza\u00e7\u00e3o online, de sess\u00f5es pr\u00e1ticas de familiariza\u00e7\u00e3o ou de outros m\u00e9todos considerados suficientes pela entidade patronal.<\/p>\t\t\t\t\t\t\t\t<\/div>\n\t\t\t\t<\/div>\n\t\t\t\t<div class=\"elementor-element elementor-element-d341f65 elementor-invisible elementor-widget elementor-widget-heading\" data-id=\"d341f65\" data-element_type=\"widget\" data-e-type=\"widget\" data-settings=\"{&quot;_animation&quot;:&quot;slideInRight&quot;}\" data-widget_type=\"heading.default\">\n\t\t\t\t<div class=\"elementor-widget-container\">\n\t\t\t\t\t<h2 class=\"elementor-heading-title elementor-size-default\">Para o avaliador: <\/h2>\t\t\t\t<\/div>\n\t\t\t\t<\/div>\n\t\t\t\t<div class=\"elementor-element elementor-element-b6c621e elementor-invisible elementor-widget elementor-widget-text-editor\" data-id=\"b6c621e\" data-element_type=\"widget\" data-e-type=\"widget\" data-settings=\"{&quot;_animation&quot;:&quot;slideInRight&quot;}\" data-widget_type=\"text-editor.default\">\n\t\t\t\t<div class=\"elementor-widget-container\">\n\t\t\t\t\t\t\t\t\t<p>A Power Towers tamb\u00e9m oferece um curso de \"Forma\u00e7\u00e3o de avaliadores\" para as m\u00e1quinas de empurrar.  Este curso de um dia inteiro fornecer\u00e1 ao participante os conhecimentos necess\u00e1rios para determinar se um operador demonstra corretamente as compet\u00eancias necess\u00e1rias para utilizar uma m\u00e1quina de empurrar.  Ap\u00f3s a conclus\u00e3o com \u00eaxito deste curso, o participante ser\u00e1 reconhecido como tendo recebido as informa\u00e7\u00f5es necess\u00e1rias para atuar como avaliador.  O avaliador pode ser um membro do pessoal do empregador ou externo.<\/p><p>Se necessitar de mais informa\u00e7\u00f5es, n\u00e3o hesite em contactar-nos.<\/p>\t\t\t\t\t\t\t\t<\/div>\n\t\t\t\t<\/div>\n\t\t\t\t\t<\/div>\n\t\t\t\t<\/main>\n\t\t\t\t<nav class=\"elementor-section elementor-top-section elementor-element elementor-element-a2064f8 elementor-section-boxed elementor-section-height-default elementor-section-height-default elementor-invisible\" data-id=\"a2064f8\" data-element_type=\"section\" data-e-type=\"section\" data-settings=\"{&quot;animation&quot;:&quot;zoomIn&quot;}\">\n\t\t\t\t\t\t<div class=\"elementor-container elementor-column-gap-default\">\n\t\t\t\t\t<div class=\"elementor-column elementor-col-100 elementor-top-column elementor-element elementor-element-4267153\" data-id=\"4267153\" data-element_type=\"column\" data-e-type=\"column\">\n\t\t\t<div class=\"elementor-widget-wrap elementor-element-populated\">\n\t\t\t\t\t\t<section class=\"elementor-section elementor-inner-section elementor-element elementor-element-5863717 elementor-section-content-bottom elementor-section-boxed elementor-section-height-default elementor-section-height-default\" data-id=\"5863717\" data-element_type=\"section\" data-e-type=\"section\">\n\t\t\t\t\t\t<div class=\"elementor-container elementor-column-gap-default\">\n\t\t\t\t\t<div class=\"elementor-column elementor-col-100 elementor-inner-column elementor-element elementor-element-1e1b740\" data-id=\"1e1b740\" data-element_type=\"column\" data-e-type=\"column\">\n\t\t\t<div class=\"elementor-widget-wrap elementor-element-populated\">\n\t\t\t\t\t\t<div class=\"elementor-element elementor-element-0cf4de9 elementor-align-center elementor-mobile-align-center elementor-widget elementor-widget-button\" data-id=\"0cf4de9\" data-element_type=\"widget\" data-e-type=\"widget\" data-widget_type=\"button.default\">\n\t\t\t\t<div class=\"elementor-widget-container\">\n\t\t\t\t\t\t\t\t\t<div class=\"elementor-button-wrapper\">\n\t\t\t\t\t<a class=\"elementor-button elementor-button-link elementor-size-md\" href=\"https:\/\/powertowers.com\/pt\/informacoes-sobre-o-caminho-para-a-competencia\/\">\n\t\t\t\t\t\t<span class=\"elementor-button-content-wrapper\">\n\t\t\t\t\t\t\t\t\t<span class=\"elementor-button-text\">Quero mais informa\u00e7\u00f5es<\/span>\n\t\t\t\t\t<\/span>\n\t\t\t\t\t<\/a>\n\t\t\t\t<\/div>\n\t\t\t\t\t\t\t\t<\/div>\n\t\t\t\t<\/div>\n\t\t\t\t\t<\/div>\n\t\t<\/div>\n\t\t\t\t\t<\/div>\n\t\t<\/section>\n\t\t\t\t\t<\/div>\n\t\t<\/div>\n\t\t\t\t\t<\/div>\n\t\t<\/nav>\n\t\t\t\t<\/div>","protected":false},"excerpt":{"rendered":"<p>Caminho para a compet\u00eancia Para que um operador possa utilizar uma PEMT\/PTA, os regulamentos exigem que ele ou ela seja reconhecido como competente pelo seu empregador. A Power Towers oferece uma solu\u00e7\u00e3o denominada \"Caminho para a compet\u00eancia\", para m\u00e1quinas de empurrar espec\u00edficas. Esta solu\u00e7\u00e3o fornece ao empregador e ao operador os recursos necess\u00e1rios para familiarizar corretamente os operadores ... <\/p>\n<p class=\"link-more\"><a href=\"https:\/\/powertowers.com\/pt\/path-to-competency\/\" class=\"more-link\">Continuar a ler <span class=\"screen-reader-text\">\"Caminho para a compet\u00eancia\"<\/span><\/a><\/p>","protected":false},"author":1,"featured_media":0,"parent":0,"menu_order":0,"comment_status":"closed","ping_status":"closed","template":"elementor_header_footer","meta":{"content-type":"","footnotes":""},"class_list":["post-4825","page","type-page","status-publish","hentry","entry"],"yoast_head":"<!-- This site is optimized with the Yoast SEO plugin v27.4 - https:\/\/yoast.com\/product\/yoast-seo-wordpress\/ -->\n<title>Know more about the Path to Competency | Power Towers<\/title>\n<meta name=\"description\" content=\"The\u201d Path to Competency\u201d has been developed to provide a thorough, cost effective and time efficient solution to achieve competency.\" \/>\n<meta name=\"robots\" content=\"index, follow, max-snippet:-1, max-image-preview:large, max-video-preview:-1\" \/>\n<link rel=\"canonical\" href=\"https:\/\/powertowers.com\/pt\/caminho-para-a-competencia\/\" \/>\n<meta property=\"og:locale\" content=\"pt_PT\" \/>\n<meta property=\"og:type\" content=\"article\" \/>\n<meta property=\"og:title\" content=\"Know more about the Path to Competency | Power Towers\" \/>\n<meta property=\"og:description\" content=\"The\u201d Path to Competency\u201d has been developed to provide a thorough, cost effective and time efficient solution to achieve competency.\" \/>\n<meta property=\"og:url\" content=\"https:\/\/powertowers.com\/pt\/caminho-para-a-competencia\/\" \/>\n<meta property=\"og:site_name\" content=\"Power Towers\" \/>\n<meta property=\"article:modified_time\" content=\"2025-09-11T12:16:34+00:00\" \/>\n<meta property=\"og:image\" content=\"https:\/\/37.148.206.186\/wp-content\/uploads\/2024\/06\/Path-to-Competency-1140.png\" \/>\n<meta name=\"twitter:card\" content=\"summary_large_image\" \/>\n<meta name=\"twitter:label1\" content=\"Tempo estimado de leitura\" \/>\n\t<meta name=\"twitter:data1\" content=\"2 minutos\" \/>\n<script type=\"application\/ld+json\" class=\"yoast-schema-graph\">{\"@context\":\"https:\\\/\\\/schema.org\",\"@graph\":[{\"@type\":\"WebPage\",\"@id\":\"https:\\\/\\\/powertowers.com\\\/path-to-competency\\\/\",\"url\":\"https:\\\/\\\/powertowers.com\\\/path-to-competency\\\/\",\"name\":\"Know more about the Path to Competency | Power Towers\",\"isPartOf\":{\"@id\":\"https:\\\/\\\/powertowers.com\\\/nl\\\/#website\"},\"primaryImageOfPage\":{\"@id\":\"https:\\\/\\\/powertowers.com\\\/path-to-competency\\\/#primaryimage\"},\"image\":{\"@id\":\"https:\\\/\\\/powertowers.com\\\/path-to-competency\\\/#primaryimage\"},\"thumbnailUrl\":\"https:\\\/\\\/37.148.206.186\\\/wp-content\\\/uploads\\\/2024\\\/06\\\/Path-to-Competency-1140.png\",\"datePublished\":\"2024-05-11T10:56:10+00:00\",\"dateModified\":\"2025-09-11T12:16:34+00:00\",\"description\":\"The\u201d Path to Competency\u201d has been developed to provide a thorough, cost effective and time efficient solution to achieve competency.\",\"breadcrumb\":{\"@id\":\"https:\\\/\\\/powertowers.com\\\/path-to-competency\\\/#breadcrumb\"},\"inLanguage\":\"pt-PT\",\"potentialAction\":[{\"@type\":\"ReadAction\",\"target\":[\"https:\\\/\\\/powertowers.com\\\/path-to-competency\\\/\"]}]},{\"@type\":\"ImageObject\",\"inLanguage\":\"pt-PT\",\"@id\":\"https:\\\/\\\/powertowers.com\\\/path-to-competency\\\/#primaryimage\",\"url\":\"https:\\\/\\\/37.148.206.186\\\/wp-content\\\/uploads\\\/2024\\\/06\\\/Path-to-Competency-1140.png\",\"contentUrl\":\"https:\\\/\\\/37.148.206.186\\\/wp-content\\\/uploads\\\/2024\\\/06\\\/Path-to-Competency-1140.png\"},{\"@type\":\"BreadcrumbList\",\"@id\":\"https:\\\/\\\/powertowers.com\\\/path-to-competency\\\/#breadcrumb\",\"itemListElement\":[{\"@type\":\"ListItem\",\"position\":1,\"name\":\"Home\",\"item\":\"https:\\\/\\\/powertowers.com\\\/nl\\\/\"},{\"@type\":\"ListItem\",\"position\":2,\"name\":\"Path to Competency\"}]},{\"@type\":\"WebSite\",\"@id\":\"https:\\\/\\\/powertowers.com\\\/nl\\\/#website\",\"url\":\"https:\\\/\\\/powertowers.com\\\/nl\\\/\",\"name\":\"Power Towers\",\"description\":\"The alternative to ladders, podiums and scaffolding.\",\"publisher\":{\"@id\":\"https:\\\/\\\/powertowers.com\\\/nl\\\/#organization\"},\"potentialAction\":[{\"@type\":\"SearchAction\",\"target\":{\"@type\":\"EntryPoint\",\"urlTemplate\":\"https:\\\/\\\/powertowers.com\\\/nl\\\/?s={search_term_string}\"},\"query-input\":{\"@type\":\"PropertyValueSpecification\",\"valueRequired\":true,\"valueName\":\"search_term_string\"}}],\"inLanguage\":\"pt-PT\"},{\"@type\":\"Organization\",\"@id\":\"https:\\\/\\\/powertowers.com\\\/nl\\\/#organization\",\"name\":\"Power Towers Ltd.\",\"url\":\"https:\\\/\\\/powertowers.com\\\/nl\\\/\",\"logo\":{\"@type\":\"ImageObject\",\"inLanguage\":\"pt-PT\",\"@id\":\"https:\\\/\\\/powertowers.com\\\/nl\\\/#\\\/schema\\\/logo\\\/image\\\/\",\"url\":\"https:\\\/\\\/37.148.206.186\\\/wp-content\\\/uploads\\\/2021\\\/12\\\/power-towers-new-logo-outline-1024px.png\",\"contentUrl\":\"https:\\\/\\\/37.148.206.186\\\/wp-content\\\/uploads\\\/2021\\\/12\\\/power-towers-new-logo-outline-1024px.png\",\"width\":1024,\"height\":209,\"caption\":\"Power Towers Ltd.\"},\"image\":{\"@id\":\"https:\\\/\\\/powertowers.com\\\/nl\\\/#\\\/schema\\\/logo\\\/image\\\/\"}}]}<\/script>\n<!-- \/ Yoast SEO plugin. -->","yoast_head_json":{"title":"Saiba mais sobre o Caminho para a Compet\u00eancia | Power Towers","description":"O \"Caminho para a Compet\u00eancia\" foi desenvolvido para fornecer uma solu\u00e7\u00e3o completa, econ\u00f3mica e eficiente em termos de tempo para alcan\u00e7ar a compet\u00eancia.","robots":{"index":"index","follow":"follow","max-snippet":"max-snippet:-1","max-image-preview":"max-image-preview:large","max-video-preview":"max-video-preview:-1"},"canonical":"https:\/\/powertowers.com\/pt\/caminho-para-a-competencia\/","og_locale":"pt_PT","og_type":"article","og_title":"Know more about the Path to Competency | Power Towers","og_description":"The\u201d Path to Competency\u201d has been developed to provide a thorough, cost effective and time efficient solution to achieve competency.","og_url":"https:\/\/powertowers.com\/pt\/caminho-para-a-competencia\/","og_site_name":"Power Towers","article_modified_time":"2025-09-11T12:16:34+00:00","og_image":[{"url":"https:\/\/37.148.206.186\/wp-content\/uploads\/2024\/06\/Path-to-Competency-1140.png","type":"","width":"","height":""}],"twitter_card":"summary_large_image","twitter_misc":{"Tempo estimado de leitura":"2 minutos"},"schema":{"@context":"https:\/\/schema.org","@graph":[{"@type":"WebPage","@id":"https:\/\/powertowers.com\/path-to-competency\/","url":"https:\/\/powertowers.com\/path-to-competency\/","name":"Saiba mais sobre o Caminho para a Compet\u00eancia | Power Towers","isPartOf":{"@id":"https:\/\/powertowers.com\/nl\/#website"},"primaryImageOfPage":{"@id":"https:\/\/powertowers.com\/path-to-competency\/#primaryimage"},"image":{"@id":"https:\/\/powertowers.com\/path-to-competency\/#primaryimage"},"thumbnailUrl":"https:\/\/37.148.206.186\/wp-content\/uploads\/2024\/06\/Path-to-Competency-1140.png","datePublished":"2024-05-11T10:56:10+00:00","dateModified":"2025-09-11T12:16:34+00:00","description":"O \"Caminho para a Compet\u00eancia\" foi desenvolvido para fornecer uma solu\u00e7\u00e3o completa, econ\u00f3mica e eficiente em termos de tempo para alcan\u00e7ar a compet\u00eancia.","breadcrumb":{"@id":"https:\/\/powertowers.com\/path-to-competency\/#breadcrumb"},"inLanguage":"pt-PT","potentialAction":[{"@type":"ReadAction","target":["https:\/\/powertowers.com\/path-to-competency\/"]}]},{"@type":"ImageObject","inLanguage":"pt-PT","@id":"https:\/\/powertowers.com\/path-to-competency\/#primaryimage","url":"https:\/\/37.148.206.186\/wp-content\/uploads\/2024\/06\/Path-to-Competency-1140.png","contentUrl":"https:\/\/37.148.206.186\/wp-content\/uploads\/2024\/06\/Path-to-Competency-1140.png"},{"@type":"BreadcrumbList","@id":"https:\/\/powertowers.com\/path-to-competency\/#breadcrumb","itemListElement":[{"@type":"ListItem","position":1,"name":"Home","item":"https:\/\/powertowers.com\/nl\/"},{"@type":"ListItem","position":2,"name":"Path to Competency"}]},{"@type":"WebSite","@id":"https:\/\/powertowers.com\/nl\/#website","url":"https:\/\/powertowers.com\/nl\/","name":"Power Towers","description":"A alternativa \u00e0s escadas, p\u00f3dios e andaimes.","publisher":{"@id":"https:\/\/powertowers.com\/nl\/#organization"},"potentialAction":[{"@type":"SearchAction","target":{"@type":"EntryPoint","urlTemplate":"https:\/\/powertowers.com\/nl\/?s={search_term_string}"},"query-input":{"@type":"PropertyValueSpecification","valueRequired":true,"valueName":"search_term_string"}}],"inLanguage":"pt-PT"},{"@type":"Organization","@id":"https:\/\/powertowers.com\/nl\/#organization","name":"Power Towers Ltd.","url":"https:\/\/powertowers.com\/nl\/","logo":{"@type":"ImageObject","inLanguage":"pt-PT","@id":"https:\/\/powertowers.com\/nl\/#\/schema\/logo\/image\/","url":"https:\/\/37.148.206.186\/wp-content\/uploads\/2021\/12\/power-towers-new-logo-outline-1024px.png","contentUrl":"https:\/\/37.148.206.186\/wp-content\/uploads\/2021\/12\/power-towers-new-logo-outline-1024px.png","width":1024,"height":209,"caption":"Power Towers Ltd."},"image":{"@id":"https:\/\/powertowers.com\/nl\/#\/schema\/logo\/image\/"}}]}},"_links":{"self":[{"href":"https:\/\/powertowers.com\/pt\/wp-json\/wp\/v2\/pages\/4825","targetHints":{"allow":["GET"]}}],"collection":[{"href":"https:\/\/powertowers.com\/pt\/wp-json\/wp\/v2\/pages"}],"about":[{"href":"https:\/\/powertowers.com\/pt\/wp-json\/wp\/v2\/types\/page"}],"author":[{"embeddable":true,"href":"https:\/\/powertowers.com\/pt\/wp-json\/wp\/v2\/users\/1"}],"replies":[{"embeddable":true,"href":"https:\/\/powertowers.com\/pt\/wp-json\/wp\/v2\/comments?post=4825"}],"version-history":[{"count":79,"href":"https:\/\/powertowers.com\/pt\/wp-json\/wp\/v2\/pages\/4825\/revisions"}],"predecessor-version":[{"id":5760,"href":"https:\/\/powertowers.com\/pt\/wp-json\/wp\/v2\/pages\/4825\/revisions\/5760"}],"wp:attachment":[{"href":"https:\/\/powertowers.com\/pt\/wp-json\/wp\/v2\/media?parent=4825"}],"curies":[{"name":"wp","href":"https:\/\/api.w.org\/{rel}","templated":true}]}}