{"id":176,"date":"2021-12-14T16:57:14","date_gmt":"2021-12-14T16:57:14","guid":{"rendered":"https:\/\/37.148.206.186\/?page_id=176"},"modified":"2024-04-10T14:38:30","modified_gmt":"2024-04-10T12:38:30","slug":"sobre-nos","status":"publish","type":"page","link":"https:\/\/powertowers.com\/pt\/about-us\/","title":{"rendered":"Sobre n\u00f3s"},"content":{"rendered":"<div data-elementor-type=\"wp-page\" data-elementor-id=\"176\" class=\"elementor elementor-176\" data-elementor-post-type=\"page\">\n\t\t\t\t\t\t<section class=\"elementor-section elementor-top-section elementor-element elementor-element-cfdc8ca elementor-section-boxed elementor-section-height-default elementor-section-height-default elementor-invisible\" data-id=\"cfdc8ca\" data-element_type=\"section\" data-e-type=\"section\" data-settings=\"{&quot;animation&quot;:&quot;slideInRight&quot;}\">\n\t\t\t\t\t\t<div class=\"elementor-container elementor-column-gap-default\">\n\t\t\t\t\t<div class=\"elementor-column elementor-col-100 elementor-top-column elementor-element elementor-element-39173df\" data-id=\"39173df\" data-element_type=\"column\" data-e-type=\"column\">\n\t\t\t<div class=\"elementor-widget-wrap elementor-element-populated\">\n\t\t\t\t\t\t<div class=\"elementor-element elementor-element-199e1dd elementor-widget elementor-widget-heading\" data-id=\"199e1dd\" data-element_type=\"widget\" data-e-type=\"widget\" data-widget_type=\"heading.default\">\n\t\t\t\t<div class=\"elementor-widget-container\">\n\t\t\t\t\t<h1 class=\"elementor-heading-title elementor-size-default\">Sobre Power Towers<\/h1>\t\t\t\t<\/div>\n\t\t\t\t<\/div>\n\t\t\t\t<div class=\"elementor-element elementor-element-367b9a5 elementor-widget elementor-widget-heading\" data-id=\"367b9a5\" data-element_type=\"widget\" data-e-type=\"widget\" data-widget_type=\"heading.default\">\n\t\t\t\t<div class=\"elementor-widget-container\">\n\t\t\t\t\t<h2 class=\"elementor-heading-title elementor-size-default\">Fabricante l\u00edder de plataformas de baixo n\u00edvel de acesso<\/h2>\t\t\t\t<\/div>\n\t\t\t\t<\/div>\n\t\t\t\t\t<\/div>\n\t\t<\/div>\n\t\t\t\t\t<\/div>\n\t\t<\/section>\n\t\t\t\t<section class=\"elementor-section elementor-top-section elementor-element elementor-element-3b05c65 elementor-section-boxed elementor-section-height-default elementor-section-height-default elementor-invisible\" data-id=\"3b05c65\" data-element_type=\"section\" data-e-type=\"section\" data-settings=\"{&quot;background_background&quot;:&quot;classic&quot;,&quot;animation&quot;:&quot;slideInLeft&quot;}\">\n\t\t\t\t\t\t\t<div class=\"elementor-background-overlay\"><\/div>\n\t\t\t\t\t\t\t<div class=\"elementor-container elementor-column-gap-default\">\n\t\t\t\t\t<div class=\"elementor-column elementor-col-50 elementor-top-column elementor-element elementor-element-76b4ae5\" data-id=\"76b4ae5\" data-element_type=\"column\" data-e-type=\"column\">\n\t\t\t<div class=\"elementor-widget-wrap elementor-element-populated\">\n\t\t\t\t\t\t<div class=\"elementor-element elementor-element-b0029c3 elementor-widget elementor-widget-image\" data-id=\"b0029c3\" data-element_type=\"widget\" data-e-type=\"widget\" data-widget_type=\"image.default\">\n\t\t\t\t<div class=\"elementor-widget-container\">\n\t\t\t\t\t\t\t\t\t\t\t\t\t\t\t<img fetchpriority=\"high\" decoding=\"async\" width=\"521\" height=\"1080\" src=\"https:\/\/powertowers.com\/wp-content\/uploads\/2022\/01\/PECOLIFT_APPLICATION_03.jpg\" class=\"attachment-full size-full wp-image-972\" alt=\"Concep\u00e7\u00e3o ergon\u00f3mica da linha de produtos Power Towers, operador sobre uma plataforma\" srcset=\"https:\/\/powertowers.com\/wp-content\/uploads\/2022\/01\/PECOLIFT_APPLICATION_03.jpg 521w, https:\/\/powertowers.com\/wp-content\/uploads\/2022\/01\/PECOLIFT_APPLICATION_03-145x300.jpg 145w, https:\/\/powertowers.com\/wp-content\/uploads\/2022\/01\/PECOLIFT_APPLICATION_03-494x1024.jpg 494w, https:\/\/powertowers.com\/wp-content\/uploads\/2022\/01\/PECOLIFT_APPLICATION_03-6x12.jpg 6w\" sizes=\"(max-width: 34.9rem) calc(100vw - 2rem), (max-width: 53rem) calc(8 * (100vw \/ 12)), (min-width: 53rem) calc(6 * (100vw \/ 12)), 100vw\" \/>\t\t\t\t\t\t\t\t\t\t\t\t\t\t\t<\/div>\n\t\t\t\t<\/div>\n\t\t\t\t\t<\/div>\n\t\t<\/div>\n\t\t\t\t<div class=\"elementor-column elementor-col-50 elementor-top-column elementor-element elementor-element-cbc0dd3\" data-id=\"cbc0dd3\" data-element_type=\"column\" data-e-type=\"column\" data-settings=\"{&quot;background_background&quot;:&quot;classic&quot;}\">\n\t\t\t<div class=\"elementor-widget-wrap elementor-element-populated\">\n\t\t\t\t\t\t<div class=\"elementor-element elementor-element-e6a82bb elementor-widget elementor-widget-text-editor\" data-id=\"e6a82bb\" data-element_type=\"widget\" data-e-type=\"widget\" data-widget_type=\"text-editor.default\">\n\t\t\t\t<div class=\"elementor-widget-container\">\n\t\t\t\t\t\t\t\t\t<p>A seguran\u00e7a percorreu um longo caminho; o escadote de degrau plano foi patenteado por John H Balsley em 1862. No Reino Unido at\u00e9 2005, o acesso de baixo n\u00edvel significava os tradicionais degraus do p\u00f3dio, escadas e andaimes m\u00f3veis. Isso mudou quando a HSE introduziu o Regulamento Work at Height, restringindo o uso de formas tradicionais de acesso de baixo n\u00edvel. Pouco depois disso, em 2007, a Power Towers Ltd. (Power Towers) nasceu a introdu\u00e7\u00e3o de uma nova solu\u00e7\u00e3o inovadora de acesso de baixo n\u00edvel. Agora, este termo inclui um sector especializado inteiramente novo dentro da ind\u00fastria de acesso motorizado que tem melhorado tanto a seguran\u00e7a como a efici\u00eancia.<\/p>\n<p>Power Towers, uma JLG Industries Inc. (JLG), subsidi\u00e1ria integral da JLG, projeta e fabrica sua gama de plataformas de acesso totalmente no Reino Unido. A JLG \u00e9 um fornecedor l\u00edder mundial de Plataformas de Trabalho M\u00f3veis Elevadas que foi fundada em 1969 e agora tem escrit\u00f3rios localizados em todo o mundo. A JLG adquiriu Power Towers em 2015 para espalhar esta inova\u00e7\u00e3o pelo mundo e fornecer alternativas mais seguras e sustent\u00e1veis para trabalhar em alturas de baixo n\u00edvel.<\/p>\n<p>A vasta gama de produtos da Power Towers inclui oito m\u00e1quinas: tr\u00eas elevadores manuais push-around (Pecolift, Ecolift e Ecolift WR), quatro elevadores el\u00e9ctricos push-around (Nano 25, Nano 35, Power Tower e Power Tower Duo) e dois autopropulsores (Nano SP e Nano SP Plus). Esta \u00e9 a linha de solu\u00e7\u00f5es l\u00edder no sector do acesso de baixo n\u00edvel.<\/p>\n<p>O Pecolift e o Ecolift foram introduzidos em 2013 como uma solu\u00e7\u00e3o inovadora e \u00fanica no Reino Unido como uma alternativa \u00e0s escadas e p\u00f3dios. Desde ent\u00e3o, sua aceita\u00e7\u00e3o tanto no Reino Unido como globalmente tem sido inigual\u00e1vel e seu uso \u00e9 agora considerado uma melhor pr\u00e1tica no lugar das escadas e p\u00f3dios. Elas s\u00e3o reconhecidas n\u00e3o s\u00f3 por melhorar a seguran\u00e7a, mas tamb\u00e9m por sua simplicidade, efici\u00eancia e ergonomia melhorada dos operadores.<\/p>\n<p>Todos os produtos da Power Towers s\u00e3o simples, seguros, ergon\u00f3micos e eficientes de utilizar. Reduzem drasticamente as horas de trabalho quando comparadas com as alternativas tradicionais e representam um excelente valor.<\/p>\n<p>JLG e Power Towers est\u00e3o criando o novo padr\u00e3o para trabalhar a alturas de at\u00e9 5,1 metros, ao mesmo tempo em que enriquecem vidas, redefinindo os locais de trabalho.<\/p>\t\t\t\t\t\t\t\t<\/div>\n\t\t\t\t<\/div>\n\t\t\t\t\t<\/div>\n\t\t<\/div>\n\t\t\t\t\t<\/div>\n\t\t<\/section>\n\t\t\t\t<section class=\"elementor-section elementor-top-section elementor-element elementor-element-5ca4167 elementor-section-boxed elementor-section-height-default elementor-section-height-default elementor-invisible\" data-id=\"5ca4167\" data-element_type=\"section\" data-e-type=\"section\" data-settings=\"{&quot;animation&quot;:&quot;slideInUp&quot;}\">\n\t\t\t\t\t\t<div class=\"elementor-container elementor-column-gap-default\">\n\t\t\t\t\t<div class=\"elementor-column elementor-col-100 elementor-top-column elementor-element elementor-element-c8466f4\" data-id=\"c8466f4\" data-element_type=\"column\" data-e-type=\"column\">\n\t\t\t<div class=\"elementor-widget-wrap elementor-element-populated\">\n\t\t\t\t\t\t<div class=\"elementor-element elementor-element-82d31dd elementor-widget elementor-widget-video\" data-id=\"82d31dd\" data-element_type=\"widget\" data-e-type=\"widget\" data-settings=\"{&quot;youtube_url&quot;:&quot;https:\\\/\\\/www.youtube.com\\\/watch?v=u-NHU_XUsI8&amp;t=3s &quot;,&quot;video_type&quot;:&quot;youtube&quot;,&quot;controls&quot;:&quot;yes&quot;}\" data-widget_type=\"video.default\">\n\t\t\t\t<div class=\"elementor-widget-container\">\n\t\t\t\t\t\t\t<div class=\"elementor-wrapper elementor-open-inline\">\n\t\t\t<div class=\"elementor-video\"><\/div>\t\t<\/div>\n\t\t\t\t\t\t<\/div>\n\t\t\t\t<\/div>\n\t\t\t\t\t<\/div>\n\t\t<\/div>\n\t\t\t\t\t<\/div>\n\t\t<\/section>\n\t\t<div class=\"elementor-element elementor-element-bc7a4f4 e-flex e-con-boxed e-con e-parent\" data-id=\"bc7a4f4\" data-element_type=\"container\" data-e-type=\"container\">\n\t\t\t\t\t<div class=\"e-con-inner\">\n\t\t\t\t<div class=\"elementor-element elementor-element-1cdb84c elementor-widget elementor-widget-image\" data-id=\"1cdb84c\" data-element_type=\"widget\" data-e-type=\"widget\" data-widget_type=\"image.default\">\n\t\t\t\t<div class=\"elementor-widget-container\">\n\t\t\t\t\t\t\t\t\t\t\t\t\t\t\t<img decoding=\"async\" width=\"6912\" height=\"3456\" src=\"https:\/\/powertowers.com\/wp-content\/uploads\/2024\/04\/Power-towers-timeline.png\" class=\"attachment-full size-full wp-image-4785\" alt=\"Hist\u00f3ria das torres el\u00e9ctricas\" srcset=\"https:\/\/powertowers.com\/wp-content\/uploads\/2024\/04\/Power-towers-timeline.png 6912w, https:\/\/powertowers.com\/wp-content\/uploads\/2024\/04\/Power-towers-timeline-300x150.png 300w, https:\/\/powertowers.com\/wp-content\/uploads\/2024\/04\/Power-towers-timeline-1024x512.png 1024w, https:\/\/powertowers.com\/wp-content\/uploads\/2024\/04\/Power-towers-timeline-768x384.png 768w, https:\/\/powertowers.com\/wp-content\/uploads\/2024\/04\/Power-towers-timeline-1536x768.png 1536w, https:\/\/powertowers.com\/wp-content\/uploads\/2024\/04\/Power-towers-timeline-2048x1024.png 2048w, https:\/\/powertowers.com\/wp-content\/uploads\/2024\/04\/Power-towers-timeline-18x9.png 18w, https:\/\/powertowers.com\/wp-content\/uploads\/2024\/04\/Power-towers-timeline-1568x784.png 1568w\" sizes=\"(max-width: 34.9rem) calc(100vw - 2rem), (max-width: 53rem) calc(8 * (100vw \/ 12)), (min-width: 53rem) calc(6 * (100vw \/ 12)), 100vw\" \/>\t\t\t\t\t\t\t\t\t\t\t\t\t\t\t<\/div>\n\t\t\t\t<\/div>\n\t\t\t\t\t<\/div>\n\t\t\t\t<\/div>\n\t\t\t\t<\/div>","protected":false},"excerpt":{"rendered":"<p>Sobre Power Towers Fabricante l\u00edder de Plataformas de Acesso de Baixo N\u00edvel Seguran\u00e7a percorreu um longo caminho; o escadote de degrau plano foi patenteado por John H Balsley em 1862. No Reino Unido at\u00e9 2005, o acesso de baixo n\u00edvel significava degraus de p\u00f3dio tradicionais, escadas, e andaimes m\u00f3veis. Isso mudou quando o HSE introduziu o Regulamento de Trabalho em Altura, restringindo ... <\/p>\n<p class=\"link-more\"><a href=\"https:\/\/powertowers.com\/pt\/about-us\/\" class=\"more-link\">Continuar a ler <span class=\"screen-reader-text\">\"Sobre n\u00f3s\"<\/span><\/a><\/p>","protected":false},"author":1,"featured_media":0,"parent":0,"menu_order":0,"comment_status":"closed","ping_status":"closed","template":"elementor_header_footer","meta":{"content-type":"","footnotes":""},"class_list":["post-176","page","type-page","status-publish","hentry","entry"],"yoast_head":"<!-- This site is optimized with the Yoast SEO plugin v27.3 - https:\/\/yoast.com\/product\/yoast-seo-wordpress\/ -->\n<title>Meet Power Towers- Power Towers<\/title>\n<meta name=\"description\" content=\"Power Towers was founded in 2007 and introduced an innovative solution for Low-Level Access, replacing ladders and scaffolding.\" \/>\n<meta name=\"robots\" content=\"index, follow, max-snippet:-1, max-image-preview:large, max-video-preview:-1\" \/>\n<link rel=\"canonical\" href=\"https:\/\/powertowers.com\/pt\/sobre-nos\/\" \/>\n<meta property=\"og:locale\" content=\"pt_PT\" \/>\n<meta property=\"og:type\" content=\"article\" \/>\n<meta property=\"og:title\" content=\"Meet Power Towers- Power Towers\" \/>\n<meta property=\"og:description\" content=\"Power Towers was founded in 2007 and introduced an innovative solution for Low-Level Access, replacing ladders and scaffolding.\" \/>\n<meta property=\"og:url\" content=\"https:\/\/powertowers.com\/pt\/sobre-nos\/\" \/>\n<meta property=\"og:site_name\" content=\"Power Towers\" \/>\n<meta property=\"article:modified_time\" content=\"2024-04-10T12:38:30+00:00\" \/>\n<meta property=\"og:image\" content=\"https:\/\/37.148.206.186\/wp-content\/uploads\/2022\/01\/PECOLIFT_APPLICATION_03.jpg\" \/>\n<meta name=\"twitter:card\" content=\"summary_large_image\" \/>\n<meta name=\"twitter:label1\" content=\"Tempo estimado de leitura\" \/>\n\t<meta name=\"twitter:data1\" content=\"2 minutos\" \/>\n<script type=\"application\/ld+json\" class=\"yoast-schema-graph\">{\"@context\":\"https:\\\/\\\/schema.org\",\"@graph\":[{\"@type\":\"WebPage\",\"@id\":\"https:\\\/\\\/powertowers.com\\\/ro\\\/despre-noi\\\/\",\"url\":\"https:\\\/\\\/powertowers.com\\\/ro\\\/despre-noi\\\/\",\"name\":\"Meet Power Towers- Power Towers\",\"isPartOf\":{\"@id\":\"https:\\\/\\\/powertowers.com\\\/nl\\\/#website\"},\"primaryImageOfPage\":{\"@id\":\"https:\\\/\\\/powertowers.com\\\/ro\\\/despre-noi\\\/#primaryimage\"},\"image\":{\"@id\":\"https:\\\/\\\/powertowers.com\\\/ro\\\/despre-noi\\\/#primaryimage\"},\"thumbnailUrl\":\"https:\\\/\\\/37.148.206.186\\\/wp-content\\\/uploads\\\/2022\\\/01\\\/PECOLIFT_APPLICATION_03.jpg\",\"datePublished\":\"2021-12-14T16:57:14+00:00\",\"dateModified\":\"2024-04-10T12:38:30+00:00\",\"description\":\"Power Towers was founded in 2007 and introduced an innovative solution for Low-Level Access, replacing ladders and scaffolding.\",\"breadcrumb\":{\"@id\":\"https:\\\/\\\/powertowers.com\\\/ro\\\/despre-noi\\\/#breadcrumb\"},\"inLanguage\":\"pt-PT\",\"potentialAction\":[{\"@type\":\"ReadAction\",\"target\":[\"https:\\\/\\\/powertowers.com\\\/ro\\\/despre-noi\\\/\"]}]},{\"@type\":\"ImageObject\",\"inLanguage\":\"pt-PT\",\"@id\":\"https:\\\/\\\/powertowers.com\\\/ro\\\/despre-noi\\\/#primaryimage\",\"url\":\"https:\\\/\\\/37.148.206.186\\\/wp-content\\\/uploads\\\/2022\\\/01\\\/PECOLIFT_APPLICATION_03.jpg\",\"contentUrl\":\"https:\\\/\\\/37.148.206.186\\\/wp-content\\\/uploads\\\/2022\\\/01\\\/PECOLIFT_APPLICATION_03.jpg\"},{\"@type\":\"BreadcrumbList\",\"@id\":\"https:\\\/\\\/powertowers.com\\\/ro\\\/despre-noi\\\/#breadcrumb\",\"itemListElement\":[{\"@type\":\"ListItem\",\"position\":1,\"name\":\"Home\",\"item\":\"https:\\\/\\\/powertowers.com\\\/nl\\\/\"},{\"@type\":\"ListItem\",\"position\":2,\"name\":\"About us\"}]},{\"@type\":\"WebSite\",\"@id\":\"https:\\\/\\\/powertowers.com\\\/nl\\\/#website\",\"url\":\"https:\\\/\\\/powertowers.com\\\/nl\\\/\",\"name\":\"Power Towers\",\"description\":\"The alternative to ladders, podiums and scaffolding.\",\"publisher\":{\"@id\":\"https:\\\/\\\/powertowers.com\\\/nl\\\/#organization\"},\"potentialAction\":[{\"@type\":\"SearchAction\",\"target\":{\"@type\":\"EntryPoint\",\"urlTemplate\":\"https:\\\/\\\/powertowers.com\\\/nl\\\/?s={search_term_string}\"},\"query-input\":{\"@type\":\"PropertyValueSpecification\",\"valueRequired\":true,\"valueName\":\"search_term_string\"}}],\"inLanguage\":\"pt-PT\"},{\"@type\":\"Organization\",\"@id\":\"https:\\\/\\\/powertowers.com\\\/nl\\\/#organization\",\"name\":\"Power Towers Ltd.\",\"url\":\"https:\\\/\\\/powertowers.com\\\/nl\\\/\",\"logo\":{\"@type\":\"ImageObject\",\"inLanguage\":\"pt-PT\",\"@id\":\"https:\\\/\\\/powertowers.com\\\/nl\\\/#\\\/schema\\\/logo\\\/image\\\/\",\"url\":\"https:\\\/\\\/37.148.206.186\\\/wp-content\\\/uploads\\\/2021\\\/12\\\/power-towers-new-logo-outline-1024px.png\",\"contentUrl\":\"https:\\\/\\\/37.148.206.186\\\/wp-content\\\/uploads\\\/2021\\\/12\\\/power-towers-new-logo-outline-1024px.png\",\"width\":1024,\"height\":209,\"caption\":\"Power Towers Ltd.\"},\"image\":{\"@id\":\"https:\\\/\\\/powertowers.com\\\/nl\\\/#\\\/schema\\\/logo\\\/image\\\/\"}}]}<\/script>\n<!-- \/ Yoast SEO plugin. -->","yoast_head_json":{"title":"Conhe\u00e7a as Power Towers | Power Towers","description":"A Power Towers foi fundada em 2007 e introduziu uma solu\u00e7\u00e3o inovadora para o acesso de baixo n\u00edvel, substituindo as escadas e os andaimes.","robots":{"index":"index","follow":"follow","max-snippet":"max-snippet:-1","max-image-preview":"max-image-preview:large","max-video-preview":"max-video-preview:-1"},"canonical":"https:\/\/powertowers.com\/pt\/sobre-nos\/","og_locale":"pt_PT","og_type":"article","og_title":"Meet Power Towers- Power Towers","og_description":"Power Towers was founded in 2007 and introduced an innovative solution for Low-Level Access, replacing ladders and scaffolding.","og_url":"https:\/\/powertowers.com\/pt\/sobre-nos\/","og_site_name":"Power Towers","article_modified_time":"2024-04-10T12:38:30+00:00","og_image":[{"url":"https:\/\/37.148.206.186\/wp-content\/uploads\/2022\/01\/PECOLIFT_APPLICATION_03.jpg","type":"","width":"","height":""}],"twitter_card":"summary_large_image","twitter_misc":{"Tempo estimado de leitura":"2 minutos"},"schema":{"@context":"https:\/\/schema.org","@graph":[{"@type":"WebPage","@id":"https:\/\/powertowers.com\/ro\/despre-noi\/","url":"https:\/\/powertowers.com\/ro\/despre-noi\/","name":"Conhe\u00e7a as Power Towers | Power Towers","isPartOf":{"@id":"https:\/\/powertowers.com\/nl\/#website"},"primaryImageOfPage":{"@id":"https:\/\/powertowers.com\/ro\/despre-noi\/#primaryimage"},"image":{"@id":"https:\/\/powertowers.com\/ro\/despre-noi\/#primaryimage"},"thumbnailUrl":"https:\/\/37.148.206.186\/wp-content\/uploads\/2022\/01\/PECOLIFT_APPLICATION_03.jpg","datePublished":"2021-12-14T16:57:14+00:00","dateModified":"2024-04-10T12:38:30+00:00","description":"A Power Towers foi fundada em 2007 e introduziu uma solu\u00e7\u00e3o inovadora para o acesso de baixo n\u00edvel, substituindo as escadas e os andaimes.","breadcrumb":{"@id":"https:\/\/powertowers.com\/ro\/despre-noi\/#breadcrumb"},"inLanguage":"pt-PT","potentialAction":[{"@type":"ReadAction","target":["https:\/\/powertowers.com\/ro\/despre-noi\/"]}]},{"@type":"ImageObject","inLanguage":"pt-PT","@id":"https:\/\/powertowers.com\/ro\/despre-noi\/#primaryimage","url":"https:\/\/37.148.206.186\/wp-content\/uploads\/2022\/01\/PECOLIFT_APPLICATION_03.jpg","contentUrl":"https:\/\/37.148.206.186\/wp-content\/uploads\/2022\/01\/PECOLIFT_APPLICATION_03.jpg"},{"@type":"BreadcrumbList","@id":"https:\/\/powertowers.com\/ro\/despre-noi\/#breadcrumb","itemListElement":[{"@type":"ListItem","position":1,"name":"Home","item":"https:\/\/powertowers.com\/nl\/"},{"@type":"ListItem","position":2,"name":"About us"}]},{"@type":"WebSite","@id":"https:\/\/powertowers.com\/nl\/#website","url":"https:\/\/powertowers.com\/nl\/","name":"Power Towers","description":"A alternativa \u00e0s escadas, p\u00f3dios e andaimes.","publisher":{"@id":"https:\/\/powertowers.com\/nl\/#organization"},"potentialAction":[{"@type":"SearchAction","target":{"@type":"EntryPoint","urlTemplate":"https:\/\/powertowers.com\/nl\/?s={search_term_string}"},"query-input":{"@type":"PropertyValueSpecification","valueRequired":true,"valueName":"search_term_string"}}],"inLanguage":"pt-PT"},{"@type":"Organization","@id":"https:\/\/powertowers.com\/nl\/#organization","name":"Power Towers Ltd.","url":"https:\/\/powertowers.com\/nl\/","logo":{"@type":"ImageObject","inLanguage":"pt-PT","@id":"https:\/\/powertowers.com\/nl\/#\/schema\/logo\/image\/","url":"https:\/\/37.148.206.186\/wp-content\/uploads\/2021\/12\/power-towers-new-logo-outline-1024px.png","contentUrl":"https:\/\/37.148.206.186\/wp-content\/uploads\/2021\/12\/power-towers-new-logo-outline-1024px.png","width":1024,"height":209,"caption":"Power Towers Ltd."},"image":{"@id":"https:\/\/powertowers.com\/nl\/#\/schema\/logo\/image\/"}}]}},"_links":{"self":[{"href":"https:\/\/powertowers.com\/pt\/wp-json\/wp\/v2\/pages\/176","targetHints":{"allow":["GET"]}}],"collection":[{"href":"https:\/\/powertowers.com\/pt\/wp-json\/wp\/v2\/pages"}],"about":[{"href":"https:\/\/powertowers.com\/pt\/wp-json\/wp\/v2\/types\/page"}],"author":[{"embeddable":true,"href":"https:\/\/powertowers.com\/pt\/wp-json\/wp\/v2\/users\/1"}],"replies":[{"embeddable":true,"href":"https:\/\/powertowers.com\/pt\/wp-json\/wp\/v2\/comments?post=176"}],"version-history":[{"count":22,"href":"https:\/\/powertowers.com\/pt\/wp-json\/wp\/v2\/pages\/176\/revisions"}],"predecessor-version":[{"id":4920,"href":"https:\/\/powertowers.com\/pt\/wp-json\/wp\/v2\/pages\/176\/revisions\/4920"}],"wp:attachment":[{"href":"https:\/\/powertowers.com\/pt\/wp-json\/wp\/v2\/media?parent=176"}],"curies":[{"name":"wp","href":"https:\/\/api.w.org\/{rel}","templated":true}]}}