{"id":2080,"date":"2022-11-09T12:31:10","date_gmt":"2022-11-09T11:31:10","guid":{"rendered":"https:\/\/37.148.206.186\/?page_id=2080"},"modified":"2024-09-18T11:19:45","modified_gmt":"2024-09-18T09:19:45","slug":"narzedzie-informacyjne-tethering-2","status":"publish","type":"page","link":"https:\/\/powertowers.com\/pl\/info-tool-tethering-2\/","title":{"rendered":"Info Tool Tethering"},"content":{"rendered":"<div data-elementor-type=\"wp-page\" data-elementor-id=\"2080\" class=\"elementor elementor-2080\" data-elementor-post-type=\"page\">\n\t\t\t\t\t\t<section class=\"elementor-section elementor-top-section elementor-element elementor-element-7d6ad87 elementor-section-boxed elementor-section-height-default elementor-section-height-default elementor-invisible\" data-id=\"7d6ad87\" data-element_type=\"section\" data-e-type=\"section\" data-settings=\"{&quot;animation&quot;:&quot;slideInUp&quot;}\">\n\t\t\t\t\t\t<div class=\"elementor-container elementor-column-gap-default\">\n\t\t\t\t\t<div class=\"elementor-column elementor-col-33 elementor-top-column elementor-element elementor-element-d98f5a7\" data-id=\"d98f5a7\" data-element_type=\"column\" data-e-type=\"column\">\n\t\t\t<div class=\"elementor-widget-wrap elementor-element-populated\">\n\t\t\t\t\t\t<div class=\"elementor-element elementor-element-247a4f0 elementor-invisible elementor-widget elementor-widget-image\" data-id=\"247a4f0\" data-element_type=\"widget\" data-e-type=\"widget\" data-settings=\"{&quot;_animation&quot;:&quot;slideInUp&quot;}\" data-widget_type=\"image.default\">\n\t\t\t\t<div class=\"elementor-widget-container\">\n\t\t\t\t\t\t\t\t\t\t\t\t\t\t\t<img fetchpriority=\"high\" decoding=\"async\" width=\"677\" height=\"844\" src=\"https:\/\/powertowers.com\/wp-content\/uploads\/2022\/02\/Man-Contact-blend.jpg\" class=\"attachment-full size-full wp-image-1146\" alt=\"Cz\u0142owiek w kasku ochronnym na budowie\" srcset=\"https:\/\/powertowers.com\/wp-content\/uploads\/2022\/02\/Man-Contact-blend.jpg 677w, https:\/\/powertowers.com\/wp-content\/uploads\/2022\/02\/Man-Contact-blend-241x300.jpg 241w, https:\/\/powertowers.com\/wp-content\/uploads\/2022\/02\/Man-Contact-blend-10x12.jpg 10w\" sizes=\"(max-width: 34.9rem) calc(100vw - 2rem), (max-width: 53rem) calc(8 * (100vw \/ 12)), (min-width: 53rem) calc(6 * (100vw \/ 12)), 100vw\" \/>\t\t\t\t\t\t\t\t\t\t\t\t\t\t\t<\/div>\n\t\t\t\t<\/div>\n\t\t\t\t\t<\/div>\n\t\t<\/div>\n\t\t\t\t<div class=\"elementor-column elementor-col-33 elementor-top-column elementor-element elementor-element-651b693\" data-id=\"651b693\" data-element_type=\"column\" data-e-type=\"column\">\n\t\t\t<div class=\"elementor-widget-wrap elementor-element-populated\">\n\t\t\t\t\t\t<div class=\"elementor-element elementor-element-412b100 elementor-invisible elementor-widget elementor-widget-heading\" data-id=\"412b100\" data-element_type=\"widget\" data-e-type=\"widget\" data-settings=\"{&quot;_animation&quot;:&quot;slideInDown&quot;}\" data-widget_type=\"heading.default\">\n\t\t\t\t<div class=\"elementor-widget-container\">\n\t\t\t\t\t<h1 class=\"elementor-heading-title elementor-size-default\">Wi\u0119cej informacji<\/h1>\t\t\t\t<\/div>\n\t\t\t\t<\/div>\n\t\t\t\t<div class=\"elementor-element elementor-element-8da2d35 elementor-widget elementor-widget-text-editor\" data-id=\"8da2d35\" data-element_type=\"widget\" data-e-type=\"widget\" data-widget_type=\"text-editor.default\">\n\t\t\t\t<div class=\"elementor-widget-container\">\n\t\t\t\t\t\t\t\t\t<div data-id=\"ba0883e\" data-element_type=\"widget\" data-widget_type=\"text-editor.default\">\n<p><strong><em>Czy potrzebujesz wi\u0119cej informacji o naszych rozwi\u0105zaniach do mocowania narz\u0119dzi?<\/em><\/strong><\/p>\n<p>Skontaktuj si\u0119 z nami! Wype\u0142nij formularz kontaktowy, a my skontaktujemy si\u0119 z Tob\u0105 tak szybko, jak to mo\u017cliwe.<\/p>\n<p>Power Towers Limited<br>Unit 3, Leicester Distribution Park<br>45 Sunningdale Road<br>Leicester LE3 1UX<br>Wielka Brytania<\/p>\n<p>Tel: +44 (0) 161 654 1000<br><em>Biuro jest otwarte w godzinach od 9:00 do 16:00 GMT<\/em><\/p>\n<\/div>\n<div data-id=\"7219615\" data-element_type=\"widget\" data-widget_type=\"text-editor.default\">\n<div>\n<div>\n<p>E-mail:&nbsp;<strong><em><a href=\"mailto:sales@powertowers.com\">sales@powertowers.com<\/a><\/em><\/strong><\/p>\n<\/div>\n<\/div>\n<\/div>\t\t\t\t\t\t\t\t<\/div>\n\t\t\t\t<\/div>\n\t\t\t\t\t<\/div>\n\t\t<\/div>\n\t\t\t\t<div class=\"elementor-column elementor-col-33 elementor-top-column elementor-element elementor-element-9b005ca\" data-id=\"9b005ca\" data-element_type=\"column\" data-e-type=\"column\">\n\t\t\t<div class=\"elementor-widget-wrap elementor-element-populated\">\n\t\t\t\t\t\t<div class=\"elementor-element elementor-element-1796ac0 elementor-widget elementor-widget-text-editor\" data-id=\"1796ac0\" data-element_type=\"widget\" data-e-type=\"widget\" data-widget_type=\"text-editor.default\">\n\t\t\t\t<div class=\"elementor-widget-container\">\n\t\t\t\t\t<style>.elementor-element-1796ac0{display:none !important}<\/style>\t\t\t\t<\/div>\n\t\t\t\t<\/div>\n\t\t\t\t<div class=\"elementor-element elementor-element-cc9f8a8 elementor-widget elementor-widget-text-editor\" data-id=\"cc9f8a8\" data-element_type=\"widget\" data-e-type=\"widget\" data-no-translation=\"\" data-widget_type=\"text-editor.default\">\n\t\t\t\t<div class=\"elementor-widget-container\">\n\t\t\t\t\t<style>.elementor-element-cc9f8a8{display:none !important}<\/style>\t\t\t\t<\/div>\n\t\t\t\t<\/div>\n\t\t\t\t<div class=\"elementor-element elementor-element-23fba3f elementor-widget elementor-widget-text-editor\" data-id=\"23fba3f\" data-element_type=\"widget\" data-e-type=\"widget\" data-no-translation=\"\" data-widget_type=\"text-editor.default\">\n\t\t\t\t<div class=\"elementor-widget-container\">\n\t\t\t\t\t<style>.elementor-element-23fba3f{display:none !important}<\/style>\t\t\t\t<\/div>\n\t\t\t\t<\/div>\n\t\t\t\t<div class=\"elementor-element elementor-element-82c8ccd elementor-widget elementor-widget-text-editor\" data-id=\"82c8ccd\" data-element_type=\"widget\" data-e-type=\"widget\" data-no-translation=\"\" data-widget_type=\"text-editor.default\">\n\t\t\t\t<div class=\"elementor-widget-container\">\n\t\t\t\t\t<style>.elementor-element-82c8ccd{display:none !important}<\/style>\t\t\t\t<\/div>\n\t\t\t\t<\/div>\n\t\t\t\t<div class=\"elementor-element elementor-element-bd5eb83 elementor-widget elementor-widget-text-editor\" data-id=\"bd5eb83\" data-element_type=\"widget\" data-e-type=\"widget\" data-no-translation=\"\" data-widget_type=\"text-editor.default\">\n\t\t\t\t<div class=\"elementor-widget-container\">\n\t\t\t\t\t<style>.elementor-element-bd5eb83{display:none !important}<\/style>\t\t\t\t<\/div>\n\t\t\t\t<\/div>\n\t\t\t\t<div class=\"elementor-element elementor-element-889664e elementor-widget elementor-widget-text-editor\" data-id=\"889664e\" data-element_type=\"widget\" data-e-type=\"widget\" data-no-translation=\"\" data-widget_type=\"text-editor.default\">\n\t\t\t\t<div class=\"elementor-widget-container\">\n\t\t\t\t\t<style>.elementor-element-889664e{display:none !important}<\/style>\t\t\t\t<\/div>\n\t\t\t\t<\/div>\n\t\t\t\t<div class=\"elementor-element elementor-element-905e99b elementor-widget elementor-widget-text-editor\" data-id=\"905e99b\" data-element_type=\"widget\" data-e-type=\"widget\" data-no-translation=\"\" data-widget_type=\"text-editor.default\">\n\t\t\t\t<div class=\"elementor-widget-container\">\n\t\t\t\t\t\t\t\t\t<script charset=\"utf-8\" type=\"text\/javascript\" src=\"\/\/js.hsforms.net\/forms\/embed\/v2.js\"><\/script>\n<script>\n  hbspt.forms.create({\n    region: \"na1\",\n    portalId: \"8420674\",\n    formId: \"f0af5c56-34fb-420c-9f79-3bfc670b3fa8\"\n  });\n<\/script>\t\t\t\t\t\t\t\t<\/div>\n\t\t\t\t<\/div>\n\t\t\t\t<div class=\"elementor-element elementor-element-6cd596c elementor-widget elementor-widget-text-editor\" data-id=\"6cd596c\" data-element_type=\"widget\" data-e-type=\"widget\" data-no-translation=\"\" data-widget_type=\"text-editor.default\">\n\t\t\t\t<div class=\"elementor-widget-container\">\n\t\t\t\t\t<style>.elementor-element-6cd596c{display:none !important}<\/style>\t\t\t\t<\/div>\n\t\t\t\t<\/div>\n\t\t\t\t<div class=\"elementor-element elementor-element-1e71a84 elementor-widget elementor-widget-text-editor\" data-id=\"1e71a84\" data-element_type=\"widget\" data-e-type=\"widget\" data-widget_type=\"text-editor.default\">\n\t\t\t\t<div class=\"elementor-widget-container\">\n\t\t\t\t\t\t\t\t\tW tym formularzu gromadzone s\u0105 Twoje imi\u0119 i nazwisko, numer kontaktowy i adres e-mail, aby nasze zesp\u00f3\u0142 m\u00f3g\u0142 si\u0119 z Tob\u0105 skontaktowa\u0107 i odpowiedzie\u0107 na Twoje zapytanie. Zapoznaj si\u0119 z nasz\u0105 <a style=\"color: #eb6608;\" href=\"https:\/\/www.jlg.com\/en-gb\/privacy-policy\" target=\"_blank\" rel=\"noopener\">polityka prywatno\u015bci,<\/a> aby dowiedzie\u0107 si\u0119, jak chronimy i wykorzystujemy przes\u0142ane przez Ciebie dane.\t\t\t\t\t\t\t\t<\/div>\n\t\t\t\t<\/div>\n\t\t\t\t\t<\/div>\n\t\t<\/div>\n\t\t\t\t\t<\/div>\n\t\t<\/section>\n\t\t\t\t<\/div>","protected":false},"excerpt":{"rendered":"<p>More info Do you need more information about our Tool Tethering solutions? Get in touch! Complete the contact form and we will reach out to you as soon as possible. Power Towers LimitedUnit 3, Leicester Distribution Park45 Sunningdale RoadLeicester LE3 1UXUnited Kingdom Tel:&nbsp;+44 (0)&nbsp;161 654 1000Office hours: 09:00 to 16:00 GMT Email:&nbsp;sales@powertowers.com This form collects &hellip; <\/p>\n<p class=\"link-more\"><a href=\"https:\/\/powertowers.com\/pl\/info-tool-tethering-2\/\" class=\"more-link\">Czytaj dalej<span class=\"screen-reader-text\"> \u201eInfo Tool Tethering\u201d<\/span><\/a><\/p>","protected":false},"author":1,"featured_media":0,"parent":0,"menu_order":0,"comment_status":"closed","ping_status":"closed","template":"elementor_header_footer","meta":{"content-type":"","footnotes":""},"class_list":["post-2080","page","type-page","status-publish","hentry","entry"],"yoast_head":"<!-- This site is optimized with the Yoast SEO plugin v27.4 - https:\/\/yoast.com\/product\/yoast-seo-wordpress\/ -->\n<title>Info Tool Tethering | Power Towers<\/title>\n<meta name=\"description\" content=\"Power Towers offers a Tool Tethering Solution. Do you need more information about it? Get in touch with us!\" \/>\n<meta name=\"robots\" content=\"index, follow, max-snippet:-1, max-image-preview:large, max-video-preview:-1\" \/>\n<link rel=\"canonical\" href=\"https:\/\/powertowers.com\/pl\/narzedzie-informacyjne-tethering-2\/\" \/>\n<meta property=\"og:locale\" content=\"pl_PL\" \/>\n<meta property=\"og:type\" content=\"article\" \/>\n<meta property=\"og:title\" content=\"Info Tool Tethering | Power Towers\" \/>\n<meta property=\"og:description\" content=\"Power Towers offers a Tool Tethering Solution. Do you need more information about it? Get in touch with us!\" \/>\n<meta property=\"og:url\" content=\"https:\/\/powertowers.com\/pl\/narzedzie-informacyjne-tethering-2\/\" \/>\n<meta property=\"og:site_name\" content=\"Power Towers\" \/>\n<meta property=\"article:modified_time\" content=\"2024-09-18T09:19:45+00:00\" \/>\n<meta property=\"og:image\" content=\"https:\/\/37.148.206.186\/wp-content\/uploads\/2022\/02\/Man-Contact-blend.jpg\" \/>\n<meta name=\"twitter:card\" content=\"summary_large_image\" \/>\n<meta name=\"twitter:label1\" content=\"Szacowany czas czytania\" \/>\n\t<meta name=\"twitter:data1\" content=\"1 minuta\" \/>\n<script type=\"application\/ld+json\" class=\"yoast-schema-graph\">{\"@context\":\"https:\\\/\\\/schema.org\",\"@graph\":[{\"@type\":\"WebPage\",\"@id\":\"https:\\\/\\\/powertowers.com\\\/info-tool-tethering-2\\\/\",\"url\":\"https:\\\/\\\/powertowers.com\\\/info-tool-tethering-2\\\/\",\"name\":\"Info Tool Tethering | Power Towers\",\"isPartOf\":{\"@id\":\"https:\\\/\\\/powertowers.com\\\/nl\\\/#website\"},\"primaryImageOfPage\":{\"@id\":\"https:\\\/\\\/powertowers.com\\\/info-tool-tethering-2\\\/#primaryimage\"},\"image\":{\"@id\":\"https:\\\/\\\/powertowers.com\\\/info-tool-tethering-2\\\/#primaryimage\"},\"thumbnailUrl\":\"https:\\\/\\\/37.148.206.186\\\/wp-content\\\/uploads\\\/2022\\\/02\\\/Man-Contact-blend.jpg\",\"datePublished\":\"2022-11-09T11:31:10+00:00\",\"dateModified\":\"2024-09-18T09:19:45+00:00\",\"description\":\"Power Towers offers a Tool Tethering Solution. Do you need more information about it? Get in touch with us!\",\"breadcrumb\":{\"@id\":\"https:\\\/\\\/powertowers.com\\\/info-tool-tethering-2\\\/#breadcrumb\"},\"inLanguage\":\"pl-PL\",\"potentialAction\":[{\"@type\":\"ReadAction\",\"target\":[\"https:\\\/\\\/powertowers.com\\\/info-tool-tethering-2\\\/\"]}]},{\"@type\":\"ImageObject\",\"inLanguage\":\"pl-PL\",\"@id\":\"https:\\\/\\\/powertowers.com\\\/info-tool-tethering-2\\\/#primaryimage\",\"url\":\"https:\\\/\\\/37.148.206.186\\\/wp-content\\\/uploads\\\/2022\\\/02\\\/Man-Contact-blend.jpg\",\"contentUrl\":\"https:\\\/\\\/37.148.206.186\\\/wp-content\\\/uploads\\\/2022\\\/02\\\/Man-Contact-blend.jpg\"},{\"@type\":\"BreadcrumbList\",\"@id\":\"https:\\\/\\\/powertowers.com\\\/info-tool-tethering-2\\\/#breadcrumb\",\"itemListElement\":[{\"@type\":\"ListItem\",\"position\":1,\"name\":\"Home\",\"item\":\"https:\\\/\\\/powertowers.com\\\/nl\\\/\"},{\"@type\":\"ListItem\",\"position\":2,\"name\":\"Info Tool Tethering\"}]},{\"@type\":\"WebSite\",\"@id\":\"https:\\\/\\\/powertowers.com\\\/nl\\\/#website\",\"url\":\"https:\\\/\\\/powertowers.com\\\/nl\\\/\",\"name\":\"Power Towers\",\"description\":\"The alternative to ladders, podiums and scaffolding.\",\"publisher\":{\"@id\":\"https:\\\/\\\/powertowers.com\\\/nl\\\/#organization\"},\"potentialAction\":[{\"@type\":\"SearchAction\",\"target\":{\"@type\":\"EntryPoint\",\"urlTemplate\":\"https:\\\/\\\/powertowers.com\\\/nl\\\/?s={search_term_string}\"},\"query-input\":{\"@type\":\"PropertyValueSpecification\",\"valueRequired\":true,\"valueName\":\"search_term_string\"}}],\"inLanguage\":\"pl-PL\"},{\"@type\":\"Organization\",\"@id\":\"https:\\\/\\\/powertowers.com\\\/nl\\\/#organization\",\"name\":\"Power Towers Ltd.\",\"url\":\"https:\\\/\\\/powertowers.com\\\/nl\\\/\",\"logo\":{\"@type\":\"ImageObject\",\"inLanguage\":\"pl-PL\",\"@id\":\"https:\\\/\\\/powertowers.com\\\/nl\\\/#\\\/schema\\\/logo\\\/image\\\/\",\"url\":\"https:\\\/\\\/37.148.206.186\\\/wp-content\\\/uploads\\\/2021\\\/12\\\/power-towers-new-logo-outline-1024px.png\",\"contentUrl\":\"https:\\\/\\\/37.148.206.186\\\/wp-content\\\/uploads\\\/2021\\\/12\\\/power-towers-new-logo-outline-1024px.png\",\"width\":1024,\"height\":209,\"caption\":\"Power Towers Ltd.\"},\"image\":{\"@id\":\"https:\\\/\\\/powertowers.com\\\/nl\\\/#\\\/schema\\\/logo\\\/image\\\/\"}}]}<\/script>\n<!-- \/ Yoast SEO plugin. -->","yoast_head_json":{"title":"Informacje o mocowaniu narz\u0119dzi | Power Towers","description":"Power Towers oferuje rozwi\u0105zania do mocowania narz\u0119dzi. Potrzebujesz wi\u0119cej informacji na temat tych rozwi\u0105za\u0144? Skontaktuj si\u0119 z nami!","robots":{"index":"index","follow":"follow","max-snippet":"max-snippet:-1","max-image-preview":"max-image-preview:large","max-video-preview":"max-video-preview:-1"},"canonical":"https:\/\/powertowers.com\/pl\/narzedzie-informacyjne-tethering-2\/","og_locale":"pl_PL","og_type":"article","og_title":"Info Tool Tethering | Power Towers","og_description":"Power Towers offers a Tool Tethering Solution. Do you need more information about it? Get in touch with us!","og_url":"https:\/\/powertowers.com\/pl\/narzedzie-informacyjne-tethering-2\/","og_site_name":"Power Towers","article_modified_time":"2024-09-18T09:19:45+00:00","og_image":[{"url":"https:\/\/37.148.206.186\/wp-content\/uploads\/2022\/02\/Man-Contact-blend.jpg","type":"","width":"","height":""}],"twitter_card":"summary_large_image","twitter_misc":{"Szacowany czas czytania":"1 minuta"},"schema":{"@context":"https:\/\/schema.org","@graph":[{"@type":"WebPage","@id":"https:\/\/powertowers.com\/info-tool-tethering-2\/","url":"https:\/\/powertowers.com\/info-tool-tethering-2\/","name":"Informacje o mocowaniu narz\u0119dzi | Power Towers","isPartOf":{"@id":"https:\/\/powertowers.com\/nl\/#website"},"primaryImageOfPage":{"@id":"https:\/\/powertowers.com\/info-tool-tethering-2\/#primaryimage"},"image":{"@id":"https:\/\/powertowers.com\/info-tool-tethering-2\/#primaryimage"},"thumbnailUrl":"https:\/\/37.148.206.186\/wp-content\/uploads\/2022\/02\/Man-Contact-blend.jpg","datePublished":"2022-11-09T11:31:10+00:00","dateModified":"2024-09-18T09:19:45+00:00","description":"Power Towers oferuje rozwi\u0105zania do mocowania narz\u0119dzi. Potrzebujesz wi\u0119cej informacji na temat tych rozwi\u0105za\u0144? Skontaktuj si\u0119 z nami!","breadcrumb":{"@id":"https:\/\/powertowers.com\/info-tool-tethering-2\/#breadcrumb"},"inLanguage":"pl-PL","potentialAction":[{"@type":"ReadAction","target":["https:\/\/powertowers.com\/info-tool-tethering-2\/"]}]},{"@type":"ImageObject","inLanguage":"pl-PL","@id":"https:\/\/powertowers.com\/info-tool-tethering-2\/#primaryimage","url":"https:\/\/37.148.206.186\/wp-content\/uploads\/2022\/02\/Man-Contact-blend.jpg","contentUrl":"https:\/\/37.148.206.186\/wp-content\/uploads\/2022\/02\/Man-Contact-blend.jpg"},{"@type":"BreadcrumbList","@id":"https:\/\/powertowers.com\/info-tool-tethering-2\/#breadcrumb","itemListElement":[{"@type":"ListItem","position":1,"name":"Home","item":"https:\/\/powertowers.com\/nl\/"},{"@type":"ListItem","position":2,"name":"Info Tool Tethering"}]},{"@type":"WebSite","@id":"https:\/\/powertowers.com\/nl\/#website","url":"https:\/\/powertowers.com\/nl\/","name":"Power Towers","description":"Alternatywa dla drabin, podest\u00f3w i rusztowa\u0144.","publisher":{"@id":"https:\/\/powertowers.com\/nl\/#organization"},"potentialAction":[{"@type":"SearchAction","target":{"@type":"EntryPoint","urlTemplate":"https:\/\/powertowers.com\/nl\/?s={search_term_string}"},"query-input":{"@type":"PropertyValueSpecification","valueRequired":true,"valueName":"search_term_string"}}],"inLanguage":"pl-PL"},{"@type":"Organization","@id":"https:\/\/powertowers.com\/nl\/#organization","name":"Power Towers Ltd.","url":"https:\/\/powertowers.com\/nl\/","logo":{"@type":"ImageObject","inLanguage":"pl-PL","@id":"https:\/\/powertowers.com\/nl\/#\/schema\/logo\/image\/","url":"https:\/\/37.148.206.186\/wp-content\/uploads\/2021\/12\/power-towers-new-logo-outline-1024px.png","contentUrl":"https:\/\/37.148.206.186\/wp-content\/uploads\/2021\/12\/power-towers-new-logo-outline-1024px.png","width":1024,"height":209,"caption":"Power Towers Ltd."},"image":{"@id":"https:\/\/powertowers.com\/nl\/#\/schema\/logo\/image\/"}}]}},"_links":{"self":[{"href":"https:\/\/powertowers.com\/pl\/wp-json\/wp\/v2\/pages\/2080","targetHints":{"allow":["GET"]}}],"collection":[{"href":"https:\/\/powertowers.com\/pl\/wp-json\/wp\/v2\/pages"}],"about":[{"href":"https:\/\/powertowers.com\/pl\/wp-json\/wp\/v2\/types\/page"}],"author":[{"embeddable":true,"href":"https:\/\/powertowers.com\/pl\/wp-json\/wp\/v2\/users\/1"}],"replies":[{"embeddable":true,"href":"https:\/\/powertowers.com\/pl\/wp-json\/wp\/v2\/comments?post=2080"}],"version-history":[{"count":40,"href":"https:\/\/powertowers.com\/pl\/wp-json\/wp\/v2\/pages\/2080\/revisions"}],"predecessor-version":[{"id":5204,"href":"https:\/\/powertowers.com\/pl\/wp-json\/wp\/v2\/pages\/2080\/revisions\/5204"}],"wp:attachment":[{"href":"https:\/\/powertowers.com\/pl\/wp-json\/wp\/v2\/media?parent=2080"}],"curies":[{"name":"wp","href":"https:\/\/api.w.org\/{rel}","templated":true}]}}