{"id":5364,"date":"2025-08-27T10:35:55","date_gmt":"2025-08-27T08:35:55","guid":{"rendered":"https:\/\/37.148.206.186\/?page_id=5364"},"modified":"2025-09-10T18:35:57","modified_gmt":"2025-09-10T16:35:57","slug":"trangt-rom","status":"publish","type":"page","link":"https:\/\/powertowers.com\/nb\/confined-space\/","title":{"rendered":"Begrenset plass"},"content":{"rendered":"<div data-elementor-type=\"wp-page\" data-elementor-id=\"5364\" class=\"elementor elementor-5364\" data-elementor-post-type=\"page\">\n\t\t\t\t\t\t<section class=\"elementor-section elementor-top-section elementor-element elementor-element-729ee493 elementor-section-boxed elementor-section-height-default elementor-section-height-default elementor-invisible\" data-id=\"729ee493\" data-element_type=\"section\" data-e-type=\"section\" data-settings=\"{&quot;animation&quot;:&quot;slideInDown&quot;}\">\n\t\t\t\t\t\t<div class=\"elementor-container elementor-column-gap-default\">\n\t\t\t\t\t<div class=\"elementor-column elementor-col-100 elementor-top-column elementor-element elementor-element-af4b656\" data-id=\"af4b656\" data-element_type=\"column\" data-e-type=\"column\">\n\t\t\t<div class=\"elementor-widget-wrap elementor-element-populated\">\n\t\t\t\t\t\t<div class=\"elementor-element elementor-element-1ddf6ae0 elementor-widget elementor-widget-heading\" data-id=\"1ddf6ae0\" data-element_type=\"widget\" data-e-type=\"widget\" data-widget_type=\"heading.default\">\n\t\t\t\t<div class=\"elementor-widget-container\">\n\t\t\t\t\t<h1 class=\"elementor-heading-title elementor-size-default\">FAMILIE MED TRANGE ROM<\/h1>\t\t\t\t<\/div>\n\t\t\t\t<\/div>\n\t\t\t\t<div class=\"elementor-element elementor-element-2d08a661 elementor-widget elementor-widget-heading\" data-id=\"2d08a661\" data-element_type=\"widget\" data-e-type=\"widget\" data-widget_type=\"heading.default\">\n\t\t\t\t<div class=\"elementor-widget-container\">\n\t\t\t\t\t<h2 class=\"elementor-heading-title elementor-size-default\">Kompakt tilgang, maksimal sikkerhet<\/h2>\t\t\t\t<\/div>\n\t\t\t\t<\/div>\n\t\t\t\t\t<\/div>\n\t\t<\/div>\n\t\t\t\t\t<\/div>\n\t\t<\/section>\n\t\t\t\t<section class=\"elementor-section elementor-top-section elementor-element elementor-element-39291ae2 elementor-section-boxed elementor-section-height-default elementor-section-height-default elementor-invisible\" data-id=\"39291ae2\" data-element_type=\"section\" data-e-type=\"section\" data-settings=\"{&quot;animation&quot;:&quot;slideInUp&quot;}\">\n\t\t\t\t\t\t<div class=\"elementor-container elementor-column-gap-default\">\n\t\t\t\t\t<div class=\"elementor-column elementor-col-50 elementor-top-column elementor-element elementor-element-6ce8b1aa\" data-id=\"6ce8b1aa\" data-element_type=\"column\" data-e-type=\"column\" data-settings=\"{&quot;background_background&quot;:&quot;classic&quot;}\">\n\t\t\t<div class=\"elementor-widget-wrap elementor-element-populated\">\n\t\t\t\t\t\t<div class=\"elementor-element elementor-element-317da22f elementor-widget elementor-widget-image\" data-id=\"317da22f\" data-element_type=\"widget\" data-e-type=\"widget\" data-widget_type=\"image.default\">\n\t\t\t\t<div class=\"elementor-widget-container\">\n\t\t\t\t\t\t\t\t\t\t\t\t\t\t\t\t<a href=\"https:\/\/powertowers.com\/nb\/nano-30cs\/\">\n\t\t\t\t\t\t\t<img fetchpriority=\"high\" decoding=\"async\" width=\"500\" height=\"500\" src=\"https:\/\/powertowers.com\/wp-content\/uploads\/2025\/08\/JLG-Nano-30CS_500x500px.jpg\" class=\"elementor-animation-shrink attachment-full size-full wp-image-5368\" alt=\"\" srcset=\"https:\/\/powertowers.com\/wp-content\/uploads\/2025\/08\/JLG-Nano-30CS_500x500px.jpg 500w, https:\/\/powertowers.com\/wp-content\/uploads\/2025\/08\/JLG-Nano-30CS_500x500px-300x300.jpg 300w, https:\/\/powertowers.com\/wp-content\/uploads\/2025\/08\/JLG-Nano-30CS_500x500px-150x150.jpg 150w, https:\/\/powertowers.com\/wp-content\/uploads\/2025\/08\/JLG-Nano-30CS_500x500px-12x12.jpg 12w\" sizes=\"(max-width: 34.9rem) calc(100vw - 2rem), (max-width: 53rem) calc(8 * (100vw \/ 12)), (min-width: 53rem) calc(6 * (100vw \/ 12)), 100vw\" \/>\t\t\t\t\t\t\t\t<\/a>\n\t\t\t\t\t\t\t\t\t\t\t\t\t\t\t<\/div>\n\t\t\t\t<\/div>\n\t\t\t\t<div class=\"elementor-element elementor-element-1af74370 elementor-widget elementor-widget-heading\" data-id=\"1af74370\" data-element_type=\"widget\" data-e-type=\"widget\" data-widget_type=\"heading.default\">\n\t\t\t\t<div class=\"elementor-widget-container\">\n\t\t\t\t\t<h4 class=\"elementor-heading-title elementor-size-default\"><a href=\"https:\/\/powertowers.com\/nb\/nano-30cs\/\">Nano 30CS<\/a><\/h4>\t\t\t\t<\/div>\n\t\t\t\t<\/div>\n\t\t\t\t<div class=\"elementor-element elementor-element-3994ddbd elementor-widget elementor-widget-heading\" data-id=\"3994ddbd\" data-element_type=\"widget\" data-e-type=\"widget\" data-widget_type=\"heading.default\">\n\t\t\t\t<div class=\"elementor-widget-container\">\n\t\t\t\t\t<h4 class=\"elementor-heading-title elementor-size-default\">Skyv rundt-l\u00f8sning med et ekstra lite dekk for trange omr\u00e5der og en maksimal arbeidsh\u00f8yde p\u00e5 4,95 m<\/h4>\t\t\t\t<\/div>\n\t\t\t\t<\/div>\n\t\t\t\t<div class=\"elementor-element elementor-element-5d582447 elementor-align-center elementor-widget elementor-widget-button\" data-id=\"5d582447\" data-element_type=\"widget\" data-e-type=\"widget\" data-widget_type=\"button.default\">\n\t\t\t\t<div class=\"elementor-widget-container\">\n\t\t\t\t\t\t\t\t\t<div class=\"elementor-button-wrapper\">\n\t\t\t\t\t<a class=\"elementor-button elementor-button-link elementor-size-sm\" href=\"https:\/\/powertowers.com\/nb\/nano-30cs\/\">\n\t\t\t\t\t\t<span class=\"elementor-button-content-wrapper\">\n\t\t\t\t\t\t\t\t\t<span class=\"elementor-button-text\">SE ALLE SPESIFIKASJONER<\/span>\n\t\t\t\t\t<\/span>\n\t\t\t\t\t<\/a>\n\t\t\t\t<\/div>\n\t\t\t\t\t\t\t\t<\/div>\n\t\t\t\t<\/div>\n\t\t\t\t\t<\/div>\n\t\t<\/div>\n\t\t\t\t<div class=\"elementor-column elementor-col-50 elementor-top-column elementor-element elementor-element-60c72bdc\" data-id=\"60c72bdc\" data-element_type=\"column\" data-e-type=\"column\" data-settings=\"{&quot;background_background&quot;:&quot;classic&quot;}\">\n\t\t\t<div class=\"elementor-widget-wrap elementor-element-populated\">\n\t\t\t\t\t\t<div class=\"elementor-element elementor-element-7c03bc24 elementor-widget elementor-widget-image\" data-id=\"7c03bc24\" data-element_type=\"widget\" data-e-type=\"widget\" data-widget_type=\"image.default\">\n\t\t\t\t<div class=\"elementor-widget-container\">\n\t\t\t\t\t\t\t\t\t\t\t\t\t\t\t\t<a href=\"https:\/\/powertowers.com\/nb\/power-tower-cs\/\">\n\t\t\t\t\t\t\t<img decoding=\"async\" width=\"500\" height=\"500\" src=\"https:\/\/powertowers.com\/wp-content\/uploads\/2025\/08\/Power-Tower-CS_500x500px.jpg\" class=\"elementor-animation-shrink attachment-full size-full wp-image-5367\" alt=\"\" srcset=\"https:\/\/powertowers.com\/wp-content\/uploads\/2025\/08\/Power-Tower-CS_500x500px.jpg 500w, https:\/\/powertowers.com\/wp-content\/uploads\/2025\/08\/Power-Tower-CS_500x500px-300x300.jpg 300w, https:\/\/powertowers.com\/wp-content\/uploads\/2025\/08\/Power-Tower-CS_500x500px-150x150.jpg 150w, https:\/\/powertowers.com\/wp-content\/uploads\/2025\/08\/Power-Tower-CS_500x500px-12x12.jpg 12w\" sizes=\"(max-width: 34.9rem) calc(100vw - 2rem), (max-width: 53rem) calc(8 * (100vw \/ 12)), (min-width: 53rem) calc(6 * (100vw \/ 12)), 100vw\" \/>\t\t\t\t\t\t\t\t<\/a>\n\t\t\t\t\t\t\t\t\t\t\t\t\t\t\t<\/div>\n\t\t\t\t<\/div>\n\t\t\t\t<div class=\"elementor-element elementor-element-51200e52 elementor-widget elementor-widget-heading\" data-id=\"51200e52\" data-element_type=\"widget\" data-e-type=\"widget\" data-widget_type=\"heading.default\">\n\t\t\t\t<div class=\"elementor-widget-container\">\n\t\t\t\t\t<h4 class=\"elementor-heading-title elementor-size-default\"><a href=\"https:\/\/powertowers.com\/nb\/power-tower-cs\/\">POWER TOWER CS<\/a><\/h4>\t\t\t\t<\/div>\n\t\t\t\t<\/div>\n\t\t\t\t<div class=\"elementor-element elementor-element-75f0aa17 elementor-widget elementor-widget-heading\" data-id=\"75f0aa17\" data-element_type=\"widget\" data-e-type=\"widget\" data-widget_type=\"heading.default\">\n\t\t\t\t<div class=\"elementor-widget-container\">\n\t\t\t\t\t<h4 class=\"elementor-heading-title elementor-size-default\">Skyv rundt l\u00f8sningen med et ekstra lite dekk<span style=\"letter-spacing: -0.02em\"> for trange rom<\/span><span style=\"letter-spacing: -0.02em\"> og en maksimal arbeidsh\u00f8yde p\u00e5 5 m<\/span><span style=\"letter-spacing: -0.02em\"><\/span><br><\/h4>\t\t\t\t<\/div>\n\t\t\t\t<\/div>\n\t\t\t\t<div class=\"elementor-element elementor-element-21928e69 elementor-align-center elementor-widget elementor-widget-button\" data-id=\"21928e69\" data-element_type=\"widget\" data-e-type=\"widget\" data-widget_type=\"button.default\">\n\t\t\t\t<div class=\"elementor-widget-container\">\n\t\t\t\t\t\t\t\t\t<div class=\"elementor-button-wrapper\">\n\t\t\t\t\t<a class=\"elementor-button elementor-button-link elementor-size-sm\" href=\"https:\/\/powertowers.com\/nb\/power-tower-cs\/\">\n\t\t\t\t\t\t<span class=\"elementor-button-content-wrapper\">\n\t\t\t\t\t\t\t\t\t<span class=\"elementor-button-text\">SE ALLE SPESIFIKASJONER<\/span>\n\t\t\t\t\t<\/span>\n\t\t\t\t\t<\/a>\n\t\t\t\t<\/div>\n\t\t\t\t\t\t\t\t<\/div>\n\t\t\t\t<\/div>\n\t\t\t\t\t<\/div>\n\t\t<\/div>\n\t\t\t\t\t<\/div>\n\t\t<\/section>\n\t\t\t\t<section class=\"elementor-section elementor-top-section elementor-element elementor-element-3f18d589 elementor-section-boxed elementor-section-height-default elementor-section-height-default elementor-invisible\" data-id=\"3f18d589\" data-element_type=\"section\" data-e-type=\"section\" data-settings=\"{&quot;animation&quot;:&quot;zoomIn&quot;}\">\n\t\t\t\t\t\t<div class=\"elementor-container elementor-column-gap-default\">\n\t\t\t\t\t<div class=\"elementor-column elementor-col-100 elementor-top-column elementor-element elementor-element-60fddb7c\" data-id=\"60fddb7c\" data-element_type=\"column\" data-e-type=\"column\">\n\t\t\t<div class=\"elementor-widget-wrap elementor-element-populated\">\n\t\t\t\t\t\t<section class=\"elementor-section elementor-inner-section elementor-element elementor-element-77c8d661 elementor-section-content-bottom elementor-section-boxed elementor-section-height-default elementor-section-height-default\" data-id=\"77c8d661\" data-element_type=\"section\" data-e-type=\"section\">\n\t\t\t\t\t\t<div class=\"elementor-container elementor-column-gap-default\">\n\t\t\t\t\t<div class=\"elementor-column elementor-col-50 elementor-inner-column elementor-element elementor-element-ae51e3f\" data-id=\"ae51e3f\" data-element_type=\"column\" data-e-type=\"column\">\n\t\t\t<div class=\"elementor-widget-wrap elementor-element-populated\">\n\t\t\t\t\t\t<div class=\"elementor-element elementor-element-7582f29a elementor-align-right elementor-mobile-align-center elementor-widget elementor-widget-button\" data-id=\"7582f29a\" data-element_type=\"widget\" data-e-type=\"widget\" data-widget_type=\"button.default\">\n\t\t\t\t<div class=\"elementor-widget-container\">\n\t\t\t\t\t\t\t\t\t<div class=\"elementor-button-wrapper\">\n\t\t\t\t\t<a class=\"elementor-button elementor-button-link elementor-size-md\" href=\"https:\/\/powertowers.com\/nb\/demo\/\">\n\t\t\t\t\t\t<span class=\"elementor-button-content-wrapper\">\n\t\t\t\t\t\t\t\t\t<span class=\"elementor-button-text\">Jeg \u00f8nsker en demonstrasjon<\/span>\n\t\t\t\t\t<\/span>\n\t\t\t\t\t<\/a>\n\t\t\t\t<\/div>\n\t\t\t\t\t\t\t\t<\/div>\n\t\t\t\t<\/div>\n\t\t\t\t\t<\/div>\n\t\t<\/div>\n\t\t\t\t<div class=\"elementor-column elementor-col-50 elementor-inner-column elementor-element elementor-element-51ed762e\" data-id=\"51ed762e\" data-element_type=\"column\" data-e-type=\"column\">\n\t\t\t<div class=\"elementor-widget-wrap elementor-element-populated\">\n\t\t\t\t\t\t<div class=\"elementor-element elementor-element-526be1e5 elementor-align-left elementor-mobile-align-center elementor-widget elementor-widget-button\" data-id=\"526be1e5\" data-element_type=\"widget\" data-e-type=\"widget\" data-widget_type=\"button.default\">\n\t\t\t\t<div class=\"elementor-widget-container\">\n\t\t\t\t\t\t\t\t\t<div class=\"elementor-button-wrapper\">\n\t\t\t\t\t<a class=\"elementor-button elementor-button-link elementor-size-md\" href=\"https:\/\/powertowers.com\/nb\/quote\/\">\n\t\t\t\t\t\t<span class=\"elementor-button-content-wrapper\">\n\t\t\t\t\t\t\t\t\t<span class=\"elementor-button-text\">Jeg \u00f8nsker et tilbud<\/span>\n\t\t\t\t\t<\/span>\n\t\t\t\t\t<\/a>\n\t\t\t\t<\/div>\n\t\t\t\t\t\t\t\t<\/div>\n\t\t\t\t<\/div>\n\t\t\t\t\t<\/div>\n\t\t<\/div>\n\t\t\t\t\t<\/div>\n\t\t<\/section>\n\t\t\t\t\t<\/div>\n\t\t<\/div>\n\t\t\t\t\t<\/div>\n\t\t<\/section>\n\t\t\t\t<section class=\"elementor-section elementor-top-section elementor-element elementor-element-5b1514d elementor-section-boxed elementor-section-height-default elementor-section-height-default elementor-invisible\" data-id=\"5b1514d\" data-element_type=\"section\" data-e-type=\"section\" data-settings=\"{&quot;animation&quot;:&quot;slideInUp&quot;}\">\n\t\t\t\t\t\t<div class=\"elementor-container elementor-column-gap-default\">\n\t\t\t\t\t<div class=\"elementor-column elementor-col-50 elementor-top-column elementor-element elementor-element-ef5345\" data-id=\"ef5345\" data-element_type=\"column\" data-e-type=\"column\">\n\t\t\t<div class=\"elementor-widget-wrap elementor-element-populated\">\n\t\t\t\t\t\t<div class=\"elementor-element elementor-element-280f3a76 elementor-widget elementor-widget-text-editor\" data-id=\"280f3a76\" data-element_type=\"widget\" data-e-type=\"widget\" data-widget_type=\"text-editor.default\">\n\t\t\t\t<div class=\"elementor-widget-container\">\n\t\t\t\t\t\t\t\t\t<p style=\"font-weight: 400;\">Leter du etter en lett og kompakt l\u00f8sning for lavt tilkomstniv\u00e5 som er utviklet for trange, begrensede rom? Nano 30CS- og Power Tower CS-plattformene v\u00e5re er spesialkonstruert for \u00e5 gi sikker, p\u00e5litelig og effektiv tilkomst uten at det g\u00e5r p\u00e5 bekostning av ytelsen.<\/p><p style=\"font-weight: 400;\">Bare skyv den i posisjon, g\u00e5 opp p\u00e5 plattformen og trykk p\u00e5 knappen for \u00e5 n\u00e5 arbeidsh\u00f8yden din - opp til 4,95 m med Nano 30CS eller 5,00 m med Power Tower CS. Ingen klatring, oppstilling eller demontering er n\u00f8dvendig.<\/p><p style=\"font-weight: 400;\">Med en fullt beskyttet plattform, 360\u00b0 svingradius og et smalt fotavtrykk som passer gjennom enkle d\u00f8r\u00e5pninger, gj\u00f8r disse maskinene det enkelt \u00e5 komme til i trange omr\u00e5der - selv mellom standard takplater - samtidig som operat\u00f8rene er trygge, stabile og har hendene fri.<\/p><p style=\"font-weight: 400;\">Enten det gjelder vedlikehold, inspeksjon eller installasjonsoppgaver, er disse plattformene det beste valget for \u00e5 maksimere produktiviteten i trange rom.<\/p><p><a href=\"https:\/\/powertowers.com\/nb\/fordeler\/\">Finn ut mer om fordelene med Power Towers-produktene her!<\/a><\/p>\t\t\t\t\t\t\t\t<\/div>\n\t\t\t\t<\/div>\n\t\t\t\t\t<\/div>\n\t\t<\/div>\n\t\t\t\t<div class=\"elementor-column elementor-col-50 elementor-top-column elementor-element elementor-element-242e4a58\" data-id=\"242e4a58\" data-element_type=\"column\" data-e-type=\"column\">\n\t\t\t<div class=\"elementor-widget-wrap elementor-element-populated\">\n\t\t\t\t\t\t<div class=\"elementor-element elementor-element-7691dc42 elementor-widget elementor-widget-text-editor\" data-id=\"7691dc42\" data-element_type=\"widget\" data-e-type=\"widget\" data-widget_type=\"text-editor.default\">\n\t\t\t\t<div class=\"elementor-widget-container\">\n\t\t\t\t\t\t\t\t\t<p><strong>Funksjoner og fordeler:<\/strong><\/p><ul><li><p style=\"font-weight: 400;\">Kompakt design for trange eller smale tilgangsomr\u00e5der<\/p><\/li><li>Liten plattform gir tilgang gjennom 60 x 60 cm takplater<\/li><li><p style=\"font-weight: 400;\">Plattformm\u00e5l 55 x 55 x 74 cm<\/p><\/li><li><p style=\"font-weight: 400;\">Lett og man\u00f8vrerbar<\/p><\/li><li><p style=\"font-weight: 400;\">Enkel betjening med trykknapper for brukervennlighet<\/p><\/li><li><p style=\"font-weight: 400;\">Designet med tanke p\u00e5 sikkerhet<\/p><\/li><li><p style=\"font-weight: 400;\">Optimal st\u00f8rrelse for \u00e5 passe gjennom enkle d\u00f8r\u00e5pninger<\/p><\/li><li><p style=\"font-weight: 400;\">N\u00f8dsenking fra bakkeniv\u00e5<\/p><\/li><\/ul>\t\t\t\t\t\t\t\t<\/div>\n\t\t\t\t<\/div>\n\t\t\t\t\t<\/div>\n\t\t<\/div>\n\t\t\t\t\t<\/div>\n\t\t<\/section>\n\t\t\t\t<\/div>","protected":false},"excerpt":{"rendered":"<p>CONFINED SPACE FAMILY Kompakt tilgang, maksimal sikkerhet Nano 30CS Skyv rundt-l\u00f8sning med et ekstra lite dekk for trange rom og en maksimal arbeidsh\u00f8yde p\u00e5 4,95 m SJEKK ALLE SPESIFIKASJONER POWER TOWER CS Skyv rundt-l\u00f8sning med et ekstra lite dekk for trange rom og en maksimal arbeidsh\u00f8yde p\u00e5 5 m SJEKK ALLE SPESIFIKASJONER... <\/p>\n<p class=\"link-more\"><a href=\"https:\/\/powertowers.com\/nb\/confined-space\/\" class=\"more-link\">Fortsett \u00e5 lese<span class=\"screen-reader-text\"> \"Lukket rom\"<\/span><\/a><\/p>","protected":false},"author":1,"featured_media":0,"parent":0,"menu_order":0,"comment_status":"closed","ping_status":"closed","template":"elementor_header_footer","meta":{"content-type":"","footnotes":""},"class_list":["post-5364","page","type-page","status-publish","hentry","entry"],"yoast_head":"<!-- This site is optimized with the Yoast SEO plugin v27.3 - https:\/\/yoast.com\/product\/yoast-seo-wordpress\/ -->\n<title>Confined space - Power Towers<\/title>\n<meta name=\"robots\" content=\"index, follow, max-snippet:-1, max-image-preview:large, max-video-preview:-1\" \/>\n<link rel=\"canonical\" href=\"https:\/\/powertowers.com\/nb\/trangt-rom\/\" \/>\n<meta property=\"og:locale\" content=\"nb_NO\" \/>\n<meta property=\"og:type\" content=\"article\" \/>\n<meta property=\"og:title\" content=\"Confined space - Power Towers\" \/>\n<meta property=\"og:description\" content=\"CONFINED SPACE FAMILY Compact Access, Maximum Safety Nano 30CS Push around solution with an extra small deck for confined spaces and maximum working height of 4,95 m CHECK ALL SPECIFICATIONS POWER TOWER CS Push around solution with an extra small deck for confined spaces and a maximum working height of 5 m CHECK ALL SPECIFICATIONS &hellip; Fortsett \u00e5 lese \u00abConfined space\u00bb\" \/>\n<meta property=\"og:url\" content=\"https:\/\/powertowers.com\/nb\/trangt-rom\/\" \/>\n<meta property=\"og:site_name\" content=\"Power Towers\" \/>\n<meta property=\"article:modified_time\" content=\"2025-09-10T16:35:57+00:00\" \/>\n<meta property=\"og:image\" content=\"https:\/\/37.148.206.186\/wp-content\/uploads\/2025\/08\/JLG-Nano-30CS_500x500px.jpg\" \/>\n<meta name=\"twitter:card\" content=\"summary_large_image\" \/>\n<meta name=\"twitter:label1\" content=\"Ansl. lesetid\" \/>\n\t<meta name=\"twitter:data1\" content=\"2 minutter\" \/>\n<script type=\"application\/ld+json\" class=\"yoast-schema-graph\">{\"@context\":\"https:\\\/\\\/schema.org\",\"@graph\":[{\"@type\":\"WebPage\",\"@id\":\"https:\\\/\\\/powertowers.com\\\/confined-space\\\/\",\"url\":\"https:\\\/\\\/powertowers.com\\\/confined-space\\\/\",\"name\":\"Confined space - Power Towers\",\"isPartOf\":{\"@id\":\"https:\\\/\\\/powertowers.com\\\/nl\\\/#website\"},\"primaryImageOfPage\":{\"@id\":\"https:\\\/\\\/powertowers.com\\\/confined-space\\\/#primaryimage\"},\"image\":{\"@id\":\"https:\\\/\\\/powertowers.com\\\/confined-space\\\/#primaryimage\"},\"thumbnailUrl\":\"https:\\\/\\\/37.148.206.186\\\/wp-content\\\/uploads\\\/2025\\\/08\\\/JLG-Nano-30CS_500x500px.jpg\",\"datePublished\":\"2025-08-27T08:35:55+00:00\",\"dateModified\":\"2025-09-10T16:35:57+00:00\",\"breadcrumb\":{\"@id\":\"https:\\\/\\\/powertowers.com\\\/confined-space\\\/#breadcrumb\"},\"inLanguage\":\"nb-NO\",\"potentialAction\":[{\"@type\":\"ReadAction\",\"target\":[\"https:\\\/\\\/powertowers.com\\\/confined-space\\\/\"]}]},{\"@type\":\"ImageObject\",\"inLanguage\":\"nb-NO\",\"@id\":\"https:\\\/\\\/powertowers.com\\\/confined-space\\\/#primaryimage\",\"url\":\"https:\\\/\\\/37.148.206.186\\\/wp-content\\\/uploads\\\/2025\\\/08\\\/JLG-Nano-30CS_500x500px.jpg\",\"contentUrl\":\"https:\\\/\\\/37.148.206.186\\\/wp-content\\\/uploads\\\/2025\\\/08\\\/JLG-Nano-30CS_500x500px.jpg\"},{\"@type\":\"BreadcrumbList\",\"@id\":\"https:\\\/\\\/powertowers.com\\\/confined-space\\\/#breadcrumb\",\"itemListElement\":[{\"@type\":\"ListItem\",\"position\":1,\"name\":\"Home\",\"item\":\"https:\\\/\\\/powertowers.com\\\/nl\\\/\"},{\"@type\":\"ListItem\",\"position\":2,\"name\":\"Confined space\"}]},{\"@type\":\"WebSite\",\"@id\":\"https:\\\/\\\/powertowers.com\\\/nl\\\/#website\",\"url\":\"https:\\\/\\\/powertowers.com\\\/nl\\\/\",\"name\":\"Power Towers\",\"description\":\"The alternative to ladders, podiums and scaffolding.\",\"publisher\":{\"@id\":\"https:\\\/\\\/powertowers.com\\\/nl\\\/#organization\"},\"potentialAction\":[{\"@type\":\"SearchAction\",\"target\":{\"@type\":\"EntryPoint\",\"urlTemplate\":\"https:\\\/\\\/powertowers.com\\\/nl\\\/?s={search_term_string}\"},\"query-input\":{\"@type\":\"PropertyValueSpecification\",\"valueRequired\":true,\"valueName\":\"search_term_string\"}}],\"inLanguage\":\"nb-NO\"},{\"@type\":\"Organization\",\"@id\":\"https:\\\/\\\/powertowers.com\\\/nl\\\/#organization\",\"name\":\"Power Towers Ltd.\",\"url\":\"https:\\\/\\\/powertowers.com\\\/nl\\\/\",\"logo\":{\"@type\":\"ImageObject\",\"inLanguage\":\"nb-NO\",\"@id\":\"https:\\\/\\\/powertowers.com\\\/nl\\\/#\\\/schema\\\/logo\\\/image\\\/\",\"url\":\"https:\\\/\\\/37.148.206.186\\\/wp-content\\\/uploads\\\/2021\\\/12\\\/power-towers-new-logo-outline-1024px.png\",\"contentUrl\":\"https:\\\/\\\/37.148.206.186\\\/wp-content\\\/uploads\\\/2021\\\/12\\\/power-towers-new-logo-outline-1024px.png\",\"width\":1024,\"height\":209,\"caption\":\"Power Towers Ltd.\"},\"image\":{\"@id\":\"https:\\\/\\\/powertowers.com\\\/nl\\\/#\\\/schema\\\/logo\\\/image\\\/\"}}]}<\/script>\n<!-- \/ Yoast SEO plugin. -->","yoast_head_json":{"title":"Begrenset plass - Power Towers","robots":{"index":"index","follow":"follow","max-snippet":"max-snippet:-1","max-image-preview":"max-image-preview:large","max-video-preview":"max-video-preview:-1"},"canonical":"https:\/\/powertowers.com\/nb\/trangt-rom\/","og_locale":"nb_NO","og_type":"article","og_title":"Confined space - Power Towers","og_description":"CONFINED SPACE FAMILY Compact Access, Maximum Safety Nano 30CS Push around solution with an extra small deck for confined spaces and maximum working height of 4,95 m CHECK ALL SPECIFICATIONS POWER TOWER CS Push around solution with an extra small deck for confined spaces and a maximum working height of 5 m CHECK ALL SPECIFICATIONS &hellip; Fortsett \u00e5 lese \u00abConfined space\u00bb","og_url":"https:\/\/powertowers.com\/nb\/trangt-rom\/","og_site_name":"Power Towers","article_modified_time":"2025-09-10T16:35:57+00:00","og_image":[{"url":"https:\/\/37.148.206.186\/wp-content\/uploads\/2025\/08\/JLG-Nano-30CS_500x500px.jpg","type":"","width":"","height":""}],"twitter_card":"summary_large_image","twitter_misc":{"Ansl. lesetid":"2 minutter"},"schema":{"@context":"https:\/\/schema.org","@graph":[{"@type":"WebPage","@id":"https:\/\/powertowers.com\/confined-space\/","url":"https:\/\/powertowers.com\/confined-space\/","name":"Begrenset plass - Power Towers","isPartOf":{"@id":"https:\/\/powertowers.com\/nl\/#website"},"primaryImageOfPage":{"@id":"https:\/\/powertowers.com\/confined-space\/#primaryimage"},"image":{"@id":"https:\/\/powertowers.com\/confined-space\/#primaryimage"},"thumbnailUrl":"https:\/\/37.148.206.186\/wp-content\/uploads\/2025\/08\/JLG-Nano-30CS_500x500px.jpg","datePublished":"2025-08-27T08:35:55+00:00","dateModified":"2025-09-10T16:35:57+00:00","breadcrumb":{"@id":"https:\/\/powertowers.com\/confined-space\/#breadcrumb"},"inLanguage":"nb-NO","potentialAction":[{"@type":"ReadAction","target":["https:\/\/powertowers.com\/confined-space\/"]}]},{"@type":"ImageObject","inLanguage":"nb-NO","@id":"https:\/\/powertowers.com\/confined-space\/#primaryimage","url":"https:\/\/37.148.206.186\/wp-content\/uploads\/2025\/08\/JLG-Nano-30CS_500x500px.jpg","contentUrl":"https:\/\/37.148.206.186\/wp-content\/uploads\/2025\/08\/JLG-Nano-30CS_500x500px.jpg"},{"@type":"BreadcrumbList","@id":"https:\/\/powertowers.com\/confined-space\/#breadcrumb","itemListElement":[{"@type":"ListItem","position":1,"name":"Home","item":"https:\/\/powertowers.com\/nl\/"},{"@type":"ListItem","position":2,"name":"Confined space"}]},{"@type":"WebSite","@id":"https:\/\/powertowers.com\/nl\/#website","url":"https:\/\/powertowers.com\/nl\/","name":"Power Towers","description":"Alternativet til stiger, podier og stillaser.","publisher":{"@id":"https:\/\/powertowers.com\/nl\/#organization"},"potentialAction":[{"@type":"SearchAction","target":{"@type":"EntryPoint","urlTemplate":"https:\/\/powertowers.com\/nl\/?s={search_term_string}"},"query-input":{"@type":"PropertyValueSpecification","valueRequired":true,"valueName":"search_term_string"}}],"inLanguage":"nb-NO"},{"@type":"Organization","@id":"https:\/\/powertowers.com\/nl\/#organization","name":"Power Towers Ltd.","url":"https:\/\/powertowers.com\/nl\/","logo":{"@type":"ImageObject","inLanguage":"nb-NO","@id":"https:\/\/powertowers.com\/nl\/#\/schema\/logo\/image\/","url":"https:\/\/37.148.206.186\/wp-content\/uploads\/2021\/12\/power-towers-new-logo-outline-1024px.png","contentUrl":"https:\/\/37.148.206.186\/wp-content\/uploads\/2021\/12\/power-towers-new-logo-outline-1024px.png","width":1024,"height":209,"caption":"Power Towers Ltd."},"image":{"@id":"https:\/\/powertowers.com\/nl\/#\/schema\/logo\/image\/"}}]}},"_links":{"self":[{"href":"https:\/\/powertowers.com\/nb\/wp-json\/wp\/v2\/pages\/5364","targetHints":{"allow":["GET"]}}],"collection":[{"href":"https:\/\/powertowers.com\/nb\/wp-json\/wp\/v2\/pages"}],"about":[{"href":"https:\/\/powertowers.com\/nb\/wp-json\/wp\/v2\/types\/page"}],"author":[{"embeddable":true,"href":"https:\/\/powertowers.com\/nb\/wp-json\/wp\/v2\/users\/1"}],"replies":[{"embeddable":true,"href":"https:\/\/powertowers.com\/nb\/wp-json\/wp\/v2\/comments?post=5364"}],"version-history":[{"count":49,"href":"https:\/\/powertowers.com\/nb\/wp-json\/wp\/v2\/pages\/5364\/revisions"}],"predecessor-version":[{"id":5695,"href":"https:\/\/powertowers.com\/nb\/wp-json\/wp\/v2\/pages\/5364\/revisions\/5695"}],"wp:attachment":[{"href":"https:\/\/powertowers.com\/nb\/wp-json\/wp\/v2\/media?parent=5364"}],"curies":[{"name":"wp","href":"https:\/\/api.w.org\/{rel}","templated":true}]}}