{"id":1094,"date":"2022-01-26T12:03:43","date_gmt":"2022-01-26T12:03:43","guid":{"rendered":"https:\/\/37.148.206.186\/?page_id=1094"},"modified":"2025-09-10T14:54:24","modified_gmt":"2025-09-10T12:54:24","slug":"reservedeler","status":"publish","type":"page","link":"https:\/\/powertowers.com\/nb\/spare-parts\/","title":{"rendered":"Reservedeler"},"content":{"rendered":"<div data-elementor-type=\"wp-page\" data-elementor-id=\"1094\" class=\"elementor elementor-1094\" data-elementor-post-type=\"page\">\n\t\t\t\t\t\t<section class=\"elementor-section elementor-top-section elementor-element elementor-element-a1ec721 elementor-section-boxed elementor-section-height-default elementor-section-height-default elementor-invisible\" data-id=\"a1ec721\" data-element_type=\"section\" data-e-type=\"section\" data-settings=\"{&quot;animation&quot;:&quot;slideInLeft&quot;}\">\n\t\t\t\t\t\t<div class=\"elementor-container elementor-column-gap-default\">\n\t\t\t\t\t<div class=\"elementor-column elementor-col-100 elementor-top-column elementor-element elementor-element-d805968\" data-id=\"d805968\" data-element_type=\"column\" data-e-type=\"column\">\n\t\t\t<div class=\"elementor-widget-wrap elementor-element-populated\">\n\t\t\t\t\t\t<div class=\"elementor-element elementor-element-aed6d5a elementor-widget elementor-widget-heading\" data-id=\"aed6d5a\" data-element_type=\"widget\" data-e-type=\"widget\" data-widget_type=\"heading.default\">\n\t\t\t\t<div class=\"elementor-widget-container\">\n\t\t\t\t\t<h1 class=\"elementor-heading-title elementor-size-default\">Reservedeler<\/h1>\t\t\t\t<\/div>\n\t\t\t\t<\/div>\n\t\t\t\t\t<\/div>\n\t\t<\/div>\n\t\t\t\t\t<\/div>\n\t\t<\/section>\n\t\t\t\t<section class=\"elementor-section elementor-top-section elementor-element elementor-element-27950ae elementor-section-boxed elementor-section-height-default elementor-section-height-default elementor-invisible\" data-id=\"27950ae\" data-element_type=\"section\" data-e-type=\"section\" data-settings=\"{&quot;animation&quot;:&quot;slideInRight&quot;}\">\n\t\t\t\t\t\t<div class=\"elementor-container elementor-column-gap-default\">\n\t\t\t\t\t<div class=\"elementor-column elementor-col-100 elementor-top-column elementor-element elementor-element-47642af\" data-id=\"47642af\" data-element_type=\"column\" data-e-type=\"column\">\n\t\t\t<div class=\"elementor-widget-wrap elementor-element-populated\">\n\t\t\t\t\t\t<div class=\"elementor-element elementor-element-71e559f elementor-widget-divider--view-line elementor-widget elementor-widget-divider\" data-id=\"71e559f\" data-element_type=\"widget\" data-e-type=\"widget\" data-widget_type=\"divider.default\">\n\t\t\t\t<div class=\"elementor-widget-container\">\n\t\t\t\t\t\t\t<div class=\"elementor-divider\">\n\t\t\t<span class=\"elementor-divider-separator\">\n\t\t\t\t\t\t<\/span>\n\t\t<\/div>\n\t\t\t\t\t\t<\/div>\n\t\t\t\t<\/div>\n\t\t\t\t<section class=\"elementor-section elementor-inner-section elementor-element elementor-element-8ed7f4e elementor-section-boxed elementor-section-height-default elementor-section-height-default\" data-id=\"8ed7f4e\" data-element_type=\"section\" data-e-type=\"section\">\n\t\t\t\t\t\t<div class=\"elementor-container elementor-column-gap-default\">\n\t\t\t\t\t<div class=\"elementor-column elementor-col-50 elementor-inner-column elementor-element elementor-element-be4aa9a\" data-id=\"be4aa9a\" data-element_type=\"column\" data-e-type=\"column\">\n\t\t\t<div class=\"elementor-widget-wrap elementor-element-populated\">\n\t\t\t\t\t\t<div class=\"elementor-element elementor-element-438442a elementor-widget elementor-widget-heading\" data-id=\"438442a\" data-element_type=\"widget\" data-e-type=\"widget\" data-widget_type=\"heading.default\">\n\t\t\t\t<div class=\"elementor-widget-container\">\n\t\t\t\t\t<h3 class=\"elementor-heading-title elementor-size-default\"><i>Hvis du allerede har en Online Express-konto, kan du klikke p\u00e5 f\u00f8lgende lenke for \u00e5 f\u00e5 tilgang til den:<\/i><\/h3>\t\t\t\t<\/div>\n\t\t\t\t<\/div>\n\t\t\t\t\t<\/div>\n\t\t<\/div>\n\t\t\t\t<div class=\"elementor-column elementor-col-50 elementor-inner-column elementor-element elementor-element-04b1ee6\" data-id=\"04b1ee6\" data-element_type=\"column\" data-e-type=\"column\">\n\t\t\t<div class=\"elementor-widget-wrap elementor-element-populated\">\n\t\t\t\t\t\t<div class=\"elementor-element elementor-element-5589d0f elementor-mobile-align-center elementor-align-right elementor-widget elementor-widget-button\" data-id=\"5589d0f\" data-element_type=\"widget\" data-e-type=\"widget\" data-widget_type=\"button.default\">\n\t\t\t\t<div class=\"elementor-widget-container\">\n\t\t\t\t\t\t\t\t\t<div class=\"elementor-button-wrapper\">\n\t\t\t\t\t<a class=\"elementor-button elementor-button-link elementor-size-sm\" href=\"https:\/\/onlineexpress.jlg.com\" target=\"_blank\">\n\t\t\t\t\t\t<span class=\"elementor-button-content-wrapper\">\n\t\t\t\t\t\t\t\t\t<span class=\"elementor-button-text\">Online Express-konto<\/span>\n\t\t\t\t\t<\/span>\n\t\t\t\t\t<\/a>\n\t\t\t\t<\/div>\n\t\t\t\t\t\t\t\t<\/div>\n\t\t\t\t<\/div>\n\t\t\t\t\t<\/div>\n\t\t<\/div>\n\t\t\t\t\t<\/div>\n\t\t<\/section>\n\t\t\t\t<div class=\"elementor-element elementor-element-d84ed02 elementor-widget-divider--view-line elementor-widget elementor-widget-divider\" data-id=\"d84ed02\" data-element_type=\"widget\" data-e-type=\"widget\" data-widget_type=\"divider.default\">\n\t\t\t\t<div class=\"elementor-widget-container\">\n\t\t\t\t\t\t\t<div class=\"elementor-divider\">\n\t\t\t<span class=\"elementor-divider-separator\">\n\t\t\t\t\t\t<\/span>\n\t\t<\/div>\n\t\t\t\t\t\t<\/div>\n\t\t\t\t<\/div>\n\t\t\t\t<div class=\"elementor-element elementor-element-c71aec8 elementor-widget elementor-widget-heading\" data-id=\"c71aec8\" data-element_type=\"widget\" data-e-type=\"widget\" data-widget_type=\"heading.default\">\n\t\t\t\t<div class=\"elementor-widget-container\">\n\t\t\t\t\t<h3 class=\"elementor-heading-title elementor-size-default\">Hvis du ikke har en Online Express-konto, kan du likevel kontakte oss. Ta kontakt med v\u00e5re salgs- og\/eller servicekontorer avhengig av hvor du befinner deg:<\/h3>\t\t\t\t<\/div>\n\t\t\t\t<\/div>\n\t\t\t\t<section class=\"elementor-section elementor-inner-section elementor-element elementor-element-599a723 elementor-section-boxed elementor-section-height-default elementor-section-height-default\" data-id=\"599a723\" data-element_type=\"section\" data-e-type=\"section\">\n\t\t\t\t\t\t<div class=\"elementor-container elementor-column-gap-default\">\n\t\t\t\t\t<div class=\"elementor-column elementor-col-50 elementor-inner-column elementor-element elementor-element-323a2dc\" data-id=\"323a2dc\" data-element_type=\"column\" data-e-type=\"column\">\n\t\t\t<div class=\"elementor-widget-wrap elementor-element-populated\">\n\t\t\t\t\t\t<div class=\"elementor-element elementor-element-96ec07b elementor-widget elementor-widget-text-editor\" data-id=\"96ec07b\" data-element_type=\"widget\" data-e-type=\"widget\" data-widget_type=\"text-editor.default\">\n\t\t\t\t<div class=\"elementor-widget-container\">\n\t\t\t\t\t\t\t\t\t<p><strong>JLG SVERIGE NORDICS &amp; BALTIC REGION<\/strong><br \/>Telefon: +46 (0) 85 06 595 16<br \/>Salg via e-post: <a href=\"mailto:nordicparts@jlg.com\">nordicparts@jlg.com<\/a><br \/>E-posttjeneste: <a href=\"mailto:nordicsupport@jlg.com\">nordicsupport@jlg.com<\/a><\/p><p><b>JLG GROUND SUPPORT EUROPE BENELUX &amp; CENTRAL-EAST EUROPE DIVISION<br \/><\/b>Tlf: +32 (0)89 84 82 98<br \/>Salg via e-post: <a href=\"mailto:jlgspareparts@jlg.com\">jlgspareparts@jlg.com<\/a><br \/>E-posttjeneste: <a href=\"mailto:benelux-service@jlg.com\">benelux-service@jlg.com<\/a><\/p><p><b>JLG IB\u00c9RICA IBERIAN REGION<br \/><\/b>Telefon: +34 93 772 47 00 +34 93 772 47 00<br \/>Salg via e-post: <a href=\"mailto:parts_iberica@jlg.com\">parts_iberica@jlg.com<\/a><br \/>E-posttjeneste: <a href=\"mailto:sat_iberica@jlg.com\">sat_iberica@jlg.com<\/a><\/p><p><b>JLG INDUSTRIES (ITALIA) S.R.L ITALIA &amp; RUMENIA<br \/><\/b>Tlf: +39 (0) 2 93299147<br \/>Salg via e-post: <a href=\"mailto:ricambi@jlg.com\">ricambi@jlg.com<\/a><br \/>E-posttjeneste: <a href=\"mailto:assistenza@jlg.com\">assistenza@jlg.com<\/a><\/p><p><b>JLG FRANCE<br \/><\/b>Tlf: +33 (0) 5 53 84 85 86<br \/>Salg via e-post: <a href=\"mailto:pieces@jlg.com\">pieces@jlg.com<\/a><br \/>E-posttjeneste: <a href=\"mailto:servicefrance@jlg.com\">servicefrance@jlg.com<\/a><\/p>\t\t\t\t\t\t\t\t<\/div>\n\t\t\t\t<\/div>\n\t\t\t\t\t<\/div>\n\t\t<\/div>\n\t\t\t\t<div class=\"elementor-column elementor-col-50 elementor-inner-column elementor-element elementor-element-9a2cb1e\" data-id=\"9a2cb1e\" data-element_type=\"column\" data-e-type=\"column\">\n\t\t\t<div class=\"elementor-widget-wrap elementor-element-populated\">\n\t\t\t\t\t\t<div class=\"elementor-element elementor-element-f99ae3f elementor-widget elementor-widget-text-editor\" data-id=\"f99ae3f\" data-element_type=\"widget\" data-e-type=\"widget\" data-widget_type=\"text-editor.default\">\n\t\t\t\t<div class=\"elementor-widget-container\">\n\t\t\t\t\t\t\t\t\t<p><b>JLG INDUSTRIES (UK) LTD. STORBRITANNIA &amp; IRLAND<br \/><\/b>Tlf: +44 (0) 161 654 1032<br \/>Salg via e-post: <a href=\"mailto:ukparts@jlg.com\">ukparts@jlg.com<\/a><br \/>E-posttjeneste: <a href=\"mailto:ukservice@jlg.com\">ukservice@jlg.com<\/a><\/p><p><b>JLG MEA REGION MIDT\u00d8STEN OG AFRIKA<br \/><\/b>Telefon: +32(0)89 84 82 40 +32(0)89 84 82 40<br \/>Salg via e-post: <a href=\"mailto:jlgspareparts@jlg.com\">jlgspareparts@jlg.com<\/a><br \/>E-posttjeneste: <a href=\"mailto:measervice@jlg.com\">measervice@jlg.com<\/a><\/p><p><b>JLG SAARC-REGIONEN<br \/><\/b>Telefon: +32(0)89 84 82 40 +32(0)89 84 82 40<br \/>Salg via e-post: <a href=\"mailto:partssaarc@jlg.com\">partssaarc@jlg.com<\/a><br \/>E-posttjeneste: <a href=\"mailto:measervice@jlg.com\">measervice@jlg.com<\/a><\/p><p><b>JLG DEUTSCHLAND GMBH TYSKLAND, SVEITS OG \u00d8STERRIKE<br \/><\/b>Telefon: +49 (0) 421 69 35 00<br \/>Salg via e-post: <a href=\"mailto:german-parts@jlg.com\">german-parts@jlg.com<\/a><br \/>E-posttjeneste: <a href=\"mailto:german-service@jlg.com\">german-service@jlg.com<\/a><\/p>\t\t\t\t\t\t\t\t<\/div>\n\t\t\t\t<\/div>\n\t\t\t\t\t<\/div>\n\t\t<\/div>\n\t\t\t\t\t<\/div>\n\t\t<\/section>\n\t\t\t\t\t<\/div>\n\t\t<\/div>\n\t\t\t\t\t<\/div>\n\t\t<\/section>\n\t\t\t\t<\/div>","protected":false},"excerpt":{"rendered":"<p>Reservedeler Hvis du allerede har en Online Express-konto, kan du klikke p\u00e5 f\u00f8lgende lenke for \u00e5 f\u00e5 tilgang til den: Online Express-konto Hvis du ikke har en Online Express-konto, kan du fortsatt kontakte oss. Ta kontakt med v\u00e5re salgs- og\/eller servicekontorer avhengig av hvor du befinner deg: JLG SVERIGE NORDICS &amp; BALTIC REGIONTelefon: +46 (0) 85 ... <\/p>\n<p class=\"link-more\"><a href=\"https:\/\/powertowers.com\/nb\/spare-parts\/\" class=\"more-link\">Fortsett \u00e5 lese<span class=\"screen-reader-text\"> \"Reservedeler\"<\/span><\/a><\/p>","protected":false},"author":1,"featured_media":0,"parent":0,"menu_order":0,"comment_status":"closed","ping_status":"closed","template":"elementor_header_footer","meta":{"content-type":"","footnotes":""},"class_list":["post-1094","page","type-page","status-publish","hentry","entry"],"yoast_head":"<!-- This site is optimized with the Yoast SEO plugin v27.4 - https:\/\/yoast.com\/product\/yoast-seo-wordpress\/ -->\n<title>Spare Parts | Power Towers<\/title>\n<meta name=\"description\" content=\"Do you already have a Power Towers&#039; product and you are looking for spare parts? Click on the link and contact!\" \/>\n<meta name=\"robots\" content=\"index, follow, max-snippet:-1, max-image-preview:large, max-video-preview:-1\" \/>\n<link rel=\"canonical\" href=\"https:\/\/37.148.206.186\/spare-parts\/\" \/>\n<meta property=\"og:locale\" content=\"nb_NO\" \/>\n<meta property=\"og:type\" content=\"article\" \/>\n<meta property=\"og:title\" content=\"Spare Parts | Power Towers\" \/>\n<meta property=\"og:description\" content=\"Do you already have a Power Towers&#039; product and you are looking for spare parts? Click on the link and contact!\" \/>\n<meta property=\"og:url\" content=\"https:\/\/37.148.206.186\/spare-parts\/\" \/>\n<meta property=\"og:site_name\" content=\"Power Towers\" \/>\n<meta property=\"article:modified_time\" content=\"2025-09-10T12:54:24+00:00\" \/>\n<meta property=\"og:image\" content=\"https:\/\/powertowers.com\/wp-content\/uploads\/2023\/04\/Electric-1.jpg\" \/>\n\t<meta property=\"og:image:width\" content=\"500\" \/>\n\t<meta property=\"og:image:height\" content=\"500\" \/>\n\t<meta property=\"og:image:type\" content=\"image\/jpeg\" \/>\n<meta name=\"twitter:card\" content=\"summary_large_image\" \/>\n<meta name=\"twitter:label1\" content=\"Ansl. lesetid\" \/>\n\t<meta name=\"twitter:data1\" content=\"1 minutt\" \/>\n<script type=\"application\/ld+json\" class=\"yoast-schema-graph\">{\"@context\":\"https:\\\/\\\/schema.org\",\"@graph\":[{\"@type\":\"WebPage\",\"@id\":\"https:\\\/\\\/powertowers.com\\\/spare-parts\\\/\",\"url\":\"https:\\\/\\\/37.148.206.186\\\/spare-parts\\\/\",\"name\":\"Spare Parts | Power Towers\",\"isPartOf\":{\"@id\":\"https:\\\/\\\/powertowers.com\\\/nl\\\/#website\"},\"datePublished\":\"2022-01-26T12:03:43+00:00\",\"dateModified\":\"2025-09-10T12:54:24+00:00\",\"description\":\"Do you already have a Power Towers' product and you are looking for spare parts? Click on the link and contact!\",\"breadcrumb\":{\"@id\":\"https:\\\/\\\/37.148.206.186\\\/spare-parts\\\/#breadcrumb\"},\"inLanguage\":\"nb-NO\",\"potentialAction\":[{\"@type\":\"ReadAction\",\"target\":[\"https:\\\/\\\/37.148.206.186\\\/spare-parts\\\/\"]}]},{\"@type\":\"BreadcrumbList\",\"@id\":\"https:\\\/\\\/37.148.206.186\\\/spare-parts\\\/#breadcrumb\",\"itemListElement\":[{\"@type\":\"ListItem\",\"position\":1,\"name\":\"Home\",\"item\":\"https:\\\/\\\/powertowers.com\\\/nl\\\/\"},{\"@type\":\"ListItem\",\"position\":2,\"name\":\"Spare Parts\"}]},{\"@type\":\"WebSite\",\"@id\":\"https:\\\/\\\/powertowers.com\\\/nl\\\/#website\",\"url\":\"https:\\\/\\\/powertowers.com\\\/nl\\\/\",\"name\":\"Power Towers\",\"description\":\"The alternative to ladders, podiums and scaffolding.\",\"publisher\":{\"@id\":\"https:\\\/\\\/powertowers.com\\\/nl\\\/#organization\"},\"potentialAction\":[{\"@type\":\"SearchAction\",\"target\":{\"@type\":\"EntryPoint\",\"urlTemplate\":\"https:\\\/\\\/powertowers.com\\\/nl\\\/?s={search_term_string}\"},\"query-input\":{\"@type\":\"PropertyValueSpecification\",\"valueRequired\":true,\"valueName\":\"search_term_string\"}}],\"inLanguage\":\"nb-NO\"},{\"@type\":\"Organization\",\"@id\":\"https:\\\/\\\/powertowers.com\\\/nl\\\/#organization\",\"name\":\"Power Towers Ltd.\",\"url\":\"https:\\\/\\\/powertowers.com\\\/nl\\\/\",\"logo\":{\"@type\":\"ImageObject\",\"inLanguage\":\"nb-NO\",\"@id\":\"https:\\\/\\\/powertowers.com\\\/nl\\\/#\\\/schema\\\/logo\\\/image\\\/\",\"url\":\"https:\\\/\\\/37.148.206.186\\\/wp-content\\\/uploads\\\/2021\\\/12\\\/power-towers-new-logo-outline-1024px.png\",\"contentUrl\":\"https:\\\/\\\/37.148.206.186\\\/wp-content\\\/uploads\\\/2021\\\/12\\\/power-towers-new-logo-outline-1024px.png\",\"width\":1024,\"height\":209,\"caption\":\"Power Towers Ltd.\"},\"image\":{\"@id\":\"https:\\\/\\\/powertowers.com\\\/nl\\\/#\\\/schema\\\/logo\\\/image\\\/\"}}]}<\/script>\n<!-- \/ Yoast SEO plugin. -->","yoast_head_json":{"title":"Reservedeler | Power Towers","description":"Har du allerede et Power Towers-produkt og er p\u00e5 utkikk etter reservedeler? Klikk p\u00e5 lenken og ta kontakt!","robots":{"index":"index","follow":"follow","max-snippet":"max-snippet:-1","max-image-preview":"max-image-preview:large","max-video-preview":"max-video-preview:-1"},"canonical":"https:\/\/37.148.206.186\/spare-parts\/","og_locale":"nb_NO","og_type":"article","og_title":"Spare Parts | Power Towers","og_description":"Do you already have a Power Towers' product and you are looking for spare parts? Click on the link and contact!","og_url":"https:\/\/37.148.206.186\/spare-parts\/","og_site_name":"Power Towers","article_modified_time":"2025-09-10T12:54:24+00:00","og_image":[{"width":500,"height":500,"url":"https:\/\/powertowers.com\/wp-content\/uploads\/2023\/04\/Electric-1.jpg","type":"image\/jpeg"}],"twitter_card":"summary_large_image","twitter_misc":{"Ansl. lesetid":"1 minutt"},"schema":{"@context":"https:\/\/schema.org","@graph":[{"@type":"WebPage","@id":"https:\/\/powertowers.com\/spare-parts\/","url":"https:\/\/37.148.206.186\/spare-parts\/","name":"Reservedeler | Power Towers","isPartOf":{"@id":"https:\/\/powertowers.com\/nl\/#website"},"datePublished":"2022-01-26T12:03:43+00:00","dateModified":"2025-09-10T12:54:24+00:00","description":"Har du allerede et Power Towers-produkt og er p\u00e5 utkikk etter reservedeler? Klikk p\u00e5 lenken og ta kontakt!","breadcrumb":{"@id":"https:\/\/37.148.206.186\/spare-parts\/#breadcrumb"},"inLanguage":"nb-NO","potentialAction":[{"@type":"ReadAction","target":["https:\/\/37.148.206.186\/spare-parts\/"]}]},{"@type":"BreadcrumbList","@id":"https:\/\/37.148.206.186\/spare-parts\/#breadcrumb","itemListElement":[{"@type":"ListItem","position":1,"name":"Home","item":"https:\/\/powertowers.com\/nl\/"},{"@type":"ListItem","position":2,"name":"Spare Parts"}]},{"@type":"WebSite","@id":"https:\/\/powertowers.com\/nl\/#website","url":"https:\/\/powertowers.com\/nl\/","name":"Power Towers","description":"Alternativet til stiger, podier og stillaser.","publisher":{"@id":"https:\/\/powertowers.com\/nl\/#organization"},"potentialAction":[{"@type":"SearchAction","target":{"@type":"EntryPoint","urlTemplate":"https:\/\/powertowers.com\/nl\/?s={search_term_string}"},"query-input":{"@type":"PropertyValueSpecification","valueRequired":true,"valueName":"search_term_string"}}],"inLanguage":"nb-NO"},{"@type":"Organization","@id":"https:\/\/powertowers.com\/nl\/#organization","name":"Power Towers Ltd.","url":"https:\/\/powertowers.com\/nl\/","logo":{"@type":"ImageObject","inLanguage":"nb-NO","@id":"https:\/\/powertowers.com\/nl\/#\/schema\/logo\/image\/","url":"https:\/\/37.148.206.186\/wp-content\/uploads\/2021\/12\/power-towers-new-logo-outline-1024px.png","contentUrl":"https:\/\/37.148.206.186\/wp-content\/uploads\/2021\/12\/power-towers-new-logo-outline-1024px.png","width":1024,"height":209,"caption":"Power Towers Ltd."},"image":{"@id":"https:\/\/powertowers.com\/nl\/#\/schema\/logo\/image\/"}}]}},"_links":{"self":[{"href":"https:\/\/powertowers.com\/nb\/wp-json\/wp\/v2\/pages\/1094","targetHints":{"allow":["GET"]}}],"collection":[{"href":"https:\/\/powertowers.com\/nb\/wp-json\/wp\/v2\/pages"}],"about":[{"href":"https:\/\/powertowers.com\/nb\/wp-json\/wp\/v2\/types\/page"}],"author":[{"embeddable":true,"href":"https:\/\/powertowers.com\/nb\/wp-json\/wp\/v2\/users\/1"}],"replies":[{"embeddable":true,"href":"https:\/\/powertowers.com\/nb\/wp-json\/wp\/v2\/comments?post=1094"}],"version-history":[{"count":19,"href":"https:\/\/powertowers.com\/nb\/wp-json\/wp\/v2\/pages\/1094\/revisions"}],"predecessor-version":[{"id":5666,"href":"https:\/\/powertowers.com\/nb\/wp-json\/wp\/v2\/pages\/1094\/revisions\/5666"}],"wp:attachment":[{"href":"https:\/\/powertowers.com\/nb\/wp-json\/wp\/v2\/media?parent=1094"}],"curies":[{"name":"wp","href":"https:\/\/api.w.org\/{rel}","templated":true}]}}