{"id":4860,"date":"2024-05-11T13:38:52","date_gmt":"2024-05-11T11:38:52","guid":{"rendered":"https:\/\/37.148.206.186\/?page_id=4860"},"modified":"2024-09-18T11:28:26","modified_gmt":"2024-09-18T09:28:26","slug":"informacija-apie-kelia-i-kompetencija","status":"publish","type":"page","link":"https:\/\/powertowers.com\/lt\/path-to-competency-info\/","title":{"rendered":"Informacija apie keli\u0105 \u012f kompetencij\u0105"},"content":{"rendered":"<div data-elementor-type=\"wp-page\" data-elementor-id=\"4860\" class=\"elementor elementor-4860\" data-elementor-post-type=\"page\">\n\t\t\t\t\t\t<section class=\"elementor-section elementor-top-section elementor-element elementor-element-2f13285 elementor-section-boxed elementor-section-height-default elementor-section-height-default elementor-invisible\" data-id=\"2f13285\" data-element_type=\"section\" data-e-type=\"section\" data-settings=\"{&quot;animation&quot;:&quot;slideInUp&quot;}\">\n\t\t\t\t\t\t<div class=\"elementor-container elementor-column-gap-default\">\n\t\t\t\t\t<div class=\"elementor-column elementor-col-33 elementor-top-column elementor-element elementor-element-e6d0391\" data-id=\"e6d0391\" data-element_type=\"column\" data-e-type=\"column\">\n\t\t\t<div class=\"elementor-widget-wrap elementor-element-populated\">\n\t\t\t\t\t\t<div class=\"elementor-element elementor-element-8a747a8 elementor-invisible elementor-widget elementor-widget-image\" data-id=\"8a747a8\" data-element_type=\"widget\" data-e-type=\"widget\" data-settings=\"{&quot;_animation&quot;:&quot;slideInUp&quot;}\" data-widget_type=\"image.default\">\n\t\t\t\t<div class=\"elementor-widget-container\">\n\t\t\t\t\t\t\t\t\t\t\t\t\t\t\t<img fetchpriority=\"high\" decoding=\"async\" width=\"677\" height=\"844\" src=\"https:\/\/powertowers.com\/wp-content\/uploads\/2022\/02\/Man-Contact-blend.jpg\" class=\"attachment-full size-full wp-image-1146\" alt=\"Vyras su statybininko apsauginiu \u0161almu\" srcset=\"https:\/\/powertowers.com\/wp-content\/uploads\/2022\/02\/Man-Contact-blend.jpg 677w, https:\/\/powertowers.com\/wp-content\/uploads\/2022\/02\/Man-Contact-blend-241x300.jpg 241w, https:\/\/powertowers.com\/wp-content\/uploads\/2022\/02\/Man-Contact-blend-10x12.jpg 10w\" sizes=\"(max-width: 34.9rem) calc(100vw - 2rem), (max-width: 53rem) calc(8 * (100vw \/ 12)), (min-width: 53rem) calc(6 * (100vw \/ 12)), 100vw\" \/>\t\t\t\t\t\t\t\t\t\t\t\t\t\t\t<\/div>\n\t\t\t\t<\/div>\n\t\t\t\t\t<\/div>\n\t\t<\/div>\n\t\t\t\t<div class=\"elementor-column elementor-col-33 elementor-top-column elementor-element elementor-element-7a62be2\" data-id=\"7a62be2\" data-element_type=\"column\" data-e-type=\"column\">\n\t\t\t<div class=\"elementor-widget-wrap elementor-element-populated\">\n\t\t\t\t\t\t<div class=\"elementor-element elementor-element-c364806 elementor-invisible elementor-widget elementor-widget-heading\" data-id=\"c364806\" data-element_type=\"widget\" data-e-type=\"widget\" data-settings=\"{&quot;_animation&quot;:&quot;slideInDown&quot;}\" data-widget_type=\"heading.default\">\n\t\t\t\t<div class=\"elementor-widget-container\">\n\t\t\t\t\t<h1 class=\"elementor-heading-title elementor-size-default\">Informacija<\/h1>\t\t\t\t<\/div>\n\t\t\t\t<\/div>\n\t\t\t\t<div class=\"elementor-element elementor-element-59b8bbc elementor-widget elementor-widget-text-editor\" data-id=\"59b8bbc\" data-element_type=\"widget\" data-e-type=\"widget\" data-widget_type=\"text-editor.default\">\n\t\t\t\t<div class=\"elementor-widget-container\">\n\t\t\t\t\t\t\t\t\t<div class=\"elementor-element elementor-element-ba0883e elementor-widget elementor-widget-text-editor\" data-id=\"ba0883e\" data-element_type=\"widget\" data-widget_type=\"text-editor.default\"><div class=\"elementor-widget-container\"><div class=\"elementor-text-editor elementor-clearfix\"><p><span style=\"color: var( --e-global-color-text ); font-family: var( --e-global-typography-text-font-family ), Sans-serif; font-size: var( --e-global-typography-text-font-size ); font-weight: var( --e-global-typography-text-font-weight );\">Jei norite gauti daugiau informacijos, susisiekite su mumis! U\u017epildykite kontaktin\u0119 form\u0105 ir mes su jumis susisieksime kuo grei\u010diau.<\/span><\/p><p>\"Power Towers Limited<br \/>3 padalinys, Lesterio paskirstymo parkas<br \/>45 Sunningdale Road<br \/>Lesteris LE3 1UX<br \/>Jungtin\u0117 Karalyst\u0117<\/p><\/div><\/div><\/div><div class=\"elementor-element elementor-element-7219615 elementor-widget elementor-widget-text-editor\" data-id=\"7219615\" data-element_type=\"widget\" data-widget_type=\"text-editor.default\"><div class=\"elementor-widget-container\"><div class=\"elementor-text-editor elementor-clearfix\"><p>Tel.: +44 (0) 161 654 1000<br \/><i>Darbo valandos: 09:00-16:00 GMT<\/i><\/p><p>El. pa\u0161tas:\u00a0<strong><em><a href=\"mailto:sales@powertowers.com\">sales@powertowers.com<\/a><\/em><\/strong><\/p><\/div><\/div><\/div>\t\t\t\t\t\t\t\t<\/div>\n\t\t\t\t<\/div>\n\t\t\t\t\t<\/div>\n\t\t<\/div>\n\t\t\t\t<div class=\"elementor-column elementor-col-33 elementor-top-column elementor-element elementor-element-40a233b\" data-id=\"40a233b\" data-element_type=\"column\" data-e-type=\"column\">\n\t\t\t<div class=\"elementor-widget-wrap elementor-element-populated\">\n\t\t\t\t\t\t<div class=\"elementor-element elementor-element-623ea4f elementor-widget elementor-widget-text-editor\" data-id=\"623ea4f\" data-element_type=\"widget\" data-e-type=\"widget\" data-widget_type=\"text-editor.default\">\n\t\t\t\t<div class=\"elementor-widget-container\">\n\t\t\t\t\t\t\t\t\t<script charset=\"utf-8\" type=\"text\/javascript\" src=\"\/\/js.hsforms.net\/forms\/embed\/v2.js\"><\/script>\n<script>\n  hbspt.forms.create({\n    region: \"na1\",\n    portalId: \"8420674\",\n    formId: \"de5b69a6-a854-4432-9aa5-b8e3c1e24807\"\n  });\n<\/script>\t\t\t\t\t\t\t\t<\/div>\n\t\t\t\t<\/div>\n\t\t\t\t<div class=\"elementor-element elementor-element-5200f2e elementor-widget elementor-widget-text-editor\" data-id=\"5200f2e\" data-element_type=\"widget\" data-e-type=\"widget\" data-no-translation=\"\" data-widget_type=\"text-editor.default\">\n\t\t\t\t<div class=\"elementor-widget-container\">\n\t\t\t\t\t<style>.elementor-element-5200f2e{display:none !important}<\/style>\t\t\t\t<\/div>\n\t\t\t\t<\/div>\n\t\t\t\t<div class=\"elementor-element elementor-element-ff44c39 elementor-widget elementor-widget-text-editor\" data-id=\"ff44c39\" data-element_type=\"widget\" data-e-type=\"widget\" data-no-translation=\"\" data-widget_type=\"text-editor.default\">\n\t\t\t\t<div class=\"elementor-widget-container\">\n\t\t\t\t\t<style>.elementor-element-ff44c39{display:none !important}<\/style>\t\t\t\t<\/div>\n\t\t\t\t<\/div>\n\t\t\t\t<div class=\"elementor-element elementor-element-9bebfe6 elementor-widget elementor-widget-text-editor\" data-id=\"9bebfe6\" data-element_type=\"widget\" data-e-type=\"widget\" data-no-translation=\"\" data-widget_type=\"text-editor.default\">\n\t\t\t\t<div class=\"elementor-widget-container\">\n\t\t\t\t\t<style>.elementor-element-9bebfe6{display:none !important}<\/style>\t\t\t\t<\/div>\n\t\t\t\t<\/div>\n\t\t\t\t<div class=\"elementor-element elementor-element-1f5ac4f elementor-widget elementor-widget-text-editor\" data-id=\"1f5ac4f\" data-element_type=\"widget\" data-e-type=\"widget\" data-no-translation=\"\" data-widget_type=\"text-editor.default\">\n\t\t\t\t<div class=\"elementor-widget-container\">\n\t\t\t\t\t<style>.elementor-element-1f5ac4f{display:none !important}<\/style>\t\t\t\t<\/div>\n\t\t\t\t<\/div>\n\t\t\t\t<div class=\"elementor-element elementor-element-6fc843d elementor-widget elementor-widget-text-editor\" data-id=\"6fc843d\" data-element_type=\"widget\" data-e-type=\"widget\" data-no-translation=\"\" data-widget_type=\"text-editor.default\">\n\t\t\t\t<div class=\"elementor-widget-container\">\n\t\t\t\t\t<style>.elementor-element-6fc843d{display:none !important}<\/style>\t\t\t\t<\/div>\n\t\t\t\t<\/div>\n\t\t\t\t<div class=\"elementor-element elementor-element-dfde947 elementor-widget elementor-widget-text-editor\" data-id=\"dfde947\" data-element_type=\"widget\" data-e-type=\"widget\" data-no-translation=\"\" data-widget_type=\"text-editor.default\">\n\t\t\t\t<div class=\"elementor-widget-container\">\n\t\t\t\t\t<style>.elementor-element-dfde947{display:none !important}<\/style>\t\t\t\t<\/div>\n\t\t\t\t<\/div>\n\t\t\t\t<div class=\"elementor-element elementor-element-d7a0a22 elementor-widget elementor-widget-text-editor\" data-id=\"d7a0a22\" data-element_type=\"widget\" data-e-type=\"widget\" data-no-translation=\"\" data-widget_type=\"text-editor.default\">\n\t\t\t\t<div class=\"elementor-widget-container\">\n\t\t\t\t\t<style>.elementor-element-d7a0a22{display:none !important}<\/style>\t\t\t\t<\/div>\n\t\t\t\t<\/div>\n\t\t\t\t<div class=\"elementor-element elementor-element-b1a6db8 elementor-widget elementor-widget-text-editor\" data-id=\"b1a6db8\" data-element_type=\"widget\" data-e-type=\"widget\" data-widget_type=\"text-editor.default\">\n\t\t\t\t<div class=\"elementor-widget-container\">\n\t\t\t\t\t\t\t\t\t\u0160ioje formoje renkamas j\u016bs\u0173 vardas, kontaktinis numeris ir el. pa\u0161to adresas, kad m\u016bs\u0173 komandos gal\u0117t\u0173 su jumis susisiekti ir atsakyti \u012f j\u016bs\u0173 u\u017eklaus\u0105. Perskaitykite m\u016bs\u0173 <a style=\"color: #eb6608;\" href=\"https:\/\/www.jlg.com\/en-gb\/privacy-policy\" target=\"_blank\" rel=\"noopener\">Privatumo politika<\/a> kaip saugome ir naudojame j\u016bs\u0173 pateiktus duomenis.\t\t\t\t\t\t\t\t<\/div>\n\t\t\t\t<\/div>\n\t\t\t\t\t<\/div>\n\t\t<\/div>\n\t\t\t\t\t<\/div>\n\t\t<\/section>\n\t\t\t\t<\/div>","protected":false},"excerpt":{"rendered":"<p>Informacija Norite gauti daugiau informacijos, susisiekite su mumis! U\u017epildykite kontaktin\u0119 form\u0105 ir mes su jumis susisieksime kuo grei\u010diau. \"Power Towers Limited \"3 padalinys, Leicester Distribution Park45 Sunningdale RoadLeicester LE3 1UXJungtin\u0117 Karalyst\u0117 Tel: +44 (0) 161 654 1000Darbo valandos: 00:00-16:00 GMT El. pa\u0161tas: sales@powertowers.com \u0160ioje formoje renkamas j\u016bs\u0173 vardas, pavard\u0117, kontaktinis numeris ir el. pa\u0161to adresas. <\/p>\n<p class=\"link-more\"><a href=\"https:\/\/powertowers.com\/lt\/path-to-competency-info\/\" class=\"more-link\">Toliau skaityti<span class=\"screen-reader-text\"> \"Kelias \u012f kompetencijos informacij\u0105\"<\/span><\/a><\/p>","protected":false},"author":2,"featured_media":0,"parent":0,"menu_order":0,"comment_status":"closed","ping_status":"closed","template":"elementor_header_footer","meta":{"content-type":"","footnotes":""},"class_list":["post-4860","page","type-page","status-publish","hentry","entry"],"yoast_head":"<!-- This site is optimized with the Yoast SEO plugin v27.4 - https:\/\/yoast.com\/product\/yoast-seo-wordpress\/ -->\n<title>Request information for Path to Competency | Power Towers<\/title>\n<meta name=\"description\" content=\"If you want more details about the Path to Competency that Power Towers offers, get in touch!\" \/>\n<meta name=\"robots\" content=\"index, follow, max-snippet:-1, max-image-preview:large, max-video-preview:-1\" \/>\n<link rel=\"canonical\" href=\"https:\/\/powertowers.com\/lt\/informacija-apie-kelia-i-kompetencija\/\" \/>\n<meta property=\"og:locale\" content=\"lt_LT\" \/>\n<meta property=\"og:type\" content=\"article\" \/>\n<meta property=\"og:title\" content=\"Request information for Path to Competency | Power Towers\" \/>\n<meta property=\"og:description\" content=\"If you want more details about the Path to Competency that Power Towers offers, get in touch!\" \/>\n<meta property=\"og:url\" content=\"https:\/\/powertowers.com\/lt\/informacija-apie-kelia-i-kompetencija\/\" \/>\n<meta property=\"og:site_name\" content=\"Power Towers\" \/>\n<meta property=\"article:modified_time\" content=\"2024-09-18T09:28:26+00:00\" \/>\n<meta property=\"og:image\" content=\"https:\/\/37.148.206.186\/wp-content\/uploads\/2022\/02\/Man-Contact-blend.jpg\" \/>\n<meta name=\"twitter:card\" content=\"summary_large_image\" \/>\n<meta name=\"twitter:label1\" content=\"Est. reading time\" \/>\n\t<meta name=\"twitter:data1\" content=\"1 minut\u0117\" \/>\n<script type=\"application\/ld+json\" class=\"yoast-schema-graph\">{\"@context\":\"https:\\\/\\\/schema.org\",\"@graph\":[{\"@type\":\"WebPage\",\"@id\":\"https:\\\/\\\/powertowers.com\\\/de\\\/informationen-uber-den-weg-zur-kompetenz\\\/\",\"url\":\"https:\\\/\\\/powertowers.com\\\/de\\\/informationen-uber-den-weg-zur-kompetenz\\\/\",\"name\":\"Request information for Path to Competency | Power Towers\",\"isPartOf\":{\"@id\":\"https:\\\/\\\/powertowers.com\\\/nl\\\/#website\"},\"primaryImageOfPage\":{\"@id\":\"https:\\\/\\\/powertowers.com\\\/de\\\/informationen-uber-den-weg-zur-kompetenz\\\/#primaryimage\"},\"image\":{\"@id\":\"https:\\\/\\\/powertowers.com\\\/de\\\/informationen-uber-den-weg-zur-kompetenz\\\/#primaryimage\"},\"thumbnailUrl\":\"https:\\\/\\\/37.148.206.186\\\/wp-content\\\/uploads\\\/2022\\\/02\\\/Man-Contact-blend.jpg\",\"datePublished\":\"2024-05-11T11:38:52+00:00\",\"dateModified\":\"2024-09-18T09:28:26+00:00\",\"description\":\"If you want more details about the Path to Competency that Power Towers offers, get in touch!\",\"breadcrumb\":{\"@id\":\"https:\\\/\\\/powertowers.com\\\/de\\\/informationen-uber-den-weg-zur-kompetenz\\\/#breadcrumb\"},\"inLanguage\":\"lt-LT\",\"potentialAction\":[{\"@type\":\"ReadAction\",\"target\":[\"https:\\\/\\\/powertowers.com\\\/de\\\/informationen-uber-den-weg-zur-kompetenz\\\/\"]}]},{\"@type\":\"ImageObject\",\"inLanguage\":\"lt-LT\",\"@id\":\"https:\\\/\\\/powertowers.com\\\/de\\\/informationen-uber-den-weg-zur-kompetenz\\\/#primaryimage\",\"url\":\"https:\\\/\\\/37.148.206.186\\\/wp-content\\\/uploads\\\/2022\\\/02\\\/Man-Contact-blend.jpg\",\"contentUrl\":\"https:\\\/\\\/37.148.206.186\\\/wp-content\\\/uploads\\\/2022\\\/02\\\/Man-Contact-blend.jpg\"},{\"@type\":\"BreadcrumbList\",\"@id\":\"https:\\\/\\\/powertowers.com\\\/de\\\/informationen-uber-den-weg-zur-kompetenz\\\/#breadcrumb\",\"itemListElement\":[{\"@type\":\"ListItem\",\"position\":1,\"name\":\"Home\",\"item\":\"https:\\\/\\\/powertowers.com\\\/nl\\\/\"},{\"@type\":\"ListItem\",\"position\":2,\"name\":\"Path to Competency Info\"}]},{\"@type\":\"WebSite\",\"@id\":\"https:\\\/\\\/powertowers.com\\\/nl\\\/#website\",\"url\":\"https:\\\/\\\/powertowers.com\\\/nl\\\/\",\"name\":\"Power Towers\",\"description\":\"The alternative to ladders, podiums and scaffolding.\",\"publisher\":{\"@id\":\"https:\\\/\\\/powertowers.com\\\/nl\\\/#organization\"},\"potentialAction\":[{\"@type\":\"SearchAction\",\"target\":{\"@type\":\"EntryPoint\",\"urlTemplate\":\"https:\\\/\\\/powertowers.com\\\/nl\\\/?s={search_term_string}\"},\"query-input\":{\"@type\":\"PropertyValueSpecification\",\"valueRequired\":true,\"valueName\":\"search_term_string\"}}],\"inLanguage\":\"lt-LT\"},{\"@type\":\"Organization\",\"@id\":\"https:\\\/\\\/powertowers.com\\\/nl\\\/#organization\",\"name\":\"Power Towers Ltd.\",\"url\":\"https:\\\/\\\/powertowers.com\\\/nl\\\/\",\"logo\":{\"@type\":\"ImageObject\",\"inLanguage\":\"lt-LT\",\"@id\":\"https:\\\/\\\/powertowers.com\\\/nl\\\/#\\\/schema\\\/logo\\\/image\\\/\",\"url\":\"https:\\\/\\\/37.148.206.186\\\/wp-content\\\/uploads\\\/2021\\\/12\\\/power-towers-new-logo-outline-1024px.png\",\"contentUrl\":\"https:\\\/\\\/37.148.206.186\\\/wp-content\\\/uploads\\\/2021\\\/12\\\/power-towers-new-logo-outline-1024px.png\",\"width\":1024,\"height\":209,\"caption\":\"Power Towers Ltd.\"},\"image\":{\"@id\":\"https:\\\/\\\/powertowers.com\\\/nl\\\/#\\\/schema\\\/logo\\\/image\\\/\"}}]}<\/script>\n<!-- \/ Yoast SEO plugin. -->","yoast_head_json":{"title":"Pra\u0161ymas suteikti informacij\u0105 apie \"Path to Competency\" | Power Towers","description":"Jei norite gauti daugiau informacijos apie \"Power Towers\" si\u016blom\u0105 \"Keli\u0105 \u012f kompetencij\u0105\", susisiekite su mumis!","robots":{"index":"index","follow":"follow","max-snippet":"max-snippet:-1","max-image-preview":"max-image-preview:large","max-video-preview":"max-video-preview:-1"},"canonical":"https:\/\/powertowers.com\/lt\/informacija-apie-kelia-i-kompetencija\/","og_locale":"lt_LT","og_type":"article","og_title":"Request information for Path to Competency | Power Towers","og_description":"If you want more details about the Path to Competency that Power Towers offers, get in touch!","og_url":"https:\/\/powertowers.com\/lt\/informacija-apie-kelia-i-kompetencija\/","og_site_name":"Power Towers","article_modified_time":"2024-09-18T09:28:26+00:00","og_image":[{"url":"https:\/\/37.148.206.186\/wp-content\/uploads\/2022\/02\/Man-Contact-blend.jpg","type":"","width":"","height":""}],"twitter_card":"summary_large_image","twitter_misc":{"Est. reading time":"1 minut\u0117"},"schema":{"@context":"https:\/\/schema.org","@graph":[{"@type":"WebPage","@id":"https:\/\/powertowers.com\/de\/informationen-uber-den-weg-zur-kompetenz\/","url":"https:\/\/powertowers.com\/de\/informationen-uber-den-weg-zur-kompetenz\/","name":"Pra\u0161ymas suteikti informacij\u0105 apie \"Path to Competency\" | Power Towers","isPartOf":{"@id":"https:\/\/powertowers.com\/nl\/#website"},"primaryImageOfPage":{"@id":"https:\/\/powertowers.com\/de\/informationen-uber-den-weg-zur-kompetenz\/#primaryimage"},"image":{"@id":"https:\/\/powertowers.com\/de\/informationen-uber-den-weg-zur-kompetenz\/#primaryimage"},"thumbnailUrl":"https:\/\/37.148.206.186\/wp-content\/uploads\/2022\/02\/Man-Contact-blend.jpg","datePublished":"2024-05-11T11:38:52+00:00","dateModified":"2024-09-18T09:28:26+00:00","description":"Jei norite gauti daugiau informacijos apie \"Power Towers\" si\u016blom\u0105 \"Keli\u0105 \u012f kompetencij\u0105\", susisiekite su mumis!","breadcrumb":{"@id":"https:\/\/powertowers.com\/de\/informationen-uber-den-weg-zur-kompetenz\/#breadcrumb"},"inLanguage":"lt-LT","potentialAction":[{"@type":"ReadAction","target":["https:\/\/powertowers.com\/de\/informationen-uber-den-weg-zur-kompetenz\/"]}]},{"@type":"ImageObject","inLanguage":"lt-LT","@id":"https:\/\/powertowers.com\/de\/informationen-uber-den-weg-zur-kompetenz\/#primaryimage","url":"https:\/\/37.148.206.186\/wp-content\/uploads\/2022\/02\/Man-Contact-blend.jpg","contentUrl":"https:\/\/37.148.206.186\/wp-content\/uploads\/2022\/02\/Man-Contact-blend.jpg"},{"@type":"BreadcrumbList","@id":"https:\/\/powertowers.com\/de\/informationen-uber-den-weg-zur-kompetenz\/#breadcrumb","itemListElement":[{"@type":"ListItem","position":1,"name":"Home","item":"https:\/\/powertowers.com\/nl\/"},{"@type":"ListItem","position":2,"name":"Path to Competency Info"}]},{"@type":"WebSite","@id":"https:\/\/powertowers.com\/nl\/#website","url":"https:\/\/powertowers.com\/nl\/","name":"Maitinimo bok\u0161tai","description":"Alternatyva kop\u0117\u010dioms, pakyloms ir pastoliams.","publisher":{"@id":"https:\/\/powertowers.com\/nl\/#organization"},"potentialAction":[{"@type":"SearchAction","target":{"@type":"EntryPoint","urlTemplate":"https:\/\/powertowers.com\/nl\/?s={search_term_string}"},"query-input":{"@type":"PropertyValueSpecification","valueRequired":true,"valueName":"search_term_string"}}],"inLanguage":"lt-LT"},{"@type":"Organization","@id":"https:\/\/powertowers.com\/nl\/#organization","name":"Power Towers Ltd.","url":"https:\/\/powertowers.com\/nl\/","logo":{"@type":"ImageObject","inLanguage":"lt-LT","@id":"https:\/\/powertowers.com\/nl\/#\/schema\/logo\/image\/","url":"https:\/\/37.148.206.186\/wp-content\/uploads\/2021\/12\/power-towers-new-logo-outline-1024px.png","contentUrl":"https:\/\/37.148.206.186\/wp-content\/uploads\/2021\/12\/power-towers-new-logo-outline-1024px.png","width":1024,"height":209,"caption":"Power Towers Ltd."},"image":{"@id":"https:\/\/powertowers.com\/nl\/#\/schema\/logo\/image\/"}}]}},"_links":{"self":[{"href":"https:\/\/powertowers.com\/lt\/wp-json\/wp\/v2\/pages\/4860","targetHints":{"allow":["GET"]}}],"collection":[{"href":"https:\/\/powertowers.com\/lt\/wp-json\/wp\/v2\/pages"}],"about":[{"href":"https:\/\/powertowers.com\/lt\/wp-json\/wp\/v2\/types\/page"}],"author":[{"embeddable":true,"href":"https:\/\/powertowers.com\/lt\/wp-json\/wp\/v2\/users\/2"}],"replies":[{"embeddable":true,"href":"https:\/\/powertowers.com\/lt\/wp-json\/wp\/v2\/comments?post=4860"}],"version-history":[{"count":16,"href":"https:\/\/powertowers.com\/lt\/wp-json\/wp\/v2\/pages\/4860\/revisions"}],"predecessor-version":[{"id":5213,"href":"https:\/\/powertowers.com\/lt\/wp-json\/wp\/v2\/pages\/4860\/revisions\/5213"}],"wp:attachment":[{"href":"https:\/\/powertowers.com\/lt\/wp-json\/wp\/v2\/media?parent=4860"}],"curies":[{"name":"wp","href":"https:\/\/api.w.org\/{rel}","templated":true}]}}