{"id":4825,"date":"2024-05-11T12:56:10","date_gmt":"2024-05-11T10:56:10","guid":{"rendered":"https:\/\/37.148.206.186\/?page_id=4825"},"modified":"2025-09-11T14:16:34","modified_gmt":"2025-09-11T12:16:34","slug":"kelias-i-kompetencija","status":"publish","type":"page","link":"https:\/\/powertowers.com\/lt\/path-to-competency\/","title":{"rendered":"Kelias \u012f kompetencij\u0105"},"content":{"rendered":"<div data-elementor-type=\"wp-page\" data-elementor-id=\"4825\" class=\"elementor elementor-4825\" data-elementor-post-type=\"page\">\n\t\t\t\t\t\t<main class=\"elementor-section elementor-top-section elementor-element elementor-element-8e1d4cc elementor-section-boxed elementor-section-height-default elementor-section-height-default elementor-invisible\" data-id=\"8e1d4cc\" data-element_type=\"section\" data-e-type=\"section\" data-settings=\"{&quot;animation&quot;:&quot;slideInLeft&quot;}\">\n\t\t\t\t\t\t<div class=\"elementor-container elementor-column-gap-default\">\n\t\t\t\t\t<div class=\"elementor-column elementor-col-100 elementor-top-column elementor-element elementor-element-effe1ac\" data-id=\"effe1ac\" data-element_type=\"column\" data-e-type=\"column\">\n\t\t\t<div class=\"elementor-widget-wrap elementor-element-populated\">\n\t\t\t\t\t\t<div class=\"elementor-element elementor-element-3116649 elementor-widget elementor-widget-heading\" data-id=\"3116649\" data-element_type=\"widget\" data-e-type=\"widget\" data-widget_type=\"heading.default\">\n\t\t\t\t<div class=\"elementor-widget-container\">\n\t\t\t\t\t<h1 class=\"elementor-heading-title elementor-size-default\">Kelias \u012f kompetencij\u0105<\/h1>\t\t\t\t<\/div>\n\t\t\t\t<\/div>\n\t\t\t\t\t<\/div>\n\t\t<\/div>\n\t\t\t\t\t<\/div>\n\t\t<\/main>\n\t\t<main class=\"elementor-element elementor-element-0ba1b56 e-flex e-con-boxed e-con e-parent\" data-id=\"0ba1b56\" data-element_type=\"container\" data-e-type=\"container\">\n\t\t\t\t\t<div class=\"e-con-inner\">\n\t\t\t\t<div class=\"elementor-element elementor-element-d1791ca elementor-invisible elementor-widget elementor-widget-image\" data-id=\"d1791ca\" data-element_type=\"widget\" data-e-type=\"widget\" data-settings=\"{&quot;_animation&quot;:&quot;slideInRight&quot;,&quot;_animation_delay&quot;:100}\" data-widget_type=\"image.default\">\n\t\t\t\t<div class=\"elementor-widget-container\">\n\t\t\t\t\t\t\t\t\t\t\t\t\t\t\t<img fetchpriority=\"high\" decoding=\"async\" width=\"1140\" height=\"643\" src=\"https:\/\/powertowers.com\/wp-content\/uploads\/2024\/06\/Path-to-Competency-1140.png\" class=\"attachment-full size-full wp-image-4936\" alt=\"jlg mokymo grafikas\" srcset=\"https:\/\/powertowers.com\/wp-content\/uploads\/2024\/06\/Path-to-Competency-1140.png 1140w, https:\/\/powertowers.com\/wp-content\/uploads\/2024\/06\/Path-to-Competency-1140-300x169.png 300w, https:\/\/powertowers.com\/wp-content\/uploads\/2024\/06\/Path-to-Competency-1140-1024x578.png 1024w, https:\/\/powertowers.com\/wp-content\/uploads\/2024\/06\/Path-to-Competency-1140-768x433.png 768w, https:\/\/powertowers.com\/wp-content\/uploads\/2024\/06\/Path-to-Competency-1140-18x10.png 18w\" sizes=\"(max-width: 34.9rem) calc(100vw - 2rem), (max-width: 53rem) calc(8 * (100vw \/ 12)), (min-width: 53rem) calc(6 * (100vw \/ 12)), 100vw\" \/>\t\t\t\t\t\t\t\t\t\t\t\t\t\t\t<\/div>\n\t\t\t\t<\/div>\n\t\t\t\t<div class=\"elementor-element elementor-element-8593d18 elementor-invisible elementor-widget elementor-widget-text-editor\" data-id=\"8593d18\" data-element_type=\"widget\" data-e-type=\"widget\" data-settings=\"{&quot;_animation&quot;:&quot;slideInRight&quot;}\" data-widget_type=\"text-editor.default\">\n\t\t\t\t<div class=\"elementor-widget-container\">\n\t\t\t\t\t\t\t\t\t<p>Kad operatorius gal\u0117t\u0173 naudoti MEWP, pagal taisykles jis turi b\u016bti darbdavio pripa\u017eintas kompetentingu.<\/p>\n<p>\"Power Towers\" si\u016blo sprendim\u0105, vadinam\u0105 \"Kelias \u012f kompetencij\u0105\", skirt\u0105 konkre\u010dioms stumiamoms ma\u0161inoms. \u0160is sprendimas suteikia darbdaviui ir operatoriui i\u0161tekli\u0173, reikaling\u0173 tinkamai supa\u017eindinti operatorius su \u012fvairiomis stumdomomis ma\u0161inomis. \u012e \"Keli\u0105 \u012f kompetencij\u0105\" \u012ftrauktos \u0161ios ma\u0161inos: Pecolift\/Ecolift, Ecolift Wind Rated, Nano 25\/35, Power Towers ir Power Towers Duo.  Mokymo programa \"Kelias \u012f kompetencij\u0105\" buvo sukurta siekiant suteikti i\u0161sam\u0173, ekonomi\u0161k\u0105 ir laiko po\u017ei\u016briu efektyv\u0173 sprendim\u0105 kompetencijai \u012fgyti.<\/p>\t\t\t\t\t\t\t\t<\/div>\n\t\t\t\t<\/div>\n\t\t\t\t<div class=\"elementor-element elementor-element-4662cf6 elementor-invisible elementor-widget elementor-widget-heading\" data-id=\"4662cf6\" data-element_type=\"widget\" data-e-type=\"widget\" data-settings=\"{&quot;_animation&quot;:&quot;slideInRight&quot;}\" data-widget_type=\"heading.default\">\n\t\t\t\t<div class=\"elementor-widget-container\">\n\t\t\t\t\t<h2 class=\"elementor-heading-title elementor-size-default\">Operatoriui:<\/h2>\t\t\t\t<\/div>\n\t\t\t\t<\/div>\n\t\t\t\t<div class=\"elementor-element elementor-element-224dd89 elementor-invisible elementor-widget elementor-widget-text-editor\" data-id=\"224dd89\" data-element_type=\"widget\" data-e-type=\"widget\" data-settings=\"{&quot;_animation&quot;:&quot;slideInRight&quot;}\" data-widget_type=\"text-editor.default\">\n\t\t\t\t<div class=\"elementor-widget-container\">\n\t\t\t\t\t\t\t\t\t<p><strong>A kelias - operatorius neturi jokio galiojan\u010dio sertifikato, leid\u017eian\u010dio naudoti MEWP<\/strong>.\u00a0<\/p><p>Operatoriui suteikiama prieiga prie 15 minu\u010di\u0173 trukm\u0117s internetinio supa\u017eindinimo su konkre\u010diu \"Power Towers\" produktu (i\u0161 pirmiau min\u0117t\u0173).  S\u0117kmingai baig\u0119s internetin\u012f supa\u017eindinim\u0105 ir atsak\u0119s \u012f 30 klausim\u0173, operatorius gaus \u017eenklel\u012f, patvirtinant\u012f s\u0117kming\u0105 baigim\u0105.\u00a0\u00a0 \u00a0\u00a0<\/p><p>Tuomet operatorius tur\u0117s atlikti praktin\u012f u\u017esi\u0117mim\u0105 su tuo pa\u010diu gaminiu, o pripa\u017eintas vertintojas (\u017er. toliau pateiktas vertintojo parinktis) steb\u0117s, ar operatorius supranta, kaip tinkamai naudoti ma\u0161in\u0105.<\/p><p>JLG pateikia \u0161i\u0105 med\u017eiag\u0105, kad pad\u0117t\u0173 vertintojui atlikti vertinim\u0105. Tik darbdavys gali nustatyti, ar operatorius laikomas kompetentingu.<\/p><p><strong>B kelias - operatorius jau turi galiojant\u012f sertifikat\u0105, leid\u017eiant\u012f naudoti MEWP.<\/strong><\/p><p>Operatoriams, turintiems galiojant\u012f MEWP naudojimo pa\u017eym\u0117jim\u0105, prie\u0161 pradedant naudoti nauj\u0105 gamin\u012f, reikia tik susipa\u017einti su juo. Tai galima padaryti supa\u017eindinant internetu, per praktinio supa\u017eindinimo sesijas arba kitais metodais, kuriuos darbdavys laiko pakankamais.<\/p>\t\t\t\t\t\t\t\t<\/div>\n\t\t\t\t<\/div>\n\t\t\t\t<div class=\"elementor-element elementor-element-d341f65 elementor-invisible elementor-widget elementor-widget-heading\" data-id=\"d341f65\" data-element_type=\"widget\" data-e-type=\"widget\" data-settings=\"{&quot;_animation&quot;:&quot;slideInRight&quot;}\" data-widget_type=\"heading.default\">\n\t\t\t\t<div class=\"elementor-widget-container\">\n\t\t\t\t\t<h2 class=\"elementor-heading-title elementor-size-default\">Vertintojui: <\/h2>\t\t\t\t<\/div>\n\t\t\t\t<\/div>\n\t\t\t\t<div class=\"elementor-element elementor-element-b6c621e elementor-invisible elementor-widget elementor-widget-text-editor\" data-id=\"b6c621e\" data-element_type=\"widget\" data-e-type=\"widget\" data-settings=\"{&quot;_animation&quot;:&quot;slideInRight&quot;}\" data-widget_type=\"text-editor.default\">\n\t\t\t\t<div class=\"elementor-widget-container\">\n\t\t\t\t\t\t\t\t\t<p>\"Power Towers\" taip pat si\u016blo stumdom\u0173 ma\u0161in\u0173 vertinimo kurs\u0105.  \u0160io visos dienos kurso metu dalyviai \u012fgis \u017eini\u0173, reikaling\u0173 nustatyti, ar operatorius tinkamai demonstruoja \u012fg\u016bd\u017eius, reikalingus naudoti stumdom\u0105sias ma\u0161inas.  S\u0117kmingai baig\u0119s \u0161\u012f kurs\u0105 dalyvis bus pripa\u017eintas gav\u0119s informacij\u0105, reikaling\u0105 vertintojo funkcijoms atlikti.  Vertintoju gali b\u016bti darbdavio darbuotojas arba i\u0161orinis asmuo.<\/p><p>Jei reikia daugiau informacijos, nedvejodami kreipkit\u0117s \u012f mus.<\/p>\t\t\t\t\t\t\t\t<\/div>\n\t\t\t\t<\/div>\n\t\t\t\t\t<\/div>\n\t\t\t\t<\/main>\n\t\t\t\t<nav class=\"elementor-section elementor-top-section elementor-element elementor-element-a2064f8 elementor-section-boxed elementor-section-height-default elementor-section-height-default elementor-invisible\" data-id=\"a2064f8\" data-element_type=\"section\" data-e-type=\"section\" data-settings=\"{&quot;animation&quot;:&quot;zoomIn&quot;}\">\n\t\t\t\t\t\t<div class=\"elementor-container elementor-column-gap-default\">\n\t\t\t\t\t<div class=\"elementor-column elementor-col-100 elementor-top-column elementor-element elementor-element-4267153\" data-id=\"4267153\" data-element_type=\"column\" data-e-type=\"column\">\n\t\t\t<div class=\"elementor-widget-wrap elementor-element-populated\">\n\t\t\t\t\t\t<section class=\"elementor-section elementor-inner-section elementor-element elementor-element-5863717 elementor-section-content-bottom elementor-section-boxed elementor-section-height-default elementor-section-height-default\" data-id=\"5863717\" data-element_type=\"section\" data-e-type=\"section\">\n\t\t\t\t\t\t<div class=\"elementor-container elementor-column-gap-default\">\n\t\t\t\t\t<div class=\"elementor-column elementor-col-100 elementor-inner-column elementor-element elementor-element-1e1b740\" data-id=\"1e1b740\" data-element_type=\"column\" data-e-type=\"column\">\n\t\t\t<div class=\"elementor-widget-wrap elementor-element-populated\">\n\t\t\t\t\t\t<div class=\"elementor-element elementor-element-0cf4de9 elementor-align-center elementor-mobile-align-center elementor-widget elementor-widget-button\" data-id=\"0cf4de9\" data-element_type=\"widget\" data-e-type=\"widget\" data-widget_type=\"button.default\">\n\t\t\t\t<div class=\"elementor-widget-container\">\n\t\t\t\t\t\t\t\t\t<div class=\"elementor-button-wrapper\">\n\t\t\t\t\t<a class=\"elementor-button elementor-button-link elementor-size-md\" href=\"https:\/\/powertowers.com\/lt\/informacija-apie-kelia-i-kompetencija\/\">\n\t\t\t\t\t\t<span class=\"elementor-button-content-wrapper\">\n\t\t\t\t\t\t\t\t\t<span class=\"elementor-button-text\">Noriu daugiau informacijos<\/span>\n\t\t\t\t\t<\/span>\n\t\t\t\t\t<\/a>\n\t\t\t\t<\/div>\n\t\t\t\t\t\t\t\t<\/div>\n\t\t\t\t<\/div>\n\t\t\t\t\t<\/div>\n\t\t<\/div>\n\t\t\t\t\t<\/div>\n\t\t<\/section>\n\t\t\t\t\t<\/div>\n\t\t<\/div>\n\t\t\t\t\t<\/div>\n\t\t<\/nav>\n\t\t\t\t<\/div>","protected":false},"excerpt":{"rendered":"<p>Path to competency For an operator to use a MEWP, regulations require that he or she must be recognized as competent by his or her employer. Power Towers offers a solution called, \u201cPath to Competency,\u201d for specific push around machines. This solution provides the employer and the operator the resources needed to properly familiarize operators &hellip; <\/p>\n<p class=\"link-more\"><a href=\"https:\/\/powertowers.com\/lt\/path-to-competency\/\" class=\"more-link\">Toliau skaityti<span class=\"screen-reader-text\"> \"Kelias \u012f kompetencij\u0105\"<\/span><\/a><\/p>","protected":false},"author":1,"featured_media":0,"parent":0,"menu_order":0,"comment_status":"closed","ping_status":"closed","template":"elementor_header_footer","meta":{"content-type":"","footnotes":""},"class_list":["post-4825","page","type-page","status-publish","hentry","entry"],"yoast_head":"<!-- This site is optimized with the Yoast SEO plugin v27.4 - https:\/\/yoast.com\/product\/yoast-seo-wordpress\/ -->\n<title>Know more about the Path to Competency | Power Towers<\/title>\n<meta name=\"description\" content=\"The\u201d Path to Competency\u201d has been developed to provide a thorough, cost effective and time efficient solution to achieve competency.\" \/>\n<meta name=\"robots\" content=\"index, follow, max-snippet:-1, max-image-preview:large, max-video-preview:-1\" \/>\n<link rel=\"canonical\" href=\"https:\/\/powertowers.com\/lt\/kelias-i-kompetencija\/\" \/>\n<meta property=\"og:locale\" content=\"lt_LT\" \/>\n<meta property=\"og:type\" content=\"article\" \/>\n<meta property=\"og:title\" content=\"Know more about the Path to Competency | Power Towers\" \/>\n<meta property=\"og:description\" content=\"The\u201d Path to Competency\u201d has been developed to provide a thorough, cost effective and time efficient solution to achieve competency.\" \/>\n<meta property=\"og:url\" content=\"https:\/\/powertowers.com\/lt\/kelias-i-kompetencija\/\" \/>\n<meta property=\"og:site_name\" content=\"Power Towers\" \/>\n<meta property=\"article:modified_time\" content=\"2025-09-11T12:16:34+00:00\" \/>\n<meta property=\"og:image\" content=\"https:\/\/37.148.206.186\/wp-content\/uploads\/2024\/06\/Path-to-Competency-1140.png\" \/>\n<meta name=\"twitter:card\" content=\"summary_large_image\" \/>\n<meta name=\"twitter:label1\" content=\"Est. reading time\" \/>\n\t<meta name=\"twitter:data1\" content=\"2 minut\u0117s\" \/>\n<script type=\"application\/ld+json\" class=\"yoast-schema-graph\">{\"@context\":\"https:\\\/\\\/schema.org\",\"@graph\":[{\"@type\":\"WebPage\",\"@id\":\"https:\\\/\\\/powertowers.com\\\/path-to-competency\\\/\",\"url\":\"https:\\\/\\\/powertowers.com\\\/path-to-competency\\\/\",\"name\":\"Know more about the Path to Competency | Power Towers\",\"isPartOf\":{\"@id\":\"https:\\\/\\\/powertowers.com\\\/nl\\\/#website\"},\"primaryImageOfPage\":{\"@id\":\"https:\\\/\\\/powertowers.com\\\/path-to-competency\\\/#primaryimage\"},\"image\":{\"@id\":\"https:\\\/\\\/powertowers.com\\\/path-to-competency\\\/#primaryimage\"},\"thumbnailUrl\":\"https:\\\/\\\/37.148.206.186\\\/wp-content\\\/uploads\\\/2024\\\/06\\\/Path-to-Competency-1140.png\",\"datePublished\":\"2024-05-11T10:56:10+00:00\",\"dateModified\":\"2025-09-11T12:16:34+00:00\",\"description\":\"The\u201d Path to Competency\u201d has been developed to provide a thorough, cost effective and time efficient solution to achieve competency.\",\"breadcrumb\":{\"@id\":\"https:\\\/\\\/powertowers.com\\\/path-to-competency\\\/#breadcrumb\"},\"inLanguage\":\"lt-LT\",\"potentialAction\":[{\"@type\":\"ReadAction\",\"target\":[\"https:\\\/\\\/powertowers.com\\\/path-to-competency\\\/\"]}]},{\"@type\":\"ImageObject\",\"inLanguage\":\"lt-LT\",\"@id\":\"https:\\\/\\\/powertowers.com\\\/path-to-competency\\\/#primaryimage\",\"url\":\"https:\\\/\\\/37.148.206.186\\\/wp-content\\\/uploads\\\/2024\\\/06\\\/Path-to-Competency-1140.png\",\"contentUrl\":\"https:\\\/\\\/37.148.206.186\\\/wp-content\\\/uploads\\\/2024\\\/06\\\/Path-to-Competency-1140.png\"},{\"@type\":\"BreadcrumbList\",\"@id\":\"https:\\\/\\\/powertowers.com\\\/path-to-competency\\\/#breadcrumb\",\"itemListElement\":[{\"@type\":\"ListItem\",\"position\":1,\"name\":\"Home\",\"item\":\"https:\\\/\\\/powertowers.com\\\/nl\\\/\"},{\"@type\":\"ListItem\",\"position\":2,\"name\":\"Path to Competency\"}]},{\"@type\":\"WebSite\",\"@id\":\"https:\\\/\\\/powertowers.com\\\/nl\\\/#website\",\"url\":\"https:\\\/\\\/powertowers.com\\\/nl\\\/\",\"name\":\"Power Towers\",\"description\":\"The alternative to ladders, podiums and scaffolding.\",\"publisher\":{\"@id\":\"https:\\\/\\\/powertowers.com\\\/nl\\\/#organization\"},\"potentialAction\":[{\"@type\":\"SearchAction\",\"target\":{\"@type\":\"EntryPoint\",\"urlTemplate\":\"https:\\\/\\\/powertowers.com\\\/nl\\\/?s={search_term_string}\"},\"query-input\":{\"@type\":\"PropertyValueSpecification\",\"valueRequired\":true,\"valueName\":\"search_term_string\"}}],\"inLanguage\":\"lt-LT\"},{\"@type\":\"Organization\",\"@id\":\"https:\\\/\\\/powertowers.com\\\/nl\\\/#organization\",\"name\":\"Power Towers Ltd.\",\"url\":\"https:\\\/\\\/powertowers.com\\\/nl\\\/\",\"logo\":{\"@type\":\"ImageObject\",\"inLanguage\":\"lt-LT\",\"@id\":\"https:\\\/\\\/powertowers.com\\\/nl\\\/#\\\/schema\\\/logo\\\/image\\\/\",\"url\":\"https:\\\/\\\/37.148.206.186\\\/wp-content\\\/uploads\\\/2021\\\/12\\\/power-towers-new-logo-outline-1024px.png\",\"contentUrl\":\"https:\\\/\\\/37.148.206.186\\\/wp-content\\\/uploads\\\/2021\\\/12\\\/power-towers-new-logo-outline-1024px.png\",\"width\":1024,\"height\":209,\"caption\":\"Power Towers Ltd.\"},\"image\":{\"@id\":\"https:\\\/\\\/powertowers.com\\\/nl\\\/#\\\/schema\\\/logo\\\/image\\\/\"}}]}<\/script>\n<!-- \/ Yoast SEO plugin. -->","yoast_head_json":{"title":"Su\u017einokite daugiau apie \"Keli\u0105 \u012f kompetencij\u0105\" | Power Towers","description":"\"Kelias \u012f kompetencij\u0105\" buvo sukurtas siekiant pateikti i\u0161sam\u0173, ekonomi\u0161k\u0105 ir laiko po\u017ei\u016briu efektyv\u0173 sprendim\u0105, kaip pasiekti kompetencij\u0105.","robots":{"index":"index","follow":"follow","max-snippet":"max-snippet:-1","max-image-preview":"max-image-preview:large","max-video-preview":"max-video-preview:-1"},"canonical":"https:\/\/powertowers.com\/lt\/kelias-i-kompetencija\/","og_locale":"lt_LT","og_type":"article","og_title":"Know more about the Path to Competency | Power Towers","og_description":"The\u201d Path to Competency\u201d has been developed to provide a thorough, cost effective and time efficient solution to achieve competency.","og_url":"https:\/\/powertowers.com\/lt\/kelias-i-kompetencija\/","og_site_name":"Power Towers","article_modified_time":"2025-09-11T12:16:34+00:00","og_image":[{"url":"https:\/\/37.148.206.186\/wp-content\/uploads\/2024\/06\/Path-to-Competency-1140.png","type":"","width":"","height":""}],"twitter_card":"summary_large_image","twitter_misc":{"Est. reading time":"2 minut\u0117s"},"schema":{"@context":"https:\/\/schema.org","@graph":[{"@type":"WebPage","@id":"https:\/\/powertowers.com\/path-to-competency\/","url":"https:\/\/powertowers.com\/path-to-competency\/","name":"Su\u017einokite daugiau apie \"Keli\u0105 \u012f kompetencij\u0105\" | Power Towers","isPartOf":{"@id":"https:\/\/powertowers.com\/nl\/#website"},"primaryImageOfPage":{"@id":"https:\/\/powertowers.com\/path-to-competency\/#primaryimage"},"image":{"@id":"https:\/\/powertowers.com\/path-to-competency\/#primaryimage"},"thumbnailUrl":"https:\/\/37.148.206.186\/wp-content\/uploads\/2024\/06\/Path-to-Competency-1140.png","datePublished":"2024-05-11T10:56:10+00:00","dateModified":"2025-09-11T12:16:34+00:00","description":"\"Kelias \u012f kompetencij\u0105\" buvo sukurtas siekiant pateikti i\u0161sam\u0173, ekonomi\u0161k\u0105 ir laiko po\u017ei\u016briu efektyv\u0173 sprendim\u0105, kaip pasiekti kompetencij\u0105.","breadcrumb":{"@id":"https:\/\/powertowers.com\/path-to-competency\/#breadcrumb"},"inLanguage":"lt-LT","potentialAction":[{"@type":"ReadAction","target":["https:\/\/powertowers.com\/path-to-competency\/"]}]},{"@type":"ImageObject","inLanguage":"lt-LT","@id":"https:\/\/powertowers.com\/path-to-competency\/#primaryimage","url":"https:\/\/37.148.206.186\/wp-content\/uploads\/2024\/06\/Path-to-Competency-1140.png","contentUrl":"https:\/\/37.148.206.186\/wp-content\/uploads\/2024\/06\/Path-to-Competency-1140.png"},{"@type":"BreadcrumbList","@id":"https:\/\/powertowers.com\/path-to-competency\/#breadcrumb","itemListElement":[{"@type":"ListItem","position":1,"name":"Home","item":"https:\/\/powertowers.com\/nl\/"},{"@type":"ListItem","position":2,"name":"Path to Competency"}]},{"@type":"WebSite","@id":"https:\/\/powertowers.com\/nl\/#website","url":"https:\/\/powertowers.com\/nl\/","name":"Maitinimo bok\u0161tai","description":"Alternatyva kop\u0117\u010dioms, pakyloms ir pastoliams.","publisher":{"@id":"https:\/\/powertowers.com\/nl\/#organization"},"potentialAction":[{"@type":"SearchAction","target":{"@type":"EntryPoint","urlTemplate":"https:\/\/powertowers.com\/nl\/?s={search_term_string}"},"query-input":{"@type":"PropertyValueSpecification","valueRequired":true,"valueName":"search_term_string"}}],"inLanguage":"lt-LT"},{"@type":"Organization","@id":"https:\/\/powertowers.com\/nl\/#organization","name":"Power Towers Ltd.","url":"https:\/\/powertowers.com\/nl\/","logo":{"@type":"ImageObject","inLanguage":"lt-LT","@id":"https:\/\/powertowers.com\/nl\/#\/schema\/logo\/image\/","url":"https:\/\/37.148.206.186\/wp-content\/uploads\/2021\/12\/power-towers-new-logo-outline-1024px.png","contentUrl":"https:\/\/37.148.206.186\/wp-content\/uploads\/2021\/12\/power-towers-new-logo-outline-1024px.png","width":1024,"height":209,"caption":"Power Towers Ltd."},"image":{"@id":"https:\/\/powertowers.com\/nl\/#\/schema\/logo\/image\/"}}]}},"_links":{"self":[{"href":"https:\/\/powertowers.com\/lt\/wp-json\/wp\/v2\/pages\/4825","targetHints":{"allow":["GET"]}}],"collection":[{"href":"https:\/\/powertowers.com\/lt\/wp-json\/wp\/v2\/pages"}],"about":[{"href":"https:\/\/powertowers.com\/lt\/wp-json\/wp\/v2\/types\/page"}],"author":[{"embeddable":true,"href":"https:\/\/powertowers.com\/lt\/wp-json\/wp\/v2\/users\/1"}],"replies":[{"embeddable":true,"href":"https:\/\/powertowers.com\/lt\/wp-json\/wp\/v2\/comments?post=4825"}],"version-history":[{"count":79,"href":"https:\/\/powertowers.com\/lt\/wp-json\/wp\/v2\/pages\/4825\/revisions"}],"predecessor-version":[{"id":5760,"href":"https:\/\/powertowers.com\/lt\/wp-json\/wp\/v2\/pages\/4825\/revisions\/5760"}],"wp:attachment":[{"href":"https:\/\/powertowers.com\/lt\/wp-json\/wp\/v2\/media?parent=4825"}],"curies":[{"name":"wp","href":"https:\/\/api.w.org\/{rel}","templated":true}]}}