{"id":123,"date":"2021-12-14T16:09:51","date_gmt":"2021-12-14T16:09:51","guid":{"rendered":"https:\/\/37.148.206.186\/?page_id=123"},"modified":"2025-09-11T13:50:47","modified_gmt":"2025-09-11T11:50:47","slug":"ismokos","status":"publish","type":"page","link":"https:\/\/powertowers.com\/lt\/benefits\/","title":{"rendered":"Privalumai"},"content":{"rendered":"<div data-elementor-type=\"wp-page\" data-elementor-id=\"123\" class=\"elementor elementor-123\" data-elementor-post-type=\"page\">\n\t\t\t\t\t\t<main class=\"elementor-section elementor-top-section elementor-element elementor-element-a06f523 elementor-section-boxed elementor-section-height-default elementor-section-height-default elementor-invisible\" data-id=\"a06f523\" data-element_type=\"section\" data-e-type=\"section\" data-settings=\"{&quot;animation&quot;:&quot;slideInLeft&quot;}\">\n\t\t\t\t\t\t<div class=\"elementor-container elementor-column-gap-default\">\n\t\t\t\t\t<div class=\"elementor-column elementor-col-100 elementor-top-column elementor-element elementor-element-a3b0538\" data-id=\"a3b0538\" data-element_type=\"column\" data-e-type=\"column\">\n\t\t\t<div class=\"elementor-widget-wrap elementor-element-populated\">\n\t\t\t\t\t\t<div class=\"elementor-element elementor-element-cd4cd79 elementor-widget elementor-widget-heading\" data-id=\"cd4cd79\" data-element_type=\"widget\" data-e-type=\"widget\" data-widget_type=\"heading.default\">\n\t\t\t\t<div class=\"elementor-widget-container\">\n\t\t\t\t\t<h1 class=\"elementor-heading-title elementor-size-default\">Privalumai - sauga<\/h1>\t\t\t\t<\/div>\n\t\t\t\t<\/div>\n\t\t\t\t\t<\/div>\n\t\t<\/div>\n\t\t\t\t\t<\/div>\n\t\t<\/main>\n\t\t\t\t<main class=\"elementor-section elementor-top-section elementor-element elementor-element-69b51f4 elementor-section-boxed elementor-section-height-default elementor-section-height-default elementor-invisible\" data-id=\"69b51f4\" data-element_type=\"section\" data-e-type=\"section\" data-settings=\"{&quot;background_background&quot;:&quot;classic&quot;,&quot;animation&quot;:&quot;slideInRight&quot;}\">\n\t\t\t\t\t\t\t<div class=\"elementor-background-overlay\"><\/div>\n\t\t\t\t\t\t\t<div class=\"elementor-container elementor-column-gap-default\">\n\t\t\t\t\t<div class=\"elementor-column elementor-col-50 elementor-top-column elementor-element elementor-element-c6aab54\" data-id=\"c6aab54\" data-element_type=\"column\" data-e-type=\"column\" data-settings=\"{&quot;background_background&quot;:&quot;gradient&quot;}\">\n\t\t\t<div class=\"elementor-widget-wrap elementor-element-populated\">\n\t\t\t\t\t\t<div class=\"elementor-element elementor-element-7d51259 elementor-widget elementor-widget-image\" data-id=\"7d51259\" data-element_type=\"widget\" data-e-type=\"widget\" data-widget_type=\"image.default\">\n\t\t\t\t<div class=\"elementor-widget-container\">\n\t\t\t\t\t\t\t\t\t\t\t\t\t\t\t<img fetchpriority=\"high\" decoding=\"async\" width=\"884\" height=\"750\" src=\"https:\/\/powertowers.com\/wp-content\/uploads\/2022\/01\/ECOLIFT_PECOLIFT_APPLICATION_02.jpg\" class=\"attachment-full size-full wp-image-929\" alt=\"&quot;Power Towers&quot;, &quot;Ecolift&quot; ir &quot;Pecolift&quot; \u012frengimas\" srcset=\"https:\/\/powertowers.com\/wp-content\/uploads\/2022\/01\/ECOLIFT_PECOLIFT_APPLICATION_02.jpg 884w, https:\/\/powertowers.com\/wp-content\/uploads\/2022\/01\/ECOLIFT_PECOLIFT_APPLICATION_02-300x255.jpg 300w, https:\/\/powertowers.com\/wp-content\/uploads\/2022\/01\/ECOLIFT_PECOLIFT_APPLICATION_02-768x652.jpg 768w, https:\/\/powertowers.com\/wp-content\/uploads\/2022\/01\/ECOLIFT_PECOLIFT_APPLICATION_02-14x12.jpg 14w\" sizes=\"(max-width: 34.9rem) calc(100vw - 2rem), (max-width: 53rem) calc(8 * (100vw \/ 12)), (min-width: 53rem) calc(6 * (100vw \/ 12)), 100vw\" \/>\t\t\t\t\t\t\t\t\t\t\t\t\t\t\t<\/div>\n\t\t\t\t<\/div>\n\t\t\t\t<div class=\"elementor-element elementor-element-8d5adc9 elementor-widget elementor-widget-image\" data-id=\"8d5adc9\" data-element_type=\"widget\" data-e-type=\"widget\" data-widget_type=\"image.default\">\n\t\t\t\t<div class=\"elementor-widget-container\">\n\t\t\t\t\t\t\t\t\t\t\t\t\t\t\t<img decoding=\"async\" width=\"591\" height=\"1200\" src=\"https:\/\/powertowers.com\/wp-content\/uploads\/2022\/01\/ECOLIFT_WR_APPLICATION_01.jpg\" class=\"attachment-full size-full wp-image-967\" alt=\"&quot;Ecolift WR&quot; \u012frengimas\" srcset=\"https:\/\/powertowers.com\/wp-content\/uploads\/2022\/01\/ECOLIFT_WR_APPLICATION_01.jpg 591w, https:\/\/powertowers.com\/wp-content\/uploads\/2022\/01\/ECOLIFT_WR_APPLICATION_01-148x300.jpg 148w, https:\/\/powertowers.com\/wp-content\/uploads\/2022\/01\/ECOLIFT_WR_APPLICATION_01-504x1024.jpg 504w, https:\/\/powertowers.com\/wp-content\/uploads\/2022\/01\/ECOLIFT_WR_APPLICATION_01-6x12.jpg 6w\" sizes=\"(max-width: 34.9rem) calc(100vw - 2rem), (max-width: 53rem) calc(8 * (100vw \/ 12)), (min-width: 53rem) calc(6 * (100vw \/ 12)), 100vw\" \/>\t\t\t\t\t\t\t\t\t\t\t\t\t\t\t<\/div>\n\t\t\t\t<\/div>\n\t\t\t\t\t<\/div>\n\t\t<\/div>\n\t\t\t\t<div class=\"elementor-column elementor-col-50 elementor-top-column elementor-element elementor-element-aff3f80\" data-id=\"aff3f80\" data-element_type=\"column\" data-e-type=\"column\" data-settings=\"{&quot;background_background&quot;:&quot;classic&quot;}\">\n\t\t\t<div class=\"elementor-widget-wrap elementor-element-populated\">\n\t\t\t\t\t\t<div class=\"elementor-element elementor-element-ff74129 elementor-nav-menu__align-end elementor-nav-menu--stretch elementor-nav-menu__text-align-center elementor-widget__width-initial elementor-widget-tablet__width-initial elementor-nav-menu--dropdown-tablet elementor-nav-menu--toggle elementor-nav-menu--burger elementor-widget elementor-widget-nav-menu\" data-id=\"ff74129\" data-element_type=\"widget\" data-e-type=\"widget\" data-settings=\"{&quot;full_width&quot;:&quot;stretch&quot;,&quot;layout&quot;:&quot;horizontal&quot;,&quot;submenu_icon&quot;:{&quot;value&quot;:&quot;&lt;svg aria-hidden=\\&quot;true\\&quot; class=\\&quot;e-font-icon-svg e-fas-caret-down\\&quot; viewBox=\\&quot;0 0 320 512\\&quot; xmlns=\\&quot;http:\\\/\\\/www.w3.org\\\/2000\\\/svg\\&quot;&gt;&lt;path d=\\&quot;M31.3 192h257.3c17.8 0 26.7 21.5 14.1 34.1L174.1 354.8c-7.8 7.8-20.5 7.8-28.3 0L17.2 226.1C4.6 213.5 13.5 192 31.3 192z\\&quot;&gt;&lt;\\\/path&gt;&lt;\\\/svg&gt;&quot;,&quot;library&quot;:&quot;fa-solid&quot;},&quot;toggle&quot;:&quot;burger&quot;}\" data-widget_type=\"nav-menu.default\">\n\t\t\t\t<div class=\"elementor-widget-container\">\n\t\t\t\t\t\t\t\t<nav aria-label=\"Meniu\" class=\"elementor-nav-menu--main elementor-nav-menu__container elementor-nav-menu--layout-horizontal e--pointer-none\">\n\t\t\t\t<ul id=\"menu-1-ff74129\" class=\"elementor-nav-menu\"><li class=\"menu-item menu-item-type-custom menu-item-object-custom menu-item-692\"><a href=\"https:\/\/37.148.206.186\/benefits\/\" class=\"elementor-item\">Sauga<\/a><\/li>\n<li class=\"menu-item menu-item-type-custom menu-item-object-custom menu-item-693\"><a href=\"https:\/\/37.148.206.186\/ergonomics\/\" class=\"elementor-item\">Ergonomika<\/a><\/li>\n<li class=\"menu-item menu-item-type-custom menu-item-object-custom menu-item-694\"><a href=\"https:\/\/37.148.206.186\/efficiency\/\" class=\"elementor-item\">Efektyvumas<\/a><\/li>\n<li class=\"menu-item menu-item-type-custom menu-item-object-custom menu-item-695\"><a href=\"https:\/\/37.148.206.186\/clean-and-sustainable\/\" class=\"elementor-item\">\u0160varus ir tvarus<\/a><\/li>\n<\/ul>\t\t\t<\/nav>\n\t\t\t\t\t<div class=\"elementor-menu-toggle\" role=\"button\" tabindex=\"0\" aria-label=\"Meniu perjungimas\" aria-expanded=\"false\">\n\t\t\t<svg aria-hidden=\"true\" role=\"presentation\" class=\"elementor-menu-toggle__icon--open e-font-icon-svg e-eicon-menu-bar\" viewbox=\"0 0 1000 1000\" xmlns=\"http:\/\/www.w3.org\/2000\/svg\"><path d=\"M104 333H896C929 333 958 304 958 271S929 208 896 208H104C71 208 42 237 42 271S71 333 104 333ZM104 583H896C929 583 958 554 958 521S929 458 896 458H104C71 458 42 487 42 521S71 583 104 583ZM104 833H896C929 833 958 804 958 771S929 708 896 708H104C71 708 42 737 42 771S71 833 104 833Z\"><\/path><\/svg><svg aria-hidden=\"true\" role=\"presentation\" class=\"elementor-menu-toggle__icon--close e-font-icon-svg e-eicon-close\" viewbox=\"0 0 1000 1000\" xmlns=\"http:\/\/www.w3.org\/2000\/svg\"><path d=\"M742 167L500 408 258 167C246 154 233 150 217 150 196 150 179 158 167 167 154 179 150 196 150 212 150 229 154 242 171 254L408 500 167 742C138 771 138 800 167 829 196 858 225 858 254 829L496 587 738 829C750 842 767 846 783 846 800 846 817 842 829 829 842 817 846 804 846 783 846 767 842 750 829 737L588 500 833 258C863 229 863 200 833 171 804 137 775 137 742 167Z\"><\/path><\/svg>\t\t<\/div>\n\t\t\t\t\t<nav class=\"elementor-nav-menu--dropdown elementor-nav-menu__container\" aria-hidden=\"true\">\n\t\t\t\t<ul id=\"menu-2-ff74129\" class=\"elementor-nav-menu\"><li class=\"menu-item menu-item-type-custom menu-item-object-custom menu-item-692\"><a href=\"https:\/\/37.148.206.186\/benefits\/\" class=\"elementor-item\" tabindex=\"-1\">Sauga<\/a><\/li>\n<li class=\"menu-item menu-item-type-custom menu-item-object-custom menu-item-693\"><a href=\"https:\/\/37.148.206.186\/ergonomics\/\" class=\"elementor-item\" tabindex=\"-1\">Ergonomika<\/a><\/li>\n<li class=\"menu-item menu-item-type-custom menu-item-object-custom menu-item-694\"><a href=\"https:\/\/37.148.206.186\/efficiency\/\" class=\"elementor-item\" tabindex=\"-1\">Efektyvumas<\/a><\/li>\n<li class=\"menu-item menu-item-type-custom menu-item-object-custom menu-item-695\"><a href=\"https:\/\/37.148.206.186\/clean-and-sustainable\/\" class=\"elementor-item\" tabindex=\"-1\">\u0160varus ir tvarus<\/a><\/li>\n<\/ul>\t\t\t<\/nav>\n\t\t\t\t\t\t<\/div>\n\t\t\t\t<\/div>\n\t\t\t\t<div class=\"elementor-element elementor-element-839a727 elementor-widget elementor-widget-heading\" data-id=\"839a727\" data-element_type=\"widget\" data-e-type=\"widget\" data-widget_type=\"heading.default\">\n\t\t\t\t<div class=\"elementor-widget-container\">\n\t\t\t\t\t<h2 class=\"elementor-heading-title elementor-size-default\">Dirbkite saugiau<\/h2>\t\t\t\t<\/div>\n\t\t\t\t<\/div>\n\t\t\t\t<div class=\"elementor-element elementor-element-5ca962c elementor-widget elementor-widget-text-editor\" data-id=\"5ca962c\" data-element_type=\"widget\" data-e-type=\"widget\" data-widget_type=\"text-editor.default\">\n\t\t\t\t<div class=\"elementor-widget-container\">\n\t\t\t\t\t\t\t\t\t<p><strong>Naujas b\u016bdas saugiai dirbti auk\u0161tyje<\/strong><\/p><p>Saugus darbas auk\u0161tyje - vis didesnis r\u016bpestis \u012fmon\u0117ms, kurios r\u016bpinasi savo darbuotoj\u0173 gerove. Pasak <a href=\"https:\/\/www.hse.gov.uk\/toolbox\/height.htm\">Sveikatos ir saugos tarnyba<\/a> (HSE, 2021 m. lapkritis), viena i\u0161 da\u017eniausiai pasitaikan\u010di\u0173 mirtin\u0173 ir sunki\u0173 su\u017ealojim\u0173 dirbant auk\u0161tyje prie\u017eas\u010di\u0173 yra kritimas nuo kop\u0117\u010di\u0173 ir per trapius pavir\u0161ius. Pavyzd\u017eiui, maisto ir g\u0117rim\u0173 pramon\u0117je \"<em>kritimai i\u0161 auk\u0161\u010dio yra tre\u010dia pagal mirtin\u0173 su\u017ealojim\u0173 prie\u017east\u012f - 20% mirtin\u0173 nelaiming\u0173 atsitikim\u0173.\"<\/em> o kritimas nuo kop\u0117\u010di\u0173 yra 40% i\u0161 j\u0173 (<a href=\"https:\/\/www.hse.gov.uk\/food\/falls.htm\">HSE<\/a>, 2021 m. lapkritis).<\/p><p>D\u0117l \u0161ios prie\u017easties \"Power Towers\" kei\u010dia pasaulio darbo b\u016bd\u0105 iki 5,5 m auk\u0161tyje, si\u016blydama moderni\u0105 alternatyv\u0105 kop\u0117\u010dioms, pastoliams ar pakylos laipteliams.<\/p><p>Visos \"Power Towers\" saugos platformos yra visi\u0161kai apsaugotos naudojant tur\u0117kl\u0173 apsaug\u0105, kad operatorius dirbdamas b\u016bt\u0173 visi\u0161kai u\u017edarytas. Operatoriui pak\u0117lus saugos platform\u0105, ratai automati\u0161kai u\u017esifiksuoja ir i\u0161laiko ma\u0161in\u0105 horizontalioje pad\u0117tyje. Operatoriaus abi kojos yra tame pa\u010diame lygyje, o abi rankos yra laisvos, kad b\u016bt\u0173 galima saugiai dirbti auk\u0161tyje.<\/p><p>Apsaugin\u0117s platformos leid\u017eia operatoriui dirbti visu 360 laipsni\u0173 spinduliu nesitraukiant ir nei\u0161laikant pusiausvyros, tod\u0117l i\u0161vengiama netolimo prasilenkimo ir kritimo. Tai palengvina saugesn\u0119 darbo viet\u0105 ir labiau motyvuot\u0105 operatori\u0173, padedant\u012f j\u016bs\u0173 \u012fmonei nuolat gerinti savo tiksl\u0105 - tvaresnes darbo s\u0105lygas.<\/p><h4>Saugi ir tvari darbo vieta ne tik apsaugo darbuotojus nuo su\u017ealojim\u0173 ir lig\u0173, bet ir suma\u017eina i\u0161laidas, susijusias su pravaik\u0161tomis ir darbuotoj\u0173 kaita. Papildoma saugaus darbo auk\u0161tyje nauda - didesnis na\u0161umas, kokyb\u0117 ir darbuotoj\u0173 moral\u0117. \"Power Towers\" galime parodyti, kaip sauga naudinga verslui.<\/h4><p>\"Power Towers\" gamini\u0173 asortimentas yra lengvesn\u0117, paprastesn\u0117, greitesn\u0117, efektyvesn\u0117 ir saugesn\u0117 pastoli\u0173, rankini\u0173 kop\u0117\u010di\u0173, laipt\u0173 ar pakyl\u0173 alternatyva.<\/p><p>Su\u017einokite daugiau apie <a href=\"https:\/\/powertowers.com\/lt\/mobiliosios-kelimo-platformos\/\">m\u016bs\u0173 produkt\u0173 asortiment\u0105 \u010dia<\/a><\/p>\t\t\t\t\t\t\t\t<\/div>\n\t\t\t\t<\/div>\n\t\t\t\t\t<\/div>\n\t\t<\/div>\n\t\t\t\t\t<\/div>\n\t\t<\/main>\n\t\t\t\t<section class=\"elementor-section elementor-top-section elementor-element elementor-element-17db703 elementor-section-boxed elementor-section-height-default elementor-section-height-default elementor-invisible\" data-id=\"17db703\" data-element_type=\"section\" data-e-type=\"section\" data-settings=\"{&quot;animation&quot;:&quot;zoomIn&quot;}\">\n\t\t\t\t\t\t<div class=\"elementor-container elementor-column-gap-default\">\n\t\t\t\t\t<div class=\"elementor-column elementor-col-100 elementor-top-column elementor-element elementor-element-396a529\" data-id=\"396a529\" data-element_type=\"column\" data-e-type=\"column\">\n\t\t\t<div class=\"elementor-widget-wrap elementor-element-populated\">\n\t\t\t\t\t\t<section class=\"elementor-section elementor-inner-section elementor-element elementor-element-3564cc3 elementor-section-content-bottom elementor-section-boxed elementor-section-height-default elementor-section-height-default\" data-id=\"3564cc3\" data-element_type=\"section\" data-e-type=\"section\">\n\t\t\t\t\t\t<div class=\"elementor-container elementor-column-gap-default\">\n\t\t\t\t\t<div class=\"elementor-column elementor-col-50 elementor-inner-column elementor-element elementor-element-489b788\" data-id=\"489b788\" data-element_type=\"column\" data-e-type=\"column\">\n\t\t\t<div class=\"elementor-widget-wrap elementor-element-populated\">\n\t\t\t\t\t\t<div class=\"elementor-element elementor-element-449aa87 elementor-align-right elementor-mobile-align-center elementor-widget elementor-widget-button\" data-id=\"449aa87\" data-element_type=\"widget\" data-e-type=\"widget\" data-widget_type=\"button.default\">\n\t\t\t\t<div class=\"elementor-widget-container\">\n\t\t\t\t\t\t\t\t\t<div class=\"elementor-button-wrapper\">\n\t\t\t\t\t<a class=\"elementor-button elementor-button-link elementor-size-md\" href=\"https:\/\/powertowers.com\/lt\/demo\/\">\n\t\t\t\t\t\t<span class=\"elementor-button-content-wrapper\">\n\t\t\t\t\t\t\t\t\t<span class=\"elementor-button-text\">Noriu demonstracin\u0117s versijos<\/span>\n\t\t\t\t\t<\/span>\n\t\t\t\t\t<\/a>\n\t\t\t\t<\/div>\n\t\t\t\t\t\t\t\t<\/div>\n\t\t\t\t<\/div>\n\t\t\t\t\t<\/div>\n\t\t<\/div>\n\t\t\t\t<div class=\"elementor-column elementor-col-50 elementor-inner-column elementor-element elementor-element-bc8e3b6\" data-id=\"bc8e3b6\" data-element_type=\"column\" data-e-type=\"column\">\n\t\t\t<div class=\"elementor-widget-wrap elementor-element-populated\">\n\t\t\t\t\t\t<div class=\"elementor-element elementor-element-d039aa5 elementor-align-left elementor-mobile-align-center elementor-widget elementor-widget-button\" data-id=\"d039aa5\" data-element_type=\"widget\" data-e-type=\"widget\" data-widget_type=\"button.default\">\n\t\t\t\t<div class=\"elementor-widget-container\">\n\t\t\t\t\t\t\t\t\t<div class=\"elementor-button-wrapper\">\n\t\t\t\t\t<a class=\"elementor-button elementor-button-link elementor-size-md\" href=\"https:\/\/powertowers.com\/lt\/quote\/\">\n\t\t\t\t\t\t<span class=\"elementor-button-content-wrapper\">\n\t\t\t\t\t\t\t\t\t<span class=\"elementor-button-text\">Noriu citatos<\/span>\n\t\t\t\t\t<\/span>\n\t\t\t\t\t<\/a>\n\t\t\t\t<\/div>\n\t\t\t\t\t\t\t\t<\/div>\n\t\t\t\t<\/div>\n\t\t\t\t\t<\/div>\n\t\t<\/div>\n\t\t\t\t\t<\/div>\n\t\t<\/section>\n\t\t\t\t\t<\/div>\n\t\t<\/div>\n\t\t\t\t\t<\/div>\n\t\t<\/section>\n\t\t\t\t<\/div>","protected":false},"excerpt":{"rendered":"<p>Privalumai - sauga Dirbti saugiau Naujas b\u016bdas saugiai dirbti auk\u0161tyje Saugus darbas auk\u0161tyje - vis didesnis r\u016bpestis \u012fmon\u0117ms, kurioms r\u016bpi darbuotoj\u0173 gerov\u0117. Sveikatos ir saugos vykdomosios institucijos (HSE, 2021 m. lapkritis) duomenimis, viena i\u0161 da\u017eniausi\u0173 mirtin\u0173 nelaiming\u0173 atsitikim\u0173 ir sunki\u0173 su\u017ealojim\u0173 dirbant auk\u0161tyje prie\u017eas\u010di\u0173 ... <\/p>\n<p class=\"link-more\"><a href=\"https:\/\/powertowers.com\/lt\/benefits\/\" class=\"more-link\">Toliau skaityti<span class=\"screen-reader-text\"> \"Privalumai\"<\/span><\/a><\/p>","protected":false},"author":1,"featured_media":0,"parent":0,"menu_order":0,"comment_status":"closed","ping_status":"closed","template":"elementor_header_footer","meta":{"content-type":"","footnotes":""},"class_list":["post-123","page","type-page","status-publish","hentry","entry"],"yoast_head":"<!-- This site is optimized with the Yoast SEO plugin v27.4 - https:\/\/yoast.com\/product\/yoast-seo-wordpress\/ -->\n<title>Work at height safely | Power Towers<\/title>\n<meta name=\"description\" content=\"Safety Managers are concerned about falls from height. At Power Towers our products are fully guarded using handrail protection to keep the operator safe\" \/>\n<meta name=\"robots\" content=\"index, follow, max-snippet:-1, max-image-preview:large, max-video-preview:-1\" \/>\n<link rel=\"canonical\" href=\"https:\/\/powertowers.com\/lt\/ismokos\/\" \/>\n<meta property=\"og:locale\" content=\"lt_LT\" \/>\n<meta property=\"og:type\" content=\"article\" \/>\n<meta property=\"og:title\" content=\"Work at height safely | Power Towers\" \/>\n<meta property=\"og:description\" content=\"Safety Managers are concerned about falls from height. At Power Towers our products are fully guarded using handrail protection to keep the operator safe\" \/>\n<meta property=\"og:url\" content=\"https:\/\/powertowers.com\/lt\/ismokos\/\" \/>\n<meta property=\"og:site_name\" content=\"Power Towers\" \/>\n<meta property=\"article:modified_time\" content=\"2025-09-11T11:50:47+00:00\" \/>\n<meta property=\"og:image\" content=\"https:\/\/37.148.206.186\/wp-content\/uploads\/2022\/01\/ECOLIFT_PECOLIFT_APPLICATION_02.jpg\" \/>\n<meta name=\"twitter:card\" content=\"summary_large_image\" \/>\n<meta name=\"twitter:label1\" content=\"Est. reading time\" \/>\n\t<meta name=\"twitter:data1\" content=\"2 minut\u0117s\" \/>\n<script type=\"application\/ld+json\" class=\"yoast-schema-graph\">{\"@context\":\"https:\\\/\\\/schema.org\",\"@graph\":[{\"@type\":\"WebPage\",\"@id\":\"https:\\\/\\\/powertowers.com\\\/es\\\/beneficios\\\/\",\"url\":\"https:\\\/\\\/powertowers.com\\\/es\\\/beneficios\\\/\",\"name\":\"Work at height safely | Power Towers\",\"isPartOf\":{\"@id\":\"https:\\\/\\\/powertowers.com\\\/nl\\\/#website\"},\"primaryImageOfPage\":{\"@id\":\"https:\\\/\\\/powertowers.com\\\/es\\\/beneficios\\\/#primaryimage\"},\"image\":{\"@id\":\"https:\\\/\\\/powertowers.com\\\/es\\\/beneficios\\\/#primaryimage\"},\"thumbnailUrl\":\"https:\\\/\\\/37.148.206.186\\\/wp-content\\\/uploads\\\/2022\\\/01\\\/ECOLIFT_PECOLIFT_APPLICATION_02.jpg\",\"datePublished\":\"2021-12-14T16:09:51+00:00\",\"dateModified\":\"2025-09-11T11:50:47+00:00\",\"description\":\"Safety Managers are concerned about falls from height. At Power Towers our products are fully guarded using handrail protection to keep the operator safe\",\"breadcrumb\":{\"@id\":\"https:\\\/\\\/powertowers.com\\\/es\\\/beneficios\\\/#breadcrumb\"},\"inLanguage\":\"lt-LT\",\"potentialAction\":[{\"@type\":\"ReadAction\",\"target\":[\"https:\\\/\\\/powertowers.com\\\/es\\\/beneficios\\\/\"]}]},{\"@type\":\"ImageObject\",\"inLanguage\":\"lt-LT\",\"@id\":\"https:\\\/\\\/powertowers.com\\\/es\\\/beneficios\\\/#primaryimage\",\"url\":\"https:\\\/\\\/37.148.206.186\\\/wp-content\\\/uploads\\\/2022\\\/01\\\/ECOLIFT_PECOLIFT_APPLICATION_02.jpg\",\"contentUrl\":\"https:\\\/\\\/37.148.206.186\\\/wp-content\\\/uploads\\\/2022\\\/01\\\/ECOLIFT_PECOLIFT_APPLICATION_02.jpg\"},{\"@type\":\"BreadcrumbList\",\"@id\":\"https:\\\/\\\/powertowers.com\\\/es\\\/beneficios\\\/#breadcrumb\",\"itemListElement\":[{\"@type\":\"ListItem\",\"position\":1,\"name\":\"Home\",\"item\":\"https:\\\/\\\/powertowers.com\\\/nl\\\/\"},{\"@type\":\"ListItem\",\"position\":2,\"name\":\"Benefits\"}]},{\"@type\":\"WebSite\",\"@id\":\"https:\\\/\\\/powertowers.com\\\/nl\\\/#website\",\"url\":\"https:\\\/\\\/powertowers.com\\\/nl\\\/\",\"name\":\"Power Towers\",\"description\":\"The alternative to ladders, podiums and scaffolding.\",\"publisher\":{\"@id\":\"https:\\\/\\\/powertowers.com\\\/nl\\\/#organization\"},\"potentialAction\":[{\"@type\":\"SearchAction\",\"target\":{\"@type\":\"EntryPoint\",\"urlTemplate\":\"https:\\\/\\\/powertowers.com\\\/nl\\\/?s={search_term_string}\"},\"query-input\":{\"@type\":\"PropertyValueSpecification\",\"valueRequired\":true,\"valueName\":\"search_term_string\"}}],\"inLanguage\":\"lt-LT\"},{\"@type\":\"Organization\",\"@id\":\"https:\\\/\\\/powertowers.com\\\/nl\\\/#organization\",\"name\":\"Power Towers Ltd.\",\"url\":\"https:\\\/\\\/powertowers.com\\\/nl\\\/\",\"logo\":{\"@type\":\"ImageObject\",\"inLanguage\":\"lt-LT\",\"@id\":\"https:\\\/\\\/powertowers.com\\\/nl\\\/#\\\/schema\\\/logo\\\/image\\\/\",\"url\":\"https:\\\/\\\/37.148.206.186\\\/wp-content\\\/uploads\\\/2021\\\/12\\\/power-towers-new-logo-outline-1024px.png\",\"contentUrl\":\"https:\\\/\\\/37.148.206.186\\\/wp-content\\\/uploads\\\/2021\\\/12\\\/power-towers-new-logo-outline-1024px.png\",\"width\":1024,\"height\":209,\"caption\":\"Power Towers Ltd.\"},\"image\":{\"@id\":\"https:\\\/\\\/powertowers.com\\\/nl\\\/#\\\/schema\\\/logo\\\/image\\\/\"}}]}<\/script>\n<!-- \/ Yoast SEO plugin. -->","yoast_head_json":{"title":"Saugus darbas auk\u0161tyje | Power Towers","description":"Saugos vadovai yra susir\u016bpin\u0119 d\u0117l kritim\u0173 i\u0161 auk\u0161\u010dio. \"Power Towers\" m\u016bs\u0173 gaminiai yra visi\u0161kai apsaugoti naudojant tur\u0117klus, kad operatorius b\u016bt\u0173 saugus.","robots":{"index":"index","follow":"follow","max-snippet":"max-snippet:-1","max-image-preview":"max-image-preview:large","max-video-preview":"max-video-preview:-1"},"canonical":"https:\/\/powertowers.com\/lt\/ismokos\/","og_locale":"lt_LT","og_type":"article","og_title":"Work at height safely | Power Towers","og_description":"Safety Managers are concerned about falls from height. At Power Towers our products are fully guarded using handrail protection to keep the operator safe","og_url":"https:\/\/powertowers.com\/lt\/ismokos\/","og_site_name":"Power Towers","article_modified_time":"2025-09-11T11:50:47+00:00","og_image":[{"url":"https:\/\/37.148.206.186\/wp-content\/uploads\/2022\/01\/ECOLIFT_PECOLIFT_APPLICATION_02.jpg","type":"","width":"","height":""}],"twitter_card":"summary_large_image","twitter_misc":{"Est. reading time":"2 minut\u0117s"},"schema":{"@context":"https:\/\/schema.org","@graph":[{"@type":"WebPage","@id":"https:\/\/powertowers.com\/es\/beneficios\/","url":"https:\/\/powertowers.com\/es\/beneficios\/","name":"Saugus darbas auk\u0161tyje | Power Towers","isPartOf":{"@id":"https:\/\/powertowers.com\/nl\/#website"},"primaryImageOfPage":{"@id":"https:\/\/powertowers.com\/es\/beneficios\/#primaryimage"},"image":{"@id":"https:\/\/powertowers.com\/es\/beneficios\/#primaryimage"},"thumbnailUrl":"https:\/\/37.148.206.186\/wp-content\/uploads\/2022\/01\/ECOLIFT_PECOLIFT_APPLICATION_02.jpg","datePublished":"2021-12-14T16:09:51+00:00","dateModified":"2025-09-11T11:50:47+00:00","description":"Saugos vadovai yra susir\u016bpin\u0119 d\u0117l kritim\u0173 i\u0161 auk\u0161\u010dio. \"Power Towers\" m\u016bs\u0173 gaminiai yra visi\u0161kai apsaugoti naudojant tur\u0117klus, kad operatorius b\u016bt\u0173 saugus.","breadcrumb":{"@id":"https:\/\/powertowers.com\/es\/beneficios\/#breadcrumb"},"inLanguage":"lt-LT","potentialAction":[{"@type":"ReadAction","target":["https:\/\/powertowers.com\/es\/beneficios\/"]}]},{"@type":"ImageObject","inLanguage":"lt-LT","@id":"https:\/\/powertowers.com\/es\/beneficios\/#primaryimage","url":"https:\/\/37.148.206.186\/wp-content\/uploads\/2022\/01\/ECOLIFT_PECOLIFT_APPLICATION_02.jpg","contentUrl":"https:\/\/37.148.206.186\/wp-content\/uploads\/2022\/01\/ECOLIFT_PECOLIFT_APPLICATION_02.jpg"},{"@type":"BreadcrumbList","@id":"https:\/\/powertowers.com\/es\/beneficios\/#breadcrumb","itemListElement":[{"@type":"ListItem","position":1,"name":"Home","item":"https:\/\/powertowers.com\/nl\/"},{"@type":"ListItem","position":2,"name":"Benefits"}]},{"@type":"WebSite","@id":"https:\/\/powertowers.com\/nl\/#website","url":"https:\/\/powertowers.com\/nl\/","name":"Maitinimo bok\u0161tai","description":"Alternatyva kop\u0117\u010dioms, pakyloms ir pastoliams.","publisher":{"@id":"https:\/\/powertowers.com\/nl\/#organization"},"potentialAction":[{"@type":"SearchAction","target":{"@type":"EntryPoint","urlTemplate":"https:\/\/powertowers.com\/nl\/?s={search_term_string}"},"query-input":{"@type":"PropertyValueSpecification","valueRequired":true,"valueName":"search_term_string"}}],"inLanguage":"lt-LT"},{"@type":"Organization","@id":"https:\/\/powertowers.com\/nl\/#organization","name":"Power Towers Ltd.","url":"https:\/\/powertowers.com\/nl\/","logo":{"@type":"ImageObject","inLanguage":"lt-LT","@id":"https:\/\/powertowers.com\/nl\/#\/schema\/logo\/image\/","url":"https:\/\/37.148.206.186\/wp-content\/uploads\/2021\/12\/power-towers-new-logo-outline-1024px.png","contentUrl":"https:\/\/37.148.206.186\/wp-content\/uploads\/2021\/12\/power-towers-new-logo-outline-1024px.png","width":1024,"height":209,"caption":"Power Towers Ltd."},"image":{"@id":"https:\/\/powertowers.com\/nl\/#\/schema\/logo\/image\/"}}]}},"_links":{"self":[{"href":"https:\/\/powertowers.com\/lt\/wp-json\/wp\/v2\/pages\/123","targetHints":{"allow":["GET"]}}],"collection":[{"href":"https:\/\/powertowers.com\/lt\/wp-json\/wp\/v2\/pages"}],"about":[{"href":"https:\/\/powertowers.com\/lt\/wp-json\/wp\/v2\/types\/page"}],"author":[{"embeddable":true,"href":"https:\/\/powertowers.com\/lt\/wp-json\/wp\/v2\/users\/1"}],"replies":[{"embeddable":true,"href":"https:\/\/powertowers.com\/lt\/wp-json\/wp\/v2\/comments?post=123"}],"version-history":[{"count":24,"href":"https:\/\/powertowers.com\/lt\/wp-json\/wp\/v2\/pages\/123\/revisions"}],"predecessor-version":[{"id":5730,"href":"https:\/\/powertowers.com\/lt\/wp-json\/wp\/v2\/pages\/123\/revisions\/5730"}],"wp:attachment":[{"href":"https:\/\/powertowers.com\/lt\/wp-json\/wp\/v2\/media?parent=123"}],"curies":[{"name":"wp","href":"https:\/\/api.w.org\/{rel}","templated":true}]}}