{"id":638,"date":"2022-01-10T12:48:03","date_gmt":"2022-01-10T12:48:03","guid":{"rendered":"https:\/\/37.148.206.186\/?page_id=638"},"modified":"2025-09-11T13:51:32","modified_gmt":"2025-09-11T11:51:32","slug":"la-famiglia-semovente","status":"publish","type":"page","link":"https:\/\/powertowers.com\/it\/the-self-propelled-family\/","title":{"rendered":"Macchine semoventi"},"content":{"rendered":"<div data-elementor-type=\"wp-page\" data-elementor-id=\"638\" class=\"elementor elementor-638\" data-elementor-post-type=\"page\">\n\t\t\t\t\t\t<main class=\"elementor-section elementor-top-section elementor-element elementor-element-005134f elementor-section-boxed elementor-section-height-default elementor-section-height-default elementor-invisible\" data-id=\"005134f\" data-element_type=\"section\" data-e-type=\"section\" data-settings=\"{&quot;animation&quot;:&quot;slideInDown&quot;}\">\n\t\t\t\t\t\t<div class=\"elementor-container elementor-column-gap-default\">\n\t\t\t\t\t<div class=\"elementor-column elementor-col-100 elementor-top-column elementor-element elementor-element-b6ba170\" data-id=\"b6ba170\" data-element_type=\"column\" data-e-type=\"column\">\n\t\t\t<div class=\"elementor-widget-wrap elementor-element-populated\">\n\t\t\t\t\t\t<div class=\"elementor-element elementor-element-8290da6 elementor-widget elementor-widget-heading\" data-id=\"8290da6\" data-element_type=\"widget\" data-e-type=\"widget\" data-widget_type=\"heading.default\">\n\t\t\t\t<div class=\"elementor-widget-container\">\n\t\t\t\t\t<h1 class=\"elementor-heading-title elementor-size-default\">LA LINEA DEI SEMOVENTI<\/h1>\t\t\t\t<\/div>\n\t\t\t\t<\/div>\n\t\t\t\t<div class=\"elementor-element elementor-element-4019f0e elementor-widget elementor-widget-heading\" data-id=\"4019f0e\" data-element_type=\"widget\" data-e-type=\"widget\" data-widget_type=\"heading.default\">\n\t\t\t\t<div class=\"elementor-widget-container\">\n\t\t\t\t\t<h2 class=\"elementor-heading-title elementor-size-default\">Macchine semoventi, leggere e di basso livello<\/h2>\t\t\t\t<\/div>\n\t\t\t\t<\/div>\n\t\t\t\t\t<\/div>\n\t\t<\/div>\n\t\t\t\t\t<\/div>\n\t\t<\/main>\n\t\t\t\t<main class=\"elementor-section elementor-top-section elementor-element elementor-element-20dd2a6 elementor-section-boxed elementor-section-height-default elementor-section-height-default elementor-invisible\" data-id=\"20dd2a6\" data-element_type=\"section\" data-e-type=\"section\" data-settings=\"{&quot;animation&quot;:&quot;slideInUp&quot;}\">\n\t\t\t\t\t\t<div class=\"elementor-container elementor-column-gap-default\">\n\t\t\t\t\t<div class=\"elementor-column elementor-col-50 elementor-top-column elementor-element elementor-element-7f50de8\" data-id=\"7f50de8\" data-element_type=\"column\" data-e-type=\"column\" data-settings=\"{&quot;background_background&quot;:&quot;classic&quot;}\">\n\t\t\t<div class=\"elementor-widget-wrap elementor-element-populated\">\n\t\t\t\t\t\t<div class=\"elementor-element elementor-element-ed42a36 elementor-widget elementor-widget-image\" data-id=\"ed42a36\" data-element_type=\"widget\" data-e-type=\"widget\" data-widget_type=\"image.default\">\n\t\t\t\t<div class=\"elementor-widget-container\">\n\t\t\t\t\t\t\t\t\t\t\t\t\t\t\t\t<a href=\"https:\/\/powertowers.com\/it\/nano-sp\/\">\n\t\t\t\t\t\t\t<img fetchpriority=\"high\" decoding=\"async\" width=\"500\" height=\"500\" src=\"https:\/\/powertowers.com\/wp-content\/uploads\/2023\/04\/Nano-SP.jpg\" class=\"elementor-animation-shrink attachment-full size-full wp-image-3349\" alt=\"Nano SP\" srcset=\"https:\/\/powertowers.com\/wp-content\/uploads\/2023\/04\/Nano-SP.jpg 500w, https:\/\/powertowers.com\/wp-content\/uploads\/2023\/04\/Nano-SP-300x300.jpg 300w, https:\/\/powertowers.com\/wp-content\/uploads\/2023\/04\/Nano-SP-150x150.jpg 150w, https:\/\/powertowers.com\/wp-content\/uploads\/2023\/04\/Nano-SP-12x12.jpg 12w\" sizes=\"(max-width: 34.9rem) calc(100vw - 2rem), (max-width: 53rem) calc(8 * (100vw \/ 12)), (min-width: 53rem) calc(6 * (100vw \/ 12)), 100vw\" \/>\t\t\t\t\t\t\t\t<\/a>\n\t\t\t\t\t\t\t\t\t\t\t\t\t\t\t<\/div>\n\t\t\t\t<\/div>\n\t\t\t\t<div class=\"elementor-element elementor-element-031c932 elementor-widget elementor-widget-heading\" data-id=\"031c932\" data-element_type=\"widget\" data-e-type=\"widget\" data-widget_type=\"heading.default\">\n\t\t\t\t<div class=\"elementor-widget-container\">\n\t\t\t\t\t<h4 class=\"elementor-heading-title elementor-size-default\"><a href=\"https:\/\/powertowers.com\/it\/nano-sp\/\">Nano SP<\/a><\/h4>\t\t\t\t<\/div>\n\t\t\t\t<\/div>\n\t\t\t\t<div class=\"elementor-element elementor-element-b38350b elementor-widget elementor-widget-heading\" data-id=\"b38350b\" data-element_type=\"widget\" data-e-type=\"widget\" data-widget_type=\"heading.default\">\n\t\t\t\t<div class=\"elementor-widget-container\">\n\t\t\t\t\t<h4 class=\"elementor-heading-title elementor-size-default\">Soluzione semovente con ponte estensibile e altezza massima di lavoro di 4,5 m<\/h4>\t\t\t\t<\/div>\n\t\t\t\t<\/div>\n\t\t\t\t<div class=\"elementor-element elementor-element-05447f6 elementor-align-center elementor-widget elementor-widget-button\" data-id=\"05447f6\" data-element_type=\"widget\" data-e-type=\"widget\" data-widget_type=\"button.default\">\n\t\t\t\t<div class=\"elementor-widget-container\">\n\t\t\t\t\t\t\t\t\t<div class=\"elementor-button-wrapper\">\n\t\t\t\t\t<a class=\"elementor-button elementor-button-link elementor-size-sm\" href=\"https:\/\/powertowers.com\/it\/nano-sp\/\">\n\t\t\t\t\t\t<span class=\"elementor-button-content-wrapper\">\n\t\t\t\t\t\t\t\t\t<span class=\"elementor-button-text\">TUTTE LE SPECIFICHE<\/span>\n\t\t\t\t\t<\/span>\n\t\t\t\t\t<\/a>\n\t\t\t\t<\/div>\n\t\t\t\t\t\t\t\t<\/div>\n\t\t\t\t<\/div>\n\t\t\t\t\t<\/div>\n\t\t<\/div>\n\t\t\t\t<div class=\"elementor-column elementor-col-50 elementor-top-column elementor-element elementor-element-e4ab24a\" data-id=\"e4ab24a\" data-element_type=\"column\" data-e-type=\"column\" data-settings=\"{&quot;background_background&quot;:&quot;classic&quot;}\">\n\t\t\t<div class=\"elementor-widget-wrap elementor-element-populated\">\n\t\t\t\t\t\t<div class=\"elementor-element elementor-element-52cf7b6 elementor-widget elementor-widget-image\" data-id=\"52cf7b6\" data-element_type=\"widget\" data-e-type=\"widget\" data-widget_type=\"image.default\">\n\t\t\t\t<div class=\"elementor-widget-container\">\n\t\t\t\t\t\t\t\t\t\t\t\t\t\t\t\t<a href=\"https:\/\/powertowers.com\/it\/nano-sp-plus\/\">\n\t\t\t\t\t\t\t<img decoding=\"async\" width=\"500\" height=\"500\" src=\"https:\/\/powertowers.com\/wp-content\/uploads\/2023\/04\/Nano-SP-1.jpg\" class=\"elementor-animation-shrink attachment-full size-full wp-image-3350\" alt=\"Nano SP Plus\" srcset=\"https:\/\/powertowers.com\/wp-content\/uploads\/2023\/04\/Nano-SP-1.jpg 500w, https:\/\/powertowers.com\/wp-content\/uploads\/2023\/04\/Nano-SP-1-300x300.jpg 300w, https:\/\/powertowers.com\/wp-content\/uploads\/2023\/04\/Nano-SP-1-150x150.jpg 150w, https:\/\/powertowers.com\/wp-content\/uploads\/2023\/04\/Nano-SP-1-12x12.jpg 12w\" sizes=\"(max-width: 34.9rem) calc(100vw - 2rem), (max-width: 53rem) calc(8 * (100vw \/ 12)), (min-width: 53rem) calc(6 * (100vw \/ 12)), 100vw\" \/>\t\t\t\t\t\t\t\t<\/a>\n\t\t\t\t\t\t\t\t\t\t\t\t\t\t\t<\/div>\n\t\t\t\t<\/div>\n\t\t\t\t<div class=\"elementor-element elementor-element-cff612f elementor-widget elementor-widget-heading\" data-id=\"cff612f\" data-element_type=\"widget\" data-e-type=\"widget\" data-widget_type=\"heading.default\">\n\t\t\t\t<div class=\"elementor-widget-container\">\n\t\t\t\t\t<h4 class=\"elementor-heading-title elementor-size-default\"><a href=\"https:\/\/powertowers.com\/it\/nano-sp-plus\/\">NANO SP PLUS<\/a><\/h4>\t\t\t\t<\/div>\n\t\t\t\t<\/div>\n\t\t\t\t<div class=\"elementor-element elementor-element-56122d9 elementor-widget elementor-widget-heading\" data-id=\"56122d9\" data-element_type=\"widget\" data-e-type=\"widget\" data-widget_type=\"heading.default\">\n\t\t\t\t<div class=\"elementor-widget-container\">\n\t\t\t\t\t<h4 class=\"elementor-heading-title elementor-size-default\">Soluzione semovente con un doppio ponte estensibile e un'altezza massima di lavoro di 4,5 m<\/h4>\t\t\t\t<\/div>\n\t\t\t\t<\/div>\n\t\t\t\t<div class=\"elementor-element elementor-element-f74219b elementor-align-center elementor-widget elementor-widget-button\" data-id=\"f74219b\" data-element_type=\"widget\" data-e-type=\"widget\" data-widget_type=\"button.default\">\n\t\t\t\t<div class=\"elementor-widget-container\">\n\t\t\t\t\t\t\t\t\t<div class=\"elementor-button-wrapper\">\n\t\t\t\t\t<a class=\"elementor-button elementor-button-link elementor-size-sm\" href=\"https:\/\/powertowers.com\/it\/nano-sp-plus\/\">\n\t\t\t\t\t\t<span class=\"elementor-button-content-wrapper\">\n\t\t\t\t\t\t\t\t\t<span class=\"elementor-button-text\">TUTTE LE SPECIFICHE<\/span>\n\t\t\t\t\t<\/span>\n\t\t\t\t\t<\/a>\n\t\t\t\t<\/div>\n\t\t\t\t\t\t\t\t<\/div>\n\t\t\t\t<\/div>\n\t\t\t\t\t<\/div>\n\t\t<\/div>\n\t\t\t\t\t<\/div>\n\t\t<\/main>\n\t\t\t\t<nav class=\"elementor-section elementor-top-section elementor-element elementor-element-4785a1c elementor-section-boxed elementor-section-height-default elementor-section-height-default elementor-invisible\" data-id=\"4785a1c\" data-element_type=\"section\" data-e-type=\"section\" data-settings=\"{&quot;animation&quot;:&quot;zoomIn&quot;}\">\n\t\t\t\t\t\t<div class=\"elementor-container elementor-column-gap-default\">\n\t\t\t\t\t<div class=\"elementor-column elementor-col-100 elementor-top-column elementor-element elementor-element-1d9abd9\" data-id=\"1d9abd9\" data-element_type=\"column\" data-e-type=\"column\">\n\t\t\t<div class=\"elementor-widget-wrap elementor-element-populated\">\n\t\t\t\t\t\t<section class=\"elementor-section elementor-inner-section elementor-element elementor-element-57e2c61 elementor-section-content-bottom elementor-section-boxed elementor-section-height-default elementor-section-height-default\" data-id=\"57e2c61\" data-element_type=\"section\" data-e-type=\"section\">\n\t\t\t\t\t\t<div class=\"elementor-container elementor-column-gap-default\">\n\t\t\t\t\t<div class=\"elementor-column elementor-col-50 elementor-inner-column elementor-element elementor-element-7f6d226\" data-id=\"7f6d226\" data-element_type=\"column\" data-e-type=\"column\">\n\t\t\t<div class=\"elementor-widget-wrap elementor-element-populated\">\n\t\t\t\t\t\t<div class=\"elementor-element elementor-element-e1a5159 elementor-align-right elementor-mobile-align-center elementor-widget elementor-widget-button\" data-id=\"e1a5159\" data-element_type=\"widget\" data-e-type=\"widget\" data-widget_type=\"button.default\">\n\t\t\t\t<div class=\"elementor-widget-container\">\n\t\t\t\t\t\t\t\t\t<div class=\"elementor-button-wrapper\">\n\t\t\t\t\t<a class=\"elementor-button elementor-button-link elementor-size-md\" href=\"https:\/\/powertowers.com\/it\/demo\/\">\n\t\t\t\t\t\t<span class=\"elementor-button-content-wrapper\">\n\t\t\t\t\t\t\t\t\t<span class=\"elementor-button-text\">Voglio una demo<\/span>\n\t\t\t\t\t<\/span>\n\t\t\t\t\t<\/a>\n\t\t\t\t<\/div>\n\t\t\t\t\t\t\t\t<\/div>\n\t\t\t\t<\/div>\n\t\t\t\t\t<\/div>\n\t\t<\/div>\n\t\t\t\t<div class=\"elementor-column elementor-col-50 elementor-inner-column elementor-element elementor-element-aa622a6\" data-id=\"aa622a6\" data-element_type=\"column\" data-e-type=\"column\">\n\t\t\t<div class=\"elementor-widget-wrap elementor-element-populated\">\n\t\t\t\t\t\t<div class=\"elementor-element elementor-element-0dab248 elementor-align-left elementor-mobile-align-center elementor-widget elementor-widget-button\" data-id=\"0dab248\" data-element_type=\"widget\" data-e-type=\"widget\" data-widget_type=\"button.default\">\n\t\t\t\t<div class=\"elementor-widget-container\">\n\t\t\t\t\t\t\t\t\t<div class=\"elementor-button-wrapper\">\n\t\t\t\t\t<a class=\"elementor-button elementor-button-link elementor-size-md\" href=\"https:\/\/powertowers.com\/it\/quote\/\">\n\t\t\t\t\t\t<span class=\"elementor-button-content-wrapper\">\n\t\t\t\t\t\t\t\t\t<span class=\"elementor-button-text\">Voglio un preventivo<\/span>\n\t\t\t\t\t<\/span>\n\t\t\t\t\t<\/a>\n\t\t\t\t<\/div>\n\t\t\t\t\t\t\t\t<\/div>\n\t\t\t\t<\/div>\n\t\t\t\t\t<\/div>\n\t\t<\/div>\n\t\t\t\t\t<\/div>\n\t\t<\/section>\n\t\t\t\t\t<\/div>\n\t\t<\/div>\n\t\t\t\t\t<\/div>\n\t\t<\/nav>\n\t\t\t\t<article class=\"elementor-section elementor-top-section elementor-element elementor-element-6a1bff9 elementor-section-boxed elementor-section-height-default elementor-section-height-default\" data-id=\"6a1bff9\" data-element_type=\"section\" data-e-type=\"section\">\n\t\t\t\t\t\t<div class=\"elementor-container elementor-column-gap-default\">\n\t\t\t\t\t<div class=\"elementor-column elementor-col-50 elementor-top-column elementor-element elementor-element-3d5fc2f\" data-id=\"3d5fc2f\" data-element_type=\"column\" data-e-type=\"column\">\n\t\t\t<div class=\"elementor-widget-wrap elementor-element-populated\">\n\t\t\t\t\t\t<div class=\"elementor-element elementor-element-74d4f3d elementor-widget elementor-widget-text-editor\" data-id=\"74d4f3d\" data-element_type=\"widget\" data-e-type=\"widget\" data-widget_type=\"text-editor.default\">\n\t\t\t\t<div class=\"elementor-widget-container\">\n\t\t\t\t\t\t\t\t\t<p>Se state cercando un prodotto semovente per l'accesso a altezza ridotta, la nostra gamma di prodotti \u00e8 leggera e offre fino a 4,5 m di altezza di lavoro (dipende dal modello). Queste piattaforme sono ideali quando l'applicazione richiede all'operatore di spostarsi rapidamente o ha bisogno di spostare la piattaforma mentre si lavora in quota. Questo elimina la necessit\u00e0 di salire e scendere per poter spostare la macchina in un'altra posizione. La produttivit\u00e0 \u00e8 migliorata quando si utilizzano queste macchine: fino a 12 volte pi\u00f9 veloce rispetto alle forme tradizionali di accesso come trabattelli, podi o scale a pioli.<\/p><p>La Nano SP e la Nano SP Plus hanno un ingombro molto ridotto per manovrare in spazi di lavoro molto congestionati e una grande area di lavoro quando si utilizza l'opzione della piattaforma a sbalzo, il che lo rende ideale per poter lavorare sopra gli ostacoli. La Nano SP \u00e8 la scelta preferita quando l'applicazione richiede un ingombro minore, un peso minore e un'area di piattaforma pi\u00f9 ampia.<\/p><p>Queste macchine sono pi\u00f9 sicure, pi\u00f9 comode, pi\u00f9 efficienti e un'alternativa economica ai gradini del podio o ai trabattelli.  Si sale sulla piattaforma completamente protetta, si guida fino all'applicazione di lavoro e si solleva all'altezza desiderata. L'operatore ha spazio sufficiente per muoversi e lavorare in una posizione comoda per lunghi periodi di tempo. Rimanere in altezza e guidare facilmente verso un'altra area di lavoro per massimizzare l'efficienza.<\/p><p><a href=\"https:\/\/powertowers.com\/it\/benefici\/\">Per saperne di pi\u00f9 sulla gamma di prodotti Power Towers benefici qui!<\/a><\/p>\t\t\t\t\t\t\t\t<\/div>\n\t\t\t\t<\/div>\n\t\t\t\t\t<\/div>\n\t\t<\/div>\n\t\t\t\t<div class=\"elementor-column elementor-col-50 elementor-top-column elementor-element elementor-element-4439ce2\" data-id=\"4439ce2\" data-element_type=\"column\" data-e-type=\"column\">\n\t\t\t<div class=\"elementor-widget-wrap elementor-element-populated\">\n\t\t\t\t\t\t<div class=\"elementor-element elementor-element-362d326 elementor-widget elementor-widget-text-editor\" data-id=\"362d326\" data-element_type=\"widget\" data-e-type=\"widget\" data-widget_type=\"text-editor.default\">\n\t\t\t\t<div class=\"elementor-widget-container\">\n\t\t\t\t\t\t\t\t\t<p><strong>Caratteristiche e benefici:<\/strong><\/p>\n<ul>\n<li>Entrare nella piattaforma da terra ed entrare in uno spazio di lavoro completamente protetto<\/li>\n<li>Facile da usare, basta premere un pulsante per elevare la piattaforma<\/li>\n<li>Piattaforma regolabile per lavorare all'altezza desiderata<\/li>\n<li>Discesa di emergenza da terra<\/li>\n<li>Allarme acustico di salita, discesa e guida<\/li>\n<li>Circuito idraulico di sicurezza completo di valvola di non ritorno sul cilindro di sollevamento<\/li>\n<li>Passa attraverso porte singole standard e negli ascensori<\/li>\n<li>Compatto - ideale per un facile immagazzinamento<\/li>\n<li>Peso leggero, ideale per pavimenti delicati<\/li>\n<li>La Nano SP e SP Plus raggiungono un'altezza di lavoro di 4,5 m<\/li>\n<\/ul>\t\t\t\t\t\t\t\t<\/div>\n\t\t\t\t<\/div>\n\t\t\t\t\t<\/div>\n\t\t<\/div>\n\t\t\t\t\t<\/div>\n\t\t<\/article>\n\t\t\t\t<\/div>","protected":false},"excerpt":{"rendered":"<p>LA FAMIGLIA AUTOPROPELLENTE Macchine semoventi leggere e di basso livello Nano SP Soluzione semovente con un ponte estensibile e un'altezza massima di lavoro di 4,5 m CONTROLLA TUTTE LE SPECIFICHE NANO SP PLUS Soluzione semovente con un doppio ponte estensibile e un'altezza massima di lavoro di 4,5 m CONTROLLA TUTTE LE SPECIFICHE Voglio una dimostrazione Voglio un preventivo ... <\/p>\n<p class=\"link-more\"><a href=\"https:\/\/powertowers.com\/it\/the-self-propelled-family\/\" class=\"more-link\">Leggi tutto<span class=\"screen-reader-text\"> \"La famiglia semovente\"<\/span><\/a><\/p>","protected":false},"author":1,"featured_media":0,"parent":0,"menu_order":0,"comment_status":"closed","ping_status":"closed","template":"elementor_header_footer","meta":{"content-type":"","footnotes":""},"class_list":["post-638","page","type-page","status-publish","hentry","entry"],"yoast_head":"<!-- This site is optimized with the Yoast SEO plugin v27.4 - https:\/\/yoast.com\/product\/yoast-seo-wordpress\/ -->\n<title>Self-Propelled Extendable Work Platforms | Power Towers<\/title>\n<meta name=\"description\" content=\"Discover Power Towers self-propelled working platforms, up to 4.5m height. Safer and intuitive. An alternative to scaffolding and ladders. Learn more!\" \/>\n<meta name=\"robots\" content=\"index, follow, max-snippet:-1, max-image-preview:large, max-video-preview:-1\" \/>\n<link rel=\"canonical\" href=\"https:\/\/powertowers.com\/it\/la-famiglia-semovente\/\" \/>\n<meta property=\"og:locale\" content=\"it_IT\" \/>\n<meta property=\"og:type\" content=\"article\" \/>\n<meta property=\"og:title\" content=\"Self-Propelled Extendable Work Platforms | Power Towers\" \/>\n<meta property=\"og:description\" content=\"Discover Power Towers self-propelled working platforms, up to 4.5m height. Safer and intuitive. An alternative to scaffolding and ladders. Learn more!\" \/>\n<meta property=\"og:url\" content=\"https:\/\/powertowers.com\/it\/la-famiglia-semovente\/\" \/>\n<meta property=\"og:site_name\" content=\"Power Towers\" \/>\n<meta property=\"article:modified_time\" content=\"2025-09-11T11:51:32+00:00\" \/>\n<meta property=\"og:image\" content=\"https:\/\/37.148.206.186\/wp-content\/uploads\/2023\/04\/Nano-SP.jpg\" \/>\n<meta name=\"twitter:card\" content=\"summary_large_image\" \/>\n<meta name=\"twitter:label1\" content=\"Tempo di lettura stimato\" \/>\n\t<meta name=\"twitter:data1\" content=\"2 minuti\" \/>\n<script type=\"application\/ld+json\" class=\"yoast-schema-graph\">{\"@context\":\"https:\\\/\\\/schema.org\",\"@graph\":[{\"@type\":\"WebPage\",\"@id\":\"https:\\\/\\\/powertowers.com\\\/es\\\/la-familia-autopropulsada\\\/\",\"url\":\"https:\\\/\\\/powertowers.com\\\/es\\\/la-familia-autopropulsada\\\/\",\"name\":\"Self-Propelled Extendable Work Platforms | Power Towers\",\"isPartOf\":{\"@id\":\"https:\\\/\\\/powertowers.com\\\/nl\\\/#website\"},\"primaryImageOfPage\":{\"@id\":\"https:\\\/\\\/powertowers.com\\\/es\\\/la-familia-autopropulsada\\\/#primaryimage\"},\"image\":{\"@id\":\"https:\\\/\\\/powertowers.com\\\/es\\\/la-familia-autopropulsada\\\/#primaryimage\"},\"thumbnailUrl\":\"https:\\\/\\\/37.148.206.186\\\/wp-content\\\/uploads\\\/2023\\\/04\\\/Nano-SP.jpg\",\"datePublished\":\"2022-01-10T12:48:03+00:00\",\"dateModified\":\"2025-09-11T11:51:32+00:00\",\"description\":\"Discover Power Towers self-propelled working platforms, up to 4.5m height. Safer and intuitive. An alternative to scaffolding and ladders. Learn more!\",\"breadcrumb\":{\"@id\":\"https:\\\/\\\/powertowers.com\\\/es\\\/la-familia-autopropulsada\\\/#breadcrumb\"},\"inLanguage\":\"it-IT\",\"potentialAction\":[{\"@type\":\"ReadAction\",\"target\":[\"https:\\\/\\\/powertowers.com\\\/es\\\/la-familia-autopropulsada\\\/\"]}]},{\"@type\":\"ImageObject\",\"inLanguage\":\"it-IT\",\"@id\":\"https:\\\/\\\/powertowers.com\\\/es\\\/la-familia-autopropulsada\\\/#primaryimage\",\"url\":\"https:\\\/\\\/37.148.206.186\\\/wp-content\\\/uploads\\\/2023\\\/04\\\/Nano-SP.jpg\",\"contentUrl\":\"https:\\\/\\\/37.148.206.186\\\/wp-content\\\/uploads\\\/2023\\\/04\\\/Nano-SP.jpg\"},{\"@type\":\"BreadcrumbList\",\"@id\":\"https:\\\/\\\/powertowers.com\\\/es\\\/la-familia-autopropulsada\\\/#breadcrumb\",\"itemListElement\":[{\"@type\":\"ListItem\",\"position\":1,\"name\":\"Home\",\"item\":\"https:\\\/\\\/powertowers.com\\\/nl\\\/\"},{\"@type\":\"ListItem\",\"position\":2,\"name\":\"The self-propelled family\"}]},{\"@type\":\"WebSite\",\"@id\":\"https:\\\/\\\/powertowers.com\\\/nl\\\/#website\",\"url\":\"https:\\\/\\\/powertowers.com\\\/nl\\\/\",\"name\":\"Power Towers\",\"description\":\"The alternative to ladders, podiums and scaffolding.\",\"publisher\":{\"@id\":\"https:\\\/\\\/powertowers.com\\\/nl\\\/#organization\"},\"potentialAction\":[{\"@type\":\"SearchAction\",\"target\":{\"@type\":\"EntryPoint\",\"urlTemplate\":\"https:\\\/\\\/powertowers.com\\\/nl\\\/?s={search_term_string}\"},\"query-input\":{\"@type\":\"PropertyValueSpecification\",\"valueRequired\":true,\"valueName\":\"search_term_string\"}}],\"inLanguage\":\"it-IT\"},{\"@type\":\"Organization\",\"@id\":\"https:\\\/\\\/powertowers.com\\\/nl\\\/#organization\",\"name\":\"Power Towers Ltd.\",\"url\":\"https:\\\/\\\/powertowers.com\\\/nl\\\/\",\"logo\":{\"@type\":\"ImageObject\",\"inLanguage\":\"it-IT\",\"@id\":\"https:\\\/\\\/powertowers.com\\\/nl\\\/#\\\/schema\\\/logo\\\/image\\\/\",\"url\":\"https:\\\/\\\/37.148.206.186\\\/wp-content\\\/uploads\\\/2021\\\/12\\\/power-towers-new-logo-outline-1024px.png\",\"contentUrl\":\"https:\\\/\\\/37.148.206.186\\\/wp-content\\\/uploads\\\/2021\\\/12\\\/power-towers-new-logo-outline-1024px.png\",\"width\":1024,\"height\":209,\"caption\":\"Power Towers Ltd.\"},\"image\":{\"@id\":\"https:\\\/\\\/powertowers.com\\\/nl\\\/#\\\/schema\\\/logo\\\/image\\\/\"}}]}<\/script>\n<!-- \/ Yoast SEO plugin. -->","yoast_head_json":{"title":"Piattaforme di lavoro estensibili semoventi | Power Towers","description":"Scoprite le piattaforme di lavoro semoventi Power Towers, fino a 4,5 m di altezza. Pi\u00f9 sicure e intuitive. Un'alternativa a ponteggi e scale. Per saperne di pi\u00f9!","robots":{"index":"index","follow":"follow","max-snippet":"max-snippet:-1","max-image-preview":"max-image-preview:large","max-video-preview":"max-video-preview:-1"},"canonical":"https:\/\/powertowers.com\/it\/la-famiglia-semovente\/","og_locale":"it_IT","og_type":"article","og_title":"Self-Propelled Extendable Work Platforms | Power Towers","og_description":"Discover Power Towers self-propelled working platforms, up to 4.5m height. Safer and intuitive. An alternative to scaffolding and ladders. Learn more!","og_url":"https:\/\/powertowers.com\/it\/la-famiglia-semovente\/","og_site_name":"Power Towers","article_modified_time":"2025-09-11T11:51:32+00:00","og_image":[{"url":"https:\/\/37.148.206.186\/wp-content\/uploads\/2023\/04\/Nano-SP.jpg","type":"","width":"","height":""}],"twitter_card":"summary_large_image","twitter_misc":{"Tempo di lettura stimato":"2 minuti"},"schema":{"@context":"https:\/\/schema.org","@graph":[{"@type":"WebPage","@id":"https:\/\/powertowers.com\/es\/la-familia-autopropulsada\/","url":"https:\/\/powertowers.com\/es\/la-familia-autopropulsada\/","name":"Piattaforme di lavoro estensibili semoventi | Power Towers","isPartOf":{"@id":"https:\/\/powertowers.com\/nl\/#website"},"primaryImageOfPage":{"@id":"https:\/\/powertowers.com\/es\/la-familia-autopropulsada\/#primaryimage"},"image":{"@id":"https:\/\/powertowers.com\/es\/la-familia-autopropulsada\/#primaryimage"},"thumbnailUrl":"https:\/\/37.148.206.186\/wp-content\/uploads\/2023\/04\/Nano-SP.jpg","datePublished":"2022-01-10T12:48:03+00:00","dateModified":"2025-09-11T11:51:32+00:00","description":"Scoprite le piattaforme di lavoro semoventi Power Towers, fino a 4,5 m di altezza. Pi\u00f9 sicure e intuitive. Un'alternativa a ponteggi e scale. Per saperne di pi\u00f9!","breadcrumb":{"@id":"https:\/\/powertowers.com\/es\/la-familia-autopropulsada\/#breadcrumb"},"inLanguage":"it-IT","potentialAction":[{"@type":"ReadAction","target":["https:\/\/powertowers.com\/es\/la-familia-autopropulsada\/"]}]},{"@type":"ImageObject","inLanguage":"it-IT","@id":"https:\/\/powertowers.com\/es\/la-familia-autopropulsada\/#primaryimage","url":"https:\/\/37.148.206.186\/wp-content\/uploads\/2023\/04\/Nano-SP.jpg","contentUrl":"https:\/\/37.148.206.186\/wp-content\/uploads\/2023\/04\/Nano-SP.jpg"},{"@type":"BreadcrumbList","@id":"https:\/\/powertowers.com\/es\/la-familia-autopropulsada\/#breadcrumb","itemListElement":[{"@type":"ListItem","position":1,"name":"Home","item":"https:\/\/powertowers.com\/nl\/"},{"@type":"ListItem","position":2,"name":"The self-propelled family"}]},{"@type":"WebSite","@id":"https:\/\/powertowers.com\/nl\/#website","url":"https:\/\/powertowers.com\/nl\/","name":"Power Towers","description":"L'alternativa a scale, podi e impalcature.","publisher":{"@id":"https:\/\/powertowers.com\/nl\/#organization"},"potentialAction":[{"@type":"SearchAction","target":{"@type":"EntryPoint","urlTemplate":"https:\/\/powertowers.com\/nl\/?s={search_term_string}"},"query-input":{"@type":"PropertyValueSpecification","valueRequired":true,"valueName":"search_term_string"}}],"inLanguage":"it-IT"},{"@type":"Organization","@id":"https:\/\/powertowers.com\/nl\/#organization","name":"Torri di potenza Ltd.","url":"https:\/\/powertowers.com\/nl\/","logo":{"@type":"ImageObject","inLanguage":"it-IT","@id":"https:\/\/powertowers.com\/nl\/#\/schema\/logo\/image\/","url":"https:\/\/37.148.206.186\/wp-content\/uploads\/2021\/12\/power-towers-new-logo-outline-1024px.png","contentUrl":"https:\/\/37.148.206.186\/wp-content\/uploads\/2021\/12\/power-towers-new-logo-outline-1024px.png","width":1024,"height":209,"caption":"Power Towers Ltd."},"image":{"@id":"https:\/\/powertowers.com\/nl\/#\/schema\/logo\/image\/"}}]}},"_links":{"self":[{"href":"https:\/\/powertowers.com\/it\/wp-json\/wp\/v2\/pages\/638","targetHints":{"allow":["GET"]}}],"collection":[{"href":"https:\/\/powertowers.com\/it\/wp-json\/wp\/v2\/pages"}],"about":[{"href":"https:\/\/powertowers.com\/it\/wp-json\/wp\/v2\/types\/page"}],"author":[{"embeddable":true,"href":"https:\/\/powertowers.com\/it\/wp-json\/wp\/v2\/users\/1"}],"replies":[{"embeddable":true,"href":"https:\/\/powertowers.com\/it\/wp-json\/wp\/v2\/comments?post=638"}],"version-history":[{"count":25,"href":"https:\/\/powertowers.com\/it\/wp-json\/wp\/v2\/pages\/638\/revisions"}],"predecessor-version":[{"id":5733,"href":"https:\/\/powertowers.com\/it\/wp-json\/wp\/v2\/pages\/638\/revisions\/5733"}],"wp:attachment":[{"href":"https:\/\/powertowers.com\/it\/wp-json\/wp\/v2\/media?parent=638"}],"curies":[{"name":"wp","href":"https:\/\/api.w.org\/{rel}","templated":true}]}}