{"id":4825,"date":"2024-05-11T12:56:10","date_gmt":"2024-05-11T10:56:10","guid":{"rendered":"https:\/\/37.148.206.186\/?page_id=4825"},"modified":"2025-09-11T14:16:34","modified_gmt":"2025-09-11T12:16:34","slug":"a-kompetenciahoz-vezeto-ut","status":"publish","type":"page","link":"https:\/\/powertowers.com\/hu\/path-to-competency\/","title":{"rendered":"\u00dat a kompetenci\u00e1hoz"},"content":{"rendered":"<div data-elementor-type=\"wp-page\" data-elementor-id=\"4825\" class=\"elementor elementor-4825\" data-elementor-post-type=\"page\">\n\t\t\t\t\t\t<main class=\"elementor-section elementor-top-section elementor-element elementor-element-8e1d4cc elementor-section-boxed elementor-section-height-default elementor-section-height-default elementor-invisible\" data-id=\"8e1d4cc\" data-element_type=\"section\" data-e-type=\"section\" data-settings=\"{&quot;animation&quot;:&quot;slideInLeft&quot;}\">\n\t\t\t\t\t\t<div class=\"elementor-container elementor-column-gap-default\">\n\t\t\t\t\t<div class=\"elementor-column elementor-col-100 elementor-top-column elementor-element elementor-element-effe1ac\" data-id=\"effe1ac\" data-element_type=\"column\" data-e-type=\"column\">\n\t\t\t<div class=\"elementor-widget-wrap elementor-element-populated\">\n\t\t\t\t\t\t<div class=\"elementor-element elementor-element-3116649 elementor-widget elementor-widget-heading\" data-id=\"3116649\" data-element_type=\"widget\" data-e-type=\"widget\" data-widget_type=\"heading.default\">\n\t\t\t\t<div class=\"elementor-widget-container\">\n\t\t\t\t\t<h1 class=\"elementor-heading-title elementor-size-default\">\u00dat a kompetenci\u00e1hoz<\/h1>\t\t\t\t<\/div>\n\t\t\t\t<\/div>\n\t\t\t\t\t<\/div>\n\t\t<\/div>\n\t\t\t\t\t<\/div>\n\t\t<\/main>\n\t\t<main class=\"elementor-element elementor-element-0ba1b56 e-flex e-con-boxed e-con e-parent\" data-id=\"0ba1b56\" data-element_type=\"container\" data-e-type=\"container\">\n\t\t\t\t\t<div class=\"e-con-inner\">\n\t\t\t\t<div class=\"elementor-element elementor-element-d1791ca elementor-invisible elementor-widget elementor-widget-image\" data-id=\"d1791ca\" data-element_type=\"widget\" data-e-type=\"widget\" data-settings=\"{&quot;_animation&quot;:&quot;slideInRight&quot;,&quot;_animation_delay&quot;:100}\" data-widget_type=\"image.default\">\n\t\t\t\t<div class=\"elementor-widget-container\">\n\t\t\t\t\t\t\t\t\t\t\t\t\t\t\t<img fetchpriority=\"high\" decoding=\"async\" width=\"1140\" height=\"643\" src=\"https:\/\/powertowers.com\/wp-content\/uploads\/2024\/06\/Path-to-Competency-1140.png\" class=\"attachment-full size-full wp-image-4936\" alt=\"jlg k\u00e9pz\u00e9si grafikon\" srcset=\"https:\/\/powertowers.com\/wp-content\/uploads\/2024\/06\/Path-to-Competency-1140.png 1140w, https:\/\/powertowers.com\/wp-content\/uploads\/2024\/06\/Path-to-Competency-1140-300x169.png 300w, https:\/\/powertowers.com\/wp-content\/uploads\/2024\/06\/Path-to-Competency-1140-1024x578.png 1024w, https:\/\/powertowers.com\/wp-content\/uploads\/2024\/06\/Path-to-Competency-1140-768x433.png 768w, https:\/\/powertowers.com\/wp-content\/uploads\/2024\/06\/Path-to-Competency-1140-18x10.png 18w\" sizes=\"(max-width: 34.9rem) calc(100vw - 2rem), (max-width: 53rem) calc(8 * (100vw \/ 12)), (min-width: 53rem) calc(6 * (100vw \/ 12)), 100vw\" \/>\t\t\t\t\t\t\t\t\t\t\t\t\t\t\t<\/div>\n\t\t\t\t<\/div>\n\t\t\t\t<div class=\"elementor-element elementor-element-8593d18 elementor-invisible elementor-widget elementor-widget-text-editor\" data-id=\"8593d18\" data-element_type=\"widget\" data-e-type=\"widget\" data-settings=\"{&quot;_animation&quot;:&quot;slideInRight&quot;}\" data-widget_type=\"text-editor.default\">\n\t\t\t\t<div class=\"elementor-widget-container\">\n\t\t\t\t\t\t\t\t\t<p>Ahhoz, hogy egy kezel\u0151 MEWP-t haszn\u00e1lhasson, a jogszab\u00e1lyok el\u0151\u00edrj\u00e1k, hogy a munk\u00e1ltat\u00f3j\u00e1nak el kell ismernie a hozz\u00e1\u00e9rt\u00e9s\u00e9t.<\/p>\n<p>A Power Towers a \"Path to Competency\" nev\u0171 megold\u00e1st k\u00edn\u00e1l a g\u00e9pek k\u00f6r\u00fcli speci\u00e1lis nyom\u00e1sra. Ez a megold\u00e1s biztos\u00edtja a munk\u00e1ltat\u00f3 \u00e9s az \u00fczemeltet\u0151 sz\u00e1m\u00e1ra azokat az er\u0151forr\u00e1sokat, amelyek sz\u00fcks\u00e9gesek ahhoz, hogy az \u00fczemeltet\u0151k megfelel\u0151en megismerkedjenek a k\u00fcl\u00f6nb\u00f6z\u0151 tol\u00f3g\u00e9pekkel. Az \"\u00dat a kompetenci\u00e1hoz\" programban szerepl\u0151 g\u00e9pek a k\u00f6vetkez\u0151k: Pecolift\/Ecolift, Ecolift Wind Rated, Nano 25\/35, Power Towers \u00e9s Power Towers Duo.  A \"Path to Competency\" (\u00dat a kompetenci\u00e1hoz) programot \u00fagy fejlesztett\u00e9k ki, hogy alapos, k\u00f6lts\u00e9g- \u00e9s id\u0151hat\u00e9kony megold\u00e1st ny\u00fajtson a kompetencia megszerz\u00e9s\u00e9hez.<\/p>\t\t\t\t\t\t\t\t<\/div>\n\t\t\t\t<\/div>\n\t\t\t\t<div class=\"elementor-element elementor-element-4662cf6 elementor-invisible elementor-widget elementor-widget-heading\" data-id=\"4662cf6\" data-element_type=\"widget\" data-e-type=\"widget\" data-settings=\"{&quot;_animation&quot;:&quot;slideInRight&quot;}\" data-widget_type=\"heading.default\">\n\t\t\t\t<div class=\"elementor-widget-container\">\n\t\t\t\t\t<h2 class=\"elementor-heading-title elementor-size-default\">Az \u00fczemeltet\u0151 sz\u00e1m\u00e1ra:<\/h2>\t\t\t\t<\/div>\n\t\t\t\t<\/div>\n\t\t\t\t<div class=\"elementor-element elementor-element-224dd89 elementor-invisible elementor-widget elementor-widget-text-editor\" data-id=\"224dd89\" data-element_type=\"widget\" data-e-type=\"widget\" data-settings=\"{&quot;_animation&quot;:&quot;slideInRight&quot;}\" data-widget_type=\"text-editor.default\">\n\t\t\t\t<div class=\"elementor-widget-container\">\n\t\t\t\t\t\t\t\t\t<p><strong>A. \u00fatvonal - Az \u00fczemeltet\u0151 nem rendelkezik \u00e9rv\u00e9nyes tan\u00fas\u00edt\u00e1ssal a MEWP-k haszn\u00e1lat\u00e1ra.<\/strong>.\u00a0<\/p><p>Az \u00fczemeltet\u0151 hozz\u00e1f\u00e9r egy 15 perces online ismerked\u00e9shez egy adott Power Towers term\u00e9khez (a fent eml\u00edtettek k\u00f6z\u00fcl).  Ha az \u00fczemeltet\u0151 30 k\u00e9rd\u00e9s megv\u00e1laszol\u00e1s\u00e1val sikeresen elv\u00e9gzi az online ismerked\u00e9st, a sikeres elv\u00e9gz\u00e9st elismer\u0151 jelv\u00e9nyt kap.\u00a0\u00a0 \u00a0\u00a0<\/p><p>Az \u00fczemeltet\u0151nek ezut\u00e1n egy gyakorlati foglalkoz\u00e1st kell v\u00e9geznie ugyanannak a term\u00e9knek a m\u0171k\u00f6dtet\u00e9s\u00e9vel, mik\u00f6zben egy elismert \u00e9rt\u00e9kel\u0151 (l\u00e1sd az \u00e9rt\u00e9kel\u0151re vonatkoz\u00f3 lehet\u0151s\u00e9geket al\u00e1bb) megfigyeli, hogy az \u00fczemeltet\u0151 meg\u00e9rtette-e a g\u00e9p megfelel\u0151 haszn\u00e1lat\u00e1t.<\/p><p>A JLG ezt az anyagot az\u00e9rt bocs\u00e1tja rendelkez\u00e9sre, hogy seg\u00edtse az \u00e9rt\u00e9kel\u0151t az \u00e9rt\u00e9kel\u00e9s elv\u00e9gz\u00e9s\u00e9ben. Kiz\u00e1r\u00f3lag a munk\u00e1ltat\u00f3 hat\u00e1rozhatja meg, hogy a kezel\u0151t kompetensnek tekintik-e.<\/p><p><strong>B \u00fat - Az \u00fczemeltet\u0151 m\u00e1r rendelkezik \u00e9rv\u00e9nyes tan\u00fas\u00edtv\u00e1nnyal a MEWP-k haszn\u00e1lat\u00e1ra.<\/strong><\/p><p>A MEWP-k haszn\u00e1lat\u00e1ra \u00e9rv\u00e9nyes tan\u00fas\u00edtv\u00e1nnyal rendelkez\u0151 \u00fczemeltet\u0151k sz\u00e1m\u00e1ra csak az \u00faj term\u00e9k haszn\u00e1lata el\u0151tt sz\u00fcks\u00e9ges az ismerked\u00e9s. Ez t\u00f6rt\u00e9nhet online betan\u00edt\u00e1ssal, gyakorlati betan\u00edt\u00e1ssal vagy a munk\u00e1ltat\u00f3 \u00e1ltal elegend\u0151nek \u00edt\u00e9lt egy\u00e9b m\u00f3dszerekkel.<\/p>\t\t\t\t\t\t\t\t<\/div>\n\t\t\t\t<\/div>\n\t\t\t\t<div class=\"elementor-element elementor-element-d341f65 elementor-invisible elementor-widget elementor-widget-heading\" data-id=\"d341f65\" data-element_type=\"widget\" data-e-type=\"widget\" data-settings=\"{&quot;_animation&quot;:&quot;slideInRight&quot;}\" data-widget_type=\"heading.default\">\n\t\t\t\t<div class=\"elementor-widget-container\">\n\t\t\t\t\t<h2 class=\"elementor-heading-title elementor-size-default\">Az \u00e9rt\u00e9kel\u0151 sz\u00e1m\u00e1ra: <\/h2>\t\t\t\t<\/div>\n\t\t\t\t<\/div>\n\t\t\t\t<div class=\"elementor-element elementor-element-b6c621e elementor-invisible elementor-widget elementor-widget-text-editor\" data-id=\"b6c621e\" data-element_type=\"widget\" data-e-type=\"widget\" data-settings=\"{&quot;_animation&quot;:&quot;slideInRight&quot;}\" data-widget_type=\"text-editor.default\">\n\t\t\t\t<div class=\"elementor-widget-container\">\n\t\t\t\t\t\t\t\t\t<p>A Power Towers egy \"Train the Evaluator\" tanfolyamot is k\u00edn\u00e1l a push around g\u00e9pekhez.  Ez az eg\u00e9sz napos tanfolyam biztos\u00edtja a r\u00e9sztvev\u0151k sz\u00e1m\u00e1ra a sz\u00fcks\u00e9ges ismereteket annak meg\u00e1llap\u00edt\u00e1s\u00e1hoz, hogy a kezel\u0151 megfelel\u0151en mutatja-e a tol\u00f3g\u00e9p haszn\u00e1lat\u00e1hoz sz\u00fcks\u00e9ges k\u00e9szs\u00e9geket.  A tanfolyam sikeres elv\u00e9gz\u00e9se ut\u00e1n a r\u00e9sztvev\u0151 elismeri, hogy megkapta az \u00e9rt\u00e9kel\u0151k\u00e9nt val\u00f3 m\u0171k\u00f6d\u00e9shez sz\u00fcks\u00e9ges inform\u00e1ci\u00f3kat.  Az \u00e9rt\u00e9kel\u0151 lehet a munk\u00e1ltat\u00f3 szem\u00e9lyzet\u00e9nek tagja vagy k\u00fcls\u0151 szem\u00e9ly.<\/p><p>Ha tov\u00e1bbi inform\u00e1ci\u00f3ra van sz\u00fcks\u00e9ge, forduljon hozz\u00e1nk bizalommal.<\/p>\t\t\t\t\t\t\t\t<\/div>\n\t\t\t\t<\/div>\n\t\t\t\t\t<\/div>\n\t\t\t\t<\/main>\n\t\t\t\t<nav class=\"elementor-section elementor-top-section elementor-element elementor-element-a2064f8 elementor-section-boxed elementor-section-height-default elementor-section-height-default elementor-invisible\" data-id=\"a2064f8\" data-element_type=\"section\" data-e-type=\"section\" data-settings=\"{&quot;animation&quot;:&quot;zoomIn&quot;}\">\n\t\t\t\t\t\t<div class=\"elementor-container elementor-column-gap-default\">\n\t\t\t\t\t<div class=\"elementor-column elementor-col-100 elementor-top-column elementor-element elementor-element-4267153\" data-id=\"4267153\" data-element_type=\"column\" data-e-type=\"column\">\n\t\t\t<div class=\"elementor-widget-wrap elementor-element-populated\">\n\t\t\t\t\t\t<section class=\"elementor-section elementor-inner-section elementor-element elementor-element-5863717 elementor-section-content-bottom elementor-section-boxed elementor-section-height-default elementor-section-height-default\" data-id=\"5863717\" data-element_type=\"section\" data-e-type=\"section\">\n\t\t\t\t\t\t<div class=\"elementor-container elementor-column-gap-default\">\n\t\t\t\t\t<div class=\"elementor-column elementor-col-100 elementor-inner-column elementor-element elementor-element-1e1b740\" data-id=\"1e1b740\" data-element_type=\"column\" data-e-type=\"column\">\n\t\t\t<div class=\"elementor-widget-wrap elementor-element-populated\">\n\t\t\t\t\t\t<div class=\"elementor-element elementor-element-0cf4de9 elementor-align-center elementor-mobile-align-center elementor-widget elementor-widget-button\" data-id=\"0cf4de9\" data-element_type=\"widget\" data-e-type=\"widget\" data-widget_type=\"button.default\">\n\t\t\t\t<div class=\"elementor-widget-container\">\n\t\t\t\t\t\t\t\t\t<div class=\"elementor-button-wrapper\">\n\t\t\t\t\t<a class=\"elementor-button elementor-button-link elementor-size-md\" href=\"https:\/\/powertowers.com\/hu\/a-kompetenciakhoz-vezeto-ut\/\">\n\t\t\t\t\t\t<span class=\"elementor-button-content-wrapper\">\n\t\t\t\t\t\t\t\t\t<span class=\"elementor-button-text\">T\u00f6bb inform\u00e1ci\u00f3t akarok<\/span>\n\t\t\t\t\t<\/span>\n\t\t\t\t\t<\/a>\n\t\t\t\t<\/div>\n\t\t\t\t\t\t\t\t<\/div>\n\t\t\t\t<\/div>\n\t\t\t\t\t<\/div>\n\t\t<\/div>\n\t\t\t\t\t<\/div>\n\t\t<\/section>\n\t\t\t\t\t<\/div>\n\t\t<\/div>\n\t\t\t\t\t<\/div>\n\t\t<\/nav>\n\t\t\t\t<\/div>","protected":false},"excerpt":{"rendered":"<p>Path to competency For an operator to use a MEWP, regulations require that he or she must be recognized as competent by his or her employer. Power Towers offers a solution called, \u201cPath to Competency,\u201d for specific push around machines. This solution provides the employer and the operator the resources needed to properly familiarize operators &hellip; <\/p>\n<p class=\"link-more\"><a href=\"https:\/\/powertowers.com\/hu\/path-to-competency\/\" class=\"more-link\"><span class=\"screen-reader-text\">\"\u00dat a kompetenci\u00e1hoz\"<\/span> b\u0151vebben<\/a><\/p>","protected":false},"author":1,"featured_media":0,"parent":0,"menu_order":0,"comment_status":"closed","ping_status":"closed","template":"elementor_header_footer","meta":{"content-type":"","footnotes":""},"class_list":["post-4825","page","type-page","status-publish","hentry","entry"],"yoast_head":"<!-- This site is optimized with the Yoast SEO plugin v27.4 - https:\/\/yoast.com\/product\/yoast-seo-wordpress\/ -->\n<title>Know more about the Path to Competency | Power Towers<\/title>\n<meta name=\"description\" content=\"The\u201d Path to Competency\u201d has been developed to provide a thorough, cost effective and time efficient solution to achieve competency.\" \/>\n<meta name=\"robots\" content=\"index, follow, max-snippet:-1, max-image-preview:large, max-video-preview:-1\" \/>\n<link rel=\"canonical\" href=\"https:\/\/powertowers.com\/hu\/a-kompetenciahoz-vezeto-ut\/\" \/>\n<meta property=\"og:locale\" content=\"hu_HU\" \/>\n<meta property=\"og:type\" content=\"article\" \/>\n<meta property=\"og:title\" content=\"Know more about the Path to Competency | Power Towers\" \/>\n<meta property=\"og:description\" content=\"The\u201d Path to Competency\u201d has been developed to provide a thorough, cost effective and time efficient solution to achieve competency.\" \/>\n<meta property=\"og:url\" content=\"https:\/\/powertowers.com\/hu\/a-kompetenciahoz-vezeto-ut\/\" \/>\n<meta property=\"og:site_name\" content=\"Power Towers\" \/>\n<meta property=\"article:modified_time\" content=\"2025-09-11T12:16:34+00:00\" \/>\n<meta property=\"og:image\" content=\"https:\/\/37.148.206.186\/wp-content\/uploads\/2024\/06\/Path-to-Competency-1140.png\" \/>\n<meta name=\"twitter:card\" content=\"summary_large_image\" \/>\n<meta name=\"twitter:label1\" content=\"Becs\u00fclt olvas\u00e1si id\u0151\" \/>\n\t<meta name=\"twitter:data1\" content=\"2 perc\" \/>\n<script type=\"application\/ld+json\" class=\"yoast-schema-graph\">{\"@context\":\"https:\\\/\\\/schema.org\",\"@graph\":[{\"@type\":\"WebPage\",\"@id\":\"https:\\\/\\\/powertowers.com\\\/path-to-competency\\\/\",\"url\":\"https:\\\/\\\/powertowers.com\\\/path-to-competency\\\/\",\"name\":\"Know more about the Path to Competency | Power Towers\",\"isPartOf\":{\"@id\":\"https:\\\/\\\/powertowers.com\\\/nl\\\/#website\"},\"primaryImageOfPage\":{\"@id\":\"https:\\\/\\\/powertowers.com\\\/path-to-competency\\\/#primaryimage\"},\"image\":{\"@id\":\"https:\\\/\\\/powertowers.com\\\/path-to-competency\\\/#primaryimage\"},\"thumbnailUrl\":\"https:\\\/\\\/37.148.206.186\\\/wp-content\\\/uploads\\\/2024\\\/06\\\/Path-to-Competency-1140.png\",\"datePublished\":\"2024-05-11T10:56:10+00:00\",\"dateModified\":\"2025-09-11T12:16:34+00:00\",\"description\":\"The\u201d Path to Competency\u201d has been developed to provide a thorough, cost effective and time efficient solution to achieve competency.\",\"breadcrumb\":{\"@id\":\"https:\\\/\\\/powertowers.com\\\/path-to-competency\\\/#breadcrumb\"},\"inLanguage\":\"hu\",\"potentialAction\":[{\"@type\":\"ReadAction\",\"target\":[\"https:\\\/\\\/powertowers.com\\\/path-to-competency\\\/\"]}]},{\"@type\":\"ImageObject\",\"inLanguage\":\"hu\",\"@id\":\"https:\\\/\\\/powertowers.com\\\/path-to-competency\\\/#primaryimage\",\"url\":\"https:\\\/\\\/37.148.206.186\\\/wp-content\\\/uploads\\\/2024\\\/06\\\/Path-to-Competency-1140.png\",\"contentUrl\":\"https:\\\/\\\/37.148.206.186\\\/wp-content\\\/uploads\\\/2024\\\/06\\\/Path-to-Competency-1140.png\"},{\"@type\":\"BreadcrumbList\",\"@id\":\"https:\\\/\\\/powertowers.com\\\/path-to-competency\\\/#breadcrumb\",\"itemListElement\":[{\"@type\":\"ListItem\",\"position\":1,\"name\":\"Home\",\"item\":\"https:\\\/\\\/powertowers.com\\\/nl\\\/\"},{\"@type\":\"ListItem\",\"position\":2,\"name\":\"Path to Competency\"}]},{\"@type\":\"WebSite\",\"@id\":\"https:\\\/\\\/powertowers.com\\\/nl\\\/#website\",\"url\":\"https:\\\/\\\/powertowers.com\\\/nl\\\/\",\"name\":\"Power Towers\",\"description\":\"The alternative to ladders, podiums and scaffolding.\",\"publisher\":{\"@id\":\"https:\\\/\\\/powertowers.com\\\/nl\\\/#organization\"},\"potentialAction\":[{\"@type\":\"SearchAction\",\"target\":{\"@type\":\"EntryPoint\",\"urlTemplate\":\"https:\\\/\\\/powertowers.com\\\/nl\\\/?s={search_term_string}\"},\"query-input\":{\"@type\":\"PropertyValueSpecification\",\"valueRequired\":true,\"valueName\":\"search_term_string\"}}],\"inLanguage\":\"hu\"},{\"@type\":\"Organization\",\"@id\":\"https:\\\/\\\/powertowers.com\\\/nl\\\/#organization\",\"name\":\"Power Towers Ltd.\",\"url\":\"https:\\\/\\\/powertowers.com\\\/nl\\\/\",\"logo\":{\"@type\":\"ImageObject\",\"inLanguage\":\"hu\",\"@id\":\"https:\\\/\\\/powertowers.com\\\/nl\\\/#\\\/schema\\\/logo\\\/image\\\/\",\"url\":\"https:\\\/\\\/37.148.206.186\\\/wp-content\\\/uploads\\\/2021\\\/12\\\/power-towers-new-logo-outline-1024px.png\",\"contentUrl\":\"https:\\\/\\\/37.148.206.186\\\/wp-content\\\/uploads\\\/2021\\\/12\\\/power-towers-new-logo-outline-1024px.png\",\"width\":1024,\"height\":209,\"caption\":\"Power Towers Ltd.\"},\"image\":{\"@id\":\"https:\\\/\\\/powertowers.com\\\/nl\\\/#\\\/schema\\\/logo\\\/image\\\/\"}}]}<\/script>\n<!-- \/ Yoast SEO plugin. -->","yoast_head_json":{"title":"Tudjon meg t\u00f6bbet az \u00dat a kompetenci\u00e1hoz | Power Towers","description":"A \"Path to Competency\" (\u00dat a kompetenci\u00e1hoz) programot az\u00e9rt fejlesztett\u00e9k ki, hogy alapos, k\u00f6lts\u00e9g- \u00e9s id\u0151hat\u00e9kony megold\u00e1st k\u00edn\u00e1ljon a kompetencia el\u00e9r\u00e9s\u00e9hez.","robots":{"index":"index","follow":"follow","max-snippet":"max-snippet:-1","max-image-preview":"max-image-preview:large","max-video-preview":"max-video-preview:-1"},"canonical":"https:\/\/powertowers.com\/hu\/a-kompetenciahoz-vezeto-ut\/","og_locale":"hu_HU","og_type":"article","og_title":"Know more about the Path to Competency | Power Towers","og_description":"The\u201d Path to Competency\u201d has been developed to provide a thorough, cost effective and time efficient solution to achieve competency.","og_url":"https:\/\/powertowers.com\/hu\/a-kompetenciahoz-vezeto-ut\/","og_site_name":"Power Towers","article_modified_time":"2025-09-11T12:16:34+00:00","og_image":[{"url":"https:\/\/37.148.206.186\/wp-content\/uploads\/2024\/06\/Path-to-Competency-1140.png","type":"","width":"","height":""}],"twitter_card":"summary_large_image","twitter_misc":{"Becs\u00fclt olvas\u00e1si id\u0151":"2 perc"},"schema":{"@context":"https:\/\/schema.org","@graph":[{"@type":"WebPage","@id":"https:\/\/powertowers.com\/path-to-competency\/","url":"https:\/\/powertowers.com\/path-to-competency\/","name":"Tudjon meg t\u00f6bbet az \u00dat a kompetenci\u00e1hoz | Power Towers","isPartOf":{"@id":"https:\/\/powertowers.com\/nl\/#website"},"primaryImageOfPage":{"@id":"https:\/\/powertowers.com\/path-to-competency\/#primaryimage"},"image":{"@id":"https:\/\/powertowers.com\/path-to-competency\/#primaryimage"},"thumbnailUrl":"https:\/\/37.148.206.186\/wp-content\/uploads\/2024\/06\/Path-to-Competency-1140.png","datePublished":"2024-05-11T10:56:10+00:00","dateModified":"2025-09-11T12:16:34+00:00","description":"A \"Path to Competency\" (\u00dat a kompetenci\u00e1hoz) programot az\u00e9rt fejlesztett\u00e9k ki, hogy alapos, k\u00f6lts\u00e9g- \u00e9s id\u0151hat\u00e9kony megold\u00e1st k\u00edn\u00e1ljon a kompetencia el\u00e9r\u00e9s\u00e9hez.","breadcrumb":{"@id":"https:\/\/powertowers.com\/path-to-competency\/#breadcrumb"},"inLanguage":"hu","potentialAction":[{"@type":"ReadAction","target":["https:\/\/powertowers.com\/path-to-competency\/"]}]},{"@type":"ImageObject","inLanguage":"hu","@id":"https:\/\/powertowers.com\/path-to-competency\/#primaryimage","url":"https:\/\/37.148.206.186\/wp-content\/uploads\/2024\/06\/Path-to-Competency-1140.png","contentUrl":"https:\/\/37.148.206.186\/wp-content\/uploads\/2024\/06\/Path-to-Competency-1140.png"},{"@type":"BreadcrumbList","@id":"https:\/\/powertowers.com\/path-to-competency\/#breadcrumb","itemListElement":[{"@type":"ListItem","position":1,"name":"Home","item":"https:\/\/powertowers.com\/nl\/"},{"@type":"ListItem","position":2,"name":"Path to Competency"}]},{"@type":"WebSite","@id":"https:\/\/powertowers.com\/nl\/#website","url":"https:\/\/powertowers.com\/nl\/","name":"Power Towers","description":"A l\u00e9tr\u00e1k, p\u00f3diumok \u00e9s \u00e1llv\u00e1nyok alternat\u00edv\u00e1ja.","publisher":{"@id":"https:\/\/powertowers.com\/nl\/#organization"},"potentialAction":[{"@type":"SearchAction","target":{"@type":"EntryPoint","urlTemplate":"https:\/\/powertowers.com\/nl\/?s={search_term_string}"},"query-input":{"@type":"PropertyValueSpecification","valueRequired":true,"valueName":"search_term_string"}}],"inLanguage":"hu"},{"@type":"Organization","@id":"https:\/\/powertowers.com\/nl\/#organization","name":"Power Towers Ltd.","url":"https:\/\/powertowers.com\/nl\/","logo":{"@type":"ImageObject","inLanguage":"hu","@id":"https:\/\/powertowers.com\/nl\/#\/schema\/logo\/image\/","url":"https:\/\/37.148.206.186\/wp-content\/uploads\/2021\/12\/power-towers-new-logo-outline-1024px.png","contentUrl":"https:\/\/37.148.206.186\/wp-content\/uploads\/2021\/12\/power-towers-new-logo-outline-1024px.png","width":1024,"height":209,"caption":"Power Towers Ltd."},"image":{"@id":"https:\/\/powertowers.com\/nl\/#\/schema\/logo\/image\/"}}]}},"_links":{"self":[{"href":"https:\/\/powertowers.com\/hu\/wp-json\/wp\/v2\/pages\/4825","targetHints":{"allow":["GET"]}}],"collection":[{"href":"https:\/\/powertowers.com\/hu\/wp-json\/wp\/v2\/pages"}],"about":[{"href":"https:\/\/powertowers.com\/hu\/wp-json\/wp\/v2\/types\/page"}],"author":[{"embeddable":true,"href":"https:\/\/powertowers.com\/hu\/wp-json\/wp\/v2\/users\/1"}],"replies":[{"embeddable":true,"href":"https:\/\/powertowers.com\/hu\/wp-json\/wp\/v2\/comments?post=4825"}],"version-history":[{"count":79,"href":"https:\/\/powertowers.com\/hu\/wp-json\/wp\/v2\/pages\/4825\/revisions"}],"predecessor-version":[{"id":5760,"href":"https:\/\/powertowers.com\/hu\/wp-json\/wp\/v2\/pages\/4825\/revisions\/5760"}],"wp:attachment":[{"href":"https:\/\/powertowers.com\/hu\/wp-json\/wp\/v2\/media?parent=4825"}],"curies":[{"name":"wp","href":"https:\/\/api.w.org\/{rel}","templated":true}]}}