{"id":748,"date":"2022-01-12T13:38:05","date_gmt":"2022-01-12T13:38:05","guid":{"rendered":"https:\/\/37.148.206.186\/?page_id=748"},"modified":"2025-09-11T13:53:26","modified_gmt":"2025-09-11T11:53:26","slug":"ergonomics","status":"publish","type":"page","link":"https:\/\/powertowers.com\/hr\/ergonomics\/","title":{"rendered":"Ergonomics"},"content":{"rendered":"<div data-elementor-type=\"wp-page\" data-elementor-id=\"748\" class=\"elementor elementor-748\" data-elementor-post-type=\"page\">\n\t\t\t\t\t\t<main class=\"elementor-section elementor-top-section elementor-element elementor-element-7bbe6c5 elementor-section-boxed elementor-section-height-default elementor-section-height-default elementor-invisible\" data-id=\"7bbe6c5\" data-element_type=\"section\" data-e-type=\"section\" data-settings=\"{&quot;animation&quot;:&quot;slideInLeft&quot;}\">\n\t\t\t\t\t\t<div class=\"elementor-container elementor-column-gap-default\">\n\t\t\t\t\t<div class=\"elementor-column elementor-col-100 elementor-top-column elementor-element elementor-element-f091d3a\" data-id=\"f091d3a\" data-element_type=\"column\" data-e-type=\"column\">\n\t\t\t<div class=\"elementor-widget-wrap elementor-element-populated\">\n\t\t\t\t\t\t<div class=\"elementor-element elementor-element-a05caa5 elementor-widget elementor-widget-heading\" data-id=\"a05caa5\" data-element_type=\"widget\" data-e-type=\"widget\" data-widget_type=\"heading.default\">\n\t\t\t\t<div class=\"elementor-widget-container\">\n\t\t\t\t\t<h1 class=\"elementor-heading-title elementor-size-default\">Benefits - Ergonomics<\/h1>\t\t\t\t<\/div>\n\t\t\t\t<\/div>\n\t\t\t\t\t<\/div>\n\t\t<\/div>\n\t\t\t\t\t<\/div>\n\t\t<\/main>\n\t\t\t\t<main class=\"elementor-section elementor-top-section elementor-element elementor-element-0da5287 elementor-section-boxed elementor-section-height-default elementor-section-height-default elementor-invisible\" data-id=\"0da5287\" data-element_type=\"section\" data-e-type=\"section\" data-settings=\"{&quot;background_background&quot;:&quot;classic&quot;,&quot;animation&quot;:&quot;slideInRight&quot;}\">\n\t\t\t\t\t\t\t<div class=\"elementor-background-overlay\"><\/div>\n\t\t\t\t\t\t\t<div class=\"elementor-container elementor-column-gap-default\">\n\t\t\t\t\t<div class=\"elementor-column elementor-col-50 elementor-top-column elementor-element elementor-element-982c5e0\" data-id=\"982c5e0\" data-element_type=\"column\" data-e-type=\"column\" data-settings=\"{&quot;background_background&quot;:&quot;gradient&quot;}\">\n\t\t\t<div class=\"elementor-widget-wrap elementor-element-populated\">\n\t\t\t\t\t\t<div class=\"elementor-element elementor-element-3230714 elementor-widget elementor-widget-image\" data-id=\"3230714\" data-element_type=\"widget\" data-e-type=\"widget\" data-widget_type=\"image.default\">\n\t\t\t\t<div class=\"elementor-widget-container\">\n\t\t\t\t\t\t\t\t\t\t\t\t\t\t\t<img fetchpriority=\"high\" decoding=\"async\" width=\"1200\" height=\"1293\" src=\"https:\/\/powertowers.com\/wp-content\/uploads\/2022\/01\/NANOSP_PLUS_APPLICATION_04.jpg\" class=\"attachment-full size-full wp-image-971\" alt=\"Nano SP Plus maintenance work\" srcset=\"https:\/\/powertowers.com\/wp-content\/uploads\/2022\/01\/NANOSP_PLUS_APPLICATION_04.jpg 1200w, https:\/\/powertowers.com\/wp-content\/uploads\/2022\/01\/NANOSP_PLUS_APPLICATION_04-278x300.jpg 278w, https:\/\/powertowers.com\/wp-content\/uploads\/2022\/01\/NANOSP_PLUS_APPLICATION_04-950x1024.jpg 950w, https:\/\/powertowers.com\/wp-content\/uploads\/2022\/01\/NANOSP_PLUS_APPLICATION_04-768x828.jpg 768w, https:\/\/powertowers.com\/wp-content\/uploads\/2022\/01\/NANOSP_PLUS_APPLICATION_04-11x12.jpg 11w\" sizes=\"(max-width: 34.9rem) calc(100vw - 2rem), (max-width: 53rem) calc(8 * (100vw \/ 12)), (min-width: 53rem) calc(6 * (100vw \/ 12)), 100vw\" \/>\t\t\t\t\t\t\t\t\t\t\t\t\t\t\t<\/div>\n\t\t\t\t<\/div>\n\t\t\t\t<div class=\"elementor-element elementor-element-396afd2 elementor-widget elementor-widget-image\" data-id=\"396afd2\" data-element_type=\"widget\" data-e-type=\"widget\" data-widget_type=\"image.default\">\n\t\t\t\t<div class=\"elementor-widget-container\">\n\t\t\t\t\t\t\t\t\t\t\t\t\t\t\t<img decoding=\"async\" width=\"572\" height=\"1080\" src=\"https:\/\/powertowers.com\/wp-content\/uploads\/2022\/01\/NANOSP_PLUS_APPLICATION_03.jpg\" class=\"attachment-full size-full wp-image-1043\" alt=\"Nano SP Plus maintenance work\" srcset=\"https:\/\/powertowers.com\/wp-content\/uploads\/2022\/01\/NANOSP_PLUS_APPLICATION_03.jpg 572w, https:\/\/powertowers.com\/wp-content\/uploads\/2022\/01\/NANOSP_PLUS_APPLICATION_03-159x300.jpg 159w, https:\/\/powertowers.com\/wp-content\/uploads\/2022\/01\/NANOSP_PLUS_APPLICATION_03-542x1024.jpg 542w, https:\/\/powertowers.com\/wp-content\/uploads\/2022\/01\/NANOSP_PLUS_APPLICATION_03-6x12.jpg 6w\" sizes=\"(max-width: 34.9rem) calc(100vw - 2rem), (max-width: 53rem) calc(8 * (100vw \/ 12)), (min-width: 53rem) calc(6 * (100vw \/ 12)), 100vw\" \/>\t\t\t\t\t\t\t\t\t\t\t\t\t\t\t<\/div>\n\t\t\t\t<\/div>\n\t\t\t\t\t<\/div>\n\t\t<\/div>\n\t\t\t\t<div class=\"elementor-column elementor-col-50 elementor-top-column elementor-element elementor-element-315aae7\" data-id=\"315aae7\" data-element_type=\"column\" data-e-type=\"column\" data-settings=\"{&quot;background_background&quot;:&quot;classic&quot;}\">\n\t\t\t<div class=\"elementor-widget-wrap elementor-element-populated\">\n\t\t\t\t\t\t<div class=\"elementor-element elementor-element-f2e533f elementor-nav-menu__align-end elementor-nav-menu--stretch elementor-nav-menu__text-align-center elementor-widget__width-initial elementor-widget-tablet__width-initial elementor-nav-menu--dropdown-tablet elementor-nav-menu--toggle elementor-nav-menu--burger elementor-widget elementor-widget-nav-menu\" data-id=\"f2e533f\" data-element_type=\"widget\" data-e-type=\"widget\" data-settings=\"{&quot;full_width&quot;:&quot;stretch&quot;,&quot;layout&quot;:&quot;horizontal&quot;,&quot;submenu_icon&quot;:{&quot;value&quot;:&quot;&lt;svg aria-hidden=\\&quot;true\\&quot; class=\\&quot;e-font-icon-svg e-fas-caret-down\\&quot; viewBox=\\&quot;0 0 320 512\\&quot; xmlns=\\&quot;http:\\\/\\\/www.w3.org\\\/2000\\\/svg\\&quot;&gt;&lt;path d=\\&quot;M31.3 192h257.3c17.8 0 26.7 21.5 14.1 34.1L174.1 354.8c-7.8 7.8-20.5 7.8-28.3 0L17.2 226.1C4.6 213.5 13.5 192 31.3 192z\\&quot;&gt;&lt;\\\/path&gt;&lt;\\\/svg&gt;&quot;,&quot;library&quot;:&quot;fa-solid&quot;},&quot;toggle&quot;:&quot;burger&quot;}\" data-widget_type=\"nav-menu.default\">\n\t\t\t\t<div class=\"elementor-widget-container\">\n\t\t\t\t\t\t\t\t<nav aria-label=\"Menu\" class=\"elementor-nav-menu--main elementor-nav-menu__container elementor-nav-menu--layout-horizontal e--pointer-none\">\n\t\t\t\t<ul id=\"menu-1-f2e533f\" class=\"elementor-nav-menu\"><li class=\"menu-item menu-item-type-custom menu-item-object-custom menu-item-692\"><a href=\"https:\/\/37.148.206.186\/benefits\/\" class=\"elementor-item\">Safety<\/a><\/li>\n<li class=\"menu-item menu-item-type-custom menu-item-object-custom menu-item-693\"><a href=\"https:\/\/37.148.206.186\/ergonomics\/\" class=\"elementor-item\">Ergonomics<\/a><\/li>\n<li class=\"menu-item menu-item-type-custom menu-item-object-custom menu-item-694\"><a href=\"https:\/\/37.148.206.186\/efficiency\/\" class=\"elementor-item\">Efficiency<\/a><\/li>\n<li class=\"menu-item menu-item-type-custom menu-item-object-custom menu-item-695\"><a href=\"https:\/\/37.148.206.186\/clean-and-sustainable\/\" class=\"elementor-item\">Clean and Sustainable<\/a><\/li>\n<\/ul>\t\t\t<\/nav>\n\t\t\t\t\t<div class=\"elementor-menu-toggle\" role=\"button\" tabindex=\"0\" aria-label=\"Menu Toggle\" aria-expanded=\"false\">\n\t\t\t<svg aria-hidden=\"true\" role=\"presentation\" class=\"elementor-menu-toggle__icon--open e-font-icon-svg e-eicon-menu-bar\" viewbox=\"0 0 1000 1000\" xmlns=\"http:\/\/www.w3.org\/2000\/svg\"><path d=\"M104 333H896C929 333 958 304 958 271S929 208 896 208H104C71 208 42 237 42 271S71 333 104 333ZM104 583H896C929 583 958 554 958 521S929 458 896 458H104C71 458 42 487 42 521S71 583 104 583ZM104 833H896C929 833 958 804 958 771S929 708 896 708H104C71 708 42 737 42 771S71 833 104 833Z\"><\/path><\/svg><svg aria-hidden=\"true\" role=\"presentation\" class=\"elementor-menu-toggle__icon--close e-font-icon-svg e-eicon-close\" viewbox=\"0 0 1000 1000\" xmlns=\"http:\/\/www.w3.org\/2000\/svg\"><path d=\"M742 167L500 408 258 167C246 154 233 150 217 150 196 150 179 158 167 167 154 179 150 196 150 212 150 229 154 242 171 254L408 500 167 742C138 771 138 800 167 829 196 858 225 858 254 829L496 587 738 829C750 842 767 846 783 846 800 846 817 842 829 829 842 817 846 804 846 783 846 767 842 750 829 737L588 500 833 258C863 229 863 200 833 171 804 137 775 137 742 167Z\"><\/path><\/svg>\t\t<\/div>\n\t\t\t\t\t<nav class=\"elementor-nav-menu--dropdown elementor-nav-menu__container\" aria-hidden=\"true\">\n\t\t\t\t<ul id=\"menu-2-f2e533f\" class=\"elementor-nav-menu\"><li class=\"menu-item menu-item-type-custom menu-item-object-custom menu-item-692\"><a href=\"https:\/\/37.148.206.186\/benefits\/\" class=\"elementor-item\" tabindex=\"-1\">Safety<\/a><\/li>\n<li class=\"menu-item menu-item-type-custom menu-item-object-custom menu-item-693\"><a href=\"https:\/\/37.148.206.186\/ergonomics\/\" class=\"elementor-item\" tabindex=\"-1\">Ergonomics<\/a><\/li>\n<li class=\"menu-item menu-item-type-custom menu-item-object-custom menu-item-694\"><a href=\"https:\/\/37.148.206.186\/efficiency\/\" class=\"elementor-item\" tabindex=\"-1\">Efficiency<\/a><\/li>\n<li class=\"menu-item menu-item-type-custom menu-item-object-custom menu-item-695\"><a href=\"https:\/\/37.148.206.186\/clean-and-sustainable\/\" class=\"elementor-item\" tabindex=\"-1\">Clean and Sustainable<\/a><\/li>\n<\/ul>\t\t\t<\/nav>\n\t\t\t\t\t\t<\/div>\n\t\t\t\t<\/div>\n\t\t\t\t<div class=\"elementor-element elementor-element-16f141a elementor-widget elementor-widget-heading\" data-id=\"16f141a\" data-element_type=\"widget\" data-e-type=\"widget\" data-widget_type=\"heading.default\">\n\t\t\t\t<div class=\"elementor-widget-container\">\n\t\t\t\t\t<h2 class=\"elementor-heading-title elementor-size-default\">Work comfortably<\/h2>\t\t\t\t<\/div>\n\t\t\t\t<\/div>\n\t\t\t\t<div class=\"elementor-element elementor-element-7a24653 elementor-widget elementor-widget-text-editor\" data-id=\"7a24653\" data-element_type=\"widget\" data-e-type=\"widget\" data-widget_type=\"text-editor.default\">\n\t\t\t\t<div class=\"elementor-widget-container\">\n\t\t\t\t\t\t\t\t\t<p><strong>Learn how our ergonomic design can help your operators work at heights comfortably<\/strong><\/p><p>The Power Towers solutions are designed with the user\u2019s well-being in mind while working at height safely. Our ergonomic design allows operators to work comfortably over longer periods of time, while reducing the potential for musculoskeletal injury, stress, and fatigue.<\/p><p>The operator just steps into the fully guarded safety platform, turns the handle, or presses a button to elevate to the desired height. The ergonomic design allows the operator to have both feet at the same level and both hands free to focus on the job activity while working comfortably and safely. Climbing up and down steps, overreaching and overstretching is virtually eliminated.<\/p><p>Our products are instrumental in ensuring you can better support your staff, and help your operators maintain themselves physically, during their working lives with fewer lost hours due to musculoskeletal injuries, strains, and fatigue. The reduction in lost hours improves profitability for your company. The enhanced working environment improves operator motivation and quality.<\/p><p>Power Towers continuously performs ergonomic tests to determine the forces acting on known musculoskeletal stress points to ensure that our solutions minimize these forces.\u00a0 We also compare our solutions to traditional methods, such as scaffolding, ladders and podiums to scientifically measure differences.\u00a0 These tests are performed using the latest biomechanics, motion detection and muscle sensing technology available.\u00a0 Our tests are performed and observed under the direction of licensed ergonomists to ensure proper procedures are used.<br \/>The studies are available and may be of interest for companies that value sustainable employment for their operators. For more information regarding this study, please contact us.<\/p><p>Our solutions provide a smarter alternative to traditional equipment. They meet the requirements for working comfortably and safely at height. And due so in a sustainable way, not just helping the operators but also companies in supporting the well-being of their employees.<\/p><p>Learn more about <a href=\"https:\/\/powertowers.com\/hr\/mobile-elevating-platforms\/\">our range of products here<\/a>.<\/p>\t\t\t\t\t\t\t\t<\/div>\n\t\t\t\t<\/div>\n\t\t\t\t\t<\/div>\n\t\t<\/div>\n\t\t\t\t\t<\/div>\n\t\t<\/main>\n\t\t\t\t<nav class=\"elementor-section elementor-top-section elementor-element elementor-element-a9df87a elementor-section-boxed elementor-section-height-default elementor-section-height-default elementor-invisible\" data-id=\"a9df87a\" data-element_type=\"section\" data-e-type=\"section\" data-settings=\"{&quot;animation&quot;:&quot;zoomIn&quot;}\">\n\t\t\t\t\t\t<div class=\"elementor-container elementor-column-gap-default\">\n\t\t\t\t\t<div class=\"elementor-column elementor-col-100 elementor-top-column elementor-element elementor-element-25f2f99\" data-id=\"25f2f99\" data-element_type=\"column\" data-e-type=\"column\">\n\t\t\t<div class=\"elementor-widget-wrap elementor-element-populated\">\n\t\t\t\t\t\t<section class=\"elementor-section elementor-inner-section elementor-element elementor-element-fe311ee elementor-section-content-bottom elementor-section-boxed elementor-section-height-default elementor-section-height-default\" data-id=\"fe311ee\" data-element_type=\"section\" data-e-type=\"section\">\n\t\t\t\t\t\t<div class=\"elementor-container elementor-column-gap-default\">\n\t\t\t\t\t<div class=\"elementor-column elementor-col-50 elementor-inner-column elementor-element elementor-element-a59314f\" data-id=\"a59314f\" data-element_type=\"column\" data-e-type=\"column\">\n\t\t\t<div class=\"elementor-widget-wrap elementor-element-populated\">\n\t\t\t\t\t\t<div class=\"elementor-element elementor-element-b1eb05d elementor-align-right elementor-mobile-align-center elementor-widget elementor-widget-button\" data-id=\"b1eb05d\" data-element_type=\"widget\" data-e-type=\"widget\" data-widget_type=\"button.default\">\n\t\t\t\t<div class=\"elementor-widget-container\">\n\t\t\t\t\t\t\t\t\t<div class=\"elementor-button-wrapper\">\n\t\t\t\t\t<a class=\"elementor-button elementor-button-link elementor-size-md\" href=\"https:\/\/powertowers.com\/hr\/demo\/\">\n\t\t\t\t\t\t<span class=\"elementor-button-content-wrapper\">\n\t\t\t\t\t\t\t\t\t<span class=\"elementor-button-text\">I want a demo<\/span>\n\t\t\t\t\t<\/span>\n\t\t\t\t\t<\/a>\n\t\t\t\t<\/div>\n\t\t\t\t\t\t\t\t<\/div>\n\t\t\t\t<\/div>\n\t\t\t\t\t<\/div>\n\t\t<\/div>\n\t\t\t\t<div class=\"elementor-column elementor-col-50 elementor-inner-column elementor-element elementor-element-eb7389f\" data-id=\"eb7389f\" data-element_type=\"column\" data-e-type=\"column\">\n\t\t\t<div class=\"elementor-widget-wrap elementor-element-populated\">\n\t\t\t\t\t\t<div class=\"elementor-element elementor-element-934f779 elementor-align-left elementor-mobile-align-center elementor-widget elementor-widget-button\" data-id=\"934f779\" data-element_type=\"widget\" data-e-type=\"widget\" data-widget_type=\"button.default\">\n\t\t\t\t<div class=\"elementor-widget-container\">\n\t\t\t\t\t\t\t\t\t<div class=\"elementor-button-wrapper\">\n\t\t\t\t\t<a class=\"elementor-button elementor-button-link elementor-size-md\" href=\"https:\/\/powertowers.com\/hr\/quote\/\">\n\t\t\t\t\t\t<span class=\"elementor-button-content-wrapper\">\n\t\t\t\t\t\t\t\t\t<span class=\"elementor-button-text\">I want a quote<\/span>\n\t\t\t\t\t<\/span>\n\t\t\t\t\t<\/a>\n\t\t\t\t<\/div>\n\t\t\t\t\t\t\t\t<\/div>\n\t\t\t\t<\/div>\n\t\t\t\t\t<\/div>\n\t\t<\/div>\n\t\t\t\t\t<\/div>\n\t\t<\/section>\n\t\t\t\t\t<\/div>\n\t\t<\/div>\n\t\t\t\t\t<\/div>\n\t\t<\/nav>\n\t\t\t\t<\/div>","protected":false},"excerpt":{"rendered":"<p>Benefits &#8211; Ergonomics Work comfortably Learn how our ergonomic design can help your operators work at heights comfortably The Power Towers solutions are designed with the user\u2019s well-being in mind while working at height safely. Our ergonomic design allows operators to work comfortably over longer periods of time, while reducing the potential for musculoskeletal injury, &hellip; <\/p>\n<p class=\"link-more\"><a href=\"https:\/\/powertowers.com\/hr\/ergonomics\/\" class=\"more-link\">Nastavi \u010ditati<span class=\"screen-reader-text\"> &#8220;Ergonomics&#8221;<\/span><\/a><\/p>","protected":false},"author":1,"featured_media":0,"parent":0,"menu_order":0,"comment_status":"closed","ping_status":"closed","template":"elementor_header_footer","meta":{"content-type":"","footnotes":""},"class_list":["post-748","page","type-page","status-publish","hentry","entry"],"yoast_head":"<!-- This site is optimized with the Yoast SEO plugin v27.4 - https:\/\/yoast.com\/product\/yoast-seo-wordpress\/ -->\n<title>Work comfortably at Low-Level heights- Power Towers<\/title>\n<meta name=\"description\" content=\"The ergonomic design on our elevating working platforms allow to work more comfortable while reducing fatigue, stress, and injuries. Contact us!\" \/>\n<meta name=\"robots\" content=\"index, follow, max-snippet:-1, max-image-preview:large, max-video-preview:-1\" \/>\n<link rel=\"canonical\" href=\"https:\/\/powertowers.com\/hr\/ergonomics\/\" \/>\n<meta property=\"og:locale\" content=\"hr_HR\" \/>\n<meta property=\"og:type\" content=\"article\" \/>\n<meta property=\"og:title\" content=\"Work comfortably at Low-Level heights- Power Towers\" \/>\n<meta property=\"og:description\" content=\"The ergonomic design on our elevating working platforms allow to work more comfortable while reducing fatigue, stress, and injuries. Contact us!\" \/>\n<meta property=\"og:url\" content=\"https:\/\/powertowers.com\/hr\/ergonomics\/\" \/>\n<meta property=\"og:site_name\" content=\"Power Towers\" \/>\n<meta property=\"article:modified_time\" content=\"2025-09-11T11:53:26+00:00\" \/>\n<meta property=\"og:image\" content=\"https:\/\/37.148.206.186\/wp-content\/uploads\/2022\/01\/NANOSP_PLUS_APPLICATION_04.jpg\" \/>\n<meta name=\"twitter:card\" content=\"summary_large_image\" \/>\n<meta name=\"twitter:label1\" content=\"Procijenjeno vrijeme \u010ditanja\" \/>\n\t<meta name=\"twitter:data1\" content=\"2 minute\" \/>\n<script type=\"application\/ld+json\" class=\"yoast-schema-graph\">{\"@context\":\"https:\\\/\\\/schema.org\",\"@graph\":[{\"@type\":\"WebPage\",\"@id\":\"https:\\\/\\\/powertowers.com\\\/sv\\\/ergonomi\\\/\",\"url\":\"https:\\\/\\\/powertowers.com\\\/sv\\\/ergonomi\\\/\",\"name\":\"Work comfortably at Low-Level heights- Power Towers\",\"isPartOf\":{\"@id\":\"https:\\\/\\\/powertowers.com\\\/nl\\\/#website\"},\"primaryImageOfPage\":{\"@id\":\"https:\\\/\\\/powertowers.com\\\/sv\\\/ergonomi\\\/#primaryimage\"},\"image\":{\"@id\":\"https:\\\/\\\/powertowers.com\\\/sv\\\/ergonomi\\\/#primaryimage\"},\"thumbnailUrl\":\"https:\\\/\\\/37.148.206.186\\\/wp-content\\\/uploads\\\/2022\\\/01\\\/NANOSP_PLUS_APPLICATION_04.jpg\",\"datePublished\":\"2022-01-12T13:38:05+00:00\",\"dateModified\":\"2025-09-11T11:53:26+00:00\",\"description\":\"The ergonomic design on our elevating working platforms allow to work more comfortable while reducing fatigue, stress, and injuries. Contact us!\",\"breadcrumb\":{\"@id\":\"https:\\\/\\\/powertowers.com\\\/sv\\\/ergonomi\\\/#breadcrumb\"},\"inLanguage\":\"hr\",\"potentialAction\":[{\"@type\":\"ReadAction\",\"target\":[\"https:\\\/\\\/powertowers.com\\\/sv\\\/ergonomi\\\/\"]}]},{\"@type\":\"ImageObject\",\"inLanguage\":\"hr\",\"@id\":\"https:\\\/\\\/powertowers.com\\\/sv\\\/ergonomi\\\/#primaryimage\",\"url\":\"https:\\\/\\\/37.148.206.186\\\/wp-content\\\/uploads\\\/2022\\\/01\\\/NANOSP_PLUS_APPLICATION_04.jpg\",\"contentUrl\":\"https:\\\/\\\/37.148.206.186\\\/wp-content\\\/uploads\\\/2022\\\/01\\\/NANOSP_PLUS_APPLICATION_04.jpg\"},{\"@type\":\"BreadcrumbList\",\"@id\":\"https:\\\/\\\/powertowers.com\\\/sv\\\/ergonomi\\\/#breadcrumb\",\"itemListElement\":[{\"@type\":\"ListItem\",\"position\":1,\"name\":\"Home\",\"item\":\"https:\\\/\\\/powertowers.com\\\/nl\\\/\"},{\"@type\":\"ListItem\",\"position\":2,\"name\":\"Ergonomics\"}]},{\"@type\":\"WebSite\",\"@id\":\"https:\\\/\\\/powertowers.com\\\/nl\\\/#website\",\"url\":\"https:\\\/\\\/powertowers.com\\\/nl\\\/\",\"name\":\"Power Towers\",\"description\":\"The alternative to ladders, podiums and scaffolding.\",\"publisher\":{\"@id\":\"https:\\\/\\\/powertowers.com\\\/nl\\\/#organization\"},\"potentialAction\":[{\"@type\":\"SearchAction\",\"target\":{\"@type\":\"EntryPoint\",\"urlTemplate\":\"https:\\\/\\\/powertowers.com\\\/nl\\\/?s={search_term_string}\"},\"query-input\":{\"@type\":\"PropertyValueSpecification\",\"valueRequired\":true,\"valueName\":\"search_term_string\"}}],\"inLanguage\":\"hr\"},{\"@type\":\"Organization\",\"@id\":\"https:\\\/\\\/powertowers.com\\\/nl\\\/#organization\",\"name\":\"Power Towers Ltd.\",\"url\":\"https:\\\/\\\/powertowers.com\\\/nl\\\/\",\"logo\":{\"@type\":\"ImageObject\",\"inLanguage\":\"hr\",\"@id\":\"https:\\\/\\\/powertowers.com\\\/nl\\\/#\\\/schema\\\/logo\\\/image\\\/\",\"url\":\"https:\\\/\\\/37.148.206.186\\\/wp-content\\\/uploads\\\/2021\\\/12\\\/power-towers-new-logo-outline-1024px.png\",\"contentUrl\":\"https:\\\/\\\/37.148.206.186\\\/wp-content\\\/uploads\\\/2021\\\/12\\\/power-towers-new-logo-outline-1024px.png\",\"width\":1024,\"height\":209,\"caption\":\"Power Towers Ltd.\"},\"image\":{\"@id\":\"https:\\\/\\\/powertowers.com\\\/nl\\\/#\\\/schema\\\/logo\\\/image\\\/\"}}]}<\/script>\n<!-- \/ Yoast SEO plugin. -->","yoast_head_json":{"title":"Radite u\u010dinkovito na niskim visinama | Power Towers","description":"Ergonomski dizajn na na\u0161im podiznim radnim platformama omogu\u0107uje udobniji rad uz smanjenje umora, stresa i ozljeda. Kontaktirajte nas!","robots":{"index":"index","follow":"follow","max-snippet":"max-snippet:-1","max-image-preview":"max-image-preview:large","max-video-preview":"max-video-preview:-1"},"canonical":"https:\/\/powertowers.com\/hr\/ergonomics\/","og_locale":"hr_HR","og_type":"article","og_title":"Work comfortably at Low-Level heights- Power Towers","og_description":"The ergonomic design on our elevating working platforms allow to work more comfortable while reducing fatigue, stress, and injuries. Contact us!","og_url":"https:\/\/powertowers.com\/hr\/ergonomics\/","og_site_name":"Power Towers","article_modified_time":"2025-09-11T11:53:26+00:00","og_image":[{"url":"https:\/\/37.148.206.186\/wp-content\/uploads\/2022\/01\/NANOSP_PLUS_APPLICATION_04.jpg","type":"","width":"","height":""}],"twitter_card":"summary_large_image","twitter_misc":{"Procijenjeno vrijeme \u010ditanja":"2 minute"},"schema":{"@context":"https:\/\/schema.org","@graph":[{"@type":"WebPage","@id":"https:\/\/powertowers.com\/sv\/ergonomi\/","url":"https:\/\/powertowers.com\/sv\/ergonomi\/","name":"Radite u\u010dinkovito na niskim visinama | Power Towers","isPartOf":{"@id":"https:\/\/powertowers.com\/nl\/#website"},"primaryImageOfPage":{"@id":"https:\/\/powertowers.com\/sv\/ergonomi\/#primaryimage"},"image":{"@id":"https:\/\/powertowers.com\/sv\/ergonomi\/#primaryimage"},"thumbnailUrl":"https:\/\/37.148.206.186\/wp-content\/uploads\/2022\/01\/NANOSP_PLUS_APPLICATION_04.jpg","datePublished":"2022-01-12T13:38:05+00:00","dateModified":"2025-09-11T11:53:26+00:00","description":"Ergonomski dizajn na na\u0161im podiznim radnim platformama omogu\u0107uje udobniji rad uz smanjenje umora, stresa i ozljeda. Kontaktirajte nas!","breadcrumb":{"@id":"https:\/\/powertowers.com\/sv\/ergonomi\/#breadcrumb"},"inLanguage":"hr","potentialAction":[{"@type":"ReadAction","target":["https:\/\/powertowers.com\/sv\/ergonomi\/"]}]},{"@type":"ImageObject","inLanguage":"hr","@id":"https:\/\/powertowers.com\/sv\/ergonomi\/#primaryimage","url":"https:\/\/37.148.206.186\/wp-content\/uploads\/2022\/01\/NANOSP_PLUS_APPLICATION_04.jpg","contentUrl":"https:\/\/37.148.206.186\/wp-content\/uploads\/2022\/01\/NANOSP_PLUS_APPLICATION_04.jpg"},{"@type":"BreadcrumbList","@id":"https:\/\/powertowers.com\/sv\/ergonomi\/#breadcrumb","itemListElement":[{"@type":"ListItem","position":1,"name":"Home","item":"https:\/\/powertowers.com\/nl\/"},{"@type":"ListItem","position":2,"name":"Ergonomics"}]},{"@type":"WebSite","@id":"https:\/\/powertowers.com\/nl\/#website","url":"https:\/\/powertowers.com\/nl\/","name":"Power Towers","description":"The alternative to ladders, podiums and scaffolding.","publisher":{"@id":"https:\/\/powertowers.com\/nl\/#organization"},"potentialAction":[{"@type":"SearchAction","target":{"@type":"EntryPoint","urlTemplate":"https:\/\/powertowers.com\/nl\/?s={search_term_string}"},"query-input":{"@type":"PropertyValueSpecification","valueRequired":true,"valueName":"search_term_string"}}],"inLanguage":"hr"},{"@type":"Organization","@id":"https:\/\/powertowers.com\/nl\/#organization","name":"Power Towers Ltd.","url":"https:\/\/powertowers.com\/nl\/","logo":{"@type":"ImageObject","inLanguage":"hr","@id":"https:\/\/powertowers.com\/nl\/#\/schema\/logo\/image\/","url":"https:\/\/37.148.206.186\/wp-content\/uploads\/2021\/12\/power-towers-new-logo-outline-1024px.png","contentUrl":"https:\/\/37.148.206.186\/wp-content\/uploads\/2021\/12\/power-towers-new-logo-outline-1024px.png","width":1024,"height":209,"caption":"Power Towers Ltd."},"image":{"@id":"https:\/\/powertowers.com\/nl\/#\/schema\/logo\/image\/"}}]}},"_links":{"self":[{"href":"https:\/\/powertowers.com\/hr\/wp-json\/wp\/v2\/pages\/748","targetHints":{"allow":["GET"]}}],"collection":[{"href":"https:\/\/powertowers.com\/hr\/wp-json\/wp\/v2\/pages"}],"about":[{"href":"https:\/\/powertowers.com\/hr\/wp-json\/wp\/v2\/types\/page"}],"author":[{"embeddable":true,"href":"https:\/\/powertowers.com\/hr\/wp-json\/wp\/v2\/users\/1"}],"replies":[{"embeddable":true,"href":"https:\/\/powertowers.com\/hr\/wp-json\/wp\/v2\/comments?post=748"}],"version-history":[{"count":33,"href":"https:\/\/powertowers.com\/hr\/wp-json\/wp\/v2\/pages\/748\/revisions"}],"predecessor-version":[{"id":5736,"href":"https:\/\/powertowers.com\/hr\/wp-json\/wp\/v2\/pages\/748\/revisions\/5736"}],"wp:attachment":[{"href":"https:\/\/powertowers.com\/hr\/wp-json\/wp\/v2\/media?parent=748"}],"curies":[{"name":"wp","href":"https:\/\/api.w.org\/{rel}","templated":true}]}}