{"id":5364,"date":"2025-08-27T10:35:55","date_gmt":"2025-08-27T08:35:55","guid":{"rendered":"https:\/\/37.148.206.186\/?page_id=5364"},"modified":"2025-09-10T18:35:57","modified_gmt":"2025-09-10T16:35:57","slug":"espace-confine","status":"publish","type":"page","link":"https:\/\/powertowers.com\/fr\/confined-space\/","title":{"rendered":"Espace confin\u00e9"},"content":{"rendered":"<div data-elementor-type=\"wp-page\" data-elementor-id=\"5364\" class=\"elementor elementor-5364\" data-elementor-post-type=\"page\">\n\t\t\t\t\t\t<section class=\"elementor-section elementor-top-section elementor-element elementor-element-729ee493 elementor-section-boxed elementor-section-height-default elementor-section-height-default elementor-invisible\" data-id=\"729ee493\" data-element_type=\"section\" data-e-type=\"section\" data-settings=\"{&quot;animation&quot;:&quot;slideInDown&quot;}\">\n\t\t\t\t\t\t<div class=\"elementor-container elementor-column-gap-default\">\n\t\t\t\t\t<div class=\"elementor-column elementor-col-100 elementor-top-column elementor-element elementor-element-af4b656\" data-id=\"af4b656\" data-element_type=\"column\" data-e-type=\"column\">\n\t\t\t<div class=\"elementor-widget-wrap elementor-element-populated\">\n\t\t\t\t\t\t<div class=\"elementor-element elementor-element-1ddf6ae0 elementor-widget elementor-widget-heading\" data-id=\"1ddf6ae0\" data-element_type=\"widget\" data-e-type=\"widget\" data-widget_type=\"heading.default\">\n\t\t\t\t<div class=\"elementor-widget-container\">\n\t\t\t\t\t<h1 class=\"elementor-heading-title elementor-size-default\">FAMILLE ESPACE CONFIN\u00c9<\/h1>\t\t\t\t<\/div>\n\t\t\t\t<\/div>\n\t\t\t\t<div class=\"elementor-element elementor-element-2d08a661 elementor-widget elementor-widget-heading\" data-id=\"2d08a661\" data-element_type=\"widget\" data-e-type=\"widget\" data-widget_type=\"heading.default\">\n\t\t\t\t<div class=\"elementor-widget-container\">\n\t\t\t\t\t<h2 class=\"elementor-heading-title elementor-size-default\">Acc\u00e8s compact, s\u00e9curit\u00e9 maximale<\/h2>\t\t\t\t<\/div>\n\t\t\t\t<\/div>\n\t\t\t\t\t<\/div>\n\t\t<\/div>\n\t\t\t\t\t<\/div>\n\t\t<\/section>\n\t\t\t\t<section class=\"elementor-section elementor-top-section elementor-element elementor-element-39291ae2 elementor-section-boxed elementor-section-height-default elementor-section-height-default elementor-invisible\" data-id=\"39291ae2\" data-element_type=\"section\" data-e-type=\"section\" data-settings=\"{&quot;animation&quot;:&quot;slideInUp&quot;}\">\n\t\t\t\t\t\t<div class=\"elementor-container elementor-column-gap-default\">\n\t\t\t\t\t<div class=\"elementor-column elementor-col-50 elementor-top-column elementor-element elementor-element-6ce8b1aa\" data-id=\"6ce8b1aa\" data-element_type=\"column\" data-e-type=\"column\" data-settings=\"{&quot;background_background&quot;:&quot;classic&quot;}\">\n\t\t\t<div class=\"elementor-widget-wrap elementor-element-populated\">\n\t\t\t\t\t\t<div class=\"elementor-element elementor-element-317da22f elementor-widget elementor-widget-image\" data-id=\"317da22f\" data-element_type=\"widget\" data-e-type=\"widget\" data-widget_type=\"image.default\">\n\t\t\t\t<div class=\"elementor-widget-container\">\n\t\t\t\t\t\t\t\t\t\t\t\t\t\t\t\t<a href=\"https:\/\/powertowers.com\/fr\/nano-30cs\/\">\n\t\t\t\t\t\t\t<img fetchpriority=\"high\" decoding=\"async\" width=\"500\" height=\"500\" src=\"https:\/\/powertowers.com\/wp-content\/uploads\/2025\/08\/JLG-Nano-30CS_500x500px.jpg\" class=\"elementor-animation-shrink attachment-full size-full wp-image-5368\" alt=\"\" srcset=\"https:\/\/powertowers.com\/wp-content\/uploads\/2025\/08\/JLG-Nano-30CS_500x500px.jpg 500w, https:\/\/powertowers.com\/wp-content\/uploads\/2025\/08\/JLG-Nano-30CS_500x500px-300x300.jpg 300w, https:\/\/powertowers.com\/wp-content\/uploads\/2025\/08\/JLG-Nano-30CS_500x500px-150x150.jpg 150w, https:\/\/powertowers.com\/wp-content\/uploads\/2025\/08\/JLG-Nano-30CS_500x500px-12x12.jpg 12w\" sizes=\"(max-width: 34.9rem) calc(100vw - 2rem), (max-width: 53rem) calc(8 * (100vw \/ 12)), (min-width: 53rem) calc(6 * (100vw \/ 12)), 100vw\" \/>\t\t\t\t\t\t\t\t<\/a>\n\t\t\t\t\t\t\t\t\t\t\t\t\t\t\t<\/div>\n\t\t\t\t<\/div>\n\t\t\t\t<div class=\"elementor-element elementor-element-1af74370 elementor-widget elementor-widget-heading\" data-id=\"1af74370\" data-element_type=\"widget\" data-e-type=\"widget\" data-widget_type=\"heading.default\">\n\t\t\t\t<div class=\"elementor-widget-container\">\n\t\t\t\t\t<h4 class=\"elementor-heading-title elementor-size-default\"><a href=\"https:\/\/powertowers.com\/fr\/nano-30cs\/\">Nano 30CS<\/a><\/h4>\t\t\t\t<\/div>\n\t\t\t\t<\/div>\n\t\t\t\t<div class=\"elementor-element elementor-element-3994ddbd elementor-widget elementor-widget-heading\" data-id=\"3994ddbd\" data-element_type=\"widget\" data-e-type=\"widget\" data-widget_type=\"heading.default\">\n\t\t\t\t<div class=\"elementor-widget-container\">\n\t\t\t\t\t<h4 class=\"elementor-heading-title elementor-size-default\">Solution de pouss\u00e9e avec une plate-forme extra petite pour les espaces confin\u00e9s et une hauteur de travail maximale de 4,95 m<\/h4>\t\t\t\t<\/div>\n\t\t\t\t<\/div>\n\t\t\t\t<div class=\"elementor-element elementor-element-5d582447 elementor-align-center elementor-widget elementor-widget-button\" data-id=\"5d582447\" data-element_type=\"widget\" data-e-type=\"widget\" data-widget_type=\"button.default\">\n\t\t\t\t<div class=\"elementor-widget-container\">\n\t\t\t\t\t\t\t\t\t<div class=\"elementor-button-wrapper\">\n\t\t\t\t\t<a class=\"elementor-button elementor-button-link elementor-size-sm\" href=\"https:\/\/powertowers.com\/fr\/nano-30cs\/\">\n\t\t\t\t\t\t<span class=\"elementor-button-content-wrapper\">\n\t\t\t\t\t\t\t\t\t<span class=\"elementor-button-text\">CARACT\u00c9RISTIQUES<\/span>\n\t\t\t\t\t<\/span>\n\t\t\t\t\t<\/a>\n\t\t\t\t<\/div>\n\t\t\t\t\t\t\t\t<\/div>\n\t\t\t\t<\/div>\n\t\t\t\t\t<\/div>\n\t\t<\/div>\n\t\t\t\t<div class=\"elementor-column elementor-col-50 elementor-top-column elementor-element elementor-element-60c72bdc\" data-id=\"60c72bdc\" data-element_type=\"column\" data-e-type=\"column\" data-settings=\"{&quot;background_background&quot;:&quot;classic&quot;}\">\n\t\t\t<div class=\"elementor-widget-wrap elementor-element-populated\">\n\t\t\t\t\t\t<div class=\"elementor-element elementor-element-7c03bc24 elementor-widget elementor-widget-image\" data-id=\"7c03bc24\" data-element_type=\"widget\" data-e-type=\"widget\" data-widget_type=\"image.default\">\n\t\t\t\t<div class=\"elementor-widget-container\">\n\t\t\t\t\t\t\t\t\t\t\t\t\t\t\t\t<a href=\"https:\/\/powertowers.com\/fr\/power-tower-cs\/\">\n\t\t\t\t\t\t\t<img decoding=\"async\" width=\"500\" height=\"500\" src=\"https:\/\/powertowers.com\/wp-content\/uploads\/2025\/08\/Power-Tower-CS_500x500px.jpg\" class=\"elementor-animation-shrink attachment-full size-full wp-image-5367\" alt=\"\" srcset=\"https:\/\/powertowers.com\/wp-content\/uploads\/2025\/08\/Power-Tower-CS_500x500px.jpg 500w, https:\/\/powertowers.com\/wp-content\/uploads\/2025\/08\/Power-Tower-CS_500x500px-300x300.jpg 300w, https:\/\/powertowers.com\/wp-content\/uploads\/2025\/08\/Power-Tower-CS_500x500px-150x150.jpg 150w, https:\/\/powertowers.com\/wp-content\/uploads\/2025\/08\/Power-Tower-CS_500x500px-12x12.jpg 12w\" sizes=\"(max-width: 34.9rem) calc(100vw - 2rem), (max-width: 53rem) calc(8 * (100vw \/ 12)), (min-width: 53rem) calc(6 * (100vw \/ 12)), 100vw\" \/>\t\t\t\t\t\t\t\t<\/a>\n\t\t\t\t\t\t\t\t\t\t\t\t\t\t\t<\/div>\n\t\t\t\t<\/div>\n\t\t\t\t<div class=\"elementor-element elementor-element-51200e52 elementor-widget elementor-widget-heading\" data-id=\"51200e52\" data-element_type=\"widget\" data-e-type=\"widget\" data-widget_type=\"heading.default\">\n\t\t\t\t<div class=\"elementor-widget-container\">\n\t\t\t\t\t<h4 class=\"elementor-heading-title elementor-size-default\"><a href=\"https:\/\/powertowers.com\/fr\/power-tower-cs\/\">POWER TOWER CS<\/a><\/h4>\t\t\t\t<\/div>\n\t\t\t\t<\/div>\n\t\t\t\t<div class=\"elementor-element elementor-element-75f0aa17 elementor-widget elementor-widget-heading\" data-id=\"75f0aa17\" data-element_type=\"widget\" data-e-type=\"widget\" data-widget_type=\"heading.default\">\n\t\t\t\t<div class=\"elementor-widget-container\">\n\t\t\t\t\t<h4 class=\"elementor-heading-title elementor-size-default\">Solution de contournement avec un tablier extra-plat<span style=\"letter-spacing: -0.02em\"> pour les espaces confin\u00e9s<\/span><span style=\"letter-spacing: -0.02em\"> et une hauteur de travail maximale de 5 m<\/span><span style=\"letter-spacing: -0.02em\"><\/span><br><\/h4>\t\t\t\t<\/div>\n\t\t\t\t<\/div>\n\t\t\t\t<div class=\"elementor-element elementor-element-21928e69 elementor-align-center elementor-widget elementor-widget-button\" data-id=\"21928e69\" data-element_type=\"widget\" data-e-type=\"widget\" data-widget_type=\"button.default\">\n\t\t\t\t<div class=\"elementor-widget-container\">\n\t\t\t\t\t\t\t\t\t<div class=\"elementor-button-wrapper\">\n\t\t\t\t\t<a class=\"elementor-button elementor-button-link elementor-size-sm\" href=\"https:\/\/powertowers.com\/fr\/power-tower-cs\/\">\n\t\t\t\t\t\t<span class=\"elementor-button-content-wrapper\">\n\t\t\t\t\t\t\t\t\t<span class=\"elementor-button-text\">CARACT\u00c9RISTIQUES<\/span>\n\t\t\t\t\t<\/span>\n\t\t\t\t\t<\/a>\n\t\t\t\t<\/div>\n\t\t\t\t\t\t\t\t<\/div>\n\t\t\t\t<\/div>\n\t\t\t\t\t<\/div>\n\t\t<\/div>\n\t\t\t\t\t<\/div>\n\t\t<\/section>\n\t\t\t\t<section class=\"elementor-section elementor-top-section elementor-element elementor-element-3f18d589 elementor-section-boxed elementor-section-height-default elementor-section-height-default elementor-invisible\" data-id=\"3f18d589\" data-element_type=\"section\" data-e-type=\"section\" data-settings=\"{&quot;animation&quot;:&quot;zoomIn&quot;}\">\n\t\t\t\t\t\t<div class=\"elementor-container elementor-column-gap-default\">\n\t\t\t\t\t<div class=\"elementor-column elementor-col-100 elementor-top-column elementor-element elementor-element-60fddb7c\" data-id=\"60fddb7c\" data-element_type=\"column\" data-e-type=\"column\">\n\t\t\t<div class=\"elementor-widget-wrap elementor-element-populated\">\n\t\t\t\t\t\t<section class=\"elementor-section elementor-inner-section elementor-element elementor-element-77c8d661 elementor-section-content-bottom elementor-section-boxed elementor-section-height-default elementor-section-height-default\" data-id=\"77c8d661\" data-element_type=\"section\" data-e-type=\"section\">\n\t\t\t\t\t\t<div class=\"elementor-container elementor-column-gap-default\">\n\t\t\t\t\t<div class=\"elementor-column elementor-col-50 elementor-inner-column elementor-element elementor-element-ae51e3f\" data-id=\"ae51e3f\" data-element_type=\"column\" data-e-type=\"column\">\n\t\t\t<div class=\"elementor-widget-wrap elementor-element-populated\">\n\t\t\t\t\t\t<div class=\"elementor-element elementor-element-7582f29a elementor-align-right elementor-mobile-align-center elementor-widget elementor-widget-button\" data-id=\"7582f29a\" data-element_type=\"widget\" data-e-type=\"widget\" data-widget_type=\"button.default\">\n\t\t\t\t<div class=\"elementor-widget-container\">\n\t\t\t\t\t\t\t\t\t<div class=\"elementor-button-wrapper\">\n\t\t\t\t\t<a class=\"elementor-button elementor-button-link elementor-size-md\" href=\"https:\/\/powertowers.com\/fr\/demo\/\">\n\t\t\t\t\t\t<span class=\"elementor-button-content-wrapper\">\n\t\t\t\t\t\t\t\t\t<span class=\"elementor-button-text\">Je veux une d\u00e9mo<\/span>\n\t\t\t\t\t<\/span>\n\t\t\t\t\t<\/a>\n\t\t\t\t<\/div>\n\t\t\t\t\t\t\t\t<\/div>\n\t\t\t\t<\/div>\n\t\t\t\t\t<\/div>\n\t\t<\/div>\n\t\t\t\t<div class=\"elementor-column elementor-col-50 elementor-inner-column elementor-element elementor-element-51ed762e\" data-id=\"51ed762e\" data-element_type=\"column\" data-e-type=\"column\">\n\t\t\t<div class=\"elementor-widget-wrap elementor-element-populated\">\n\t\t\t\t\t\t<div class=\"elementor-element elementor-element-526be1e5 elementor-align-left elementor-mobile-align-center elementor-widget elementor-widget-button\" data-id=\"526be1e5\" data-element_type=\"widget\" data-e-type=\"widget\" data-widget_type=\"button.default\">\n\t\t\t\t<div class=\"elementor-widget-container\">\n\t\t\t\t\t\t\t\t\t<div class=\"elementor-button-wrapper\">\n\t\t\t\t\t<a class=\"elementor-button elementor-button-link elementor-size-md\" href=\"https:\/\/powertowers.com\/fr\/quote\/\">\n\t\t\t\t\t\t<span class=\"elementor-button-content-wrapper\">\n\t\t\t\t\t\t\t\t\t<span class=\"elementor-button-text\">Je veux un devis<\/span>\n\t\t\t\t\t<\/span>\n\t\t\t\t\t<\/a>\n\t\t\t\t<\/div>\n\t\t\t\t\t\t\t\t<\/div>\n\t\t\t\t<\/div>\n\t\t\t\t\t<\/div>\n\t\t<\/div>\n\t\t\t\t\t<\/div>\n\t\t<\/section>\n\t\t\t\t\t<\/div>\n\t\t<\/div>\n\t\t\t\t\t<\/div>\n\t\t<\/section>\n\t\t\t\t<section class=\"elementor-section elementor-top-section elementor-element elementor-element-5b1514d elementor-section-boxed elementor-section-height-default elementor-section-height-default elementor-invisible\" data-id=\"5b1514d\" data-element_type=\"section\" data-e-type=\"section\" data-settings=\"{&quot;animation&quot;:&quot;slideInUp&quot;}\">\n\t\t\t\t\t\t<div class=\"elementor-container elementor-column-gap-default\">\n\t\t\t\t\t<div class=\"elementor-column elementor-col-50 elementor-top-column elementor-element elementor-element-ef5345\" data-id=\"ef5345\" data-element_type=\"column\" data-e-type=\"column\">\n\t\t\t<div class=\"elementor-widget-wrap elementor-element-populated\">\n\t\t\t\t\t\t<div class=\"elementor-element elementor-element-280f3a76 elementor-widget elementor-widget-text-editor\" data-id=\"280f3a76\" data-element_type=\"widget\" data-e-type=\"widget\" data-widget_type=\"text-editor.default\">\n\t\t\t\t<div class=\"elementor-widget-container\">\n\t\t\t\t\t\t\t\t\t<p style=\"font-weight: 400;\">Vous recherchez une solution d'acc\u00e8s l\u00e9g\u00e8re et compacte, con\u00e7ue pour les espaces restreints et confin\u00e9s ? Nos plates-formes Nano 30CS et Power Tower CS sont sp\u00e9cialement con\u00e7ues pour offrir un acc\u00e8s s\u00fbr, fiable et efficace sans compromettre les performances.<\/p><p style=\"font-weight: 400;\">Il suffit de pousser en position, de monter sur la plate-forme et d'appuyer sur le bouton pour atteindre votre hauteur de travail - jusqu'\u00e0 4,95 m avec le Nano 30CS ou 5,00 m avec le Power Tower CS. Pas besoin de grimper, de monter ou de d\u00e9monter.<\/p><p style=\"font-weight: 400;\">Avec une plate-forme enti\u00e8rement prot\u00e9g\u00e9e, un rayon de rotation de 360\u00b0 et un encombrement r\u00e9duit qui permet de passer par des portes simples, ces machines facilitent l'acc\u00e8s aux zones \u00e9troites, m\u00eame entre des dalles de plafond standard, tout en garantissant la s\u00e9curit\u00e9, la stabilit\u00e9 et la libert\u00e9 des mains des op\u00e9rateurs.<\/p><p style=\"font-weight: 400;\">Qu'il s'agisse de t\u00e2ches de maintenance, d'inspection ou d'installation, ces plates-formes sont le meilleur choix pour maximiser la productivit\u00e9 dans les espaces confin\u00e9s.<\/p><p><a href=\"https:\/\/powertowers.com\/fr\/avantages\/\">Pour en savoir plus sur les avantages de la gamme de produits Power Towers, cliquez ici !<\/a><\/p>\t\t\t\t\t\t\t\t<\/div>\n\t\t\t\t<\/div>\n\t\t\t\t\t<\/div>\n\t\t<\/div>\n\t\t\t\t<div class=\"elementor-column elementor-col-50 elementor-top-column elementor-element elementor-element-242e4a58\" data-id=\"242e4a58\" data-element_type=\"column\" data-e-type=\"column\">\n\t\t\t<div class=\"elementor-widget-wrap elementor-element-populated\">\n\t\t\t\t\t\t<div class=\"elementor-element elementor-element-7691dc42 elementor-widget elementor-widget-text-editor\" data-id=\"7691dc42\" data-element_type=\"widget\" data-e-type=\"widget\" data-widget_type=\"text-editor.default\">\n\t\t\t\t<div class=\"elementor-widget-container\">\n\t\t\t\t\t\t\t\t\t<p><strong>Caract\u00e9ristiques et avantages :<\/strong><\/p><ul><li><p style=\"font-weight: 400;\">Conception compacte pour les zones d'acc\u00e8s \u00e9troites ou confin\u00e9es<\/p><\/li><li>La petite plate-forme permet d'acc\u00e9der aux dalles de plafond de 60 x 60 cm.<\/li><li><p style=\"font-weight: 400;\">Dimensions de la plate-forme 55 x 55 x 74 cm<\/p><\/li><li><p style=\"font-weight: 400;\">L\u00e9ger et maniable<\/p><\/li><li><p style=\"font-weight: 400;\">Fonctionnement simple, par bouton-poussoir, pour une plus grande facilit\u00e9 d'utilisation<\/p><\/li><li><p style=\"font-weight: 400;\">Con\u00e7u dans un souci de s\u00e9curit\u00e9<\/p><\/li><li><p style=\"font-weight: 400;\">Taille optimale pour passer par une porte simple<\/p><\/li><li><p style=\"font-weight: 400;\">Urgence plus basse depuis le sol<\/p><\/li><\/ul>\t\t\t\t\t\t\t\t<\/div>\n\t\t\t\t<\/div>\n\t\t\t\t\t<\/div>\n\t\t<\/div>\n\t\t\t\t\t<\/div>\n\t\t<\/section>\n\t\t\t\t<\/div>","protected":false},"excerpt":{"rendered":"<p>FAMILLE DES ESPACES CONFIN\u00c9S Acc\u00e8s compact, s\u00e9curit\u00e9 maximale Nano 30CS Solution de contournement avec une plate-forme extra petite pour les espaces confin\u00e9s et une hauteur de travail maximale de 4,95 m V\u00c9RIFIER TOUTES LES SP\u00c9CIFICATIONS POWER TOWER CS Solution de contournement avec une plate-forme extra petite pour les espaces confin\u00e9s et une hauteur de travail maximale de 5 m V\u00c9RIFIER TOUTES LES SP\u00c9CIFICATIONS ... <\/p>\n<p class=\"link-more\"><a href=\"https:\/\/powertowers.com\/fr\/confined-space\/\" class=\"more-link\">Continuer la lecture <span class=\"screen-reader-text\"> \" Espace confin\u00e9 \"<\/span><\/a><\/p>","protected":false},"author":1,"featured_media":0,"parent":0,"menu_order":0,"comment_status":"closed","ping_status":"closed","template":"elementor_header_footer","meta":{"content-type":"","footnotes":""},"class_list":["post-5364","page","type-page","status-publish","hentry","entry"],"yoast_head":"<!-- This site is optimized with the Yoast SEO plugin v27.5 - https:\/\/yoast.com\/product\/yoast-seo-wordpress\/ -->\n<title>Confined space - Power Towers<\/title>\n<meta name=\"robots\" content=\"index, follow, max-snippet:-1, max-image-preview:large, max-video-preview:-1\" \/>\n<link rel=\"canonical\" href=\"https:\/\/powertowers.com\/fr\/espace-confine\/\" \/>\n<meta property=\"og:locale\" content=\"fr_FR\" \/>\n<meta property=\"og:type\" content=\"article\" \/>\n<meta property=\"og:title\" content=\"Confined space - Power Towers\" \/>\n<meta property=\"og:description\" content=\"CONFINED SPACE FAMILY Compact Access, Maximum Safety Nano 30CS Push around solution with an extra small deck for confined spaces and maximum working height of 4,95 m CHECK ALL SPECIFICATIONS POWER TOWER CS Push around solution with an extra small deck for confined spaces and a maximum working height of 5 m CHECK ALL SPECIFICATIONS &hellip; Continuer la lecture \u00ab\u00a0Confined space\u00a0\u00bb\" \/>\n<meta property=\"og:url\" content=\"https:\/\/powertowers.com\/fr\/espace-confine\/\" \/>\n<meta property=\"og:site_name\" content=\"Power Towers\" \/>\n<meta property=\"article:modified_time\" content=\"2025-09-10T16:35:57+00:00\" \/>\n<meta property=\"og:image\" content=\"https:\/\/37.148.206.186\/wp-content\/uploads\/2025\/08\/JLG-Nano-30CS_500x500px.jpg\" \/>\n<meta name=\"twitter:card\" content=\"summary_large_image\" \/>\n<meta name=\"twitter:label1\" content=\"Dur\u00e9e de lecture estim\u00e9e\" \/>\n\t<meta name=\"twitter:data1\" content=\"2 minutes\" \/>\n<script type=\"application\/ld+json\" class=\"yoast-schema-graph\">{\"@context\":\"https:\\\/\\\/schema.org\",\"@graph\":[{\"@type\":\"WebPage\",\"@id\":\"https:\\\/\\\/powertowers.com\\\/confined-space\\\/\",\"url\":\"https:\\\/\\\/powertowers.com\\\/confined-space\\\/\",\"name\":\"Confined space - Power Towers\",\"isPartOf\":{\"@id\":\"https:\\\/\\\/powertowers.com\\\/nl\\\/#website\"},\"primaryImageOfPage\":{\"@id\":\"https:\\\/\\\/powertowers.com\\\/confined-space\\\/#primaryimage\"},\"image\":{\"@id\":\"https:\\\/\\\/powertowers.com\\\/confined-space\\\/#primaryimage\"},\"thumbnailUrl\":\"https:\\\/\\\/37.148.206.186\\\/wp-content\\\/uploads\\\/2025\\\/08\\\/JLG-Nano-30CS_500x500px.jpg\",\"datePublished\":\"2025-08-27T08:35:55+00:00\",\"dateModified\":\"2025-09-10T16:35:57+00:00\",\"breadcrumb\":{\"@id\":\"https:\\\/\\\/powertowers.com\\\/confined-space\\\/#breadcrumb\"},\"inLanguage\":\"fr-FR\",\"potentialAction\":[{\"@type\":\"ReadAction\",\"target\":[\"https:\\\/\\\/powertowers.com\\\/confined-space\\\/\"]}]},{\"@type\":\"ImageObject\",\"inLanguage\":\"fr-FR\",\"@id\":\"https:\\\/\\\/powertowers.com\\\/confined-space\\\/#primaryimage\",\"url\":\"https:\\\/\\\/37.148.206.186\\\/wp-content\\\/uploads\\\/2025\\\/08\\\/JLG-Nano-30CS_500x500px.jpg\",\"contentUrl\":\"https:\\\/\\\/37.148.206.186\\\/wp-content\\\/uploads\\\/2025\\\/08\\\/JLG-Nano-30CS_500x500px.jpg\"},{\"@type\":\"BreadcrumbList\",\"@id\":\"https:\\\/\\\/powertowers.com\\\/confined-space\\\/#breadcrumb\",\"itemListElement\":[{\"@type\":\"ListItem\",\"position\":1,\"name\":\"Home\",\"item\":\"https:\\\/\\\/powertowers.com\\\/nl\\\/\"},{\"@type\":\"ListItem\",\"position\":2,\"name\":\"Confined space\"}]},{\"@type\":\"WebSite\",\"@id\":\"https:\\\/\\\/powertowers.com\\\/nl\\\/#website\",\"url\":\"https:\\\/\\\/powertowers.com\\\/nl\\\/\",\"name\":\"Power Towers\",\"description\":\"The alternative to ladders, podiums and scaffolding.\",\"publisher\":{\"@id\":\"https:\\\/\\\/powertowers.com\\\/nl\\\/#organization\"},\"potentialAction\":[{\"@type\":\"SearchAction\",\"target\":{\"@type\":\"EntryPoint\",\"urlTemplate\":\"https:\\\/\\\/powertowers.com\\\/nl\\\/?s={search_term_string}\"},\"query-input\":{\"@type\":\"PropertyValueSpecification\",\"valueRequired\":true,\"valueName\":\"search_term_string\"}}],\"inLanguage\":\"fr-FR\"},{\"@type\":\"Organization\",\"@id\":\"https:\\\/\\\/powertowers.com\\\/nl\\\/#organization\",\"name\":\"Power Towers Ltd.\",\"url\":\"https:\\\/\\\/powertowers.com\\\/nl\\\/\",\"logo\":{\"@type\":\"ImageObject\",\"inLanguage\":\"fr-FR\",\"@id\":\"https:\\\/\\\/powertowers.com\\\/nl\\\/#\\\/schema\\\/logo\\\/image\\\/\",\"url\":\"https:\\\/\\\/37.148.206.186\\\/wp-content\\\/uploads\\\/2021\\\/12\\\/power-towers-new-logo-outline-1024px.png\",\"contentUrl\":\"https:\\\/\\\/37.148.206.186\\\/wp-content\\\/uploads\\\/2021\\\/12\\\/power-towers-new-logo-outline-1024px.png\",\"width\":1024,\"height\":209,\"caption\":\"Power Towers Ltd.\"},\"image\":{\"@id\":\"https:\\\/\\\/powertowers.com\\\/nl\\\/#\\\/schema\\\/logo\\\/image\\\/\"}}]}<\/script>\n<!-- \/ Yoast SEO plugin. -->","yoast_head_json":{"title":"Espace confin\u00e9 - Tours \u00e9lectriques","robots":{"index":"index","follow":"follow","max-snippet":"max-snippet:-1","max-image-preview":"max-image-preview:large","max-video-preview":"max-video-preview:-1"},"canonical":"https:\/\/powertowers.com\/fr\/espace-confine\/","og_locale":"fr_FR","og_type":"article","og_title":"Confined space - Power Towers","og_description":"CONFINED SPACE FAMILY Compact Access, Maximum Safety Nano 30CS Push around solution with an extra small deck for confined spaces and maximum working height of 4,95 m CHECK ALL SPECIFICATIONS POWER TOWER CS Push around solution with an extra small deck for confined spaces and a maximum working height of 5 m CHECK ALL SPECIFICATIONS &hellip; Continuer la lecture \u00ab\u00a0Confined space\u00a0\u00bb","og_url":"https:\/\/powertowers.com\/fr\/espace-confine\/","og_site_name":"Power Towers","article_modified_time":"2025-09-10T16:35:57+00:00","og_image":[{"url":"https:\/\/37.148.206.186\/wp-content\/uploads\/2025\/08\/JLG-Nano-30CS_500x500px.jpg","type":"","width":"","height":""}],"twitter_card":"summary_large_image","twitter_misc":{"Dur\u00e9e de lecture estim\u00e9e":"2 minutes"},"schema":{"@context":"https:\/\/schema.org","@graph":[{"@type":"WebPage","@id":"https:\/\/powertowers.com\/confined-space\/","url":"https:\/\/powertowers.com\/confined-space\/","name":"Espace confin\u00e9 - Tours \u00e9lectriques","isPartOf":{"@id":"https:\/\/powertowers.com\/nl\/#website"},"primaryImageOfPage":{"@id":"https:\/\/powertowers.com\/confined-space\/#primaryimage"},"image":{"@id":"https:\/\/powertowers.com\/confined-space\/#primaryimage"},"thumbnailUrl":"https:\/\/37.148.206.186\/wp-content\/uploads\/2025\/08\/JLG-Nano-30CS_500x500px.jpg","datePublished":"2025-08-27T08:35:55+00:00","dateModified":"2025-09-10T16:35:57+00:00","breadcrumb":{"@id":"https:\/\/powertowers.com\/confined-space\/#breadcrumb"},"inLanguage":"fr-FR","potentialAction":[{"@type":"ReadAction","target":["https:\/\/powertowers.com\/confined-space\/"]}]},{"@type":"ImageObject","inLanguage":"fr-FR","@id":"https:\/\/powertowers.com\/confined-space\/#primaryimage","url":"https:\/\/37.148.206.186\/wp-content\/uploads\/2025\/08\/JLG-Nano-30CS_500x500px.jpg","contentUrl":"https:\/\/37.148.206.186\/wp-content\/uploads\/2025\/08\/JLG-Nano-30CS_500x500px.jpg"},{"@type":"BreadcrumbList","@id":"https:\/\/powertowers.com\/confined-space\/#breadcrumb","itemListElement":[{"@type":"ListItem","position":1,"name":"Home","item":"https:\/\/powertowers.com\/nl\/"},{"@type":"ListItem","position":2,"name":"Confined space"}]},{"@type":"WebSite","@id":"https:\/\/powertowers.com\/nl\/#website","url":"https:\/\/powertowers.com\/nl\/","name":"Power Towers","description":"L'alternative aux \u00e9chelles, aux podiums et aux \u00e9chafaudages.","publisher":{"@id":"https:\/\/powertowers.com\/nl\/#organization"},"potentialAction":[{"@type":"SearchAction","target":{"@type":"EntryPoint","urlTemplate":"https:\/\/powertowers.com\/nl\/?s={search_term_string}"},"query-input":{"@type":"PropertyValueSpecification","valueRequired":true,"valueName":"search_term_string"}}],"inLanguage":"fr-FR"},{"@type":"Organization","@id":"https:\/\/powertowers.com\/nl\/#organization","name":"Power Towers Ltd.","url":"https:\/\/powertowers.com\/nl\/","logo":{"@type":"ImageObject","inLanguage":"fr-FR","@id":"https:\/\/powertowers.com\/nl\/#\/schema\/logo\/image\/","url":"https:\/\/37.148.206.186\/wp-content\/uploads\/2021\/12\/power-towers-new-logo-outline-1024px.png","contentUrl":"https:\/\/37.148.206.186\/wp-content\/uploads\/2021\/12\/power-towers-new-logo-outline-1024px.png","width":1024,"height":209,"caption":"Power Towers Ltd."},"image":{"@id":"https:\/\/powertowers.com\/nl\/#\/schema\/logo\/image\/"}}]}},"_links":{"self":[{"href":"https:\/\/powertowers.com\/fr\/wp-json\/wp\/v2\/pages\/5364","targetHints":{"allow":["GET"]}}],"collection":[{"href":"https:\/\/powertowers.com\/fr\/wp-json\/wp\/v2\/pages"}],"about":[{"href":"https:\/\/powertowers.com\/fr\/wp-json\/wp\/v2\/types\/page"}],"author":[{"embeddable":true,"href":"https:\/\/powertowers.com\/fr\/wp-json\/wp\/v2\/users\/1"}],"replies":[{"embeddable":true,"href":"https:\/\/powertowers.com\/fr\/wp-json\/wp\/v2\/comments?post=5364"}],"version-history":[{"count":49,"href":"https:\/\/powertowers.com\/fr\/wp-json\/wp\/v2\/pages\/5364\/revisions"}],"predecessor-version":[{"id":5695,"href":"https:\/\/powertowers.com\/fr\/wp-json\/wp\/v2\/pages\/5364\/revisions\/5695"}],"wp:attachment":[{"href":"https:\/\/powertowers.com\/fr\/wp-json\/wp\/v2\/media?parent=5364"}],"curies":[{"name":"wp","href":"https:\/\/api.w.org\/{rel}","templated":true}]}}