{"id":638,"date":"2022-01-10T12:48:03","date_gmt":"2022-01-10T12:48:03","guid":{"rendered":"https:\/\/37.148.206.186\/?page_id=638"},"modified":"2025-09-11T13:51:32","modified_gmt":"2025-09-11T11:51:32","slug":"itseohjautuva-perhe","status":"publish","type":"page","link":"https:\/\/powertowers.com\/fi\/the-self-propelled-family\/","title":{"rendered":"Itseliikkuva perhe"},"content":{"rendered":"<div data-elementor-type=\"wp-page\" data-elementor-id=\"638\" class=\"elementor elementor-638\" data-elementor-post-type=\"page\">\n\t\t\t\t\t\t<main class=\"elementor-section elementor-top-section elementor-element elementor-element-005134f elementor-section-boxed elementor-section-height-default elementor-section-height-default elementor-invisible\" data-id=\"005134f\" data-element_type=\"section\" data-e-type=\"section\" data-settings=\"{&quot;animation&quot;:&quot;slideInDown&quot;}\">\n\t\t\t\t\t\t<div class=\"elementor-container elementor-column-gap-default\">\n\t\t\t\t\t<div class=\"elementor-column elementor-col-100 elementor-top-column elementor-element elementor-element-b6ba170\" data-id=\"b6ba170\" data-element_type=\"column\" data-e-type=\"column\">\n\t\t\t<div class=\"elementor-widget-wrap elementor-element-populated\">\n\t\t\t\t\t\t<div class=\"elementor-element elementor-element-8290da6 elementor-widget elementor-widget-heading\" data-id=\"8290da6\" data-element_type=\"widget\" data-e-type=\"widget\" data-widget_type=\"heading.default\">\n\t\t\t\t<div class=\"elementor-widget-container\">\n\t\t\t\t\t<h1 class=\"elementor-heading-title elementor-size-default\">ITSELIIKKUVA PERHE<\/h1>\t\t\t\t<\/div>\n\t\t\t\t<\/div>\n\t\t\t\t<div class=\"elementor-element elementor-element-4019f0e elementor-widget elementor-widget-heading\" data-id=\"4019f0e\" data-element_type=\"widget\" data-e-type=\"widget\" data-widget_type=\"heading.default\">\n\t\t\t\t<div class=\"elementor-widget-container\">\n\t\t\t\t\t<h2 class=\"elementor-heading-title elementor-size-default\">Matalat, kevyet, itseliikkuvat koneet<\/h2>\t\t\t\t<\/div>\n\t\t\t\t<\/div>\n\t\t\t\t\t<\/div>\n\t\t<\/div>\n\t\t\t\t\t<\/div>\n\t\t<\/main>\n\t\t\t\t<main class=\"elementor-section elementor-top-section elementor-element elementor-element-20dd2a6 elementor-section-boxed elementor-section-height-default elementor-section-height-default elementor-invisible\" data-id=\"20dd2a6\" data-element_type=\"section\" data-e-type=\"section\" data-settings=\"{&quot;animation&quot;:&quot;slideInUp&quot;}\">\n\t\t\t\t\t\t<div class=\"elementor-container elementor-column-gap-default\">\n\t\t\t\t\t<div class=\"elementor-column elementor-col-50 elementor-top-column elementor-element elementor-element-7f50de8\" data-id=\"7f50de8\" data-element_type=\"column\" data-e-type=\"column\" data-settings=\"{&quot;background_background&quot;:&quot;classic&quot;}\">\n\t\t\t<div class=\"elementor-widget-wrap elementor-element-populated\">\n\t\t\t\t\t\t<div class=\"elementor-element elementor-element-ed42a36 elementor-widget elementor-widget-image\" data-id=\"ed42a36\" data-element_type=\"widget\" data-e-type=\"widget\" data-widget_type=\"image.default\">\n\t\t\t\t<div class=\"elementor-widget-container\">\n\t\t\t\t\t\t\t\t\t\t\t\t\t\t\t\t<a href=\"https:\/\/powertowers.com\/fi\/nano-sp\/\">\n\t\t\t\t\t\t\t<img fetchpriority=\"high\" decoding=\"async\" width=\"500\" height=\"500\" src=\"https:\/\/powertowers.com\/wp-content\/uploads\/2023\/04\/Nano-SP.jpg\" class=\"elementor-animation-shrink attachment-full size-full wp-image-3349\" alt=\"Nano SP\" srcset=\"https:\/\/powertowers.com\/wp-content\/uploads\/2023\/04\/Nano-SP.jpg 500w, https:\/\/powertowers.com\/wp-content\/uploads\/2023\/04\/Nano-SP-300x300.jpg 300w, https:\/\/powertowers.com\/wp-content\/uploads\/2023\/04\/Nano-SP-150x150.jpg 150w, https:\/\/powertowers.com\/wp-content\/uploads\/2023\/04\/Nano-SP-12x12.jpg 12w\" sizes=\"(max-width: 34.9rem) calc(100vw - 2rem), (max-width: 53rem) calc(8 * (100vw \/ 12)), (min-width: 53rem) calc(6 * (100vw \/ 12)), 100vw\" \/>\t\t\t\t\t\t\t\t<\/a>\n\t\t\t\t\t\t\t\t\t\t\t\t\t\t\t<\/div>\n\t\t\t\t<\/div>\n\t\t\t\t<div class=\"elementor-element elementor-element-031c932 elementor-widget elementor-widget-heading\" data-id=\"031c932\" data-element_type=\"widget\" data-e-type=\"widget\" data-widget_type=\"heading.default\">\n\t\t\t\t<div class=\"elementor-widget-container\">\n\t\t\t\t\t<h4 class=\"elementor-heading-title elementor-size-default\"><a href=\"https:\/\/powertowers.com\/fi\/nano-sp\/\">Nano SP<\/a><\/h4>\t\t\t\t<\/div>\n\t\t\t\t<\/div>\n\t\t\t\t<div class=\"elementor-element elementor-element-b38350b elementor-widget elementor-widget-heading\" data-id=\"b38350b\" data-element_type=\"widget\" data-e-type=\"widget\" data-widget_type=\"heading.default\">\n\t\t\t\t<div class=\"elementor-widget-container\">\n\t\t\t\t\t<h4 class=\"elementor-heading-title elementor-size-default\">Itseliikkuva ratkaisu, jossa on ulosvedett\u00e4v\u00e4 kansi ja 4,5 m:n enimm\u00e4isty\u00f6korkeus.<\/h4>\t\t\t\t<\/div>\n\t\t\t\t<\/div>\n\t\t\t\t<div class=\"elementor-element elementor-element-05447f6 elementor-align-center elementor-widget elementor-widget-button\" data-id=\"05447f6\" data-element_type=\"widget\" data-e-type=\"widget\" data-widget_type=\"button.default\">\n\t\t\t\t<div class=\"elementor-widget-container\">\n\t\t\t\t\t\t\t\t\t<div class=\"elementor-button-wrapper\">\n\t\t\t\t\t<a class=\"elementor-button elementor-button-link elementor-size-sm\" href=\"https:\/\/powertowers.com\/fi\/nano-sp\/\">\n\t\t\t\t\t\t<span class=\"elementor-button-content-wrapper\">\n\t\t\t\t\t\t\t\t\t<span class=\"elementor-button-text\">TARKISTA KAIKKI TEKNISET TIEDOT<\/span>\n\t\t\t\t\t<\/span>\n\t\t\t\t\t<\/a>\n\t\t\t\t<\/div>\n\t\t\t\t\t\t\t\t<\/div>\n\t\t\t\t<\/div>\n\t\t\t\t\t<\/div>\n\t\t<\/div>\n\t\t\t\t<div class=\"elementor-column elementor-col-50 elementor-top-column elementor-element elementor-element-e4ab24a\" data-id=\"e4ab24a\" data-element_type=\"column\" data-e-type=\"column\" data-settings=\"{&quot;background_background&quot;:&quot;classic&quot;}\">\n\t\t\t<div class=\"elementor-widget-wrap elementor-element-populated\">\n\t\t\t\t\t\t<div class=\"elementor-element elementor-element-52cf7b6 elementor-widget elementor-widget-image\" data-id=\"52cf7b6\" data-element_type=\"widget\" data-e-type=\"widget\" data-widget_type=\"image.default\">\n\t\t\t\t<div class=\"elementor-widget-container\">\n\t\t\t\t\t\t\t\t\t\t\t\t\t\t\t\t<a href=\"https:\/\/powertowers.com\/fi\/nano-sp-plus\/\">\n\t\t\t\t\t\t\t<img decoding=\"async\" width=\"500\" height=\"500\" src=\"https:\/\/powertowers.com\/wp-content\/uploads\/2023\/04\/Nano-SP-1.jpg\" class=\"elementor-animation-shrink attachment-full size-full wp-image-3350\" alt=\"Nano SP Plus\" srcset=\"https:\/\/powertowers.com\/wp-content\/uploads\/2023\/04\/Nano-SP-1.jpg 500w, https:\/\/powertowers.com\/wp-content\/uploads\/2023\/04\/Nano-SP-1-300x300.jpg 300w, https:\/\/powertowers.com\/wp-content\/uploads\/2023\/04\/Nano-SP-1-150x150.jpg 150w, https:\/\/powertowers.com\/wp-content\/uploads\/2023\/04\/Nano-SP-1-12x12.jpg 12w\" sizes=\"(max-width: 34.9rem) calc(100vw - 2rem), (max-width: 53rem) calc(8 * (100vw \/ 12)), (min-width: 53rem) calc(6 * (100vw \/ 12)), 100vw\" \/>\t\t\t\t\t\t\t\t<\/a>\n\t\t\t\t\t\t\t\t\t\t\t\t\t\t\t<\/div>\n\t\t\t\t<\/div>\n\t\t\t\t<div class=\"elementor-element elementor-element-cff612f elementor-widget elementor-widget-heading\" data-id=\"cff612f\" data-element_type=\"widget\" data-e-type=\"widget\" data-widget_type=\"heading.default\">\n\t\t\t\t<div class=\"elementor-widget-container\">\n\t\t\t\t\t<h4 class=\"elementor-heading-title elementor-size-default\"><a href=\"https:\/\/powertowers.com\/fi\/nano-sp-plus\/\">NANO SP PLUS<\/a><\/h4>\t\t\t\t<\/div>\n\t\t\t\t<\/div>\n\t\t\t\t<div class=\"elementor-element elementor-element-56122d9 elementor-widget elementor-widget-heading\" data-id=\"56122d9\" data-element_type=\"widget\" data-e-type=\"widget\" data-widget_type=\"heading.default\">\n\t\t\t\t<div class=\"elementor-widget-container\">\n\t\t\t\t\t<h4 class=\"elementor-heading-title elementor-size-default\">Itseliikkuva ratkaisu, jossa on kaksinkertainen ulosvedett\u00e4v\u00e4 kansi ja 4,5 m:n enimm\u00e4isty\u00f6korkeus.<\/h4>\t\t\t\t<\/div>\n\t\t\t\t<\/div>\n\t\t\t\t<div class=\"elementor-element elementor-element-f74219b elementor-align-center elementor-widget elementor-widget-button\" data-id=\"f74219b\" data-element_type=\"widget\" data-e-type=\"widget\" data-widget_type=\"button.default\">\n\t\t\t\t<div class=\"elementor-widget-container\">\n\t\t\t\t\t\t\t\t\t<div class=\"elementor-button-wrapper\">\n\t\t\t\t\t<a class=\"elementor-button elementor-button-link elementor-size-sm\" href=\"https:\/\/powertowers.com\/fi\/nano-sp-plus\/\">\n\t\t\t\t\t\t<span class=\"elementor-button-content-wrapper\">\n\t\t\t\t\t\t\t\t\t<span class=\"elementor-button-text\">TARKISTA KAIKKI TEKNISET TIEDOT<\/span>\n\t\t\t\t\t<\/span>\n\t\t\t\t\t<\/a>\n\t\t\t\t<\/div>\n\t\t\t\t\t\t\t\t<\/div>\n\t\t\t\t<\/div>\n\t\t\t\t\t<\/div>\n\t\t<\/div>\n\t\t\t\t\t<\/div>\n\t\t<\/main>\n\t\t\t\t<nav class=\"elementor-section elementor-top-section elementor-element elementor-element-4785a1c elementor-section-boxed elementor-section-height-default elementor-section-height-default elementor-invisible\" data-id=\"4785a1c\" data-element_type=\"section\" data-e-type=\"section\" data-settings=\"{&quot;animation&quot;:&quot;zoomIn&quot;}\">\n\t\t\t\t\t\t<div class=\"elementor-container elementor-column-gap-default\">\n\t\t\t\t\t<div class=\"elementor-column elementor-col-100 elementor-top-column elementor-element elementor-element-1d9abd9\" data-id=\"1d9abd9\" data-element_type=\"column\" data-e-type=\"column\">\n\t\t\t<div class=\"elementor-widget-wrap elementor-element-populated\">\n\t\t\t\t\t\t<section class=\"elementor-section elementor-inner-section elementor-element elementor-element-57e2c61 elementor-section-content-bottom elementor-section-boxed elementor-section-height-default elementor-section-height-default\" data-id=\"57e2c61\" data-element_type=\"section\" data-e-type=\"section\">\n\t\t\t\t\t\t<div class=\"elementor-container elementor-column-gap-default\">\n\t\t\t\t\t<div class=\"elementor-column elementor-col-50 elementor-inner-column elementor-element elementor-element-7f6d226\" data-id=\"7f6d226\" data-element_type=\"column\" data-e-type=\"column\">\n\t\t\t<div class=\"elementor-widget-wrap elementor-element-populated\">\n\t\t\t\t\t\t<div class=\"elementor-element elementor-element-e1a5159 elementor-align-right elementor-mobile-align-center elementor-widget elementor-widget-button\" data-id=\"e1a5159\" data-element_type=\"widget\" data-e-type=\"widget\" data-widget_type=\"button.default\">\n\t\t\t\t<div class=\"elementor-widget-container\">\n\t\t\t\t\t\t\t\t\t<div class=\"elementor-button-wrapper\">\n\t\t\t\t\t<a class=\"elementor-button elementor-button-link elementor-size-md\" href=\"https:\/\/powertowers.com\/fi\/demo\/\">\n\t\t\t\t\t\t<span class=\"elementor-button-content-wrapper\">\n\t\t\t\t\t\t\t\t\t<span class=\"elementor-button-text\">Haluan demon<\/span>\n\t\t\t\t\t<\/span>\n\t\t\t\t\t<\/a>\n\t\t\t\t<\/div>\n\t\t\t\t\t\t\t\t<\/div>\n\t\t\t\t<\/div>\n\t\t\t\t\t<\/div>\n\t\t<\/div>\n\t\t\t\t<div class=\"elementor-column elementor-col-50 elementor-inner-column elementor-element elementor-element-aa622a6\" data-id=\"aa622a6\" data-element_type=\"column\" data-e-type=\"column\">\n\t\t\t<div class=\"elementor-widget-wrap elementor-element-populated\">\n\t\t\t\t\t\t<div class=\"elementor-element elementor-element-0dab248 elementor-align-left elementor-mobile-align-center elementor-widget elementor-widget-button\" data-id=\"0dab248\" data-element_type=\"widget\" data-e-type=\"widget\" data-widget_type=\"button.default\">\n\t\t\t\t<div class=\"elementor-widget-container\">\n\t\t\t\t\t\t\t\t\t<div class=\"elementor-button-wrapper\">\n\t\t\t\t\t<a class=\"elementor-button elementor-button-link elementor-size-md\" href=\"https:\/\/powertowers.com\/fi\/quote\/\">\n\t\t\t\t\t\t<span class=\"elementor-button-content-wrapper\">\n\t\t\t\t\t\t\t\t\t<span class=\"elementor-button-text\">Haluan tarjouksen<\/span>\n\t\t\t\t\t<\/span>\n\t\t\t\t\t<\/a>\n\t\t\t\t<\/div>\n\t\t\t\t\t\t\t\t<\/div>\n\t\t\t\t<\/div>\n\t\t\t\t\t<\/div>\n\t\t<\/div>\n\t\t\t\t\t<\/div>\n\t\t<\/section>\n\t\t\t\t\t<\/div>\n\t\t<\/div>\n\t\t\t\t\t<\/div>\n\t\t<\/nav>\n\t\t\t\t<article class=\"elementor-section elementor-top-section elementor-element elementor-element-6a1bff9 elementor-section-boxed elementor-section-height-default elementor-section-height-default\" data-id=\"6a1bff9\" data-element_type=\"section\" data-e-type=\"section\">\n\t\t\t\t\t\t<div class=\"elementor-container elementor-column-gap-default\">\n\t\t\t\t\t<div class=\"elementor-column elementor-col-50 elementor-top-column elementor-element elementor-element-3d5fc2f\" data-id=\"3d5fc2f\" data-element_type=\"column\" data-e-type=\"column\">\n\t\t\t<div class=\"elementor-widget-wrap elementor-element-populated\">\n\t\t\t\t\t\t<div class=\"elementor-element elementor-element-74d4f3d elementor-widget elementor-widget-text-editor\" data-id=\"74d4f3d\" data-element_type=\"widget\" data-e-type=\"widget\" data-widget_type=\"text-editor.default\">\n\t\t\t\t<div class=\"elementor-widget-container\">\n\t\t\t\t\t\t\t\t\t<p>Jos etsit itsekulkevaa tuotetta matalalle p\u00e4\u00e4sy\u00e4 varten, tuotevalikoimamme tuotteet ovat kevyit\u00e4 ja tarjoavat jopa 4,5 metrin ty\u00f6skentelykorkeuden (mallista riippuen). N\u00e4m\u00e4 alustat ovat ihanteellisia silloin, kun sovelluksessa k\u00e4ytt\u00e4j\u00e4n on liikuttava nopeasti toimintojen v\u00e4lill\u00e4 tai kun alustaa on siirrett\u00e4v\u00e4 ty\u00f6korkeuden aikana. T\u00e4ll\u00f6in ei tarvitse nousta ja laskeutua, jotta kone voidaan siirt\u00e4\u00e4 toiseen asentoon. N\u00e4it\u00e4 koneita k\u00e4ytett\u00e4ess\u00e4 tuottavuus paranee: jopa 12 kertaa nopeammin verrattuna perinteisiin kulkutapoihin, kuten telineisiin, korokkeisiin tai porrastikkaisiin.<\/p><p>Nano SP:n ja Nano SP Plussan eritt\u00e4in pieni jalanj\u00e4lki mahdollistaa liikkumisen eritt\u00e4in ahtaissa ty\u00f6tiloissa ja suuri ty\u00f6skentelyalue, kun k\u00e4ytet\u00e4\u00e4n kannen yl\u00e4puolella olevaa kansivaihtoehtoa, mik\u00e4 tekee siit\u00e4 ihanteellisen esteiden yli ty\u00f6skentelyyn. Nano SP on suositeltavin valinta, kun sovellus edellytt\u00e4\u00e4 pienemp\u00e4\u00e4 jalanj\u00e4lke\u00e4, kevyemp\u00e4\u00e4 painoa ja suurempaa alustan pinta-alaa.<\/p><p>N\u00e4m\u00e4 koneet ovat turvallisempia, mukavampia ja tehokkaampia, ja ne ovat kustannustehokas vaihtoehto korokeportaille tai telineille.  Astu t\u00e4ysin suojattuun korokkeeseen, aja ty\u00f6kohteeseen ja nosta haluttuun korkeuteen. K\u00e4ytt\u00e4j\u00e4ll\u00e4 on riitt\u00e4v\u00e4sti tilaa liikkua ja ty\u00f6skennell\u00e4 mukavassa asennossa pidempi\u00e4 aikoja. Pysy korkealla ja aja helposti toiselle ty\u00f6alueelle tehokkuuden maksimoimiseksi.<\/p><p><a href=\"https:\/\/powertowers.com\/fi\/edut\/\">Lue lis\u00e4\u00e4 Power Towers -tuotevalikoiman eduista t\u00e4\u00e4lt\u00e4!<\/a><\/p>\t\t\t\t\t\t\t\t<\/div>\n\t\t\t\t<\/div>\n\t\t\t\t\t<\/div>\n\t\t<\/div>\n\t\t\t\t<div class=\"elementor-column elementor-col-50 elementor-top-column elementor-element elementor-element-4439ce2\" data-id=\"4439ce2\" data-element_type=\"column\" data-e-type=\"column\">\n\t\t\t<div class=\"elementor-widget-wrap elementor-element-populated\">\n\t\t\t\t\t\t<div class=\"elementor-element elementor-element-362d326 elementor-widget elementor-widget-text-editor\" data-id=\"362d326\" data-element_type=\"widget\" data-e-type=\"widget\" data-widget_type=\"text-editor.default\">\n\t\t\t\t<div class=\"elementor-widget-container\">\n\t\t\t\t\t\t\t\t\t<p><strong>Ominaisuudet ja edut:<\/strong><\/p>\n<ul>\n<li>Astu alustalle maan tasolta ja astu t\u00e4ysin vartioituun ty\u00f6tilaan.<\/li>\n<li>Helppok\u00e4ytt\u00f6inen, vain paina painiketta korotaksesi alustaa.<\/li>\n<li>S\u00e4\u00e4dett\u00e4v\u00e4 alusta ty\u00f6skentelyyn halutulla korkeudella<\/li>\n<li>H\u00e4t\u00e4laskeutuminen maanpinnalta<\/li>\n<li>\u00c4\u00e4nih\u00e4lytys noususta, laskusta ja ajosta<\/li>\n<li>Vikasietoinen hydraulipiiri, jossa on takaiskuventtiili nostosylinteriss\u00e4.<\/li>\n<li>Mahtuu tavallisista yksiovisista ovista ja hisseihin.<\/li>\n<li>Kompakti - ihanteellinen helppoon s\u00e4ilytykseen<\/li>\n<li>Kevyt, mik\u00e4 on ihanteellinen herkille lattioille.<\/li>\n<li>Nano SP ja SP Plus saavuttavat 4,5 metrin ty\u00f6skentelykorkeuden.<\/li>\n<\/ul>\t\t\t\t\t\t\t\t<\/div>\n\t\t\t\t<\/div>\n\t\t\t\t\t<\/div>\n\t\t<\/div>\n\t\t\t\t\t<\/div>\n\t\t<\/article>\n\t\t\t\t<\/div>","protected":false},"excerpt":{"rendered":"<p>OMAVETOISET KONEET Matalat, kevyet, itseliikkuvat koneet Nano SP Itseliikkuva ratkaisu, jossa on ulosvedett\u00e4v\u00e4 kansi ja 4,5 m:n maksimity\u00f6korkeus TARKISTA KAIKKI TIEDOT NANO SP PLUS Itseliikkuva ratkaisu, jossa on kaksinkertainen ulosvedett\u00e4v\u00e4 kansi ja 4,5 m:n maksimity\u00f6korkeus TARKISTA KAIKKI TIEDOT Haluan esittelyn Haluan tarjouksen ... <\/p>\n<p class=\"link-more\"><a href=\"https:\/\/powertowers.com\/fi\/the-self-propelled-family\/\" class=\"more-link\">Jatka lukemista<span class=\"screen-reader-text\"> \"Itseliikkuva perhe\"<\/span><\/a><\/p>","protected":false},"author":1,"featured_media":0,"parent":0,"menu_order":0,"comment_status":"closed","ping_status":"closed","template":"elementor_header_footer","meta":{"content-type":"","footnotes":""},"class_list":["post-638","page","type-page","status-publish","hentry","entry"],"yoast_head":"<!-- This site is optimized with the Yoast SEO plugin v27.4 - https:\/\/yoast.com\/product\/yoast-seo-wordpress\/ -->\n<title>Self-Propelled Extendable Work Platforms | Power Towers<\/title>\n<meta name=\"description\" content=\"Discover Power Towers self-propelled working platforms, up to 4.5m height. Safer and intuitive. An alternative to scaffolding and ladders. Learn more!\" \/>\n<meta name=\"robots\" content=\"index, follow, max-snippet:-1, max-image-preview:large, max-video-preview:-1\" \/>\n<link rel=\"canonical\" href=\"https:\/\/powertowers.com\/fi\/itseohjautuva-perhe\/\" \/>\n<meta property=\"og:locale\" content=\"fi_FI\" \/>\n<meta property=\"og:type\" content=\"article\" \/>\n<meta property=\"og:title\" content=\"Self-Propelled Extendable Work Platforms | Power Towers\" \/>\n<meta property=\"og:description\" content=\"Discover Power Towers self-propelled working platforms, up to 4.5m height. Safer and intuitive. An alternative to scaffolding and ladders. Learn more!\" \/>\n<meta property=\"og:url\" content=\"https:\/\/powertowers.com\/fi\/itseohjautuva-perhe\/\" \/>\n<meta property=\"og:site_name\" content=\"Power Towers\" \/>\n<meta property=\"article:modified_time\" content=\"2025-09-11T11:51:32+00:00\" \/>\n<meta property=\"og:image\" content=\"https:\/\/37.148.206.186\/wp-content\/uploads\/2023\/04\/Nano-SP.jpg\" \/>\n<meta name=\"twitter:card\" content=\"summary_large_image\" \/>\n<meta name=\"twitter:label1\" content=\"Arvioitu lukuaika\" \/>\n\t<meta name=\"twitter:data1\" content=\"2 minuuttia\" \/>\n<script type=\"application\/ld+json\" class=\"yoast-schema-graph\">{\"@context\":\"https:\\\/\\\/schema.org\",\"@graph\":[{\"@type\":\"WebPage\",\"@id\":\"https:\\\/\\\/powertowers.com\\\/es\\\/la-familia-autopropulsada\\\/\",\"url\":\"https:\\\/\\\/powertowers.com\\\/es\\\/la-familia-autopropulsada\\\/\",\"name\":\"Self-Propelled Extendable Work Platforms | Power Towers\",\"isPartOf\":{\"@id\":\"https:\\\/\\\/powertowers.com\\\/nl\\\/#website\"},\"primaryImageOfPage\":{\"@id\":\"https:\\\/\\\/powertowers.com\\\/es\\\/la-familia-autopropulsada\\\/#primaryimage\"},\"image\":{\"@id\":\"https:\\\/\\\/powertowers.com\\\/es\\\/la-familia-autopropulsada\\\/#primaryimage\"},\"thumbnailUrl\":\"https:\\\/\\\/37.148.206.186\\\/wp-content\\\/uploads\\\/2023\\\/04\\\/Nano-SP.jpg\",\"datePublished\":\"2022-01-10T12:48:03+00:00\",\"dateModified\":\"2025-09-11T11:51:32+00:00\",\"description\":\"Discover Power Towers self-propelled working platforms, up to 4.5m height. Safer and intuitive. An alternative to scaffolding and ladders. Learn more!\",\"breadcrumb\":{\"@id\":\"https:\\\/\\\/powertowers.com\\\/es\\\/la-familia-autopropulsada\\\/#breadcrumb\"},\"inLanguage\":\"fi\",\"potentialAction\":[{\"@type\":\"ReadAction\",\"target\":[\"https:\\\/\\\/powertowers.com\\\/es\\\/la-familia-autopropulsada\\\/\"]}]},{\"@type\":\"ImageObject\",\"inLanguage\":\"fi\",\"@id\":\"https:\\\/\\\/powertowers.com\\\/es\\\/la-familia-autopropulsada\\\/#primaryimage\",\"url\":\"https:\\\/\\\/37.148.206.186\\\/wp-content\\\/uploads\\\/2023\\\/04\\\/Nano-SP.jpg\",\"contentUrl\":\"https:\\\/\\\/37.148.206.186\\\/wp-content\\\/uploads\\\/2023\\\/04\\\/Nano-SP.jpg\"},{\"@type\":\"BreadcrumbList\",\"@id\":\"https:\\\/\\\/powertowers.com\\\/es\\\/la-familia-autopropulsada\\\/#breadcrumb\",\"itemListElement\":[{\"@type\":\"ListItem\",\"position\":1,\"name\":\"Home\",\"item\":\"https:\\\/\\\/powertowers.com\\\/nl\\\/\"},{\"@type\":\"ListItem\",\"position\":2,\"name\":\"The self-propelled family\"}]},{\"@type\":\"WebSite\",\"@id\":\"https:\\\/\\\/powertowers.com\\\/nl\\\/#website\",\"url\":\"https:\\\/\\\/powertowers.com\\\/nl\\\/\",\"name\":\"Power Towers\",\"description\":\"The alternative to ladders, podiums and scaffolding.\",\"publisher\":{\"@id\":\"https:\\\/\\\/powertowers.com\\\/nl\\\/#organization\"},\"potentialAction\":[{\"@type\":\"SearchAction\",\"target\":{\"@type\":\"EntryPoint\",\"urlTemplate\":\"https:\\\/\\\/powertowers.com\\\/nl\\\/?s={search_term_string}\"},\"query-input\":{\"@type\":\"PropertyValueSpecification\",\"valueRequired\":true,\"valueName\":\"search_term_string\"}}],\"inLanguage\":\"fi\"},{\"@type\":\"Organization\",\"@id\":\"https:\\\/\\\/powertowers.com\\\/nl\\\/#organization\",\"name\":\"Power Towers Ltd.\",\"url\":\"https:\\\/\\\/powertowers.com\\\/nl\\\/\",\"logo\":{\"@type\":\"ImageObject\",\"inLanguage\":\"fi\",\"@id\":\"https:\\\/\\\/powertowers.com\\\/nl\\\/#\\\/schema\\\/logo\\\/image\\\/\",\"url\":\"https:\\\/\\\/37.148.206.186\\\/wp-content\\\/uploads\\\/2021\\\/12\\\/power-towers-new-logo-outline-1024px.png\",\"contentUrl\":\"https:\\\/\\\/37.148.206.186\\\/wp-content\\\/uploads\\\/2021\\\/12\\\/power-towers-new-logo-outline-1024px.png\",\"width\":1024,\"height\":209,\"caption\":\"Power Towers Ltd.\"},\"image\":{\"@id\":\"https:\\\/\\\/powertowers.com\\\/nl\\\/#\\\/schema\\\/logo\\\/image\\\/\"}}]}<\/script>\n<!-- \/ Yoast SEO plugin. -->","yoast_head_json":{"title":"Itsekulkevat ulosvedett\u00e4v\u00e4t ty\u00f6tasot | Power Towers","description":"Tutustu Power Towersin itseliikkuviin ty\u00f6tasoihin, joiden korkeus on jopa 4,5 m. Turvallisempi ja intuitiivisempi. Vaihtoehto telineille ja tikkaille. Lue lis\u00e4\u00e4!","robots":{"index":"index","follow":"follow","max-snippet":"max-snippet:-1","max-image-preview":"max-image-preview:large","max-video-preview":"max-video-preview:-1"},"canonical":"https:\/\/powertowers.com\/fi\/itseohjautuva-perhe\/","og_locale":"fi_FI","og_type":"article","og_title":"Self-Propelled Extendable Work Platforms | Power Towers","og_description":"Discover Power Towers self-propelled working platforms, up to 4.5m height. Safer and intuitive. An alternative to scaffolding and ladders. Learn more!","og_url":"https:\/\/powertowers.com\/fi\/itseohjautuva-perhe\/","og_site_name":"Power Towers","article_modified_time":"2025-09-11T11:51:32+00:00","og_image":[{"url":"https:\/\/37.148.206.186\/wp-content\/uploads\/2023\/04\/Nano-SP.jpg","type":"","width":"","height":""}],"twitter_card":"summary_large_image","twitter_misc":{"Arvioitu lukuaika":"2 minuuttia"},"schema":{"@context":"https:\/\/schema.org","@graph":[{"@type":"WebPage","@id":"https:\/\/powertowers.com\/es\/la-familia-autopropulsada\/","url":"https:\/\/powertowers.com\/es\/la-familia-autopropulsada\/","name":"Itsekulkevat ulosvedett\u00e4v\u00e4t ty\u00f6tasot | Power Towers","isPartOf":{"@id":"https:\/\/powertowers.com\/nl\/#website"},"primaryImageOfPage":{"@id":"https:\/\/powertowers.com\/es\/la-familia-autopropulsada\/#primaryimage"},"image":{"@id":"https:\/\/powertowers.com\/es\/la-familia-autopropulsada\/#primaryimage"},"thumbnailUrl":"https:\/\/37.148.206.186\/wp-content\/uploads\/2023\/04\/Nano-SP.jpg","datePublished":"2022-01-10T12:48:03+00:00","dateModified":"2025-09-11T11:51:32+00:00","description":"Tutustu Power Towersin itseliikkuviin ty\u00f6tasoihin, joiden korkeus on jopa 4,5 m. Turvallisempi ja intuitiivisempi. Vaihtoehto telineille ja tikkaille. Lue lis\u00e4\u00e4!","breadcrumb":{"@id":"https:\/\/powertowers.com\/es\/la-familia-autopropulsada\/#breadcrumb"},"inLanguage":"fi","potentialAction":[{"@type":"ReadAction","target":["https:\/\/powertowers.com\/es\/la-familia-autopropulsada\/"]}]},{"@type":"ImageObject","inLanguage":"fi","@id":"https:\/\/powertowers.com\/es\/la-familia-autopropulsada\/#primaryimage","url":"https:\/\/37.148.206.186\/wp-content\/uploads\/2023\/04\/Nano-SP.jpg","contentUrl":"https:\/\/37.148.206.186\/wp-content\/uploads\/2023\/04\/Nano-SP.jpg"},{"@type":"BreadcrumbList","@id":"https:\/\/powertowers.com\/es\/la-familia-autopropulsada\/#breadcrumb","itemListElement":[{"@type":"ListItem","position":1,"name":"Home","item":"https:\/\/powertowers.com\/nl\/"},{"@type":"ListItem","position":2,"name":"The self-propelled family"}]},{"@type":"WebSite","@id":"https:\/\/powertowers.com\/nl\/#website","url":"https:\/\/powertowers.com\/nl\/","name":"Tehotornit","description":"Vaihtoehto tikkaille, korokkeille ja telineille.","publisher":{"@id":"https:\/\/powertowers.com\/nl\/#organization"},"potentialAction":[{"@type":"SearchAction","target":{"@type":"EntryPoint","urlTemplate":"https:\/\/powertowers.com\/nl\/?s={search_term_string}"},"query-input":{"@type":"PropertyValueSpecification","valueRequired":true,"valueName":"search_term_string"}}],"inLanguage":"fi"},{"@type":"Organization","@id":"https:\/\/powertowers.com\/nl\/#organization","name":"Power Towers Ltd.","url":"https:\/\/powertowers.com\/nl\/","logo":{"@type":"ImageObject","inLanguage":"fi","@id":"https:\/\/powertowers.com\/nl\/#\/schema\/logo\/image\/","url":"https:\/\/37.148.206.186\/wp-content\/uploads\/2021\/12\/power-towers-new-logo-outline-1024px.png","contentUrl":"https:\/\/37.148.206.186\/wp-content\/uploads\/2021\/12\/power-towers-new-logo-outline-1024px.png","width":1024,"height":209,"caption":"Power Towers Ltd."},"image":{"@id":"https:\/\/powertowers.com\/nl\/#\/schema\/logo\/image\/"}}]}},"_links":{"self":[{"href":"https:\/\/powertowers.com\/fi\/wp-json\/wp\/v2\/pages\/638","targetHints":{"allow":["GET"]}}],"collection":[{"href":"https:\/\/powertowers.com\/fi\/wp-json\/wp\/v2\/pages"}],"about":[{"href":"https:\/\/powertowers.com\/fi\/wp-json\/wp\/v2\/types\/page"}],"author":[{"embeddable":true,"href":"https:\/\/powertowers.com\/fi\/wp-json\/wp\/v2\/users\/1"}],"replies":[{"embeddable":true,"href":"https:\/\/powertowers.com\/fi\/wp-json\/wp\/v2\/comments?post=638"}],"version-history":[{"count":25,"href":"https:\/\/powertowers.com\/fi\/wp-json\/wp\/v2\/pages\/638\/revisions"}],"predecessor-version":[{"id":5733,"href":"https:\/\/powertowers.com\/fi\/wp-json\/wp\/v2\/pages\/638\/revisions\/5733"}],"wp:attachment":[{"href":"https:\/\/powertowers.com\/fi\/wp-json\/wp\/v2\/media?parent=638"}],"curies":[{"name":"wp","href":"https:\/\/api.w.org\/{rel}","templated":true}]}}