{"id":176,"date":"2021-12-14T16:57:14","date_gmt":"2021-12-14T16:57:14","guid":{"rendered":"https:\/\/37.148.206.186\/?page_id=176"},"modified":"2024-04-10T14:38:30","modified_gmt":"2024-04-10T12:38:30","slug":"meista","status":"publish","type":"page","link":"https:\/\/powertowers.com\/fi\/about-us\/","title":{"rendered":"Tietoa meist\u00e4"},"content":{"rendered":"<div data-elementor-type=\"wp-page\" data-elementor-id=\"176\" class=\"elementor elementor-176\" data-elementor-post-type=\"page\">\n\t\t\t\t\t\t<section class=\"elementor-section elementor-top-section elementor-element elementor-element-cfdc8ca elementor-section-boxed elementor-section-height-default elementor-section-height-default elementor-invisible\" data-id=\"cfdc8ca\" data-element_type=\"section\" data-e-type=\"section\" data-settings=\"{&quot;animation&quot;:&quot;slideInRight&quot;}\">\n\t\t\t\t\t\t<div class=\"elementor-container elementor-column-gap-default\">\n\t\t\t\t\t<div class=\"elementor-column elementor-col-100 elementor-top-column elementor-element elementor-element-39173df\" data-id=\"39173df\" data-element_type=\"column\" data-e-type=\"column\">\n\t\t\t<div class=\"elementor-widget-wrap elementor-element-populated\">\n\t\t\t\t\t\t<div class=\"elementor-element elementor-element-199e1dd elementor-widget elementor-widget-heading\" data-id=\"199e1dd\" data-element_type=\"widget\" data-e-type=\"widget\" data-widget_type=\"heading.default\">\n\t\t\t\t<div class=\"elementor-widget-container\">\n\t\t\t\t\t<h1 class=\"elementor-heading-title elementor-size-default\">Tietoja Power Towersista<\/h1>\t\t\t\t<\/div>\n\t\t\t\t<\/div>\n\t\t\t\t<div class=\"elementor-element elementor-element-367b9a5 elementor-widget elementor-widget-heading\" data-id=\"367b9a5\" data-element_type=\"widget\" data-e-type=\"widget\" data-widget_type=\"heading.default\">\n\t\t\t\t<div class=\"elementor-widget-container\">\n\t\t\t\t\t<h2 class=\"elementor-heading-title elementor-size-default\">Johtava matalan tason kulkualustojen valmistaja<\/h2>\t\t\t\t<\/div>\n\t\t\t\t<\/div>\n\t\t\t\t\t<\/div>\n\t\t<\/div>\n\t\t\t\t\t<\/div>\n\t\t<\/section>\n\t\t\t\t<section class=\"elementor-section elementor-top-section elementor-element elementor-element-3b05c65 elementor-section-boxed elementor-section-height-default elementor-section-height-default elementor-invisible\" data-id=\"3b05c65\" data-element_type=\"section\" data-e-type=\"section\" data-settings=\"{&quot;background_background&quot;:&quot;classic&quot;,&quot;animation&quot;:&quot;slideInLeft&quot;}\">\n\t\t\t\t\t\t\t<div class=\"elementor-background-overlay\"><\/div>\n\t\t\t\t\t\t\t<div class=\"elementor-container elementor-column-gap-default\">\n\t\t\t\t\t<div class=\"elementor-column elementor-col-50 elementor-top-column elementor-element elementor-element-76b4ae5\" data-id=\"76b4ae5\" data-element_type=\"column\" data-e-type=\"column\">\n\t\t\t<div class=\"elementor-widget-wrap elementor-element-populated\">\n\t\t\t\t\t\t<div class=\"elementor-element elementor-element-b0029c3 elementor-widget elementor-widget-image\" data-id=\"b0029c3\" data-element_type=\"widget\" data-e-type=\"widget\" data-widget_type=\"image.default\">\n\t\t\t\t<div class=\"elementor-widget-container\">\n\t\t\t\t\t\t\t\t\t\t\t\t\t\t\t<img fetchpriority=\"high\" decoding=\"async\" width=\"521\" height=\"1080\" src=\"https:\/\/powertowers.com\/wp-content\/uploads\/2022\/01\/PECOLIFT_APPLICATION_03.jpg\" class=\"attachment-full size-full wp-image-972\" alt=\"Power Towers -tuotesarjan ergonominen muotoilu, kuljettaja on korokkeella.\" srcset=\"https:\/\/powertowers.com\/wp-content\/uploads\/2022\/01\/PECOLIFT_APPLICATION_03.jpg 521w, https:\/\/powertowers.com\/wp-content\/uploads\/2022\/01\/PECOLIFT_APPLICATION_03-145x300.jpg 145w, https:\/\/powertowers.com\/wp-content\/uploads\/2022\/01\/PECOLIFT_APPLICATION_03-494x1024.jpg 494w, https:\/\/powertowers.com\/wp-content\/uploads\/2022\/01\/PECOLIFT_APPLICATION_03-6x12.jpg 6w\" sizes=\"(max-width: 34.9rem) calc(100vw - 2rem), (max-width: 53rem) calc(8 * (100vw \/ 12)), (min-width: 53rem) calc(6 * (100vw \/ 12)), 100vw\" \/>\t\t\t\t\t\t\t\t\t\t\t\t\t\t\t<\/div>\n\t\t\t\t<\/div>\n\t\t\t\t\t<\/div>\n\t\t<\/div>\n\t\t\t\t<div class=\"elementor-column elementor-col-50 elementor-top-column elementor-element elementor-element-cbc0dd3\" data-id=\"cbc0dd3\" data-element_type=\"column\" data-e-type=\"column\" data-settings=\"{&quot;background_background&quot;:&quot;classic&quot;}\">\n\t\t\t<div class=\"elementor-widget-wrap elementor-element-populated\">\n\t\t\t\t\t\t<div class=\"elementor-element elementor-element-e6a82bb elementor-widget elementor-widget-text-editor\" data-id=\"e6a82bb\" data-element_type=\"widget\" data-e-type=\"widget\" data-widget_type=\"text-editor.default\">\n\t\t\t\t<div class=\"elementor-widget-container\">\n\t\t\t\t\t\t\t\t\t<p>Turvallisuus on kehittynyt pitk\u00e4lle; John H Balsley patentoi tasaiset porrastikkaat vuonna 1862. Yhdistyneess\u00e4 kuningaskunnassa vuoteen 2005 asti matalan tason p\u00e4\u00e4sy tarkoitti perinteisi\u00e4 korokeportaita, tikkaita ja siirrett\u00e4vi\u00e4 telineit\u00e4. Tilanne muuttui, kun HSE otti k\u00e4ytt\u00f6\u00f6n Work at Height Regulations -s\u00e4\u00e4d\u00f6kset, jotka rajoittivat perinteisten matalien kulkuv\u00e4lineiden k\u00e4ytt\u00f6\u00e4. Pian t\u00e4m\u00e4n j\u00e4lkeen, vuonna 2007, Power Towers Ltd., Power Towers Ltd. (Power Towers) syntyi ja esitteli uuden innovatiivisen matalan tason s\u00e4hk\u00f6k\u00e4ytt\u00f6isen kulkuyhteysratkaisun. Nyt t\u00e4m\u00e4 termi sis\u00e4lt\u00e4\u00e4 t\u00e4ysin uuden erikoisalan moottorik\u00e4ytt\u00f6isen nousun alalla, joka on parantanut sek\u00e4 turvallisuutta ett\u00e4 tehokkuutta.<\/p>\n<p>Power Towers on JLG industries Inc:n (JLG) kokonaan omistama tyt\u00e4ryhti\u00f6, joka suunnittelee ja valmistaa ty\u00f6tasot kokonaan Yhdistyneess\u00e4 kuningaskunnassa. JLG on maailman johtava siirrett\u00e4vien korotettujen ty\u00f6tasojen toimittaja, joka perustettiin vuonna 1969 ja jolla on toimipisteit\u00e4 eri puolilla maailmaa. JLG osti Power Towersin vuonna 2015 levitt\u00e4\u00e4kseen t\u00e4t\u00e4 innovaatiota ymp\u00e4ri maailmaa ja tarjotakseen turvallisempia ja kest\u00e4v\u00e4mpi\u00e4 vaihtoehtoja matalalla ty\u00f6skentelyyn.<\/p>\n<p>Power Towersin laajaan tuotevalikoimaan kuuluu kahdeksan konetta: kolme k\u00e4sik\u00e4ytt\u00f6ist\u00e4 ty\u00f6nnett\u00e4v\u00e4\u00e4 nostokonetta (Pecolift, Ecolift ja Ecolift WR), nelj\u00e4 ty\u00f6nnett\u00e4v\u00e4\u00e4 s\u00e4hk\u00f6k\u00e4ytt\u00f6ist\u00e4 nostokonetta (Nano 25, Nano 35, Power Tower ja Power Tower Duo) ja kaksi itsekulkevaa (Nano SP ja Nano SP Plus). T\u00e4m\u00e4 on johtava ratkaisumallisto matalien nousutelineiden alalla.<\/p>\n<p>Pecolift ja Ecolift otettiin k\u00e4ytt\u00f6\u00f6n vuonna 2013 innovatiivisena ja ainutlaatuisena ratkaisuna Yhdistyneess\u00e4 kuningaskunnassa vaihtoehtona tikkaille ja korokkeille. Sen j\u00e4lkeen niiden hyv\u00e4ksynt\u00e4 sek\u00e4 Yhdistyneess\u00e4 kuningaskunnassa ett\u00e4 maailmanlaajuisesti on ollut vertaansa vailla, ja niiden k\u00e4ytt\u00f6\u00e4 pidet\u00e4\u00e4n nyt parhaana k\u00e4yt\u00e4nt\u00f6n\u00e4 tikkaiden ja korokkeiden sijasta. Niiden tunnustetaan parantavan turvallisuutta, mutta my\u00f6s niiden yksinkertaisuuden, tehokkuuden ja paremman k\u00e4ytt\u00e4j\u00e4ergonomian vuoksi.<\/p>\n<p>Kaikki Power Towersin tuotteet ovat yksinkertaisia, turvallisia, ergonomisia ja tehokkaita k\u00e4ytt\u00e4\u00e4. Ne lyhent\u00e4v\u00e4t huomattavasti ty\u00f6aikaa perinteisiin vaihtoehtoihin verrattuna ja ovat eritt\u00e4in edullisia.<\/p>\n<p>JLG ja Power Towers luovat uuden standardin ty\u00f6skentelylle jopa 5,1 metrin korkeudessa ja rikastuttavat samalla el\u00e4m\u00e4\u00e4 m\u00e4\u00e4rittelem\u00e4ll\u00e4 ty\u00f6maat uudelleen.<\/p>\t\t\t\t\t\t\t\t<\/div>\n\t\t\t\t<\/div>\n\t\t\t\t\t<\/div>\n\t\t<\/div>\n\t\t\t\t\t<\/div>\n\t\t<\/section>\n\t\t\t\t<section class=\"elementor-section elementor-top-section elementor-element elementor-element-5ca4167 elementor-section-boxed elementor-section-height-default elementor-section-height-default elementor-invisible\" data-id=\"5ca4167\" data-element_type=\"section\" data-e-type=\"section\" data-settings=\"{&quot;animation&quot;:&quot;slideInUp&quot;}\">\n\t\t\t\t\t\t<div class=\"elementor-container elementor-column-gap-default\">\n\t\t\t\t\t<div class=\"elementor-column elementor-col-100 elementor-top-column elementor-element elementor-element-c8466f4\" data-id=\"c8466f4\" data-element_type=\"column\" data-e-type=\"column\">\n\t\t\t<div class=\"elementor-widget-wrap elementor-element-populated\">\n\t\t\t\t\t\t<div class=\"elementor-element elementor-element-82d31dd elementor-widget elementor-widget-video\" data-id=\"82d31dd\" data-element_type=\"widget\" data-e-type=\"widget\" data-settings=\"{&quot;youtube_url&quot;:&quot;https:\\\/\\\/www.youtube.com\\\/watch?v=u-NHU_XUsI8&amp;t=3s &quot;,&quot;video_type&quot;:&quot;youtube&quot;,&quot;controls&quot;:&quot;yes&quot;}\" data-widget_type=\"video.default\">\n\t\t\t\t<div class=\"elementor-widget-container\">\n\t\t\t\t\t\t\t<div class=\"elementor-wrapper elementor-open-inline\">\n\t\t\t<div class=\"elementor-video\"><\/div>\t\t<\/div>\n\t\t\t\t\t\t<\/div>\n\t\t\t\t<\/div>\n\t\t\t\t\t<\/div>\n\t\t<\/div>\n\t\t\t\t\t<\/div>\n\t\t<\/section>\n\t\t<div class=\"elementor-element elementor-element-bc7a4f4 e-flex e-con-boxed e-con e-parent\" data-id=\"bc7a4f4\" data-element_type=\"container\" data-e-type=\"container\">\n\t\t\t\t\t<div class=\"e-con-inner\">\n\t\t\t\t<div class=\"elementor-element elementor-element-1cdb84c elementor-widget elementor-widget-image\" data-id=\"1cdb84c\" data-element_type=\"widget\" data-e-type=\"widget\" data-widget_type=\"image.default\">\n\t\t\t\t<div class=\"elementor-widget-container\">\n\t\t\t\t\t\t\t\t\t\t\t\t\t\t\t<img decoding=\"async\" width=\"6912\" height=\"3456\" src=\"https:\/\/powertowers.com\/wp-content\/uploads\/2024\/04\/Power-towers-timeline.png\" class=\"attachment-full size-full wp-image-4785\" alt=\"Power Towersin historia\" srcset=\"https:\/\/powertowers.com\/wp-content\/uploads\/2024\/04\/Power-towers-timeline.png 6912w, https:\/\/powertowers.com\/wp-content\/uploads\/2024\/04\/Power-towers-timeline-300x150.png 300w, https:\/\/powertowers.com\/wp-content\/uploads\/2024\/04\/Power-towers-timeline-1024x512.png 1024w, https:\/\/powertowers.com\/wp-content\/uploads\/2024\/04\/Power-towers-timeline-768x384.png 768w, https:\/\/powertowers.com\/wp-content\/uploads\/2024\/04\/Power-towers-timeline-1536x768.png 1536w, https:\/\/powertowers.com\/wp-content\/uploads\/2024\/04\/Power-towers-timeline-2048x1024.png 2048w, https:\/\/powertowers.com\/wp-content\/uploads\/2024\/04\/Power-towers-timeline-18x9.png 18w, https:\/\/powertowers.com\/wp-content\/uploads\/2024\/04\/Power-towers-timeline-1568x784.png 1568w\" sizes=\"(max-width: 34.9rem) calc(100vw - 2rem), (max-width: 53rem) calc(8 * (100vw \/ 12)), (min-width: 53rem) calc(6 * (100vw \/ 12)), 100vw\" \/>\t\t\t\t\t\t\t\t\t\t\t\t\t\t\t<\/div>\n\t\t\t\t<\/div>\n\t\t\t\t\t<\/div>\n\t\t\t\t<\/div>\n\t\t\t\t<\/div>","protected":false},"excerpt":{"rendered":"<p>Tietoa Power Towersista Johtava matalien nousualustojen valmistaja Turvallisuus on kulkenut pitk\u00e4n matkan; John H Balsley patentoi tasoportaat vuonna 1862. Yhdistyneess\u00e4 kuningaskunnassa vuoteen 2005 asti matalan tason kulku tarkoitti perinteisi\u00e4 korokeportaita, tikkaita ja siirrett\u00e4vi\u00e4 telineit\u00e4. Tilanne muuttui, kun HSE otti k\u00e4ytt\u00f6\u00f6n Work at Height Regulations -s\u00e4\u00e4d\u00f6kset, jotka rajoittavat ... <\/p>\n<p class=\"link-more\"><a href=\"https:\/\/powertowers.com\/fi\/about-us\/\" class=\"more-link\">Jatka lukemista<span class=\"screen-reader-text\"> \"Tietoa meist\u00e4\"<\/span><\/a><\/p>","protected":false},"author":1,"featured_media":0,"parent":0,"menu_order":0,"comment_status":"closed","ping_status":"closed","template":"elementor_header_footer","meta":{"content-type":"","footnotes":""},"class_list":["post-176","page","type-page","status-publish","hentry","entry"],"yoast_head":"<!-- This site is optimized with the Yoast SEO plugin v27.3 - https:\/\/yoast.com\/product\/yoast-seo-wordpress\/ -->\n<title>Meet Power Towers- Power Towers<\/title>\n<meta name=\"description\" content=\"Power Towers was founded in 2007 and introduced an innovative solution for Low-Level Access, replacing ladders and scaffolding.\" \/>\n<meta name=\"robots\" content=\"index, follow, max-snippet:-1, max-image-preview:large, max-video-preview:-1\" \/>\n<link rel=\"canonical\" href=\"https:\/\/powertowers.com\/fi\/meista\/\" \/>\n<meta property=\"og:locale\" content=\"fi_FI\" \/>\n<meta property=\"og:type\" content=\"article\" \/>\n<meta property=\"og:title\" content=\"Meet Power Towers- Power Towers\" \/>\n<meta property=\"og:description\" content=\"Power Towers was founded in 2007 and introduced an innovative solution for Low-Level Access, replacing ladders and scaffolding.\" \/>\n<meta property=\"og:url\" content=\"https:\/\/powertowers.com\/fi\/meista\/\" \/>\n<meta property=\"og:site_name\" content=\"Power Towers\" \/>\n<meta property=\"article:modified_time\" content=\"2024-04-10T12:38:30+00:00\" \/>\n<meta property=\"og:image\" content=\"https:\/\/37.148.206.186\/wp-content\/uploads\/2022\/01\/PECOLIFT_APPLICATION_03.jpg\" \/>\n<meta name=\"twitter:card\" content=\"summary_large_image\" \/>\n<meta name=\"twitter:label1\" content=\"Arvioitu lukuaika\" \/>\n\t<meta name=\"twitter:data1\" content=\"2 minuuttia\" \/>\n<script type=\"application\/ld+json\" class=\"yoast-schema-graph\">{\"@context\":\"https:\\\/\\\/schema.org\",\"@graph\":[{\"@type\":\"WebPage\",\"@id\":\"https:\\\/\\\/powertowers.com\\\/ro\\\/despre-noi\\\/\",\"url\":\"https:\\\/\\\/powertowers.com\\\/ro\\\/despre-noi\\\/\",\"name\":\"Meet Power Towers- Power Towers\",\"isPartOf\":{\"@id\":\"https:\\\/\\\/powertowers.com\\\/nl\\\/#website\"},\"primaryImageOfPage\":{\"@id\":\"https:\\\/\\\/powertowers.com\\\/ro\\\/despre-noi\\\/#primaryimage\"},\"image\":{\"@id\":\"https:\\\/\\\/powertowers.com\\\/ro\\\/despre-noi\\\/#primaryimage\"},\"thumbnailUrl\":\"https:\\\/\\\/37.148.206.186\\\/wp-content\\\/uploads\\\/2022\\\/01\\\/PECOLIFT_APPLICATION_03.jpg\",\"datePublished\":\"2021-12-14T16:57:14+00:00\",\"dateModified\":\"2024-04-10T12:38:30+00:00\",\"description\":\"Power Towers was founded in 2007 and introduced an innovative solution for Low-Level Access, replacing ladders and scaffolding.\",\"breadcrumb\":{\"@id\":\"https:\\\/\\\/powertowers.com\\\/ro\\\/despre-noi\\\/#breadcrumb\"},\"inLanguage\":\"fi\",\"potentialAction\":[{\"@type\":\"ReadAction\",\"target\":[\"https:\\\/\\\/powertowers.com\\\/ro\\\/despre-noi\\\/\"]}]},{\"@type\":\"ImageObject\",\"inLanguage\":\"fi\",\"@id\":\"https:\\\/\\\/powertowers.com\\\/ro\\\/despre-noi\\\/#primaryimage\",\"url\":\"https:\\\/\\\/37.148.206.186\\\/wp-content\\\/uploads\\\/2022\\\/01\\\/PECOLIFT_APPLICATION_03.jpg\",\"contentUrl\":\"https:\\\/\\\/37.148.206.186\\\/wp-content\\\/uploads\\\/2022\\\/01\\\/PECOLIFT_APPLICATION_03.jpg\"},{\"@type\":\"BreadcrumbList\",\"@id\":\"https:\\\/\\\/powertowers.com\\\/ro\\\/despre-noi\\\/#breadcrumb\",\"itemListElement\":[{\"@type\":\"ListItem\",\"position\":1,\"name\":\"Home\",\"item\":\"https:\\\/\\\/powertowers.com\\\/nl\\\/\"},{\"@type\":\"ListItem\",\"position\":2,\"name\":\"About us\"}]},{\"@type\":\"WebSite\",\"@id\":\"https:\\\/\\\/powertowers.com\\\/nl\\\/#website\",\"url\":\"https:\\\/\\\/powertowers.com\\\/nl\\\/\",\"name\":\"Power Towers\",\"description\":\"The alternative to ladders, podiums and scaffolding.\",\"publisher\":{\"@id\":\"https:\\\/\\\/powertowers.com\\\/nl\\\/#organization\"},\"potentialAction\":[{\"@type\":\"SearchAction\",\"target\":{\"@type\":\"EntryPoint\",\"urlTemplate\":\"https:\\\/\\\/powertowers.com\\\/nl\\\/?s={search_term_string}\"},\"query-input\":{\"@type\":\"PropertyValueSpecification\",\"valueRequired\":true,\"valueName\":\"search_term_string\"}}],\"inLanguage\":\"fi\"},{\"@type\":\"Organization\",\"@id\":\"https:\\\/\\\/powertowers.com\\\/nl\\\/#organization\",\"name\":\"Power Towers Ltd.\",\"url\":\"https:\\\/\\\/powertowers.com\\\/nl\\\/\",\"logo\":{\"@type\":\"ImageObject\",\"inLanguage\":\"fi\",\"@id\":\"https:\\\/\\\/powertowers.com\\\/nl\\\/#\\\/schema\\\/logo\\\/image\\\/\",\"url\":\"https:\\\/\\\/37.148.206.186\\\/wp-content\\\/uploads\\\/2021\\\/12\\\/power-towers-new-logo-outline-1024px.png\",\"contentUrl\":\"https:\\\/\\\/37.148.206.186\\\/wp-content\\\/uploads\\\/2021\\\/12\\\/power-towers-new-logo-outline-1024px.png\",\"width\":1024,\"height\":209,\"caption\":\"Power Towers Ltd.\"},\"image\":{\"@id\":\"https:\\\/\\\/powertowers.com\\\/nl\\\/#\\\/schema\\\/logo\\\/image\\\/\"}}]}<\/script>\n<!-- \/ Yoast SEO plugin. -->","yoast_head_json":{"title":"Tapaa Power Towers | Power Towers","description":"Power Towers perustettiin vuonna 2007, ja se toi markkinoille innovatiivisen ratkaisun matalan tason kulkua varten, joka korvaa tikkaat ja telineet.","robots":{"index":"index","follow":"follow","max-snippet":"max-snippet:-1","max-image-preview":"max-image-preview:large","max-video-preview":"max-video-preview:-1"},"canonical":"https:\/\/powertowers.com\/fi\/meista\/","og_locale":"fi_FI","og_type":"article","og_title":"Meet Power Towers- Power Towers","og_description":"Power Towers was founded in 2007 and introduced an innovative solution for Low-Level Access, replacing ladders and scaffolding.","og_url":"https:\/\/powertowers.com\/fi\/meista\/","og_site_name":"Power Towers","article_modified_time":"2024-04-10T12:38:30+00:00","og_image":[{"url":"https:\/\/37.148.206.186\/wp-content\/uploads\/2022\/01\/PECOLIFT_APPLICATION_03.jpg","type":"","width":"","height":""}],"twitter_card":"summary_large_image","twitter_misc":{"Arvioitu lukuaika":"2 minuuttia"},"schema":{"@context":"https:\/\/schema.org","@graph":[{"@type":"WebPage","@id":"https:\/\/powertowers.com\/ro\/despre-noi\/","url":"https:\/\/powertowers.com\/ro\/despre-noi\/","name":"Tapaa Power Towers | Power Towers","isPartOf":{"@id":"https:\/\/powertowers.com\/nl\/#website"},"primaryImageOfPage":{"@id":"https:\/\/powertowers.com\/ro\/despre-noi\/#primaryimage"},"image":{"@id":"https:\/\/powertowers.com\/ro\/despre-noi\/#primaryimage"},"thumbnailUrl":"https:\/\/37.148.206.186\/wp-content\/uploads\/2022\/01\/PECOLIFT_APPLICATION_03.jpg","datePublished":"2021-12-14T16:57:14+00:00","dateModified":"2024-04-10T12:38:30+00:00","description":"Power Towers perustettiin vuonna 2007, ja se toi markkinoille innovatiivisen ratkaisun matalan tason kulkua varten, joka korvaa tikkaat ja telineet.","breadcrumb":{"@id":"https:\/\/powertowers.com\/ro\/despre-noi\/#breadcrumb"},"inLanguage":"fi","potentialAction":[{"@type":"ReadAction","target":["https:\/\/powertowers.com\/ro\/despre-noi\/"]}]},{"@type":"ImageObject","inLanguage":"fi","@id":"https:\/\/powertowers.com\/ro\/despre-noi\/#primaryimage","url":"https:\/\/37.148.206.186\/wp-content\/uploads\/2022\/01\/PECOLIFT_APPLICATION_03.jpg","contentUrl":"https:\/\/37.148.206.186\/wp-content\/uploads\/2022\/01\/PECOLIFT_APPLICATION_03.jpg"},{"@type":"BreadcrumbList","@id":"https:\/\/powertowers.com\/ro\/despre-noi\/#breadcrumb","itemListElement":[{"@type":"ListItem","position":1,"name":"Home","item":"https:\/\/powertowers.com\/nl\/"},{"@type":"ListItem","position":2,"name":"About us"}]},{"@type":"WebSite","@id":"https:\/\/powertowers.com\/nl\/#website","url":"https:\/\/powertowers.com\/nl\/","name":"Tehotornit","description":"Vaihtoehto tikkaille, korokkeille ja telineille.","publisher":{"@id":"https:\/\/powertowers.com\/nl\/#organization"},"potentialAction":[{"@type":"SearchAction","target":{"@type":"EntryPoint","urlTemplate":"https:\/\/powertowers.com\/nl\/?s={search_term_string}"},"query-input":{"@type":"PropertyValueSpecification","valueRequired":true,"valueName":"search_term_string"}}],"inLanguage":"fi"},{"@type":"Organization","@id":"https:\/\/powertowers.com\/nl\/#organization","name":"Power Towers Ltd.","url":"https:\/\/powertowers.com\/nl\/","logo":{"@type":"ImageObject","inLanguage":"fi","@id":"https:\/\/powertowers.com\/nl\/#\/schema\/logo\/image\/","url":"https:\/\/37.148.206.186\/wp-content\/uploads\/2021\/12\/power-towers-new-logo-outline-1024px.png","contentUrl":"https:\/\/37.148.206.186\/wp-content\/uploads\/2021\/12\/power-towers-new-logo-outline-1024px.png","width":1024,"height":209,"caption":"Power Towers Ltd."},"image":{"@id":"https:\/\/powertowers.com\/nl\/#\/schema\/logo\/image\/"}}]}},"_links":{"self":[{"href":"https:\/\/powertowers.com\/fi\/wp-json\/wp\/v2\/pages\/176","targetHints":{"allow":["GET"]}}],"collection":[{"href":"https:\/\/powertowers.com\/fi\/wp-json\/wp\/v2\/pages"}],"about":[{"href":"https:\/\/powertowers.com\/fi\/wp-json\/wp\/v2\/types\/page"}],"author":[{"embeddable":true,"href":"https:\/\/powertowers.com\/fi\/wp-json\/wp\/v2\/users\/1"}],"replies":[{"embeddable":true,"href":"https:\/\/powertowers.com\/fi\/wp-json\/wp\/v2\/comments?post=176"}],"version-history":[{"count":22,"href":"https:\/\/powertowers.com\/fi\/wp-json\/wp\/v2\/pages\/176\/revisions"}],"predecessor-version":[{"id":4920,"href":"https:\/\/powertowers.com\/fi\/wp-json\/wp\/v2\/pages\/176\/revisions\/4920"}],"wp:attachment":[{"href":"https:\/\/powertowers.com\/fi\/wp-json\/wp\/v2\/media?parent=176"}],"curies":[{"name":"wp","href":"https:\/\/api.w.org\/{rel}","templated":true}]}}