{"id":638,"date":"2022-01-10T12:48:03","date_gmt":"2022-01-10T12:48:03","guid":{"rendered":"https:\/\/37.148.206.186\/?page_id=638"},"modified":"2025-09-11T13:51:32","modified_gmt":"2025-09-11T11:51:32","slug":"la-familia-autopropulsada","status":"publish","type":"page","link":"https:\/\/powertowers.com\/es\/the-self-propelled-family\/","title":{"rendered":"La familia autopropulsada"},"content":{"rendered":"<div data-elementor-type=\"wp-page\" data-elementor-id=\"638\" class=\"elementor elementor-638\" data-elementor-post-type=\"page\">\n\t\t\t\t\t\t<main class=\"elementor-section elementor-top-section elementor-element elementor-element-005134f elementor-section-boxed elementor-section-height-default elementor-section-height-default elementor-invisible\" data-id=\"005134f\" data-element_type=\"section\" data-e-type=\"section\" data-settings=\"{&quot;animation&quot;:&quot;slideInDown&quot;}\">\n\t\t\t\t\t\t<div class=\"elementor-container elementor-column-gap-default\">\n\t\t\t\t\t<div class=\"elementor-column elementor-col-100 elementor-top-column elementor-element elementor-element-b6ba170\" data-id=\"b6ba170\" data-element_type=\"column\" data-e-type=\"column\">\n\t\t\t<div class=\"elementor-widget-wrap elementor-element-populated\">\n\t\t\t\t\t\t<div class=\"elementor-element elementor-element-8290da6 elementor-widget elementor-widget-heading\" data-id=\"8290da6\" data-element_type=\"widget\" data-e-type=\"widget\" data-widget_type=\"heading.default\">\n\t\t\t\t<div class=\"elementor-widget-container\">\n\t\t\t\t\t<h1 class=\"elementor-heading-title elementor-size-default\">LA FAMILIA AUTOPROPULSADA<\/h1>\t\t\t\t<\/div>\n\t\t\t\t<\/div>\n\t\t\t\t<div class=\"elementor-element elementor-element-4019f0e elementor-widget elementor-widget-heading\" data-id=\"4019f0e\" data-element_type=\"widget\" data-e-type=\"widget\" data-widget_type=\"heading.default\">\n\t\t\t\t<div class=\"elementor-widget-container\">\n\t\t\t\t\t<h2 class=\"elementor-heading-title elementor-size-default\">M\u00e1quinas autopropulsadas de bajo nivel y poco peso<\/h2>\t\t\t\t<\/div>\n\t\t\t\t<\/div>\n\t\t\t\t\t<\/div>\n\t\t<\/div>\n\t\t\t\t\t<\/div>\n\t\t<\/main>\n\t\t\t\t<main class=\"elementor-section elementor-top-section elementor-element elementor-element-20dd2a6 elementor-section-boxed elementor-section-height-default elementor-section-height-default elementor-invisible\" data-id=\"20dd2a6\" data-element_type=\"section\" data-e-type=\"section\" data-settings=\"{&quot;animation&quot;:&quot;slideInUp&quot;}\">\n\t\t\t\t\t\t<div class=\"elementor-container elementor-column-gap-default\">\n\t\t\t\t\t<div class=\"elementor-column elementor-col-50 elementor-top-column elementor-element elementor-element-7f50de8\" data-id=\"7f50de8\" data-element_type=\"column\" data-e-type=\"column\" data-settings=\"{&quot;background_background&quot;:&quot;classic&quot;}\">\n\t\t\t<div class=\"elementor-widget-wrap elementor-element-populated\">\n\t\t\t\t\t\t<div class=\"elementor-element elementor-element-ed42a36 elementor-widget elementor-widget-image\" data-id=\"ed42a36\" data-element_type=\"widget\" data-e-type=\"widget\" data-widget_type=\"image.default\">\n\t\t\t\t<div class=\"elementor-widget-container\">\n\t\t\t\t\t\t\t\t\t\t\t\t\t\t\t\t<a href=\"https:\/\/powertowers.com\/es\/nano-sp\/\">\n\t\t\t\t\t\t\t<img fetchpriority=\"high\" decoding=\"async\" width=\"500\" height=\"500\" src=\"https:\/\/powertowers.com\/wp-content\/uploads\/2023\/04\/Nano-SP.jpg\" class=\"elementor-animation-shrink attachment-full size-full wp-image-3349\" alt=\"Nano SP\" srcset=\"https:\/\/powertowers.com\/wp-content\/uploads\/2023\/04\/Nano-SP.jpg 500w, https:\/\/powertowers.com\/wp-content\/uploads\/2023\/04\/Nano-SP-300x300.jpg 300w, https:\/\/powertowers.com\/wp-content\/uploads\/2023\/04\/Nano-SP-150x150.jpg 150w, https:\/\/powertowers.com\/wp-content\/uploads\/2023\/04\/Nano-SP-12x12.jpg 12w\" sizes=\"(max-width: 34.9rem) calc(100vw - 2rem), (max-width: 53rem) calc(8 * (100vw \/ 12)), (min-width: 53rem) calc(6 * (100vw \/ 12)), 100vw\" \/>\t\t\t\t\t\t\t\t<\/a>\n\t\t\t\t\t\t\t\t\t\t\t\t\t\t\t<\/div>\n\t\t\t\t<\/div>\n\t\t\t\t<div class=\"elementor-element elementor-element-031c932 elementor-widget elementor-widget-heading\" data-id=\"031c932\" data-element_type=\"widget\" data-e-type=\"widget\" data-widget_type=\"heading.default\">\n\t\t\t\t<div class=\"elementor-widget-container\">\n\t\t\t\t\t<h4 class=\"elementor-heading-title elementor-size-default\"><a href=\"https:\/\/powertowers.com\/es\/nano-sp\/\">Nano SP<\/a><\/h4>\t\t\t\t<\/div>\n\t\t\t\t<\/div>\n\t\t\t\t<div class=\"elementor-element elementor-element-b38350b elementor-widget elementor-widget-heading\" data-id=\"b38350b\" data-element_type=\"widget\" data-e-type=\"widget\" data-widget_type=\"heading.default\">\n\t\t\t\t<div class=\"elementor-widget-container\">\n\t\t\t\t\t<h4 class=\"elementor-heading-title elementor-size-default\">Soluci\u00f3n autopropulsada con cubierta extensible y altura m\u00e1xima de trabajo de 4,5m<\/h4>\t\t\t\t<\/div>\n\t\t\t\t<\/div>\n\t\t\t\t<div class=\"elementor-element elementor-element-05447f6 elementor-align-center elementor-widget elementor-widget-button\" data-id=\"05447f6\" data-element_type=\"widget\" data-e-type=\"widget\" data-widget_type=\"button.default\">\n\t\t\t\t<div class=\"elementor-widget-container\">\n\t\t\t\t\t\t\t\t\t<div class=\"elementor-button-wrapper\">\n\t\t\t\t\t<a class=\"elementor-button elementor-button-link elementor-size-sm\" href=\"https:\/\/powertowers.com\/es\/nano-sp\/\">\n\t\t\t\t\t\t<span class=\"elementor-button-content-wrapper\">\n\t\t\t\t\t\t\t\t\t<span class=\"elementor-button-text\">TODAS LAS ESPECIFICACIONES<\/span>\n\t\t\t\t\t<\/span>\n\t\t\t\t\t<\/a>\n\t\t\t\t<\/div>\n\t\t\t\t\t\t\t\t<\/div>\n\t\t\t\t<\/div>\n\t\t\t\t\t<\/div>\n\t\t<\/div>\n\t\t\t\t<div class=\"elementor-column elementor-col-50 elementor-top-column elementor-element elementor-element-e4ab24a\" data-id=\"e4ab24a\" data-element_type=\"column\" data-e-type=\"column\" data-settings=\"{&quot;background_background&quot;:&quot;classic&quot;}\">\n\t\t\t<div class=\"elementor-widget-wrap elementor-element-populated\">\n\t\t\t\t\t\t<div class=\"elementor-element elementor-element-52cf7b6 elementor-widget elementor-widget-image\" data-id=\"52cf7b6\" data-element_type=\"widget\" data-e-type=\"widget\" data-widget_type=\"image.default\">\n\t\t\t\t<div class=\"elementor-widget-container\">\n\t\t\t\t\t\t\t\t\t\t\t\t\t\t\t\t<a href=\"https:\/\/powertowers.com\/es\/nano-sp-plus\/\">\n\t\t\t\t\t\t\t<img decoding=\"async\" width=\"500\" height=\"500\" src=\"https:\/\/powertowers.com\/wp-content\/uploads\/2023\/04\/Nano-SP-1.jpg\" class=\"elementor-animation-shrink attachment-full size-full wp-image-3350\" alt=\"Nano SP Plus\" srcset=\"https:\/\/powertowers.com\/wp-content\/uploads\/2023\/04\/Nano-SP-1.jpg 500w, https:\/\/powertowers.com\/wp-content\/uploads\/2023\/04\/Nano-SP-1-300x300.jpg 300w, https:\/\/powertowers.com\/wp-content\/uploads\/2023\/04\/Nano-SP-1-150x150.jpg 150w, https:\/\/powertowers.com\/wp-content\/uploads\/2023\/04\/Nano-SP-1-12x12.jpg 12w\" sizes=\"(max-width: 34.9rem) calc(100vw - 2rem), (max-width: 53rem) calc(8 * (100vw \/ 12)), (min-width: 53rem) calc(6 * (100vw \/ 12)), 100vw\" \/>\t\t\t\t\t\t\t\t<\/a>\n\t\t\t\t\t\t\t\t\t\t\t\t\t\t\t<\/div>\n\t\t\t\t<\/div>\n\t\t\t\t<div class=\"elementor-element elementor-element-cff612f elementor-widget elementor-widget-heading\" data-id=\"cff612f\" data-element_type=\"widget\" data-e-type=\"widget\" data-widget_type=\"heading.default\">\n\t\t\t\t<div class=\"elementor-widget-container\">\n\t\t\t\t\t<h4 class=\"elementor-heading-title elementor-size-default\"><a href=\"https:\/\/powertowers.com\/es\/nano-sp-plus\/\">NANO SP PLUS<\/a><\/h4>\t\t\t\t<\/div>\n\t\t\t\t<\/div>\n\t\t\t\t<div class=\"elementor-element elementor-element-56122d9 elementor-widget elementor-widget-heading\" data-id=\"56122d9\" data-element_type=\"widget\" data-e-type=\"widget\" data-widget_type=\"heading.default\">\n\t\t\t\t<div class=\"elementor-widget-container\">\n\t\t\t\t\t<h4 class=\"elementor-heading-title elementor-size-default\">Soluci\u00f3n autopropulsada con doble cubierta extensible y una altura m\u00e1xima de trabajo de 4,5m<\/h4>\t\t\t\t<\/div>\n\t\t\t\t<\/div>\n\t\t\t\t<div class=\"elementor-element elementor-element-f74219b elementor-align-center elementor-widget elementor-widget-button\" data-id=\"f74219b\" data-element_type=\"widget\" data-e-type=\"widget\" data-widget_type=\"button.default\">\n\t\t\t\t<div class=\"elementor-widget-container\">\n\t\t\t\t\t\t\t\t\t<div class=\"elementor-button-wrapper\">\n\t\t\t\t\t<a class=\"elementor-button elementor-button-link elementor-size-sm\" href=\"https:\/\/powertowers.com\/es\/nano-sp-plus\/\">\n\t\t\t\t\t\t<span class=\"elementor-button-content-wrapper\">\n\t\t\t\t\t\t\t\t\t<span class=\"elementor-button-text\">TODAS LAS ESPECIFICACIONES<\/span>\n\t\t\t\t\t<\/span>\n\t\t\t\t\t<\/a>\n\t\t\t\t<\/div>\n\t\t\t\t\t\t\t\t<\/div>\n\t\t\t\t<\/div>\n\t\t\t\t\t<\/div>\n\t\t<\/div>\n\t\t\t\t\t<\/div>\n\t\t<\/main>\n\t\t\t\t<nav class=\"elementor-section elementor-top-section elementor-element elementor-element-4785a1c elementor-section-boxed elementor-section-height-default elementor-section-height-default elementor-invisible\" data-id=\"4785a1c\" data-element_type=\"section\" data-e-type=\"section\" data-settings=\"{&quot;animation&quot;:&quot;zoomIn&quot;}\">\n\t\t\t\t\t\t<div class=\"elementor-container elementor-column-gap-default\">\n\t\t\t\t\t<div class=\"elementor-column elementor-col-100 elementor-top-column elementor-element elementor-element-1d9abd9\" data-id=\"1d9abd9\" data-element_type=\"column\" data-e-type=\"column\">\n\t\t\t<div class=\"elementor-widget-wrap elementor-element-populated\">\n\t\t\t\t\t\t<section class=\"elementor-section elementor-inner-section elementor-element elementor-element-57e2c61 elementor-section-content-bottom elementor-section-boxed elementor-section-height-default elementor-section-height-default\" data-id=\"57e2c61\" data-element_type=\"section\" data-e-type=\"section\">\n\t\t\t\t\t\t<div class=\"elementor-container elementor-column-gap-default\">\n\t\t\t\t\t<div class=\"elementor-column elementor-col-50 elementor-inner-column elementor-element elementor-element-7f6d226\" data-id=\"7f6d226\" data-element_type=\"column\" data-e-type=\"column\">\n\t\t\t<div class=\"elementor-widget-wrap elementor-element-populated\">\n\t\t\t\t\t\t<div class=\"elementor-element elementor-element-e1a5159 elementor-align-right elementor-mobile-align-center elementor-widget elementor-widget-button\" data-id=\"e1a5159\" data-element_type=\"widget\" data-e-type=\"widget\" data-widget_type=\"button.default\">\n\t\t\t\t<div class=\"elementor-widget-container\">\n\t\t\t\t\t\t\t\t\t<div class=\"elementor-button-wrapper\">\n\t\t\t\t\t<a class=\"elementor-button elementor-button-link elementor-size-md\" href=\"https:\/\/powertowers.com\/es\/demo\/\">\n\t\t\t\t\t\t<span class=\"elementor-button-content-wrapper\">\n\t\t\t\t\t\t\t\t\t<span class=\"elementor-button-text\">Quiero una demostraci\u00f3n<\/span>\n\t\t\t\t\t<\/span>\n\t\t\t\t\t<\/a>\n\t\t\t\t<\/div>\n\t\t\t\t\t\t\t\t<\/div>\n\t\t\t\t<\/div>\n\t\t\t\t\t<\/div>\n\t\t<\/div>\n\t\t\t\t<div class=\"elementor-column elementor-col-50 elementor-inner-column elementor-element elementor-element-aa622a6\" data-id=\"aa622a6\" data-element_type=\"column\" data-e-type=\"column\">\n\t\t\t<div class=\"elementor-widget-wrap elementor-element-populated\">\n\t\t\t\t\t\t<div class=\"elementor-element elementor-element-0dab248 elementor-align-left elementor-mobile-align-center elementor-widget elementor-widget-button\" data-id=\"0dab248\" data-element_type=\"widget\" data-e-type=\"widget\" data-widget_type=\"button.default\">\n\t\t\t\t<div class=\"elementor-widget-container\">\n\t\t\t\t\t\t\t\t\t<div class=\"elementor-button-wrapper\">\n\t\t\t\t\t<a class=\"elementor-button elementor-button-link elementor-size-md\" href=\"https:\/\/powertowers.com\/es\/quote\/\">\n\t\t\t\t\t\t<span class=\"elementor-button-content-wrapper\">\n\t\t\t\t\t\t\t\t\t<span class=\"elementor-button-text\">Quiero un presupuesto<\/span>\n\t\t\t\t\t<\/span>\n\t\t\t\t\t<\/a>\n\t\t\t\t<\/div>\n\t\t\t\t\t\t\t\t<\/div>\n\t\t\t\t<\/div>\n\t\t\t\t\t<\/div>\n\t\t<\/div>\n\t\t\t\t\t<\/div>\n\t\t<\/section>\n\t\t\t\t\t<\/div>\n\t\t<\/div>\n\t\t\t\t\t<\/div>\n\t\t<\/nav>\n\t\t\t\t<article class=\"elementor-section elementor-top-section elementor-element elementor-element-6a1bff9 elementor-section-boxed elementor-section-height-default elementor-section-height-default\" data-id=\"6a1bff9\" data-element_type=\"section\" data-e-type=\"section\">\n\t\t\t\t\t\t<div class=\"elementor-container elementor-column-gap-default\">\n\t\t\t\t\t<div class=\"elementor-column elementor-col-50 elementor-top-column elementor-element elementor-element-3d5fc2f\" data-id=\"3d5fc2f\" data-element_type=\"column\" data-e-type=\"column\">\n\t\t\t<div class=\"elementor-widget-wrap elementor-element-populated\">\n\t\t\t\t\t\t<div class=\"elementor-element elementor-element-74d4f3d elementor-widget elementor-widget-text-editor\" data-id=\"74d4f3d\" data-element_type=\"widget\" data-e-type=\"widget\" data-widget_type=\"text-editor.default\">\n\t\t\t\t<div class=\"elementor-widget-container\">\n\t\t\t\t\t\t\t\t\t<p>Si busca un producto autopropulsado para el acceso a alturas reducidas, nuestra gama de productos es ligera y ofrece hasta 4,5 m de altura de trabajo (seg\u00fan el modelo). Estas plataformas son ideales cuando la aplicaci\u00f3n requiere que el operario se desplace r\u00e1pidamente entre operaciones o necesita mover la plataforma mientras trabaja en altura. Esto elimina la necesidad de subir y bajar para poder mover la m\u00e1quina a otra posici\u00f3n. La productividad mejora al utilizar estas m\u00e1quinas: hasta 12 veces m\u00e1s r\u00e1pido en comparaci\u00f3n con las formas tradicionales de acceso como los andamios, los podiums o las escaleras de mano.<\/p><p>La Nano SP y la Nano SP Plus tienen una huella muy peque\u00f1a para maniobrar en espacios de trabajo muy congestionados y una gran \u00e1rea de trabajo cuando se utiliza la opci\u00f3n de plataforma en voladizo, lo que la hace ideal para poder trabajar por encima de obst\u00e1culos. La Nano SP es la opci\u00f3n preferida cuando la aplicaci\u00f3n requiere una huella m\u00e1s peque\u00f1a, un peso m\u00e1s ligero y una mayor \u00e1rea de plataforma.<\/p><p>Estas m\u00e1quinas son m\u00e1s seguras, m\u00e1s c\u00f3modas, m\u00e1s eficientes y una alternativa rentable a los pelda\u00f1os del podium o a los andamios.  Suba a la plataforma totalmente protegida, dir\u00edjase a la aplicaci\u00f3n de trabajo y eleve hasta la altura deseada. El operario tiene espacio suficiente para moverse y trabajar en una posici\u00f3n c\u00f3moda durante m\u00e1s tiempo. Permanezca en altura y conduzca f\u00e1cilmente a otra \u00e1rea de trabajo para maximizar la eficiencia.<\/p><p><a href=\"https:\/\/powertowers.com\/es\/beneficios\/\">Conozca aqu\u00ed las ventajas de la gama de productos Power Towers.<\/a><\/p>\t\t\t\t\t\t\t\t<\/div>\n\t\t\t\t<\/div>\n\t\t\t\t\t<\/div>\n\t\t<\/div>\n\t\t\t\t<div class=\"elementor-column elementor-col-50 elementor-top-column elementor-element elementor-element-4439ce2\" data-id=\"4439ce2\" data-element_type=\"column\" data-e-type=\"column\">\n\t\t\t<div class=\"elementor-widget-wrap elementor-element-populated\">\n\t\t\t\t\t\t<div class=\"elementor-element elementor-element-362d326 elementor-widget elementor-widget-text-editor\" data-id=\"362d326\" data-element_type=\"widget\" data-e-type=\"widget\" data-widget_type=\"text-editor.default\">\n\t\t\t\t<div class=\"elementor-widget-container\">\n\t\t\t\t\t\t\t\t\t<p><strong>Caracter\u00edsticas y beneficios:<\/strong><\/p>\n<ul>\n<li>Entre en la plataforma desde el suelo y pase a un espacio de trabajo totalmente protegido<\/li>\n<li>F\u00e1cil de manejar, basta con pulsar un bot\u00f3n para elevar la plataforma<\/li>\n<li>Plataforma ajustable para trabajar a la altura deseada<\/li>\n<li>Descenso de emergencia desde el nivel del suelo<\/li>\n<li>Alarma sonora de ascenso, descenso y conducci\u00f3n<\/li>\n<li>Circuito hidr\u00e1ulico a prueba de fallos con v\u00e1lvula de retenci\u00f3n en el cilindro de elevaci\u00f3n<\/li>\n<li>Cabe a trav\u00e9s de las puertas individuales est\u00e1ndar y en los ascensores<\/li>\n<li>Compacto: ideal para guardarlo f\u00e1cilmente<\/li>\n<li>Peso ligero, ideal para suelos delicados<\/li>\n<li>La Nano SP y SP Plus alcanzan 4,5 m de altura de trabajo<\/li>\n<\/ul>\t\t\t\t\t\t\t\t<\/div>\n\t\t\t\t<\/div>\n\t\t\t\t\t<\/div>\n\t\t<\/div>\n\t\t\t\t\t<\/div>\n\t\t<\/article>\n\t\t\t\t<\/div>","protected":false},"excerpt":{"rendered":"<p>LA FAMILIA AUTOPROPULSADA M\u00e1quinas autopropulsadas de bajo nivel y peso ligero Nano SP Soluci\u00f3n autopropulsada con plataforma extensible y altura m\u00e1xima de trabajo de 4,5 m COMPROBAR TODAS LAS ESPECIFICACIONES NANO SP PLUS Soluci\u00f3n autopropulsada con doble plataforma extensible y altura m\u00e1xima de trabajo de 4,5 m COMPROBAR TODAS LAS ESPECIFICACIONES Quiero una demostraci\u00f3n Quiero un presupuesto ... <\/p>\n<p class=\"link-more\"><a href=\"https:\/\/powertowers.com\/es\/the-self-propelled-family\/\" class=\"more-link\">Seguir leyendo<span class=\"screen-reader-text\"> \"La familia autopropulsada\"<\/span><\/a><\/p>","protected":false},"author":1,"featured_media":0,"parent":0,"menu_order":0,"comment_status":"closed","ping_status":"closed","template":"elementor_header_footer","meta":{"content-type":"","footnotes":""},"class_list":["post-638","page","type-page","status-publish","hentry","entry"],"yoast_head":"<!-- This site is optimized with the Yoast SEO plugin v27.5 - https:\/\/yoast.com\/product\/yoast-seo-wordpress\/ -->\n<title>Self-Propelled Extendable Work Platforms | Power Towers<\/title>\n<meta name=\"description\" content=\"Discover Power Towers self-propelled working platforms, up to 4.5m height. Safer and intuitive. An alternative to scaffolding and ladders. Learn more!\" \/>\n<meta name=\"robots\" content=\"index, follow, max-snippet:-1, max-image-preview:large, max-video-preview:-1\" \/>\n<link rel=\"canonical\" href=\"https:\/\/powertowers.com\/es\/la-familia-autopropulsada\/\" \/>\n<meta property=\"og:locale\" content=\"es_ES\" \/>\n<meta property=\"og:type\" content=\"article\" \/>\n<meta property=\"og:title\" content=\"Self-Propelled Extendable Work Platforms | Power Towers\" \/>\n<meta property=\"og:description\" content=\"Discover Power Towers self-propelled working platforms, up to 4.5m height. Safer and intuitive. An alternative to scaffolding and ladders. Learn more!\" \/>\n<meta property=\"og:url\" content=\"https:\/\/powertowers.com\/es\/la-familia-autopropulsada\/\" \/>\n<meta property=\"og:site_name\" content=\"Power Towers\" \/>\n<meta property=\"article:modified_time\" content=\"2025-09-11T11:51:32+00:00\" \/>\n<meta property=\"og:image\" content=\"https:\/\/37.148.206.186\/wp-content\/uploads\/2023\/04\/Nano-SP.jpg\" \/>\n<meta name=\"twitter:card\" content=\"summary_large_image\" \/>\n<meta name=\"twitter:label1\" content=\"Tiempo de lectura\" \/>\n\t<meta name=\"twitter:data1\" content=\"2 minutos\" \/>\n<script type=\"application\/ld+json\" class=\"yoast-schema-graph\">{\"@context\":\"https:\\\/\\\/schema.org\",\"@graph\":[{\"@type\":\"WebPage\",\"@id\":\"https:\\\/\\\/powertowers.com\\\/es\\\/la-familia-autopropulsada\\\/\",\"url\":\"https:\\\/\\\/powertowers.com\\\/es\\\/la-familia-autopropulsada\\\/\",\"name\":\"Self-Propelled Extendable Work Platforms | Power Towers\",\"isPartOf\":{\"@id\":\"https:\\\/\\\/powertowers.com\\\/nl\\\/#website\"},\"primaryImageOfPage\":{\"@id\":\"https:\\\/\\\/powertowers.com\\\/es\\\/la-familia-autopropulsada\\\/#primaryimage\"},\"image\":{\"@id\":\"https:\\\/\\\/powertowers.com\\\/es\\\/la-familia-autopropulsada\\\/#primaryimage\"},\"thumbnailUrl\":\"https:\\\/\\\/37.148.206.186\\\/wp-content\\\/uploads\\\/2023\\\/04\\\/Nano-SP.jpg\",\"datePublished\":\"2022-01-10T12:48:03+00:00\",\"dateModified\":\"2025-09-11T11:51:32+00:00\",\"description\":\"Discover Power Towers self-propelled working platforms, up to 4.5m height. Safer and intuitive. An alternative to scaffolding and ladders. Learn more!\",\"breadcrumb\":{\"@id\":\"https:\\\/\\\/powertowers.com\\\/es\\\/la-familia-autopropulsada\\\/#breadcrumb\"},\"inLanguage\":\"es\",\"potentialAction\":[{\"@type\":\"ReadAction\",\"target\":[\"https:\\\/\\\/powertowers.com\\\/es\\\/la-familia-autopropulsada\\\/\"]}]},{\"@type\":\"ImageObject\",\"inLanguage\":\"es\",\"@id\":\"https:\\\/\\\/powertowers.com\\\/es\\\/la-familia-autopropulsada\\\/#primaryimage\",\"url\":\"https:\\\/\\\/37.148.206.186\\\/wp-content\\\/uploads\\\/2023\\\/04\\\/Nano-SP.jpg\",\"contentUrl\":\"https:\\\/\\\/37.148.206.186\\\/wp-content\\\/uploads\\\/2023\\\/04\\\/Nano-SP.jpg\"},{\"@type\":\"BreadcrumbList\",\"@id\":\"https:\\\/\\\/powertowers.com\\\/es\\\/la-familia-autopropulsada\\\/#breadcrumb\",\"itemListElement\":[{\"@type\":\"ListItem\",\"position\":1,\"name\":\"Home\",\"item\":\"https:\\\/\\\/powertowers.com\\\/nl\\\/\"},{\"@type\":\"ListItem\",\"position\":2,\"name\":\"The self-propelled family\"}]},{\"@type\":\"WebSite\",\"@id\":\"https:\\\/\\\/powertowers.com\\\/nl\\\/#website\",\"url\":\"https:\\\/\\\/powertowers.com\\\/nl\\\/\",\"name\":\"Power Towers\",\"description\":\"The alternative to ladders, podiums and scaffolding.\",\"publisher\":{\"@id\":\"https:\\\/\\\/powertowers.com\\\/nl\\\/#organization\"},\"potentialAction\":[{\"@type\":\"SearchAction\",\"target\":{\"@type\":\"EntryPoint\",\"urlTemplate\":\"https:\\\/\\\/powertowers.com\\\/nl\\\/?s={search_term_string}\"},\"query-input\":{\"@type\":\"PropertyValueSpecification\",\"valueRequired\":true,\"valueName\":\"search_term_string\"}}],\"inLanguage\":\"es\"},{\"@type\":\"Organization\",\"@id\":\"https:\\\/\\\/powertowers.com\\\/nl\\\/#organization\",\"name\":\"Power Towers Ltd.\",\"url\":\"https:\\\/\\\/powertowers.com\\\/nl\\\/\",\"logo\":{\"@type\":\"ImageObject\",\"inLanguage\":\"es\",\"@id\":\"https:\\\/\\\/powertowers.com\\\/nl\\\/#\\\/schema\\\/logo\\\/image\\\/\",\"url\":\"https:\\\/\\\/37.148.206.186\\\/wp-content\\\/uploads\\\/2021\\\/12\\\/power-towers-new-logo-outline-1024px.png\",\"contentUrl\":\"https:\\\/\\\/37.148.206.186\\\/wp-content\\\/uploads\\\/2021\\\/12\\\/power-towers-new-logo-outline-1024px.png\",\"width\":1024,\"height\":209,\"caption\":\"Power Towers Ltd.\"},\"image\":{\"@id\":\"https:\\\/\\\/powertowers.com\\\/nl\\\/#\\\/schema\\\/logo\\\/image\\\/\"}}]}<\/script>\n<!-- \/ Yoast SEO plugin. -->","yoast_head_json":{"title":"Plataformas Elevadoras Autopropulsadas | Power Towers","description":"Descubra las plataformas de trabajo autopropulsadas Power Towers, de hasta 4,5 m de altura. M\u00e1s seguras e intuitivas. Una alternativa a los andamios y las escaleras. M\u00e1s informaci\u00f3n","robots":{"index":"index","follow":"follow","max-snippet":"max-snippet:-1","max-image-preview":"max-image-preview:large","max-video-preview":"max-video-preview:-1"},"canonical":"https:\/\/powertowers.com\/es\/la-familia-autopropulsada\/","og_locale":"es_ES","og_type":"article","og_title":"Self-Propelled Extendable Work Platforms | Power Towers","og_description":"Discover Power Towers self-propelled working platforms, up to 4.5m height. Safer and intuitive. An alternative to scaffolding and ladders. Learn more!","og_url":"https:\/\/powertowers.com\/es\/la-familia-autopropulsada\/","og_site_name":"Power Towers","article_modified_time":"2025-09-11T11:51:32+00:00","og_image":[{"url":"https:\/\/37.148.206.186\/wp-content\/uploads\/2023\/04\/Nano-SP.jpg","type":"","width":"","height":""}],"twitter_card":"summary_large_image","twitter_misc":{"Tiempo de lectura":"2 minutos"},"schema":{"@context":"https:\/\/schema.org","@graph":[{"@type":"WebPage","@id":"https:\/\/powertowers.com\/es\/la-familia-autopropulsada\/","url":"https:\/\/powertowers.com\/es\/la-familia-autopropulsada\/","name":"Plataformas Elevadoras Autopropulsadas | Power Towers","isPartOf":{"@id":"https:\/\/powertowers.com\/nl\/#website"},"primaryImageOfPage":{"@id":"https:\/\/powertowers.com\/es\/la-familia-autopropulsada\/#primaryimage"},"image":{"@id":"https:\/\/powertowers.com\/es\/la-familia-autopropulsada\/#primaryimage"},"thumbnailUrl":"https:\/\/37.148.206.186\/wp-content\/uploads\/2023\/04\/Nano-SP.jpg","datePublished":"2022-01-10T12:48:03+00:00","dateModified":"2025-09-11T11:51:32+00:00","description":"Descubra las plataformas de trabajo autopropulsadas Power Towers, de hasta 4,5 m de altura. M\u00e1s seguras e intuitivas. Una alternativa a los andamios y las escaleras. M\u00e1s informaci\u00f3n","breadcrumb":{"@id":"https:\/\/powertowers.com\/es\/la-familia-autopropulsada\/#breadcrumb"},"inLanguage":"es","potentialAction":[{"@type":"ReadAction","target":["https:\/\/powertowers.com\/es\/la-familia-autopropulsada\/"]}]},{"@type":"ImageObject","inLanguage":"es","@id":"https:\/\/powertowers.com\/es\/la-familia-autopropulsada\/#primaryimage","url":"https:\/\/37.148.206.186\/wp-content\/uploads\/2023\/04\/Nano-SP.jpg","contentUrl":"https:\/\/37.148.206.186\/wp-content\/uploads\/2023\/04\/Nano-SP.jpg"},{"@type":"BreadcrumbList","@id":"https:\/\/powertowers.com\/es\/la-familia-autopropulsada\/#breadcrumb","itemListElement":[{"@type":"ListItem","position":1,"name":"Home","item":"https:\/\/powertowers.com\/nl\/"},{"@type":"ListItem","position":2,"name":"The self-propelled family"}]},{"@type":"WebSite","@id":"https:\/\/powertowers.com\/nl\/#website","url":"https:\/\/powertowers.com\/nl\/","name":"Power Towers","description":"La alternativa a escaleras, podios y andamios.","publisher":{"@id":"https:\/\/powertowers.com\/nl\/#organization"},"potentialAction":[{"@type":"SearchAction","target":{"@type":"EntryPoint","urlTemplate":"https:\/\/powertowers.com\/nl\/?s={search_term_string}"},"query-input":{"@type":"PropertyValueSpecification","valueRequired":true,"valueName":"search_term_string"}}],"inLanguage":"es"},{"@type":"Organization","@id":"https:\/\/powertowers.com\/nl\/#organization","name":"Power Towers Ltd.","url":"https:\/\/powertowers.com\/nl\/","logo":{"@type":"ImageObject","inLanguage":"es","@id":"https:\/\/powertowers.com\/nl\/#\/schema\/logo\/image\/","url":"https:\/\/37.148.206.186\/wp-content\/uploads\/2021\/12\/power-towers-new-logo-outline-1024px.png","contentUrl":"https:\/\/37.148.206.186\/wp-content\/uploads\/2021\/12\/power-towers-new-logo-outline-1024px.png","width":1024,"height":209,"caption":"Power Towers Ltd."},"image":{"@id":"https:\/\/powertowers.com\/nl\/#\/schema\/logo\/image\/"}}]}},"_links":{"self":[{"href":"https:\/\/powertowers.com\/es\/wp-json\/wp\/v2\/pages\/638","targetHints":{"allow":["GET"]}}],"collection":[{"href":"https:\/\/powertowers.com\/es\/wp-json\/wp\/v2\/pages"}],"about":[{"href":"https:\/\/powertowers.com\/es\/wp-json\/wp\/v2\/types\/page"}],"author":[{"embeddable":true,"href":"https:\/\/powertowers.com\/es\/wp-json\/wp\/v2\/users\/1"}],"replies":[{"embeddable":true,"href":"https:\/\/powertowers.com\/es\/wp-json\/wp\/v2\/comments?post=638"}],"version-history":[{"count":25,"href":"https:\/\/powertowers.com\/es\/wp-json\/wp\/v2\/pages\/638\/revisions"}],"predecessor-version":[{"id":5733,"href":"https:\/\/powertowers.com\/es\/wp-json\/wp\/v2\/pages\/638\/revisions\/5733"}],"wp:attachment":[{"href":"https:\/\/powertowers.com\/es\/wp-json\/wp\/v2\/media?parent=638"}],"curies":[{"name":"wp","href":"https:\/\/api.w.org\/{rel}","templated":true}]}}