{"id":5364,"date":"2025-08-27T10:35:55","date_gmt":"2025-08-27T08:35:55","guid":{"rendered":"https:\/\/37.148.206.186\/?page_id=5364"},"modified":"2025-09-10T18:35:57","modified_gmt":"2025-09-10T16:35:57","slug":"espacio-confinado","status":"publish","type":"page","link":"https:\/\/powertowers.com\/es\/confined-space\/","title":{"rendered":"Espacio confinado"},"content":{"rendered":"<div data-elementor-type=\"wp-page\" data-elementor-id=\"5364\" class=\"elementor elementor-5364\" data-elementor-post-type=\"page\">\n\t\t\t\t\t\t<section class=\"elementor-section elementor-top-section elementor-element elementor-element-729ee493 elementor-section-boxed elementor-section-height-default elementor-section-height-default elementor-invisible\" data-id=\"729ee493\" data-element_type=\"section\" data-e-type=\"section\" data-settings=\"{&quot;animation&quot;:&quot;slideInDown&quot;}\">\n\t\t\t\t\t\t<div class=\"elementor-container elementor-column-gap-default\">\n\t\t\t\t\t<div class=\"elementor-column elementor-col-100 elementor-top-column elementor-element elementor-element-af4b656\" data-id=\"af4b656\" data-element_type=\"column\" data-e-type=\"column\">\n\t\t\t<div class=\"elementor-widget-wrap elementor-element-populated\">\n\t\t\t\t\t\t<div class=\"elementor-element elementor-element-1ddf6ae0 elementor-widget elementor-widget-heading\" data-id=\"1ddf6ae0\" data-element_type=\"widget\" data-e-type=\"widget\" data-widget_type=\"heading.default\">\n\t\t\t\t<div class=\"elementor-widget-container\">\n\t\t\t\t\t<h1 class=\"elementor-heading-title elementor-size-default\">FAMILIA DE ESPACIOS CONFINADOS<\/h1>\t\t\t\t<\/div>\n\t\t\t\t<\/div>\n\t\t\t\t<div class=\"elementor-element elementor-element-2d08a661 elementor-widget elementor-widget-heading\" data-id=\"2d08a661\" data-element_type=\"widget\" data-e-type=\"widget\" data-widget_type=\"heading.default\">\n\t\t\t\t<div class=\"elementor-widget-container\">\n\t\t\t\t\t<h2 class=\"elementor-heading-title elementor-size-default\">Acceso compacto, m\u00e1xima seguridad<\/h2>\t\t\t\t<\/div>\n\t\t\t\t<\/div>\n\t\t\t\t\t<\/div>\n\t\t<\/div>\n\t\t\t\t\t<\/div>\n\t\t<\/section>\n\t\t\t\t<section class=\"elementor-section elementor-top-section elementor-element elementor-element-39291ae2 elementor-section-boxed elementor-section-height-default elementor-section-height-default elementor-invisible\" data-id=\"39291ae2\" data-element_type=\"section\" data-e-type=\"section\" data-settings=\"{&quot;animation&quot;:&quot;slideInUp&quot;}\">\n\t\t\t\t\t\t<div class=\"elementor-container elementor-column-gap-default\">\n\t\t\t\t\t<div class=\"elementor-column elementor-col-50 elementor-top-column elementor-element elementor-element-6ce8b1aa\" data-id=\"6ce8b1aa\" data-element_type=\"column\" data-e-type=\"column\" data-settings=\"{&quot;background_background&quot;:&quot;classic&quot;}\">\n\t\t\t<div class=\"elementor-widget-wrap elementor-element-populated\">\n\t\t\t\t\t\t<div class=\"elementor-element elementor-element-317da22f elementor-widget elementor-widget-image\" data-id=\"317da22f\" data-element_type=\"widget\" data-e-type=\"widget\" data-widget_type=\"image.default\">\n\t\t\t\t<div class=\"elementor-widget-container\">\n\t\t\t\t\t\t\t\t\t\t\t\t\t\t\t\t<a href=\"https:\/\/powertowers.com\/es\/nano-30cs\/\">\n\t\t\t\t\t\t\t<img fetchpriority=\"high\" decoding=\"async\" width=\"500\" height=\"500\" src=\"https:\/\/powertowers.com\/wp-content\/uploads\/2025\/08\/JLG-Nano-30CS_500x500px.jpg\" class=\"elementor-animation-shrink attachment-full size-full wp-image-5368\" alt=\"\" srcset=\"https:\/\/powertowers.com\/wp-content\/uploads\/2025\/08\/JLG-Nano-30CS_500x500px.jpg 500w, https:\/\/powertowers.com\/wp-content\/uploads\/2025\/08\/JLG-Nano-30CS_500x500px-300x300.jpg 300w, https:\/\/powertowers.com\/wp-content\/uploads\/2025\/08\/JLG-Nano-30CS_500x500px-150x150.jpg 150w, https:\/\/powertowers.com\/wp-content\/uploads\/2025\/08\/JLG-Nano-30CS_500x500px-12x12.jpg 12w\" sizes=\"(max-width: 34.9rem) calc(100vw - 2rem), (max-width: 53rem) calc(8 * (100vw \/ 12)), (min-width: 53rem) calc(6 * (100vw \/ 12)), 100vw\" \/>\t\t\t\t\t\t\t\t<\/a>\n\t\t\t\t\t\t\t\t\t\t\t\t\t\t\t<\/div>\n\t\t\t\t<\/div>\n\t\t\t\t<div class=\"elementor-element elementor-element-1af74370 elementor-widget elementor-widget-heading\" data-id=\"1af74370\" data-element_type=\"widget\" data-e-type=\"widget\" data-widget_type=\"heading.default\">\n\t\t\t\t<div class=\"elementor-widget-container\">\n\t\t\t\t\t<h4 class=\"elementor-heading-title elementor-size-default\"><a href=\"https:\/\/powertowers.com\/es\/nano-30cs\/\">Nano 30CS<\/a><\/h4>\t\t\t\t<\/div>\n\t\t\t\t<\/div>\n\t\t\t\t<div class=\"elementor-element elementor-element-3994ddbd elementor-widget elementor-widget-heading\" data-id=\"3994ddbd\" data-element_type=\"widget\" data-e-type=\"widget\" data-widget_type=\"heading.default\">\n\t\t\t\t<div class=\"elementor-widget-container\">\n\t\t\t\t\t<h4 class=\"elementor-heading-title elementor-size-default\">Soluci\u00f3n de empuje con una cubierta extra peque\u00f1a para espacios reducidos y una altura m\u00e1xima de trabajo de 4,95 m<\/h4>\t\t\t\t<\/div>\n\t\t\t\t<\/div>\n\t\t\t\t<div class=\"elementor-element elementor-element-5d582447 elementor-align-center elementor-widget elementor-widget-button\" data-id=\"5d582447\" data-element_type=\"widget\" data-e-type=\"widget\" data-widget_type=\"button.default\">\n\t\t\t\t<div class=\"elementor-widget-container\">\n\t\t\t\t\t\t\t\t\t<div class=\"elementor-button-wrapper\">\n\t\t\t\t\t<a class=\"elementor-button elementor-button-link elementor-size-sm\" href=\"https:\/\/powertowers.com\/es\/nano-30cs\/\">\n\t\t\t\t\t\t<span class=\"elementor-button-content-wrapper\">\n\t\t\t\t\t\t\t\t\t<span class=\"elementor-button-text\">TODAS LAS ESPECIFICACIONES<\/span>\n\t\t\t\t\t<\/span>\n\t\t\t\t\t<\/a>\n\t\t\t\t<\/div>\n\t\t\t\t\t\t\t\t<\/div>\n\t\t\t\t<\/div>\n\t\t\t\t\t<\/div>\n\t\t<\/div>\n\t\t\t\t<div class=\"elementor-column elementor-col-50 elementor-top-column elementor-element elementor-element-60c72bdc\" data-id=\"60c72bdc\" data-element_type=\"column\" data-e-type=\"column\" data-settings=\"{&quot;background_background&quot;:&quot;classic&quot;}\">\n\t\t\t<div class=\"elementor-widget-wrap elementor-element-populated\">\n\t\t\t\t\t\t<div class=\"elementor-element elementor-element-7c03bc24 elementor-widget elementor-widget-image\" data-id=\"7c03bc24\" data-element_type=\"widget\" data-e-type=\"widget\" data-widget_type=\"image.default\">\n\t\t\t\t<div class=\"elementor-widget-container\">\n\t\t\t\t\t\t\t\t\t\t\t\t\t\t\t\t<a href=\"https:\/\/powertowers.com\/es\/power-tower-cs\/\">\n\t\t\t\t\t\t\t<img decoding=\"async\" width=\"500\" height=\"500\" src=\"https:\/\/powertowers.com\/wp-content\/uploads\/2025\/08\/Power-Tower-CS_500x500px.jpg\" class=\"elementor-animation-shrink attachment-full size-full wp-image-5367\" alt=\"\" srcset=\"https:\/\/powertowers.com\/wp-content\/uploads\/2025\/08\/Power-Tower-CS_500x500px.jpg 500w, https:\/\/powertowers.com\/wp-content\/uploads\/2025\/08\/Power-Tower-CS_500x500px-300x300.jpg 300w, https:\/\/powertowers.com\/wp-content\/uploads\/2025\/08\/Power-Tower-CS_500x500px-150x150.jpg 150w, https:\/\/powertowers.com\/wp-content\/uploads\/2025\/08\/Power-Tower-CS_500x500px-12x12.jpg 12w\" sizes=\"(max-width: 34.9rem) calc(100vw - 2rem), (max-width: 53rem) calc(8 * (100vw \/ 12)), (min-width: 53rem) calc(6 * (100vw \/ 12)), 100vw\" \/>\t\t\t\t\t\t\t\t<\/a>\n\t\t\t\t\t\t\t\t\t\t\t\t\t\t\t<\/div>\n\t\t\t\t<\/div>\n\t\t\t\t<div class=\"elementor-element elementor-element-51200e52 elementor-widget elementor-widget-heading\" data-id=\"51200e52\" data-element_type=\"widget\" data-e-type=\"widget\" data-widget_type=\"heading.default\">\n\t\t\t\t<div class=\"elementor-widget-container\">\n\t\t\t\t\t<h4 class=\"elementor-heading-title elementor-size-default\"><a href=\"https:\/\/powertowers.com\/es\/power-tower-cs\/\">TORRE DE ENERG\u00cdA CS<\/a><\/h4>\t\t\t\t<\/div>\n\t\t\t\t<\/div>\n\t\t\t\t<div class=\"elementor-element elementor-element-75f0aa17 elementor-widget elementor-widget-heading\" data-id=\"75f0aa17\" data-element_type=\"widget\" data-e-type=\"widget\" data-widget_type=\"heading.default\">\n\t\t\t\t<div class=\"elementor-widget-container\">\n\t\t\t\t\t<h4 class=\"elementor-heading-title elementor-size-default\">Soluci\u00f3n de empuje con una cubierta extra peque\u00f1a<span style=\"letter-spacing: -0.02em\"> para espacios confinados<\/span><span style=\"letter-spacing: -0.02em\"> y una altura m\u00e1xima de trabajo de 5 m<\/span><span style=\"letter-spacing: -0.02em\"><\/span><br><\/h4>\t\t\t\t<\/div>\n\t\t\t\t<\/div>\n\t\t\t\t<div class=\"elementor-element elementor-element-21928e69 elementor-align-center elementor-widget elementor-widget-button\" data-id=\"21928e69\" data-element_type=\"widget\" data-e-type=\"widget\" data-widget_type=\"button.default\">\n\t\t\t\t<div class=\"elementor-widget-container\">\n\t\t\t\t\t\t\t\t\t<div class=\"elementor-button-wrapper\">\n\t\t\t\t\t<a class=\"elementor-button elementor-button-link elementor-size-sm\" href=\"https:\/\/powertowers.com\/es\/power-tower-cs\/\">\n\t\t\t\t\t\t<span class=\"elementor-button-content-wrapper\">\n\t\t\t\t\t\t\t\t\t<span class=\"elementor-button-text\">TODAS LAS ESPECIFICACIONES<\/span>\n\t\t\t\t\t<\/span>\n\t\t\t\t\t<\/a>\n\t\t\t\t<\/div>\n\t\t\t\t\t\t\t\t<\/div>\n\t\t\t\t<\/div>\n\t\t\t\t\t<\/div>\n\t\t<\/div>\n\t\t\t\t\t<\/div>\n\t\t<\/section>\n\t\t\t\t<section class=\"elementor-section elementor-top-section elementor-element elementor-element-3f18d589 elementor-section-boxed elementor-section-height-default elementor-section-height-default elementor-invisible\" data-id=\"3f18d589\" data-element_type=\"section\" data-e-type=\"section\" data-settings=\"{&quot;animation&quot;:&quot;zoomIn&quot;}\">\n\t\t\t\t\t\t<div class=\"elementor-container elementor-column-gap-default\">\n\t\t\t\t\t<div class=\"elementor-column elementor-col-100 elementor-top-column elementor-element elementor-element-60fddb7c\" data-id=\"60fddb7c\" data-element_type=\"column\" data-e-type=\"column\">\n\t\t\t<div class=\"elementor-widget-wrap elementor-element-populated\">\n\t\t\t\t\t\t<section class=\"elementor-section elementor-inner-section elementor-element elementor-element-77c8d661 elementor-section-content-bottom elementor-section-boxed elementor-section-height-default elementor-section-height-default\" data-id=\"77c8d661\" data-element_type=\"section\" data-e-type=\"section\">\n\t\t\t\t\t\t<div class=\"elementor-container elementor-column-gap-default\">\n\t\t\t\t\t<div class=\"elementor-column elementor-col-50 elementor-inner-column elementor-element elementor-element-ae51e3f\" data-id=\"ae51e3f\" data-element_type=\"column\" data-e-type=\"column\">\n\t\t\t<div class=\"elementor-widget-wrap elementor-element-populated\">\n\t\t\t\t\t\t<div class=\"elementor-element elementor-element-7582f29a elementor-align-right elementor-mobile-align-center elementor-widget elementor-widget-button\" data-id=\"7582f29a\" data-element_type=\"widget\" data-e-type=\"widget\" data-widget_type=\"button.default\">\n\t\t\t\t<div class=\"elementor-widget-container\">\n\t\t\t\t\t\t\t\t\t<div class=\"elementor-button-wrapper\">\n\t\t\t\t\t<a class=\"elementor-button elementor-button-link elementor-size-md\" href=\"https:\/\/powertowers.com\/es\/demo\/\">\n\t\t\t\t\t\t<span class=\"elementor-button-content-wrapper\">\n\t\t\t\t\t\t\t\t\t<span class=\"elementor-button-text\">Quiero una demostraci\u00f3n<\/span>\n\t\t\t\t\t<\/span>\n\t\t\t\t\t<\/a>\n\t\t\t\t<\/div>\n\t\t\t\t\t\t\t\t<\/div>\n\t\t\t\t<\/div>\n\t\t\t\t\t<\/div>\n\t\t<\/div>\n\t\t\t\t<div class=\"elementor-column elementor-col-50 elementor-inner-column elementor-element elementor-element-51ed762e\" data-id=\"51ed762e\" data-element_type=\"column\" data-e-type=\"column\">\n\t\t\t<div class=\"elementor-widget-wrap elementor-element-populated\">\n\t\t\t\t\t\t<div class=\"elementor-element elementor-element-526be1e5 elementor-align-left elementor-mobile-align-center elementor-widget elementor-widget-button\" data-id=\"526be1e5\" data-element_type=\"widget\" data-e-type=\"widget\" data-widget_type=\"button.default\">\n\t\t\t\t<div class=\"elementor-widget-container\">\n\t\t\t\t\t\t\t\t\t<div class=\"elementor-button-wrapper\">\n\t\t\t\t\t<a class=\"elementor-button elementor-button-link elementor-size-md\" href=\"https:\/\/powertowers.com\/es\/quote\/\">\n\t\t\t\t\t\t<span class=\"elementor-button-content-wrapper\">\n\t\t\t\t\t\t\t\t\t<span class=\"elementor-button-text\">Quiero un presupuesto<\/span>\n\t\t\t\t\t<\/span>\n\t\t\t\t\t<\/a>\n\t\t\t\t<\/div>\n\t\t\t\t\t\t\t\t<\/div>\n\t\t\t\t<\/div>\n\t\t\t\t\t<\/div>\n\t\t<\/div>\n\t\t\t\t\t<\/div>\n\t\t<\/section>\n\t\t\t\t\t<\/div>\n\t\t<\/div>\n\t\t\t\t\t<\/div>\n\t\t<\/section>\n\t\t\t\t<section class=\"elementor-section elementor-top-section elementor-element elementor-element-5b1514d elementor-section-boxed elementor-section-height-default elementor-section-height-default elementor-invisible\" data-id=\"5b1514d\" data-element_type=\"section\" data-e-type=\"section\" data-settings=\"{&quot;animation&quot;:&quot;slideInUp&quot;}\">\n\t\t\t\t\t\t<div class=\"elementor-container elementor-column-gap-default\">\n\t\t\t\t\t<div class=\"elementor-column elementor-col-50 elementor-top-column elementor-element elementor-element-ef5345\" data-id=\"ef5345\" data-element_type=\"column\" data-e-type=\"column\">\n\t\t\t<div class=\"elementor-widget-wrap elementor-element-populated\">\n\t\t\t\t\t\t<div class=\"elementor-element elementor-element-280f3a76 elementor-widget elementor-widget-text-editor\" data-id=\"280f3a76\" data-element_type=\"widget\" data-e-type=\"widget\" data-widget_type=\"text-editor.default\">\n\t\t\t\t<div class=\"elementor-widget-container\">\n\t\t\t\t\t\t\t\t\t<p style=\"font-weight: 400;\">\u00bfBusca una soluci\u00f3n de acceso de bajo nivel ligera y compacta dise\u00f1ada para espacios reducidos? Nuestras plataformas Nano 30CS y Power Tower CS est\u00e1n dise\u00f1adas para proporcionar un acceso seguro, fiable y eficiente sin comprometer el rendimiento.<\/p><p style=\"font-weight: 400;\">Simplemente col\u00f3quese en posici\u00f3n, s\u00fabase a la plataforma y pulse el bot\u00f3n para alcanzar su altura de trabajo: hasta 4,95 m con la Nano 30CS o 5,00 m con la Power Tower CS. No es necesario trepar, montar ni desmontar.<\/p><p style=\"font-weight: 400;\">Con una plataforma totalmente protegida, un radio de giro de 360\u00b0 y una huella delgada que cabe por puertas sencillas, estas m\u00e1quinas facilitan el acceso a zonas estrechas, incluso entre placas de techo est\u00e1ndar, al tiempo que mantienen a los operarios seguros, estables y con las manos libres.<\/p><p style=\"font-weight: 400;\">Ya sea para tareas de mantenimiento, inspecci\u00f3n o instalaci\u00f3n, estas plataformas son la mejor opci\u00f3n para maximizar la productividad en espacios reducidos.<\/p><p><a href=\"https:\/\/powertowers.com\/es\/beneficios\/\">Conozca aqu\u00ed las ventajas de la gama de productos Power Towers.<\/a><\/p>\t\t\t\t\t\t\t\t<\/div>\n\t\t\t\t<\/div>\n\t\t\t\t\t<\/div>\n\t\t<\/div>\n\t\t\t\t<div class=\"elementor-column elementor-col-50 elementor-top-column elementor-element elementor-element-242e4a58\" data-id=\"242e4a58\" data-element_type=\"column\" data-e-type=\"column\">\n\t\t\t<div class=\"elementor-widget-wrap elementor-element-populated\">\n\t\t\t\t\t\t<div class=\"elementor-element elementor-element-7691dc42 elementor-widget elementor-widget-text-editor\" data-id=\"7691dc42\" data-element_type=\"widget\" data-e-type=\"widget\" data-widget_type=\"text-editor.default\">\n\t\t\t\t<div class=\"elementor-widget-container\">\n\t\t\t\t\t\t\t\t\t<p><strong>Caracter\u00edsticas y beneficios:<\/strong><\/p><ul><li><p style=\"font-weight: 400;\">Dise\u00f1o compacto para zonas de acceso reducidas o estrechas<\/p><\/li><li>Peque\u00f1a plataforma que permite el acceso a trav\u00e9s de placas de techo de 60 x 60 cm<\/li><li><p style=\"font-weight: 400;\">Dimensiones de la plataforma 55 x 55 x 74 cm<\/p><\/li><li><p style=\"font-weight: 400;\">Ligero y manejable<\/p><\/li><li><p style=\"font-weight: 400;\">Funcionamiento sencillo mediante pulsador para mayor facilidad de uso<\/p><\/li><li><p style=\"font-weight: 400;\">Dise\u00f1ado pensando en la seguridad<\/p><\/li><li><p style=\"font-weight: 400;\">Tama\u00f1o \u00f3ptimo para pasar por puertas sencillas<\/p><\/li><li><p style=\"font-weight: 400;\">Bajada de emergencia desde el nivel del suelo<\/p><\/li><\/ul>\t\t\t\t\t\t\t\t<\/div>\n\t\t\t\t<\/div>\n\t\t\t\t\t<\/div>\n\t\t<\/div>\n\t\t\t\t\t<\/div>\n\t\t<\/section>\n\t\t\t\t<\/div>","protected":false},"excerpt":{"rendered":"<p>FAMILIA DE ESPACIOS CONFINADOS Acceso compacto, m\u00e1xima seguridad Nano 30CS Soluci\u00f3n de empuje con una cubierta extra peque\u00f1a para espacios confinados y una altura m\u00e1xima de trabajo de 4,95 m COMPROBAR TODAS LAS ESPECIFICACIONES POWER TOWER CS Soluci\u00f3n de empuje con una cubierta extra peque\u00f1a para espacios confinados y una altura m\u00e1xima de trabajo de 5 m COMPROBAR TODAS LAS ESPECIFICACIONES ... <\/p>\n<p class=\"link-more\"><a href=\"https:\/\/powertowers.com\/es\/confined-space\/\" class=\"more-link\">Seguir leyendo<span class=\"screen-reader-text\"> \"Espacio confinado\"<\/span><\/a><\/p>","protected":false},"author":1,"featured_media":0,"parent":0,"menu_order":0,"comment_status":"closed","ping_status":"closed","template":"elementor_header_footer","meta":{"content-type":"","footnotes":""},"class_list":["post-5364","page","type-page","status-publish","hentry","entry"],"yoast_head":"<!-- This site is optimized with the Yoast SEO plugin v27.5 - https:\/\/yoast.com\/product\/yoast-seo-wordpress\/ -->\n<title>Confined space - Power Towers<\/title>\n<meta name=\"robots\" content=\"index, follow, max-snippet:-1, max-image-preview:large, max-video-preview:-1\" \/>\n<link rel=\"canonical\" href=\"https:\/\/powertowers.com\/es\/espacio-confinado\/\" \/>\n<meta property=\"og:locale\" content=\"es_ES\" \/>\n<meta property=\"og:type\" content=\"article\" \/>\n<meta property=\"og:title\" content=\"Confined space - Power Towers\" \/>\n<meta property=\"og:description\" content=\"CONFINED SPACE FAMILY Compact Access, Maximum Safety Nano 30CS Push around solution with an extra small deck for confined spaces and maximum working height of 4,95 m CHECK ALL SPECIFICATIONS POWER TOWER CS Push around solution with an extra small deck for confined spaces and a maximum working height of 5 m CHECK ALL SPECIFICATIONS &hellip; Seguir leyendo \u00abConfined space\u00bb\" \/>\n<meta property=\"og:url\" content=\"https:\/\/powertowers.com\/es\/espacio-confinado\/\" \/>\n<meta property=\"og:site_name\" content=\"Power Towers\" \/>\n<meta property=\"article:modified_time\" content=\"2025-09-10T16:35:57+00:00\" \/>\n<meta property=\"og:image\" content=\"https:\/\/37.148.206.186\/wp-content\/uploads\/2025\/08\/JLG-Nano-30CS_500x500px.jpg\" \/>\n<meta name=\"twitter:card\" content=\"summary_large_image\" \/>\n<meta name=\"twitter:label1\" content=\"Tiempo de lectura\" \/>\n\t<meta name=\"twitter:data1\" content=\"2 minutos\" \/>\n<script type=\"application\/ld+json\" class=\"yoast-schema-graph\">{\"@context\":\"https:\\\/\\\/schema.org\",\"@graph\":[{\"@type\":\"WebPage\",\"@id\":\"https:\\\/\\\/powertowers.com\\\/confined-space\\\/\",\"url\":\"https:\\\/\\\/powertowers.com\\\/confined-space\\\/\",\"name\":\"Confined space - Power Towers\",\"isPartOf\":{\"@id\":\"https:\\\/\\\/powertowers.com\\\/nl\\\/#website\"},\"primaryImageOfPage\":{\"@id\":\"https:\\\/\\\/powertowers.com\\\/confined-space\\\/#primaryimage\"},\"image\":{\"@id\":\"https:\\\/\\\/powertowers.com\\\/confined-space\\\/#primaryimage\"},\"thumbnailUrl\":\"https:\\\/\\\/37.148.206.186\\\/wp-content\\\/uploads\\\/2025\\\/08\\\/JLG-Nano-30CS_500x500px.jpg\",\"datePublished\":\"2025-08-27T08:35:55+00:00\",\"dateModified\":\"2025-09-10T16:35:57+00:00\",\"breadcrumb\":{\"@id\":\"https:\\\/\\\/powertowers.com\\\/confined-space\\\/#breadcrumb\"},\"inLanguage\":\"es\",\"potentialAction\":[{\"@type\":\"ReadAction\",\"target\":[\"https:\\\/\\\/powertowers.com\\\/confined-space\\\/\"]}]},{\"@type\":\"ImageObject\",\"inLanguage\":\"es\",\"@id\":\"https:\\\/\\\/powertowers.com\\\/confined-space\\\/#primaryimage\",\"url\":\"https:\\\/\\\/37.148.206.186\\\/wp-content\\\/uploads\\\/2025\\\/08\\\/JLG-Nano-30CS_500x500px.jpg\",\"contentUrl\":\"https:\\\/\\\/37.148.206.186\\\/wp-content\\\/uploads\\\/2025\\\/08\\\/JLG-Nano-30CS_500x500px.jpg\"},{\"@type\":\"BreadcrumbList\",\"@id\":\"https:\\\/\\\/powertowers.com\\\/confined-space\\\/#breadcrumb\",\"itemListElement\":[{\"@type\":\"ListItem\",\"position\":1,\"name\":\"Home\",\"item\":\"https:\\\/\\\/powertowers.com\\\/nl\\\/\"},{\"@type\":\"ListItem\",\"position\":2,\"name\":\"Confined space\"}]},{\"@type\":\"WebSite\",\"@id\":\"https:\\\/\\\/powertowers.com\\\/nl\\\/#website\",\"url\":\"https:\\\/\\\/powertowers.com\\\/nl\\\/\",\"name\":\"Power Towers\",\"description\":\"The alternative to ladders, podiums and scaffolding.\",\"publisher\":{\"@id\":\"https:\\\/\\\/powertowers.com\\\/nl\\\/#organization\"},\"potentialAction\":[{\"@type\":\"SearchAction\",\"target\":{\"@type\":\"EntryPoint\",\"urlTemplate\":\"https:\\\/\\\/powertowers.com\\\/nl\\\/?s={search_term_string}\"},\"query-input\":{\"@type\":\"PropertyValueSpecification\",\"valueRequired\":true,\"valueName\":\"search_term_string\"}}],\"inLanguage\":\"es\"},{\"@type\":\"Organization\",\"@id\":\"https:\\\/\\\/powertowers.com\\\/nl\\\/#organization\",\"name\":\"Power Towers Ltd.\",\"url\":\"https:\\\/\\\/powertowers.com\\\/nl\\\/\",\"logo\":{\"@type\":\"ImageObject\",\"inLanguage\":\"es\",\"@id\":\"https:\\\/\\\/powertowers.com\\\/nl\\\/#\\\/schema\\\/logo\\\/image\\\/\",\"url\":\"https:\\\/\\\/37.148.206.186\\\/wp-content\\\/uploads\\\/2021\\\/12\\\/power-towers-new-logo-outline-1024px.png\",\"contentUrl\":\"https:\\\/\\\/37.148.206.186\\\/wp-content\\\/uploads\\\/2021\\\/12\\\/power-towers-new-logo-outline-1024px.png\",\"width\":1024,\"height\":209,\"caption\":\"Power Towers Ltd.\"},\"image\":{\"@id\":\"https:\\\/\\\/powertowers.com\\\/nl\\\/#\\\/schema\\\/logo\\\/image\\\/\"}}]}<\/script>\n<!-- \/ Yoast SEO plugin. -->","yoast_head_json":{"title":"Espacio confinado - Torres de energ\u00eda","robots":{"index":"index","follow":"follow","max-snippet":"max-snippet:-1","max-image-preview":"max-image-preview:large","max-video-preview":"max-video-preview:-1"},"canonical":"https:\/\/powertowers.com\/es\/espacio-confinado\/","og_locale":"es_ES","og_type":"article","og_title":"Confined space - Power Towers","og_description":"CONFINED SPACE FAMILY Compact Access, Maximum Safety Nano 30CS Push around solution with an extra small deck for confined spaces and maximum working height of 4,95 m CHECK ALL SPECIFICATIONS POWER TOWER CS Push around solution with an extra small deck for confined spaces and a maximum working height of 5 m CHECK ALL SPECIFICATIONS &hellip; Seguir leyendo \u00abConfined space\u00bb","og_url":"https:\/\/powertowers.com\/es\/espacio-confinado\/","og_site_name":"Power Towers","article_modified_time":"2025-09-10T16:35:57+00:00","og_image":[{"url":"https:\/\/37.148.206.186\/wp-content\/uploads\/2025\/08\/JLG-Nano-30CS_500x500px.jpg","type":"","width":"","height":""}],"twitter_card":"summary_large_image","twitter_misc":{"Tiempo de lectura":"2 minutos"},"schema":{"@context":"https:\/\/schema.org","@graph":[{"@type":"WebPage","@id":"https:\/\/powertowers.com\/confined-space\/","url":"https:\/\/powertowers.com\/confined-space\/","name":"Espacio confinado - Torres de energ\u00eda","isPartOf":{"@id":"https:\/\/powertowers.com\/nl\/#website"},"primaryImageOfPage":{"@id":"https:\/\/powertowers.com\/confined-space\/#primaryimage"},"image":{"@id":"https:\/\/powertowers.com\/confined-space\/#primaryimage"},"thumbnailUrl":"https:\/\/37.148.206.186\/wp-content\/uploads\/2025\/08\/JLG-Nano-30CS_500x500px.jpg","datePublished":"2025-08-27T08:35:55+00:00","dateModified":"2025-09-10T16:35:57+00:00","breadcrumb":{"@id":"https:\/\/powertowers.com\/confined-space\/#breadcrumb"},"inLanguage":"es","potentialAction":[{"@type":"ReadAction","target":["https:\/\/powertowers.com\/confined-space\/"]}]},{"@type":"ImageObject","inLanguage":"es","@id":"https:\/\/powertowers.com\/confined-space\/#primaryimage","url":"https:\/\/37.148.206.186\/wp-content\/uploads\/2025\/08\/JLG-Nano-30CS_500x500px.jpg","contentUrl":"https:\/\/37.148.206.186\/wp-content\/uploads\/2025\/08\/JLG-Nano-30CS_500x500px.jpg"},{"@type":"BreadcrumbList","@id":"https:\/\/powertowers.com\/confined-space\/#breadcrumb","itemListElement":[{"@type":"ListItem","position":1,"name":"Home","item":"https:\/\/powertowers.com\/nl\/"},{"@type":"ListItem","position":2,"name":"Confined space"}]},{"@type":"WebSite","@id":"https:\/\/powertowers.com\/nl\/#website","url":"https:\/\/powertowers.com\/nl\/","name":"Power Towers","description":"La alternativa a escaleras, podios y andamios.","publisher":{"@id":"https:\/\/powertowers.com\/nl\/#organization"},"potentialAction":[{"@type":"SearchAction","target":{"@type":"EntryPoint","urlTemplate":"https:\/\/powertowers.com\/nl\/?s={search_term_string}"},"query-input":{"@type":"PropertyValueSpecification","valueRequired":true,"valueName":"search_term_string"}}],"inLanguage":"es"},{"@type":"Organization","@id":"https:\/\/powertowers.com\/nl\/#organization","name":"Power Towers Ltd.","url":"https:\/\/powertowers.com\/nl\/","logo":{"@type":"ImageObject","inLanguage":"es","@id":"https:\/\/powertowers.com\/nl\/#\/schema\/logo\/image\/","url":"https:\/\/37.148.206.186\/wp-content\/uploads\/2021\/12\/power-towers-new-logo-outline-1024px.png","contentUrl":"https:\/\/37.148.206.186\/wp-content\/uploads\/2021\/12\/power-towers-new-logo-outline-1024px.png","width":1024,"height":209,"caption":"Power Towers Ltd."},"image":{"@id":"https:\/\/powertowers.com\/nl\/#\/schema\/logo\/image\/"}}]}},"_links":{"self":[{"href":"https:\/\/powertowers.com\/es\/wp-json\/wp\/v2\/pages\/5364","targetHints":{"allow":["GET"]}}],"collection":[{"href":"https:\/\/powertowers.com\/es\/wp-json\/wp\/v2\/pages"}],"about":[{"href":"https:\/\/powertowers.com\/es\/wp-json\/wp\/v2\/types\/page"}],"author":[{"embeddable":true,"href":"https:\/\/powertowers.com\/es\/wp-json\/wp\/v2\/users\/1"}],"replies":[{"embeddable":true,"href":"https:\/\/powertowers.com\/es\/wp-json\/wp\/v2\/comments?post=5364"}],"version-history":[{"count":49,"href":"https:\/\/powertowers.com\/es\/wp-json\/wp\/v2\/pages\/5364\/revisions"}],"predecessor-version":[{"id":5695,"href":"https:\/\/powertowers.com\/es\/wp-json\/wp\/v2\/pages\/5364\/revisions\/5695"}],"wp:attachment":[{"href":"https:\/\/powertowers.com\/es\/wp-json\/wp\/v2\/media?parent=5364"}],"curies":[{"name":"wp","href":"https:\/\/api.w.org\/{rel}","templated":true}]}}