{"id":4825,"date":"2024-05-11T12:56:10","date_gmt":"2024-05-11T10:56:10","guid":{"rendered":"https:\/\/37.148.206.186\/?page_id=4825"},"modified":"2025-09-11T14:16:34","modified_gmt":"2025-09-11T12:16:34","slug":"camino-hacia-la-competencia","status":"publish","type":"page","link":"https:\/\/powertowers.com\/es\/path-to-competency\/","title":{"rendered":"Camino a la competencia"},"content":{"rendered":"<div data-elementor-type=\"wp-page\" data-elementor-id=\"4825\" class=\"elementor elementor-4825\" data-elementor-post-type=\"page\">\n\t\t\t\t\t\t<main class=\"elementor-section elementor-top-section elementor-element elementor-element-8e1d4cc elementor-section-boxed elementor-section-height-default elementor-section-height-default elementor-invisible\" data-id=\"8e1d4cc\" data-element_type=\"section\" data-e-type=\"section\" data-settings=\"{&quot;animation&quot;:&quot;slideInLeft&quot;}\">\n\t\t\t\t\t\t<div class=\"elementor-container elementor-column-gap-default\">\n\t\t\t\t\t<div class=\"elementor-column elementor-col-100 elementor-top-column elementor-element elementor-element-effe1ac\" data-id=\"effe1ac\" data-element_type=\"column\" data-e-type=\"column\">\n\t\t\t<div class=\"elementor-widget-wrap elementor-element-populated\">\n\t\t\t\t\t\t<div class=\"elementor-element elementor-element-3116649 elementor-widget elementor-widget-heading\" data-id=\"3116649\" data-element_type=\"widget\" data-e-type=\"widget\" data-widget_type=\"heading.default\">\n\t\t\t\t<div class=\"elementor-widget-container\">\n\t\t\t\t\t<h1 class=\"elementor-heading-title elementor-size-default\">Ruta hacia la Competencia<\/h1>\t\t\t\t<\/div>\n\t\t\t\t<\/div>\n\t\t\t\t\t<\/div>\n\t\t<\/div>\n\t\t\t\t\t<\/div>\n\t\t<\/main>\n\t\t<main class=\"elementor-element elementor-element-0ba1b56 e-flex e-con-boxed e-con e-parent\" data-id=\"0ba1b56\" data-element_type=\"container\" data-e-type=\"container\">\n\t\t\t\t\t<div class=\"e-con-inner\">\n\t\t\t\t<div class=\"elementor-element elementor-element-d1791ca elementor-invisible elementor-widget elementor-widget-image\" data-id=\"d1791ca\" data-element_type=\"widget\" data-e-type=\"widget\" data-settings=\"{&quot;_animation&quot;:&quot;slideInRight&quot;,&quot;_animation_delay&quot;:100}\" data-widget_type=\"image.default\">\n\t\t\t\t<div class=\"elementor-widget-container\">\n\t\t\t\t\t\t\t\t\t\t\t\t\t\t\t<img fetchpriority=\"high\" decoding=\"async\" width=\"1140\" height=\"643\" src=\"https:\/\/powertowers.com\/wp-content\/uploads\/2024\/06\/Path-to-Competency-1140.png\" class=\"attachment-full size-full wp-image-4936\" alt=\"gr\u00e1fico de entrenamiento jlg\" srcset=\"https:\/\/powertowers.com\/wp-content\/uploads\/2024\/06\/Path-to-Competency-1140.png 1140w, https:\/\/powertowers.com\/wp-content\/uploads\/2024\/06\/Path-to-Competency-1140-300x169.png 300w, https:\/\/powertowers.com\/wp-content\/uploads\/2024\/06\/Path-to-Competency-1140-1024x578.png 1024w, https:\/\/powertowers.com\/wp-content\/uploads\/2024\/06\/Path-to-Competency-1140-768x433.png 768w, https:\/\/powertowers.com\/wp-content\/uploads\/2024\/06\/Path-to-Competency-1140-18x10.png 18w\" sizes=\"(max-width: 34.9rem) calc(100vw - 2rem), (max-width: 53rem) calc(8 * (100vw \/ 12)), (min-width: 53rem) calc(6 * (100vw \/ 12)), 100vw\" \/>\t\t\t\t\t\t\t\t\t\t\t\t\t\t\t<\/div>\n\t\t\t\t<\/div>\n\t\t\t\t<div class=\"elementor-element elementor-element-8593d18 elementor-invisible elementor-widget elementor-widget-text-editor\" data-id=\"8593d18\" data-element_type=\"widget\" data-e-type=\"widget\" data-settings=\"{&quot;_animation&quot;:&quot;slideInRight&quot;}\" data-widget_type=\"text-editor.default\">\n\t\t\t\t<div class=\"elementor-widget-container\">\n\t\t\t\t\t\t\t\t\t<p>Para que un\/a operario\/a utilice una plataforma elevadora m\u00f3vil de personal (PEMP), los reglamentos exigen que su empleador la\/le reconozca como competente.<\/p>\n<p>Power Towers ofrece una soluci\u00f3n denominada \"Path to Competency\" para m\u00e1quinas de empuje espec\u00edficas. Esta soluci\u00f3n proporciona al empresario y al operario los recursos necesarios para familiarizar adecuadamente a los operarios con diversas m\u00e1quinas de empuje. Las m\u00e1quinas incluidas en \"Path to Competency\" son: Pecolift\/Ecolift, Ecolift Wind Rated, Nano 25\/35, Power Towers y Power Towers Duo.  El \"Camino a la competencia\" se ha desarrollado para proporcionar una soluci\u00f3n completa, rentable y eficaz en el tiempo para lograr la competencia.<\/p>\t\t\t\t\t\t\t\t<\/div>\n\t\t\t\t<\/div>\n\t\t\t\t<div class=\"elementor-element elementor-element-4662cf6 elementor-invisible elementor-widget elementor-widget-heading\" data-id=\"4662cf6\" data-element_type=\"widget\" data-e-type=\"widget\" data-settings=\"{&quot;_animation&quot;:&quot;slideInRight&quot;}\" data-widget_type=\"heading.default\">\n\t\t\t\t<div class=\"elementor-widget-container\">\n\t\t\t\t\t<h2 class=\"elementor-heading-title elementor-size-default\">Para el\/la operario\/a:<\/h2>\t\t\t\t<\/div>\n\t\t\t\t<\/div>\n\t\t\t\t<div class=\"elementor-element elementor-element-224dd89 elementor-invisible elementor-widget elementor-widget-text-editor\" data-id=\"224dd89\" data-element_type=\"widget\" data-e-type=\"widget\" data-settings=\"{&quot;_animation&quot;:&quot;slideInRight&quot;}\" data-widget_type=\"text-editor.default\">\n\t\t\t\t<div class=\"elementor-widget-container\">\n\t\t\t\t\t\t\t\t\t<p><strong>Ruta A. El\/La operario\/a no tiene ninguna certificaci\u00f3n v\u00e1lida para el uso de PEMP.<\/strong>.\u00a0<\/p><p>El\/La operario\/a accede a una sesi\u00f3n de introducci\u00f3n en l\u00ednea de 15 minutos para un producto espec\u00edfico de Power Towers (de los mencionados anteriormente).  Cuando el\/la operario\/a termine correctamente la sesi\u00f3n de introducci\u00f3n en l\u00ednea al funcionamiento tras responder a 30 preguntas, recibir\u00e1 una insignia que reconoce su culminaci\u00f3n con \u00e9xito.\u00a0\u00a0 \u00a0\u00a0<\/p><p>Luego, el\/la operario\/a deber\u00e1 realizar una sesi\u00f3n pr\u00e1ctica en la que manejar\u00e1 el mismo producto mientras un integrante del equipo evaluador acreditado (consulte las opciones para el equipo evaluador a continuaci\u00f3n) observa que el\/la operario\/a asimila el uso adecuado de la m\u00e1quina.<\/p><p>JLG proporciona este material para ayudar al equipo evaluador a llevar a cabo su evaluaci\u00f3n. \u00danicamente el empleador puede determinar si un\/a operario\/a se considera competente.<\/p><p><strong>Ruta B. El\/La operario\/a ya tiene una certificaci\u00f3n v\u00e1lida para el uso de la PEMP.<\/strong><\/p><p>Para las\/os operarias\/os que tengan una certificaci\u00f3n v\u00e1lida para el uso de la PEMP, solo se requiere que se familiaricen con un nuevo producto antes de utilizarlo. Esto se puede lograr mediante una sesi\u00f3n de introducci\u00f3n en l\u00ednea, sesiones pr\u00e1cticas de aprendizaje del funcionamiento u otros m\u00e9todos que el empleador considere apropiados.<\/p>\t\t\t\t\t\t\t\t<\/div>\n\t\t\t\t<\/div>\n\t\t\t\t<div class=\"elementor-element elementor-element-d341f65 elementor-invisible elementor-widget elementor-widget-heading\" data-id=\"d341f65\" data-element_type=\"widget\" data-e-type=\"widget\" data-settings=\"{&quot;_animation&quot;:&quot;slideInRight&quot;}\" data-widget_type=\"heading.default\">\n\t\t\t\t<div class=\"elementor-widget-container\">\n\t\t\t\t\t<h2 class=\"elementor-heading-title elementor-size-default\">Para el equipo evaluador: <\/h2>\t\t\t\t<\/div>\n\t\t\t\t<\/div>\n\t\t\t\t<div class=\"elementor-element elementor-element-b6c621e elementor-invisible elementor-widget elementor-widget-text-editor\" data-id=\"b6c621e\" data-element_type=\"widget\" data-e-type=\"widget\" data-settings=\"{&quot;_animation&quot;:&quot;slideInRight&quot;}\" data-widget_type=\"text-editor.default\">\n\t\t\t\t<div class=\"elementor-widget-container\">\n\t\t\t\t\t\t\t\t\t<p>Power Towers tambi\u00e9n ofrece un curso de \u00abFormaci\u00f3n del equipo evaluador\u00bb para las m\u00e1quinas verticales de empuje manual.  Este curso de d\u00eda completo brindar\u00e1 al asistente el conocimiento necesario para determinar si un\/a operario\/a demuestra adecuadamente las habilidades requeridas para utilizar una m\u00e1quina vertical de empuje manual.  Al finalizar con \u00e9xito este curso, se reconocer\u00e1 que el\/la asistente ha recibido la informaci\u00f3n necesaria para actuar como evaluador.  El integrante del equipo evaluador puede ser miembro del personal del empleador o un profesional externo.<\/p><p>Si necesita m\u00e1s informaci\u00f3n, no dude en contactarnos.<\/p>\t\t\t\t\t\t\t\t<\/div>\n\t\t\t\t<\/div>\n\t\t\t\t\t<\/div>\n\t\t\t\t<\/main>\n\t\t\t\t<nav class=\"elementor-section elementor-top-section elementor-element elementor-element-a2064f8 elementor-section-boxed elementor-section-height-default elementor-section-height-default elementor-invisible\" data-id=\"a2064f8\" data-element_type=\"section\" data-e-type=\"section\" data-settings=\"{&quot;animation&quot;:&quot;zoomIn&quot;}\">\n\t\t\t\t\t\t<div class=\"elementor-container elementor-column-gap-default\">\n\t\t\t\t\t<div class=\"elementor-column elementor-col-100 elementor-top-column elementor-element elementor-element-4267153\" data-id=\"4267153\" data-element_type=\"column\" data-e-type=\"column\">\n\t\t\t<div class=\"elementor-widget-wrap elementor-element-populated\">\n\t\t\t\t\t\t<section class=\"elementor-section elementor-inner-section elementor-element elementor-element-5863717 elementor-section-content-bottom elementor-section-boxed elementor-section-height-default elementor-section-height-default\" data-id=\"5863717\" data-element_type=\"section\" data-e-type=\"section\">\n\t\t\t\t\t\t<div class=\"elementor-container elementor-column-gap-default\">\n\t\t\t\t\t<div class=\"elementor-column elementor-col-100 elementor-inner-column elementor-element elementor-element-1e1b740\" data-id=\"1e1b740\" data-element_type=\"column\" data-e-type=\"column\">\n\t\t\t<div class=\"elementor-widget-wrap elementor-element-populated\">\n\t\t\t\t\t\t<div class=\"elementor-element elementor-element-0cf4de9 elementor-align-center elementor-mobile-align-center elementor-widget elementor-widget-button\" data-id=\"0cf4de9\" data-element_type=\"widget\" data-e-type=\"widget\" data-widget_type=\"button.default\">\n\t\t\t\t<div class=\"elementor-widget-container\">\n\t\t\t\t\t\t\t\t\t<div class=\"elementor-button-wrapper\">\n\t\t\t\t\t<a class=\"elementor-button elementor-button-link elementor-size-md\" href=\"https:\/\/powertowers.com\/es\/informacion-sobre-el-camino-hacia-la-competencia\/\">\n\t\t\t\t\t\t<span class=\"elementor-button-content-wrapper\">\n\t\t\t\t\t\t\t\t\t<span class=\"elementor-button-text\">Quiero m\u00e1s informaci\u00f3n<\/span>\n\t\t\t\t\t<\/span>\n\t\t\t\t\t<\/a>\n\t\t\t\t<\/div>\n\t\t\t\t\t\t\t\t<\/div>\n\t\t\t\t<\/div>\n\t\t\t\t\t<\/div>\n\t\t<\/div>\n\t\t\t\t\t<\/div>\n\t\t<\/section>\n\t\t\t\t\t<\/div>\n\t\t<\/div>\n\t\t\t\t\t<\/div>\n\t\t<\/nav>\n\t\t\t\t<\/div>","protected":false},"excerpt":{"rendered":"<p>Camino a la competencia Para que un operador pueda usar una PEMP, la normativa exige que sea reconocido como competente por su empresa. Power Towers ofrece una soluci\u00f3n denominada \u201cPath to Competency\u201d para m\u00e1quinas de empuje espec\u00edficas. Esta soluci\u00f3n proporciona al empresario y al operador los recursos necesarios para familiarizar adecuadamente a los operadores ... <\/p>\n<p class=\"link-more\"><a href=\"https:\/\/powertowers.com\/es\/path-to-competency\/\" class=\"more-link\">Seguir leyendo<span class=\"screen-reader-text\"> \"Camino a la competencia\"<\/span><\/a><\/p>","protected":false},"author":1,"featured_media":0,"parent":0,"menu_order":0,"comment_status":"closed","ping_status":"closed","template":"elementor_header_footer","meta":{"content-type":"","footnotes":""},"class_list":["post-4825","page","type-page","status-publish","hentry","entry"],"yoast_head":"<!-- This site is optimized with the Yoast SEO plugin v27.4 - https:\/\/yoast.com\/product\/yoast-seo-wordpress\/ -->\n<title>Know more about the Path to Competency | Power Towers<\/title>\n<meta name=\"description\" content=\"The\u201d Path to Competency\u201d has been developed to provide a thorough, cost effective and time efficient solution to achieve competency.\" \/>\n<meta name=\"robots\" content=\"index, follow, max-snippet:-1, max-image-preview:large, max-video-preview:-1\" \/>\n<link rel=\"canonical\" href=\"https:\/\/powertowers.com\/es\/camino-hacia-la-competencia\/\" \/>\n<meta property=\"og:locale\" content=\"es_ES\" \/>\n<meta property=\"og:type\" content=\"article\" \/>\n<meta property=\"og:title\" content=\"Know more about the Path to Competency | Power Towers\" \/>\n<meta property=\"og:description\" content=\"The\u201d Path to Competency\u201d has been developed to provide a thorough, cost effective and time efficient solution to achieve competency.\" \/>\n<meta property=\"og:url\" content=\"https:\/\/powertowers.com\/es\/camino-hacia-la-competencia\/\" \/>\n<meta property=\"og:site_name\" content=\"Power Towers\" \/>\n<meta property=\"article:modified_time\" content=\"2025-09-11T12:16:34+00:00\" \/>\n<meta property=\"og:image\" content=\"https:\/\/37.148.206.186\/wp-content\/uploads\/2024\/06\/Path-to-Competency-1140.png\" \/>\n<meta name=\"twitter:card\" content=\"summary_large_image\" \/>\n<meta name=\"twitter:label1\" content=\"Tiempo de lectura\" \/>\n\t<meta name=\"twitter:data1\" content=\"2 minutos\" \/>\n<script type=\"application\/ld+json\" class=\"yoast-schema-graph\">{\"@context\":\"https:\\\/\\\/schema.org\",\"@graph\":[{\"@type\":\"WebPage\",\"@id\":\"https:\\\/\\\/powertowers.com\\\/path-to-competency\\\/\",\"url\":\"https:\\\/\\\/powertowers.com\\\/path-to-competency\\\/\",\"name\":\"Know more about the Path to Competency | Power Towers\",\"isPartOf\":{\"@id\":\"https:\\\/\\\/powertowers.com\\\/nl\\\/#website\"},\"primaryImageOfPage\":{\"@id\":\"https:\\\/\\\/powertowers.com\\\/path-to-competency\\\/#primaryimage\"},\"image\":{\"@id\":\"https:\\\/\\\/powertowers.com\\\/path-to-competency\\\/#primaryimage\"},\"thumbnailUrl\":\"https:\\\/\\\/37.148.206.186\\\/wp-content\\\/uploads\\\/2024\\\/06\\\/Path-to-Competency-1140.png\",\"datePublished\":\"2024-05-11T10:56:10+00:00\",\"dateModified\":\"2025-09-11T12:16:34+00:00\",\"description\":\"The\u201d Path to Competency\u201d has been developed to provide a thorough, cost effective and time efficient solution to achieve competency.\",\"breadcrumb\":{\"@id\":\"https:\\\/\\\/powertowers.com\\\/path-to-competency\\\/#breadcrumb\"},\"inLanguage\":\"es\",\"potentialAction\":[{\"@type\":\"ReadAction\",\"target\":[\"https:\\\/\\\/powertowers.com\\\/path-to-competency\\\/\"]}]},{\"@type\":\"ImageObject\",\"inLanguage\":\"es\",\"@id\":\"https:\\\/\\\/powertowers.com\\\/path-to-competency\\\/#primaryimage\",\"url\":\"https:\\\/\\\/37.148.206.186\\\/wp-content\\\/uploads\\\/2024\\\/06\\\/Path-to-Competency-1140.png\",\"contentUrl\":\"https:\\\/\\\/37.148.206.186\\\/wp-content\\\/uploads\\\/2024\\\/06\\\/Path-to-Competency-1140.png\"},{\"@type\":\"BreadcrumbList\",\"@id\":\"https:\\\/\\\/powertowers.com\\\/path-to-competency\\\/#breadcrumb\",\"itemListElement\":[{\"@type\":\"ListItem\",\"position\":1,\"name\":\"Home\",\"item\":\"https:\\\/\\\/powertowers.com\\\/nl\\\/\"},{\"@type\":\"ListItem\",\"position\":2,\"name\":\"Path to Competency\"}]},{\"@type\":\"WebSite\",\"@id\":\"https:\\\/\\\/powertowers.com\\\/nl\\\/#website\",\"url\":\"https:\\\/\\\/powertowers.com\\\/nl\\\/\",\"name\":\"Power Towers\",\"description\":\"The alternative to ladders, podiums and scaffolding.\",\"publisher\":{\"@id\":\"https:\\\/\\\/powertowers.com\\\/nl\\\/#organization\"},\"potentialAction\":[{\"@type\":\"SearchAction\",\"target\":{\"@type\":\"EntryPoint\",\"urlTemplate\":\"https:\\\/\\\/powertowers.com\\\/nl\\\/?s={search_term_string}\"},\"query-input\":{\"@type\":\"PropertyValueSpecification\",\"valueRequired\":true,\"valueName\":\"search_term_string\"}}],\"inLanguage\":\"es\"},{\"@type\":\"Organization\",\"@id\":\"https:\\\/\\\/powertowers.com\\\/nl\\\/#organization\",\"name\":\"Power Towers Ltd.\",\"url\":\"https:\\\/\\\/powertowers.com\\\/nl\\\/\",\"logo\":{\"@type\":\"ImageObject\",\"inLanguage\":\"es\",\"@id\":\"https:\\\/\\\/powertowers.com\\\/nl\\\/#\\\/schema\\\/logo\\\/image\\\/\",\"url\":\"https:\\\/\\\/37.148.206.186\\\/wp-content\\\/uploads\\\/2021\\\/12\\\/power-towers-new-logo-outline-1024px.png\",\"contentUrl\":\"https:\\\/\\\/37.148.206.186\\\/wp-content\\\/uploads\\\/2021\\\/12\\\/power-towers-new-logo-outline-1024px.png\",\"width\":1024,\"height\":209,\"caption\":\"Power Towers Ltd.\"},\"image\":{\"@id\":\"https:\\\/\\\/powertowers.com\\\/nl\\\/#\\\/schema\\\/logo\\\/image\\\/\"}}]}<\/script>\n<!-- \/ Yoast SEO plugin. -->","yoast_head_json":{"title":"M\u00e1s informaci\u00f3n sobre el Camino a la Competencia | Power Towers","description":"El \"Camino hacia la competencia\" se ha desarrollado para proporcionar una soluci\u00f3n completa, rentable y eficaz en el tiempo para lograr la competencia.","robots":{"index":"index","follow":"follow","max-snippet":"max-snippet:-1","max-image-preview":"max-image-preview:large","max-video-preview":"max-video-preview:-1"},"canonical":"https:\/\/powertowers.com\/es\/camino-hacia-la-competencia\/","og_locale":"es_ES","og_type":"article","og_title":"Know more about the Path to Competency | Power Towers","og_description":"The\u201d Path to Competency\u201d has been developed to provide a thorough, cost effective and time efficient solution to achieve competency.","og_url":"https:\/\/powertowers.com\/es\/camino-hacia-la-competencia\/","og_site_name":"Power Towers","article_modified_time":"2025-09-11T12:16:34+00:00","og_image":[{"url":"https:\/\/37.148.206.186\/wp-content\/uploads\/2024\/06\/Path-to-Competency-1140.png","type":"","width":"","height":""}],"twitter_card":"summary_large_image","twitter_misc":{"Tiempo de lectura":"2 minutos"},"schema":{"@context":"https:\/\/schema.org","@graph":[{"@type":"WebPage","@id":"https:\/\/powertowers.com\/path-to-competency\/","url":"https:\/\/powertowers.com\/path-to-competency\/","name":"M\u00e1s informaci\u00f3n sobre el Camino a la Competencia | Power Towers","isPartOf":{"@id":"https:\/\/powertowers.com\/nl\/#website"},"primaryImageOfPage":{"@id":"https:\/\/powertowers.com\/path-to-competency\/#primaryimage"},"image":{"@id":"https:\/\/powertowers.com\/path-to-competency\/#primaryimage"},"thumbnailUrl":"https:\/\/37.148.206.186\/wp-content\/uploads\/2024\/06\/Path-to-Competency-1140.png","datePublished":"2024-05-11T10:56:10+00:00","dateModified":"2025-09-11T12:16:34+00:00","description":"El \"Camino hacia la competencia\" se ha desarrollado para proporcionar una soluci\u00f3n completa, rentable y eficaz en el tiempo para lograr la competencia.","breadcrumb":{"@id":"https:\/\/powertowers.com\/path-to-competency\/#breadcrumb"},"inLanguage":"es","potentialAction":[{"@type":"ReadAction","target":["https:\/\/powertowers.com\/path-to-competency\/"]}]},{"@type":"ImageObject","inLanguage":"es","@id":"https:\/\/powertowers.com\/path-to-competency\/#primaryimage","url":"https:\/\/37.148.206.186\/wp-content\/uploads\/2024\/06\/Path-to-Competency-1140.png","contentUrl":"https:\/\/37.148.206.186\/wp-content\/uploads\/2024\/06\/Path-to-Competency-1140.png"},{"@type":"BreadcrumbList","@id":"https:\/\/powertowers.com\/path-to-competency\/#breadcrumb","itemListElement":[{"@type":"ListItem","position":1,"name":"Home","item":"https:\/\/powertowers.com\/nl\/"},{"@type":"ListItem","position":2,"name":"Path to Competency"}]},{"@type":"WebSite","@id":"https:\/\/powertowers.com\/nl\/#website","url":"https:\/\/powertowers.com\/nl\/","name":"Power Towers","description":"La alternativa a escaleras, podios y andamios.","publisher":{"@id":"https:\/\/powertowers.com\/nl\/#organization"},"potentialAction":[{"@type":"SearchAction","target":{"@type":"EntryPoint","urlTemplate":"https:\/\/powertowers.com\/nl\/?s={search_term_string}"},"query-input":{"@type":"PropertyValueSpecification","valueRequired":true,"valueName":"search_term_string"}}],"inLanguage":"es"},{"@type":"Organization","@id":"https:\/\/powertowers.com\/nl\/#organization","name":"Power Towers Ltd.","url":"https:\/\/powertowers.com\/nl\/","logo":{"@type":"ImageObject","inLanguage":"es","@id":"https:\/\/powertowers.com\/nl\/#\/schema\/logo\/image\/","url":"https:\/\/37.148.206.186\/wp-content\/uploads\/2021\/12\/power-towers-new-logo-outline-1024px.png","contentUrl":"https:\/\/37.148.206.186\/wp-content\/uploads\/2021\/12\/power-towers-new-logo-outline-1024px.png","width":1024,"height":209,"caption":"Power Towers Ltd."},"image":{"@id":"https:\/\/powertowers.com\/nl\/#\/schema\/logo\/image\/"}}]}},"_links":{"self":[{"href":"https:\/\/powertowers.com\/es\/wp-json\/wp\/v2\/pages\/4825","targetHints":{"allow":["GET"]}}],"collection":[{"href":"https:\/\/powertowers.com\/es\/wp-json\/wp\/v2\/pages"}],"about":[{"href":"https:\/\/powertowers.com\/es\/wp-json\/wp\/v2\/types\/page"}],"author":[{"embeddable":true,"href":"https:\/\/powertowers.com\/es\/wp-json\/wp\/v2\/users\/1"}],"replies":[{"embeddable":true,"href":"https:\/\/powertowers.com\/es\/wp-json\/wp\/v2\/comments?post=4825"}],"version-history":[{"count":79,"href":"https:\/\/powertowers.com\/es\/wp-json\/wp\/v2\/pages\/4825\/revisions"}],"predecessor-version":[{"id":5760,"href":"https:\/\/powertowers.com\/es\/wp-json\/wp\/v2\/pages\/4825\/revisions\/5760"}],"wp:attachment":[{"href":"https:\/\/powertowers.com\/es\/wp-json\/wp\/v2\/media?parent=4825"}],"curies":[{"name":"wp","href":"https:\/\/api.w.org\/{rel}","templated":true}]}}