{"id":5364,"date":"2025-08-27T10:35:55","date_gmt":"2025-08-27T08:35:55","guid":{"rendered":"https:\/\/37.148.206.186\/?page_id=5364"},"modified":"2025-09-10T18:35:57","modified_gmt":"2025-09-10T16:35:57","slug":"beengter-raum","status":"publish","type":"page","link":"https:\/\/powertowers.com\/de\/confined-space\/","title":{"rendered":"Begrenzter Raum"},"content":{"rendered":"<div data-elementor-type=\"wp-page\" data-elementor-id=\"5364\" class=\"elementor elementor-5364\" data-elementor-post-type=\"page\">\n\t\t\t\t\t\t<section class=\"elementor-section elementor-top-section elementor-element elementor-element-729ee493 elementor-section-boxed elementor-section-height-default elementor-section-height-default elementor-invisible\" data-id=\"729ee493\" data-element_type=\"section\" data-e-type=\"section\" data-settings=\"{&quot;animation&quot;:&quot;slideInDown&quot;}\">\n\t\t\t\t\t\t<div class=\"elementor-container elementor-column-gap-default\">\n\t\t\t\t\t<div class=\"elementor-column elementor-col-100 elementor-top-column elementor-element elementor-element-af4b656\" data-id=\"af4b656\" data-element_type=\"column\" data-e-type=\"column\">\n\t\t\t<div class=\"elementor-widget-wrap elementor-element-populated\">\n\t\t\t\t\t\t<div class=\"elementor-element elementor-element-1ddf6ae0 elementor-widget elementor-widget-heading\" data-id=\"1ddf6ae0\" data-element_type=\"widget\" data-e-type=\"widget\" data-widget_type=\"heading.default\">\n\t\t\t\t<div class=\"elementor-widget-container\">\n\t\t\t\t\t<h1 class=\"elementor-heading-title elementor-size-default\">FAMILIE MIT BESCHR\u00c4NKTEM RAUM<\/h1>\t\t\t\t<\/div>\n\t\t\t\t<\/div>\n\t\t\t\t<div class=\"elementor-element elementor-element-2d08a661 elementor-widget elementor-widget-heading\" data-id=\"2d08a661\" data-element_type=\"widget\" data-e-type=\"widget\" data-widget_type=\"heading.default\">\n\t\t\t\t<div class=\"elementor-widget-container\">\n\t\t\t\t\t<h2 class=\"elementor-heading-title elementor-size-default\">Kompakter Zugang, maximale Sicherheit<\/h2>\t\t\t\t<\/div>\n\t\t\t\t<\/div>\n\t\t\t\t\t<\/div>\n\t\t<\/div>\n\t\t\t\t\t<\/div>\n\t\t<\/section>\n\t\t\t\t<section class=\"elementor-section elementor-top-section elementor-element elementor-element-39291ae2 elementor-section-boxed elementor-section-height-default elementor-section-height-default elementor-invisible\" data-id=\"39291ae2\" data-element_type=\"section\" data-e-type=\"section\" data-settings=\"{&quot;animation&quot;:&quot;slideInUp&quot;}\">\n\t\t\t\t\t\t<div class=\"elementor-container elementor-column-gap-default\">\n\t\t\t\t\t<div class=\"elementor-column elementor-col-50 elementor-top-column elementor-element elementor-element-6ce8b1aa\" data-id=\"6ce8b1aa\" data-element_type=\"column\" data-e-type=\"column\" data-settings=\"{&quot;background_background&quot;:&quot;classic&quot;}\">\n\t\t\t<div class=\"elementor-widget-wrap elementor-element-populated\">\n\t\t\t\t\t\t<div class=\"elementor-element elementor-element-317da22f elementor-widget elementor-widget-image\" data-id=\"317da22f\" data-element_type=\"widget\" data-e-type=\"widget\" data-widget_type=\"image.default\">\n\t\t\t\t<div class=\"elementor-widget-container\">\n\t\t\t\t\t\t\t\t\t\t\t\t\t\t\t\t<a href=\"https:\/\/powertowers.com\/de\/nano-30cs\/\">\n\t\t\t\t\t\t\t<img fetchpriority=\"high\" decoding=\"async\" width=\"500\" height=\"500\" src=\"https:\/\/powertowers.com\/wp-content\/uploads\/2025\/08\/JLG-Nano-30CS_500x500px.jpg\" class=\"elementor-animation-shrink attachment-full size-full wp-image-5368\" alt=\"\" srcset=\"https:\/\/powertowers.com\/wp-content\/uploads\/2025\/08\/JLG-Nano-30CS_500x500px.jpg 500w, https:\/\/powertowers.com\/wp-content\/uploads\/2025\/08\/JLG-Nano-30CS_500x500px-300x300.jpg 300w, https:\/\/powertowers.com\/wp-content\/uploads\/2025\/08\/JLG-Nano-30CS_500x500px-150x150.jpg 150w, https:\/\/powertowers.com\/wp-content\/uploads\/2025\/08\/JLG-Nano-30CS_500x500px-12x12.jpg 12w\" sizes=\"(max-width: 34.9rem) calc(100vw - 2rem), (max-width: 53rem) calc(8 * (100vw \/ 12)), (min-width: 53rem) calc(6 * (100vw \/ 12)), 100vw\" \/>\t\t\t\t\t\t\t\t<\/a>\n\t\t\t\t\t\t\t\t\t\t\t\t\t\t\t<\/div>\n\t\t\t\t<\/div>\n\t\t\t\t<div class=\"elementor-element elementor-element-1af74370 elementor-widget elementor-widget-heading\" data-id=\"1af74370\" data-element_type=\"widget\" data-e-type=\"widget\" data-widget_type=\"heading.default\">\n\t\t\t\t<div class=\"elementor-widget-container\">\n\t\t\t\t\t<h4 class=\"elementor-heading-title elementor-size-default\"><a href=\"https:\/\/powertowers.com\/de\/nano-30cs\/\">Nano 30CS<\/a><\/h4>\t\t\t\t<\/div>\n\t\t\t\t<\/div>\n\t\t\t\t<div class=\"elementor-element elementor-element-3994ddbd elementor-widget elementor-widget-heading\" data-id=\"3994ddbd\" data-element_type=\"widget\" data-e-type=\"widget\" data-widget_type=\"heading.default\">\n\t\t\t\t<div class=\"elementor-widget-container\">\n\t\t\t\t\t<h4 class=\"elementor-heading-title elementor-size-default\">Schiebel\u00f6sung mit extra kleinem Deck f\u00fcr beengte Platzverh\u00e4ltnisse und einer maximalen Arbeitsh\u00f6he von 4,95 m<\/h4>\t\t\t\t<\/div>\n\t\t\t\t<\/div>\n\t\t\t\t<div class=\"elementor-element elementor-element-5d582447 elementor-align-center elementor-widget elementor-widget-button\" data-id=\"5d582447\" data-element_type=\"widget\" data-e-type=\"widget\" data-widget_type=\"button.default\">\n\t\t\t\t<div class=\"elementor-widget-container\">\n\t\t\t\t\t\t\t\t\t<div class=\"elementor-button-wrapper\">\n\t\t\t\t\t<a class=\"elementor-button elementor-button-link elementor-size-sm\" href=\"https:\/\/powertowers.com\/de\/nano-30cs\/\">\n\t\t\t\t\t\t<span class=\"elementor-button-content-wrapper\">\n\t\t\t\t\t\t\t\t\t<span class=\"elementor-button-text\">ALLE TECHNISCHEN DATEN PR\u00dcFEN<\/span>\n\t\t\t\t\t<\/span>\n\t\t\t\t\t<\/a>\n\t\t\t\t<\/div>\n\t\t\t\t\t\t\t\t<\/div>\n\t\t\t\t<\/div>\n\t\t\t\t\t<\/div>\n\t\t<\/div>\n\t\t\t\t<div class=\"elementor-column elementor-col-50 elementor-top-column elementor-element elementor-element-60c72bdc\" data-id=\"60c72bdc\" data-element_type=\"column\" data-e-type=\"column\" data-settings=\"{&quot;background_background&quot;:&quot;classic&quot;}\">\n\t\t\t<div class=\"elementor-widget-wrap elementor-element-populated\">\n\t\t\t\t\t\t<div class=\"elementor-element elementor-element-7c03bc24 elementor-widget elementor-widget-image\" data-id=\"7c03bc24\" data-element_type=\"widget\" data-e-type=\"widget\" data-widget_type=\"image.default\">\n\t\t\t\t<div class=\"elementor-widget-container\">\n\t\t\t\t\t\t\t\t\t\t\t\t\t\t\t\t<a href=\"https:\/\/powertowers.com\/de\/power-tower-cs\/\">\n\t\t\t\t\t\t\t<img decoding=\"async\" width=\"500\" height=\"500\" src=\"https:\/\/powertowers.com\/wp-content\/uploads\/2025\/08\/Power-Tower-CS_500x500px.jpg\" class=\"elementor-animation-shrink attachment-full size-full wp-image-5367\" alt=\"\" srcset=\"https:\/\/powertowers.com\/wp-content\/uploads\/2025\/08\/Power-Tower-CS_500x500px.jpg 500w, https:\/\/powertowers.com\/wp-content\/uploads\/2025\/08\/Power-Tower-CS_500x500px-300x300.jpg 300w, https:\/\/powertowers.com\/wp-content\/uploads\/2025\/08\/Power-Tower-CS_500x500px-150x150.jpg 150w, https:\/\/powertowers.com\/wp-content\/uploads\/2025\/08\/Power-Tower-CS_500x500px-12x12.jpg 12w\" sizes=\"(max-width: 34.9rem) calc(100vw - 2rem), (max-width: 53rem) calc(8 * (100vw \/ 12)), (min-width: 53rem) calc(6 * (100vw \/ 12)), 100vw\" \/>\t\t\t\t\t\t\t\t<\/a>\n\t\t\t\t\t\t\t\t\t\t\t\t\t\t\t<\/div>\n\t\t\t\t<\/div>\n\t\t\t\t<div class=\"elementor-element elementor-element-51200e52 elementor-widget elementor-widget-heading\" data-id=\"51200e52\" data-element_type=\"widget\" data-e-type=\"widget\" data-widget_type=\"heading.default\">\n\t\t\t\t<div class=\"elementor-widget-container\">\n\t\t\t\t\t<h4 class=\"elementor-heading-title elementor-size-default\"><a href=\"https:\/\/powertowers.com\/de\/power-tower-cs\/\">POWER TOWER CS<\/a><\/h4>\t\t\t\t<\/div>\n\t\t\t\t<\/div>\n\t\t\t\t<div class=\"elementor-element elementor-element-75f0aa17 elementor-widget elementor-widget-heading\" data-id=\"75f0aa17\" data-element_type=\"widget\" data-e-type=\"widget\" data-widget_type=\"heading.default\">\n\t\t\t\t<div class=\"elementor-widget-container\">\n\t\t\t\t\t<h4 class=\"elementor-heading-title elementor-size-default\">Push-around-L\u00f6sung mit einem extra kleinen Deck<span style=\"letter-spacing: -0.02em\"> f\u00fcr beengte R\u00e4ume<\/span><span style=\"letter-spacing: -0.02em\"> und einer maximalen Arbeitsh\u00f6he von 5 m<\/span><span style=\"letter-spacing: -0.02em\"><\/span><br><\/h4>\t\t\t\t<\/div>\n\t\t\t\t<\/div>\n\t\t\t\t<div class=\"elementor-element elementor-element-21928e69 elementor-align-center elementor-widget elementor-widget-button\" data-id=\"21928e69\" data-element_type=\"widget\" data-e-type=\"widget\" data-widget_type=\"button.default\">\n\t\t\t\t<div class=\"elementor-widget-container\">\n\t\t\t\t\t\t\t\t\t<div class=\"elementor-button-wrapper\">\n\t\t\t\t\t<a class=\"elementor-button elementor-button-link elementor-size-sm\" href=\"https:\/\/powertowers.com\/de\/power-tower-cs\/\">\n\t\t\t\t\t\t<span class=\"elementor-button-content-wrapper\">\n\t\t\t\t\t\t\t\t\t<span class=\"elementor-button-text\">ALLE TECHNISCHEN DATEN PR\u00dcFEN<\/span>\n\t\t\t\t\t<\/span>\n\t\t\t\t\t<\/a>\n\t\t\t\t<\/div>\n\t\t\t\t\t\t\t\t<\/div>\n\t\t\t\t<\/div>\n\t\t\t\t\t<\/div>\n\t\t<\/div>\n\t\t\t\t\t<\/div>\n\t\t<\/section>\n\t\t\t\t<section class=\"elementor-section elementor-top-section elementor-element elementor-element-3f18d589 elementor-section-boxed elementor-section-height-default elementor-section-height-default elementor-invisible\" data-id=\"3f18d589\" data-element_type=\"section\" data-e-type=\"section\" data-settings=\"{&quot;animation&quot;:&quot;zoomIn&quot;}\">\n\t\t\t\t\t\t<div class=\"elementor-container elementor-column-gap-default\">\n\t\t\t\t\t<div class=\"elementor-column elementor-col-100 elementor-top-column elementor-element elementor-element-60fddb7c\" data-id=\"60fddb7c\" data-element_type=\"column\" data-e-type=\"column\">\n\t\t\t<div class=\"elementor-widget-wrap elementor-element-populated\">\n\t\t\t\t\t\t<section class=\"elementor-section elementor-inner-section elementor-element elementor-element-77c8d661 elementor-section-content-bottom elementor-section-boxed elementor-section-height-default elementor-section-height-default\" data-id=\"77c8d661\" data-element_type=\"section\" data-e-type=\"section\">\n\t\t\t\t\t\t<div class=\"elementor-container elementor-column-gap-default\">\n\t\t\t\t\t<div class=\"elementor-column elementor-col-50 elementor-inner-column elementor-element elementor-element-ae51e3f\" data-id=\"ae51e3f\" data-element_type=\"column\" data-e-type=\"column\">\n\t\t\t<div class=\"elementor-widget-wrap elementor-element-populated\">\n\t\t\t\t\t\t<div class=\"elementor-element elementor-element-7582f29a elementor-align-right elementor-mobile-align-center elementor-widget elementor-widget-button\" data-id=\"7582f29a\" data-element_type=\"widget\" data-e-type=\"widget\" data-widget_type=\"button.default\">\n\t\t\t\t<div class=\"elementor-widget-container\">\n\t\t\t\t\t\t\t\t\t<div class=\"elementor-button-wrapper\">\n\t\t\t\t\t<a class=\"elementor-button elementor-button-link elementor-size-md\" href=\"https:\/\/powertowers.com\/de\/demo\/\">\n\t\t\t\t\t\t<span class=\"elementor-button-content-wrapper\">\n\t\t\t\t\t\t\t\t\t<span class=\"elementor-button-text\">Vorf\u00fchrung buchen<\/span>\n\t\t\t\t\t<\/span>\n\t\t\t\t\t<\/a>\n\t\t\t\t<\/div>\n\t\t\t\t\t\t\t\t<\/div>\n\t\t\t\t<\/div>\n\t\t\t\t\t<\/div>\n\t\t<\/div>\n\t\t\t\t<div class=\"elementor-column elementor-col-50 elementor-inner-column elementor-element elementor-element-51ed762e\" data-id=\"51ed762e\" data-element_type=\"column\" data-e-type=\"column\">\n\t\t\t<div class=\"elementor-widget-wrap elementor-element-populated\">\n\t\t\t\t\t\t<div class=\"elementor-element elementor-element-526be1e5 elementor-align-left elementor-mobile-align-center elementor-widget elementor-widget-button\" data-id=\"526be1e5\" data-element_type=\"widget\" data-e-type=\"widget\" data-widget_type=\"button.default\">\n\t\t\t\t<div class=\"elementor-widget-container\">\n\t\t\t\t\t\t\t\t\t<div class=\"elementor-button-wrapper\">\n\t\t\t\t\t<a class=\"elementor-button elementor-button-link elementor-size-md\" href=\"https:\/\/powertowers.com\/de\/quote\/\">\n\t\t\t\t\t\t<span class=\"elementor-button-content-wrapper\">\n\t\t\t\t\t\t\t\t\t<span class=\"elementor-button-text\">Preisanfrage stellen<\/span>\n\t\t\t\t\t<\/span>\n\t\t\t\t\t<\/a>\n\t\t\t\t<\/div>\n\t\t\t\t\t\t\t\t<\/div>\n\t\t\t\t<\/div>\n\t\t\t\t\t<\/div>\n\t\t<\/div>\n\t\t\t\t\t<\/div>\n\t\t<\/section>\n\t\t\t\t\t<\/div>\n\t\t<\/div>\n\t\t\t\t\t<\/div>\n\t\t<\/section>\n\t\t\t\t<section class=\"elementor-section elementor-top-section elementor-element elementor-element-5b1514d elementor-section-boxed elementor-section-height-default elementor-section-height-default elementor-invisible\" data-id=\"5b1514d\" data-element_type=\"section\" data-e-type=\"section\" data-settings=\"{&quot;animation&quot;:&quot;slideInUp&quot;}\">\n\t\t\t\t\t\t<div class=\"elementor-container elementor-column-gap-default\">\n\t\t\t\t\t<div class=\"elementor-column elementor-col-50 elementor-top-column elementor-element elementor-element-ef5345\" data-id=\"ef5345\" data-element_type=\"column\" data-e-type=\"column\">\n\t\t\t<div class=\"elementor-widget-wrap elementor-element-populated\">\n\t\t\t\t\t\t<div class=\"elementor-element elementor-element-280f3a76 elementor-widget elementor-widget-text-editor\" data-id=\"280f3a76\" data-element_type=\"widget\" data-e-type=\"widget\" data-widget_type=\"text-editor.default\">\n\t\t\t\t<div class=\"elementor-widget-container\">\n\t\t\t\t\t\t\t\t\t<p style=\"font-weight: 400;\">Suchen Sie nach einer leichten, kompakten L\u00f6sung f\u00fcr den ebenerdigen Zugang, die f\u00fcr enge, begrenzte R\u00e4ume konzipiert ist? Unsere Plattformen Nano 30CS und Power Tower CS wurden speziell f\u00fcr einen sicheren, zuverl\u00e4ssigen und effizienten Zugang entwickelt, ohne Kompromisse bei der Leistung einzugehen.<\/p><p style=\"font-weight: 400;\">Einfach in Position schieben, auf die Plattform treten und den Knopf dr\u00fccken, um die gew\u00fcnschte Arbeitsh\u00f6he zu erreichen - bis zu 4,95 m mit dem Nano 30CS oder 5,00 m mit dem Power Tower CS. Kein Klettern, Aufstellen oder Abbauen erforderlich.<\/p><p style=\"font-weight: 400;\">Mit einer vollst\u00e4ndig gesch\u00fctzten Plattform, einem 360\u00b0-Wenderadius und einer schmalen Standfl\u00e4che, die durch einfache T\u00fcr\u00f6ffnungen passt, erleichtern diese Maschinen den Zugang zu engen Bereichen - sogar zwischen Standard-Deckenplatten - und sorgen gleichzeitig daf\u00fcr, dass die Bediener sicher, stabil und freih\u00e4ndig arbeiten k\u00f6nnen.<\/p><p style=\"font-weight: 400;\">Ob f\u00fcr Wartungs-, Inspektions- oder Installationsarbeiten - diese Arbeitsb\u00fchnen sind die erste Wahl, wenn es darum geht, die Produktivit\u00e4t auf engem Raum zu maximieren.<\/p><p><a href=\"https:\/\/powertowers.com\/de\/vorteile\/\">Erfahren Sie hier mehr \u00fcber die Vorteile der Power Towers Produktpalette!<\/a><\/p>\t\t\t\t\t\t\t\t<\/div>\n\t\t\t\t<\/div>\n\t\t\t\t\t<\/div>\n\t\t<\/div>\n\t\t\t\t<div class=\"elementor-column elementor-col-50 elementor-top-column elementor-element elementor-element-242e4a58\" data-id=\"242e4a58\" data-element_type=\"column\" data-e-type=\"column\">\n\t\t\t<div class=\"elementor-widget-wrap elementor-element-populated\">\n\t\t\t\t\t\t<div class=\"elementor-element elementor-element-7691dc42 elementor-widget elementor-widget-text-editor\" data-id=\"7691dc42\" data-element_type=\"widget\" data-e-type=\"widget\" data-widget_type=\"text-editor.default\">\n\t\t\t\t<div class=\"elementor-widget-container\">\n\t\t\t\t\t\t\t\t\t<p><strong>Merkmale und Vorteile:<\/strong><\/p><ul><li><p style=\"font-weight: 400;\">Kompaktes Design f\u00fcr beengte oder enge Zugangsbereiche<\/p><\/li><li>Kleine Plattform erm\u00f6glicht Zugang durch 60 x 60 cm gro\u00dfe Deckenplatten<\/li><li><p style=\"font-weight: 400;\">Abmessungen der Plattform 55 x 55 x 74 cm<\/p><\/li><li><p style=\"font-weight: 400;\">Leicht und wendig<\/p><\/li><li><p style=\"font-weight: 400;\">Einfache Bedienung per Knopfdruck f\u00fcr hohe Benutzerfreundlichkeit<\/p><\/li><li><p style=\"font-weight: 400;\">Entwickelt im Hinblick auf die Sicherheit<\/p><\/li><li><p style=\"font-weight: 400;\">Optimale Gr\u00f6\u00dfe, um durch einzelne T\u00fcren zu passen<\/p><\/li><li><p style=\"font-weight: 400;\">Notablass vom Boden aus<\/p><\/li><\/ul>\t\t\t\t\t\t\t\t<\/div>\n\t\t\t\t<\/div>\n\t\t\t\t\t<\/div>\n\t\t<\/div>\n\t\t\t\t\t<\/div>\n\t\t<\/section>\n\t\t\t\t<\/div>","protected":false},"excerpt":{"rendered":"<p>CONFINED SPACE FAMILY Kompakter Zugang, maximale Sicherheit Nano 30CS Schiebel\u00f6sung mit extra kleinem Deck f\u00fcr enge R\u00e4ume und einer maximalen Arbeitsh\u00f6he von 4,95 m ALLE SPEZIFIKATIONEN PR\u00dcFEN POWER TOWER CS Schiebel\u00f6sung mit extra kleinem Deck f\u00fcr enge R\u00e4ume und einer maximalen Arbeitsh\u00f6he von 5 m ALLE SPEZIFIKATIONEN PR\u00dcFEN ... <\/p>\n<p class=\"link-more\"><a href=\"https:\/\/powertowers.com\/de\/confined-space\/\" class=\"more-link\"><span class=\"screen-reader-text\">\"Enger Raum\" <\/span>weiterlesen<\/a><\/p>","protected":false},"author":1,"featured_media":0,"parent":0,"menu_order":0,"comment_status":"closed","ping_status":"closed","template":"elementor_header_footer","meta":{"content-type":"","footnotes":""},"class_list":["post-5364","page","type-page","status-publish","hentry","entry"],"yoast_head":"<!-- This site is optimized with the Yoast SEO plugin v27.3 - https:\/\/yoast.com\/product\/yoast-seo-wordpress\/ -->\n<title>Confined space - Power Towers<\/title>\n<meta name=\"robots\" content=\"index, follow, max-snippet:-1, max-image-preview:large, max-video-preview:-1\" \/>\n<link rel=\"canonical\" href=\"https:\/\/powertowers.com\/de\/beengter-raum\/\" \/>\n<meta property=\"og:locale\" content=\"de_DE\" \/>\n<meta property=\"og:type\" content=\"article\" \/>\n<meta property=\"og:title\" content=\"Confined space - Power Towers\" \/>\n<meta property=\"og:description\" content=\"CONFINED SPACE FAMILY Compact Access, Maximum Safety Nano 30CS Push around solution with an extra small deck for confined spaces and maximum working height of 4,95 m CHECK ALL SPECIFICATIONS POWER TOWER CS Push around solution with an extra small deck for confined spaces and a maximum working height of 5 m CHECK ALL SPECIFICATIONS &hellip; \u201eConfined space\u201c weiterlesen\" \/>\n<meta property=\"og:url\" content=\"https:\/\/powertowers.com\/de\/beengter-raum\/\" \/>\n<meta property=\"og:site_name\" content=\"Power Towers\" \/>\n<meta property=\"article:modified_time\" content=\"2025-09-10T16:35:57+00:00\" \/>\n<meta property=\"og:image\" content=\"https:\/\/37.148.206.186\/wp-content\/uploads\/2025\/08\/JLG-Nano-30CS_500x500px.jpg\" \/>\n<meta name=\"twitter:card\" content=\"summary_large_image\" \/>\n<meta name=\"twitter:label1\" content=\"Gesch\u00e4tzte Lesezeit\" \/>\n\t<meta name=\"twitter:data1\" content=\"2\u00a0Minuten\" \/>\n<script type=\"application\/ld+json\" class=\"yoast-schema-graph\">{\"@context\":\"https:\\\/\\\/schema.org\",\"@graph\":[{\"@type\":\"WebPage\",\"@id\":\"https:\\\/\\\/powertowers.com\\\/confined-space\\\/\",\"url\":\"https:\\\/\\\/powertowers.com\\\/confined-space\\\/\",\"name\":\"Confined space - Power Towers\",\"isPartOf\":{\"@id\":\"https:\\\/\\\/powertowers.com\\\/nl\\\/#website\"},\"primaryImageOfPage\":{\"@id\":\"https:\\\/\\\/powertowers.com\\\/confined-space\\\/#primaryimage\"},\"image\":{\"@id\":\"https:\\\/\\\/powertowers.com\\\/confined-space\\\/#primaryimage\"},\"thumbnailUrl\":\"https:\\\/\\\/37.148.206.186\\\/wp-content\\\/uploads\\\/2025\\\/08\\\/JLG-Nano-30CS_500x500px.jpg\",\"datePublished\":\"2025-08-27T08:35:55+00:00\",\"dateModified\":\"2025-09-10T16:35:57+00:00\",\"breadcrumb\":{\"@id\":\"https:\\\/\\\/powertowers.com\\\/confined-space\\\/#breadcrumb\"},\"inLanguage\":\"de\",\"potentialAction\":[{\"@type\":\"ReadAction\",\"target\":[\"https:\\\/\\\/powertowers.com\\\/confined-space\\\/\"]}]},{\"@type\":\"ImageObject\",\"inLanguage\":\"de\",\"@id\":\"https:\\\/\\\/powertowers.com\\\/confined-space\\\/#primaryimage\",\"url\":\"https:\\\/\\\/37.148.206.186\\\/wp-content\\\/uploads\\\/2025\\\/08\\\/JLG-Nano-30CS_500x500px.jpg\",\"contentUrl\":\"https:\\\/\\\/37.148.206.186\\\/wp-content\\\/uploads\\\/2025\\\/08\\\/JLG-Nano-30CS_500x500px.jpg\"},{\"@type\":\"BreadcrumbList\",\"@id\":\"https:\\\/\\\/powertowers.com\\\/confined-space\\\/#breadcrumb\",\"itemListElement\":[{\"@type\":\"ListItem\",\"position\":1,\"name\":\"Home\",\"item\":\"https:\\\/\\\/powertowers.com\\\/nl\\\/\"},{\"@type\":\"ListItem\",\"position\":2,\"name\":\"Confined space\"}]},{\"@type\":\"WebSite\",\"@id\":\"https:\\\/\\\/powertowers.com\\\/nl\\\/#website\",\"url\":\"https:\\\/\\\/powertowers.com\\\/nl\\\/\",\"name\":\"Power Towers\",\"description\":\"The alternative to ladders, podiums and scaffolding.\",\"publisher\":{\"@id\":\"https:\\\/\\\/powertowers.com\\\/nl\\\/#organization\"},\"potentialAction\":[{\"@type\":\"SearchAction\",\"target\":{\"@type\":\"EntryPoint\",\"urlTemplate\":\"https:\\\/\\\/powertowers.com\\\/nl\\\/?s={search_term_string}\"},\"query-input\":{\"@type\":\"PropertyValueSpecification\",\"valueRequired\":true,\"valueName\":\"search_term_string\"}}],\"inLanguage\":\"de\"},{\"@type\":\"Organization\",\"@id\":\"https:\\\/\\\/powertowers.com\\\/nl\\\/#organization\",\"name\":\"Power Towers Ltd.\",\"url\":\"https:\\\/\\\/powertowers.com\\\/nl\\\/\",\"logo\":{\"@type\":\"ImageObject\",\"inLanguage\":\"de\",\"@id\":\"https:\\\/\\\/powertowers.com\\\/nl\\\/#\\\/schema\\\/logo\\\/image\\\/\",\"url\":\"https:\\\/\\\/37.148.206.186\\\/wp-content\\\/uploads\\\/2021\\\/12\\\/power-towers-new-logo-outline-1024px.png\",\"contentUrl\":\"https:\\\/\\\/37.148.206.186\\\/wp-content\\\/uploads\\\/2021\\\/12\\\/power-towers-new-logo-outline-1024px.png\",\"width\":1024,\"height\":209,\"caption\":\"Power Towers Ltd.\"},\"image\":{\"@id\":\"https:\\\/\\\/powertowers.com\\\/nl\\\/#\\\/schema\\\/logo\\\/image\\\/\"}}]}<\/script>\n<!-- \/ Yoast SEO plugin. -->","yoast_head_json":{"title":"Enger Raum - Power Towers","robots":{"index":"index","follow":"follow","max-snippet":"max-snippet:-1","max-image-preview":"max-image-preview:large","max-video-preview":"max-video-preview:-1"},"canonical":"https:\/\/powertowers.com\/de\/beengter-raum\/","og_locale":"de_DE","og_type":"article","og_title":"Confined space - Power Towers","og_description":"CONFINED SPACE FAMILY Compact Access, Maximum Safety Nano 30CS Push around solution with an extra small deck for confined spaces and maximum working height of 4,95 m CHECK ALL SPECIFICATIONS POWER TOWER CS Push around solution with an extra small deck for confined spaces and a maximum working height of 5 m CHECK ALL SPECIFICATIONS &hellip; \u201eConfined space\u201c weiterlesen","og_url":"https:\/\/powertowers.com\/de\/beengter-raum\/","og_site_name":"Power Towers","article_modified_time":"2025-09-10T16:35:57+00:00","og_image":[{"url":"https:\/\/37.148.206.186\/wp-content\/uploads\/2025\/08\/JLG-Nano-30CS_500x500px.jpg","type":"","width":"","height":""}],"twitter_card":"summary_large_image","twitter_misc":{"Gesch\u00e4tzte Lesezeit":"2\u00a0Minuten"},"schema":{"@context":"https:\/\/schema.org","@graph":[{"@type":"WebPage","@id":"https:\/\/powertowers.com\/confined-space\/","url":"https:\/\/powertowers.com\/confined-space\/","name":"Enger Raum - Power Towers","isPartOf":{"@id":"https:\/\/powertowers.com\/nl\/#website"},"primaryImageOfPage":{"@id":"https:\/\/powertowers.com\/confined-space\/#primaryimage"},"image":{"@id":"https:\/\/powertowers.com\/confined-space\/#primaryimage"},"thumbnailUrl":"https:\/\/37.148.206.186\/wp-content\/uploads\/2025\/08\/JLG-Nano-30CS_500x500px.jpg","datePublished":"2025-08-27T08:35:55+00:00","dateModified":"2025-09-10T16:35:57+00:00","breadcrumb":{"@id":"https:\/\/powertowers.com\/confined-space\/#breadcrumb"},"inLanguage":"de","potentialAction":[{"@type":"ReadAction","target":["https:\/\/powertowers.com\/confined-space\/"]}]},{"@type":"ImageObject","inLanguage":"de","@id":"https:\/\/powertowers.com\/confined-space\/#primaryimage","url":"https:\/\/37.148.206.186\/wp-content\/uploads\/2025\/08\/JLG-Nano-30CS_500x500px.jpg","contentUrl":"https:\/\/37.148.206.186\/wp-content\/uploads\/2025\/08\/JLG-Nano-30CS_500x500px.jpg"},{"@type":"BreadcrumbList","@id":"https:\/\/powertowers.com\/confined-space\/#breadcrumb","itemListElement":[{"@type":"ListItem","position":1,"name":"Home","item":"https:\/\/powertowers.com\/nl\/"},{"@type":"ListItem","position":2,"name":"Confined space"}]},{"@type":"WebSite","@id":"https:\/\/powertowers.com\/nl\/#website","url":"https:\/\/powertowers.com\/nl\/","name":"Power Towers","description":"Die Alternative zu Leitern, Podesten und Ger\u00fcsten.","publisher":{"@id":"https:\/\/powertowers.com\/nl\/#organization"},"potentialAction":[{"@type":"SearchAction","target":{"@type":"EntryPoint","urlTemplate":"https:\/\/powertowers.com\/nl\/?s={search_term_string}"},"query-input":{"@type":"PropertyValueSpecification","valueRequired":true,"valueName":"search_term_string"}}],"inLanguage":"de"},{"@type":"Organization","@id":"https:\/\/powertowers.com\/nl\/#organization","name":"Power Towers Ltd.","url":"https:\/\/powertowers.com\/nl\/","logo":{"@type":"ImageObject","inLanguage":"de","@id":"https:\/\/powertowers.com\/nl\/#\/schema\/logo\/image\/","url":"https:\/\/37.148.206.186\/wp-content\/uploads\/2021\/12\/power-towers-new-logo-outline-1024px.png","contentUrl":"https:\/\/37.148.206.186\/wp-content\/uploads\/2021\/12\/power-towers-new-logo-outline-1024px.png","width":1024,"height":209,"caption":"Power Towers Ltd."},"image":{"@id":"https:\/\/powertowers.com\/nl\/#\/schema\/logo\/image\/"}}]}},"_links":{"self":[{"href":"https:\/\/powertowers.com\/de\/wp-json\/wp\/v2\/pages\/5364","targetHints":{"allow":["GET"]}}],"collection":[{"href":"https:\/\/powertowers.com\/de\/wp-json\/wp\/v2\/pages"}],"about":[{"href":"https:\/\/powertowers.com\/de\/wp-json\/wp\/v2\/types\/page"}],"author":[{"embeddable":true,"href":"https:\/\/powertowers.com\/de\/wp-json\/wp\/v2\/users\/1"}],"replies":[{"embeddable":true,"href":"https:\/\/powertowers.com\/de\/wp-json\/wp\/v2\/comments?post=5364"}],"version-history":[{"count":49,"href":"https:\/\/powertowers.com\/de\/wp-json\/wp\/v2\/pages\/5364\/revisions"}],"predecessor-version":[{"id":5695,"href":"https:\/\/powertowers.com\/de\/wp-json\/wp\/v2\/pages\/5364\/revisions\/5695"}],"wp:attachment":[{"href":"https:\/\/powertowers.com\/de\/wp-json\/wp\/v2\/media?parent=5364"}],"curies":[{"name":"wp","href":"https:\/\/api.w.org\/{rel}","templated":true}]}}