{"id":4860,"date":"2024-05-11T13:38:52","date_gmt":"2024-05-11T11:38:52","guid":{"rendered":"https:\/\/37.148.206.186\/?page_id=4860"},"modified":"2024-09-18T11:28:26","modified_gmt":"2024-09-18T09:28:26","slug":"informationen-uber-den-weg-zur-kompetenz","status":"publish","type":"page","link":"https:\/\/powertowers.com\/de\/path-to-competency-info\/","title":{"rendered":"Informationen \u00fcber den Weg zur Bef\u00e4higung"},"content":{"rendered":"<div data-elementor-type=\"wp-page\" data-elementor-id=\"4860\" class=\"elementor elementor-4860\" data-elementor-post-type=\"page\">\n\t\t\t\t\t\t<section class=\"elementor-section elementor-top-section elementor-element elementor-element-2f13285 elementor-section-boxed elementor-section-height-default elementor-section-height-default elementor-invisible\" data-id=\"2f13285\" data-element_type=\"section\" data-e-type=\"section\" data-settings=\"{&quot;animation&quot;:&quot;slideInUp&quot;}\">\n\t\t\t\t\t\t<div class=\"elementor-container elementor-column-gap-default\">\n\t\t\t\t\t<div class=\"elementor-column elementor-col-33 elementor-top-column elementor-element elementor-element-e6d0391\" data-id=\"e6d0391\" data-element_type=\"column\" data-e-type=\"column\">\n\t\t\t<div class=\"elementor-widget-wrap elementor-element-populated\">\n\t\t\t\t\t\t<div class=\"elementor-element elementor-element-8a747a8 elementor-invisible elementor-widget elementor-widget-image\" data-id=\"8a747a8\" data-element_type=\"widget\" data-e-type=\"widget\" data-settings=\"{&quot;_animation&quot;:&quot;slideInUp&quot;}\" data-widget_type=\"image.default\">\n\t\t\t\t<div class=\"elementor-widget-container\">\n\t\t\t\t\t\t\t\t\t\t\t\t\t\t\t<img fetchpriority=\"high\" decoding=\"async\" width=\"677\" height=\"844\" src=\"https:\/\/powertowers.com\/wp-content\/uploads\/2022\/02\/Man-Contact-blend.jpg\" class=\"attachment-full size-full wp-image-1146\" alt=\"Mann mit Schutzhelm auf dem Bau\" srcset=\"https:\/\/powertowers.com\/wp-content\/uploads\/2022\/02\/Man-Contact-blend.jpg 677w, https:\/\/powertowers.com\/wp-content\/uploads\/2022\/02\/Man-Contact-blend-241x300.jpg 241w, https:\/\/powertowers.com\/wp-content\/uploads\/2022\/02\/Man-Contact-blend-10x12.jpg 10w\" sizes=\"(max-width: 34.9rem) calc(100vw - 2rem), (max-width: 53rem) calc(8 * (100vw \/ 12)), (min-width: 53rem) calc(6 * (100vw \/ 12)), 100vw\" \/>\t\t\t\t\t\t\t\t\t\t\t\t\t\t\t<\/div>\n\t\t\t\t<\/div>\n\t\t\t\t\t<\/div>\n\t\t<\/div>\n\t\t\t\t<div class=\"elementor-column elementor-col-33 elementor-top-column elementor-element elementor-element-7a62be2\" data-id=\"7a62be2\" data-element_type=\"column\" data-e-type=\"column\">\n\t\t\t<div class=\"elementor-widget-wrap elementor-element-populated\">\n\t\t\t\t\t\t<div class=\"elementor-element elementor-element-c364806 elementor-invisible elementor-widget elementor-widget-heading\" data-id=\"c364806\" data-element_type=\"widget\" data-e-type=\"widget\" data-settings=\"{&quot;_animation&quot;:&quot;slideInDown&quot;}\" data-widget_type=\"heading.default\">\n\t\t\t\t<div class=\"elementor-widget-container\">\n\t\t\t\t\t<h1 class=\"elementor-heading-title elementor-size-default\">Infos<\/h1>\t\t\t\t<\/div>\n\t\t\t\t<\/div>\n\t\t\t\t<div class=\"elementor-element elementor-element-59b8bbc elementor-widget elementor-widget-text-editor\" data-id=\"59b8bbc\" data-element_type=\"widget\" data-e-type=\"widget\" data-widget_type=\"text-editor.default\">\n\t\t\t\t<div class=\"elementor-widget-container\">\n\t\t\t\t\t\t\t\t\t<div class=\"elementor-element elementor-element-ba0883e elementor-widget elementor-widget-text-editor\" data-id=\"ba0883e\" data-element_type=\"widget\" data-widget_type=\"text-editor.default\"><div class=\"elementor-widget-container\"><div class=\"elementor-text-editor elementor-clearfix\"><p><span style=\"color: var( --e-global-color-text ); font-family: var( --e-global-typography-text-font-family ), Sans-serif; font-size: var( --e-global-typography-text-font-size ); font-weight: var( --e-global-typography-text-font-weight );\">M\u00f6chten Sie weitere Einzelheiten erfahren? Nehmen Sie Kontakt auf! F\u00fcllen Sie das Kontaktformular aus, damit wir uns zeitnah mit Ihnen in Verbindung setzen k\u00f6nnen.<\/span><\/p><p>Power Towers Limited<br \/>Unit 3, Leicester Distribution Park<br \/>45 Sunningdale Road<br \/>Leicester LE3 1UX<br \/>Vereinigtes K\u00f6nigreich<\/p><\/div><\/div><\/div><div class=\"elementor-element elementor-element-7219615 elementor-widget elementor-widget-text-editor\" data-id=\"7219615\" data-element_type=\"widget\" data-widget_type=\"text-editor.default\"><div class=\"elementor-widget-container\"><div class=\"elementor-text-editor elementor-clearfix\"><p>Tel: +44 (0) 161 654 1000<br \/><i>Gesch\u00e4ftszeiten: 09:00 bis 16:00 GMT<\/i><\/p><p>E-Mail:\u00a0<strong><em><a href=\"mailto:sales@powertowers.com\">sales@powertowers.com<\/a><\/em><\/strong><\/p><\/div><\/div><\/div>\t\t\t\t\t\t\t\t<\/div>\n\t\t\t\t<\/div>\n\t\t\t\t\t<\/div>\n\t\t<\/div>\n\t\t\t\t<div class=\"elementor-column elementor-col-33 elementor-top-column elementor-element elementor-element-40a233b\" data-id=\"40a233b\" data-element_type=\"column\" data-e-type=\"column\">\n\t\t\t<div class=\"elementor-widget-wrap elementor-element-populated\">\n\t\t\t\t\t\t<div class=\"elementor-element elementor-element-623ea4f elementor-widget elementor-widget-text-editor\" data-id=\"623ea4f\" data-element_type=\"widget\" data-e-type=\"widget\" data-widget_type=\"text-editor.default\">\n\t\t\t\t<div class=\"elementor-widget-container\">\n\t\t\t\t\t<style>.elementor-element-623ea4f{display:none !important}<\/style>\t\t\t\t<\/div>\n\t\t\t\t<\/div>\n\t\t\t\t<div class=\"elementor-element elementor-element-5200f2e elementor-widget elementor-widget-text-editor\" data-id=\"5200f2e\" data-element_type=\"widget\" data-e-type=\"widget\" data-no-translation=\"\" data-widget_type=\"text-editor.default\">\n\t\t\t\t<div class=\"elementor-widget-container\">\n\t\t\t\t\t<style>.elementor-element-5200f2e{display:none !important}<\/style>\t\t\t\t<\/div>\n\t\t\t\t<\/div>\n\t\t\t\t<div class=\"elementor-element elementor-element-ff44c39 elementor-widget elementor-widget-text-editor\" data-id=\"ff44c39\" data-element_type=\"widget\" data-e-type=\"widget\" data-no-translation=\"\" data-widget_type=\"text-editor.default\">\n\t\t\t\t<div class=\"elementor-widget-container\">\n\t\t\t\t\t\t\t\t\t<script charset=\"utf-8\" type=\"text\/javascript\" src=\"\/\/js.hsforms.net\/forms\/embed\/v2.js\"><\/script>\n<script>\n  hbspt.forms.create({\n    region: \"na1\",\n    portalId: \"8420674\",\n    formId: \"d45d1aee-55d9-4d9b-9c86-b9617a17cfc4\"\n  });\n<\/script>\t\t\t\t\t\t\t\t<\/div>\n\t\t\t\t<\/div>\n\t\t\t\t<div class=\"elementor-element elementor-element-9bebfe6 elementor-widget elementor-widget-text-editor\" data-id=\"9bebfe6\" data-element_type=\"widget\" data-e-type=\"widget\" data-no-translation=\"\" data-widget_type=\"text-editor.default\">\n\t\t\t\t<div class=\"elementor-widget-container\">\n\t\t\t\t\t<style>.elementor-element-9bebfe6{display:none !important}<\/style>\t\t\t\t<\/div>\n\t\t\t\t<\/div>\n\t\t\t\t<div class=\"elementor-element elementor-element-1f5ac4f elementor-widget elementor-widget-text-editor\" data-id=\"1f5ac4f\" data-element_type=\"widget\" data-e-type=\"widget\" data-no-translation=\"\" data-widget_type=\"text-editor.default\">\n\t\t\t\t<div class=\"elementor-widget-container\">\n\t\t\t\t\t<style>.elementor-element-1f5ac4f{display:none !important}<\/style>\t\t\t\t<\/div>\n\t\t\t\t<\/div>\n\t\t\t\t<div class=\"elementor-element elementor-element-6fc843d elementor-widget elementor-widget-text-editor\" data-id=\"6fc843d\" data-element_type=\"widget\" data-e-type=\"widget\" data-no-translation=\"\" data-widget_type=\"text-editor.default\">\n\t\t\t\t<div class=\"elementor-widget-container\">\n\t\t\t\t\t<style>.elementor-element-6fc843d{display:none !important}<\/style>\t\t\t\t<\/div>\n\t\t\t\t<\/div>\n\t\t\t\t<div class=\"elementor-element elementor-element-dfde947 elementor-widget elementor-widget-text-editor\" data-id=\"dfde947\" data-element_type=\"widget\" data-e-type=\"widget\" data-no-translation=\"\" data-widget_type=\"text-editor.default\">\n\t\t\t\t<div class=\"elementor-widget-container\">\n\t\t\t\t\t<style>.elementor-element-dfde947{display:none !important}<\/style>\t\t\t\t<\/div>\n\t\t\t\t<\/div>\n\t\t\t\t<div class=\"elementor-element elementor-element-d7a0a22 elementor-widget elementor-widget-text-editor\" data-id=\"d7a0a22\" data-element_type=\"widget\" data-e-type=\"widget\" data-no-translation=\"\" data-widget_type=\"text-editor.default\">\n\t\t\t\t<div class=\"elementor-widget-container\">\n\t\t\t\t\t<style>.elementor-element-d7a0a22{display:none !important}<\/style>\t\t\t\t<\/div>\n\t\t\t\t<\/div>\n\t\t\t\t<div class=\"elementor-element elementor-element-b1a6db8 elementor-widget elementor-widget-text-editor\" data-id=\"b1a6db8\" data-element_type=\"widget\" data-e-type=\"widget\" data-widget_type=\"text-editor.default\">\n\t\t\t\t<div class=\"elementor-widget-container\">\n\t\t\t\t\t\t\t\t\tMit diesem Formular werden Ihr Name, Ihre Kontaktnummer und Ihre E-Mail-Adresse erfasst, damit unsere Teams mit Ihnen kommunizieren und Ihre Anfrage beantworten k\u00f6nnen. Bitte lesen Sie unsere <a style=\"color: #eb6608;\" href=\"https:\/\/www.jlg.com\/en-gb\/privacy-policy\" target=\"_blank\" rel=\"noopener\">Datenschutzbestimmungen,<\/a> um zu erfahren, wie wir die von Ihnen \u00fcbermittelten Daten sch\u00fctzen und verwenden.\t\t\t\t\t\t\t\t<\/div>\n\t\t\t\t<\/div>\n\t\t\t\t\t<\/div>\n\t\t<\/div>\n\t\t\t\t\t<\/div>\n\t\t<\/section>\n\t\t\t\t<\/div>","protected":false},"excerpt":{"rendered":"<p>Info Wenn Sie weitere Informationen w\u00fcnschen, nehmen Sie Kontakt mit uns auf! F\u00fcllen Sie das Kontaktformular aus und wir werden uns so schnell wie m\u00f6glich mit Ihnen in Verbindung setzen. Power Towers LimitedUnit 3, Leicester Distribution Park45 Sunningdale RoadLeicester LE3 1UXVereinigtes K\u00f6nigreich Tel: +44 (0) 161 654 1000B\u00fcrozeiten: 09:00 bis 16:00 GMT E-Mail: sales@powertowers.com Mit diesem Formular werden Ihr Name, Ihre Kontaktnummer und Ihre E-Mail-Adresse erfasst ... <\/p>\n<p class=\"link-more\"><a href=\"https:\/\/powertowers.com\/de\/path-to-competency-info\/\" class=\"more-link\"><span class=\"screen-reader-text\">\"Weg zur Kompetenz-Info\" <\/span>weiterlesen<\/a><\/p>","protected":false},"author":2,"featured_media":0,"parent":0,"menu_order":0,"comment_status":"closed","ping_status":"closed","template":"elementor_header_footer","meta":{"content-type":"","footnotes":""},"class_list":["post-4860","page","type-page","status-publish","hentry","entry"],"yoast_head":"<!-- This site is optimized with the Yoast SEO plugin v27.5 - https:\/\/yoast.com\/product\/yoast-seo-wordpress\/ -->\n<title>Request information for Path to Competency | Power Towers<\/title>\n<meta name=\"description\" content=\"If you want more details about the Path to Competency that Power Towers offers, get in touch!\" \/>\n<meta name=\"robots\" content=\"index, follow, max-snippet:-1, max-image-preview:large, max-video-preview:-1\" \/>\n<link rel=\"canonical\" href=\"https:\/\/powertowers.com\/de\/informationen-uber-den-weg-zur-kompetenz\/\" \/>\n<meta property=\"og:locale\" content=\"de_DE\" \/>\n<meta property=\"og:type\" content=\"article\" \/>\n<meta property=\"og:title\" content=\"Request information for Path to Competency | Power Towers\" \/>\n<meta property=\"og:description\" content=\"If you want more details about the Path to Competency that Power Towers offers, get in touch!\" \/>\n<meta property=\"og:url\" content=\"https:\/\/powertowers.com\/de\/informationen-uber-den-weg-zur-kompetenz\/\" \/>\n<meta property=\"og:site_name\" content=\"Power Towers\" \/>\n<meta property=\"article:modified_time\" content=\"2024-09-18T09:28:26+00:00\" \/>\n<meta property=\"og:image\" content=\"https:\/\/37.148.206.186\/wp-content\/uploads\/2022\/02\/Man-Contact-blend.jpg\" \/>\n<meta name=\"twitter:card\" content=\"summary_large_image\" \/>\n<meta name=\"twitter:label1\" content=\"Gesch\u00e4tzte Lesezeit\" \/>\n\t<meta name=\"twitter:data1\" content=\"1\u00a0Minute\" \/>\n<script type=\"application\/ld+json\" class=\"yoast-schema-graph\">{\"@context\":\"https:\\\/\\\/schema.org\",\"@graph\":[{\"@type\":\"WebPage\",\"@id\":\"https:\\\/\\\/powertowers.com\\\/de\\\/informationen-uber-den-weg-zur-kompetenz\\\/\",\"url\":\"https:\\\/\\\/powertowers.com\\\/de\\\/informationen-uber-den-weg-zur-kompetenz\\\/\",\"name\":\"Request information for Path to Competency | Power Towers\",\"isPartOf\":{\"@id\":\"https:\\\/\\\/powertowers.com\\\/nl\\\/#website\"},\"primaryImageOfPage\":{\"@id\":\"https:\\\/\\\/powertowers.com\\\/de\\\/informationen-uber-den-weg-zur-kompetenz\\\/#primaryimage\"},\"image\":{\"@id\":\"https:\\\/\\\/powertowers.com\\\/de\\\/informationen-uber-den-weg-zur-kompetenz\\\/#primaryimage\"},\"thumbnailUrl\":\"https:\\\/\\\/37.148.206.186\\\/wp-content\\\/uploads\\\/2022\\\/02\\\/Man-Contact-blend.jpg\",\"datePublished\":\"2024-05-11T11:38:52+00:00\",\"dateModified\":\"2024-09-18T09:28:26+00:00\",\"description\":\"If you want more details about the Path to Competency that Power Towers offers, get in touch!\",\"breadcrumb\":{\"@id\":\"https:\\\/\\\/powertowers.com\\\/de\\\/informationen-uber-den-weg-zur-kompetenz\\\/#breadcrumb\"},\"inLanguage\":\"de\",\"potentialAction\":[{\"@type\":\"ReadAction\",\"target\":[\"https:\\\/\\\/powertowers.com\\\/de\\\/informationen-uber-den-weg-zur-kompetenz\\\/\"]}]},{\"@type\":\"ImageObject\",\"inLanguage\":\"de\",\"@id\":\"https:\\\/\\\/powertowers.com\\\/de\\\/informationen-uber-den-weg-zur-kompetenz\\\/#primaryimage\",\"url\":\"https:\\\/\\\/37.148.206.186\\\/wp-content\\\/uploads\\\/2022\\\/02\\\/Man-Contact-blend.jpg\",\"contentUrl\":\"https:\\\/\\\/37.148.206.186\\\/wp-content\\\/uploads\\\/2022\\\/02\\\/Man-Contact-blend.jpg\"},{\"@type\":\"BreadcrumbList\",\"@id\":\"https:\\\/\\\/powertowers.com\\\/de\\\/informationen-uber-den-weg-zur-kompetenz\\\/#breadcrumb\",\"itemListElement\":[{\"@type\":\"ListItem\",\"position\":1,\"name\":\"Home\",\"item\":\"https:\\\/\\\/powertowers.com\\\/nl\\\/\"},{\"@type\":\"ListItem\",\"position\":2,\"name\":\"Path to Competency Info\"}]},{\"@type\":\"WebSite\",\"@id\":\"https:\\\/\\\/powertowers.com\\\/nl\\\/#website\",\"url\":\"https:\\\/\\\/powertowers.com\\\/nl\\\/\",\"name\":\"Power Towers\",\"description\":\"The alternative to ladders, podiums and scaffolding.\",\"publisher\":{\"@id\":\"https:\\\/\\\/powertowers.com\\\/nl\\\/#organization\"},\"potentialAction\":[{\"@type\":\"SearchAction\",\"target\":{\"@type\":\"EntryPoint\",\"urlTemplate\":\"https:\\\/\\\/powertowers.com\\\/nl\\\/?s={search_term_string}\"},\"query-input\":{\"@type\":\"PropertyValueSpecification\",\"valueRequired\":true,\"valueName\":\"search_term_string\"}}],\"inLanguage\":\"de\"},{\"@type\":\"Organization\",\"@id\":\"https:\\\/\\\/powertowers.com\\\/nl\\\/#organization\",\"name\":\"Power Towers Ltd.\",\"url\":\"https:\\\/\\\/powertowers.com\\\/nl\\\/\",\"logo\":{\"@type\":\"ImageObject\",\"inLanguage\":\"de\",\"@id\":\"https:\\\/\\\/powertowers.com\\\/nl\\\/#\\\/schema\\\/logo\\\/image\\\/\",\"url\":\"https:\\\/\\\/37.148.206.186\\\/wp-content\\\/uploads\\\/2021\\\/12\\\/power-towers-new-logo-outline-1024px.png\",\"contentUrl\":\"https:\\\/\\\/37.148.206.186\\\/wp-content\\\/uploads\\\/2021\\\/12\\\/power-towers-new-logo-outline-1024px.png\",\"width\":1024,\"height\":209,\"caption\":\"Power Towers Ltd.\"},\"image\":{\"@id\":\"https:\\\/\\\/powertowers.com\\\/nl\\\/#\\\/schema\\\/logo\\\/image\\\/\"}}]}<\/script>\n<!-- \/ Yoast SEO plugin. -->","yoast_head_json":{"title":"Informationen anfordern f\u00fcr Path to Competency | Power Towers","description":"Wenn Sie mehr \u00fcber den Weg zur Kompetenz erfahren m\u00f6chten, den Power Towers anbietet, nehmen Sie Kontakt auf!","robots":{"index":"index","follow":"follow","max-snippet":"max-snippet:-1","max-image-preview":"max-image-preview:large","max-video-preview":"max-video-preview:-1"},"canonical":"https:\/\/powertowers.com\/de\/informationen-uber-den-weg-zur-kompetenz\/","og_locale":"de_DE","og_type":"article","og_title":"Request information for Path to Competency | Power Towers","og_description":"If you want more details about the Path to Competency that Power Towers offers, get in touch!","og_url":"https:\/\/powertowers.com\/de\/informationen-uber-den-weg-zur-kompetenz\/","og_site_name":"Power Towers","article_modified_time":"2024-09-18T09:28:26+00:00","og_image":[{"url":"https:\/\/37.148.206.186\/wp-content\/uploads\/2022\/02\/Man-Contact-blend.jpg","type":"","width":"","height":""}],"twitter_card":"summary_large_image","twitter_misc":{"Gesch\u00e4tzte Lesezeit":"1\u00a0Minute"},"schema":{"@context":"https:\/\/schema.org","@graph":[{"@type":"WebPage","@id":"https:\/\/powertowers.com\/de\/informationen-uber-den-weg-zur-kompetenz\/","url":"https:\/\/powertowers.com\/de\/informationen-uber-den-weg-zur-kompetenz\/","name":"Informationen anfordern f\u00fcr Path to Competency | Power Towers","isPartOf":{"@id":"https:\/\/powertowers.com\/nl\/#website"},"primaryImageOfPage":{"@id":"https:\/\/powertowers.com\/de\/informationen-uber-den-weg-zur-kompetenz\/#primaryimage"},"image":{"@id":"https:\/\/powertowers.com\/de\/informationen-uber-den-weg-zur-kompetenz\/#primaryimage"},"thumbnailUrl":"https:\/\/37.148.206.186\/wp-content\/uploads\/2022\/02\/Man-Contact-blend.jpg","datePublished":"2024-05-11T11:38:52+00:00","dateModified":"2024-09-18T09:28:26+00:00","description":"Wenn Sie mehr \u00fcber den Weg zur Kompetenz erfahren m\u00f6chten, den Power Towers anbietet, nehmen Sie Kontakt auf!","breadcrumb":{"@id":"https:\/\/powertowers.com\/de\/informationen-uber-den-weg-zur-kompetenz\/#breadcrumb"},"inLanguage":"de","potentialAction":[{"@type":"ReadAction","target":["https:\/\/powertowers.com\/de\/informationen-uber-den-weg-zur-kompetenz\/"]}]},{"@type":"ImageObject","inLanguage":"de","@id":"https:\/\/powertowers.com\/de\/informationen-uber-den-weg-zur-kompetenz\/#primaryimage","url":"https:\/\/37.148.206.186\/wp-content\/uploads\/2022\/02\/Man-Contact-blend.jpg","contentUrl":"https:\/\/37.148.206.186\/wp-content\/uploads\/2022\/02\/Man-Contact-blend.jpg"},{"@type":"BreadcrumbList","@id":"https:\/\/powertowers.com\/de\/informationen-uber-den-weg-zur-kompetenz\/#breadcrumb","itemListElement":[{"@type":"ListItem","position":1,"name":"Home","item":"https:\/\/powertowers.com\/nl\/"},{"@type":"ListItem","position":2,"name":"Path to Competency Info"}]},{"@type":"WebSite","@id":"https:\/\/powertowers.com\/nl\/#website","url":"https:\/\/powertowers.com\/nl\/","name":"Power Towers","description":"Die Alternative zu Leitern, Podesten und Ger\u00fcsten.","publisher":{"@id":"https:\/\/powertowers.com\/nl\/#organization"},"potentialAction":[{"@type":"SearchAction","target":{"@type":"EntryPoint","urlTemplate":"https:\/\/powertowers.com\/nl\/?s={search_term_string}"},"query-input":{"@type":"PropertyValueSpecification","valueRequired":true,"valueName":"search_term_string"}}],"inLanguage":"de"},{"@type":"Organization","@id":"https:\/\/powertowers.com\/nl\/#organization","name":"Power Towers Ltd.","url":"https:\/\/powertowers.com\/nl\/","logo":{"@type":"ImageObject","inLanguage":"de","@id":"https:\/\/powertowers.com\/nl\/#\/schema\/logo\/image\/","url":"https:\/\/37.148.206.186\/wp-content\/uploads\/2021\/12\/power-towers-new-logo-outline-1024px.png","contentUrl":"https:\/\/37.148.206.186\/wp-content\/uploads\/2021\/12\/power-towers-new-logo-outline-1024px.png","width":1024,"height":209,"caption":"Power Towers Ltd."},"image":{"@id":"https:\/\/powertowers.com\/nl\/#\/schema\/logo\/image\/"}}]}},"_links":{"self":[{"href":"https:\/\/powertowers.com\/de\/wp-json\/wp\/v2\/pages\/4860","targetHints":{"allow":["GET"]}}],"collection":[{"href":"https:\/\/powertowers.com\/de\/wp-json\/wp\/v2\/pages"}],"about":[{"href":"https:\/\/powertowers.com\/de\/wp-json\/wp\/v2\/types\/page"}],"author":[{"embeddable":true,"href":"https:\/\/powertowers.com\/de\/wp-json\/wp\/v2\/users\/2"}],"replies":[{"embeddable":true,"href":"https:\/\/powertowers.com\/de\/wp-json\/wp\/v2\/comments?post=4860"}],"version-history":[{"count":16,"href":"https:\/\/powertowers.com\/de\/wp-json\/wp\/v2\/pages\/4860\/revisions"}],"predecessor-version":[{"id":5213,"href":"https:\/\/powertowers.com\/de\/wp-json\/wp\/v2\/pages\/4860\/revisions\/5213"}],"wp:attachment":[{"href":"https:\/\/powertowers.com\/de\/wp-json\/wp\/v2\/media?parent=4860"}],"curies":[{"name":"wp","href":"https:\/\/api.w.org\/{rel}","templated":true}]}}