{"id":4825,"date":"2024-05-11T12:56:10","date_gmt":"2024-05-11T10:56:10","guid":{"rendered":"https:\/\/37.148.206.186\/?page_id=4825"},"modified":"2025-09-11T14:16:34","modified_gmt":"2025-09-11T12:16:34","slug":"weg-zur-kompetenz","status":"publish","type":"page","link":"https:\/\/powertowers.com\/de\/path-to-competency\/","title":{"rendered":"Weg zur Kompetenz"},"content":{"rendered":"<div data-elementor-type=\"wp-page\" data-elementor-id=\"4825\" class=\"elementor elementor-4825\" data-elementor-post-type=\"page\">\n\t\t\t\t\t\t<main class=\"elementor-section elementor-top-section elementor-element elementor-element-8e1d4cc elementor-section-boxed elementor-section-height-default elementor-section-height-default elementor-invisible\" data-id=\"8e1d4cc\" data-element_type=\"section\" data-e-type=\"section\" data-settings=\"{&quot;animation&quot;:&quot;slideInLeft&quot;}\">\n\t\t\t\t\t\t<div class=\"elementor-container elementor-column-gap-default\">\n\t\t\t\t\t<div class=\"elementor-column elementor-col-100 elementor-top-column elementor-element elementor-element-effe1ac\" data-id=\"effe1ac\" data-element_type=\"column\" data-e-type=\"column\">\n\t\t\t<div class=\"elementor-widget-wrap elementor-element-populated\">\n\t\t\t\t\t\t<div class=\"elementor-element elementor-element-3116649 elementor-widget elementor-widget-heading\" data-id=\"3116649\" data-element_type=\"widget\" data-e-type=\"widget\" data-widget_type=\"heading.default\">\n\t\t\t\t<div class=\"elementor-widget-container\">\n\t\t\t\t\t<h1 class=\"elementor-heading-title elementor-size-default\">Path to Competency<\/h1>\t\t\t\t<\/div>\n\t\t\t\t<\/div>\n\t\t\t\t\t<\/div>\n\t\t<\/div>\n\t\t\t\t\t<\/div>\n\t\t<\/main>\n\t\t<main class=\"elementor-element elementor-element-0ba1b56 e-flex e-con-boxed e-con e-parent\" data-id=\"0ba1b56\" data-element_type=\"container\" data-e-type=\"container\">\n\t\t\t\t\t<div class=\"e-con-inner\">\n\t\t\t\t<div class=\"elementor-element elementor-element-d1791ca elementor-invisible elementor-widget elementor-widget-image\" data-id=\"d1791ca\" data-element_type=\"widget\" data-e-type=\"widget\" data-settings=\"{&quot;_animation&quot;:&quot;slideInRight&quot;,&quot;_animation_delay&quot;:100}\" data-widget_type=\"image.default\">\n\t\t\t\t<div class=\"elementor-widget-container\">\n\t\t\t\t\t\t\t\t\t\t\t\t\t\t\t<img fetchpriority=\"high\" decoding=\"async\" width=\"1140\" height=\"643\" src=\"https:\/\/powertowers.com\/wp-content\/uploads\/2024\/06\/Path-to-Competency-1140.png\" class=\"attachment-full size-full wp-image-4936\" alt=\"jlg Trainingsdiagramm\" srcset=\"https:\/\/powertowers.com\/wp-content\/uploads\/2024\/06\/Path-to-Competency-1140.png 1140w, https:\/\/powertowers.com\/wp-content\/uploads\/2024\/06\/Path-to-Competency-1140-300x169.png 300w, https:\/\/powertowers.com\/wp-content\/uploads\/2024\/06\/Path-to-Competency-1140-1024x578.png 1024w, https:\/\/powertowers.com\/wp-content\/uploads\/2024\/06\/Path-to-Competency-1140-768x433.png 768w, https:\/\/powertowers.com\/wp-content\/uploads\/2024\/06\/Path-to-Competency-1140-18x10.png 18w\" sizes=\"(max-width: 34.9rem) calc(100vw - 2rem), (max-width: 53rem) calc(8 * (100vw \/ 12)), (min-width: 53rem) calc(6 * (100vw \/ 12)), 100vw\" \/>\t\t\t\t\t\t\t\t\t\t\t\t\t\t\t<\/div>\n\t\t\t\t<\/div>\n\t\t\t\t<div class=\"elementor-element elementor-element-8593d18 elementor-invisible elementor-widget elementor-widget-text-editor\" data-id=\"8593d18\" data-element_type=\"widget\" data-e-type=\"widget\" data-settings=\"{&quot;_animation&quot;:&quot;slideInRight&quot;}\" data-widget_type=\"text-editor.default\">\n\t\t\t\t<div class=\"elementor-widget-container\">\n\t\t\t\t\t\t\t\t\t<p>Damit ein\/e Bediener\/in eine MEWP (mobile Hubarbeitsb\u00fchne) verwenden kann, muss er\/sie gem\u00e4\u00df den Vorschriften von seinem\/ihrem Arbeitgeber als kompetent anerkannt werden.<\/p>\n<p>Power Towers bietet eine L\u00f6sung namens \"Path to Competency\" (Weg zur Kompetenz) f\u00fcr bestimmte Umfahrungsmaschinen an. Diese L\u00f6sung stellt dem Arbeitgeber und dem Bediener die erforderlichen Ressourcen zur Verf\u00fcgung, um die Bediener mit verschiedenen Umschlagmaschinen richtig vertraut zu machen. Die im \"Path to Competency\" enthaltenen Maschinen sind: Pecolift\/Ecolift, Ecolift Wind Rated, Nano 25\/35, Power Towers und Power Towers Duo.  Der \"Weg zur Kompetenz\" wurde entwickelt, um eine gr\u00fcndliche, kosteng\u00fcnstige und zeitsparende L\u00f6sung f\u00fcr den Erwerb der Kompetenz zu bieten.<\/p>\t\t\t\t\t\t\t\t<\/div>\n\t\t\t\t<\/div>\n\t\t\t\t<div class=\"elementor-element elementor-element-4662cf6 elementor-invisible elementor-widget elementor-widget-heading\" data-id=\"4662cf6\" data-element_type=\"widget\" data-e-type=\"widget\" data-settings=\"{&quot;_animation&quot;:&quot;slideInRight&quot;}\" data-widget_type=\"heading.default\">\n\t\t\t\t<div class=\"elementor-widget-container\">\n\t\t\t\t\t<h2 class=\"elementor-heading-title elementor-size-default\">F\u00fcr den Bediener:<\/h2>\t\t\t\t<\/div>\n\t\t\t\t<\/div>\n\t\t\t\t<div class=\"elementor-element elementor-element-224dd89 elementor-invisible elementor-widget elementor-widget-text-editor\" data-id=\"224dd89\" data-element_type=\"widget\" data-e-type=\"widget\" data-settings=\"{&quot;_animation&quot;:&quot;slideInRight&quot;}\" data-widget_type=\"text-editor.default\">\n\t\t\t\t<div class=\"elementor-widget-container\">\n\t\t\t\t\t\t\t\t\t<p><strong>Pfad A \u2013 Der Bediener verf\u00fcgt \u00fcber keine g\u00fcltige Zertifizierung f\u00fcr die Verwendung von MEWPs.<\/strong>.\u00a0<\/p><p>Der Bediener erh\u00e4lt Zugriff auf eine 15-min\u00fctige Online-Einweisung in ein bestimmtes Power Towers-Produkt (aus den oben genannten).  Wenn der\/die Bediener\/in die Online-Einweisung durch Beantwortung von 30 Fragen erfolgreich abgeschlossen hat, erh\u00e4lt er oder sie eine Plakette, die den erfolgreichen Abschluss best\u00e4tigt.\u00a0\u00a0 \u00a0\u00a0<\/p><p>Anschlie\u00dfend muss der\/die Bediener\/in eine praktische \u00dcbung mit demselben Produkt durchf\u00fchren, w\u00e4hrend ein anerkannter Pr\u00fcfer (siehe unten \u201eOptionen f\u00fcr den Pr\u00fcfer\u201c) \u00fcberpr\u00fcft, ob der\/die Bediener\/in die ordnungsgem\u00e4\u00dfe Verwendung der Maschine versteht.<\/p><p>JLG stellt dieses Material zur Verf\u00fcgung, um Pr\u00fcfer bei der Durchf\u00fchrung ihrer Beurteilung zu unterst\u00fctzen. Ob ein Bediener als kompetent gilt, kann ausschlie\u00dflich der Arbeitgeber feststellen.<\/p><p><strong>Pfad B \u2013 Der Bediener verf\u00fcgt bereits \u00fcber eine g\u00fcltige Zertifizierung f\u00fcr die Verwendung von MEWPs.<\/strong><\/p><p>F\u00fcr Bediener mit einer g\u00fcltigen Zertifizierung zur Verwendung von MEWPs ist lediglich eine Einarbeitung vor der Verwendung eines neuen Produkts erforderlich. Dies kann durch eine Online-Einarbeitung, eine praktische Einarbeitungssitzung oder andere vom Arbeitgeber als ausreichend erachtete Methoden erfolgen.<\/p>\t\t\t\t\t\t\t\t<\/div>\n\t\t\t\t<\/div>\n\t\t\t\t<div class=\"elementor-element elementor-element-d341f65 elementor-invisible elementor-widget elementor-widget-heading\" data-id=\"d341f65\" data-element_type=\"widget\" data-e-type=\"widget\" data-settings=\"{&quot;_animation&quot;:&quot;slideInRight&quot;}\" data-widget_type=\"heading.default\">\n\t\t\t\t<div class=\"elementor-widget-container\">\n\t\t\t\t\t<h2 class=\"elementor-heading-title elementor-size-default\">F\u00fcr den Pr\u00fcfer: <\/h2>\t\t\t\t<\/div>\n\t\t\t\t<\/div>\n\t\t\t\t<div class=\"elementor-element elementor-element-b6c621e elementor-invisible elementor-widget elementor-widget-text-editor\" data-id=\"b6c621e\" data-element_type=\"widget\" data-e-type=\"widget\" data-settings=\"{&quot;_animation&quot;:&quot;slideInRight&quot;}\" data-widget_type=\"text-editor.default\">\n\t\t\t\t<div class=\"elementor-widget-container\">\n\t\t\t\t\t\t\t\t\t<p>Power Towers bietet auch einen \u201eTrain the Evaluator\u201c-Kurs (Kurs zur Ausbildung als Pr\u00fcfer) f\u00fcr Arbeitsb\u00fchnen an.  In diesem ganzt\u00e4gigen Kurs wird den Teilnehmern das erforderliche Wissen vermittelt, um zu bestimmen, ob ein Bediener \u00fcber die erforderlichen F\u00e4higkeiten zur Verwendung einer Arbeitsb\u00fchne verf\u00fcgt.  Nach erfolgreichem Abschluss dieses Kurses wird dem Teilnehmer bescheinigt, dass er\/sie \u00fcber die erforderlichen Informationen verf\u00fcgt, um als Pr\u00fcfer t\u00e4tig zu sein.  Der Pr\u00fcfer kann ein Mitglied des Personals des Arbeitgebers oder ein Externer sein.<\/p><p>Wenn Sie weitere Informationen ben\u00f6tigen, z\u00f6gern Sie nicht, uns zu kontaktieren.<\/p>\t\t\t\t\t\t\t\t<\/div>\n\t\t\t\t<\/div>\n\t\t\t\t\t<\/div>\n\t\t\t\t<\/main>\n\t\t\t\t<nav class=\"elementor-section elementor-top-section elementor-element elementor-element-a2064f8 elementor-section-boxed elementor-section-height-default elementor-section-height-default elementor-invisible\" data-id=\"a2064f8\" data-element_type=\"section\" data-e-type=\"section\" data-settings=\"{&quot;animation&quot;:&quot;zoomIn&quot;}\">\n\t\t\t\t\t\t<div class=\"elementor-container elementor-column-gap-default\">\n\t\t\t\t\t<div class=\"elementor-column elementor-col-100 elementor-top-column elementor-element elementor-element-4267153\" data-id=\"4267153\" data-element_type=\"column\" data-e-type=\"column\">\n\t\t\t<div class=\"elementor-widget-wrap elementor-element-populated\">\n\t\t\t\t\t\t<section class=\"elementor-section elementor-inner-section elementor-element elementor-element-5863717 elementor-section-content-bottom elementor-section-boxed elementor-section-height-default elementor-section-height-default\" data-id=\"5863717\" data-element_type=\"section\" data-e-type=\"section\">\n\t\t\t\t\t\t<div class=\"elementor-container elementor-column-gap-default\">\n\t\t\t\t\t<div class=\"elementor-column elementor-col-100 elementor-inner-column elementor-element elementor-element-1e1b740\" data-id=\"1e1b740\" data-element_type=\"column\" data-e-type=\"column\">\n\t\t\t<div class=\"elementor-widget-wrap elementor-element-populated\">\n\t\t\t\t\t\t<div class=\"elementor-element elementor-element-0cf4de9 elementor-align-center elementor-mobile-align-center elementor-widget elementor-widget-button\" data-id=\"0cf4de9\" data-element_type=\"widget\" data-e-type=\"widget\" data-widget_type=\"button.default\">\n\t\t\t\t<div class=\"elementor-widget-container\">\n\t\t\t\t\t\t\t\t\t<div class=\"elementor-button-wrapper\">\n\t\t\t\t\t<a class=\"elementor-button elementor-button-link elementor-size-md\" href=\"https:\/\/powertowers.com\/de\/informationen-uber-den-weg-zur-kompetenz\/\">\n\t\t\t\t\t\t<span class=\"elementor-button-content-wrapper\">\n\t\t\t\t\t\t\t\t\t<span class=\"elementor-button-text\">Ich m\u00f6chte mehr Informationen<\/span>\n\t\t\t\t\t<\/span>\n\t\t\t\t\t<\/a>\n\t\t\t\t<\/div>\n\t\t\t\t\t\t\t\t<\/div>\n\t\t\t\t<\/div>\n\t\t\t\t\t<\/div>\n\t\t<\/div>\n\t\t\t\t\t<\/div>\n\t\t<\/section>\n\t\t\t\t\t<\/div>\n\t\t<\/div>\n\t\t\t\t\t<\/div>\n\t\t<\/nav>\n\t\t\t\t<\/div>","protected":false},"excerpt":{"rendered":"<p>Weg zur Bef\u00e4higung Damit ein Bediener eine Hubarbeitsb\u00fchne benutzen kann, muss er von seinem Arbeitgeber als kompetent anerkannt sein. Power Towers bietet eine L\u00f6sung namens \u201cPath to Competency\u201d (Weg zur Kompetenz) f\u00fcr bestimmte Arbeitsb\u00fchnen an. Diese L\u00f6sung stellt dem Arbeitgeber und dem Bediener die erforderlichen Ressourcen zur Verf\u00fcgung, um die Bediener ordnungsgem\u00e4\u00df mit der ... <\/p>\n<p class=\"link-more\"><a href=\"https:\/\/powertowers.com\/de\/path-to-competency\/\" class=\"more-link\"><span class=\"screen-reader-text\">\"Weg zur Kompetenz\" <\/span>weiterlesen<\/a><\/p>","protected":false},"author":1,"featured_media":0,"parent":0,"menu_order":0,"comment_status":"closed","ping_status":"closed","template":"elementor_header_footer","meta":{"content-type":"","footnotes":""},"class_list":["post-4825","page","type-page","status-publish","hentry","entry"],"yoast_head":"<!-- This site is optimized with the Yoast SEO plugin v27.4 - https:\/\/yoast.com\/product\/yoast-seo-wordpress\/ -->\n<title>Know more about the Path to Competency | Power Towers<\/title>\n<meta name=\"description\" content=\"The\u201d Path to Competency\u201d has been developed to provide a thorough, cost effective and time efficient solution to achieve competency.\" \/>\n<meta name=\"robots\" content=\"index, follow, max-snippet:-1, max-image-preview:large, max-video-preview:-1\" \/>\n<link rel=\"canonical\" href=\"https:\/\/powertowers.com\/de\/weg-zur-kompetenz\/\" \/>\n<meta property=\"og:locale\" content=\"de_DE\" \/>\n<meta property=\"og:type\" content=\"article\" \/>\n<meta property=\"og:title\" content=\"Know more about the Path to Competency | Power Towers\" \/>\n<meta property=\"og:description\" content=\"The\u201d Path to Competency\u201d has been developed to provide a thorough, cost effective and time efficient solution to achieve competency.\" \/>\n<meta property=\"og:url\" content=\"https:\/\/powertowers.com\/de\/weg-zur-kompetenz\/\" \/>\n<meta property=\"og:site_name\" content=\"Power Towers\" \/>\n<meta property=\"article:modified_time\" content=\"2025-09-11T12:16:34+00:00\" \/>\n<meta property=\"og:image\" content=\"https:\/\/37.148.206.186\/wp-content\/uploads\/2024\/06\/Path-to-Competency-1140.png\" \/>\n<meta name=\"twitter:card\" content=\"summary_large_image\" \/>\n<meta name=\"twitter:label1\" content=\"Gesch\u00e4tzte Lesezeit\" \/>\n\t<meta name=\"twitter:data1\" content=\"2\u00a0Minuten\" \/>\n<script type=\"application\/ld+json\" class=\"yoast-schema-graph\">{\"@context\":\"https:\\\/\\\/schema.org\",\"@graph\":[{\"@type\":\"WebPage\",\"@id\":\"https:\\\/\\\/powertowers.com\\\/path-to-competency\\\/\",\"url\":\"https:\\\/\\\/powertowers.com\\\/path-to-competency\\\/\",\"name\":\"Know more about the Path to Competency | Power Towers\",\"isPartOf\":{\"@id\":\"https:\\\/\\\/powertowers.com\\\/nl\\\/#website\"},\"primaryImageOfPage\":{\"@id\":\"https:\\\/\\\/powertowers.com\\\/path-to-competency\\\/#primaryimage\"},\"image\":{\"@id\":\"https:\\\/\\\/powertowers.com\\\/path-to-competency\\\/#primaryimage\"},\"thumbnailUrl\":\"https:\\\/\\\/37.148.206.186\\\/wp-content\\\/uploads\\\/2024\\\/06\\\/Path-to-Competency-1140.png\",\"datePublished\":\"2024-05-11T10:56:10+00:00\",\"dateModified\":\"2025-09-11T12:16:34+00:00\",\"description\":\"The\u201d Path to Competency\u201d has been developed to provide a thorough, cost effective and time efficient solution to achieve competency.\",\"breadcrumb\":{\"@id\":\"https:\\\/\\\/powertowers.com\\\/path-to-competency\\\/#breadcrumb\"},\"inLanguage\":\"de\",\"potentialAction\":[{\"@type\":\"ReadAction\",\"target\":[\"https:\\\/\\\/powertowers.com\\\/path-to-competency\\\/\"]}]},{\"@type\":\"ImageObject\",\"inLanguage\":\"de\",\"@id\":\"https:\\\/\\\/powertowers.com\\\/path-to-competency\\\/#primaryimage\",\"url\":\"https:\\\/\\\/37.148.206.186\\\/wp-content\\\/uploads\\\/2024\\\/06\\\/Path-to-Competency-1140.png\",\"contentUrl\":\"https:\\\/\\\/37.148.206.186\\\/wp-content\\\/uploads\\\/2024\\\/06\\\/Path-to-Competency-1140.png\"},{\"@type\":\"BreadcrumbList\",\"@id\":\"https:\\\/\\\/powertowers.com\\\/path-to-competency\\\/#breadcrumb\",\"itemListElement\":[{\"@type\":\"ListItem\",\"position\":1,\"name\":\"Home\",\"item\":\"https:\\\/\\\/powertowers.com\\\/nl\\\/\"},{\"@type\":\"ListItem\",\"position\":2,\"name\":\"Path to Competency\"}]},{\"@type\":\"WebSite\",\"@id\":\"https:\\\/\\\/powertowers.com\\\/nl\\\/#website\",\"url\":\"https:\\\/\\\/powertowers.com\\\/nl\\\/\",\"name\":\"Power Towers\",\"description\":\"The alternative to ladders, podiums and scaffolding.\",\"publisher\":{\"@id\":\"https:\\\/\\\/powertowers.com\\\/nl\\\/#organization\"},\"potentialAction\":[{\"@type\":\"SearchAction\",\"target\":{\"@type\":\"EntryPoint\",\"urlTemplate\":\"https:\\\/\\\/powertowers.com\\\/nl\\\/?s={search_term_string}\"},\"query-input\":{\"@type\":\"PropertyValueSpecification\",\"valueRequired\":true,\"valueName\":\"search_term_string\"}}],\"inLanguage\":\"de\"},{\"@type\":\"Organization\",\"@id\":\"https:\\\/\\\/powertowers.com\\\/nl\\\/#organization\",\"name\":\"Power Towers Ltd.\",\"url\":\"https:\\\/\\\/powertowers.com\\\/nl\\\/\",\"logo\":{\"@type\":\"ImageObject\",\"inLanguage\":\"de\",\"@id\":\"https:\\\/\\\/powertowers.com\\\/nl\\\/#\\\/schema\\\/logo\\\/image\\\/\",\"url\":\"https:\\\/\\\/37.148.206.186\\\/wp-content\\\/uploads\\\/2021\\\/12\\\/power-towers-new-logo-outline-1024px.png\",\"contentUrl\":\"https:\\\/\\\/37.148.206.186\\\/wp-content\\\/uploads\\\/2021\\\/12\\\/power-towers-new-logo-outline-1024px.png\",\"width\":1024,\"height\":209,\"caption\":\"Power Towers Ltd.\"},\"image\":{\"@id\":\"https:\\\/\\\/powertowers.com\\\/nl\\\/#\\\/schema\\\/logo\\\/image\\\/\"}}]}<\/script>\n<!-- \/ Yoast SEO plugin. -->","yoast_head_json":{"title":"Erfahren Sie mehr \u00fcber den Pfad zur Kompetenz | Power Towers","description":"Der\" Weg zur Kompetenz\" wurde entwickelt, um eine gr\u00fcndliche, kosteneffektive und zeitsparende L\u00f6sung zum Erreichen der Kompetenz zu bieten.","robots":{"index":"index","follow":"follow","max-snippet":"max-snippet:-1","max-image-preview":"max-image-preview:large","max-video-preview":"max-video-preview:-1"},"canonical":"https:\/\/powertowers.com\/de\/weg-zur-kompetenz\/","og_locale":"de_DE","og_type":"article","og_title":"Know more about the Path to Competency | Power Towers","og_description":"The\u201d Path to Competency\u201d has been developed to provide a thorough, cost effective and time efficient solution to achieve competency.","og_url":"https:\/\/powertowers.com\/de\/weg-zur-kompetenz\/","og_site_name":"Power Towers","article_modified_time":"2025-09-11T12:16:34+00:00","og_image":[{"url":"https:\/\/37.148.206.186\/wp-content\/uploads\/2024\/06\/Path-to-Competency-1140.png","type":"","width":"","height":""}],"twitter_card":"summary_large_image","twitter_misc":{"Gesch\u00e4tzte Lesezeit":"2\u00a0Minuten"},"schema":{"@context":"https:\/\/schema.org","@graph":[{"@type":"WebPage","@id":"https:\/\/powertowers.com\/path-to-competency\/","url":"https:\/\/powertowers.com\/path-to-competency\/","name":"Erfahren Sie mehr \u00fcber den Pfad zur Kompetenz | Power Towers","isPartOf":{"@id":"https:\/\/powertowers.com\/nl\/#website"},"primaryImageOfPage":{"@id":"https:\/\/powertowers.com\/path-to-competency\/#primaryimage"},"image":{"@id":"https:\/\/powertowers.com\/path-to-competency\/#primaryimage"},"thumbnailUrl":"https:\/\/37.148.206.186\/wp-content\/uploads\/2024\/06\/Path-to-Competency-1140.png","datePublished":"2024-05-11T10:56:10+00:00","dateModified":"2025-09-11T12:16:34+00:00","description":"Der\" Weg zur Kompetenz\" wurde entwickelt, um eine gr\u00fcndliche, kosteneffektive und zeitsparende L\u00f6sung zum Erreichen der Kompetenz zu bieten.","breadcrumb":{"@id":"https:\/\/powertowers.com\/path-to-competency\/#breadcrumb"},"inLanguage":"de","potentialAction":[{"@type":"ReadAction","target":["https:\/\/powertowers.com\/path-to-competency\/"]}]},{"@type":"ImageObject","inLanguage":"de","@id":"https:\/\/powertowers.com\/path-to-competency\/#primaryimage","url":"https:\/\/37.148.206.186\/wp-content\/uploads\/2024\/06\/Path-to-Competency-1140.png","contentUrl":"https:\/\/37.148.206.186\/wp-content\/uploads\/2024\/06\/Path-to-Competency-1140.png"},{"@type":"BreadcrumbList","@id":"https:\/\/powertowers.com\/path-to-competency\/#breadcrumb","itemListElement":[{"@type":"ListItem","position":1,"name":"Home","item":"https:\/\/powertowers.com\/nl\/"},{"@type":"ListItem","position":2,"name":"Path to Competency"}]},{"@type":"WebSite","@id":"https:\/\/powertowers.com\/nl\/#website","url":"https:\/\/powertowers.com\/nl\/","name":"Power Towers","description":"Die Alternative zu Leitern, Podesten und Ger\u00fcsten.","publisher":{"@id":"https:\/\/powertowers.com\/nl\/#organization"},"potentialAction":[{"@type":"SearchAction","target":{"@type":"EntryPoint","urlTemplate":"https:\/\/powertowers.com\/nl\/?s={search_term_string}"},"query-input":{"@type":"PropertyValueSpecification","valueRequired":true,"valueName":"search_term_string"}}],"inLanguage":"de"},{"@type":"Organization","@id":"https:\/\/powertowers.com\/nl\/#organization","name":"Power Towers Ltd.","url":"https:\/\/powertowers.com\/nl\/","logo":{"@type":"ImageObject","inLanguage":"de","@id":"https:\/\/powertowers.com\/nl\/#\/schema\/logo\/image\/","url":"https:\/\/37.148.206.186\/wp-content\/uploads\/2021\/12\/power-towers-new-logo-outline-1024px.png","contentUrl":"https:\/\/37.148.206.186\/wp-content\/uploads\/2021\/12\/power-towers-new-logo-outline-1024px.png","width":1024,"height":209,"caption":"Power Towers Ltd."},"image":{"@id":"https:\/\/powertowers.com\/nl\/#\/schema\/logo\/image\/"}}]}},"_links":{"self":[{"href":"https:\/\/powertowers.com\/de\/wp-json\/wp\/v2\/pages\/4825","targetHints":{"allow":["GET"]}}],"collection":[{"href":"https:\/\/powertowers.com\/de\/wp-json\/wp\/v2\/pages"}],"about":[{"href":"https:\/\/powertowers.com\/de\/wp-json\/wp\/v2\/types\/page"}],"author":[{"embeddable":true,"href":"https:\/\/powertowers.com\/de\/wp-json\/wp\/v2\/users\/1"}],"replies":[{"embeddable":true,"href":"https:\/\/powertowers.com\/de\/wp-json\/wp\/v2\/comments?post=4825"}],"version-history":[{"count":79,"href":"https:\/\/powertowers.com\/de\/wp-json\/wp\/v2\/pages\/4825\/revisions"}],"predecessor-version":[{"id":5760,"href":"https:\/\/powertowers.com\/de\/wp-json\/wp\/v2\/pages\/4825\/revisions\/5760"}],"wp:attachment":[{"href":"https:\/\/powertowers.com\/de\/wp-json\/wp\/v2\/media?parent=4825"}],"curies":[{"name":"wp","href":"https:\/\/api.w.org\/{rel}","templated":true}]}}