{"id":2137,"date":"2022-11-11T17:08:37","date_gmt":"2022-11-11T16:08:37","guid":{"rendered":"https:\/\/37.148.206.186\/?page_id=2137"},"modified":"2026-02-18T16:05:42","modified_gmt":"2026-02-18T15:05:42","slug":"kontaktseite","status":"publish","type":"page","link":"https:\/\/powertowers.com\/de\/contact-page\/","title":{"rendered":"Kontakt Seite"},"content":{"rendered":"<div data-elementor-type=\"wp-page\" data-elementor-id=\"2137\" class=\"elementor elementor-2137\" data-elementor-post-type=\"page\">\n\t\t\t\t\t\t<section class=\"elementor-section elementor-top-section elementor-element elementor-element-68d390a elementor-section-boxed elementor-section-height-default elementor-section-height-default elementor-invisible\" data-id=\"68d390a\" data-element_type=\"section\" data-e-type=\"section\" data-settings=\"{&quot;animation&quot;:&quot;slideInUp&quot;}\">\n\t\t\t\t\t\t<div class=\"elementor-container elementor-column-gap-default\">\n\t\t\t\t\t<div class=\"elementor-column elementor-col-33 elementor-top-column elementor-element elementor-element-f6a3e5c\" data-id=\"f6a3e5c\" data-element_type=\"column\" data-e-type=\"column\">\n\t\t\t<div class=\"elementor-widget-wrap elementor-element-populated\">\n\t\t\t\t\t\t<div class=\"elementor-element elementor-element-f88c42c elementor-invisible elementor-widget elementor-widget-image\" data-id=\"f88c42c\" data-element_type=\"widget\" data-e-type=\"widget\" data-settings=\"{&quot;_animation&quot;:&quot;slideInUp&quot;}\" data-widget_type=\"image.default\">\n\t\t\t\t<div class=\"elementor-widget-container\">\n\t\t\t\t\t\t\t\t\t\t\t\t\t\t\t<img fetchpriority=\"high\" decoding=\"async\" width=\"677\" height=\"844\" src=\"https:\/\/powertowers.com\/wp-content\/uploads\/2022\/02\/Man-Contact-blend.jpg\" class=\"attachment-full size-full wp-image-1146\" alt=\"Mann mit Schutzhelm auf dem Bau\" srcset=\"https:\/\/powertowers.com\/wp-content\/uploads\/2022\/02\/Man-Contact-blend.jpg 677w, https:\/\/powertowers.com\/wp-content\/uploads\/2022\/02\/Man-Contact-blend-241x300.jpg 241w, https:\/\/powertowers.com\/wp-content\/uploads\/2022\/02\/Man-Contact-blend-10x12.jpg 10w\" sizes=\"(max-width: 34.9rem) calc(100vw - 2rem), (max-width: 53rem) calc(8 * (100vw \/ 12)), (min-width: 53rem) calc(6 * (100vw \/ 12)), 100vw\" \/>\t\t\t\t\t\t\t\t\t\t\t\t\t\t\t<\/div>\n\t\t\t\t<\/div>\n\t\t\t\t\t<\/div>\n\t\t<\/div>\n\t\t\t\t<div class=\"elementor-column elementor-col-33 elementor-top-column elementor-element elementor-element-67c5c0d\" data-id=\"67c5c0d\" data-element_type=\"column\" data-e-type=\"column\">\n\t\t\t<div class=\"elementor-widget-wrap elementor-element-populated\">\n\t\t\t\t\t\t<div class=\"elementor-element elementor-element-0cb4852 elementor-invisible elementor-widget elementor-widget-heading\" data-id=\"0cb4852\" data-element_type=\"widget\" data-e-type=\"widget\" data-settings=\"{&quot;_animation&quot;:&quot;slideInDown&quot;}\" data-widget_type=\"heading.default\">\n\t\t\t\t<div class=\"elementor-widget-container\">\n\t\t\t\t\t<h1 class=\"elementor-heading-title elementor-size-default\">Kontakt<\/h1>\t\t\t\t<\/div>\n\t\t\t\t<\/div>\n\t\t\t\t<div class=\"elementor-element elementor-element-d250db7 elementor-widget elementor-widget-text-editor\" data-id=\"d250db7\" data-element_type=\"widget\" data-e-type=\"widget\" data-widget_type=\"text-editor.default\">\n\t\t\t\t<div class=\"elementor-widget-container\">\n\t\t\t\t\t\t\t\t\t<div class=\"elementor-element elementor-element-ba0883e elementor-widget elementor-widget-text-editor\" data-id=\"ba0883e\" data-element_type=\"widget\" data-widget_type=\"text-editor.default\"><div class=\"elementor-widget-container\"><div class=\"elementor-text-editor elementor-clearfix\"><p><strong>Sie sind noch nicht bereit f\u00fcr eine Vorf\u00fchrung oder ein Angebot?<\/strong><\/p><p>M\u00f6chten Sie weitere Einzelheiten erfahren? Nehmen Sie Kontakt auf! F\u00fcllen Sie das Kontaktformular aus, damit wir uns zeitnah mit Ihnen in Verbindung setzen k\u00f6nnen.<\/p><p>Power Towers Limited<br \/>Unit 3, Leicester Distribution Park<br \/>45 Sunningdale Road<br \/>Leicester LE3 1UX<br \/>Vereinigtes K\u00f6nigreich<\/p><\/div><\/div><\/div><div class=\"elementor-element elementor-element-7219615 elementor-widget elementor-widget-text-editor\" data-id=\"7219615\" data-element_type=\"widget\" data-widget_type=\"text-editor.default\"><div class=\"elementor-widget-container\"><div class=\"elementor-text-editor elementor-clearfix\"><p>Tel: +44 (0) 161 654 1000<br \/><i>Gesch\u00e4ftszeiten: 09:00 bis 16:00 GMT<\/i><\/p><p>E-Mail:\u00a0<strong><em><a href=\"mailto:sales@powertowers.com\">sales@powertowers.com<\/a><\/em><\/strong><\/p><\/div><\/div><\/div>\t\t\t\t\t\t\t\t<\/div>\n\t\t\t\t<\/div>\n\t\t\t\t\t<\/div>\n\t\t<\/div>\n\t\t\t\t<div class=\"elementor-column elementor-col-33 elementor-top-column elementor-element elementor-element-5a690d0\" data-id=\"5a690d0\" data-element_type=\"column\" data-e-type=\"column\">\n\t\t\t<div class=\"elementor-widget-wrap elementor-element-populated\">\n\t\t\t\t\t\t<div class=\"elementor-element elementor-element-d28c38b elementor-widget elementor-widget-text-editor\" data-id=\"d28c38b\" data-element_type=\"widget\" data-e-type=\"widget\" data-widget_type=\"text-editor.default\">\n\t\t\t\t<div class=\"elementor-widget-container\">\n\t\t\t\t\t<style>.elementor-element-d28c38b{display:none !important}<\/style>\t\t\t\t<\/div>\n\t\t\t\t<\/div>\n\t\t\t\t<div class=\"elementor-element elementor-element-dcfa5ea elementor-widget elementor-widget-text-editor\" data-id=\"dcfa5ea\" data-element_type=\"widget\" data-e-type=\"widget\" data-no-translation=\"\" data-widget_type=\"text-editor.default\">\n\t\t\t\t<div class=\"elementor-widget-container\">\n\t\t\t\t\t<style>.elementor-element-dcfa5ea{display:none !important}<\/style>\t\t\t\t<\/div>\n\t\t\t\t<\/div>\n\t\t\t\t<div class=\"elementor-element elementor-element-8c206b0 elementor-widget elementor-widget-text-editor\" data-id=\"8c206b0\" data-element_type=\"widget\" data-e-type=\"widget\" data-no-translation=\"\" data-widget_type=\"text-editor.default\">\n\t\t\t\t<div class=\"elementor-widget-container\">\n\t\t\t\t\t\t\t\t\t<script charset=\"utf-8\" type=\"text\/javascript\" src=\"\/\/js.hsforms.net\/forms\/embed\/v2.js\"><\/script>\n<script>\n  hbspt.forms.create({\n    region: \"na1\",\n    portalId: \"8420674\",\n    formId: \"65016d1e-9589-42a4-bb9e-72765c80610f\"\n  });\n<\/script>\t\t\t\t\t\t\t\t<\/div>\n\t\t\t\t<\/div>\n\t\t\t\t<div class=\"elementor-element elementor-element-e09f4d6 elementor-widget elementor-widget-text-editor\" data-id=\"e09f4d6\" data-element_type=\"widget\" data-e-type=\"widget\" data-no-translation=\"\" data-widget_type=\"text-editor.default\">\n\t\t\t\t<div class=\"elementor-widget-container\">\n\t\t\t\t\t<style>.elementor-element-e09f4d6{display:none !important}<\/style>\t\t\t\t<\/div>\n\t\t\t\t<\/div>\n\t\t\t\t<div class=\"elementor-element elementor-element-81ab63d elementor-widget elementor-widget-text-editor\" data-id=\"81ab63d\" data-element_type=\"widget\" data-e-type=\"widget\" data-no-translation=\"\" data-widget_type=\"text-editor.default\">\n\t\t\t\t<div class=\"elementor-widget-container\">\n\t\t\t\t\t<style>.elementor-element-81ab63d{display:none !important}<\/style>\t\t\t\t<\/div>\n\t\t\t\t<\/div>\n\t\t\t\t<div class=\"elementor-element elementor-element-e9d9511 elementor-widget elementor-widget-text-editor\" data-id=\"e9d9511\" data-element_type=\"widget\" data-e-type=\"widget\" data-no-translation=\"\" data-widget_type=\"text-editor.default\">\n\t\t\t\t<div class=\"elementor-widget-container\">\n\t\t\t\t\t<style>.elementor-element-e9d9511{display:none !important}<\/style>\t\t\t\t<\/div>\n\t\t\t\t<\/div>\n\t\t\t\t<div class=\"elementor-element elementor-element-3d011dc elementor-widget elementor-widget-text-editor\" data-id=\"3d011dc\" data-element_type=\"widget\" data-e-type=\"widget\" data-no-translation=\"\" data-widget_type=\"text-editor.default\">\n\t\t\t\t<div class=\"elementor-widget-container\">\n\t\t\t\t\t<style>.elementor-element-3d011dc{display:none !important}<\/style>\t\t\t\t<\/div>\n\t\t\t\t<\/div>\n\t\t\t\t<div class=\"elementor-element elementor-element-f689b8b elementor-widget elementor-widget-text-editor\" data-id=\"f689b8b\" data-element_type=\"widget\" data-e-type=\"widget\" data-no-translation=\"\" data-widget_type=\"text-editor.default\">\n\t\t\t\t<div class=\"elementor-widget-container\">\n\t\t\t\t\t<style>.elementor-element-f689b8b{display:none !important}<\/style>\t\t\t\t<\/div>\n\t\t\t\t<\/div>\n\t\t\t\t<div class=\"elementor-element elementor-element-699b620 elementor-widget elementor-widget-text-editor\" data-id=\"699b620\" data-element_type=\"widget\" data-e-type=\"widget\" data-widget_type=\"text-editor.default\">\n\t\t\t\t<div class=\"elementor-widget-container\">\n\t\t\t\t\t\t\t\t\tMit diesem Formular werden Ihr Name, Ihre Kontaktnummer und Ihre E-Mail-Adresse erfasst, damit unsere Teams mit Ihnen kommunizieren und Ihre Anfrage beantworten k\u00f6nnen. Bitte lesen Sie unsere <a style=\"color: #eb6608;\" href=\"https:\/\/www.jlg.com\/en-gb\/privacy-policy\" target=\"_blank\" rel=\"noopener\">Datenschutzbestimmungen,<\/a> um zu erfahren, wie wir die von Ihnen \u00fcbermittelten Daten sch\u00fctzen und verwenden.\t\t\t\t\t\t\t\t<\/div>\n\t\t\t\t<\/div>\n\t\t\t\t\t<\/div>\n\t\t<\/div>\n\t\t\t\t\t<\/div>\n\t\t<\/section>\n\t\t\t\t<\/div>","protected":false},"excerpt":{"rendered":"<p>contact Not ready for a demo or quote yet? Do you want more details, get in touch! Complete the contact form and we will reach out to you as soon as possible. Power Towers LimitedUnit 3, Leicester Distribution Park45 Sunningdale RoadLeicester LE3 1UXUnited Kingdom Tel:\u00a0+44 (0)\u00a0161 654 1000Office hours: 09:00 to 16:00 GMT Email:\u00a0sales@powertowers.com This &hellip; <\/p>\n<p class=\"link-more\"><a href=\"https:\/\/powertowers.com\/de\/contact-page\/\" class=\"more-link\"><span class=\"screen-reader-text\">\"Kontaktseite\" <\/span>weiterlesen<\/a><\/p>","protected":false},"author":1,"featured_media":0,"parent":0,"menu_order":0,"comment_status":"closed","ping_status":"closed","template":"elementor_header_footer","meta":{"content-type":"","footnotes":""},"class_list":["post-2137","page","type-page","status-publish","hentry","entry"],"yoast_head":"<!-- This site is optimized with the Yoast SEO plugin v27.4 - https:\/\/yoast.com\/product\/yoast-seo-wordpress\/ -->\n<title>Contact Us - Mobile elevated platforms | Power Towers<\/title>\n<meta name=\"description\" content=\"If you want more details about Power Towers, get in touch! Complete the contact form and we will reach out to you as soon as possible.\" \/>\n<meta name=\"robots\" content=\"index, follow, max-snippet:-1, max-image-preview:large, max-video-preview:-1\" \/>\n<link rel=\"canonical\" href=\"https:\/\/powertowers.com\/de\/kontaktseite\/\" \/>\n<meta property=\"og:locale\" content=\"de_DE\" \/>\n<meta property=\"og:type\" content=\"article\" \/>\n<meta property=\"og:title\" content=\"Contact Us - Mobile elevated platforms | Power Towers\" \/>\n<meta property=\"og:description\" content=\"If you want more details about Power Towers, get in touch! Complete the contact form and we will reach out to you as soon as possible.\" \/>\n<meta property=\"og:url\" content=\"https:\/\/powertowers.com\/de\/kontaktseite\/\" \/>\n<meta property=\"og:site_name\" content=\"Power Towers\" \/>\n<meta property=\"article:modified_time\" content=\"2026-02-18T15:05:42+00:00\" \/>\n<meta property=\"og:image\" content=\"https:\/\/powertowers.com\/wp-content\/uploads\/2022\/02\/Man-Contact-blend.jpg\" \/>\n\t<meta property=\"og:image:width\" content=\"677\" \/>\n\t<meta property=\"og:image:height\" content=\"844\" \/>\n\t<meta property=\"og:image:type\" content=\"image\/jpeg\" \/>\n<meta name=\"twitter:card\" content=\"summary_large_image\" \/>\n<meta name=\"twitter:label1\" content=\"Gesch\u00e4tzte Lesezeit\" \/>\n\t<meta name=\"twitter:data1\" content=\"1\u00a0Minute\" \/>\n<script type=\"application\/ld+json\" class=\"yoast-schema-graph\">{\"@context\":\"https:\\\/\\\/schema.org\",\"@graph\":[{\"@type\":\"WebPage\",\"@id\":\"https:\\\/\\\/powertowers.com\\\/contact-page\\\/\",\"url\":\"https:\\\/\\\/powertowers.com\\\/contact-page\\\/\",\"name\":\"Contact Us - Mobile elevated platforms | Power Towers\",\"isPartOf\":{\"@id\":\"https:\\\/\\\/powertowers.com\\\/nl\\\/#website\"},\"primaryImageOfPage\":{\"@id\":\"https:\\\/\\\/powertowers.com\\\/contact-page\\\/#primaryimage\"},\"image\":{\"@id\":\"https:\\\/\\\/powertowers.com\\\/contact-page\\\/#primaryimage\"},\"thumbnailUrl\":\"https:\\\/\\\/powertowers.com\\\/wp-content\\\/uploads\\\/2022\\\/02\\\/Man-Contact-blend.jpg\",\"datePublished\":\"2022-11-11T16:08:37+00:00\",\"dateModified\":\"2026-02-18T15:05:42+00:00\",\"description\":\"If you want more details about Power Towers, get in touch! Complete the contact form and we will reach out to you as soon as possible.\",\"breadcrumb\":{\"@id\":\"https:\\\/\\\/powertowers.com\\\/contact-page\\\/#breadcrumb\"},\"inLanguage\":\"de\",\"potentialAction\":[{\"@type\":\"ReadAction\",\"target\":[\"https:\\\/\\\/powertowers.com\\\/contact-page\\\/\"]}]},{\"@type\":\"ImageObject\",\"inLanguage\":\"de\",\"@id\":\"https:\\\/\\\/powertowers.com\\\/contact-page\\\/#primaryimage\",\"url\":\"https:\\\/\\\/powertowers.com\\\/wp-content\\\/uploads\\\/2022\\\/02\\\/Man-Contact-blend.jpg\",\"contentUrl\":\"https:\\\/\\\/powertowers.com\\\/wp-content\\\/uploads\\\/2022\\\/02\\\/Man-Contact-blend.jpg\"},{\"@type\":\"BreadcrumbList\",\"@id\":\"https:\\\/\\\/powertowers.com\\\/contact-page\\\/#breadcrumb\",\"itemListElement\":[{\"@type\":\"ListItem\",\"position\":1,\"name\":\"Home\",\"item\":\"https:\\\/\\\/powertowers.com\\\/nl\\\/\"},{\"@type\":\"ListItem\",\"position\":2,\"name\":\"Contact Page\"}]},{\"@type\":\"WebSite\",\"@id\":\"https:\\\/\\\/powertowers.com\\\/nl\\\/#website\",\"url\":\"https:\\\/\\\/powertowers.com\\\/nl\\\/\",\"name\":\"Power Towers\",\"description\":\"The alternative to ladders, podiums and scaffolding.\",\"publisher\":{\"@id\":\"https:\\\/\\\/powertowers.com\\\/nl\\\/#organization\"},\"potentialAction\":[{\"@type\":\"SearchAction\",\"target\":{\"@type\":\"EntryPoint\",\"urlTemplate\":\"https:\\\/\\\/powertowers.com\\\/nl\\\/?s={search_term_string}\"},\"query-input\":{\"@type\":\"PropertyValueSpecification\",\"valueRequired\":true,\"valueName\":\"search_term_string\"}}],\"inLanguage\":\"de\"},{\"@type\":\"Organization\",\"@id\":\"https:\\\/\\\/powertowers.com\\\/nl\\\/#organization\",\"name\":\"Power Towers Ltd.\",\"url\":\"https:\\\/\\\/powertowers.com\\\/nl\\\/\",\"logo\":{\"@type\":\"ImageObject\",\"inLanguage\":\"de\",\"@id\":\"https:\\\/\\\/powertowers.com\\\/nl\\\/#\\\/schema\\\/logo\\\/image\\\/\",\"url\":\"https:\\\/\\\/37.148.206.186\\\/wp-content\\\/uploads\\\/2021\\\/12\\\/power-towers-new-logo-outline-1024px.png\",\"contentUrl\":\"https:\\\/\\\/37.148.206.186\\\/wp-content\\\/uploads\\\/2021\\\/12\\\/power-towers-new-logo-outline-1024px.png\",\"width\":1024,\"height\":209,\"caption\":\"Power Towers Ltd.\"},\"image\":{\"@id\":\"https:\\\/\\\/powertowers.com\\\/nl\\\/#\\\/schema\\\/logo\\\/image\\\/\"}}]}<\/script>\n<!-- \/ Yoast SEO plugin. -->","yoast_head_json":{"title":"Kontakt - Mobile Hubarbeitsb\u00fchnen | Power Towers","description":"Wenn Sie weitere Einzelheiten \u00fcber Power Towers erfahren m\u00f6chten, nehmen Sie Kontakt mit uns auf!","robots":{"index":"index","follow":"follow","max-snippet":"max-snippet:-1","max-image-preview":"max-image-preview:large","max-video-preview":"max-video-preview:-1"},"canonical":"https:\/\/powertowers.com\/de\/kontaktseite\/","og_locale":"de_DE","og_type":"article","og_title":"Contact Us - Mobile elevated platforms | Power Towers","og_description":"If you want more details about Power Towers, get in touch! Complete the contact form and we will reach out to you as soon as possible.","og_url":"https:\/\/powertowers.com\/de\/kontaktseite\/","og_site_name":"Power Towers","article_modified_time":"2026-02-18T15:05:42+00:00","og_image":[{"width":677,"height":844,"url":"https:\/\/powertowers.com\/wp-content\/uploads\/2022\/02\/Man-Contact-blend.jpg","type":"image\/jpeg"}],"twitter_card":"summary_large_image","twitter_misc":{"Gesch\u00e4tzte Lesezeit":"1\u00a0Minute"},"schema":{"@context":"https:\/\/schema.org","@graph":[{"@type":"WebPage","@id":"https:\/\/powertowers.com\/contact-page\/","url":"https:\/\/powertowers.com\/contact-page\/","name":"Kontakt - Mobile Hubarbeitsb\u00fchnen | Power Towers","isPartOf":{"@id":"https:\/\/powertowers.com\/nl\/#website"},"primaryImageOfPage":{"@id":"https:\/\/powertowers.com\/contact-page\/#primaryimage"},"image":{"@id":"https:\/\/powertowers.com\/contact-page\/#primaryimage"},"thumbnailUrl":"https:\/\/powertowers.com\/wp-content\/uploads\/2022\/02\/Man-Contact-blend.jpg","datePublished":"2022-11-11T16:08:37+00:00","dateModified":"2026-02-18T15:05:42+00:00","description":"Wenn Sie weitere Einzelheiten \u00fcber Power Towers erfahren m\u00f6chten, nehmen Sie Kontakt mit uns auf!","breadcrumb":{"@id":"https:\/\/powertowers.com\/contact-page\/#breadcrumb"},"inLanguage":"de","potentialAction":[{"@type":"ReadAction","target":["https:\/\/powertowers.com\/contact-page\/"]}]},{"@type":"ImageObject","inLanguage":"de","@id":"https:\/\/powertowers.com\/contact-page\/#primaryimage","url":"https:\/\/powertowers.com\/wp-content\/uploads\/2022\/02\/Man-Contact-blend.jpg","contentUrl":"https:\/\/powertowers.com\/wp-content\/uploads\/2022\/02\/Man-Contact-blend.jpg"},{"@type":"BreadcrumbList","@id":"https:\/\/powertowers.com\/contact-page\/#breadcrumb","itemListElement":[{"@type":"ListItem","position":1,"name":"Home","item":"https:\/\/powertowers.com\/nl\/"},{"@type":"ListItem","position":2,"name":"Contact Page"}]},{"@type":"WebSite","@id":"https:\/\/powertowers.com\/nl\/#website","url":"https:\/\/powertowers.com\/nl\/","name":"Power Towers","description":"Die Alternative zu Leitern, Podesten und Ger\u00fcsten.","publisher":{"@id":"https:\/\/powertowers.com\/nl\/#organization"},"potentialAction":[{"@type":"SearchAction","target":{"@type":"EntryPoint","urlTemplate":"https:\/\/powertowers.com\/nl\/?s={search_term_string}"},"query-input":{"@type":"PropertyValueSpecification","valueRequired":true,"valueName":"search_term_string"}}],"inLanguage":"de"},{"@type":"Organization","@id":"https:\/\/powertowers.com\/nl\/#organization","name":"Power Towers Ltd.","url":"https:\/\/powertowers.com\/nl\/","logo":{"@type":"ImageObject","inLanguage":"de","@id":"https:\/\/powertowers.com\/nl\/#\/schema\/logo\/image\/","url":"https:\/\/37.148.206.186\/wp-content\/uploads\/2021\/12\/power-towers-new-logo-outline-1024px.png","contentUrl":"https:\/\/37.148.206.186\/wp-content\/uploads\/2021\/12\/power-towers-new-logo-outline-1024px.png","width":1024,"height":209,"caption":"Power Towers Ltd."},"image":{"@id":"https:\/\/powertowers.com\/nl\/#\/schema\/logo\/image\/"}}]}},"_links":{"self":[{"href":"https:\/\/powertowers.com\/de\/wp-json\/wp\/v2\/pages\/2137","targetHints":{"allow":["GET"]}}],"collection":[{"href":"https:\/\/powertowers.com\/de\/wp-json\/wp\/v2\/pages"}],"about":[{"href":"https:\/\/powertowers.com\/de\/wp-json\/wp\/v2\/types\/page"}],"author":[{"embeddable":true,"href":"https:\/\/powertowers.com\/de\/wp-json\/wp\/v2\/users\/1"}],"replies":[{"embeddable":true,"href":"https:\/\/powertowers.com\/de\/wp-json\/wp\/v2\/comments?post=2137"}],"version-history":[{"count":41,"href":"https:\/\/powertowers.com\/de\/wp-json\/wp\/v2\/pages\/2137\/revisions"}],"predecessor-version":[{"id":5789,"href":"https:\/\/powertowers.com\/de\/wp-json\/wp\/v2\/pages\/2137\/revisions\/5789"}],"wp:attachment":[{"href":"https:\/\/powertowers.com\/de\/wp-json\/wp\/v2\/media?parent=2137"}],"curies":[{"name":"wp","href":"https:\/\/api.w.org\/{rel}","templated":true}]}}