{"id":176,"date":"2021-12-14T16:57:14","date_gmt":"2021-12-14T16:57:14","guid":{"rendered":"https:\/\/37.148.206.186\/?page_id=176"},"modified":"2024-04-10T14:38:30","modified_gmt":"2024-04-10T12:38:30","slug":"uber-uns","status":"publish","type":"page","link":"https:\/\/powertowers.com\/de\/about-us\/","title":{"rendered":"\u00dcber uns"},"content":{"rendered":"<div data-elementor-type=\"wp-page\" data-elementor-id=\"176\" class=\"elementor elementor-176\" data-elementor-post-type=\"page\">\n\t\t\t\t\t\t<section class=\"elementor-section elementor-top-section elementor-element elementor-element-cfdc8ca elementor-section-boxed elementor-section-height-default elementor-section-height-default elementor-invisible\" data-id=\"cfdc8ca\" data-element_type=\"section\" data-e-type=\"section\" data-settings=\"{&quot;animation&quot;:&quot;slideInRight&quot;}\">\n\t\t\t\t\t\t<div class=\"elementor-container elementor-column-gap-default\">\n\t\t\t\t\t<div class=\"elementor-column elementor-col-100 elementor-top-column elementor-element elementor-element-39173df\" data-id=\"39173df\" data-element_type=\"column\" data-e-type=\"column\">\n\t\t\t<div class=\"elementor-widget-wrap elementor-element-populated\">\n\t\t\t\t\t\t<div class=\"elementor-element elementor-element-199e1dd elementor-widget elementor-widget-heading\" data-id=\"199e1dd\" data-element_type=\"widget\" data-e-type=\"widget\" data-widget_type=\"heading.default\">\n\t\t\t\t<div class=\"elementor-widget-container\">\n\t\t\t\t\t<h1 class=\"elementor-heading-title elementor-size-default\">\u00dcber Power Towers<\/h1>\t\t\t\t<\/div>\n\t\t\t\t<\/div>\n\t\t\t\t<div class=\"elementor-element elementor-element-367b9a5 elementor-widget elementor-widget-heading\" data-id=\"367b9a5\" data-element_type=\"widget\" data-e-type=\"widget\" data-widget_type=\"heading.default\">\n\t\t\t\t<div class=\"elementor-widget-container\">\n\t\t\t\t\t<h2 class=\"elementor-heading-title elementor-size-default\">F\u00dcHRENDER HERSTELLER VON ARBEITSB\u00dcHNEN F\u00dcR NIEDRIGE H\u00d6HEN<\/h2>\t\t\t\t<\/div>\n\t\t\t\t<\/div>\n\t\t\t\t\t<\/div>\n\t\t<\/div>\n\t\t\t\t\t<\/div>\n\t\t<\/section>\n\t\t\t\t<section class=\"elementor-section elementor-top-section elementor-element elementor-element-3b05c65 elementor-section-boxed elementor-section-height-default elementor-section-height-default elementor-invisible\" data-id=\"3b05c65\" data-element_type=\"section\" data-e-type=\"section\" data-settings=\"{&quot;background_background&quot;:&quot;classic&quot;,&quot;animation&quot;:&quot;slideInLeft&quot;}\">\n\t\t\t\t\t\t\t<div class=\"elementor-background-overlay\"><\/div>\n\t\t\t\t\t\t\t<div class=\"elementor-container elementor-column-gap-default\">\n\t\t\t\t\t<div class=\"elementor-column elementor-col-50 elementor-top-column elementor-element elementor-element-76b4ae5\" data-id=\"76b4ae5\" data-element_type=\"column\" data-e-type=\"column\">\n\t\t\t<div class=\"elementor-widget-wrap elementor-element-populated\">\n\t\t\t\t\t\t<div class=\"elementor-element elementor-element-b0029c3 elementor-widget elementor-widget-image\" data-id=\"b0029c3\" data-element_type=\"widget\" data-e-type=\"widget\" data-widget_type=\"image.default\">\n\t\t\t\t<div class=\"elementor-widget-container\">\n\t\t\t\t\t\t\t\t\t\t\t\t\t\t\t<img fetchpriority=\"high\" decoding=\"async\" width=\"521\" height=\"1080\" src=\"https:\/\/powertowers.com\/wp-content\/uploads\/2022\/01\/PECOLIFT_APPLICATION_03.jpg\" class=\"attachment-full size-full wp-image-972\" alt=\"Ergonomisches Design der Produktlinie Power Towers, Bediener auf einer Plattform\" srcset=\"https:\/\/powertowers.com\/wp-content\/uploads\/2022\/01\/PECOLIFT_APPLICATION_03.jpg 521w, https:\/\/powertowers.com\/wp-content\/uploads\/2022\/01\/PECOLIFT_APPLICATION_03-145x300.jpg 145w, https:\/\/powertowers.com\/wp-content\/uploads\/2022\/01\/PECOLIFT_APPLICATION_03-494x1024.jpg 494w, https:\/\/powertowers.com\/wp-content\/uploads\/2022\/01\/PECOLIFT_APPLICATION_03-6x12.jpg 6w\" sizes=\"(max-width: 34.9rem) calc(100vw - 2rem), (max-width: 53rem) calc(8 * (100vw \/ 12)), (min-width: 53rem) calc(6 * (100vw \/ 12)), 100vw\" \/>\t\t\t\t\t\t\t\t\t\t\t\t\t\t\t<\/div>\n\t\t\t\t<\/div>\n\t\t\t\t\t<\/div>\n\t\t<\/div>\n\t\t\t\t<div class=\"elementor-column elementor-col-50 elementor-top-column elementor-element elementor-element-cbc0dd3\" data-id=\"cbc0dd3\" data-element_type=\"column\" data-e-type=\"column\" data-settings=\"{&quot;background_background&quot;:&quot;classic&quot;}\">\n\t\t\t<div class=\"elementor-widget-wrap elementor-element-populated\">\n\t\t\t\t\t\t<div class=\"elementor-element elementor-element-e6a82bb elementor-widget elementor-widget-text-editor\" data-id=\"e6a82bb\" data-element_type=\"widget\" data-e-type=\"widget\" data-widget_type=\"text-editor.default\">\n\t\t\t\t<div class=\"elementor-widget-container\">\n\t\t\t\t\t\t\t\t\t<p>Die Sicherheit hat einen langen Weg hinter sich: Die flache Sprossen-Stehleiter wurde 1862 von John H. Balsley patentiert. In Gro\u00dfbritannien kamen bis 2005 f\u00fcr Arbeiten in niedriger H\u00f6he vornehmlich Podesttreppen, Leitern und mobile Ger\u00fcste zum Einsatz. Das \u00e4nderte sich erst, als die Arbeitsschutzbeh\u00f6rde HSE strengere Vorschriften f\u00fcr H\u00f6henarbeiten einf\u00fchrte und die Verwendung traditioneller Zugangsmethoden einschr\u00e4nkte. Kurz darauf, im Jahr 2007, wurde Power Towers Ltd. (Power Towers) gegr\u00fcndet, die eine innovative elektrische L\u00f6sung f\u00fcr Arbeiten in niedriger H\u00f6he entwickelte. Seitdem ist daraus ein Spezialsektor innerhalb der Arbeitsb\u00fchnenbranche entstanden, der sowohl die Sicherheit als auch die Effizienz verbessert hat.<\/p>\n<p>Power Towers, eine hundertprozentige Tochtergesellschaft von JLG Industries Inc. (JLG), konstruiert und fertigt ihre Palette an Arbeitsb\u00fchnen ausschlie\u00dflich im Vereinigten K\u00f6nigreich. JLG ist ein weltweit f\u00fchrender Anbieter von mobilen Hubarbeitsb\u00fchnen, der 1969 gegr\u00fcndet wurde und heute \u00fcber Niederlassungen auf der ganzen Welt verf\u00fcgt. JLG erwarb 2015 Power Towers, um diese Innovation auf der ganzen Welt zu verbreiten und sicherere, nachhaltige Ger\u00fcstalternativen f\u00fcr Arbeiten in niedriger H\u00f6he anzubieten.<\/p>\n<p>Die breite Produktpalette von Power Towers umfasst acht Maschinen: drei manuelle mobile Hubarbeitsb\u00fchnen (Pecolift, Ecolift und Ecolift WR), vier elektrische mobile Hubarbeitsb\u00fchnen (Nano 25, Nano 35, Power Tower und Power Tower Duo) und zwei selbstfahrende Maschinen (Nano SP und Nano SP Plus). Dies ist die f\u00fchrende Produktlinie von L\u00f6sungen f\u00fcr sicheres Arbeiten in niedriger H\u00f6he.<\/p>\n<p>Der Pecolift und der Ecolift wurden 2013 in Gro\u00dfbritannien als innovative und einzigartige Ger\u00fcstalternative f\u00fcr Arbeiten in niedriger H\u00f6he eingef\u00fchrt. Seitdem haben sie sich weltweit durchgesetzt, und ihre Verwendung gilt nun als Best Practice anstelle von Leitern und Podesten. Sie werden nicht nur f\u00fcr die Verbesserung der Sicherheit anerkannt, sondern auch f\u00fcr ihre Einfachheit, Effizienz und verbesserte Ergonomie f\u00fcr die Bediener.<\/p>\n<p>Alle mobilen Hubarbeitsb\u00fchnen von Power Towers sind einfach, sicher, ergonomisch und effizient in der Anwendung. Sie reduzieren die Arbeitszeit im Vergleich zu herk\u00f6mmlichen Alternativen drastisch und bieten ein hervorragendes Preis-Leistungs-Verh\u00e4ltnis.<\/p>\n<p>JLG und Power Towers setzen neue Ma\u00dfst\u00e4be f\u00fcr Arbeiten in niedrigen H\u00f6hen von bis zu 5,1 Metern und bereichern gleichzeitig das Leben der Menschen, indem sie Baustellen neu definieren.<\/p>\t\t\t\t\t\t\t\t<\/div>\n\t\t\t\t<\/div>\n\t\t\t\t\t<\/div>\n\t\t<\/div>\n\t\t\t\t\t<\/div>\n\t\t<\/section>\n\t\t\t\t<section class=\"elementor-section elementor-top-section elementor-element elementor-element-5ca4167 elementor-section-boxed elementor-section-height-default elementor-section-height-default elementor-invisible\" data-id=\"5ca4167\" data-element_type=\"section\" data-e-type=\"section\" data-settings=\"{&quot;animation&quot;:&quot;slideInUp&quot;}\">\n\t\t\t\t\t\t<div class=\"elementor-container elementor-column-gap-default\">\n\t\t\t\t\t<div class=\"elementor-column elementor-col-100 elementor-top-column elementor-element elementor-element-c8466f4\" data-id=\"c8466f4\" data-element_type=\"column\" data-e-type=\"column\">\n\t\t\t<div class=\"elementor-widget-wrap elementor-element-populated\">\n\t\t\t\t\t\t<div class=\"elementor-element elementor-element-82d31dd elementor-widget elementor-widget-video\" data-id=\"82d31dd\" data-element_type=\"widget\" data-e-type=\"widget\" data-settings=\"{&quot;youtube_url&quot;:&quot;https:\\\/\\\/www.youtube.com\\\/watch?v=u-NHU_XUsI8&amp;t=3s &quot;,&quot;video_type&quot;:&quot;youtube&quot;,&quot;controls&quot;:&quot;yes&quot;}\" data-widget_type=\"video.default\">\n\t\t\t\t<div class=\"elementor-widget-container\">\n\t\t\t\t\t\t\t<div class=\"elementor-wrapper elementor-open-inline\">\n\t\t\t<div class=\"elementor-video\"><\/div>\t\t<\/div>\n\t\t\t\t\t\t<\/div>\n\t\t\t\t<\/div>\n\t\t\t\t\t<\/div>\n\t\t<\/div>\n\t\t\t\t\t<\/div>\n\t\t<\/section>\n\t\t<div class=\"elementor-element elementor-element-bc7a4f4 e-flex e-con-boxed e-con e-parent\" data-id=\"bc7a4f4\" data-element_type=\"container\" data-e-type=\"container\">\n\t\t\t\t\t<div class=\"e-con-inner\">\n\t\t\t\t<div class=\"elementor-element elementor-element-1cdb84c elementor-widget elementor-widget-image\" data-id=\"1cdb84c\" data-element_type=\"widget\" data-e-type=\"widget\" data-widget_type=\"image.default\">\n\t\t\t\t<div class=\"elementor-widget-container\">\n\t\t\t\t\t\t\t\t\t\t\t\t\t\t\t<img decoding=\"async\" width=\"6912\" height=\"3456\" src=\"https:\/\/powertowers.com\/wp-content\/uploads\/2024\/04\/Power-towers-timeline.png\" class=\"attachment-full size-full wp-image-4785\" alt=\"Geschichte von Power Towers\" srcset=\"https:\/\/powertowers.com\/wp-content\/uploads\/2024\/04\/Power-towers-timeline.png 6912w, https:\/\/powertowers.com\/wp-content\/uploads\/2024\/04\/Power-towers-timeline-300x150.png 300w, https:\/\/powertowers.com\/wp-content\/uploads\/2024\/04\/Power-towers-timeline-1024x512.png 1024w, https:\/\/powertowers.com\/wp-content\/uploads\/2024\/04\/Power-towers-timeline-768x384.png 768w, https:\/\/powertowers.com\/wp-content\/uploads\/2024\/04\/Power-towers-timeline-1536x768.png 1536w, https:\/\/powertowers.com\/wp-content\/uploads\/2024\/04\/Power-towers-timeline-2048x1024.png 2048w, https:\/\/powertowers.com\/wp-content\/uploads\/2024\/04\/Power-towers-timeline-18x9.png 18w, https:\/\/powertowers.com\/wp-content\/uploads\/2024\/04\/Power-towers-timeline-1568x784.png 1568w\" sizes=\"(max-width: 34.9rem) calc(100vw - 2rem), (max-width: 53rem) calc(8 * (100vw \/ 12)), (min-width: 53rem) calc(6 * (100vw \/ 12)), 100vw\" \/>\t\t\t\t\t\t\t\t\t\t\t\t\t\t\t<\/div>\n\t\t\t\t<\/div>\n\t\t\t\t\t<\/div>\n\t\t\t\t<\/div>\n\t\t\t\t<\/div>","protected":false},"excerpt":{"rendered":"<p>\u00dcber Power Towers F\u00fchrender Hersteller von niedrig gelegenen Zugangsplattformen Sicherheit hat einen langen Weg hinter sich; die flache Sprossenleiter wurde 1862 von John H. Balsley patentiert. Bis zum Jahr 2005 wurden in Gro\u00dfbritannien f\u00fcr den niveaufreien Zugang traditionelle Podesttreppen, Leitern und mobile Ger\u00fcste verwendet. Das \u00e4nderte sich, als die HSE die Work at Height Regulations einf\u00fchrte, die den Zugang ... <\/p>\n<p class=\"link-more\"><a href=\"https:\/\/powertowers.com\/de\/about-us\/\" class=\"more-link\"><span class=\"screen-reader-text\">\"\u00dcber uns\" <\/span>weiterlesen<\/a><\/p>","protected":false},"author":1,"featured_media":0,"parent":0,"menu_order":0,"comment_status":"closed","ping_status":"closed","template":"elementor_header_footer","meta":{"content-type":"","footnotes":""},"class_list":["post-176","page","type-page","status-publish","hentry","entry"],"yoast_head":"<!-- This site is optimized with the Yoast SEO plugin v27.4 - https:\/\/yoast.com\/product\/yoast-seo-wordpress\/ -->\n<title>Meet Power Towers- Power Towers<\/title>\n<meta name=\"description\" content=\"Power Towers was founded in 2007 and introduced an innovative solution for Low-Level Access, replacing ladders and scaffolding.\" \/>\n<meta name=\"robots\" content=\"index, follow, max-snippet:-1, max-image-preview:large, max-video-preview:-1\" \/>\n<link rel=\"canonical\" href=\"https:\/\/powertowers.com\/de\/uber-uns\/\" \/>\n<meta property=\"og:locale\" content=\"de_DE\" \/>\n<meta property=\"og:type\" content=\"article\" \/>\n<meta property=\"og:title\" content=\"Meet Power Towers- Power Towers\" \/>\n<meta property=\"og:description\" content=\"Power Towers was founded in 2007 and introduced an innovative solution for Low-Level Access, replacing ladders and scaffolding.\" \/>\n<meta property=\"og:url\" content=\"https:\/\/powertowers.com\/de\/uber-uns\/\" \/>\n<meta property=\"og:site_name\" content=\"Power Towers\" \/>\n<meta property=\"article:modified_time\" content=\"2024-04-10T12:38:30+00:00\" \/>\n<meta property=\"og:image\" content=\"https:\/\/37.148.206.186\/wp-content\/uploads\/2022\/01\/PECOLIFT_APPLICATION_03.jpg\" \/>\n<meta name=\"twitter:card\" content=\"summary_large_image\" \/>\n<meta name=\"twitter:label1\" content=\"Gesch\u00e4tzte Lesezeit\" \/>\n\t<meta name=\"twitter:data1\" content=\"2\u00a0Minuten\" \/>\n<script type=\"application\/ld+json\" class=\"yoast-schema-graph\">{\"@context\":\"https:\\\/\\\/schema.org\",\"@graph\":[{\"@type\":\"WebPage\",\"@id\":\"https:\\\/\\\/powertowers.com\\\/ro\\\/despre-noi\\\/\",\"url\":\"https:\\\/\\\/powertowers.com\\\/ro\\\/despre-noi\\\/\",\"name\":\"Meet Power Towers- Power Towers\",\"isPartOf\":{\"@id\":\"https:\\\/\\\/powertowers.com\\\/nl\\\/#website\"},\"primaryImageOfPage\":{\"@id\":\"https:\\\/\\\/powertowers.com\\\/ro\\\/despre-noi\\\/#primaryimage\"},\"image\":{\"@id\":\"https:\\\/\\\/powertowers.com\\\/ro\\\/despre-noi\\\/#primaryimage\"},\"thumbnailUrl\":\"https:\\\/\\\/37.148.206.186\\\/wp-content\\\/uploads\\\/2022\\\/01\\\/PECOLIFT_APPLICATION_03.jpg\",\"datePublished\":\"2021-12-14T16:57:14+00:00\",\"dateModified\":\"2024-04-10T12:38:30+00:00\",\"description\":\"Power Towers was founded in 2007 and introduced an innovative solution for Low-Level Access, replacing ladders and scaffolding.\",\"breadcrumb\":{\"@id\":\"https:\\\/\\\/powertowers.com\\\/ro\\\/despre-noi\\\/#breadcrumb\"},\"inLanguage\":\"de\",\"potentialAction\":[{\"@type\":\"ReadAction\",\"target\":[\"https:\\\/\\\/powertowers.com\\\/ro\\\/despre-noi\\\/\"]}]},{\"@type\":\"ImageObject\",\"inLanguage\":\"de\",\"@id\":\"https:\\\/\\\/powertowers.com\\\/ro\\\/despre-noi\\\/#primaryimage\",\"url\":\"https:\\\/\\\/37.148.206.186\\\/wp-content\\\/uploads\\\/2022\\\/01\\\/PECOLIFT_APPLICATION_03.jpg\",\"contentUrl\":\"https:\\\/\\\/37.148.206.186\\\/wp-content\\\/uploads\\\/2022\\\/01\\\/PECOLIFT_APPLICATION_03.jpg\"},{\"@type\":\"BreadcrumbList\",\"@id\":\"https:\\\/\\\/powertowers.com\\\/ro\\\/despre-noi\\\/#breadcrumb\",\"itemListElement\":[{\"@type\":\"ListItem\",\"position\":1,\"name\":\"Home\",\"item\":\"https:\\\/\\\/powertowers.com\\\/nl\\\/\"},{\"@type\":\"ListItem\",\"position\":2,\"name\":\"About us\"}]},{\"@type\":\"WebSite\",\"@id\":\"https:\\\/\\\/powertowers.com\\\/nl\\\/#website\",\"url\":\"https:\\\/\\\/powertowers.com\\\/nl\\\/\",\"name\":\"Power Towers\",\"description\":\"The alternative to ladders, podiums and scaffolding.\",\"publisher\":{\"@id\":\"https:\\\/\\\/powertowers.com\\\/nl\\\/#organization\"},\"potentialAction\":[{\"@type\":\"SearchAction\",\"target\":{\"@type\":\"EntryPoint\",\"urlTemplate\":\"https:\\\/\\\/powertowers.com\\\/nl\\\/?s={search_term_string}\"},\"query-input\":{\"@type\":\"PropertyValueSpecification\",\"valueRequired\":true,\"valueName\":\"search_term_string\"}}],\"inLanguage\":\"de\"},{\"@type\":\"Organization\",\"@id\":\"https:\\\/\\\/powertowers.com\\\/nl\\\/#organization\",\"name\":\"Power Towers Ltd.\",\"url\":\"https:\\\/\\\/powertowers.com\\\/nl\\\/\",\"logo\":{\"@type\":\"ImageObject\",\"inLanguage\":\"de\",\"@id\":\"https:\\\/\\\/powertowers.com\\\/nl\\\/#\\\/schema\\\/logo\\\/image\\\/\",\"url\":\"https:\\\/\\\/37.148.206.186\\\/wp-content\\\/uploads\\\/2021\\\/12\\\/power-towers-new-logo-outline-1024px.png\",\"contentUrl\":\"https:\\\/\\\/37.148.206.186\\\/wp-content\\\/uploads\\\/2021\\\/12\\\/power-towers-new-logo-outline-1024px.png\",\"width\":1024,\"height\":209,\"caption\":\"Power Towers Ltd.\"},\"image\":{\"@id\":\"https:\\\/\\\/powertowers.com\\\/nl\\\/#\\\/schema\\\/logo\\\/image\\\/\"}}]}<\/script>\n<!-- \/ Yoast SEO plugin. -->","yoast_head_json":{"title":"Lernen Sie Power Towers kennen | Power Towers","description":"Power Towers wurde 2007 gegr\u00fcndet und stellt innovative Ger\u00fcstalternativen f\u00fcr sicheres Arbeiten in niedriger H\u00f6he bereit.","robots":{"index":"index","follow":"follow","max-snippet":"max-snippet:-1","max-image-preview":"max-image-preview:large","max-video-preview":"max-video-preview:-1"},"canonical":"https:\/\/powertowers.com\/de\/uber-uns\/","og_locale":"de_DE","og_type":"article","og_title":"Meet Power Towers- Power Towers","og_description":"Power Towers was founded in 2007 and introduced an innovative solution for Low-Level Access, replacing ladders and scaffolding.","og_url":"https:\/\/powertowers.com\/de\/uber-uns\/","og_site_name":"Power Towers","article_modified_time":"2024-04-10T12:38:30+00:00","og_image":[{"url":"https:\/\/37.148.206.186\/wp-content\/uploads\/2022\/01\/PECOLIFT_APPLICATION_03.jpg","type":"","width":"","height":""}],"twitter_card":"summary_large_image","twitter_misc":{"Gesch\u00e4tzte Lesezeit":"2\u00a0Minuten"},"schema":{"@context":"https:\/\/schema.org","@graph":[{"@type":"WebPage","@id":"https:\/\/powertowers.com\/ro\/despre-noi\/","url":"https:\/\/powertowers.com\/ro\/despre-noi\/","name":"Lernen Sie Power Towers kennen | Power Towers","isPartOf":{"@id":"https:\/\/powertowers.com\/nl\/#website"},"primaryImageOfPage":{"@id":"https:\/\/powertowers.com\/ro\/despre-noi\/#primaryimage"},"image":{"@id":"https:\/\/powertowers.com\/ro\/despre-noi\/#primaryimage"},"thumbnailUrl":"https:\/\/37.148.206.186\/wp-content\/uploads\/2022\/01\/PECOLIFT_APPLICATION_03.jpg","datePublished":"2021-12-14T16:57:14+00:00","dateModified":"2024-04-10T12:38:30+00:00","description":"Power Towers wurde 2007 gegr\u00fcndet und stellt innovative Ger\u00fcstalternativen f\u00fcr sicheres Arbeiten in niedriger H\u00f6he bereit.","breadcrumb":{"@id":"https:\/\/powertowers.com\/ro\/despre-noi\/#breadcrumb"},"inLanguage":"de","potentialAction":[{"@type":"ReadAction","target":["https:\/\/powertowers.com\/ro\/despre-noi\/"]}]},{"@type":"ImageObject","inLanguage":"de","@id":"https:\/\/powertowers.com\/ro\/despre-noi\/#primaryimage","url":"https:\/\/37.148.206.186\/wp-content\/uploads\/2022\/01\/PECOLIFT_APPLICATION_03.jpg","contentUrl":"https:\/\/37.148.206.186\/wp-content\/uploads\/2022\/01\/PECOLIFT_APPLICATION_03.jpg"},{"@type":"BreadcrumbList","@id":"https:\/\/powertowers.com\/ro\/despre-noi\/#breadcrumb","itemListElement":[{"@type":"ListItem","position":1,"name":"Home","item":"https:\/\/powertowers.com\/nl\/"},{"@type":"ListItem","position":2,"name":"About us"}]},{"@type":"WebSite","@id":"https:\/\/powertowers.com\/nl\/#website","url":"https:\/\/powertowers.com\/nl\/","name":"Power Towers","description":"Die Alternative zu Leitern, Podesten und Ger\u00fcsten.","publisher":{"@id":"https:\/\/powertowers.com\/nl\/#organization"},"potentialAction":[{"@type":"SearchAction","target":{"@type":"EntryPoint","urlTemplate":"https:\/\/powertowers.com\/nl\/?s={search_term_string}"},"query-input":{"@type":"PropertyValueSpecification","valueRequired":true,"valueName":"search_term_string"}}],"inLanguage":"de"},{"@type":"Organization","@id":"https:\/\/powertowers.com\/nl\/#organization","name":"Power Towers Ltd.","url":"https:\/\/powertowers.com\/nl\/","logo":{"@type":"ImageObject","inLanguage":"de","@id":"https:\/\/powertowers.com\/nl\/#\/schema\/logo\/image\/","url":"https:\/\/37.148.206.186\/wp-content\/uploads\/2021\/12\/power-towers-new-logo-outline-1024px.png","contentUrl":"https:\/\/37.148.206.186\/wp-content\/uploads\/2021\/12\/power-towers-new-logo-outline-1024px.png","width":1024,"height":209,"caption":"Power Towers Ltd."},"image":{"@id":"https:\/\/powertowers.com\/nl\/#\/schema\/logo\/image\/"}}]}},"_links":{"self":[{"href":"https:\/\/powertowers.com\/de\/wp-json\/wp\/v2\/pages\/176","targetHints":{"allow":["GET"]}}],"collection":[{"href":"https:\/\/powertowers.com\/de\/wp-json\/wp\/v2\/pages"}],"about":[{"href":"https:\/\/powertowers.com\/de\/wp-json\/wp\/v2\/types\/page"}],"author":[{"embeddable":true,"href":"https:\/\/powertowers.com\/de\/wp-json\/wp\/v2\/users\/1"}],"replies":[{"embeddable":true,"href":"https:\/\/powertowers.com\/de\/wp-json\/wp\/v2\/comments?post=176"}],"version-history":[{"count":22,"href":"https:\/\/powertowers.com\/de\/wp-json\/wp\/v2\/pages\/176\/revisions"}],"predecessor-version":[{"id":4920,"href":"https:\/\/powertowers.com\/de\/wp-json\/wp\/v2\/pages\/176\/revisions\/4920"}],"wp:attachment":[{"href":"https:\/\/powertowers.com\/de\/wp-json\/wp\/v2\/media?parent=176"}],"curies":[{"name":"wp","href":"https:\/\/api.w.org\/{rel}","templated":true}]}}