{"id":176,"date":"2021-12-14T16:57:14","date_gmt":"2021-12-14T16:57:14","guid":{"rendered":"https:\/\/37.148.206.186\/?page_id=176"},"modified":"2024-04-10T14:38:30","modified_gmt":"2024-04-10T12:38:30","slug":"om-os","status":"publish","type":"page","link":"https:\/\/powertowers.com\/da\/about-us\/","title":{"rendered":"Om os"},"content":{"rendered":"<div data-elementor-type=\"wp-page\" data-elementor-id=\"176\" class=\"elementor elementor-176\" data-elementor-post-type=\"page\">\n\t\t\t\t\t\t<section class=\"elementor-section elementor-top-section elementor-element elementor-element-cfdc8ca elementor-section-boxed elementor-section-height-default elementor-section-height-default elementor-invisible\" data-id=\"cfdc8ca\" data-element_type=\"section\" data-e-type=\"section\" data-settings=\"{&quot;animation&quot;:&quot;slideInRight&quot;}\">\n\t\t\t\t\t\t<div class=\"elementor-container elementor-column-gap-default\">\n\t\t\t\t\t<div class=\"elementor-column elementor-col-100 elementor-top-column elementor-element elementor-element-39173df\" data-id=\"39173df\" data-element_type=\"column\" data-e-type=\"column\">\n\t\t\t<div class=\"elementor-widget-wrap elementor-element-populated\">\n\t\t\t\t\t\t<div class=\"elementor-element elementor-element-199e1dd elementor-widget elementor-widget-heading\" data-id=\"199e1dd\" data-element_type=\"widget\" data-e-type=\"widget\" data-widget_type=\"heading.default\">\n\t\t\t\t<div class=\"elementor-widget-container\">\n\t\t\t\t\t<h1 class=\"elementor-heading-title elementor-size-default\">Om Power Towers<\/h1>\t\t\t\t<\/div>\n\t\t\t\t<\/div>\n\t\t\t\t<div class=\"elementor-element elementor-element-367b9a5 elementor-widget elementor-widget-heading\" data-id=\"367b9a5\" data-element_type=\"widget\" data-e-type=\"widget\" data-widget_type=\"heading.default\">\n\t\t\t\t<div class=\"elementor-widget-container\">\n\t\t\t\t\t<h2 class=\"elementor-heading-title elementor-size-default\">F\u00f8rende producent af adgangsplatforme til lavt niveau<\/h2>\t\t\t\t<\/div>\n\t\t\t\t<\/div>\n\t\t\t\t\t<\/div>\n\t\t<\/div>\n\t\t\t\t\t<\/div>\n\t\t<\/section>\n\t\t\t\t<section class=\"elementor-section elementor-top-section elementor-element elementor-element-3b05c65 elementor-section-boxed elementor-section-height-default elementor-section-height-default elementor-invisible\" data-id=\"3b05c65\" data-element_type=\"section\" data-e-type=\"section\" data-settings=\"{&quot;background_background&quot;:&quot;classic&quot;,&quot;animation&quot;:&quot;slideInLeft&quot;}\">\n\t\t\t\t\t\t\t<div class=\"elementor-background-overlay\"><\/div>\n\t\t\t\t\t\t\t<div class=\"elementor-container elementor-column-gap-default\">\n\t\t\t\t\t<div class=\"elementor-column elementor-col-50 elementor-top-column elementor-element elementor-element-76b4ae5\" data-id=\"76b4ae5\" data-element_type=\"column\" data-e-type=\"column\">\n\t\t\t<div class=\"elementor-widget-wrap elementor-element-populated\">\n\t\t\t\t\t\t<div class=\"elementor-element elementor-element-b0029c3 elementor-widget elementor-widget-image\" data-id=\"b0029c3\" data-element_type=\"widget\" data-e-type=\"widget\" data-widget_type=\"image.default\">\n\t\t\t\t<div class=\"elementor-widget-container\">\n\t\t\t\t\t\t\t\t\t\t\t\t\t\t\t<img fetchpriority=\"high\" decoding=\"async\" width=\"521\" height=\"1080\" src=\"https:\/\/powertowers.com\/wp-content\/uploads\/2022\/01\/PECOLIFT_APPLICATION_03.jpg\" class=\"attachment-full size-full wp-image-972\" alt=\"Ergonomisk design af Power Towers-produktlinjen, operat\u00f8r p\u00e5 en platform\" srcset=\"https:\/\/powertowers.com\/wp-content\/uploads\/2022\/01\/PECOLIFT_APPLICATION_03.jpg 521w, https:\/\/powertowers.com\/wp-content\/uploads\/2022\/01\/PECOLIFT_APPLICATION_03-145x300.jpg 145w, https:\/\/powertowers.com\/wp-content\/uploads\/2022\/01\/PECOLIFT_APPLICATION_03-494x1024.jpg 494w, https:\/\/powertowers.com\/wp-content\/uploads\/2022\/01\/PECOLIFT_APPLICATION_03-6x12.jpg 6w\" sizes=\"(max-width: 34.9rem) calc(100vw - 2rem), (max-width: 53rem) calc(8 * (100vw \/ 12)), (min-width: 53rem) calc(6 * (100vw \/ 12)), 100vw\" \/>\t\t\t\t\t\t\t\t\t\t\t\t\t\t\t<\/div>\n\t\t\t\t<\/div>\n\t\t\t\t\t<\/div>\n\t\t<\/div>\n\t\t\t\t<div class=\"elementor-column elementor-col-50 elementor-top-column elementor-element elementor-element-cbc0dd3\" data-id=\"cbc0dd3\" data-element_type=\"column\" data-e-type=\"column\" data-settings=\"{&quot;background_background&quot;:&quot;classic&quot;}\">\n\t\t\t<div class=\"elementor-widget-wrap elementor-element-populated\">\n\t\t\t\t\t\t<div class=\"elementor-element elementor-element-e6a82bb elementor-widget elementor-widget-text-editor\" data-id=\"e6a82bb\" data-element_type=\"widget\" data-e-type=\"widget\" data-widget_type=\"text-editor.default\">\n\t\t\t\t<div class=\"elementor-widget-container\">\n\t\t\t\t\t\t\t\t\t<p>Sikkerheden er kommet langt; den flade trappestige blev patenteret af John H. Balsley i 1862. I Storbritannien bet\u00f8d adgang i lav h\u00f8jde frem til 2005 traditionelle podietrin, stiger og mobile stilladser. Det \u00e6ndrede sig, da HSE indf\u00f8rte Work at Height Regulations, som begr\u00e6nsede brugen af traditionelle former for adgang til lavt niveau. Kort tid efter, i 2007, blev Power Towers Ltd. (Power Towers), som introducerede en ny innovativ l\u00f8sning til adgang fra lavt niveau. Nu omfatter dette begreb en helt ny specialiseret sektor inden for powered access-industrien, som har forbedret b\u00e5de sikkerhed og effektivitet.<\/p>\n<p>Power Towers, som er et helejet datterselskab af JLG Industries Inc. (JLG), designer og fremstiller sit sortiment af adgangsplatforme udelukkende i Storbritannien. JLG er en af verdens f\u00f8rende leverand\u00f8rer af mobile arbejdsplatforme, der blev grundlagt i 1969 og nu har kontorer over hele verden. JLG k\u00f8bte Power Towers i 2015 for at sprede denne innovation over hele verden og tilbyde sikrere, b\u00e6redygtige alternativer til arbejde i lave h\u00f8jder.<\/p>\n<p>Power Towers' brede produktsortiment omfatter otte maskiner: tre manuelle push-around-l\u00f8ftere (Pecolift, Ecolift og Ecolift WR), fire elektriske push-around-l\u00f8ftere (Nano 25, Nano 35, Power Tower og Power Tower Duo) og to selvk\u00f8rende (Nano SP og Nano SP Plus). Dette er den f\u00f8rende serie af l\u00f8sninger inden for Low-Level Access-industrien.<\/p>\n<p>Pecolift og Ecolift blev introduceret i 2013 som en innovativ og unik l\u00f8sning i Storbritannien som et alternativ til stiger og podier. Siden da har deres accept b\u00e5de i Storbritannien og globalt v\u00e6ret uden sidestykke, og deres brug betragtes nu som en bedste praksis i stedet for stiger og podier. De anerkendes ikke kun for at forbedre sikkerheden, men ogs\u00e5 for deres enkelhed, effektivitet og forbedrede operat\u00f8rergonomi.<\/p>\n<p>Alle Power Towers' produkter er enkle, sikre, ergonomiske og effektive at bruge. De reducerer arbejdstiden dramatisk sammenlignet med traditionelle alternativer og repr\u00e6senterer fremragende v\u00e6rdi.<\/p>\n<p>JLG og Power Towers skaber den nye standard for arbejde i h\u00f8jder op til 5,1 meter, samtidig med at de beriger liv ved at omdefinere arbejdspladser.<\/p>\t\t\t\t\t\t\t\t<\/div>\n\t\t\t\t<\/div>\n\t\t\t\t\t<\/div>\n\t\t<\/div>\n\t\t\t\t\t<\/div>\n\t\t<\/section>\n\t\t\t\t<section class=\"elementor-section elementor-top-section elementor-element elementor-element-5ca4167 elementor-section-boxed elementor-section-height-default elementor-section-height-default elementor-invisible\" data-id=\"5ca4167\" data-element_type=\"section\" data-e-type=\"section\" data-settings=\"{&quot;animation&quot;:&quot;slideInUp&quot;}\">\n\t\t\t\t\t\t<div class=\"elementor-container elementor-column-gap-default\">\n\t\t\t\t\t<div class=\"elementor-column elementor-col-100 elementor-top-column elementor-element elementor-element-c8466f4\" data-id=\"c8466f4\" data-element_type=\"column\" data-e-type=\"column\">\n\t\t\t<div class=\"elementor-widget-wrap elementor-element-populated\">\n\t\t\t\t\t\t<div class=\"elementor-element elementor-element-82d31dd elementor-widget elementor-widget-video\" data-id=\"82d31dd\" data-element_type=\"widget\" data-e-type=\"widget\" data-settings=\"{&quot;youtube_url&quot;:&quot;https:\\\/\\\/www.youtube.com\\\/watch?v=u-NHU_XUsI8&amp;t=3s &quot;,&quot;video_type&quot;:&quot;youtube&quot;,&quot;controls&quot;:&quot;yes&quot;}\" data-widget_type=\"video.default\">\n\t\t\t\t<div class=\"elementor-widget-container\">\n\t\t\t\t\t\t\t<div class=\"elementor-wrapper elementor-open-inline\">\n\t\t\t<div class=\"elementor-video\"><\/div>\t\t<\/div>\n\t\t\t\t\t\t<\/div>\n\t\t\t\t<\/div>\n\t\t\t\t\t<\/div>\n\t\t<\/div>\n\t\t\t\t\t<\/div>\n\t\t<\/section>\n\t\t<div class=\"elementor-element elementor-element-bc7a4f4 e-flex e-con-boxed e-con e-parent\" data-id=\"bc7a4f4\" data-element_type=\"container\" data-e-type=\"container\">\n\t\t\t\t\t<div class=\"e-con-inner\">\n\t\t\t\t<div class=\"elementor-element elementor-element-1cdb84c elementor-widget elementor-widget-image\" data-id=\"1cdb84c\" data-element_type=\"widget\" data-e-type=\"widget\" data-widget_type=\"image.default\">\n\t\t\t\t<div class=\"elementor-widget-container\">\n\t\t\t\t\t\t\t\t\t\t\t\t\t\t\t<img decoding=\"async\" width=\"6912\" height=\"3456\" src=\"https:\/\/powertowers.com\/wp-content\/uploads\/2024\/04\/Power-towers-timeline.png\" class=\"attachment-full size-full wp-image-4785\" alt=\"Power Towers historie\" srcset=\"https:\/\/powertowers.com\/wp-content\/uploads\/2024\/04\/Power-towers-timeline.png 6912w, https:\/\/powertowers.com\/wp-content\/uploads\/2024\/04\/Power-towers-timeline-300x150.png 300w, https:\/\/powertowers.com\/wp-content\/uploads\/2024\/04\/Power-towers-timeline-1024x512.png 1024w, https:\/\/powertowers.com\/wp-content\/uploads\/2024\/04\/Power-towers-timeline-768x384.png 768w, https:\/\/powertowers.com\/wp-content\/uploads\/2024\/04\/Power-towers-timeline-1536x768.png 1536w, https:\/\/powertowers.com\/wp-content\/uploads\/2024\/04\/Power-towers-timeline-2048x1024.png 2048w, https:\/\/powertowers.com\/wp-content\/uploads\/2024\/04\/Power-towers-timeline-18x9.png 18w, https:\/\/powertowers.com\/wp-content\/uploads\/2024\/04\/Power-towers-timeline-1568x784.png 1568w\" sizes=\"(max-width: 34.9rem) calc(100vw - 2rem), (max-width: 53rem) calc(8 * (100vw \/ 12)), (min-width: 53rem) calc(6 * (100vw \/ 12)), 100vw\" \/>\t\t\t\t\t\t\t\t\t\t\t\t\t\t\t<\/div>\n\t\t\t\t<\/div>\n\t\t\t\t\t<\/div>\n\t\t\t\t<\/div>\n\t\t\t\t<\/div>","protected":false},"excerpt":{"rendered":"<p>Om Power Towers F\u00f8rende producent af lave adgangsplatforme Sikkerheden er kommet langt; den flade trappestige blev patenteret af John H. Balsley i 1862. I Storbritannien var adgang p\u00e5 lavt niveau indtil 2005 ensbetydende med traditionelle podietrin, stiger og mobile stilladser. Det \u00e6ndrede sig, da HSE indf\u00f8rte Work at Height Regulations, der begr\u00e6nsede ... <\/p>\n<p class=\"link-more\"><a href=\"https:\/\/powertowers.com\/da\/about-us\/\" class=\"more-link\">Forts\u00e6t med at l\u00e6se<span class=\"screen-reader-text\"> \"Om os\"<\/span><\/a><\/p>","protected":false},"author":1,"featured_media":0,"parent":0,"menu_order":0,"comment_status":"closed","ping_status":"closed","template":"elementor_header_footer","meta":{"content-type":"","footnotes":""},"class_list":["post-176","page","type-page","status-publish","hentry","entry"],"yoast_head":"<!-- This site is optimized with the Yoast SEO plugin v27.5 - https:\/\/yoast.com\/product\/yoast-seo-wordpress\/ -->\n<title>Meet Power Towers- Power Towers<\/title>\n<meta name=\"description\" content=\"Power Towers was founded in 2007 and introduced an innovative solution for Low-Level Access, replacing ladders and scaffolding.\" \/>\n<meta name=\"robots\" content=\"index, follow, max-snippet:-1, max-image-preview:large, max-video-preview:-1\" \/>\n<link rel=\"canonical\" href=\"https:\/\/powertowers.com\/da\/om-os\/\" \/>\n<meta property=\"og:locale\" content=\"da_DK\" \/>\n<meta property=\"og:type\" content=\"article\" \/>\n<meta property=\"og:title\" content=\"Meet Power Towers- Power Towers\" \/>\n<meta property=\"og:description\" content=\"Power Towers was founded in 2007 and introduced an innovative solution for Low-Level Access, replacing ladders and scaffolding.\" \/>\n<meta property=\"og:url\" content=\"https:\/\/powertowers.com\/da\/om-os\/\" \/>\n<meta property=\"og:site_name\" content=\"Power Towers\" \/>\n<meta property=\"article:modified_time\" content=\"2024-04-10T12:38:30+00:00\" \/>\n<meta property=\"og:image\" content=\"https:\/\/37.148.206.186\/wp-content\/uploads\/2022\/01\/PECOLIFT_APPLICATION_03.jpg\" \/>\n<meta name=\"twitter:card\" content=\"summary_large_image\" \/>\n<meta name=\"twitter:label1\" content=\"Estimeret l\u00e6setid\" \/>\n\t<meta name=\"twitter:data1\" content=\"2 minutter\" \/>\n<script type=\"application\/ld+json\" class=\"yoast-schema-graph\">{\"@context\":\"https:\\\/\\\/schema.org\",\"@graph\":[{\"@type\":\"WebPage\",\"@id\":\"https:\\\/\\\/powertowers.com\\\/ro\\\/despre-noi\\\/\",\"url\":\"https:\\\/\\\/powertowers.com\\\/ro\\\/despre-noi\\\/\",\"name\":\"Meet Power Towers- Power Towers\",\"isPartOf\":{\"@id\":\"https:\\\/\\\/powertowers.com\\\/nl\\\/#website\"},\"primaryImageOfPage\":{\"@id\":\"https:\\\/\\\/powertowers.com\\\/ro\\\/despre-noi\\\/#primaryimage\"},\"image\":{\"@id\":\"https:\\\/\\\/powertowers.com\\\/ro\\\/despre-noi\\\/#primaryimage\"},\"thumbnailUrl\":\"https:\\\/\\\/37.148.206.186\\\/wp-content\\\/uploads\\\/2022\\\/01\\\/PECOLIFT_APPLICATION_03.jpg\",\"datePublished\":\"2021-12-14T16:57:14+00:00\",\"dateModified\":\"2024-04-10T12:38:30+00:00\",\"description\":\"Power Towers was founded in 2007 and introduced an innovative solution for Low-Level Access, replacing ladders and scaffolding.\",\"breadcrumb\":{\"@id\":\"https:\\\/\\\/powertowers.com\\\/ro\\\/despre-noi\\\/#breadcrumb\"},\"inLanguage\":\"da-DK\",\"potentialAction\":[{\"@type\":\"ReadAction\",\"target\":[\"https:\\\/\\\/powertowers.com\\\/ro\\\/despre-noi\\\/\"]}]},{\"@type\":\"ImageObject\",\"inLanguage\":\"da-DK\",\"@id\":\"https:\\\/\\\/powertowers.com\\\/ro\\\/despre-noi\\\/#primaryimage\",\"url\":\"https:\\\/\\\/37.148.206.186\\\/wp-content\\\/uploads\\\/2022\\\/01\\\/PECOLIFT_APPLICATION_03.jpg\",\"contentUrl\":\"https:\\\/\\\/37.148.206.186\\\/wp-content\\\/uploads\\\/2022\\\/01\\\/PECOLIFT_APPLICATION_03.jpg\"},{\"@type\":\"BreadcrumbList\",\"@id\":\"https:\\\/\\\/powertowers.com\\\/ro\\\/despre-noi\\\/#breadcrumb\",\"itemListElement\":[{\"@type\":\"ListItem\",\"position\":1,\"name\":\"Home\",\"item\":\"https:\\\/\\\/powertowers.com\\\/nl\\\/\"},{\"@type\":\"ListItem\",\"position\":2,\"name\":\"About us\"}]},{\"@type\":\"WebSite\",\"@id\":\"https:\\\/\\\/powertowers.com\\\/nl\\\/#website\",\"url\":\"https:\\\/\\\/powertowers.com\\\/nl\\\/\",\"name\":\"Power Towers\",\"description\":\"The alternative to ladders, podiums and scaffolding.\",\"publisher\":{\"@id\":\"https:\\\/\\\/powertowers.com\\\/nl\\\/#organization\"},\"potentialAction\":[{\"@type\":\"SearchAction\",\"target\":{\"@type\":\"EntryPoint\",\"urlTemplate\":\"https:\\\/\\\/powertowers.com\\\/nl\\\/?s={search_term_string}\"},\"query-input\":{\"@type\":\"PropertyValueSpecification\",\"valueRequired\":true,\"valueName\":\"search_term_string\"}}],\"inLanguage\":\"da-DK\"},{\"@type\":\"Organization\",\"@id\":\"https:\\\/\\\/powertowers.com\\\/nl\\\/#organization\",\"name\":\"Power Towers Ltd.\",\"url\":\"https:\\\/\\\/powertowers.com\\\/nl\\\/\",\"logo\":{\"@type\":\"ImageObject\",\"inLanguage\":\"da-DK\",\"@id\":\"https:\\\/\\\/powertowers.com\\\/nl\\\/#\\\/schema\\\/logo\\\/image\\\/\",\"url\":\"https:\\\/\\\/37.148.206.186\\\/wp-content\\\/uploads\\\/2021\\\/12\\\/power-towers-new-logo-outline-1024px.png\",\"contentUrl\":\"https:\\\/\\\/37.148.206.186\\\/wp-content\\\/uploads\\\/2021\\\/12\\\/power-towers-new-logo-outline-1024px.png\",\"width\":1024,\"height\":209,\"caption\":\"Power Towers Ltd.\"},\"image\":{\"@id\":\"https:\\\/\\\/powertowers.com\\\/nl\\\/#\\\/schema\\\/logo\\\/image\\\/\"}}]}<\/script>\n<!-- \/ Yoast SEO plugin. -->","yoast_head_json":{"title":"M\u00f8d Power Towers | Power Towers","description":"Power Towers blev grundlagt i 2007 og introducerede en innovativ l\u00f8sning til Low-Level Access, der erstatter stiger og stilladser.","robots":{"index":"index","follow":"follow","max-snippet":"max-snippet:-1","max-image-preview":"max-image-preview:large","max-video-preview":"max-video-preview:-1"},"canonical":"https:\/\/powertowers.com\/da\/om-os\/","og_locale":"da_DK","og_type":"article","og_title":"Meet Power Towers- Power Towers","og_description":"Power Towers was founded in 2007 and introduced an innovative solution for Low-Level Access, replacing ladders and scaffolding.","og_url":"https:\/\/powertowers.com\/da\/om-os\/","og_site_name":"Power Towers","article_modified_time":"2024-04-10T12:38:30+00:00","og_image":[{"url":"https:\/\/37.148.206.186\/wp-content\/uploads\/2022\/01\/PECOLIFT_APPLICATION_03.jpg","type":"","width":"","height":""}],"twitter_card":"summary_large_image","twitter_misc":{"Estimeret l\u00e6setid":"2 minutter"},"schema":{"@context":"https:\/\/schema.org","@graph":[{"@type":"WebPage","@id":"https:\/\/powertowers.com\/ro\/despre-noi\/","url":"https:\/\/powertowers.com\/ro\/despre-noi\/","name":"M\u00f8d Power Towers | Power Towers","isPartOf":{"@id":"https:\/\/powertowers.com\/nl\/#website"},"primaryImageOfPage":{"@id":"https:\/\/powertowers.com\/ro\/despre-noi\/#primaryimage"},"image":{"@id":"https:\/\/powertowers.com\/ro\/despre-noi\/#primaryimage"},"thumbnailUrl":"https:\/\/37.148.206.186\/wp-content\/uploads\/2022\/01\/PECOLIFT_APPLICATION_03.jpg","datePublished":"2021-12-14T16:57:14+00:00","dateModified":"2024-04-10T12:38:30+00:00","description":"Power Towers blev grundlagt i 2007 og introducerede en innovativ l\u00f8sning til Low-Level Access, der erstatter stiger og stilladser.","breadcrumb":{"@id":"https:\/\/powertowers.com\/ro\/despre-noi\/#breadcrumb"},"inLanguage":"da-DK","potentialAction":[{"@type":"ReadAction","target":["https:\/\/powertowers.com\/ro\/despre-noi\/"]}]},{"@type":"ImageObject","inLanguage":"da-DK","@id":"https:\/\/powertowers.com\/ro\/despre-noi\/#primaryimage","url":"https:\/\/37.148.206.186\/wp-content\/uploads\/2022\/01\/PECOLIFT_APPLICATION_03.jpg","contentUrl":"https:\/\/37.148.206.186\/wp-content\/uploads\/2022\/01\/PECOLIFT_APPLICATION_03.jpg"},{"@type":"BreadcrumbList","@id":"https:\/\/powertowers.com\/ro\/despre-noi\/#breadcrumb","itemListElement":[{"@type":"ListItem","position":1,"name":"Home","item":"https:\/\/powertowers.com\/nl\/"},{"@type":"ListItem","position":2,"name":"About us"}]},{"@type":"WebSite","@id":"https:\/\/powertowers.com\/nl\/#website","url":"https:\/\/powertowers.com\/nl\/","name":"Kraftt\u00e5rne","description":"Alternativet til stiger, podier og stilladser.","publisher":{"@id":"https:\/\/powertowers.com\/nl\/#organization"},"potentialAction":[{"@type":"SearchAction","target":{"@type":"EntryPoint","urlTemplate":"https:\/\/powertowers.com\/nl\/?s={search_term_string}"},"query-input":{"@type":"PropertyValueSpecification","valueRequired":true,"valueName":"search_term_string"}}],"inLanguage":"da-DK"},{"@type":"Organization","@id":"https:\/\/powertowers.com\/nl\/#organization","name":"Power Towers Ltd.","url":"https:\/\/powertowers.com\/nl\/","logo":{"@type":"ImageObject","inLanguage":"da-DK","@id":"https:\/\/powertowers.com\/nl\/#\/schema\/logo\/image\/","url":"https:\/\/37.148.206.186\/wp-content\/uploads\/2021\/12\/power-towers-new-logo-outline-1024px.png","contentUrl":"https:\/\/37.148.206.186\/wp-content\/uploads\/2021\/12\/power-towers-new-logo-outline-1024px.png","width":1024,"height":209,"caption":"Power Towers Ltd."},"image":{"@id":"https:\/\/powertowers.com\/nl\/#\/schema\/logo\/image\/"}}]}},"_links":{"self":[{"href":"https:\/\/powertowers.com\/da\/wp-json\/wp\/v2\/pages\/176","targetHints":{"allow":["GET"]}}],"collection":[{"href":"https:\/\/powertowers.com\/da\/wp-json\/wp\/v2\/pages"}],"about":[{"href":"https:\/\/powertowers.com\/da\/wp-json\/wp\/v2\/types\/page"}],"author":[{"embeddable":true,"href":"https:\/\/powertowers.com\/da\/wp-json\/wp\/v2\/users\/1"}],"replies":[{"embeddable":true,"href":"https:\/\/powertowers.com\/da\/wp-json\/wp\/v2\/comments?post=176"}],"version-history":[{"count":22,"href":"https:\/\/powertowers.com\/da\/wp-json\/wp\/v2\/pages\/176\/revisions"}],"predecessor-version":[{"id":4920,"href":"https:\/\/powertowers.com\/da\/wp-json\/wp\/v2\/pages\/176\/revisions\/4920"}],"wp:attachment":[{"href":"https:\/\/powertowers.com\/da\/wp-json\/wp\/v2\/media?parent=176"}],"curies":[{"name":"wp","href":"https:\/\/api.w.org\/{rel}","templated":true}]}}