{"id":176,"date":"2021-12-14T16:57:14","date_gmt":"2021-12-14T16:57:14","guid":{"rendered":"https:\/\/37.148.206.186\/?page_id=176"},"modified":"2024-04-10T14:38:30","modified_gmt":"2024-04-10T12:38:30","slug":"o-nas","status":"publish","type":"page","link":"https:\/\/powertowers.com\/cs\/about-us\/","title":{"rendered":"O n\u00e1s"},"content":{"rendered":"<div data-elementor-type=\"wp-page\" data-elementor-id=\"176\" class=\"elementor elementor-176\" data-elementor-post-type=\"page\">\n\t\t\t\t\t\t<section class=\"elementor-section elementor-top-section elementor-element elementor-element-cfdc8ca elementor-section-boxed elementor-section-height-default elementor-section-height-default elementor-invisible\" data-id=\"cfdc8ca\" data-element_type=\"section\" data-e-type=\"section\" data-settings=\"{&quot;animation&quot;:&quot;slideInRight&quot;}\">\n\t\t\t\t\t\t<div class=\"elementor-container elementor-column-gap-default\">\n\t\t\t\t\t<div class=\"elementor-column elementor-col-100 elementor-top-column elementor-element elementor-element-39173df\" data-id=\"39173df\" data-element_type=\"column\" data-e-type=\"column\">\n\t\t\t<div class=\"elementor-widget-wrap elementor-element-populated\">\n\t\t\t\t\t\t<div class=\"elementor-element elementor-element-199e1dd elementor-widget elementor-widget-heading\" data-id=\"199e1dd\" data-element_type=\"widget\" data-e-type=\"widget\" data-widget_type=\"heading.default\">\n\t\t\t\t<div class=\"elementor-widget-container\">\n\t\t\t\t\t<h1 class=\"elementor-heading-title elementor-size-default\">O v\u011b\u017e\u00edch Power Towers<\/h1>\t\t\t\t<\/div>\n\t\t\t\t<\/div>\n\t\t\t\t<div class=\"elementor-element elementor-element-367b9a5 elementor-widget elementor-widget-heading\" data-id=\"367b9a5\" data-element_type=\"widget\" data-e-type=\"widget\" data-widget_type=\"heading.default\">\n\t\t\t\t<div class=\"elementor-widget-container\">\n\t\t\t\t\t<h2 class=\"elementor-heading-title elementor-size-default\">P\u0159edn\u00ed v\u00fdrobce n\u00edzko\u00farov\u0148ov\u00fdch p\u0159\u00edstupov\u00fdch plo\u0161in<\/h2>\t\t\t\t<\/div>\n\t\t\t\t<\/div>\n\t\t\t\t\t<\/div>\n\t\t<\/div>\n\t\t\t\t\t<\/div>\n\t\t<\/section>\n\t\t\t\t<section class=\"elementor-section elementor-top-section elementor-element elementor-element-3b05c65 elementor-section-boxed elementor-section-height-default elementor-section-height-default elementor-invisible\" data-id=\"3b05c65\" data-element_type=\"section\" data-e-type=\"section\" data-settings=\"{&quot;background_background&quot;:&quot;classic&quot;,&quot;animation&quot;:&quot;slideInLeft&quot;}\">\n\t\t\t\t\t\t\t<div class=\"elementor-background-overlay\"><\/div>\n\t\t\t\t\t\t\t<div class=\"elementor-container elementor-column-gap-default\">\n\t\t\t\t\t<div class=\"elementor-column elementor-col-50 elementor-top-column elementor-element elementor-element-76b4ae5\" data-id=\"76b4ae5\" data-element_type=\"column\" data-e-type=\"column\">\n\t\t\t<div class=\"elementor-widget-wrap elementor-element-populated\">\n\t\t\t\t\t\t<div class=\"elementor-element elementor-element-b0029c3 elementor-widget elementor-widget-image\" data-id=\"b0029c3\" data-element_type=\"widget\" data-e-type=\"widget\" data-widget_type=\"image.default\">\n\t\t\t\t<div class=\"elementor-widget-container\">\n\t\t\t\t\t\t\t\t\t\t\t\t\t\t\t<img fetchpriority=\"high\" decoding=\"async\" width=\"521\" height=\"1080\" src=\"https:\/\/powertowers.com\/wp-content\/uploads\/2022\/01\/PECOLIFT_APPLICATION_03.jpg\" class=\"attachment-full size-full wp-image-972\" alt=\"Ergonomick\u00fd design produktov\u00e9 \u0159ady Power Towers, obsluha na plo\u0161in\u011b\" srcset=\"https:\/\/powertowers.com\/wp-content\/uploads\/2022\/01\/PECOLIFT_APPLICATION_03.jpg 521w, https:\/\/powertowers.com\/wp-content\/uploads\/2022\/01\/PECOLIFT_APPLICATION_03-145x300.jpg 145w, https:\/\/powertowers.com\/wp-content\/uploads\/2022\/01\/PECOLIFT_APPLICATION_03-494x1024.jpg 494w, https:\/\/powertowers.com\/wp-content\/uploads\/2022\/01\/PECOLIFT_APPLICATION_03-6x12.jpg 6w\" sizes=\"(max-width: 34.9rem) calc(100vw - 2rem), (max-width: 53rem) calc(8 * (100vw \/ 12)), (min-width: 53rem) calc(6 * (100vw \/ 12)), 100vw\" \/>\t\t\t\t\t\t\t\t\t\t\t\t\t\t\t<\/div>\n\t\t\t\t<\/div>\n\t\t\t\t\t<\/div>\n\t\t<\/div>\n\t\t\t\t<div class=\"elementor-column elementor-col-50 elementor-top-column elementor-element elementor-element-cbc0dd3\" data-id=\"cbc0dd3\" data-element_type=\"column\" data-e-type=\"column\" data-settings=\"{&quot;background_background&quot;:&quot;classic&quot;}\">\n\t\t\t<div class=\"elementor-widget-wrap elementor-element-populated\">\n\t\t\t\t\t\t<div class=\"elementor-element elementor-element-e6a82bb elementor-widget elementor-widget-text-editor\" data-id=\"e6a82bb\" data-element_type=\"widget\" data-e-type=\"widget\" data-widget_type=\"text-editor.default\">\n\t\t\t\t<div class=\"elementor-widget-container\">\n\t\t\t\t\t\t\t\t\t<p>Bezpe\u010dnost pro\u0161la dlouhou cestou; ploch\u00fd \u017eeb\u0159\u00edk si nechal patentovat John H. Balsley v roce 1862. Ve Velk\u00e9 Brit\u00e1nii a\u017e do roku 2005 znamenal p\u0159\u00edstup na n\u00edzk\u00e9 \u00farovni tradi\u010dn\u00ed sch\u016fdky, \u017eeb\u0159\u00edky a poj\u00edzdn\u00e1 le\u0161en\u00ed. To se zm\u011bnilo, kdy\u017e HSE zavedla na\u0159\u00edzen\u00ed o pr\u00e1ci ve v\u00fd\u0161k\u00e1ch, kter\u00e9 omezilo pou\u017e\u00edv\u00e1n\u00ed tradi\u010dn\u00edch forem n\u00edzko\u00farov\u0148ov\u00e9ho p\u0159\u00edstupu. Kr\u00e1tce pot\u00e9, v roce 2007, spole\u010dnost Power Towers Ltd. (Power Towers), kter\u00e1 p\u0159edstavila nov\u00e9 inovativn\u00ed \u0159e\u0161en\u00ed pro n\u00edzko\u00farov\u0148ov\u00fd p\u0159\u00edstup s pohonem. Nyn\u00ed tento pojem zahrnuje zcela nov\u00e9 specializovan\u00e9 odv\u011btv\u00ed v r\u00e1mci odv\u011btv\u00ed motorov\u00fdch p\u0159\u00edstup\u016f, kter\u00e9 zv\u00fd\u0161ilo bezpe\u010dnost i efektivitu.<\/p>\n<p>Spole\u010dnost Power Towers, pln\u011b vlastn\u011bn\u00e1 dce\u0159in\u00e1 spole\u010dnost spole\u010dnosti JLG industries Inc. (JLG), navrhuje a vyr\u00e1b\u00ed svou \u0159adu p\u0159\u00edstupov\u00fdch plo\u0161in v\u00fdhradn\u011b ve Spojen\u00e9m kr\u00e1lovstv\u00ed. Spole\u010dnost JLG je p\u0159edn\u00edm sv\u011btov\u00fdm dodavatelem mobiln\u00edch zdvi\u017en\u00fdch pracovn\u00edch plo\u0161in, kter\u00fd byl zalo\u017een v roce 1969 a nyn\u00ed m\u00e1 pobo\u010dky po cel\u00e9m sv\u011bt\u011b. V roce 2015 spole\u010dnost JLG koupila spole\u010dnost Power Towers, aby tuto inovaci roz\u0161\u00ed\u0159ila po cel\u00e9m sv\u011bt\u011b a poskytla bezpe\u010dn\u011bj\u0161\u00ed a udr\u017eiteln\u011bj\u0161\u00ed alternativy pro pr\u00e1ci v n\u00edzk\u00fdch v\u00fd\u0161k\u00e1ch.<\/p>\n<p>\u0160irok\u00e1 nab\u00eddka spole\u010dnosti Power Towers zahrnuje osm stroj\u016f: t\u0159i ru\u010dn\u00ed zdvihac\u00ed stroje s tla\u010den\u00edm (Pecolift, Ecolift a Ecolift WR), \u010dty\u0159i elektrick\u00e9 zdvihac\u00ed stroje s tla\u010den\u00edm (Nano 25, Nano 35, Power Tower a Power Tower Duo) a dva samohybn\u00e9 stroje (Nano SP a Nano SP Plus). Jedn\u00e1 se o vedouc\u00ed \u0159adu \u0159e\u0161en\u00ed v oblasti n\u00edzkozdvi\u017en\u00fdch plo\u0161in.<\/p>\n<p>Pecolift a Ecolift byly p\u0159edstaveny v roce 2013 jako inovativn\u00ed a jedine\u010dn\u00e9 \u0159e\u0161en\u00ed ve Velk\u00e9 Brit\u00e1nii jako alternativa k \u017eeb\u0159\u00edk\u016fm a p\u00f3di\u00edm. Od t\u00e9 doby je jejich p\u0159ijet\u00ed ve Velk\u00e9 Brit\u00e1nii i ve sv\u011bt\u011b bezkonkuren\u010dn\u00ed a jejich pou\u017e\u00edv\u00e1n\u00ed je nyn\u00ed pova\u017eov\u00e1no za osv\u011bd\u010den\u00fd postup nam\u00edsto \u017eeb\u0159\u00edk\u016f a p\u00f3di\u00ed. Jsou uzn\u00e1v\u00e1ny nejen pro zv\u00fd\u0161en\u00ed bezpe\u010dnosti, ale tak\u00e9 pro svou jednoduchost, \u00fa\u010dinnost a lep\u0161\u00ed ergonomii obsluhy.<\/p>\n<p>V\u0161echny v\u00fdrobky Power Towers se pou\u017e\u00edvaj\u00ed jednodu\u0161e, bezpe\u010dn\u011b, ergonomicky a efektivn\u011b. Ve srovn\u00e1n\u00ed s tradi\u010dn\u00edmi alternativami v\u00fdrazn\u011b zkracuj\u00ed pracovn\u00ed dobu a p\u0159edstavuj\u00ed vynikaj\u00edc\u00ed hodnotu.<\/p>\n<p>Spole\u010dnosti JLG a Power Towers vytv\u00e1\u0159ej\u00ed nov\u00fd standard pro pr\u00e1ci ve v\u00fd\u0161k\u00e1ch do 5,1 m a z\u00e1rove\u0148 obohacuj\u00ed \u017eivoty t\u00edm, \u017ee nov\u011b definuj\u00ed pracovn\u00ed m\u00edsta.<\/p>\t\t\t\t\t\t\t\t<\/div>\n\t\t\t\t<\/div>\n\t\t\t\t\t<\/div>\n\t\t<\/div>\n\t\t\t\t\t<\/div>\n\t\t<\/section>\n\t\t\t\t<section class=\"elementor-section elementor-top-section elementor-element elementor-element-5ca4167 elementor-section-boxed elementor-section-height-default elementor-section-height-default elementor-invisible\" data-id=\"5ca4167\" data-element_type=\"section\" data-e-type=\"section\" data-settings=\"{&quot;animation&quot;:&quot;slideInUp&quot;}\">\n\t\t\t\t\t\t<div class=\"elementor-container elementor-column-gap-default\">\n\t\t\t\t\t<div class=\"elementor-column elementor-col-100 elementor-top-column elementor-element elementor-element-c8466f4\" data-id=\"c8466f4\" data-element_type=\"column\" data-e-type=\"column\">\n\t\t\t<div class=\"elementor-widget-wrap elementor-element-populated\">\n\t\t\t\t\t\t<div class=\"elementor-element elementor-element-82d31dd elementor-widget elementor-widget-video\" data-id=\"82d31dd\" data-element_type=\"widget\" data-e-type=\"widget\" data-settings=\"{&quot;youtube_url&quot;:&quot;https:\\\/\\\/www.youtube.com\\\/watch?v=u-NHU_XUsI8&amp;t=3s &quot;,&quot;video_type&quot;:&quot;youtube&quot;,&quot;controls&quot;:&quot;yes&quot;}\" data-widget_type=\"video.default\">\n\t\t\t\t<div class=\"elementor-widget-container\">\n\t\t\t\t\t\t\t<div class=\"elementor-wrapper elementor-open-inline\">\n\t\t\t<div class=\"elementor-video\"><\/div>\t\t<\/div>\n\t\t\t\t\t\t<\/div>\n\t\t\t\t<\/div>\n\t\t\t\t\t<\/div>\n\t\t<\/div>\n\t\t\t\t\t<\/div>\n\t\t<\/section>\n\t\t<div class=\"elementor-element elementor-element-bc7a4f4 e-flex e-con-boxed e-con e-parent\" data-id=\"bc7a4f4\" data-element_type=\"container\" data-e-type=\"container\">\n\t\t\t\t\t<div class=\"e-con-inner\">\n\t\t\t\t<div class=\"elementor-element elementor-element-1cdb84c elementor-widget elementor-widget-image\" data-id=\"1cdb84c\" data-element_type=\"widget\" data-e-type=\"widget\" data-widget_type=\"image.default\">\n\t\t\t\t<div class=\"elementor-widget-container\">\n\t\t\t\t\t\t\t\t\t\t\t\t\t\t\t<img decoding=\"async\" width=\"6912\" height=\"3456\" src=\"https:\/\/powertowers.com\/wp-content\/uploads\/2024\/04\/Power-towers-timeline.png\" class=\"attachment-full size-full wp-image-4785\" alt=\"Historie v\u011b\u017e\u00ed Power Towers\" srcset=\"https:\/\/powertowers.com\/wp-content\/uploads\/2024\/04\/Power-towers-timeline.png 6912w, https:\/\/powertowers.com\/wp-content\/uploads\/2024\/04\/Power-towers-timeline-300x150.png 300w, https:\/\/powertowers.com\/wp-content\/uploads\/2024\/04\/Power-towers-timeline-1024x512.png 1024w, https:\/\/powertowers.com\/wp-content\/uploads\/2024\/04\/Power-towers-timeline-768x384.png 768w, https:\/\/powertowers.com\/wp-content\/uploads\/2024\/04\/Power-towers-timeline-1536x768.png 1536w, https:\/\/powertowers.com\/wp-content\/uploads\/2024\/04\/Power-towers-timeline-2048x1024.png 2048w, https:\/\/powertowers.com\/wp-content\/uploads\/2024\/04\/Power-towers-timeline-18x9.png 18w, https:\/\/powertowers.com\/wp-content\/uploads\/2024\/04\/Power-towers-timeline-1568x784.png 1568w\" sizes=\"(max-width: 34.9rem) calc(100vw - 2rem), (max-width: 53rem) calc(8 * (100vw \/ 12)), (min-width: 53rem) calc(6 * (100vw \/ 12)), 100vw\" \/>\t\t\t\t\t\t\t\t\t\t\t\t\t\t\t<\/div>\n\t\t\t\t<\/div>\n\t\t\t\t\t<\/div>\n\t\t\t\t<\/div>\n\t\t\t\t<\/div>","protected":false},"excerpt":{"rendered":"<p>O spole\u010dnosti Power Towers P\u0159edn\u00ed v\u00fdrobce n\u00edzkozdvi\u017en\u00fdch plo\u0161in Bezpe\u010dnost urazila dlouhou cestu; ploch\u00fd p\u0159\u00ed\u010dkov\u00fd \u017eeb\u0159\u00edk patentoval John H. Balsley v roce 1862. Ve Spojen\u00e9m kr\u00e1lovstv\u00ed a\u017e do roku 2005 znamenal p\u0159\u00edstup na n\u00edzk\u00e9 \u00farovni tradi\u010dn\u00ed p\u00f3diov\u00e9 sch\u016fdky, \u017eeb\u0159\u00edky a poj\u00edzdn\u00e1 le\u0161en\u00ed. To se zm\u011bnilo, kdy\u017e HSE zavedla na\u0159\u00edzen\u00ed o pr\u00e1ci ve v\u00fd\u0161k\u00e1ch, kter\u00e9 omezilo ... <\/p>\n<p class=\"link-more\"><a href=\"https:\/\/powertowers.com\/cs\/about-us\/\" class=\"more-link\">Pokra\u010dovat ve \u010dten\u00ed<span class=\"screen-reader-text\"> \"O n\u00e1s\"<\/span><\/a><\/p>","protected":false},"author":1,"featured_media":0,"parent":0,"menu_order":0,"comment_status":"closed","ping_status":"closed","template":"elementor_header_footer","meta":{"content-type":"","footnotes":""},"class_list":["post-176","page","type-page","status-publish","hentry","entry"],"yoast_head":"<!-- This site is optimized with the Yoast SEO plugin v27.3 - https:\/\/yoast.com\/product\/yoast-seo-wordpress\/ -->\n<title>Meet Power Towers- Power Towers<\/title>\n<meta name=\"description\" content=\"Power Towers was founded in 2007 and introduced an innovative solution for Low-Level Access, replacing ladders and scaffolding.\" \/>\n<meta name=\"robots\" content=\"index, follow, max-snippet:-1, max-image-preview:large, max-video-preview:-1\" \/>\n<link rel=\"canonical\" href=\"https:\/\/powertowers.com\/cs\/o-nas\/\" \/>\n<meta property=\"og:locale\" content=\"cs_CZ\" \/>\n<meta property=\"og:type\" content=\"article\" \/>\n<meta property=\"og:title\" content=\"Meet Power Towers- Power Towers\" \/>\n<meta property=\"og:description\" content=\"Power Towers was founded in 2007 and introduced an innovative solution for Low-Level Access, replacing ladders and scaffolding.\" \/>\n<meta property=\"og:url\" content=\"https:\/\/powertowers.com\/cs\/o-nas\/\" \/>\n<meta property=\"og:site_name\" content=\"Power Towers\" \/>\n<meta property=\"article:modified_time\" content=\"2024-04-10T12:38:30+00:00\" \/>\n<meta property=\"og:image\" content=\"https:\/\/37.148.206.186\/wp-content\/uploads\/2022\/01\/PECOLIFT_APPLICATION_03.jpg\" \/>\n<meta name=\"twitter:card\" content=\"summary_large_image\" \/>\n<meta name=\"twitter:label1\" content=\"Odhadovan\u00e1 doba \u010dten\u00ed\" \/>\n\t<meta name=\"twitter:data1\" content=\"2 minuty\" \/>\n<script type=\"application\/ld+json\" class=\"yoast-schema-graph\">{\"@context\":\"https:\\\/\\\/schema.org\",\"@graph\":[{\"@type\":\"WebPage\",\"@id\":\"https:\\\/\\\/powertowers.com\\\/ro\\\/despre-noi\\\/\",\"url\":\"https:\\\/\\\/powertowers.com\\\/ro\\\/despre-noi\\\/\",\"name\":\"Meet Power Towers- Power Towers\",\"isPartOf\":{\"@id\":\"https:\\\/\\\/powertowers.com\\\/nl\\\/#website\"},\"primaryImageOfPage\":{\"@id\":\"https:\\\/\\\/powertowers.com\\\/ro\\\/despre-noi\\\/#primaryimage\"},\"image\":{\"@id\":\"https:\\\/\\\/powertowers.com\\\/ro\\\/despre-noi\\\/#primaryimage\"},\"thumbnailUrl\":\"https:\\\/\\\/37.148.206.186\\\/wp-content\\\/uploads\\\/2022\\\/01\\\/PECOLIFT_APPLICATION_03.jpg\",\"datePublished\":\"2021-12-14T16:57:14+00:00\",\"dateModified\":\"2024-04-10T12:38:30+00:00\",\"description\":\"Power Towers was founded in 2007 and introduced an innovative solution for Low-Level Access, replacing ladders and scaffolding.\",\"breadcrumb\":{\"@id\":\"https:\\\/\\\/powertowers.com\\\/ro\\\/despre-noi\\\/#breadcrumb\"},\"inLanguage\":\"cs\",\"potentialAction\":[{\"@type\":\"ReadAction\",\"target\":[\"https:\\\/\\\/powertowers.com\\\/ro\\\/despre-noi\\\/\"]}]},{\"@type\":\"ImageObject\",\"inLanguage\":\"cs\",\"@id\":\"https:\\\/\\\/powertowers.com\\\/ro\\\/despre-noi\\\/#primaryimage\",\"url\":\"https:\\\/\\\/37.148.206.186\\\/wp-content\\\/uploads\\\/2022\\\/01\\\/PECOLIFT_APPLICATION_03.jpg\",\"contentUrl\":\"https:\\\/\\\/37.148.206.186\\\/wp-content\\\/uploads\\\/2022\\\/01\\\/PECOLIFT_APPLICATION_03.jpg\"},{\"@type\":\"BreadcrumbList\",\"@id\":\"https:\\\/\\\/powertowers.com\\\/ro\\\/despre-noi\\\/#breadcrumb\",\"itemListElement\":[{\"@type\":\"ListItem\",\"position\":1,\"name\":\"Home\",\"item\":\"https:\\\/\\\/powertowers.com\\\/nl\\\/\"},{\"@type\":\"ListItem\",\"position\":2,\"name\":\"About us\"}]},{\"@type\":\"WebSite\",\"@id\":\"https:\\\/\\\/powertowers.com\\\/nl\\\/#website\",\"url\":\"https:\\\/\\\/powertowers.com\\\/nl\\\/\",\"name\":\"Power Towers\",\"description\":\"The alternative to ladders, podiums and scaffolding.\",\"publisher\":{\"@id\":\"https:\\\/\\\/powertowers.com\\\/nl\\\/#organization\"},\"potentialAction\":[{\"@type\":\"SearchAction\",\"target\":{\"@type\":\"EntryPoint\",\"urlTemplate\":\"https:\\\/\\\/powertowers.com\\\/nl\\\/?s={search_term_string}\"},\"query-input\":{\"@type\":\"PropertyValueSpecification\",\"valueRequired\":true,\"valueName\":\"search_term_string\"}}],\"inLanguage\":\"cs\"},{\"@type\":\"Organization\",\"@id\":\"https:\\\/\\\/powertowers.com\\\/nl\\\/#organization\",\"name\":\"Power Towers Ltd.\",\"url\":\"https:\\\/\\\/powertowers.com\\\/nl\\\/\",\"logo\":{\"@type\":\"ImageObject\",\"inLanguage\":\"cs\",\"@id\":\"https:\\\/\\\/powertowers.com\\\/nl\\\/#\\\/schema\\\/logo\\\/image\\\/\",\"url\":\"https:\\\/\\\/37.148.206.186\\\/wp-content\\\/uploads\\\/2021\\\/12\\\/power-towers-new-logo-outline-1024px.png\",\"contentUrl\":\"https:\\\/\\\/37.148.206.186\\\/wp-content\\\/uploads\\\/2021\\\/12\\\/power-towers-new-logo-outline-1024px.png\",\"width\":1024,\"height\":209,\"caption\":\"Power Towers Ltd.\"},\"image\":{\"@id\":\"https:\\\/\\\/powertowers.com\\\/nl\\\/#\\\/schema\\\/logo\\\/image\\\/\"}}]}<\/script>\n<!-- \/ Yoast SEO plugin. -->","yoast_head_json":{"title":"Seznamte se s Power Towers | Power Towers","description":"Spole\u010dnost Power Towers byla zalo\u017eena v roce 2007 a p\u0159edstavila inovativn\u00ed \u0159e\u0161en\u00ed pro n\u00edzko\u00farov\u0148ov\u00fd p\u0159\u00edstup, kter\u00e9 nahrazuje \u017eeb\u0159\u00edky a le\u0161en\u00ed.","robots":{"index":"index","follow":"follow","max-snippet":"max-snippet:-1","max-image-preview":"max-image-preview:large","max-video-preview":"max-video-preview:-1"},"canonical":"https:\/\/powertowers.com\/cs\/o-nas\/","og_locale":"cs_CZ","og_type":"article","og_title":"Meet Power Towers- Power Towers","og_description":"Power Towers was founded in 2007 and introduced an innovative solution for Low-Level Access, replacing ladders and scaffolding.","og_url":"https:\/\/powertowers.com\/cs\/o-nas\/","og_site_name":"Power Towers","article_modified_time":"2024-04-10T12:38:30+00:00","og_image":[{"url":"https:\/\/37.148.206.186\/wp-content\/uploads\/2022\/01\/PECOLIFT_APPLICATION_03.jpg","type":"","width":"","height":""}],"twitter_card":"summary_large_image","twitter_misc":{"Odhadovan\u00e1 doba \u010dten\u00ed":"2 minuty"},"schema":{"@context":"https:\/\/schema.org","@graph":[{"@type":"WebPage","@id":"https:\/\/powertowers.com\/ro\/despre-noi\/","url":"https:\/\/powertowers.com\/ro\/despre-noi\/","name":"Seznamte se s Power Towers | Power Towers","isPartOf":{"@id":"https:\/\/powertowers.com\/nl\/#website"},"primaryImageOfPage":{"@id":"https:\/\/powertowers.com\/ro\/despre-noi\/#primaryimage"},"image":{"@id":"https:\/\/powertowers.com\/ro\/despre-noi\/#primaryimage"},"thumbnailUrl":"https:\/\/37.148.206.186\/wp-content\/uploads\/2022\/01\/PECOLIFT_APPLICATION_03.jpg","datePublished":"2021-12-14T16:57:14+00:00","dateModified":"2024-04-10T12:38:30+00:00","description":"Spole\u010dnost Power Towers byla zalo\u017eena v roce 2007 a p\u0159edstavila inovativn\u00ed \u0159e\u0161en\u00ed pro n\u00edzko\u00farov\u0148ov\u00fd p\u0159\u00edstup, kter\u00e9 nahrazuje \u017eeb\u0159\u00edky a le\u0161en\u00ed.","breadcrumb":{"@id":"https:\/\/powertowers.com\/ro\/despre-noi\/#breadcrumb"},"inLanguage":"cs","potentialAction":[{"@type":"ReadAction","target":["https:\/\/powertowers.com\/ro\/despre-noi\/"]}]},{"@type":"ImageObject","inLanguage":"cs","@id":"https:\/\/powertowers.com\/ro\/despre-noi\/#primaryimage","url":"https:\/\/37.148.206.186\/wp-content\/uploads\/2022\/01\/PECOLIFT_APPLICATION_03.jpg","contentUrl":"https:\/\/37.148.206.186\/wp-content\/uploads\/2022\/01\/PECOLIFT_APPLICATION_03.jpg"},{"@type":"BreadcrumbList","@id":"https:\/\/powertowers.com\/ro\/despre-noi\/#breadcrumb","itemListElement":[{"@type":"ListItem","position":1,"name":"Home","item":"https:\/\/powertowers.com\/nl\/"},{"@type":"ListItem","position":2,"name":"About us"}]},{"@type":"WebSite","@id":"https:\/\/powertowers.com\/nl\/#website","url":"https:\/\/powertowers.com\/nl\/","name":"Energetick\u00e9 v\u011b\u017ee","description":"Alternativa \u017eeb\u0159\u00edk\u016f, p\u00f3di\u00ed a le\u0161en\u00ed.","publisher":{"@id":"https:\/\/powertowers.com\/nl\/#organization"},"potentialAction":[{"@type":"SearchAction","target":{"@type":"EntryPoint","urlTemplate":"https:\/\/powertowers.com\/nl\/?s={search_term_string}"},"query-input":{"@type":"PropertyValueSpecification","valueRequired":true,"valueName":"search_term_string"}}],"inLanguage":"cs"},{"@type":"Organization","@id":"https:\/\/powertowers.com\/nl\/#organization","name":"Power Towers Ltd.","url":"https:\/\/powertowers.com\/nl\/","logo":{"@type":"ImageObject","inLanguage":"cs","@id":"https:\/\/powertowers.com\/nl\/#\/schema\/logo\/image\/","url":"https:\/\/37.148.206.186\/wp-content\/uploads\/2021\/12\/power-towers-new-logo-outline-1024px.png","contentUrl":"https:\/\/37.148.206.186\/wp-content\/uploads\/2021\/12\/power-towers-new-logo-outline-1024px.png","width":1024,"height":209,"caption":"Power Towers Ltd."},"image":{"@id":"https:\/\/powertowers.com\/nl\/#\/schema\/logo\/image\/"}}]}},"_links":{"self":[{"href":"https:\/\/powertowers.com\/cs\/wp-json\/wp\/v2\/pages\/176","targetHints":{"allow":["GET"]}}],"collection":[{"href":"https:\/\/powertowers.com\/cs\/wp-json\/wp\/v2\/pages"}],"about":[{"href":"https:\/\/powertowers.com\/cs\/wp-json\/wp\/v2\/types\/page"}],"author":[{"embeddable":true,"href":"https:\/\/powertowers.com\/cs\/wp-json\/wp\/v2\/users\/1"}],"replies":[{"embeddable":true,"href":"https:\/\/powertowers.com\/cs\/wp-json\/wp\/v2\/comments?post=176"}],"version-history":[{"count":22,"href":"https:\/\/powertowers.com\/cs\/wp-json\/wp\/v2\/pages\/176\/revisions"}],"predecessor-version":[{"id":4920,"href":"https:\/\/powertowers.com\/cs\/wp-json\/wp\/v2\/pages\/176\/revisions\/4920"}],"wp:attachment":[{"href":"https:\/\/powertowers.com\/cs\/wp-json\/wp\/v2\/media?parent=176"}],"curies":[{"name":"wp","href":"https:\/\/api.w.org\/{rel}","templated":true}]}}